{"id":26837,"date":"2022-03-06T23:18:02","date_gmt":"2022-03-06T22:18:02","guid":{"rendered":"https:\/\/somllavors.com\/politica-de-devoluciones\/"},"modified":"2024-11-02T15:04:05","modified_gmt":"2024-11-02T14:04:05","slug":"politica-de-devoluciones","status":"publish","type":"page","link":"https:\/\/somllavors.com\/es\/politica-de-devoluciones","title":{"rendered":"Pol\u00edtica de devoluciones"},"content":{"rendered":"\n<p><\/p>\n\n\n\n<p>Pol\u00edtica de devoluciones:<\/p>\n\n\n\n<p>Tienes 10 d\u00edas naturales desde la fecha de entrega del pedido para realizar la devoluci\u00f3n informando al correo electr\u00f3nico <a>info@somllavors.com<\/a> los productos y los motivos de la devoluci\u00f3n. El producto debe estar en perfectas condiciones y con su embalaje original, tambi\u00e9n en perfectas condiciones.<\/p>\n\n\n\n<p>Es importante que se compruebe el estado del paquete antes de que el repartidor se marche ya que si ha sufrido alg\u00fan da\u00f1o durante el transporte es la propia empresa de reparto quien debe certificar que el mal estado de la entrega es responsabilidad suya y asumir el coste que se pueda derivar.<\/p>\n\n\n\n<p>En caso de recibir un paquete da\u00f1ado se debe firmar el recibimiento del mismo, especificando el mal estado del producto para proceder posteriormente a la gesti\u00f3n de la devoluci\u00f3n si realmente fuera necesaria.<\/p>\n\n\n\n<p>Los productos devueltos se podr\u00e1n cambiar por cualquier otro producto de la tienda. En el caso de que no se quiera nada, se har\u00e1 un cheque regalo para poder gastarlo en cualquier otro momento, que tendr\u00e1 una validez de hasta 12 meses.<\/p>\n\n\n\n<p>Devoluci\u00f3n de los productos:<\/p>\n\n\n\n<ul class=\"wp-block-list\">\n<li>Deben contener el embalaje original en el mismo estado en el que se ha recibido.<\/li>\n<\/ul>\n\n\n\n<ul class=\"wp-block-list\">\n<li>En todos los casos, los gastos de env\u00edo ir\u00e1n a cargo del\/la cliente\/a final, por este motivo facilitamos, si lo necesit\u00e1is, un asesoramiento completo y una gu\u00eda detallada para ayudaros a elegir mejor la talla de los zapatos o vuestras necesidades en caso de otros productos.<\/li>\n<\/ul>\n\n\n\n<ul class=\"wp-block-list\">\n<li>No se aceptar\u00e1n devoluciones si los colores o estampados no satisfacen vuestros gustos ya que consideramos que las im\u00e1genes ofrecidas en el entorno web y en las redes sociales son lo suficientemente v\u00e1lidas como para que pod\u00e1is elegir con garant\u00edas.<\/li>\n<\/ul>\n\n\n\n<p>Productos no retornables bajo ning\u00fan ciscumstancia:<\/p>\n\n\n\n<ul class=\"wp-block-list\">\n<li>Productos personalizados, estampados o modificados por encargo<\/li>\n<\/ul>\n\n\n\n<p><\/p>\n\n\n\n<ul class=\"wp-block-list\">\n<li>Productos encargados por cat\u00e1logo<\/li>\n<\/ul>\n\n\n\n<p><\/p>\n\n\n\n<ul class=\"wp-block-list\">\n<li>Cheques Regalo<\/li>\n<\/ul>\n\n\n\n<p><\/p>\n\n\n\n<ul class=\"wp-block-list\">\n<li>Asesoramientos individualizados con cita previa ya concertada<\/li>\n<\/ul>\n\n\n\n<p><\/p>\n\n\n\n<ul class=\"wp-block-list\">\n<li>Productos de higiene \u00edntima o pa\u00f1ales de tela<\/li>\n<\/ul>\n\n\n\n<p><\/p>\n\n\n\n<p>Con el fin de efectuar una devoluci\u00f3n os pedimos que nos hag\u00e1is llegar el producto a la siguiente direcci\u00f3n: C\/ aigua, 6, Local Comercial, 08800 Vilanova i la Geltr\u00fa.<\/p>\n\n\n\n<p>Contacta con nosotros a trav\u00e9s del correo electr\u00f3nico info@somllavors.com o llamando al (+34) 623 152 704.<\/p>\n","protected":false},"excerpt":{"rendered":"<p>Pol\u00edtica de devoluciones: Tienes 10 d\u00edas naturales desde la fecha de entrega del pedido para realizar la devoluci\u00f3n informando al correo electr\u00f3nico info@somllavors.com los productos y los motivos de la devoluci\u00f3n. El producto debe estar en perfectas condiciones y con su embalaje original, tambi\u00e9n en perfectas condiciones. Es importante que se compruebe el estado del [&hellip;]<\/p>\n","protected":false},"author":1,"featured_media":0,"parent":0,"menu_order":0,"comment_status":"closed","ping_status":"closed","template":"","meta":{"_acf_changed":false,"site-sidebar-layout":"default","site-content-layout":"","ast-site-content-layout":"default","site-content-style":"default","site-sidebar-style":"default","ast-global-header-display":"","ast-banner-title-visibility":"","ast-main-header-display":"","ast-hfb-above-header-display":"","ast-hfb-below-header-display":"","ast-hfb-mobile-header-display":"","site-post-title":"","ast-breadcrumbs-content":"","ast-featured-img":"","footer-sml-layout":"","ast-disable-related-posts":"","theme-transparent-header-meta":"","adv-header-id-meta":"","stick-header-meta":"","header-above-stick-meta":"","header-main-stick-meta":"","header-below-stick-meta":"","astra-migrate-meta-layouts":"set","ast-page-background-enabled":"default","ast-page-background-meta":{"desktop":{"background-color":"","background-image":"","background-repeat":"repeat","background-position":"center center","background-size":"auto","background-attachment":"scroll","background-type":"","background-media":"","overlay-type":"","overlay-color":"","overlay-opacity":"","overlay-gradient":""},"tablet":{"background-color":"","background-image":"","background-repeat":"repeat","background-position":"center center","background-size":"auto","background-attachment":"scroll","background-type":"","background-media":"","overlay-type":"","overlay-color":"","overlay-opacity":"","overlay-gradient":""},"mobile":{"background-color":"","background-image":"","background-repeat":"repeat","background-position":"center center","background-size":"auto","background-attachment":"scroll","background-type":"","background-media":"","overlay-type":"","overlay-color":"","overlay-opacity":"","overlay-gradient":""}},"ast-content-background-meta":{"desktop":{"background-color":"var(--ast-global-color-5)","background-image":"","background-repeat":"repeat","background-position":"center center","background-size":"auto","background-attachment":"scroll","background-type":"","background-media":"","overlay-type":"","overlay-color":"","overlay-opacity":"","overlay-gradient":""},"tablet":{"background-color":"var(--ast-global-color-5)","background-image":"","background-repeat":"repeat","background-position":"center center","background-size":"auto","background-attachment":"scroll","background-type":"","background-media":"","overlay-type":"","overlay-color":"","overlay-opacity":"","overlay-gradient":""},"mobile":{"background-color":"var(--ast-global-color-5)","background-image":"","background-repeat":"repeat","background-position":"center center","background-size":"auto","background-attachment":"scroll","background-type":"","background-media":"","overlay-type":"","overlay-color":"","overlay-opacity":"","overlay-gradient":""}},"footnotes":""},"class_list":["post-26837","page","type-page","status-publish","hentry"],"acf":[],"yoast_head":"<!-- This site is optimized with the Yoast SEO Premium plugin v18.3 (Yoast SEO v27.4) - https:\/\/yoast.com\/product\/yoast-seo-premium-wordpress\/ -->\n<title>Pol\u00edtica de devoluciones &#8212; Som Llavors<\/title>\n<meta name=\"description\" content=\"Pol\u00edtica de devoluciones: Tienes 10 d\u00edas naturales desde la fecha de entrega del pedido para realizar la devoluci\u00f3n informando al correo electr\u00f3nico\" \/>\n<meta name=\"robots\" content=\"index, follow, max-snippet:-1, max-image-preview:large, max-video-preview:-1\" \/>\n<link rel=\"canonical\" href=\"https:\/\/somllavors.com\/es\/politica-de-devoluciones\" \/>\n<meta property=\"og:locale\" content=\"es_ES\" \/>\n<meta property=\"og:type\" content=\"article\" \/>\n<meta property=\"og:title\" content=\"Pol\u00edtica de devoluciones\" \/>\n<meta property=\"og:description\" content=\"La teva botiga d\u2019ecocrian\u00e7a i espai d\u2019acompanyament a la maternitat\" \/>\n<meta property=\"og:url\" content=\"https:\/\/somllavors.com\/es\/politica-de-devoluciones\" \/>\n<meta property=\"og:site_name\" content=\"Som Llavors\" \/>\n<meta property=\"article:publisher\" content=\"https:\/\/www.facebook.com\/somllavorsvng\/?locale=ca_ES\" \/>\n<meta property=\"article:modified_time\" content=\"2024-11-02T14:04:05+00:00\" \/>\n<meta property=\"og:image\" content=\"https:\/\/somllavors.com\/wp-content\/uploads\/Logotip-Som-Llavors.jpg\" \/>\n\t<meta property=\"og:image:width\" content=\"1444\" \/>\n\t<meta property=\"og:image:height\" content=\"1323\" \/>\n\t<meta property=\"og:image:type\" content=\"image\/jpeg\" \/>\n<meta name=\"twitter:card\" content=\"summary_large_image\" \/>\n<meta name=\"twitter:label1\" content=\"Tiempo de lectura\" \/>\n\t<meta name=\"twitter:data1\" content=\"2 minutos\" \/>\n<script type=\"application\/ld+json\" class=\"yoast-schema-graph\">{\"@context\":\"https:\\\/\\\/schema.org\",\"@graph\":[{\"@type\":\"WebPage\",\"@id\":\"https:\\\/\\\/somllavors.com\\\/es\\\/politica-de-devoluciones\",\"url\":\"https:\\\/\\\/somllavors.com\\\/es\\\/politica-de-devoluciones\",\"name\":\"Pol\u00edtica de devoluciones &#8212; Som Llavors\",\"isPartOf\":{\"@id\":\"https:\\\/\\\/somllavors.com\\\/es#website\"},\"datePublished\":\"2022-03-06T22:18:02+00:00\",\"dateModified\":\"2024-11-02T14:04:05+00:00\",\"description\":\"Pol\u00edtica de devoluciones: Tienes 10 d\u00edas naturales desde la fecha de entrega del pedido para realizar la devoluci\u00f3n informando al correo electr\u00f3nico\",\"breadcrumb\":{\"@id\":\"https:\\\/\\\/somllavors.com\\\/es\\\/politica-de-devoluciones#breadcrumb\"},\"inLanguage\":\"es\",\"potentialAction\":[{\"@type\":\"ReadAction\",\"target\":[\"https:\\\/\\\/somllavors.com\\\/es\\\/politica-de-devoluciones\"]}]},{\"@type\":\"BreadcrumbList\",\"@id\":\"https:\\\/\\\/somllavors.com\\\/es\\\/politica-de-devoluciones#breadcrumb\",\"itemListElement\":[{\"@type\":\"ListItem\",\"position\":1,\"name\":\"Inici\",\"item\":\"https:\\\/\\\/somllavors.com\\\/es\"},{\"@type\":\"ListItem\",\"position\":2,\"name\":\"Pol\u00edtica de devoluciones\"}]},{\"@type\":\"WebSite\",\"@id\":\"https:\\\/\\\/somllavors.com\\\/es#website\",\"url\":\"https:\\\/\\\/somllavors.com\\\/es\",\"name\":\"Som Llavors\",\"description\":\"Botiga de crian\u00e7a natural\",\"publisher\":{\"@id\":\"https:\\\/\\\/somllavors.com\\\/es#organization\"},\"alternateName\":\"Crian\u00e7a Natural i Sostenible\",\"potentialAction\":[{\"@type\":\"SearchAction\",\"target\":{\"@type\":\"EntryPoint\",\"urlTemplate\":\"https:\\\/\\\/somllavors.com\\\/es?s={search_term_string}\"},\"query-input\":{\"@type\":\"PropertyValueSpecification\",\"valueRequired\":true,\"valueName\":\"search_term_string\"}}],\"inLanguage\":\"es\"},{\"@type\":[\"Organization\",\"Place\",\"Store\"],\"@id\":\"https:\\\/\\\/somllavors.com\\\/es#organization\",\"name\":\"Som Llavors\",\"alternateName\":\"Crian\u00e7a Natural i Sostenible\",\"url\":\"https:\\\/\\\/somllavors.com\\\/es\",\"logo\":{\"@id\":\"https:\\\/\\\/somllavors.com\\\/es\\\/politica-de-devoluciones#local-main-organization-logo\"},\"image\":{\"@id\":\"https:\\\/\\\/somllavors.com\\\/es\\\/politica-de-devoluciones#local-main-organization-logo\"},\"sameAs\":[\"https:\\\/\\\/www.facebook.com\\\/somllavorsvng\\\/?locale=ca_ES\",\"https:\\\/\\\/www.instagram.com\\\/somllavors_vng\\\/\",\"https:\\\/\\\/www.youtube.com\\\/@somllavors\"],\"address\":{\"@id\":\"https:\\\/\\\/somllavors.com\\\/es\\\/politica-de-devoluciones#local-main-place-address\"},\"geo\":{\"@type\":\"GeoCoordinates\",\"latitude\":\"41.2257737\",\"longitude\":\"1.723258859\"},\"telephone\":[\"623152704\"],\"openingHoursSpecification\":[{\"@type\":\"OpeningHoursSpecification\",\"dayOfWeek\":[\"Monday\",\"Sunday\"],\"opens\":\"00:00\",\"closes\":\"00:00\"},{\"@type\":\"OpeningHoursSpecification\",\"dayOfWeek\":[\"Tuesday\",\"Wednesday\",\"Thursday\",\"Friday\"],\"opens\":\"10:00\",\"closes\":\"20:00\"},{\"@type\":\"OpeningHoursSpecification\",\"dayOfWeek\":[\"Saturday\"],\"opens\":\"10:00\",\"closes\":\"13:30\"}],\"email\":\"info@somllavors.com\"},{\"@type\":\"PostalAddress\",\"@id\":\"https:\\\/\\\/somllavors.com\\\/es\\\/politica-de-devoluciones#local-main-place-address\",\"streetAddress\":\"Carrer de l'aigua, 6\",\"addressLocality\":\"Vilanova i la Geltr\u00fa\",\"postalCode\":\"08800\",\"addressRegion\":\"Barcelona\",\"addressCountry\":\"ES\"},{\"@type\":\"ImageObject\",\"inLanguage\":\"es\",\"@id\":\"https:\\\/\\\/somllavors.com\\\/es\\\/politica-de-devoluciones#local-main-organization-logo\",\"url\":\"https:\\\/\\\/somllavors.com\\\/wp-content\\\/uploads\\\/Logotip-Som-Llavors.jpg\",\"contentUrl\":\"https:\\\/\\\/somllavors.com\\\/wp-content\\\/uploads\\\/Logotip-Som-Llavors.jpg\",\"width\":1444,\"height\":1323,\"caption\":\"Som Llavors\"}]}<\/script>\n<meta name=\"geo.placename\" content=\"Vilanova i la Geltr\u00fa\" \/>\n<meta name=\"geo.position\" content=\"41.2257737;1.723258859\" \/>\n<meta name=\"geo.region\" content=\"Espa\u00f1a\" \/>\n<!-- \/ Yoast SEO Premium plugin. -->","yoast_head_json":{"title":"Pol\u00edtica de devoluciones &#8212; Som Llavors","description":"Pol\u00edtica de devoluciones: Tienes 10 d\u00edas naturales desde la fecha de entrega del pedido para realizar la devoluci\u00f3n informando al correo electr\u00f3nico","robots":{"index":"index","follow":"follow","max-snippet":"max-snippet:-1","max-image-preview":"max-image-preview:large","max-video-preview":"max-video-preview:-1"},"canonical":"https:\/\/somllavors.com\/es\/politica-de-devoluciones","og_locale":"es_ES","og_type":"article","og_title":"Pol\u00edtica de devoluciones","og_description":"La teva botiga d\u2019ecocrian\u00e7a i espai d\u2019acompanyament a la maternitat","og_url":"https:\/\/somllavors.com\/es\/politica-de-devoluciones","og_site_name":"Som Llavors","article_publisher":"https:\/\/www.facebook.com\/somllavorsvng\/?locale=ca_ES","article_modified_time":"2024-11-02T14:04:05+00:00","og_image":[{"width":1444,"height":1323,"url":"https:\/\/somllavors.com\/wp-content\/uploads\/Logotip-Som-Llavors.jpg","type":"image\/jpeg"}],"twitter_card":"summary_large_image","twitter_misc":{"Tiempo de lectura":"2 minutos"},"schema":{"@context":"https:\/\/schema.org","@graph":[{"@type":"WebPage","@id":"https:\/\/somllavors.com\/es\/politica-de-devoluciones","url":"https:\/\/somllavors.com\/es\/politica-de-devoluciones","name":"Pol\u00edtica de devoluciones &#8212; Som Llavors","isPartOf":{"@id":"https:\/\/somllavors.com\/es#website"},"datePublished":"2022-03-06T22:18:02+00:00","dateModified":"2024-11-02T14:04:05+00:00","description":"Pol\u00edtica de devoluciones: Tienes 10 d\u00edas naturales desde la fecha de entrega del pedido para realizar la devoluci\u00f3n informando al correo electr\u00f3nico","breadcrumb":{"@id":"https:\/\/somllavors.com\/es\/politica-de-devoluciones#breadcrumb"},"inLanguage":"es","potentialAction":[{"@type":"ReadAction","target":["https:\/\/somllavors.com\/es\/politica-de-devoluciones"]}]},{"@type":"BreadcrumbList","@id":"https:\/\/somllavors.com\/es\/politica-de-devoluciones#breadcrumb","itemListElement":[{"@type":"ListItem","position":1,"name":"Inici","item":"https:\/\/somllavors.com\/es"},{"@type":"ListItem","position":2,"name":"Pol\u00edtica de devoluciones"}]},{"@type":"WebSite","@id":"https:\/\/somllavors.com\/es#website","url":"https:\/\/somllavors.com\/es","name":"Som Llavors","description":"Botiga de crian\u00e7a natural","publisher":{"@id":"https:\/\/somllavors.com\/es#organization"},"alternateName":"Crian\u00e7a Natural i Sostenible","potentialAction":[{"@type":"SearchAction","target":{"@type":"EntryPoint","urlTemplate":"https:\/\/somllavors.com\/es?s={search_term_string}"},"query-input":{"@type":"PropertyValueSpecification","valueRequired":true,"valueName":"search_term_string"}}],"inLanguage":"es"},{"@type":["Organization","Place","Store"],"@id":"https:\/\/somllavors.com\/es#organization","name":"Som Llavors","alternateName":"Crian\u00e7a Natural i Sostenible","url":"https:\/\/somllavors.com\/es","logo":{"@id":"https:\/\/somllavors.com\/es\/politica-de-devoluciones#local-main-organization-logo"},"image":{"@id":"https:\/\/somllavors.com\/es\/politica-de-devoluciones#local-main-organization-logo"},"sameAs":["https:\/\/www.facebook.com\/somllavorsvng\/?locale=ca_ES","https:\/\/www.instagram.com\/somllavors_vng\/","https:\/\/www.youtube.com\/@somllavors"],"address":{"@id":"https:\/\/somllavors.com\/es\/politica-de-devoluciones#local-main-place-address"},"geo":{"@type":"GeoCoordinates","latitude":"41.2257737","longitude":"1.723258859"},"telephone":["623152704","623152704"],"openingHoursSpecification":[{"@type":"OpeningHoursSpecification","dayOfWeek":["Monday","Sunday"],"opens":"00:00","closes":"00:00"},{"@type":"OpeningHoursSpecification","dayOfWeek":["Tuesday","Wednesday","Thursday","Friday"],"opens":"10:00","closes":"20:00"},{"@type":"OpeningHoursSpecification","dayOfWeek":["Saturday"],"opens":"10:00","closes":"13:30"}],"email":"info@somllavors.com"},{"@type":"PostalAddress","@id":"https:\/\/somllavors.com\/es\/politica-de-devoluciones#local-main-place-address","streetAddress":"Carrer de l'aigua, 6","addressLocality":"Vilanova i la Geltr\u00fa","postalCode":"08800","addressRegion":"Barcelona","addressCountry":"ES"},{"@type":"ImageObject","inLanguage":"es","@id":"https:\/\/somllavors.com\/es\/politica-de-devoluciones#local-main-organization-logo","url":"https:\/\/somllavors.com\/wp-content\/uploads\/Logotip-Som-Llavors.jpg","contentUrl":"https:\/\/somllavors.com\/wp-content\/uploads\/Logotip-Som-Llavors.jpg","width":1444,"height":1323,"caption":"Som Llavors"}]},"geo.placename":"Vilanova i la Geltr\u00fa","geo.position":{"lat":"41.2257737","long":"1.723258859"},"geo.region":"Espa\u00f1a"},"_links":{"self":[{"href":"https:\/\/somllavors.com\/es\/wp-json\/wp\/v2\/pages\/26837","targetHints":{"allow":["GET"]}}],"collection":[{"href":"https:\/\/somllavors.com\/es\/wp-json\/wp\/v2\/pages"}],"about":[{"href":"https:\/\/somllavors.com\/es\/wp-json\/wp\/v2\/types\/page"}],"author":[{"embeddable":true,"href":"https:\/\/somllavors.com\/es\/wp-json\/wp\/v2\/users\/1"}],"replies":[{"embeddable":true,"href":"https:\/\/somllavors.com\/es\/wp-json\/wp\/v2\/comments?post=26837"}],"version-history":[{"count":1,"href":"https:\/\/somllavors.com\/es\/wp-json\/wp\/v2\/pages\/26837\/revisions"}],"predecessor-version":[{"id":69742,"href":"https:\/\/somllavors.com\/es\/wp-json\/wp\/v2\/pages\/26837\/revisions\/69742"}],"wp:attachment":[{"href":"https:\/\/somllavors.com\/es\/wp-json\/wp\/v2\/media?parent=26837"}],"curies":[{"name":"wp","href":"https:\/\/api.w.org\/{rel}","templated":true}]}}