{"id":26841,"date":"2021-12-08T23:44:39","date_gmt":"2021-12-08T22:44:39","guid":{"rendered":"https:\/\/somllavors.com\/espacio-formativo-de-somos-semillas\/"},"modified":"2022-09-11T10:56:37","modified_gmt":"2022-09-11T08:56:37","slug":"espacio-formativo-de-somos-semillas","status":"publish","type":"page","link":"https:\/\/somllavors.com\/es\/espacio-formativo-de-somos-semillas","title":{"rendered":"Espacio formativo de Som Llavors"},"content":{"rendered":"\n<div class=\"wp-block-cover alignfull has-background-dim-70 has-background-dim has-custom-content-position is-position-center-left\" style=\"background-color:#996b14;min-height:440px;aspect-ratio:unset;\"><img loading=\"lazy\" decoding=\"async\" width=\"2048\" height=\"1536\" class=\"wp-block-cover__image-background wp-image-23208\" alt=\"\" src=\"https:\/\/somllavors.com\/wp-content\/uploads\/WhatsApp-Image-2021-11-24-at-17.29.04.jpeg\" style=\"object-position:49% 11%\" data-object-fit=\"cover\" data-object-position=\"49% 11%\" srcset=\"https:\/\/somllavors.com\/wp-content\/uploads\/WhatsApp-Image-2021-11-24-at-17.29.04.jpeg 2048w, https:\/\/somllavors.com\/wp-content\/uploads\/WhatsApp-Image-2021-11-24-at-17.29.04-1200x900.jpeg 1200w, https:\/\/somllavors.com\/wp-content\/uploads\/WhatsApp-Image-2021-11-24-at-17.29.04-300x225.jpeg 300w, https:\/\/somllavors.com\/wp-content\/uploads\/WhatsApp-Image-2021-11-24-at-17.29.04-1024x768.jpeg 1024w, https:\/\/somllavors.com\/wp-content\/uploads\/WhatsApp-Image-2021-11-24-at-17.29.04-768x576.jpeg 768w, https:\/\/somllavors.com\/wp-content\/uploads\/WhatsApp-Image-2021-11-24-at-17.29.04-1536x1152.jpeg 1536w\" sizes=\"auto, (max-width: 2048px) 100vw, 2048px\" \/><div class=\"wp-block-cover__inner-container is-layout-flow wp-block-cover-is-layout-flow\">\n<h1 class=\"wp-block-heading\">CURSOS Y TALLERES<\/h1>\n<\/div><\/div>\n\n<hr class=\"wp-block-separator is-style-dots\"\/>\n\n<h2 class=\"wp-block-heading\">FILOSOF\u00cdA:<\/h2>\n\n<p>Queremos aportar conocimientos de calidad a la sociedad y por este motivo seleccionamos de forma minuciosa cada ponente y formador que llevamos a nuestro espacio. Apostamos en primer t\u00e9rmino por las eminencias locales, y buscamos tambi\u00e9n expertos de otras regiones que les pueda encajar pasar por nuestro peque\u00f1o espacio a acompa\u00f1aros en el proceso que os ocupe.<\/p>\n\n<hr class=\"wp-block-separator is-style-dots\"\/>\n\n<h2 class=\"wp-block-heading\">Talleres Gratuitos:<\/h2>\n\n<p>De forma regular ofrecemos talleres gratuitos sobre materias que podemos impartir nosotros mismos como son los talleres te\u00f3rico-pr\u00e1cticos de pa\u00f1ales de tela o los talleres de introducci\u00f3n al mundo de los portanadones.<\/p>\n\n<div class=\"wp-block-uagb-marketing-button uagb-marketing-btn__outer-wrap uagb-marketing-btn__align-center uagb-marketing-btn__align-text-center uagb-marketing-btn__icon-before uagb-block-a309341f\"><div class=\"uagb-marketing-btn__wrap\"><a href=\"#\" class=\"uagb-marketing-btn__link\" target=\"\" rel=\"noopener noreferrer\"><div class=\"uagb-marketing-btn__title-wrap\"><div class=\"uagb-marketing-btn__icon-wrap\"><svg xmlns=\"http:\/\/www.w3.org\/2000\/svg\" viewbox=\"0 0 512 512\"><path d=\"M432,320H400a16,16,0,0,0-16,16V448H64V128H208a16,16,0,0,0,16-16V80a16,16,0,0,0-16-16H48A48,48,0,0,0,0,112V464a48,48,0,0,0,48,48H400a48,48,0,0,0,48-48V336A16,16,0,0,0,432,320ZM488,0h-128c-21.37,0-32.05,25.91-17,41l35.73,35.73L135,320.37a24,24,0,0,0,0,34L157.67,377a24,24,0,0,0,34,0L435.28,133.32,471,169c15,15,41,4.5,41-17V24A24,24,0,0,0,488,0Z\"><\/path><\/svg><\/div><h6 class=\"uagb-marketing-btn__title\">Descubre los Cursos<\/h6><\/div><div class=\"uagb-marketing-btn__prefix-wrap\"><p class=\"uagb-marketing-btn__prefix\">Get access to Premium Features for FREE for a year!<\/p><\/div><\/a><\/div><\/div>\n\n<h2 class=\"wp-block-heading\">Grupo de Crianza<\/h2>\n\n<p>De forma semanal, nos reunimos un grupo de madres que afrontamos un momento similar para compartir y resolver cualquier proceso que nos preocupe siempre con la premisa de no juzgar y no sentirse juzgada. Nos acompa\u00f1a la Laia Grimau @mamagotes.<\/p>\n\n<div class=\"wp-block-buttons alignwide is-content-justification-space-between is-layout-flex wp-block-buttons-is-layout-flex\">\n<div class=\"wp-block-button\"><a class=\"wp-block-button__link\">Descubrelos<\/a><\/div>\n\n\n\n\n\n\n\n\n<\/div>\n","protected":false},"excerpt":{"rendered":"<p>FILOSOF\u00cdA: Queremos aportar conocimientos de calidad a la sociedad y por este motivo seleccionamos de forma minuciosa cada ponente y formador que llevamos a nuestro espacio. Apostamos en primer t\u00e9rmino por las eminencias locales, y buscamos tambi\u00e9n expertos de otras regiones que les pueda encajar pasar por nuestro peque\u00f1o espacio a acompa\u00f1aros en el proceso [&hellip;]<\/p>\n","protected":false},"author":1,"featured_media":0,"parent":0,"menu_order":0,"comment_status":"closed","ping_status":"closed","template":"","meta":{"_acf_changed":false,"site-sidebar-layout":"default","site-content-layout":"","ast-site-content-layout":"default","site-content-style":"default","site-sidebar-style":"default","ast-global-header-display":"","ast-banner-title-visibility":"","ast-main-header-display":"","ast-hfb-above-header-display":"","ast-hfb-below-header-display":"","ast-hfb-mobile-header-display":"","site-post-title":"","ast-breadcrumbs-content":"","ast-featured-img":"","footer-sml-layout":"","theme-transparent-header-meta":"","adv-header-id-meta":"","stick-header-meta":"","header-above-stick-meta":"","header-main-stick-meta":"","header-below-stick-meta":"","astra-migrate-meta-layouts":"default","ast-page-background-enabled":"default","ast-page-background-meta":{"desktop":{"background-color":"","background-image":"","background-repeat":"repeat","background-position":"center center","background-size":"auto","background-attachment":"scroll","background-type":"","background-media":"","overlay-type":"","overlay-color":"","overlay-opacity":"","overlay-gradient":""},"tablet":{"background-color":"","background-image":"","background-repeat":"repeat","background-position":"center center","background-size":"auto","background-attachment":"scroll","background-type":"","background-media":"","overlay-type":"","overlay-color":"","overlay-opacity":"","overlay-gradient":""},"mobile":{"background-color":"","background-image":"","background-repeat":"repeat","background-position":"center center","background-size":"auto","background-attachment":"scroll","background-type":"","background-media":"","overlay-type":"","overlay-color":"","overlay-opacity":"","overlay-gradient":""}},"ast-content-background-meta":{"desktop":{"background-color":"var(--ast-global-color-5)","background-image":"","background-repeat":"repeat","background-position":"center center","background-size":"auto","background-attachment":"scroll","background-type":"","background-media":"","overlay-type":"","overlay-color":"","overlay-opacity":"","overlay-gradient":""},"tablet":{"background-color":"var(--ast-global-color-5)","background-image":"","background-repeat":"repeat","background-position":"center center","background-size":"auto","background-attachment":"scroll","background-type":"","background-media":"","overlay-type":"","overlay-color":"","overlay-opacity":"","overlay-gradient":""},"mobile":{"background-color":"var(--ast-global-color-5)","background-image":"","background-repeat":"repeat","background-position":"center center","background-size":"auto","background-attachment":"scroll","background-type":"","background-media":"","overlay-type":"","overlay-color":"","overlay-opacity":"","overlay-gradient":""}},"footnotes":""},"class_list":["post-26841","page","type-page","status-publish","hentry"],"acf":[],"yoast_head":"<!-- This site is optimized with the Yoast SEO Premium plugin v18.3 (Yoast SEO v26.2) - https:\/\/yoast.com\/wordpress\/plugins\/seo\/ -->\n<title>Espacio formativo de Som Llavors &#8212; Som Llavors<\/title>\n<meta name=\"description\" content=\"CURSOS Y TALLERES FILOSOF\u00cdA: Queremos aportar conocimientos de calidad a la sociedad y por este motivo seleccionamos de forma minuciosa cada ponente y\" \/>\n<meta name=\"robots\" content=\"index, follow, max-snippet:-1, max-image-preview:large, max-video-preview:-1\" \/>\n<link rel=\"canonical\" href=\"https:\/\/somllavors.com\/es\/espacio-formativo-de-somos-semillas\" \/>\n<meta property=\"og:locale\" content=\"es_ES\" \/>\n<meta property=\"og:type\" content=\"article\" \/>\n<meta property=\"og:title\" content=\"Espacio formativo de Som Llavors\" \/>\n<meta property=\"og:description\" content=\"La teva botiga d\u2019ecocrian\u00e7a i espai d\u2019acompanyament a la maternitat\" \/>\n<meta property=\"og:url\" content=\"https:\/\/somllavors.com\/es\/espacio-formativo-de-somos-semillas\" \/>\n<meta property=\"og:site_name\" content=\"Som Llavors\" \/>\n<meta property=\"article:publisher\" content=\"https:\/\/www.facebook.com\/somllavorsvng\/?locale=ca_ES\" \/>\n<meta property=\"article:modified_time\" content=\"2022-09-11T08:56:37+00:00\" \/>\n<meta property=\"og:image\" content=\"https:\/\/somllavors.com\/wp-content\/uploads\/WhatsApp-Image-2021-11-24-at-17.29.04.jpeg\" \/>\n<meta name=\"twitter:card\" content=\"summary_large_image\" \/>\n<meta name=\"twitter:label1\" content=\"Tiempo de lectura\" \/>\n\t<meta name=\"twitter:data1\" content=\"1 minuto\" \/>\n<script type=\"application\/ld+json\" class=\"yoast-schema-graph\">{\"@context\":\"https:\/\/schema.org\",\"@graph\":[{\"@type\":\"WebPage\",\"@id\":\"https:\/\/somllavors.com\/es\/espacio-formativo-de-somos-semillas\",\"url\":\"https:\/\/somllavors.com\/es\/espacio-formativo-de-somos-semillas\",\"name\":\"Espacio formativo de Som Llavors &#8212; Som Llavors\",\"isPartOf\":{\"@id\":\"https:\/\/somllavors.com\/es#website\"},\"primaryImageOfPage\":{\"@id\":\"https:\/\/somllavors.com\/es\/espacio-formativo-de-somos-semillas#primaryimage\"},\"image\":{\"@id\":\"https:\/\/somllavors.com\/es\/espacio-formativo-de-somos-semillas#primaryimage\"},\"thumbnailUrl\":\"https:\/\/somllavors.com\/wp-content\/uploads\/WhatsApp-Image-2021-11-24-at-17.29.04.jpeg\",\"datePublished\":\"2021-12-08T22:44:39+00:00\",\"dateModified\":\"2022-09-11T08:56:37+00:00\",\"description\":\"CURSOS Y TALLERES FILOSOF\u00cdA: Queremos aportar conocimientos de calidad a la sociedad y por este motivo seleccionamos de forma minuciosa cada ponente y\",\"breadcrumb\":{\"@id\":\"https:\/\/somllavors.com\/es\/espacio-formativo-de-somos-semillas#breadcrumb\"},\"inLanguage\":\"es\",\"potentialAction\":[{\"@type\":\"ReadAction\",\"target\":[\"https:\/\/somllavors.com\/es\/espacio-formativo-de-somos-semillas\"]}]},{\"@type\":\"ImageObject\",\"inLanguage\":\"es\",\"@id\":\"https:\/\/somllavors.com\/es\/espacio-formativo-de-somos-semillas#primaryimage\",\"url\":\"https:\/\/somllavors.com\/wp-content\/uploads\/WhatsApp-Image-2021-11-24-at-17.29.04.jpeg\",\"contentUrl\":\"https:\/\/somllavors.com\/wp-content\/uploads\/WhatsApp-Image-2021-11-24-at-17.29.04.jpeg\"},{\"@type\":\"BreadcrumbList\",\"@id\":\"https:\/\/somllavors.com\/es\/espacio-formativo-de-somos-semillas#breadcrumb\",\"itemListElement\":[{\"@type\":\"ListItem\",\"position\":1,\"name\":\"Inici\",\"item\":\"https:\/\/somllavors.com\/es\"},{\"@type\":\"ListItem\",\"position\":2,\"name\":\"Espacio formativo de Som Llavors\"}]},{\"@type\":\"WebSite\",\"@id\":\"https:\/\/somllavors.com\/es#website\",\"url\":\"https:\/\/somllavors.com\/es\",\"name\":\"Som Llavors\",\"description\":\"Botiga de crian\u00e7a natural\",\"publisher\":{\"@id\":\"https:\/\/somllavors.com\/es#organization\"},\"alternateName\":\"Crian\u00e7a Natural i Sostenible\",\"potentialAction\":[{\"@type\":\"SearchAction\",\"target\":{\"@type\":\"EntryPoint\",\"urlTemplate\":\"https:\/\/somllavors.com\/es?s={search_term_string}\"},\"query-input\":{\"@type\":\"PropertyValueSpecification\",\"valueRequired\":true,\"valueName\":\"search_term_string\"}}],\"inLanguage\":\"es\"},{\"@type\":[\"Organization\",\"Place\",\"Store\"],\"@id\":\"https:\/\/somllavors.com\/es#organization\",\"name\":\"Som Llavors\",\"alternateName\":\"Crian\u00e7a Natural i Sostenible\",\"url\":\"https:\/\/somllavors.com\/es\",\"logo\":{\"@id\":\"https:\/\/somllavors.com\/es\/espacio-formativo-de-somos-semillas#local-main-organization-logo\"},\"image\":{\"@id\":\"https:\/\/somllavors.com\/es\/espacio-formativo-de-somos-semillas#local-main-organization-logo\"},\"sameAs\":[\"https:\/\/www.facebook.com\/somllavorsvng\/?locale=ca_ES\",\"https:\/\/www.instagram.com\/somllavors_vng\/\",\"https:\/\/www.youtube.com\/@somllavors\"],\"address\":{\"@id\":\"https:\/\/somllavors.com\/es\/espacio-formativo-de-somos-semillas#local-main-place-address\"},\"geo\":{\"@type\":\"GeoCoordinates\",\"latitude\":\"41.2257737\",\"longitude\":\"1.723258859\"},\"telephone\":[\"623152704\"],\"openingHoursSpecification\":[{\"@type\":\"OpeningHoursSpecification\",\"dayOfWeek\":[\"Monday\",\"Sunday\"],\"opens\":\"00:00\",\"closes\":\"00:00\"},{\"@type\":\"OpeningHoursSpecification\",\"dayOfWeek\":[\"Tuesday\",\"Wednesday\",\"Thursday\",\"Friday\"],\"opens\":\"10:00\",\"closes\":\"20:00\"},{\"@type\":\"OpeningHoursSpecification\",\"dayOfWeek\":[\"Saturday\"],\"opens\":\"10:00\",\"closes\":\"13:30\"}],\"email\":\"info@somllavors.com\"},{\"@type\":\"PostalAddress\",\"@id\":\"https:\/\/somllavors.com\/es\/espacio-formativo-de-somos-semillas#local-main-place-address\",\"streetAddress\":\"Carrer de l'aigua, 6\",\"addressLocality\":\"Vilanova i la Geltr\u00fa\",\"postalCode\":\"08800\",\"addressRegion\":\"Barcelona\",\"addressCountry\":\"ES\"},{\"@type\":\"ImageObject\",\"inLanguage\":\"es\",\"@id\":\"https:\/\/somllavors.com\/es\/espacio-formativo-de-somos-semillas#local-main-organization-logo\",\"url\":\"https:\/\/somllavors.com\/wp-content\/uploads\/Logotip-Som-Llavors.jpg\",\"contentUrl\":\"https:\/\/somllavors.com\/wp-content\/uploads\/Logotip-Som-Llavors.jpg\",\"width\":1444,\"height\":1323,\"caption\":\"Som Llavors\"}]}<\/script>\n<meta name=\"geo.placename\" content=\"Vilanova i la Geltr\u00fa\" \/>\n<meta name=\"geo.position\" content=\"41.2257737;1.723258859\" \/>\n<meta name=\"geo.region\" content=\"Espa\u00f1a\" \/>\n<!-- \/ Yoast SEO Premium plugin. -->","yoast_head_json":{"title":"Espacio formativo de Som Llavors &#8212; Som Llavors","description":"CURSOS Y TALLERES FILOSOF\u00cdA: Queremos aportar conocimientos de calidad a la sociedad y por este motivo seleccionamos de forma minuciosa cada ponente y","robots":{"index":"index","follow":"follow","max-snippet":"max-snippet:-1","max-image-preview":"max-image-preview:large","max-video-preview":"max-video-preview:-1"},"canonical":"https:\/\/somllavors.com\/es\/espacio-formativo-de-somos-semillas","og_locale":"es_ES","og_type":"article","og_title":"Espacio formativo de Som Llavors","og_description":"La teva botiga d\u2019ecocrian\u00e7a i espai d\u2019acompanyament a la maternitat","og_url":"https:\/\/somllavors.com\/es\/espacio-formativo-de-somos-semillas","og_site_name":"Som Llavors","article_publisher":"https:\/\/www.facebook.com\/somllavorsvng\/?locale=ca_ES","article_modified_time":"2022-09-11T08:56:37+00:00","og_image":[{"url":"https:\/\/somllavors.com\/wp-content\/uploads\/WhatsApp-Image-2021-11-24-at-17.29.04.jpeg","type":"","width":"","height":""}],"twitter_card":"summary_large_image","twitter_misc":{"Tiempo de lectura":"1 minuto"},"schema":{"@context":"https:\/\/schema.org","@graph":[{"@type":"WebPage","@id":"https:\/\/somllavors.com\/es\/espacio-formativo-de-somos-semillas","url":"https:\/\/somllavors.com\/es\/espacio-formativo-de-somos-semillas","name":"Espacio formativo de Som Llavors &#8212; Som Llavors","isPartOf":{"@id":"https:\/\/somllavors.com\/es#website"},"primaryImageOfPage":{"@id":"https:\/\/somllavors.com\/es\/espacio-formativo-de-somos-semillas#primaryimage"},"image":{"@id":"https:\/\/somllavors.com\/es\/espacio-formativo-de-somos-semillas#primaryimage"},"thumbnailUrl":"https:\/\/somllavors.com\/wp-content\/uploads\/WhatsApp-Image-2021-11-24-at-17.29.04.jpeg","datePublished":"2021-12-08T22:44:39+00:00","dateModified":"2022-09-11T08:56:37+00:00","description":"CURSOS Y TALLERES FILOSOF\u00cdA: Queremos aportar conocimientos de calidad a la sociedad y por este motivo seleccionamos de forma minuciosa cada ponente y","breadcrumb":{"@id":"https:\/\/somllavors.com\/es\/espacio-formativo-de-somos-semillas#breadcrumb"},"inLanguage":"es","potentialAction":[{"@type":"ReadAction","target":["https:\/\/somllavors.com\/es\/espacio-formativo-de-somos-semillas"]}]},{"@type":"ImageObject","inLanguage":"es","@id":"https:\/\/somllavors.com\/es\/espacio-formativo-de-somos-semillas#primaryimage","url":"https:\/\/somllavors.com\/wp-content\/uploads\/WhatsApp-Image-2021-11-24-at-17.29.04.jpeg","contentUrl":"https:\/\/somllavors.com\/wp-content\/uploads\/WhatsApp-Image-2021-11-24-at-17.29.04.jpeg"},{"@type":"BreadcrumbList","@id":"https:\/\/somllavors.com\/es\/espacio-formativo-de-somos-semillas#breadcrumb","itemListElement":[{"@type":"ListItem","position":1,"name":"Inici","item":"https:\/\/somllavors.com\/es"},{"@type":"ListItem","position":2,"name":"Espacio formativo de Som Llavors"}]},{"@type":"WebSite","@id":"https:\/\/somllavors.com\/es#website","url":"https:\/\/somllavors.com\/es","name":"Som Llavors","description":"Botiga de crian\u00e7a natural","publisher":{"@id":"https:\/\/somllavors.com\/es#organization"},"alternateName":"Crian\u00e7a Natural i Sostenible","potentialAction":[{"@type":"SearchAction","target":{"@type":"EntryPoint","urlTemplate":"https:\/\/somllavors.com\/es?s={search_term_string}"},"query-input":{"@type":"PropertyValueSpecification","valueRequired":true,"valueName":"search_term_string"}}],"inLanguage":"es"},{"@type":["Organization","Place","Store"],"@id":"https:\/\/somllavors.com\/es#organization","name":"Som Llavors","alternateName":"Crian\u00e7a Natural i Sostenible","url":"https:\/\/somllavors.com\/es","logo":{"@id":"https:\/\/somllavors.com\/es\/espacio-formativo-de-somos-semillas#local-main-organization-logo"},"image":{"@id":"https:\/\/somllavors.com\/es\/espacio-formativo-de-somos-semillas#local-main-organization-logo"},"sameAs":["https:\/\/www.facebook.com\/somllavorsvng\/?locale=ca_ES","https:\/\/www.instagram.com\/somllavors_vng\/","https:\/\/www.youtube.com\/@somllavors"],"address":{"@id":"https:\/\/somllavors.com\/es\/espacio-formativo-de-somos-semillas#local-main-place-address"},"geo":{"@type":"GeoCoordinates","latitude":"41.2257737","longitude":"1.723258859"},"telephone":["623152704","623152704"],"openingHoursSpecification":[{"@type":"OpeningHoursSpecification","dayOfWeek":["Monday","Sunday"],"opens":"00:00","closes":"00:00"},{"@type":"OpeningHoursSpecification","dayOfWeek":["Tuesday","Wednesday","Thursday","Friday"],"opens":"10:00","closes":"20:00"},{"@type":"OpeningHoursSpecification","dayOfWeek":["Saturday"],"opens":"10:00","closes":"13:30"}],"email":"info@somllavors.com"},{"@type":"PostalAddress","@id":"https:\/\/somllavors.com\/es\/espacio-formativo-de-somos-semillas#local-main-place-address","streetAddress":"Carrer de l'aigua, 6","addressLocality":"Vilanova i la Geltr\u00fa","postalCode":"08800","addressRegion":"Barcelona","addressCountry":"ES"},{"@type":"ImageObject","inLanguage":"es","@id":"https:\/\/somllavors.com\/es\/espacio-formativo-de-somos-semillas#local-main-organization-logo","url":"https:\/\/somllavors.com\/wp-content\/uploads\/Logotip-Som-Llavors.jpg","contentUrl":"https:\/\/somllavors.com\/wp-content\/uploads\/Logotip-Som-Llavors.jpg","width":1444,"height":1323,"caption":"Som Llavors"}]},"geo.placename":"Vilanova i la Geltr\u00fa","geo.position":{"lat":"41.2257737","long":"1.723258859"},"geo.region":"Espa\u00f1a"},"_links":{"self":[{"href":"https:\/\/somllavors.com\/es\/wp-json\/wp\/v2\/pages\/26841","targetHints":{"allow":["GET"]}}],"collection":[{"href":"https:\/\/somllavors.com\/es\/wp-json\/wp\/v2\/pages"}],"about":[{"href":"https:\/\/somllavors.com\/es\/wp-json\/wp\/v2\/types\/page"}],"author":[{"embeddable":true,"href":"https:\/\/somllavors.com\/es\/wp-json\/wp\/v2\/users\/1"}],"replies":[{"embeddable":true,"href":"https:\/\/somllavors.com\/es\/wp-json\/wp\/v2\/comments?post=26841"}],"version-history":[{"count":0,"href":"https:\/\/somllavors.com\/es\/wp-json\/wp\/v2\/pages\/26841\/revisions"}],"wp:attachment":[{"href":"https:\/\/somllavors.com\/es\/wp-json\/wp\/v2\/media?parent=26841"}],"curies":[{"name":"wp","href":"https:\/\/api.w.org\/{rel}","templated":true}]}}