{"id":10275,"date":"2021-06-29T23:11:36","date_gmt":"2021-06-29T21:11:36","guid":{"rendered":"https:\/\/somllavors.com\/?post_type=product&#038;p=10275"},"modified":"2025-09-19T11:48:56","modified_gmt":"2025-09-19T09:48:56","slug":"maternidad-a-flor-de-piel-la-gran-aventura-de-tu-vida","status":"publish","type":"product","link":"https:\/\/somllavors.com\/es\/producte\/maternidad-a-flor-de-piel-la-gran-aventura-de-tu-vida","title":{"rendered":"Maternidad a flor de piel &#8211; La gran aventura de tu vida"},"content":{"rendered":"<p>El embarazo, el parto y los primeros a\u00f1os de crianza son etapas llenas de dudas e inquietudes, pero no tienen por qu\u00e9 asustar a los nuevos padres. La inexperiencia, el ritmo fren\u00e9tico del d\u00eda a d\u00eda, el cansancio hace que surjan miles de preguntas, para las que hallar\u00e1s respuesta en este libro. Aqu\u00ed tienes la br\u00fajula y el mapa que te ayudar\u00e1 a saber d\u00f3nde est\u00e1s, a d\u00f3nde vas y de d\u00f3nde vienes, para sentir de nuevo los pies en tierra firme, despu\u00e9s del remolino de cambios y emociones que supone tener un hijo o una hija.<\/p>\n<p>Desde la perspectiva de una crianza consciente, M\u00edriam Tirado nos habla de lactancia, de dormir por las noches, de c\u00f3mo adaptarnos a ser uno m\u00e1s en la familia. Tambi\u00e9n nos ense\u00f1a a acompa\u00f1ar las rabietas y emociones desbordadas de nuestros hijos. Respetando las necesidades de los hijos pero tambi\u00e9n el sentir de los padres, con empat\u00eda y amor, mucho amor, es posible salir airoso de todos los conflictos y disfrutar de una maternidad a flor de piel, que nos llene de gozo y enriquezca profundamente nuestra vida.<\/p>\n<blockquote><p><em>Yo estoy aqu\u00ed, contigo, con ganas de explicarte lo vivido y aprendido durante mi viaje en la maternidad. Podemos caminar juntos, si quieres. \u00bfVamos?<\/em><br \/>\n<b>M\u00edriam Tirado<\/b><\/p><\/blockquote>\n","protected":false},"excerpt":{"rendered":"<p>Este libro es una invitaci\u00f3n a solucionar las inquietudes que aparecen en este fascinante viaje, que es el de ver crecer y criar a los hijos, posiblemente, lo m\u00e1s trascendental que haremos en la vida. A trav\u00e9s de las experiencias de la autora, periodista especializada en maternidad y consultora de crianza, y tambi\u00e9n de los cuentos que acompa\u00f1an su relato, sentiremos la maternidad a flor de piel tanto si todav\u00eda est\u00e1 por llegar, como si ya estamos en pleno proceso de criar a nuestros hijos.<\/p>\n<p>&nbsp;<\/p>\n<p>&nbsp;<\/p>\n","protected":false},"featured_media":14181,"template":"","meta":{"_acf_changed":false,"site-sidebar-layout":"default","site-content-layout":"default","ast-site-content-layout":"default","site-content-style":"default","site-sidebar-style":"default","ast-global-header-display":"","ast-banner-title-visibility":"","ast-main-header-display":"","ast-hfb-above-header-display":"","ast-hfb-below-header-display":"","ast-hfb-mobile-header-display":"","site-post-title":"","ast-breadcrumbs-content":"","ast-featured-img":"","footer-sml-layout":"","ast-disable-related-posts":"","theme-transparent-header-meta":"default","adv-header-id-meta":"","stick-header-meta":"","header-above-stick-meta":"","header-main-stick-meta":"","header-below-stick-meta":"","astra-migrate-meta-layouts":"default","ast-page-background-enabled":"default","ast-page-background-meta":{"desktop":{"background-color":"","background-image":"","background-repeat":"repeat","background-position":"center center","background-size":"auto","background-attachment":"scroll","background-type":"","background-media":"","overlay-type":"","overlay-color":"","overlay-opacity":"","overlay-gradient":""},"tablet":{"background-color":"","background-image":"","background-repeat":"repeat","background-position":"center center","background-size":"auto","background-attachment":"scroll","background-type":"","background-media":"","overlay-type":"","overlay-color":"","overlay-opacity":"","overlay-gradient":""},"mobile":{"background-color":"","background-image":"","background-repeat":"repeat","background-position":"center center","background-size":"auto","background-attachment":"scroll","background-type":"","background-media":"","overlay-type":"","overlay-color":"","overlay-opacity":"","overlay-gradient":""}},"ast-content-background-meta":{"desktop":{"background-color":"var(--ast-global-color-5)","background-image":"","background-repeat":"repeat","background-position":"center center","background-size":"auto","background-attachment":"scroll","background-type":"","background-media":"","overlay-type":"","overlay-color":"","overlay-opacity":"","overlay-gradient":""},"tablet":{"background-color":"var(--ast-global-color-5)","background-image":"","background-repeat":"repeat","background-position":"center center","background-size":"auto","background-attachment":"scroll","background-type":"","background-media":"","overlay-type":"","overlay-color":"","overlay-opacity":"","overlay-gradient":""},"mobile":{"background-color":"var(--ast-global-color-5)","background-image":"","background-repeat":"repeat","background-position":"center center","background-size":"auto","background-attachment":"scroll","background-type":"","background-media":"","overlay-type":"","overlay-color":"","overlay-opacity":"","overlay-gradient":""}}},"pwb-brand":[],"product_brand":[],"product_cat":[568],"product_tag":[1189,1192,992],"class_list":{"0":"post-10275","1":"product","2":"type-product","3":"status-publish","4":"has-post-thumbnail","6":"product_cat-adults","7":"product_tag-grijalbo","8":"product_tag-maternidad","9":"product_tag-miriam-tirado","10":"desktop-align-left","11":"tablet-align-left","12":"mobile-align-left","14":"first","15":"outofstock","16":"taxable","17":"shipping-taxable","18":"purchasable","19":"product-type-simple"},"acf":[],"yoast_head":"<!-- This site is optimized with the Yoast SEO Premium plugin v18.3 (Yoast SEO v27.4) - https:\/\/yoast.com\/product\/yoast-seo-premium-wordpress\/ -->\n<title>Maternidad a flor de piel - La gran aventura de tu vida &#8212; Som Llavors<\/title>\n<meta name=\"description\" content=\"Este libro es una invitaci\u00f3n a solucionar las inquietudes que aparecen en este fascinante viaje, que es el de ver crecer y criar a los hijos, posiblemente, lo m\u00e1s trascendental que haremos en la vida. A trav\u00e9s de las experiencias de la autora, periodista especializada en maternidad y consultora de crianza, y tambi\u00e9n de los cuentos que acompa\u00f1an su relato, sentiremos la maternidad a flor de piel tanto si todav\u00eda est\u00e1 por llegar, como si ya estamos en pleno proceso de criar a nuestros hijos.  &nbsp;  &nbsp;\" \/>\n<meta name=\"robots\" content=\"index, follow, max-snippet:-1, max-image-preview:large, max-video-preview:-1\" \/>\n<link rel=\"canonical\" href=\"https:\/\/somllavors.com\/es\/producte\/maternidad-a-flor-de-piel-la-gran-aventura-de-tu-vida\" \/>\n<meta property=\"og:locale\" content=\"es_ES\" \/>\n<meta property=\"og:type\" content=\"article\" \/>\n<meta property=\"og:title\" content=\"Maternidad a flor de piel - La gran aventura de tu vida\" \/>\n<meta property=\"og:description\" content=\"La teva botiga d\u2019ecocrian\u00e7a i espai d\u2019acompanyament a la maternitat\" \/>\n<meta property=\"og:url\" content=\"https:\/\/somllavors.com\/es\/producte\/maternidad-a-flor-de-piel-la-gran-aventura-de-tu-vida\" \/>\n<meta property=\"og:site_name\" content=\"Som Llavors\" \/>\n<meta property=\"article:publisher\" content=\"https:\/\/www.facebook.com\/somllavorsvng\/?locale=ca_ES\" \/>\n<meta property=\"article:modified_time\" content=\"2025-09-19T09:48:56+00:00\" \/>\n<meta property=\"og:image\" content=\"https:\/\/somllavors.com\/wp-content\/uploads\/9788416895526.jpeg\" \/>\n\t<meta property=\"og:image:width\" content=\"552\" \/>\n\t<meta property=\"og:image:height\" content=\"802\" \/>\n\t<meta property=\"og:image:type\" content=\"image\/jpeg\" \/>\n<meta name=\"twitter:card\" content=\"summary_large_image\" \/>\n<meta name=\"twitter:label1\" content=\"Precio\" \/>\n\t<meta name=\"twitter:data1\" content=\"18,90&euro; Iva incl\u00f2s\" \/>\n\t<meta name=\"twitter:label2\" content=\"Availability\" \/>\n\t<meta name=\"twitter:data2\" content=\"Out of stock\" \/>\n<script type=\"application\/ld+json\" class=\"yoast-schema-graph\">{\"@context\":\"https:\\\/\\\/schema.org\",\"@graph\":[{\"@type\":\"WebPage\",\"@id\":\"https:\\\/\\\/somllavors.com\\\/es\\\/producte\\\/maternidad-a-flor-de-piel-la-gran-aventura-de-tu-vida\",\"url\":\"https:\\\/\\\/somllavors.com\\\/es\\\/producte\\\/maternidad-a-flor-de-piel-la-gran-aventura-de-tu-vida\",\"name\":\"Maternidad a flor de piel - La gran aventura de tu vida &#8212; Som Llavors\",\"isPartOf\":{\"@id\":\"https:\\\/\\\/somllavors.com\\\/es#website\"},\"primaryImageOfPage\":{\"@id\":\"https:\\\/\\\/somllavors.com\\\/es\\\/producte\\\/maternidad-a-flor-de-piel-la-gran-aventura-de-tu-vida#primaryimage\"},\"image\":{\"@id\":\"https:\\\/\\\/somllavors.com\\\/es\\\/producte\\\/maternidad-a-flor-de-piel-la-gran-aventura-de-tu-vida#primaryimage\"},\"thumbnailUrl\":\"https:\\\/\\\/somllavors.com\\\/wp-content\\\/uploads\\\/9788416895526.jpeg\",\"datePublished\":\"2021-06-29T21:11:36+00:00\",\"dateModified\":\"2025-09-19T09:48:56+00:00\",\"description\":\"Este libro es una invitaci\u00f3n a solucionar las inquietudes que aparecen en este fascinante viaje, que es el de ver crecer y criar a los hijos, posiblemente, lo m\u00e1s trascendental que haremos en la vida. A trav\u00e9s de las experiencias de la autora, periodista especializada en maternidad y consultora de crianza, y tambi\u00e9n de los cuentos que acompa\u00f1an su relato, sentiremos la maternidad a flor de piel tanto si todav\u00eda est\u00e1 por llegar, como si ya estamos en pleno proceso de criar a nuestros hijos. &nbsp; &nbsp;\",\"breadcrumb\":{\"@id\":\"https:\\\/\\\/somllavors.com\\\/es\\\/producte\\\/maternidad-a-flor-de-piel-la-gran-aventura-de-tu-vida#breadcrumb\"},\"inLanguage\":\"es\",\"potentialAction\":[{\"@type\":\"ReadAction\",\"target\":[\"https:\\\/\\\/somllavors.com\\\/es\\\/producte\\\/maternidad-a-flor-de-piel-la-gran-aventura-de-tu-vida\"]}]},{\"@type\":\"ImageObject\",\"inLanguage\":\"es\",\"@id\":\"https:\\\/\\\/somllavors.com\\\/es\\\/producte\\\/maternidad-a-flor-de-piel-la-gran-aventura-de-tu-vida#primaryimage\",\"url\":\"https:\\\/\\\/somllavors.com\\\/wp-content\\\/uploads\\\/9788416895526.jpeg\",\"contentUrl\":\"https:\\\/\\\/somllavors.com\\\/wp-content\\\/uploads\\\/9788416895526.jpeg\",\"width\":552,\"height\":802,\"caption\":\"Maternidad a flor de piel\"},{\"@type\":\"BreadcrumbList\",\"@id\":\"https:\\\/\\\/somllavors.com\\\/es\\\/producte\\\/maternidad-a-flor-de-piel-la-gran-aventura-de-tu-vida#breadcrumb\",\"itemListElement\":[{\"@type\":\"ListItem\",\"position\":1,\"name\":\"Inici\",\"item\":\"https:\\\/\\\/somllavors.com\\\/es\"},{\"@type\":\"ListItem\",\"position\":2,\"name\":\"Tienda\",\"item\":\"https:\\\/\\\/somllavors.com\\\/es\\\/botiga-2\"},{\"@type\":\"ListItem\",\"position\":3,\"name\":\"Maternidad a flor de piel &#8211; La gran aventura de tu vida\"}]},{\"@type\":\"WebSite\",\"@id\":\"https:\\\/\\\/somllavors.com\\\/es#website\",\"url\":\"https:\\\/\\\/somllavors.com\\\/es\",\"name\":\"Som Llavors\",\"description\":\"Botiga de crian\u00e7a natural\",\"publisher\":{\"@id\":\"https:\\\/\\\/somllavors.com\\\/es#organization\"},\"alternateName\":\"Crian\u00e7a Natural i Sostenible\",\"potentialAction\":[{\"@type\":\"SearchAction\",\"target\":{\"@type\":\"EntryPoint\",\"urlTemplate\":\"https:\\\/\\\/somllavors.com\\\/es?s={search_term_string}\"},\"query-input\":{\"@type\":\"PropertyValueSpecification\",\"valueRequired\":true,\"valueName\":\"search_term_string\"}}],\"inLanguage\":\"es\"},{\"@type\":[\"Organization\",\"Place\",\"Store\"],\"@id\":\"https:\\\/\\\/somllavors.com\\\/es#organization\",\"name\":\"Som Llavors\",\"alternateName\":\"Crian\u00e7a Natural i Sostenible\",\"url\":\"https:\\\/\\\/somllavors.com\\\/es\",\"logo\":{\"@id\":\"https:\\\/\\\/somllavors.com\\\/es\\\/producte\\\/maternidad-a-flor-de-piel-la-gran-aventura-de-tu-vida#local-main-organization-logo\"},\"image\":{\"@id\":\"https:\\\/\\\/somllavors.com\\\/es\\\/producte\\\/maternidad-a-flor-de-piel-la-gran-aventura-de-tu-vida#local-main-organization-logo\"},\"sameAs\":[\"https:\\\/\\\/www.facebook.com\\\/somllavorsvng\\\/?locale=ca_ES\",\"https:\\\/\\\/www.instagram.com\\\/somllavors_vng\\\/\",\"https:\\\/\\\/www.youtube.com\\\/@somllavors\"],\"address\":{\"@id\":\"https:\\\/\\\/somllavors.com\\\/es\\\/producte\\\/maternidad-a-flor-de-piel-la-gran-aventura-de-tu-vida#local-main-place-address\"},\"geo\":{\"@type\":\"GeoCoordinates\",\"latitude\":\"41.2257737\",\"longitude\":\"1.723258859\"},\"telephone\":[\"623152704\"],\"openingHoursSpecification\":[{\"@type\":\"OpeningHoursSpecification\",\"dayOfWeek\":[\"Monday\",\"Sunday\"],\"opens\":\"00:00\",\"closes\":\"00:00\"},{\"@type\":\"OpeningHoursSpecification\",\"dayOfWeek\":[\"Tuesday\",\"Wednesday\",\"Thursday\",\"Friday\"],\"opens\":\"10:00\",\"closes\":\"20:00\"},{\"@type\":\"OpeningHoursSpecification\",\"dayOfWeek\":[\"Saturday\"],\"opens\":\"10:00\",\"closes\":\"13:30\"}],\"email\":\"info@somllavors.com\"},{\"@type\":\"PostalAddress\",\"@id\":\"https:\\\/\\\/somllavors.com\\\/es\\\/producte\\\/maternidad-a-flor-de-piel-la-gran-aventura-de-tu-vida#local-main-place-address\",\"streetAddress\":\"Carrer de l'aigua, 6\",\"addressLocality\":\"Vilanova i la Geltr\u00fa\",\"postalCode\":\"08800\",\"addressRegion\":\"Barcelona\",\"addressCountry\":\"ES\"},{\"@type\":\"ImageObject\",\"inLanguage\":\"es\",\"@id\":\"https:\\\/\\\/somllavors.com\\\/es\\\/producte\\\/maternidad-a-flor-de-piel-la-gran-aventura-de-tu-vida#local-main-organization-logo\",\"url\":\"https:\\\/\\\/somllavors.com\\\/wp-content\\\/uploads\\\/Logotip-Som-Llavors.jpg\",\"contentUrl\":\"https:\\\/\\\/somllavors.com\\\/wp-content\\\/uploads\\\/Logotip-Som-Llavors.jpg\",\"width\":1444,\"height\":1323,\"caption\":\"Som Llavors\"}]}<\/script>\n<meta property=\"product:price:amount\" content=\"18.90\" \/>\n<meta property=\"product:price:currency\" content=\"EUR\" \/>\n<meta property=\"og:availability\" content=\"out of stock\" \/>\n<meta property=\"product:availability\" content=\"out of stock\" \/>\n<meta property=\"product:retailer_item_id\" content=\"9788416895526\" \/>\n<meta property=\"product:condition\" content=\"new\" \/>\n<meta name=\"geo.placename\" content=\"Vilanova i la Geltr\u00fa\" \/>\n<meta name=\"geo.position\" content=\"41.2257737;1.723258859\" \/>\n<meta name=\"geo.region\" content=\"Espa\u00f1a\" \/>\n<!-- \/ Yoast SEO Premium plugin. -->","yoast_head_json":{"title":"Maternidad a flor de piel - La gran aventura de tu vida &#8212; Som Llavors","description":"Este libro es una invitaci\u00f3n a solucionar las inquietudes que aparecen en este fascinante viaje, que es el de ver crecer y criar a los hijos, posiblemente, lo m\u00e1s trascendental que haremos en la vida. A trav\u00e9s de las experiencias de la autora, periodista especializada en maternidad y consultora de crianza, y tambi\u00e9n de los cuentos que acompa\u00f1an su relato, sentiremos la maternidad a flor de piel tanto si todav\u00eda est\u00e1 por llegar, como si ya estamos en pleno proceso de criar a nuestros hijos.  &nbsp;  &nbsp;","robots":{"index":"index","follow":"follow","max-snippet":"max-snippet:-1","max-image-preview":"max-image-preview:large","max-video-preview":"max-video-preview:-1"},"canonical":"https:\/\/somllavors.com\/es\/producte\/maternidad-a-flor-de-piel-la-gran-aventura-de-tu-vida","og_locale":"es_ES","og_type":"article","og_title":"Maternidad a flor de piel - La gran aventura de tu vida","og_description":"La teva botiga d\u2019ecocrian\u00e7a i espai d\u2019acompanyament a la maternitat","og_url":"https:\/\/somllavors.com\/es\/producte\/maternidad-a-flor-de-piel-la-gran-aventura-de-tu-vida","og_site_name":"Som Llavors","article_publisher":"https:\/\/www.facebook.com\/somllavorsvng\/?locale=ca_ES","article_modified_time":"2025-09-19T09:48:56+00:00","og_image":[{"width":552,"height":802,"url":"https:\/\/somllavors.com\/wp-content\/uploads\/9788416895526.jpeg","type":"image\/jpeg"}],"twitter_card":"summary_large_image","twitter_misc":{"Precio":"18,90&euro; Iva incl\u00f2s","Availability":"Out of stock"},"schema":{"@context":"https:\/\/schema.org","@graph":[{"@type":"WebPage","@id":"https:\/\/somllavors.com\/es\/producte\/maternidad-a-flor-de-piel-la-gran-aventura-de-tu-vida","url":"https:\/\/somllavors.com\/es\/producte\/maternidad-a-flor-de-piel-la-gran-aventura-de-tu-vida","name":"Maternidad a flor de piel - La gran aventura de tu vida &#8212; Som Llavors","isPartOf":{"@id":"https:\/\/somllavors.com\/es#website"},"primaryImageOfPage":{"@id":"https:\/\/somllavors.com\/es\/producte\/maternidad-a-flor-de-piel-la-gran-aventura-de-tu-vida#primaryimage"},"image":{"@id":"https:\/\/somllavors.com\/es\/producte\/maternidad-a-flor-de-piel-la-gran-aventura-de-tu-vida#primaryimage"},"thumbnailUrl":"https:\/\/somllavors.com\/wp-content\/uploads\/9788416895526.jpeg","datePublished":"2021-06-29T21:11:36+00:00","dateModified":"2025-09-19T09:48:56+00:00","description":"Este libro es una invitaci\u00f3n a solucionar las inquietudes que aparecen en este fascinante viaje, que es el de ver crecer y criar a los hijos, posiblemente, lo m\u00e1s trascendental que haremos en la vida. A trav\u00e9s de las experiencias de la autora, periodista especializada en maternidad y consultora de crianza, y tambi\u00e9n de los cuentos que acompa\u00f1an su relato, sentiremos la maternidad a flor de piel tanto si todav\u00eda est\u00e1 por llegar, como si ya estamos en pleno proceso de criar a nuestros hijos. &nbsp; &nbsp;","breadcrumb":{"@id":"https:\/\/somllavors.com\/es\/producte\/maternidad-a-flor-de-piel-la-gran-aventura-de-tu-vida#breadcrumb"},"inLanguage":"es","potentialAction":[{"@type":"ReadAction","target":["https:\/\/somllavors.com\/es\/producte\/maternidad-a-flor-de-piel-la-gran-aventura-de-tu-vida"]}]},{"@type":"ImageObject","inLanguage":"es","@id":"https:\/\/somllavors.com\/es\/producte\/maternidad-a-flor-de-piel-la-gran-aventura-de-tu-vida#primaryimage","url":"https:\/\/somllavors.com\/wp-content\/uploads\/9788416895526.jpeg","contentUrl":"https:\/\/somllavors.com\/wp-content\/uploads\/9788416895526.jpeg","width":552,"height":802,"caption":"Maternidad a flor de piel"},{"@type":"BreadcrumbList","@id":"https:\/\/somllavors.com\/es\/producte\/maternidad-a-flor-de-piel-la-gran-aventura-de-tu-vida#breadcrumb","itemListElement":[{"@type":"ListItem","position":1,"name":"Inici","item":"https:\/\/somllavors.com\/es"},{"@type":"ListItem","position":2,"name":"Tienda","item":"https:\/\/somllavors.com\/es\/botiga-2"},{"@type":"ListItem","position":3,"name":"Maternidad a flor de piel &#8211; La gran aventura de tu vida"}]},{"@type":"WebSite","@id":"https:\/\/somllavors.com\/es#website","url":"https:\/\/somllavors.com\/es","name":"Som Llavors","description":"Botiga de crian\u00e7a natural","publisher":{"@id":"https:\/\/somllavors.com\/es#organization"},"alternateName":"Crian\u00e7a Natural i Sostenible","potentialAction":[{"@type":"SearchAction","target":{"@type":"EntryPoint","urlTemplate":"https:\/\/somllavors.com\/es?s={search_term_string}"},"query-input":{"@type":"PropertyValueSpecification","valueRequired":true,"valueName":"search_term_string"}}],"inLanguage":"es"},{"@type":["Organization","Place","Store"],"@id":"https:\/\/somllavors.com\/es#organization","name":"Som Llavors","alternateName":"Crian\u00e7a Natural i Sostenible","url":"https:\/\/somllavors.com\/es","logo":{"@id":"https:\/\/somllavors.com\/es\/producte\/maternidad-a-flor-de-piel-la-gran-aventura-de-tu-vida#local-main-organization-logo"},"image":{"@id":"https:\/\/somllavors.com\/es\/producte\/maternidad-a-flor-de-piel-la-gran-aventura-de-tu-vida#local-main-organization-logo"},"sameAs":["https:\/\/www.facebook.com\/somllavorsvng\/?locale=ca_ES","https:\/\/www.instagram.com\/somllavors_vng\/","https:\/\/www.youtube.com\/@somllavors"],"address":{"@id":"https:\/\/somllavors.com\/es\/producte\/maternidad-a-flor-de-piel-la-gran-aventura-de-tu-vida#local-main-place-address"},"geo":{"@type":"GeoCoordinates","latitude":"41.2257737","longitude":"1.723258859"},"telephone":["623152704","623152704"],"openingHoursSpecification":[{"@type":"OpeningHoursSpecification","dayOfWeek":["Monday","Sunday"],"opens":"00:00","closes":"00:00"},{"@type":"OpeningHoursSpecification","dayOfWeek":["Tuesday","Wednesday","Thursday","Friday"],"opens":"10:00","closes":"20:00"},{"@type":"OpeningHoursSpecification","dayOfWeek":["Saturday"],"opens":"10:00","closes":"13:30"}],"email":"info@somllavors.com"},{"@type":"PostalAddress","@id":"https:\/\/somllavors.com\/es\/producte\/maternidad-a-flor-de-piel-la-gran-aventura-de-tu-vida#local-main-place-address","streetAddress":"Carrer de l'aigua, 6","addressLocality":"Vilanova i la Geltr\u00fa","postalCode":"08800","addressRegion":"Barcelona","addressCountry":"ES"},{"@type":"ImageObject","inLanguage":"es","@id":"https:\/\/somllavors.com\/es\/producte\/maternidad-a-flor-de-piel-la-gran-aventura-de-tu-vida#local-main-organization-logo","url":"https:\/\/somllavors.com\/wp-content\/uploads\/Logotip-Som-Llavors.jpg","contentUrl":"https:\/\/somllavors.com\/wp-content\/uploads\/Logotip-Som-Llavors.jpg","width":1444,"height":1323,"caption":"Som Llavors"}]},"product_price_amount":"18.90","product_price_currency":"EUR","og_availability":"out of stock","product_availability":"out of stock","product_retailer_item_id":"9788416895526","product_condition":"new","geo.placename":"Vilanova i la Geltr\u00fa","geo.position":{"lat":"41.2257737","long":"1.723258859"},"geo.region":"Espa\u00f1a"},"brands":[],"_links":{"self":[{"href":"https:\/\/somllavors.com\/es\/wp-json\/wp\/v2\/product\/10275","targetHints":{"allow":["GET"]}}],"collection":[{"href":"https:\/\/somllavors.com\/es\/wp-json\/wp\/v2\/product"}],"about":[{"href":"https:\/\/somllavors.com\/es\/wp-json\/wp\/v2\/types\/product"}],"wp:featuredmedia":[{"embeddable":true,"href":"https:\/\/somllavors.com\/es\/wp-json\/wp\/v2\/media\/14181"}],"wp:attachment":[{"href":"https:\/\/somllavors.com\/es\/wp-json\/wp\/v2\/media?parent=10275"}],"wp:term":[{"taxonomy":"pwb-brand","embeddable":true,"href":"https:\/\/somllavors.com\/es\/wp-json\/wp\/v2\/pwb-brand?post=10275"},{"taxonomy":"product_brand","embeddable":true,"href":"https:\/\/somllavors.com\/es\/wp-json\/wp\/v2\/product_brand?post=10275"},{"taxonomy":"product_cat","embeddable":true,"href":"https:\/\/somllavors.com\/es\/wp-json\/wp\/v2\/product_cat?post=10275"},{"taxonomy":"product_tag","embeddable":true,"href":"https:\/\/somllavors.com\/es\/wp-json\/wp\/v2\/product_tag?post=10275"}],"curies":[{"name":"wp","href":"https:\/\/api.w.org\/{rel}","templated":true}]}}