{"id":10279,"date":"2021-06-29T23:11:36","date_gmt":"2021-06-29T21:11:36","guid":{"rendered":"https:\/\/somllavors.com\/?post_type=product&#038;p=10279"},"modified":"2021-10-23T14:20:08","modified_gmt":"2021-10-23T12:20:08","slug":"mi-ni%c2%aco-come-de-todo-recetas-y-menus-con-baby-led-weaning-1-prenem-nota","status":"publish","type":"product","link":"https:\/\/somllavors.com\/es\/producte\/mi-ni%c2%aco-come-de-todo-recetas-y-menus-con-baby-led-weaning-1-prenem-nota","title":{"rendered":"Mi ni\u00f1o come de todo- Recetas y men\u00fas con Baby-Led Weaning"},"content":{"rendered":"<p>Para empezar, conocer\u00e1s qu\u00e9 es el Baby-Led Weaning, por qu\u00e9 es bueno para tu hijo y cu\u00e1ndo y c\u00f3mo debes introducirlo. Podr\u00e1s despu\u00e9s pasar a la pr\u00e1ctica siguiendo las sencillas recetas que incorpora el libro, tanto para el momento del desayuno y merienda, como para la comida y la cena.<\/p>\n<p>Si, adem\u00e1s, quieres planificar las comidas, encontrar\u00e1s en la \u00faltima parte del libro men\u00fas saludables y variados, priorizando siempre el producto de temporada y, por \u00faltimo, si lo que prefieres es cocinar una vez para toda la semana, te propone cuatro men\u00fas siguiendo el m\u00e9todo del Batch Cooking.<\/p>\n<p>A partir de los seis meses tu beb\u00e9 puede empezar a comer alimentos s\u00f3lidos para complementar los nutrientes de la leche materna o de f\u00f3rmula.<\/p>\n<p>El m\u00e9todo Baby-Led Weaning, o BLW, propone olvidarse de pur\u00e9s y papillas y ofrecer al beb\u00e9 alimentos s\u00f3lidos cocinados de manera \u00f3ptima para que pueda alimentarse por s\u00ed solo. Tu beb\u00e9 descubrir\u00e1 sabores, colores, texturas y olores sentado a la mesa en familia, y aprender\u00e1 a usar los cubiertos a su ritmo.<\/p>\n","protected":false},"excerpt":{"rendered":"<p>Pon en pr\u00e1ctica el Baby-Led Weaning y prepara men\u00fas para toda la semana.<\/p>\n<p>Esta gu\u00eda que tienes en tus manos te va a hacer la vida m\u00e1s f\u00e1cil: si la pones en pr\u00e1ctica, tu beb\u00e9 comer\u00e1 de todo, de forma sana y saludable, y t\u00fa ahorrar\u00e1s tiempo y dinero.<\/p>\n<p>&nbsp;<\/p>\n","protected":false},"featured_media":14187,"template":"","meta":{"_acf_changed":false,"site-sidebar-layout":"default","site-content-layout":"default","ast-site-content-layout":"default","site-content-style":"default","site-sidebar-style":"default","ast-global-header-display":"","ast-banner-title-visibility":"","ast-main-header-display":"","ast-hfb-above-header-display":"","ast-hfb-below-header-display":"","ast-hfb-mobile-header-display":"","site-post-title":"","ast-breadcrumbs-content":"","ast-featured-img":"","footer-sml-layout":"","theme-transparent-header-meta":"default","adv-header-id-meta":"","stick-header-meta":"","header-above-stick-meta":"","header-main-stick-meta":"","header-below-stick-meta":"","astra-migrate-meta-layouts":"default","ast-page-background-enabled":"default","ast-page-background-meta":{"desktop":{"background-color":"","background-image":"","background-repeat":"repeat","background-position":"center center","background-size":"auto","background-attachment":"scroll","background-type":"","background-media":"","overlay-type":"","overlay-color":"","overlay-opacity":"","overlay-gradient":""},"tablet":{"background-color":"","background-image":"","background-repeat":"repeat","background-position":"center center","background-size":"auto","background-attachment":"scroll","background-type":"","background-media":"","overlay-type":"","overlay-color":"","overlay-opacity":"","overlay-gradient":""},"mobile":{"background-color":"","background-image":"","background-repeat":"repeat","background-position":"center center","background-size":"auto","background-attachment":"scroll","background-type":"","background-media":"","overlay-type":"","overlay-color":"","overlay-opacity":"","overlay-gradient":""}},"ast-content-background-meta":{"desktop":{"background-color":"var(--ast-global-color-5)","background-image":"","background-repeat":"repeat","background-position":"center center","background-size":"auto","background-attachment":"scroll","background-type":"","background-media":"","overlay-type":"","overlay-color":"","overlay-opacity":"","overlay-gradient":""},"tablet":{"background-color":"var(--ast-global-color-5)","background-image":"","background-repeat":"repeat","background-position":"center center","background-size":"auto","background-attachment":"scroll","background-type":"","background-media":"","overlay-type":"","overlay-color":"","overlay-opacity":"","overlay-gradient":""},"mobile":{"background-color":"var(--ast-global-color-5)","background-image":"","background-repeat":"repeat","background-position":"center center","background-size":"auto","background-attachment":"scroll","background-type":"","background-media":"","overlay-type":"","overlay-color":"","overlay-opacity":"","overlay-gradient":""}}},"pwb-brand":[],"product_brand":[],"product_cat":[568],"product_tag":[981,1189,851],"class_list":{"0":"post-10279","1":"product","2":"type-product","3":"status-publish","4":"has-post-thumbnail","6":"product_cat-adults","7":"product_tag-blw","8":"product_tag-grijalbo","9":"product_tag-libro","10":"desktop-align-left","11":"tablet-align-left","12":"mobile-align-left","14":"first","15":"outofstock","16":"taxable","17":"shipping-taxable","18":"purchasable","19":"product-type-simple"},"acf":[],"yoast_head":"<!-- This site is optimized with the Yoast SEO Premium plugin v18.3 (Yoast SEO v27.4) - https:\/\/yoast.com\/product\/yoast-seo-premium-wordpress\/ -->\n<title>Mi ni\u00f1o come de todo- Recetas y men\u00fas con Baby-Led Weaning &#8212; Som Llavors<\/title>\n<meta name=\"description\" content=\"Pon en pr\u00e1ctica el Baby-Led Weaning y prepara men\u00fas para toda la semana.  Esta gu\u00eda que tienes en tus manos te va a hacer la vida m\u00e1s f\u00e1cil: si la pones en pr\u00e1ctica, tu beb\u00e9 comer\u00e1 de todo, de forma sana y saludable, y t\u00fa ahorrar\u00e1s tiempo y dinero.  &nbsp;\" \/>\n<meta name=\"robots\" content=\"index, follow, max-snippet:-1, max-image-preview:large, max-video-preview:-1\" \/>\n<link rel=\"canonical\" href=\"https:\/\/somllavors.com\/es\/producte\/mi-ni%c2%aco-come-de-todo-recetas-y-menus-con-baby-led-weaning-1-prenem-nota\" \/>\n<meta property=\"og:locale\" content=\"es_ES\" \/>\n<meta property=\"og:type\" content=\"article\" \/>\n<meta property=\"og:title\" content=\"Mi ni\u00f1o come de todo- Recetas y men\u00fas con Baby-Led Weaning\" \/>\n<meta property=\"og:description\" content=\"La teva botiga d\u2019ecocrian\u00e7a i espai d\u2019acompanyament a la maternitat\" \/>\n<meta property=\"og:url\" content=\"https:\/\/somllavors.com\/es\/producte\/mi-ni%c2%aco-come-de-todo-recetas-y-menus-con-baby-led-weaning-1-prenem-nota\" \/>\n<meta property=\"og:site_name\" content=\"Som Llavors\" \/>\n<meta property=\"article:publisher\" content=\"https:\/\/www.facebook.com\/somllavorsvng\/?locale=ca_ES\" \/>\n<meta property=\"article:modified_time\" content=\"2021-10-23T12:20:08+00:00\" \/>\n<meta property=\"og:image\" content=\"https:\/\/somllavors.com\/wp-content\/uploads\/9788417338350.jpeg\" \/>\n\t<meta property=\"og:image:width\" content=\"552\" \/>\n\t<meta property=\"og:image:height\" content=\"702\" \/>\n\t<meta property=\"og:image:type\" content=\"image\/jpeg\" \/>\n<meta name=\"twitter:card\" content=\"summary_large_image\" \/>\n<meta name=\"twitter:label1\" content=\"Precio\" \/>\n\t<meta name=\"twitter:data1\" content=\"18,90&euro; Iva incl\u00f2s\" \/>\n\t<meta name=\"twitter:label2\" content=\"Availability\" \/>\n\t<meta name=\"twitter:data2\" content=\"Out of stock\" \/>\n<script type=\"application\/ld+json\" class=\"yoast-schema-graph\">{\"@context\":\"https:\\\/\\\/schema.org\",\"@graph\":[{\"@type\":\"WebPage\",\"@id\":\"https:\\\/\\\/somllavors.com\\\/es\\\/producte\\\/mi-ni%c2%aco-come-de-todo-recetas-y-menus-con-baby-led-weaning-1-prenem-nota\",\"url\":\"https:\\\/\\\/somllavors.com\\\/es\\\/producte\\\/mi-ni%c2%aco-come-de-todo-recetas-y-menus-con-baby-led-weaning-1-prenem-nota\",\"name\":\"Mi ni\u00f1o come de todo- Recetas y men\u00fas con Baby-Led Weaning &#8212; Som Llavors\",\"isPartOf\":{\"@id\":\"https:\\\/\\\/somllavors.com\\\/es#website\"},\"primaryImageOfPage\":{\"@id\":\"https:\\\/\\\/somllavors.com\\\/es\\\/producte\\\/mi-ni%c2%aco-come-de-todo-recetas-y-menus-con-baby-led-weaning-1-prenem-nota#primaryimage\"},\"image\":{\"@id\":\"https:\\\/\\\/somllavors.com\\\/es\\\/producte\\\/mi-ni%c2%aco-come-de-todo-recetas-y-menus-con-baby-led-weaning-1-prenem-nota#primaryimage\"},\"thumbnailUrl\":\"https:\\\/\\\/somllavors.com\\\/wp-content\\\/uploads\\\/9788417338350.jpeg\",\"datePublished\":\"2021-06-29T21:11:36+00:00\",\"dateModified\":\"2021-10-23T12:20:08+00:00\",\"description\":\"Pon en pr\u00e1ctica el Baby-Led Weaning y prepara men\u00fas para toda la semana. Esta gu\u00eda que tienes en tus manos te va a hacer la vida m\u00e1s f\u00e1cil: si la pones en pr\u00e1ctica, tu beb\u00e9 comer\u00e1 de todo, de forma sana y saludable, y t\u00fa ahorrar\u00e1s tiempo y dinero. &nbsp;\",\"breadcrumb\":{\"@id\":\"https:\\\/\\\/somllavors.com\\\/es\\\/producte\\\/mi-ni%c2%aco-come-de-todo-recetas-y-menus-con-baby-led-weaning-1-prenem-nota#breadcrumb\"},\"inLanguage\":\"es\",\"potentialAction\":[{\"@type\":\"ReadAction\",\"target\":[\"https:\\\/\\\/somllavors.com\\\/es\\\/producte\\\/mi-ni%c2%aco-come-de-todo-recetas-y-menus-con-baby-led-weaning-1-prenem-nota\"]}]},{\"@type\":\"ImageObject\",\"inLanguage\":\"es\",\"@id\":\"https:\\\/\\\/somllavors.com\\\/es\\\/producte\\\/mi-ni%c2%aco-come-de-todo-recetas-y-menus-con-baby-led-weaning-1-prenem-nota#primaryimage\",\"url\":\"https:\\\/\\\/somllavors.com\\\/wp-content\\\/uploads\\\/9788417338350.jpeg\",\"contentUrl\":\"https:\\\/\\\/somllavors.com\\\/wp-content\\\/uploads\\\/9788417338350.jpeg\",\"width\":552,\"height\":702,\"caption\":\"Mi ni\u00f1o come de todo blw\"},{\"@type\":\"BreadcrumbList\",\"@id\":\"https:\\\/\\\/somllavors.com\\\/es\\\/producte\\\/mi-ni%c2%aco-come-de-todo-recetas-y-menus-con-baby-led-weaning-1-prenem-nota#breadcrumb\",\"itemListElement\":[{\"@type\":\"ListItem\",\"position\":1,\"name\":\"Inici\",\"item\":\"https:\\\/\\\/somllavors.com\\\/es\"},{\"@type\":\"ListItem\",\"position\":2,\"name\":\"Tienda\",\"item\":\"https:\\\/\\\/somllavors.com\\\/es\\\/botiga-2\"},{\"@type\":\"ListItem\",\"position\":3,\"name\":\"Mi ni\u00f1o come de todo- Recetas y men\u00fas con Baby-Led Weaning\"}]},{\"@type\":\"WebSite\",\"@id\":\"https:\\\/\\\/somllavors.com\\\/es#website\",\"url\":\"https:\\\/\\\/somllavors.com\\\/es\",\"name\":\"Som Llavors\",\"description\":\"Botiga de crian\u00e7a natural\",\"publisher\":{\"@id\":\"https:\\\/\\\/somllavors.com\\\/es#organization\"},\"alternateName\":\"Crian\u00e7a Natural i Sostenible\",\"potentialAction\":[{\"@type\":\"SearchAction\",\"target\":{\"@type\":\"EntryPoint\",\"urlTemplate\":\"https:\\\/\\\/somllavors.com\\\/es?s={search_term_string}\"},\"query-input\":{\"@type\":\"PropertyValueSpecification\",\"valueRequired\":true,\"valueName\":\"search_term_string\"}}],\"inLanguage\":\"es\"},{\"@type\":[\"Organization\",\"Place\",\"Store\"],\"@id\":\"https:\\\/\\\/somllavors.com\\\/es#organization\",\"name\":\"Som Llavors\",\"alternateName\":\"Crian\u00e7a Natural i Sostenible\",\"url\":\"https:\\\/\\\/somllavors.com\\\/es\",\"logo\":{\"@id\":\"https:\\\/\\\/somllavors.com\\\/es\\\/producte\\\/mi-ni%c2%aco-come-de-todo-recetas-y-menus-con-baby-led-weaning-1-prenem-nota#local-main-organization-logo\"},\"image\":{\"@id\":\"https:\\\/\\\/somllavors.com\\\/es\\\/producte\\\/mi-ni%c2%aco-come-de-todo-recetas-y-menus-con-baby-led-weaning-1-prenem-nota#local-main-organization-logo\"},\"sameAs\":[\"https:\\\/\\\/www.facebook.com\\\/somllavorsvng\\\/?locale=ca_ES\",\"https:\\\/\\\/www.instagram.com\\\/somllavors_vng\\\/\",\"https:\\\/\\\/www.youtube.com\\\/@somllavors\"],\"address\":{\"@id\":\"https:\\\/\\\/somllavors.com\\\/es\\\/producte\\\/mi-ni%c2%aco-come-de-todo-recetas-y-menus-con-baby-led-weaning-1-prenem-nota#local-main-place-address\"},\"geo\":{\"@type\":\"GeoCoordinates\",\"latitude\":\"41.2257737\",\"longitude\":\"1.723258859\"},\"telephone\":[\"623152704\"],\"openingHoursSpecification\":[{\"@type\":\"OpeningHoursSpecification\",\"dayOfWeek\":[\"Monday\",\"Sunday\"],\"opens\":\"00:00\",\"closes\":\"00:00\"},{\"@type\":\"OpeningHoursSpecification\",\"dayOfWeek\":[\"Tuesday\",\"Wednesday\",\"Thursday\",\"Friday\"],\"opens\":\"10:00\",\"closes\":\"20:00\"},{\"@type\":\"OpeningHoursSpecification\",\"dayOfWeek\":[\"Saturday\"],\"opens\":\"10:00\",\"closes\":\"13:30\"}],\"email\":\"info@somllavors.com\"},{\"@type\":\"PostalAddress\",\"@id\":\"https:\\\/\\\/somllavors.com\\\/es\\\/producte\\\/mi-ni%c2%aco-come-de-todo-recetas-y-menus-con-baby-led-weaning-1-prenem-nota#local-main-place-address\",\"streetAddress\":\"Carrer de l'aigua, 6\",\"addressLocality\":\"Vilanova i la Geltr\u00fa\",\"postalCode\":\"08800\",\"addressRegion\":\"Barcelona\",\"addressCountry\":\"ES\"},{\"@type\":\"ImageObject\",\"inLanguage\":\"es\",\"@id\":\"https:\\\/\\\/somllavors.com\\\/es\\\/producte\\\/mi-ni%c2%aco-come-de-todo-recetas-y-menus-con-baby-led-weaning-1-prenem-nota#local-main-organization-logo\",\"url\":\"https:\\\/\\\/somllavors.com\\\/wp-content\\\/uploads\\\/Logotip-Som-Llavors.jpg\",\"contentUrl\":\"https:\\\/\\\/somllavors.com\\\/wp-content\\\/uploads\\\/Logotip-Som-Llavors.jpg\",\"width\":1444,\"height\":1323,\"caption\":\"Som Llavors\"}]}<\/script>\n<meta property=\"product:price:amount\" content=\"18.90\" \/>\n<meta property=\"product:price:currency\" content=\"EUR\" \/>\n<meta property=\"og:availability\" content=\"out of stock\" \/>\n<meta property=\"product:availability\" content=\"out of stock\" \/>\n<meta property=\"product:retailer_item_id\" content=\"9788417338350\" \/>\n<meta property=\"product:condition\" content=\"new\" \/>\n<meta name=\"geo.placename\" content=\"Vilanova i la Geltr\u00fa\" \/>\n<meta name=\"geo.position\" content=\"41.2257737;1.723258859\" \/>\n<meta name=\"geo.region\" content=\"Espa\u00f1a\" \/>\n<!-- \/ Yoast SEO Premium plugin. -->","yoast_head_json":{"title":"Mi ni\u00f1o come de todo- Recetas y men\u00fas con Baby-Led Weaning &#8212; Som Llavors","description":"Pon en pr\u00e1ctica el Baby-Led Weaning y prepara men\u00fas para toda la semana.  Esta gu\u00eda que tienes en tus manos te va a hacer la vida m\u00e1s f\u00e1cil: si la pones en pr\u00e1ctica, tu beb\u00e9 comer\u00e1 de todo, de forma sana y saludable, y t\u00fa ahorrar\u00e1s tiempo y dinero.  &nbsp;","robots":{"index":"index","follow":"follow","max-snippet":"max-snippet:-1","max-image-preview":"max-image-preview:large","max-video-preview":"max-video-preview:-1"},"canonical":"https:\/\/somllavors.com\/es\/producte\/mi-ni%c2%aco-come-de-todo-recetas-y-menus-con-baby-led-weaning-1-prenem-nota","og_locale":"es_ES","og_type":"article","og_title":"Mi ni\u00f1o come de todo- Recetas y men\u00fas con Baby-Led Weaning","og_description":"La teva botiga d\u2019ecocrian\u00e7a i espai d\u2019acompanyament a la maternitat","og_url":"https:\/\/somllavors.com\/es\/producte\/mi-ni%c2%aco-come-de-todo-recetas-y-menus-con-baby-led-weaning-1-prenem-nota","og_site_name":"Som Llavors","article_publisher":"https:\/\/www.facebook.com\/somllavorsvng\/?locale=ca_ES","article_modified_time":"2021-10-23T12:20:08+00:00","og_image":[{"width":552,"height":702,"url":"https:\/\/somllavors.com\/wp-content\/uploads\/9788417338350.jpeg","type":"image\/jpeg"}],"twitter_card":"summary_large_image","twitter_misc":{"Precio":"18,90&euro; Iva incl\u00f2s","Availability":"Out of stock"},"schema":{"@context":"https:\/\/schema.org","@graph":[{"@type":"WebPage","@id":"https:\/\/somllavors.com\/es\/producte\/mi-ni%c2%aco-come-de-todo-recetas-y-menus-con-baby-led-weaning-1-prenem-nota","url":"https:\/\/somllavors.com\/es\/producte\/mi-ni%c2%aco-come-de-todo-recetas-y-menus-con-baby-led-weaning-1-prenem-nota","name":"Mi ni\u00f1o come de todo- Recetas y men\u00fas con Baby-Led Weaning &#8212; Som Llavors","isPartOf":{"@id":"https:\/\/somllavors.com\/es#website"},"primaryImageOfPage":{"@id":"https:\/\/somllavors.com\/es\/producte\/mi-ni%c2%aco-come-de-todo-recetas-y-menus-con-baby-led-weaning-1-prenem-nota#primaryimage"},"image":{"@id":"https:\/\/somllavors.com\/es\/producte\/mi-ni%c2%aco-come-de-todo-recetas-y-menus-con-baby-led-weaning-1-prenem-nota#primaryimage"},"thumbnailUrl":"https:\/\/somllavors.com\/wp-content\/uploads\/9788417338350.jpeg","datePublished":"2021-06-29T21:11:36+00:00","dateModified":"2021-10-23T12:20:08+00:00","description":"Pon en pr\u00e1ctica el Baby-Led Weaning y prepara men\u00fas para toda la semana. Esta gu\u00eda que tienes en tus manos te va a hacer la vida m\u00e1s f\u00e1cil: si la pones en pr\u00e1ctica, tu beb\u00e9 comer\u00e1 de todo, de forma sana y saludable, y t\u00fa ahorrar\u00e1s tiempo y dinero. &nbsp;","breadcrumb":{"@id":"https:\/\/somllavors.com\/es\/producte\/mi-ni%c2%aco-come-de-todo-recetas-y-menus-con-baby-led-weaning-1-prenem-nota#breadcrumb"},"inLanguage":"es","potentialAction":[{"@type":"ReadAction","target":["https:\/\/somllavors.com\/es\/producte\/mi-ni%c2%aco-come-de-todo-recetas-y-menus-con-baby-led-weaning-1-prenem-nota"]}]},{"@type":"ImageObject","inLanguage":"es","@id":"https:\/\/somllavors.com\/es\/producte\/mi-ni%c2%aco-come-de-todo-recetas-y-menus-con-baby-led-weaning-1-prenem-nota#primaryimage","url":"https:\/\/somllavors.com\/wp-content\/uploads\/9788417338350.jpeg","contentUrl":"https:\/\/somllavors.com\/wp-content\/uploads\/9788417338350.jpeg","width":552,"height":702,"caption":"Mi ni\u00f1o come de todo blw"},{"@type":"BreadcrumbList","@id":"https:\/\/somllavors.com\/es\/producte\/mi-ni%c2%aco-come-de-todo-recetas-y-menus-con-baby-led-weaning-1-prenem-nota#breadcrumb","itemListElement":[{"@type":"ListItem","position":1,"name":"Inici","item":"https:\/\/somllavors.com\/es"},{"@type":"ListItem","position":2,"name":"Tienda","item":"https:\/\/somllavors.com\/es\/botiga-2"},{"@type":"ListItem","position":3,"name":"Mi ni\u00f1o come de todo- Recetas y men\u00fas con Baby-Led Weaning"}]},{"@type":"WebSite","@id":"https:\/\/somllavors.com\/es#website","url":"https:\/\/somllavors.com\/es","name":"Som Llavors","description":"Botiga de crian\u00e7a natural","publisher":{"@id":"https:\/\/somllavors.com\/es#organization"},"alternateName":"Crian\u00e7a Natural i Sostenible","potentialAction":[{"@type":"SearchAction","target":{"@type":"EntryPoint","urlTemplate":"https:\/\/somllavors.com\/es?s={search_term_string}"},"query-input":{"@type":"PropertyValueSpecification","valueRequired":true,"valueName":"search_term_string"}}],"inLanguage":"es"},{"@type":["Organization","Place","Store"],"@id":"https:\/\/somllavors.com\/es#organization","name":"Som Llavors","alternateName":"Crian\u00e7a Natural i Sostenible","url":"https:\/\/somllavors.com\/es","logo":{"@id":"https:\/\/somllavors.com\/es\/producte\/mi-ni%c2%aco-come-de-todo-recetas-y-menus-con-baby-led-weaning-1-prenem-nota#local-main-organization-logo"},"image":{"@id":"https:\/\/somllavors.com\/es\/producte\/mi-ni%c2%aco-come-de-todo-recetas-y-menus-con-baby-led-weaning-1-prenem-nota#local-main-organization-logo"},"sameAs":["https:\/\/www.facebook.com\/somllavorsvng\/?locale=ca_ES","https:\/\/www.instagram.com\/somllavors_vng\/","https:\/\/www.youtube.com\/@somllavors"],"address":{"@id":"https:\/\/somllavors.com\/es\/producte\/mi-ni%c2%aco-come-de-todo-recetas-y-menus-con-baby-led-weaning-1-prenem-nota#local-main-place-address"},"geo":{"@type":"GeoCoordinates","latitude":"41.2257737","longitude":"1.723258859"},"telephone":["623152704","623152704"],"openingHoursSpecification":[{"@type":"OpeningHoursSpecification","dayOfWeek":["Monday","Sunday"],"opens":"00:00","closes":"00:00"},{"@type":"OpeningHoursSpecification","dayOfWeek":["Tuesday","Wednesday","Thursday","Friday"],"opens":"10:00","closes":"20:00"},{"@type":"OpeningHoursSpecification","dayOfWeek":["Saturday"],"opens":"10:00","closes":"13:30"}],"email":"info@somllavors.com"},{"@type":"PostalAddress","@id":"https:\/\/somllavors.com\/es\/producte\/mi-ni%c2%aco-come-de-todo-recetas-y-menus-con-baby-led-weaning-1-prenem-nota#local-main-place-address","streetAddress":"Carrer de l'aigua, 6","addressLocality":"Vilanova i la Geltr\u00fa","postalCode":"08800","addressRegion":"Barcelona","addressCountry":"ES"},{"@type":"ImageObject","inLanguage":"es","@id":"https:\/\/somllavors.com\/es\/producte\/mi-ni%c2%aco-come-de-todo-recetas-y-menus-con-baby-led-weaning-1-prenem-nota#local-main-organization-logo","url":"https:\/\/somllavors.com\/wp-content\/uploads\/Logotip-Som-Llavors.jpg","contentUrl":"https:\/\/somllavors.com\/wp-content\/uploads\/Logotip-Som-Llavors.jpg","width":1444,"height":1323,"caption":"Som Llavors"}]},"product_price_amount":"18.90","product_price_currency":"EUR","og_availability":"out of stock","product_availability":"out of stock","product_retailer_item_id":"9788417338350","product_condition":"new","geo.placename":"Vilanova i la Geltr\u00fa","geo.position":{"lat":"41.2257737","long":"1.723258859"},"geo.region":"Espa\u00f1a"},"brands":[],"_links":{"self":[{"href":"https:\/\/somllavors.com\/es\/wp-json\/wp\/v2\/product\/10279","targetHints":{"allow":["GET"]}}],"collection":[{"href":"https:\/\/somllavors.com\/es\/wp-json\/wp\/v2\/product"}],"about":[{"href":"https:\/\/somllavors.com\/es\/wp-json\/wp\/v2\/types\/product"}],"wp:featuredmedia":[{"embeddable":true,"href":"https:\/\/somllavors.com\/es\/wp-json\/wp\/v2\/media\/14187"}],"wp:attachment":[{"href":"https:\/\/somllavors.com\/es\/wp-json\/wp\/v2\/media?parent=10279"}],"wp:term":[{"taxonomy":"pwb-brand","embeddable":true,"href":"https:\/\/somllavors.com\/es\/wp-json\/wp\/v2\/pwb-brand?post=10279"},{"taxonomy":"product_brand","embeddable":true,"href":"https:\/\/somllavors.com\/es\/wp-json\/wp\/v2\/product_brand?post=10279"},{"taxonomy":"product_cat","embeddable":true,"href":"https:\/\/somllavors.com\/es\/wp-json\/wp\/v2\/product_cat?post=10279"},{"taxonomy":"product_tag","embeddable":true,"href":"https:\/\/somllavors.com\/es\/wp-json\/wp\/v2\/product_tag?post=10279"}],"curies":[{"name":"wp","href":"https:\/\/api.w.org\/{rel}","templated":true}]}}