{"id":10280,"date":"2021-06-29T23:11:36","date_gmt":"2021-06-29T21:11:36","guid":{"rendered":"https:\/\/somllavors.com\/?post_type=product&#038;p=10280"},"modified":"2021-10-23T14:24:10","modified_gmt":"2021-10-23T12:24:10","slug":"montessorizate-libro-de-actividades-para-disfrutar-y-conectar-con-la-familia-1-prenem-nota","status":"publish","type":"product","link":"https:\/\/somllavors.com\/es\/producte\/montessorizate-libro-de-actividades-para-disfrutar-y-conectar-con-la-familia-1-prenem-nota","title":{"rendered":"Montessor\u00edzate &#8211; Libro de actividades para disfrutar y conectar con la familia"},"content":{"rendered":"<p>En este libro encontrar\u00e1s multitud de propuestas pr\u00e1cticas para descubrir el mundo y aprender a explorar la naturaleza. No ten\u00e9is que hacerlas todas ni de manera ordenada. La idea es proporcionar la herramienta perfecta para poder dar respuesta a la curiosidad innata de tu hijo o hija, y facilitar experiencias de aprendizaje aut\u00f3nomo.<\/p>\n<p>Despu\u00e9s de leerlo tendr\u00e1s muchas m\u00e1s estrategias para acompa\u00f1arle en su camino. Deja que lo hojee, descubre qu\u00e9 es lo que capta su atenci\u00f3n y observa todo lo que aprende siguiendo sus intereses. Y en el proceso, seguro que aprender\u00e1s tambi\u00e9n a conectar contigo mismo, con el ni\u00f1o, o la ni\u00f1a, que fuiste y que siempre ser\u00e1s.<\/p>\n<p>\u00a1Incluye recortables y acceso a multitud de imprimibles exclusivos para disfrutarlos toda la familia!<\/p>\n","protected":false},"excerpt":{"rendered":"<p>M\u00e1s de 80 actividades para practicar el m\u00e9todo Montessori desde casa contus hijos.<\/p>\n<p>Tras el \u00e9xito de ventas de <i>Montessor\u00edzate<\/i>, Beatriz M. Mu\u00f1oz y Nitdia Azn\u00e1rez presentan<i>\u00a0Montessor\u00edzate. Libro de actividades para disfrutar y conectar en familia,<\/i>\u00a0la gu\u00eda definitiva para aplicar el m\u00e9todo Montessori en casa. Siguiendo la base te\u00f3rica de esta pedagog\u00eda y del desarrollo del ni\u00f1o, estas actividades te ayudar\u00e1n a acompa\u00f1ar a tu hijo para que aprenda y se divierta, potenciando su autonom\u00eda y la confianza en s\u00ed mismo.<\/p>\n<p>&nbsp;<\/p>\n","protected":false},"featured_media":14186,"template":"","meta":{"_acf_changed":false,"site-sidebar-layout":"default","site-content-layout":"default","ast-site-content-layout":"default","site-content-style":"default","site-sidebar-style":"default","ast-global-header-display":"","ast-banner-title-visibility":"","ast-main-header-display":"","ast-hfb-above-header-display":"","ast-hfb-below-header-display":"","ast-hfb-mobile-header-display":"","site-post-title":"","ast-breadcrumbs-content":"","ast-featured-img":"","footer-sml-layout":"","ast-disable-related-posts":"","theme-transparent-header-meta":"default","adv-header-id-meta":"","stick-header-meta":"","header-above-stick-meta":"","header-main-stick-meta":"","header-below-stick-meta":"","astra-migrate-meta-layouts":"default","ast-page-background-enabled":"default","ast-page-background-meta":{"desktop":{"background-color":"","background-image":"","background-repeat":"repeat","background-position":"center center","background-size":"auto","background-attachment":"scroll","background-type":"","background-media":"","overlay-type":"","overlay-color":"","overlay-opacity":"","overlay-gradient":""},"tablet":{"background-color":"","background-image":"","background-repeat":"repeat","background-position":"center center","background-size":"auto","background-attachment":"scroll","background-type":"","background-media":"","overlay-type":"","overlay-color":"","overlay-opacity":"","overlay-gradient":""},"mobile":{"background-color":"","background-image":"","background-repeat":"repeat","background-position":"center center","background-size":"auto","background-attachment":"scroll","background-type":"","background-media":"","overlay-type":"","overlay-color":"","overlay-opacity":"","overlay-gradient":""}},"ast-content-background-meta":{"desktop":{"background-color":"var(--ast-global-color-5)","background-image":"","background-repeat":"repeat","background-position":"center center","background-size":"auto","background-attachment":"scroll","background-type":"","background-media":"","overlay-type":"","overlay-color":"","overlay-opacity":"","overlay-gradient":""},"tablet":{"background-color":"var(--ast-global-color-5)","background-image":"","background-repeat":"repeat","background-position":"center center","background-size":"auto","background-attachment":"scroll","background-type":"","background-media":"","overlay-type":"","overlay-color":"","overlay-opacity":"","overlay-gradient":""},"mobile":{"background-color":"var(--ast-global-color-5)","background-image":"","background-repeat":"repeat","background-position":"center center","background-size":"auto","background-attachment":"scroll","background-type":"","background-media":"","overlay-type":"","overlay-color":"","overlay-opacity":"","overlay-gradient":""}}},"pwb-brand":[],"product_brand":[],"product_cat":[568],"product_tag":[1189,851,998],"class_list":{"0":"post-10280","1":"product","2":"type-product","3":"status-publish","4":"has-post-thumbnail","6":"product_cat-adults","7":"product_tag-grijalbo","8":"product_tag-libro","9":"product_tag-montessori","10":"desktop-align-left","11":"tablet-align-left","12":"mobile-align-left","14":"first","15":"instock","16":"taxable","17":"shipping-taxable","18":"purchasable","19":"product-type-simple"},"acf":[],"yoast_head":"<!-- This site is optimized with the Yoast SEO Premium plugin v18.3 (Yoast SEO v27.4) - https:\/\/yoast.com\/product\/yoast-seo-premium-wordpress\/ -->\n<title>Montessor\u00edzate - Libro de actividades para disfrutar y conectar con la familia &#8212; Som Llavors<\/title>\n<meta name=\"description\" content=\"M\u00e1s de 80 actividades para practicar el m\u00e9todo Montessori desde casa contus hijos.  Tras el \u00e9xito de ventas de Montessor\u00edzate, Beatriz M. Mu\u00f1oz y Nitdia Azn\u00e1rez presentan\u00a0Montessor\u00edzate. Libro de actividades para disfrutar y conectar en familia,\u00a0la gu\u00eda definitiva para aplicar el m\u00e9todo Montessori en casa. Siguiendo la base te\u00f3rica de esta pedagog\u00eda y del desarrollo del ni\u00f1o, estas actividades te ayudar\u00e1n a acompa\u00f1ar a tu hijo para que aprenda y se divierta, potenciando su autonom\u00eda y la confianza en s\u00ed mismo.  &nbsp;\" \/>\n<meta name=\"robots\" content=\"index, follow, max-snippet:-1, max-image-preview:large, max-video-preview:-1\" \/>\n<link rel=\"canonical\" href=\"https:\/\/somllavors.com\/es\/producte\/montessorizate-libro-de-actividades-para-disfrutar-y-conectar-con-la-familia-1-prenem-nota\" \/>\n<meta property=\"og:locale\" content=\"es_ES\" \/>\n<meta property=\"og:type\" content=\"article\" \/>\n<meta property=\"og:title\" content=\"Montessor\u00edzate - Libro de actividades para disfrutar y conectar con la familia\" \/>\n<meta property=\"og:description\" content=\"La teva botiga d\u2019ecocrian\u00e7a i espai d\u2019acompanyament a la maternitat\" \/>\n<meta property=\"og:url\" content=\"https:\/\/somllavors.com\/es\/producte\/montessorizate-libro-de-actividades-para-disfrutar-y-conectar-con-la-familia-1-prenem-nota\" \/>\n<meta property=\"og:site_name\" content=\"Som Llavors\" \/>\n<meta property=\"article:publisher\" content=\"https:\/\/www.facebook.com\/somllavorsvng\/?locale=ca_ES\" \/>\n<meta property=\"article:modified_time\" content=\"2021-10-23T12:24:10+00:00\" \/>\n<meta property=\"og:image\" content=\"https:\/\/somllavors.com\/wp-content\/uploads\/9788417338657.jpeg\" \/>\n\t<meta property=\"og:image:width\" content=\"552\" \/>\n\t<meta property=\"og:image:height\" content=\"728\" \/>\n\t<meta property=\"og:image:type\" content=\"image\/jpeg\" \/>\n<meta name=\"twitter:card\" content=\"summary_large_image\" \/>\n<meta name=\"twitter:label1\" content=\"Precio\" \/>\n\t<meta name=\"twitter:data1\" content=\"18,90&euro; Iva incl\u00f2s\" \/>\n\t<meta name=\"twitter:label2\" content=\"Availability\" \/>\n\t<meta name=\"twitter:data2\" content=\"Hay existencias\" \/>\n<script type=\"application\/ld+json\" class=\"yoast-schema-graph\">{\"@context\":\"https:\\\/\\\/schema.org\",\"@graph\":[{\"@type\":\"WebPage\",\"@id\":\"https:\\\/\\\/somllavors.com\\\/es\\\/producte\\\/montessorizate-libro-de-actividades-para-disfrutar-y-conectar-con-la-familia-1-prenem-nota\",\"url\":\"https:\\\/\\\/somllavors.com\\\/es\\\/producte\\\/montessorizate-libro-de-actividades-para-disfrutar-y-conectar-con-la-familia-1-prenem-nota\",\"name\":\"Montessor\u00edzate - Libro de actividades para disfrutar y conectar con la familia &#8212; Som Llavors\",\"isPartOf\":{\"@id\":\"https:\\\/\\\/somllavors.com\\\/es#website\"},\"primaryImageOfPage\":{\"@id\":\"https:\\\/\\\/somllavors.com\\\/es\\\/producte\\\/montessorizate-libro-de-actividades-para-disfrutar-y-conectar-con-la-familia-1-prenem-nota#primaryimage\"},\"image\":{\"@id\":\"https:\\\/\\\/somllavors.com\\\/es\\\/producte\\\/montessorizate-libro-de-actividades-para-disfrutar-y-conectar-con-la-familia-1-prenem-nota#primaryimage\"},\"thumbnailUrl\":\"https:\\\/\\\/somllavors.com\\\/wp-content\\\/uploads\\\/9788417338657.jpeg\",\"datePublished\":\"2021-06-29T21:11:36+00:00\",\"dateModified\":\"2021-10-23T12:24:10+00:00\",\"description\":\"M\u00e1s de 80 actividades para practicar el m\u00e9todo Montessori desde casa contus hijos. Tras el \u00e9xito de ventas de Montessor\u00edzate, Beatriz M. Mu\u00f1oz y Nitdia Azn\u00e1rez presentan\u00a0Montessor\u00edzate. Libro de actividades para disfrutar y conectar en familia,\u00a0la gu\u00eda definitiva para aplicar el m\u00e9todo Montessori en casa. Siguiendo la base te\u00f3rica de esta pedagog\u00eda y del desarrollo del ni\u00f1o, estas actividades te ayudar\u00e1n a acompa\u00f1ar a tu hijo para que aprenda y se divierta, potenciando su autonom\u00eda y la confianza en s\u00ed mismo. &nbsp;\",\"breadcrumb\":{\"@id\":\"https:\\\/\\\/somllavors.com\\\/es\\\/producte\\\/montessorizate-libro-de-actividades-para-disfrutar-y-conectar-con-la-familia-1-prenem-nota#breadcrumb\"},\"inLanguage\":\"es\",\"potentialAction\":[{\"@type\":\"ReadAction\",\"target\":[\"https:\\\/\\\/somllavors.com\\\/es\\\/producte\\\/montessorizate-libro-de-actividades-para-disfrutar-y-conectar-con-la-familia-1-prenem-nota\"]}]},{\"@type\":\"ImageObject\",\"inLanguage\":\"es\",\"@id\":\"https:\\\/\\\/somllavors.com\\\/es\\\/producte\\\/montessorizate-libro-de-actividades-para-disfrutar-y-conectar-con-la-familia-1-prenem-nota#primaryimage\",\"url\":\"https:\\\/\\\/somllavors.com\\\/wp-content\\\/uploads\\\/9788417338657.jpeg\",\"contentUrl\":\"https:\\\/\\\/somllavors.com\\\/wp-content\\\/uploads\\\/9788417338657.jpeg\",\"width\":552,\"height\":728,\"caption\":\"Montessor\u00edzate - Libro de actividades para disfrutar y conectar con la familia\"},{\"@type\":\"BreadcrumbList\",\"@id\":\"https:\\\/\\\/somllavors.com\\\/es\\\/producte\\\/montessorizate-libro-de-actividades-para-disfrutar-y-conectar-con-la-familia-1-prenem-nota#breadcrumb\",\"itemListElement\":[{\"@type\":\"ListItem\",\"position\":1,\"name\":\"Inici\",\"item\":\"https:\\\/\\\/somllavors.com\\\/es\"},{\"@type\":\"ListItem\",\"position\":2,\"name\":\"Tienda\",\"item\":\"https:\\\/\\\/somllavors.com\\\/es\\\/botiga-2\"},{\"@type\":\"ListItem\",\"position\":3,\"name\":\"Montessor\u00edzate &#8211; Libro de actividades para disfrutar y conectar con la familia\"}]},{\"@type\":\"WebSite\",\"@id\":\"https:\\\/\\\/somllavors.com\\\/es#website\",\"url\":\"https:\\\/\\\/somllavors.com\\\/es\",\"name\":\"Som Llavors\",\"description\":\"Botiga de crian\u00e7a natural\",\"publisher\":{\"@id\":\"https:\\\/\\\/somllavors.com\\\/es#organization\"},\"alternateName\":\"Crian\u00e7a Natural i Sostenible\",\"potentialAction\":[{\"@type\":\"SearchAction\",\"target\":{\"@type\":\"EntryPoint\",\"urlTemplate\":\"https:\\\/\\\/somllavors.com\\\/es?s={search_term_string}\"},\"query-input\":{\"@type\":\"PropertyValueSpecification\",\"valueRequired\":true,\"valueName\":\"search_term_string\"}}],\"inLanguage\":\"es\"},{\"@type\":[\"Organization\",\"Place\",\"Store\"],\"@id\":\"https:\\\/\\\/somllavors.com\\\/es#organization\",\"name\":\"Som Llavors\",\"alternateName\":\"Crian\u00e7a Natural i Sostenible\",\"url\":\"https:\\\/\\\/somllavors.com\\\/es\",\"logo\":{\"@id\":\"https:\\\/\\\/somllavors.com\\\/es\\\/producte\\\/montessorizate-libro-de-actividades-para-disfrutar-y-conectar-con-la-familia-1-prenem-nota#local-main-organization-logo\"},\"image\":{\"@id\":\"https:\\\/\\\/somllavors.com\\\/es\\\/producte\\\/montessorizate-libro-de-actividades-para-disfrutar-y-conectar-con-la-familia-1-prenem-nota#local-main-organization-logo\"},\"sameAs\":[\"https:\\\/\\\/www.facebook.com\\\/somllavorsvng\\\/?locale=ca_ES\",\"https:\\\/\\\/www.instagram.com\\\/somllavors_vng\\\/\",\"https:\\\/\\\/www.youtube.com\\\/@somllavors\"],\"address\":{\"@id\":\"https:\\\/\\\/somllavors.com\\\/es\\\/producte\\\/montessorizate-libro-de-actividades-para-disfrutar-y-conectar-con-la-familia-1-prenem-nota#local-main-place-address\"},\"geo\":{\"@type\":\"GeoCoordinates\",\"latitude\":\"41.2257737\",\"longitude\":\"1.723258859\"},\"telephone\":[\"623152704\"],\"openingHoursSpecification\":[{\"@type\":\"OpeningHoursSpecification\",\"dayOfWeek\":[\"Monday\",\"Sunday\"],\"opens\":\"00:00\",\"closes\":\"00:00\"},{\"@type\":\"OpeningHoursSpecification\",\"dayOfWeek\":[\"Tuesday\",\"Wednesday\",\"Thursday\",\"Friday\"],\"opens\":\"10:00\",\"closes\":\"20:00\"},{\"@type\":\"OpeningHoursSpecification\",\"dayOfWeek\":[\"Saturday\"],\"opens\":\"10:00\",\"closes\":\"13:30\"}],\"email\":\"info@somllavors.com\"},{\"@type\":\"PostalAddress\",\"@id\":\"https:\\\/\\\/somllavors.com\\\/es\\\/producte\\\/montessorizate-libro-de-actividades-para-disfrutar-y-conectar-con-la-familia-1-prenem-nota#local-main-place-address\",\"streetAddress\":\"Carrer de l'aigua, 6\",\"addressLocality\":\"Vilanova i la Geltr\u00fa\",\"postalCode\":\"08800\",\"addressRegion\":\"Barcelona\",\"addressCountry\":\"ES\"},{\"@type\":\"ImageObject\",\"inLanguage\":\"es\",\"@id\":\"https:\\\/\\\/somllavors.com\\\/es\\\/producte\\\/montessorizate-libro-de-actividades-para-disfrutar-y-conectar-con-la-familia-1-prenem-nota#local-main-organization-logo\",\"url\":\"https:\\\/\\\/somllavors.com\\\/wp-content\\\/uploads\\\/Logotip-Som-Llavors.jpg\",\"contentUrl\":\"https:\\\/\\\/somllavors.com\\\/wp-content\\\/uploads\\\/Logotip-Som-Llavors.jpg\",\"width\":1444,\"height\":1323,\"caption\":\"Som Llavors\"}]}<\/script>\n<meta property=\"product:price:amount\" content=\"18.90\" \/>\n<meta property=\"product:price:currency\" content=\"EUR\" \/>\n<meta property=\"og:availability\" content=\"instock\" \/>\n<meta property=\"product:availability\" content=\"instock\" \/>\n<meta property=\"product:retailer_item_id\" content=\"9788417338657\" \/>\n<meta property=\"product:condition\" content=\"new\" \/>\n<meta name=\"geo.placename\" content=\"Vilanova i la Geltr\u00fa\" \/>\n<meta name=\"geo.position\" content=\"41.2257737;1.723258859\" \/>\n<meta name=\"geo.region\" content=\"Espa\u00f1a\" \/>\n<!-- \/ Yoast SEO Premium plugin. -->","yoast_head_json":{"title":"Montessor\u00edzate - Libro de actividades para disfrutar y conectar con la familia &#8212; Som Llavors","description":"M\u00e1s de 80 actividades para practicar el m\u00e9todo Montessori desde casa contus hijos.  Tras el \u00e9xito de ventas de Montessor\u00edzate, Beatriz M. Mu\u00f1oz y Nitdia Azn\u00e1rez presentan\u00a0Montessor\u00edzate. Libro de actividades para disfrutar y conectar en familia,\u00a0la gu\u00eda definitiva para aplicar el m\u00e9todo Montessori en casa. Siguiendo la base te\u00f3rica de esta pedagog\u00eda y del desarrollo del ni\u00f1o, estas actividades te ayudar\u00e1n a acompa\u00f1ar a tu hijo para que aprenda y se divierta, potenciando su autonom\u00eda y la confianza en s\u00ed mismo.  &nbsp;","robots":{"index":"index","follow":"follow","max-snippet":"max-snippet:-1","max-image-preview":"max-image-preview:large","max-video-preview":"max-video-preview:-1"},"canonical":"https:\/\/somllavors.com\/es\/producte\/montessorizate-libro-de-actividades-para-disfrutar-y-conectar-con-la-familia-1-prenem-nota","og_locale":"es_ES","og_type":"article","og_title":"Montessor\u00edzate - Libro de actividades para disfrutar y conectar con la familia","og_description":"La teva botiga d\u2019ecocrian\u00e7a i espai d\u2019acompanyament a la maternitat","og_url":"https:\/\/somllavors.com\/es\/producte\/montessorizate-libro-de-actividades-para-disfrutar-y-conectar-con-la-familia-1-prenem-nota","og_site_name":"Som Llavors","article_publisher":"https:\/\/www.facebook.com\/somllavorsvng\/?locale=ca_ES","article_modified_time":"2021-10-23T12:24:10+00:00","og_image":[{"width":552,"height":728,"url":"https:\/\/somllavors.com\/wp-content\/uploads\/9788417338657.jpeg","type":"image\/jpeg"}],"twitter_card":"summary_large_image","twitter_misc":{"Precio":"18,90&euro; Iva incl\u00f2s","Availability":"Hay existencias"},"schema":{"@context":"https:\/\/schema.org","@graph":[{"@type":"WebPage","@id":"https:\/\/somllavors.com\/es\/producte\/montessorizate-libro-de-actividades-para-disfrutar-y-conectar-con-la-familia-1-prenem-nota","url":"https:\/\/somllavors.com\/es\/producte\/montessorizate-libro-de-actividades-para-disfrutar-y-conectar-con-la-familia-1-prenem-nota","name":"Montessor\u00edzate - Libro de actividades para disfrutar y conectar con la familia &#8212; Som Llavors","isPartOf":{"@id":"https:\/\/somllavors.com\/es#website"},"primaryImageOfPage":{"@id":"https:\/\/somllavors.com\/es\/producte\/montessorizate-libro-de-actividades-para-disfrutar-y-conectar-con-la-familia-1-prenem-nota#primaryimage"},"image":{"@id":"https:\/\/somllavors.com\/es\/producte\/montessorizate-libro-de-actividades-para-disfrutar-y-conectar-con-la-familia-1-prenem-nota#primaryimage"},"thumbnailUrl":"https:\/\/somllavors.com\/wp-content\/uploads\/9788417338657.jpeg","datePublished":"2021-06-29T21:11:36+00:00","dateModified":"2021-10-23T12:24:10+00:00","description":"M\u00e1s de 80 actividades para practicar el m\u00e9todo Montessori desde casa contus hijos. Tras el \u00e9xito de ventas de Montessor\u00edzate, Beatriz M. Mu\u00f1oz y Nitdia Azn\u00e1rez presentan\u00a0Montessor\u00edzate. Libro de actividades para disfrutar y conectar en familia,\u00a0la gu\u00eda definitiva para aplicar el m\u00e9todo Montessori en casa. Siguiendo la base te\u00f3rica de esta pedagog\u00eda y del desarrollo del ni\u00f1o, estas actividades te ayudar\u00e1n a acompa\u00f1ar a tu hijo para que aprenda y se divierta, potenciando su autonom\u00eda y la confianza en s\u00ed mismo. &nbsp;","breadcrumb":{"@id":"https:\/\/somllavors.com\/es\/producte\/montessorizate-libro-de-actividades-para-disfrutar-y-conectar-con-la-familia-1-prenem-nota#breadcrumb"},"inLanguage":"es","potentialAction":[{"@type":"ReadAction","target":["https:\/\/somllavors.com\/es\/producte\/montessorizate-libro-de-actividades-para-disfrutar-y-conectar-con-la-familia-1-prenem-nota"]}]},{"@type":"ImageObject","inLanguage":"es","@id":"https:\/\/somllavors.com\/es\/producte\/montessorizate-libro-de-actividades-para-disfrutar-y-conectar-con-la-familia-1-prenem-nota#primaryimage","url":"https:\/\/somllavors.com\/wp-content\/uploads\/9788417338657.jpeg","contentUrl":"https:\/\/somllavors.com\/wp-content\/uploads\/9788417338657.jpeg","width":552,"height":728,"caption":"Montessor\u00edzate - Libro de actividades para disfrutar y conectar con la familia"},{"@type":"BreadcrumbList","@id":"https:\/\/somllavors.com\/es\/producte\/montessorizate-libro-de-actividades-para-disfrutar-y-conectar-con-la-familia-1-prenem-nota#breadcrumb","itemListElement":[{"@type":"ListItem","position":1,"name":"Inici","item":"https:\/\/somllavors.com\/es"},{"@type":"ListItem","position":2,"name":"Tienda","item":"https:\/\/somllavors.com\/es\/botiga-2"},{"@type":"ListItem","position":3,"name":"Montessor\u00edzate &#8211; Libro de actividades para disfrutar y conectar con la familia"}]},{"@type":"WebSite","@id":"https:\/\/somllavors.com\/es#website","url":"https:\/\/somllavors.com\/es","name":"Som Llavors","description":"Botiga de crian\u00e7a natural","publisher":{"@id":"https:\/\/somllavors.com\/es#organization"},"alternateName":"Crian\u00e7a Natural i Sostenible","potentialAction":[{"@type":"SearchAction","target":{"@type":"EntryPoint","urlTemplate":"https:\/\/somllavors.com\/es?s={search_term_string}"},"query-input":{"@type":"PropertyValueSpecification","valueRequired":true,"valueName":"search_term_string"}}],"inLanguage":"es"},{"@type":["Organization","Place","Store"],"@id":"https:\/\/somllavors.com\/es#organization","name":"Som Llavors","alternateName":"Crian\u00e7a Natural i Sostenible","url":"https:\/\/somllavors.com\/es","logo":{"@id":"https:\/\/somllavors.com\/es\/producte\/montessorizate-libro-de-actividades-para-disfrutar-y-conectar-con-la-familia-1-prenem-nota#local-main-organization-logo"},"image":{"@id":"https:\/\/somllavors.com\/es\/producte\/montessorizate-libro-de-actividades-para-disfrutar-y-conectar-con-la-familia-1-prenem-nota#local-main-organization-logo"},"sameAs":["https:\/\/www.facebook.com\/somllavorsvng\/?locale=ca_ES","https:\/\/www.instagram.com\/somllavors_vng\/","https:\/\/www.youtube.com\/@somllavors"],"address":{"@id":"https:\/\/somllavors.com\/es\/producte\/montessorizate-libro-de-actividades-para-disfrutar-y-conectar-con-la-familia-1-prenem-nota#local-main-place-address"},"geo":{"@type":"GeoCoordinates","latitude":"41.2257737","longitude":"1.723258859"},"telephone":["623152704","623152704"],"openingHoursSpecification":[{"@type":"OpeningHoursSpecification","dayOfWeek":["Monday","Sunday"],"opens":"00:00","closes":"00:00"},{"@type":"OpeningHoursSpecification","dayOfWeek":["Tuesday","Wednesday","Thursday","Friday"],"opens":"10:00","closes":"20:00"},{"@type":"OpeningHoursSpecification","dayOfWeek":["Saturday"],"opens":"10:00","closes":"13:30"}],"email":"info@somllavors.com"},{"@type":"PostalAddress","@id":"https:\/\/somllavors.com\/es\/producte\/montessorizate-libro-de-actividades-para-disfrutar-y-conectar-con-la-familia-1-prenem-nota#local-main-place-address","streetAddress":"Carrer de l'aigua, 6","addressLocality":"Vilanova i la Geltr\u00fa","postalCode":"08800","addressRegion":"Barcelona","addressCountry":"ES"},{"@type":"ImageObject","inLanguage":"es","@id":"https:\/\/somllavors.com\/es\/producte\/montessorizate-libro-de-actividades-para-disfrutar-y-conectar-con-la-familia-1-prenem-nota#local-main-organization-logo","url":"https:\/\/somllavors.com\/wp-content\/uploads\/Logotip-Som-Llavors.jpg","contentUrl":"https:\/\/somllavors.com\/wp-content\/uploads\/Logotip-Som-Llavors.jpg","width":1444,"height":1323,"caption":"Som Llavors"}]},"product_price_amount":"18.90","product_price_currency":"EUR","og_availability":"instock","product_availability":"instock","product_retailer_item_id":"9788417338657","product_condition":"new","geo.placename":"Vilanova i la Geltr\u00fa","geo.position":{"lat":"41.2257737","long":"1.723258859"},"geo.region":"Espa\u00f1a"},"brands":[],"_links":{"self":[{"href":"https:\/\/somllavors.com\/es\/wp-json\/wp\/v2\/product\/10280","targetHints":{"allow":["GET"]}}],"collection":[{"href":"https:\/\/somllavors.com\/es\/wp-json\/wp\/v2\/product"}],"about":[{"href":"https:\/\/somllavors.com\/es\/wp-json\/wp\/v2\/types\/product"}],"wp:featuredmedia":[{"embeddable":true,"href":"https:\/\/somllavors.com\/es\/wp-json\/wp\/v2\/media\/14186"}],"wp:attachment":[{"href":"https:\/\/somllavors.com\/es\/wp-json\/wp\/v2\/media?parent=10280"}],"wp:term":[{"taxonomy":"pwb-brand","embeddable":true,"href":"https:\/\/somllavors.com\/es\/wp-json\/wp\/v2\/pwb-brand?post=10280"},{"taxonomy":"product_brand","embeddable":true,"href":"https:\/\/somllavors.com\/es\/wp-json\/wp\/v2\/product_brand?post=10280"},{"taxonomy":"product_cat","embeddable":true,"href":"https:\/\/somllavors.com\/es\/wp-json\/wp\/v2\/product_cat?post=10280"},{"taxonomy":"product_tag","embeddable":true,"href":"https:\/\/somllavors.com\/es\/wp-json\/wp\/v2\/product_tag?post=10280"}],"curies":[{"name":"wp","href":"https:\/\/api.w.org\/{rel}","templated":true}]}}