{"id":10351,"date":"2021-06-29T23:13:25","date_gmt":"2021-06-29T21:13:25","guid":{"rendered":"https:\/\/somllavors.com\/?post_type=product&#038;p=10351"},"modified":"2024-11-14T17:41:47","modified_gmt":"2024-11-14T16:41:47","slug":"talpeta-que-volia-saber-qui-li-havia-fet-allo-en-el-cap-la-cat","status":"publish","type":"product","link":"https:\/\/somllavors.com\/es\/producte\/talpeta-que-volia-saber-qui-li-havia-fet-allo-en-el-cap-la-cat","title":{"rendered":"La talpeta que volia saber qui li havia fet all\u00f2 al cap"},"content":{"rendered":"","protected":false},"excerpt":{"rendered":"<p>Quan un dia una talpeta va treure el cap d\u2019entre una muntanyeta de terra per tal de veure si ja sortia el sol, li va passar all\u00f2. Era rod\u00f3 i marr\u00f3, s\u2019assemblava una mica a un xori\u00e7o i el pitjor de tot: li va caure justament damunt del cap. Li podria passar a qualsevol, per\u00f2 li va tocar a la talpeta. Sortia del seu cau i alguna cosa en forma de barret pudent li va caure al cap. Llavors, la talpeta, molt indignada va rec\u00f3rrer tot el camp investigant quin dels animals que vivien all\u00e0 li havia fet aquella malifeta (el colom, el cavall, la llebre,\u2026).<\/p>\n","protected":false},"featured_media":13432,"template":"","meta":{"_acf_changed":false,"site-sidebar-layout":"default","site-content-layout":"default","ast-site-content-layout":"default","site-content-style":"default","site-sidebar-style":"default","ast-global-header-display":"","ast-banner-title-visibility":"","ast-main-header-display":"","ast-hfb-above-header-display":"","ast-hfb-below-header-display":"","ast-hfb-mobile-header-display":"","site-post-title":"","ast-breadcrumbs-content":"","ast-featured-img":"","footer-sml-layout":"","theme-transparent-header-meta":"default","adv-header-id-meta":"","stick-header-meta":"","header-above-stick-meta":"","header-main-stick-meta":"","header-below-stick-meta":"","astra-migrate-meta-layouts":"default","ast-page-background-enabled":"default","ast-page-background-meta":{"desktop":{"background-color":"","background-image":"","background-repeat":"repeat","background-position":"center center","background-size":"auto","background-attachment":"scroll","background-type":"","background-media":"","overlay-type":"","overlay-color":"","overlay-opacity":"","overlay-gradient":""},"tablet":{"background-color":"","background-image":"","background-repeat":"repeat","background-position":"center center","background-size":"auto","background-attachment":"scroll","background-type":"","background-media":"","overlay-type":"","overlay-color":"","overlay-opacity":"","overlay-gradient":""},"mobile":{"background-color":"","background-image":"","background-repeat":"repeat","background-position":"center center","background-size":"auto","background-attachment":"scroll","background-type":"","background-media":"","overlay-type":"","overlay-color":"","overlay-opacity":"","overlay-gradient":""}},"ast-content-background-meta":{"desktop":{"background-color":"var(--ast-global-color-5)","background-image":"","background-repeat":"repeat","background-position":"center center","background-size":"auto","background-attachment":"scroll","background-type":"","background-media":"","overlay-type":"","overlay-color":"","overlay-opacity":"","overlay-gradient":""},"tablet":{"background-color":"var(--ast-global-color-5)","background-image":"","background-repeat":"repeat","background-position":"center center","background-size":"auto","background-attachment":"scroll","background-type":"","background-media":"","overlay-type":"","overlay-color":"","overlay-opacity":"","overlay-gradient":""},"mobile":{"background-color":"var(--ast-global-color-5)","background-image":"","background-repeat":"repeat","background-position":"center center","background-size":"auto","background-attachment":"scroll","background-type":"","background-media":"","overlay-type":"","overlay-color":"","overlay-opacity":"","overlay-gradient":""}}},"pwb-brand":[],"product_brand":[],"product_cat":[567],"product_tag":[741,978,979],"class_list":{"0":"post-10351","1":"product","2":"type-product","3":"status-publish","4":"has-post-thumbnail","6":"product_cat-infantils","7":"product_tag-conte","8":"product_tag-kalandraka","9":"product_tag-talpeta","10":"desktop-align-left","11":"tablet-align-left","12":"mobile-align-left","14":"first","15":"outofstock","16":"taxable","17":"shipping-taxable","18":"purchasable","19":"product-type-simple"},"acf":[],"yoast_head":"<!-- This site is optimized with the Yoast SEO Premium plugin v18.3 (Yoast SEO v27.4) - https:\/\/yoast.com\/product\/yoast-seo-premium-wordpress\/ -->\n<title>La talpeta que volia saber qui li havia fet all\u00f2 al cap &#8212; Som Llavors<\/title>\n<meta name=\"description\" content=\"Quan un dia una talpeta va treure el cap d\u2019entre una muntanyeta de terra per tal de veure si ja sortia el sol, li va passar all\u00f2. Era rod\u00f3 i marr\u00f3, s\u2019assemblava una mica a un xori\u00e7o i el pitjor de tot: li va caure justament damunt del cap. Li podria passar a qualsevol, per\u00f2 li va tocar a la talpeta. Sortia del seu cau i alguna cosa en forma de barret pudent li va caure al cap. Llavors, la talpeta, molt indignada va rec\u00f3rrer tot el camp investigant quin dels animals que vivien all\u00e0 li havia fet aquella malifeta (el colom, el cavall, la llebre,\u2026).\" \/>\n<meta name=\"robots\" content=\"index, follow, max-snippet:-1, max-image-preview:large, max-video-preview:-1\" \/>\n<link rel=\"canonical\" href=\"https:\/\/somllavors.com\/es\/producte\/talpeta-que-volia-saber-qui-li-havia-fet-allo-en-el-cap-la-cat\" \/>\n<meta property=\"og:locale\" content=\"es_ES\" \/>\n<meta property=\"og:type\" content=\"article\" \/>\n<meta property=\"og:title\" content=\"La talpeta que volia saber qui li havia fet all\u00f2 al cap\" \/>\n<meta property=\"og:description\" content=\"La teva botiga d\u2019ecocrian\u00e7a i espai d\u2019acompanyament a la maternitat\" \/>\n<meta property=\"og:url\" content=\"https:\/\/somllavors.com\/es\/producte\/talpeta-que-volia-saber-qui-li-havia-fet-allo-en-el-cap-la-cat\" \/>\n<meta property=\"og:site_name\" content=\"Som Llavors\" \/>\n<meta property=\"article:publisher\" content=\"https:\/\/www.facebook.com\/somllavorsvng\/?locale=ca_ES\" \/>\n<meta property=\"article:modified_time\" content=\"2024-11-14T16:41:47+00:00\" \/>\n<meta property=\"og:image\" content=\"https:\/\/somllavors.com\/wp-content\/uploads\/talpeta.jpeg\" \/>\n\t<meta property=\"og:image:width\" content=\"1681\" \/>\n\t<meta property=\"og:image:height\" content=\"1343\" \/>\n\t<meta property=\"og:image:type\" content=\"image\/jpeg\" \/>\n<meta name=\"twitter:card\" content=\"summary_large_image\" \/>\n<meta name=\"twitter:label1\" content=\"Precio\" \/>\n\t<meta name=\"twitter:data1\" content=\"15,00&euro; Iva incl\u00f2s\" \/>\n\t<meta name=\"twitter:label2\" content=\"Availability\" \/>\n\t<meta name=\"twitter:data2\" content=\"Out of stock\" \/>\n<script type=\"application\/ld+json\" class=\"yoast-schema-graph\">{\"@context\":\"https:\\\/\\\/schema.org\",\"@graph\":[{\"@type\":\"WebPage\",\"@id\":\"https:\\\/\\\/somllavors.com\\\/es\\\/producte\\\/talpeta-que-volia-saber-qui-li-havia-fet-allo-en-el-cap-la-cat\",\"url\":\"https:\\\/\\\/somllavors.com\\\/es\\\/producte\\\/talpeta-que-volia-saber-qui-li-havia-fet-allo-en-el-cap-la-cat\",\"name\":\"La talpeta que volia saber qui li havia fet all\u00f2 al cap &#8212; Som Llavors\",\"isPartOf\":{\"@id\":\"https:\\\/\\\/somllavors.com\\\/es#website\"},\"primaryImageOfPage\":{\"@id\":\"https:\\\/\\\/somllavors.com\\\/es\\\/producte\\\/talpeta-que-volia-saber-qui-li-havia-fet-allo-en-el-cap-la-cat#primaryimage\"},\"image\":{\"@id\":\"https:\\\/\\\/somllavors.com\\\/es\\\/producte\\\/talpeta-que-volia-saber-qui-li-havia-fet-allo-en-el-cap-la-cat#primaryimage\"},\"thumbnailUrl\":\"https:\\\/\\\/somllavors.com\\\/wp-content\\\/uploads\\\/talpeta.jpeg\",\"datePublished\":\"2021-06-29T21:13:25+00:00\",\"dateModified\":\"2024-11-14T16:41:47+00:00\",\"description\":\"Quan un dia una talpeta va treure el cap d\u2019entre una muntanyeta de terra per tal de veure si ja sortia el sol, li va passar all\u00f2. Era rod\u00f3 i marr\u00f3, s\u2019assemblava una mica a un xori\u00e7o i el pitjor de tot: li va caure justament damunt del cap. Li podria passar a qualsevol, per\u00f2 li va tocar a la talpeta. Sortia del seu cau i alguna cosa en forma de barret pudent li va caure al cap. Llavors, la talpeta, molt indignada va rec\u00f3rrer tot el camp investigant quin dels animals que vivien all\u00e0 li havia fet aquella malifeta (el colom, el cavall, la llebre,\u2026).\",\"breadcrumb\":{\"@id\":\"https:\\\/\\\/somllavors.com\\\/es\\\/producte\\\/talpeta-que-volia-saber-qui-li-havia-fet-allo-en-el-cap-la-cat#breadcrumb\"},\"inLanguage\":\"es\",\"potentialAction\":[{\"@type\":\"ReadAction\",\"target\":[\"https:\\\/\\\/somllavors.com\\\/es\\\/producte\\\/talpeta-que-volia-saber-qui-li-havia-fet-allo-en-el-cap-la-cat\"]}]},{\"@type\":\"ImageObject\",\"inLanguage\":\"es\",\"@id\":\"https:\\\/\\\/somllavors.com\\\/es\\\/producte\\\/talpeta-que-volia-saber-qui-li-havia-fet-allo-en-el-cap-la-cat#primaryimage\",\"url\":\"https:\\\/\\\/somllavors.com\\\/wp-content\\\/uploads\\\/talpeta.jpeg\",\"contentUrl\":\"https:\\\/\\\/somllavors.com\\\/wp-content\\\/uploads\\\/talpeta.jpeg\",\"width\":1681,\"height\":1343,\"caption\":\"La talpeta que volia saber qui li havia fet all\u00f2 al cap\"},{\"@type\":\"BreadcrumbList\",\"@id\":\"https:\\\/\\\/somllavors.com\\\/es\\\/producte\\\/talpeta-que-volia-saber-qui-li-havia-fet-allo-en-el-cap-la-cat#breadcrumb\",\"itemListElement\":[{\"@type\":\"ListItem\",\"position\":1,\"name\":\"Inici\",\"item\":\"https:\\\/\\\/somllavors.com\\\/es\"},{\"@type\":\"ListItem\",\"position\":2,\"name\":\"Tienda\",\"item\":\"https:\\\/\\\/somllavors.com\\\/es\\\/botiga-2\"},{\"@type\":\"ListItem\",\"position\":3,\"name\":\"La talpeta que volia saber qui li havia fet all\u00f2 al cap\"}]},{\"@type\":\"WebSite\",\"@id\":\"https:\\\/\\\/somllavors.com\\\/es#website\",\"url\":\"https:\\\/\\\/somllavors.com\\\/es\",\"name\":\"Som Llavors\",\"description\":\"Botiga de crian\u00e7a natural\",\"publisher\":{\"@id\":\"https:\\\/\\\/somllavors.com\\\/es#organization\"},\"alternateName\":\"Crian\u00e7a Natural i Sostenible\",\"potentialAction\":[{\"@type\":\"SearchAction\",\"target\":{\"@type\":\"EntryPoint\",\"urlTemplate\":\"https:\\\/\\\/somllavors.com\\\/es?s={search_term_string}\"},\"query-input\":{\"@type\":\"PropertyValueSpecification\",\"valueRequired\":true,\"valueName\":\"search_term_string\"}}],\"inLanguage\":\"es\"},{\"@type\":[\"Organization\",\"Place\",\"Store\"],\"@id\":\"https:\\\/\\\/somllavors.com\\\/es#organization\",\"name\":\"Som Llavors\",\"alternateName\":\"Crian\u00e7a Natural i Sostenible\",\"url\":\"https:\\\/\\\/somllavors.com\\\/es\",\"logo\":{\"@id\":\"https:\\\/\\\/somllavors.com\\\/es\\\/producte\\\/talpeta-que-volia-saber-qui-li-havia-fet-allo-en-el-cap-la-cat#local-main-organization-logo\"},\"image\":{\"@id\":\"https:\\\/\\\/somllavors.com\\\/es\\\/producte\\\/talpeta-que-volia-saber-qui-li-havia-fet-allo-en-el-cap-la-cat#local-main-organization-logo\"},\"sameAs\":[\"https:\\\/\\\/www.facebook.com\\\/somllavorsvng\\\/?locale=ca_ES\",\"https:\\\/\\\/www.instagram.com\\\/somllavors_vng\\\/\",\"https:\\\/\\\/www.youtube.com\\\/@somllavors\"],\"address\":{\"@id\":\"https:\\\/\\\/somllavors.com\\\/es\\\/producte\\\/talpeta-que-volia-saber-qui-li-havia-fet-allo-en-el-cap-la-cat#local-main-place-address\"},\"geo\":{\"@type\":\"GeoCoordinates\",\"latitude\":\"41.2257737\",\"longitude\":\"1.723258859\"},\"telephone\":[\"623152704\"],\"openingHoursSpecification\":[{\"@type\":\"OpeningHoursSpecification\",\"dayOfWeek\":[\"Monday\",\"Sunday\"],\"opens\":\"00:00\",\"closes\":\"00:00\"},{\"@type\":\"OpeningHoursSpecification\",\"dayOfWeek\":[\"Tuesday\",\"Wednesday\",\"Thursday\",\"Friday\"],\"opens\":\"10:00\",\"closes\":\"20:00\"},{\"@type\":\"OpeningHoursSpecification\",\"dayOfWeek\":[\"Saturday\"],\"opens\":\"10:00\",\"closes\":\"13:30\"}],\"email\":\"info@somllavors.com\"},{\"@type\":\"PostalAddress\",\"@id\":\"https:\\\/\\\/somllavors.com\\\/es\\\/producte\\\/talpeta-que-volia-saber-qui-li-havia-fet-allo-en-el-cap-la-cat#local-main-place-address\",\"streetAddress\":\"Carrer de l'aigua, 6\",\"addressLocality\":\"Vilanova i la Geltr\u00fa\",\"postalCode\":\"08800\",\"addressRegion\":\"Barcelona\",\"addressCountry\":\"ES\"},{\"@type\":\"ImageObject\",\"inLanguage\":\"es\",\"@id\":\"https:\\\/\\\/somllavors.com\\\/es\\\/producte\\\/talpeta-que-volia-saber-qui-li-havia-fet-allo-en-el-cap-la-cat#local-main-organization-logo\",\"url\":\"https:\\\/\\\/somllavors.com\\\/wp-content\\\/uploads\\\/Logotip-Som-Llavors.jpg\",\"contentUrl\":\"https:\\\/\\\/somllavors.com\\\/wp-content\\\/uploads\\\/Logotip-Som-Llavors.jpg\",\"width\":1444,\"height\":1323,\"caption\":\"Som Llavors\"}]}<\/script>\n<meta property=\"product:price:amount\" content=\"15.00\" \/>\n<meta property=\"product:price:currency\" content=\"EUR\" \/>\n<meta property=\"og:availability\" content=\"out of stock\" \/>\n<meta property=\"product:availability\" content=\"out of stock\" \/>\n<meta property=\"product:retailer_item_id\" content=\"9788495123787\" \/>\n<meta property=\"product:condition\" content=\"new\" \/>\n<meta name=\"geo.placename\" content=\"Vilanova i la Geltr\u00fa\" \/>\n<meta name=\"geo.position\" content=\"41.2257737;1.723258859\" \/>\n<meta name=\"geo.region\" content=\"Espa\u00f1a\" \/>\n<!-- \/ Yoast SEO Premium plugin. -->","yoast_head_json":{"title":"La talpeta que volia saber qui li havia fet all\u00f2 al cap &#8212; Som Llavors","description":"Quan un dia una talpeta va treure el cap d\u2019entre una muntanyeta de terra per tal de veure si ja sortia el sol, li va passar all\u00f2. Era rod\u00f3 i marr\u00f3, s\u2019assemblava una mica a un xori\u00e7o i el pitjor de tot: li va caure justament damunt del cap. Li podria passar a qualsevol, per\u00f2 li va tocar a la talpeta. Sortia del seu cau i alguna cosa en forma de barret pudent li va caure al cap. Llavors, la talpeta, molt indignada va rec\u00f3rrer tot el camp investigant quin dels animals que vivien all\u00e0 li havia fet aquella malifeta (el colom, el cavall, la llebre,\u2026).","robots":{"index":"index","follow":"follow","max-snippet":"max-snippet:-1","max-image-preview":"max-image-preview:large","max-video-preview":"max-video-preview:-1"},"canonical":"https:\/\/somllavors.com\/es\/producte\/talpeta-que-volia-saber-qui-li-havia-fet-allo-en-el-cap-la-cat","og_locale":"es_ES","og_type":"article","og_title":"La talpeta que volia saber qui li havia fet all\u00f2 al cap","og_description":"La teva botiga d\u2019ecocrian\u00e7a i espai d\u2019acompanyament a la maternitat","og_url":"https:\/\/somllavors.com\/es\/producte\/talpeta-que-volia-saber-qui-li-havia-fet-allo-en-el-cap-la-cat","og_site_name":"Som Llavors","article_publisher":"https:\/\/www.facebook.com\/somllavorsvng\/?locale=ca_ES","article_modified_time":"2024-11-14T16:41:47+00:00","og_image":[{"width":1681,"height":1343,"url":"https:\/\/somllavors.com\/wp-content\/uploads\/talpeta.jpeg","type":"image\/jpeg"}],"twitter_card":"summary_large_image","twitter_misc":{"Precio":"15,00&euro; Iva incl\u00f2s","Availability":"Out of stock"},"schema":{"@context":"https:\/\/schema.org","@graph":[{"@type":"WebPage","@id":"https:\/\/somllavors.com\/es\/producte\/talpeta-que-volia-saber-qui-li-havia-fet-allo-en-el-cap-la-cat","url":"https:\/\/somllavors.com\/es\/producte\/talpeta-que-volia-saber-qui-li-havia-fet-allo-en-el-cap-la-cat","name":"La talpeta que volia saber qui li havia fet all\u00f2 al cap &#8212; Som Llavors","isPartOf":{"@id":"https:\/\/somllavors.com\/es#website"},"primaryImageOfPage":{"@id":"https:\/\/somllavors.com\/es\/producte\/talpeta-que-volia-saber-qui-li-havia-fet-allo-en-el-cap-la-cat#primaryimage"},"image":{"@id":"https:\/\/somllavors.com\/es\/producte\/talpeta-que-volia-saber-qui-li-havia-fet-allo-en-el-cap-la-cat#primaryimage"},"thumbnailUrl":"https:\/\/somllavors.com\/wp-content\/uploads\/talpeta.jpeg","datePublished":"2021-06-29T21:13:25+00:00","dateModified":"2024-11-14T16:41:47+00:00","description":"Quan un dia una talpeta va treure el cap d\u2019entre una muntanyeta de terra per tal de veure si ja sortia el sol, li va passar all\u00f2. Era rod\u00f3 i marr\u00f3, s\u2019assemblava una mica a un xori\u00e7o i el pitjor de tot: li va caure justament damunt del cap. Li podria passar a qualsevol, per\u00f2 li va tocar a la talpeta. Sortia del seu cau i alguna cosa en forma de barret pudent li va caure al cap. Llavors, la talpeta, molt indignada va rec\u00f3rrer tot el camp investigant quin dels animals que vivien all\u00e0 li havia fet aquella malifeta (el colom, el cavall, la llebre,\u2026).","breadcrumb":{"@id":"https:\/\/somllavors.com\/es\/producte\/talpeta-que-volia-saber-qui-li-havia-fet-allo-en-el-cap-la-cat#breadcrumb"},"inLanguage":"es","potentialAction":[{"@type":"ReadAction","target":["https:\/\/somllavors.com\/es\/producte\/talpeta-que-volia-saber-qui-li-havia-fet-allo-en-el-cap-la-cat"]}]},{"@type":"ImageObject","inLanguage":"es","@id":"https:\/\/somllavors.com\/es\/producte\/talpeta-que-volia-saber-qui-li-havia-fet-allo-en-el-cap-la-cat#primaryimage","url":"https:\/\/somllavors.com\/wp-content\/uploads\/talpeta.jpeg","contentUrl":"https:\/\/somllavors.com\/wp-content\/uploads\/talpeta.jpeg","width":1681,"height":1343,"caption":"La talpeta que volia saber qui li havia fet all\u00f2 al cap"},{"@type":"BreadcrumbList","@id":"https:\/\/somllavors.com\/es\/producte\/talpeta-que-volia-saber-qui-li-havia-fet-allo-en-el-cap-la-cat#breadcrumb","itemListElement":[{"@type":"ListItem","position":1,"name":"Inici","item":"https:\/\/somllavors.com\/es"},{"@type":"ListItem","position":2,"name":"Tienda","item":"https:\/\/somllavors.com\/es\/botiga-2"},{"@type":"ListItem","position":3,"name":"La talpeta que volia saber qui li havia fet all\u00f2 al cap"}]},{"@type":"WebSite","@id":"https:\/\/somllavors.com\/es#website","url":"https:\/\/somllavors.com\/es","name":"Som Llavors","description":"Botiga de crian\u00e7a natural","publisher":{"@id":"https:\/\/somllavors.com\/es#organization"},"alternateName":"Crian\u00e7a Natural i Sostenible","potentialAction":[{"@type":"SearchAction","target":{"@type":"EntryPoint","urlTemplate":"https:\/\/somllavors.com\/es?s={search_term_string}"},"query-input":{"@type":"PropertyValueSpecification","valueRequired":true,"valueName":"search_term_string"}}],"inLanguage":"es"},{"@type":["Organization","Place","Store"],"@id":"https:\/\/somllavors.com\/es#organization","name":"Som Llavors","alternateName":"Crian\u00e7a Natural i Sostenible","url":"https:\/\/somllavors.com\/es","logo":{"@id":"https:\/\/somllavors.com\/es\/producte\/talpeta-que-volia-saber-qui-li-havia-fet-allo-en-el-cap-la-cat#local-main-organization-logo"},"image":{"@id":"https:\/\/somllavors.com\/es\/producte\/talpeta-que-volia-saber-qui-li-havia-fet-allo-en-el-cap-la-cat#local-main-organization-logo"},"sameAs":["https:\/\/www.facebook.com\/somllavorsvng\/?locale=ca_ES","https:\/\/www.instagram.com\/somllavors_vng\/","https:\/\/www.youtube.com\/@somllavors"],"address":{"@id":"https:\/\/somllavors.com\/es\/producte\/talpeta-que-volia-saber-qui-li-havia-fet-allo-en-el-cap-la-cat#local-main-place-address"},"geo":{"@type":"GeoCoordinates","latitude":"41.2257737","longitude":"1.723258859"},"telephone":["623152704","623152704"],"openingHoursSpecification":[{"@type":"OpeningHoursSpecification","dayOfWeek":["Monday","Sunday"],"opens":"00:00","closes":"00:00"},{"@type":"OpeningHoursSpecification","dayOfWeek":["Tuesday","Wednesday","Thursday","Friday"],"opens":"10:00","closes":"20:00"},{"@type":"OpeningHoursSpecification","dayOfWeek":["Saturday"],"opens":"10:00","closes":"13:30"}],"email":"info@somllavors.com"},{"@type":"PostalAddress","@id":"https:\/\/somllavors.com\/es\/producte\/talpeta-que-volia-saber-qui-li-havia-fet-allo-en-el-cap-la-cat#local-main-place-address","streetAddress":"Carrer de l'aigua, 6","addressLocality":"Vilanova i la Geltr\u00fa","postalCode":"08800","addressRegion":"Barcelona","addressCountry":"ES"},{"@type":"ImageObject","inLanguage":"es","@id":"https:\/\/somllavors.com\/es\/producte\/talpeta-que-volia-saber-qui-li-havia-fet-allo-en-el-cap-la-cat#local-main-organization-logo","url":"https:\/\/somllavors.com\/wp-content\/uploads\/Logotip-Som-Llavors.jpg","contentUrl":"https:\/\/somllavors.com\/wp-content\/uploads\/Logotip-Som-Llavors.jpg","width":1444,"height":1323,"caption":"Som Llavors"}]},"product_price_amount":"15.00","product_price_currency":"EUR","og_availability":"out of stock","product_availability":"out of stock","product_retailer_item_id":"9788495123787","product_condition":"new","geo.placename":"Vilanova i la Geltr\u00fa","geo.position":{"lat":"41.2257737","long":"1.723258859"},"geo.region":"Espa\u00f1a"},"brands":[],"_links":{"self":[{"href":"https:\/\/somllavors.com\/es\/wp-json\/wp\/v2\/product\/10351","targetHints":{"allow":["GET"]}}],"collection":[{"href":"https:\/\/somllavors.com\/es\/wp-json\/wp\/v2\/product"}],"about":[{"href":"https:\/\/somllavors.com\/es\/wp-json\/wp\/v2\/types\/product"}],"wp:featuredmedia":[{"embeddable":true,"href":"https:\/\/somllavors.com\/es\/wp-json\/wp\/v2\/media\/13432"}],"wp:attachment":[{"href":"https:\/\/somllavors.com\/es\/wp-json\/wp\/v2\/media?parent=10351"}],"wp:term":[{"taxonomy":"pwb-brand","embeddable":true,"href":"https:\/\/somllavors.com\/es\/wp-json\/wp\/v2\/pwb-brand?post=10351"},{"taxonomy":"product_brand","embeddable":true,"href":"https:\/\/somllavors.com\/es\/wp-json\/wp\/v2\/product_brand?post=10351"},{"taxonomy":"product_cat","embeddable":true,"href":"https:\/\/somllavors.com\/es\/wp-json\/wp\/v2\/product_cat?post=10351"},{"taxonomy":"product_tag","embeddable":true,"href":"https:\/\/somllavors.com\/es\/wp-json\/wp\/v2\/product_tag?post=10351"}],"curies":[{"name":"wp","href":"https:\/\/api.w.org\/{rel}","templated":true}]}}