{"id":10352,"date":"2021-06-29T23:13:25","date_gmt":"2021-06-29T21:13:25","guid":{"rendered":"https:\/\/somllavors.com\/?post_type=product&#038;p=10352"},"modified":"2021-09-17T15:12:03","modified_gmt":"2021-09-17T13:12:03","slug":"dormir-sense-llagrimes-1-prenem-nota","status":"publish","type":"product","link":"https:\/\/somllavors.com\/es\/producte\/dormir-sense-llagrimes-1-prenem-nota","title":{"rendered":"Dormir sense ll\u00e0grimes"},"content":{"rendered":"<p>Segons l&#8217;autora, psicoterapeuta i especialista en el tema,<\/p>\n<blockquote><p>&#8220;el somni \u00e9s un proc\u00e9s evolutiu, i tots els nens sans arribar\u00e0 un dia que dormiran correctament&#8221;.<\/p>\n<p>Per tant, no s&#8217;ha d&#8217;alterar, ja que, a l&#8217;\u00e9sser una necessitat vital, el son &#8220;es sincronitzar\u00e0 amb les necessitats de cada moment de la nostra vida&#8221;.<\/p><\/blockquote>\n<p>Per tant, deixar plorar al nad\u00f3 no \u00e9s la soluci\u00f3, perqu\u00e8 quan plora \u00e9s que pateix i , per tant, necessita atenci\u00f3. I tampoc \u00e9s la soluci\u00f3 prohibir les can\u00e7ons de bressol o no deixar-lo que es consoli al llit de la seva fam\u00edlia.<br \/>\nNo es tracta, doncs, d&#8217;aplicar un m\u00e8tode o unes normes de disciplina, sin\u00f3 d&#8217;abordar les diferents situacions amb afecte i comprensi\u00f3. Com es demostra en aquestes p\u00e0gines, aix\u00f2 permetr\u00e0 que tant les fam\u00edlies com els nadons i infants passin unes nits m\u00e9s tranquil\u00b7les.<\/p>\n","protected":false},"excerpt":{"rendered":"<p>Els trastorns de la son infantil suposen, per a moltes fam\u00edlies, un problema de veritat per\u00f2 tamb\u00e9 ho s\u00f3n per les seq\u00fceles i els efectes nocius que generen alguns dels m\u00e8todes de domesticaci\u00f3 que s&#8217;utilitzen per regular aquest proc\u00e9s i per aconseguir, per fi, que els nens dormin quan les fam\u00edlies ho decideixin.<\/p>\n","protected":false},"featured_media":13467,"template":"","meta":{"_acf_changed":false,"site-sidebar-layout":"default","site-content-layout":"default","ast-site-content-layout":"default","site-content-style":"default","site-sidebar-style":"default","ast-global-header-display":"","ast-banner-title-visibility":"","ast-main-header-display":"","ast-hfb-above-header-display":"","ast-hfb-below-header-display":"","ast-hfb-mobile-header-display":"","site-post-title":"","ast-breadcrumbs-content":"","ast-featured-img":"","footer-sml-layout":"","ast-disable-related-posts":"","theme-transparent-header-meta":"default","adv-header-id-meta":"","stick-header-meta":"","header-above-stick-meta":"","header-main-stick-meta":"","header-below-stick-meta":"","astra-migrate-meta-layouts":"default","ast-page-background-enabled":"default","ast-page-background-meta":{"desktop":{"background-color":"","background-image":"","background-repeat":"repeat","background-position":"center center","background-size":"auto","background-attachment":"scroll","background-type":"","background-media":"","overlay-type":"","overlay-color":"","overlay-opacity":"","overlay-gradient":""},"tablet":{"background-color":"","background-image":"","background-repeat":"repeat","background-position":"center center","background-size":"auto","background-attachment":"scroll","background-type":"","background-media":"","overlay-type":"","overlay-color":"","overlay-opacity":"","overlay-gradient":""},"mobile":{"background-color":"","background-image":"","background-repeat":"repeat","background-position":"center center","background-size":"auto","background-attachment":"scroll","background-type":"","background-media":"","overlay-type":"","overlay-color":"","overlay-opacity":"","overlay-gradient":""}},"ast-content-background-meta":{"desktop":{"background-color":"var(--ast-global-color-5)","background-image":"","background-repeat":"repeat","background-position":"center center","background-size":"auto","background-attachment":"scroll","background-type":"","background-media":"","overlay-type":"","overlay-color":"","overlay-opacity":"","overlay-gradient":""},"tablet":{"background-color":"var(--ast-global-color-5)","background-image":"","background-repeat":"repeat","background-position":"center center","background-size":"auto","background-attachment":"scroll","background-type":"","background-media":"","overlay-type":"","overlay-color":"","overlay-opacity":"","overlay-gradient":""},"mobile":{"background-color":"var(--ast-global-color-5)","background-image":"","background-repeat":"repeat","background-position":"center center","background-size":"auto","background-attachment":"scroll","background-type":"","background-media":"","overlay-type":"","overlay-color":"","overlay-opacity":"","overlay-gradient":""}}},"pwb-brand":[],"product_brand":[],"product_cat":[568],"product_tag":[986,985,984],"class_list":{"0":"post-10352","1":"product","2":"type-product","3":"status-publish","4":"has-post-thumbnail","6":"product_cat-adults","7":"product_tag-dormir","8":"product_tag-la-esfera-de-los-libros","9":"product_tag-rosa-jove","10":"desktop-align-left","11":"tablet-align-left","12":"mobile-align-left","14":"first","15":"instock","16":"taxable","17":"shipping-taxable","18":"purchasable","19":"product-type-simple"},"acf":[],"yoast_head":"<!-- This site is optimized with the Yoast SEO Premium plugin v18.3 (Yoast SEO v27.4) - https:\/\/yoast.com\/product\/yoast-seo-premium-wordpress\/ -->\n<title>Dormir sense ll\u00e0grimes &#8212; Som Llavors<\/title>\n<meta name=\"description\" content=\"Els trastorns de la son infantil suposen, per a moltes fam\u00edlies, un problema de veritat per\u00f2 tamb\u00e9 ho s\u00f3n per les seq\u00fceles i els efectes nocius que generen alguns dels m\u00e8todes de domesticaci\u00f3 que s&#039;utilitzen per regular aquest proc\u00e9s i per aconseguir, per fi, que els nens dormin quan les fam\u00edlies ho decideixin.\" \/>\n<meta name=\"robots\" content=\"index, follow, max-snippet:-1, max-image-preview:large, max-video-preview:-1\" \/>\n<link rel=\"canonical\" href=\"https:\/\/somllavors.com\/es\/producte\/dormir-sense-llagrimes-1-prenem-nota\" \/>\n<meta property=\"og:locale\" content=\"es_ES\" \/>\n<meta property=\"og:type\" content=\"article\" \/>\n<meta property=\"og:title\" content=\"Dormir sense ll\u00e0grimes\" \/>\n<meta property=\"og:description\" content=\"La teva botiga d\u2019ecocrian\u00e7a i espai d\u2019acompanyament a la maternitat\" \/>\n<meta property=\"og:url\" content=\"https:\/\/somllavors.com\/es\/producte\/dormir-sense-llagrimes-1-prenem-nota\" \/>\n<meta property=\"og:site_name\" content=\"Som Llavors\" \/>\n<meta property=\"article:publisher\" content=\"https:\/\/www.facebook.com\/somllavorsvng\/?locale=ca_ES\" \/>\n<meta property=\"article:modified_time\" content=\"2021-09-17T13:12:03+00:00\" \/>\n<meta property=\"og:image\" content=\"https:\/\/somllavors.com\/wp-content\/uploads\/dormir-1.jpeg\" \/>\n\t<meta property=\"og:image:width\" content=\"575\" \/>\n\t<meta property=\"og:image:height\" content=\"853\" \/>\n\t<meta property=\"og:image:type\" content=\"image\/jpeg\" \/>\n<meta name=\"twitter:card\" content=\"summary_large_image\" \/>\n<meta name=\"twitter:label1\" content=\"Precio\" \/>\n\t<meta name=\"twitter:data1\" content=\"18,00&euro; Iva incl\u00f2s\" \/>\n\t<meta name=\"twitter:label2\" content=\"Availability\" \/>\n\t<meta name=\"twitter:data2\" content=\"Hay existencias\" \/>\n<script type=\"application\/ld+json\" class=\"yoast-schema-graph\">{\"@context\":\"https:\\\/\\\/schema.org\",\"@graph\":[{\"@type\":\"WebPage\",\"@id\":\"https:\\\/\\\/somllavors.com\\\/es\\\/producte\\\/dormir-sense-llagrimes-1-prenem-nota\",\"url\":\"https:\\\/\\\/somllavors.com\\\/es\\\/producte\\\/dormir-sense-llagrimes-1-prenem-nota\",\"name\":\"Dormir sense ll\u00e0grimes &#8212; Som Llavors\",\"isPartOf\":{\"@id\":\"https:\\\/\\\/somllavors.com\\\/es#website\"},\"primaryImageOfPage\":{\"@id\":\"https:\\\/\\\/somllavors.com\\\/es\\\/producte\\\/dormir-sense-llagrimes-1-prenem-nota#primaryimage\"},\"image\":{\"@id\":\"https:\\\/\\\/somllavors.com\\\/es\\\/producte\\\/dormir-sense-llagrimes-1-prenem-nota#primaryimage\"},\"thumbnailUrl\":\"https:\\\/\\\/somllavors.com\\\/wp-content\\\/uploads\\\/dormir-1.jpeg\",\"datePublished\":\"2021-06-29T21:13:25+00:00\",\"dateModified\":\"2021-09-17T13:12:03+00:00\",\"description\":\"Els trastorns de la son infantil suposen, per a moltes fam\u00edlies, un problema de veritat per\u00f2 tamb\u00e9 ho s\u00f3n per les seq\u00fceles i els efectes nocius que generen alguns dels m\u00e8todes de domesticaci\u00f3 que s'utilitzen per regular aquest proc\u00e9s i per aconseguir, per fi, que els nens dormin quan les fam\u00edlies ho decideixin.\",\"breadcrumb\":{\"@id\":\"https:\\\/\\\/somllavors.com\\\/es\\\/producte\\\/dormir-sense-llagrimes-1-prenem-nota#breadcrumb\"},\"inLanguage\":\"es\",\"potentialAction\":[{\"@type\":\"ReadAction\",\"target\":[\"https:\\\/\\\/somllavors.com\\\/es\\\/producte\\\/dormir-sense-llagrimes-1-prenem-nota\"]}]},{\"@type\":\"ImageObject\",\"inLanguage\":\"es\",\"@id\":\"https:\\\/\\\/somllavors.com\\\/es\\\/producte\\\/dormir-sense-llagrimes-1-prenem-nota#primaryimage\",\"url\":\"https:\\\/\\\/somllavors.com\\\/wp-content\\\/uploads\\\/dormir-1.jpeg\",\"contentUrl\":\"https:\\\/\\\/somllavors.com\\\/wp-content\\\/uploads\\\/dormir-1.jpeg\",\"width\":575,\"height\":853,\"caption\":\"Dormir sense ll\u00e0grimes\"},{\"@type\":\"BreadcrumbList\",\"@id\":\"https:\\\/\\\/somllavors.com\\\/es\\\/producte\\\/dormir-sense-llagrimes-1-prenem-nota#breadcrumb\",\"itemListElement\":[{\"@type\":\"ListItem\",\"position\":1,\"name\":\"Inici\",\"item\":\"https:\\\/\\\/somllavors.com\\\/es\"},{\"@type\":\"ListItem\",\"position\":2,\"name\":\"Tienda\",\"item\":\"https:\\\/\\\/somllavors.com\\\/es\\\/botiga-2\"},{\"@type\":\"ListItem\",\"position\":3,\"name\":\"Dormir sense ll\u00e0grimes\"}]},{\"@type\":\"WebSite\",\"@id\":\"https:\\\/\\\/somllavors.com\\\/es#website\",\"url\":\"https:\\\/\\\/somllavors.com\\\/es\",\"name\":\"Som Llavors\",\"description\":\"Botiga de crian\u00e7a natural\",\"publisher\":{\"@id\":\"https:\\\/\\\/somllavors.com\\\/es#organization\"},\"alternateName\":\"Crian\u00e7a Natural i Sostenible\",\"potentialAction\":[{\"@type\":\"SearchAction\",\"target\":{\"@type\":\"EntryPoint\",\"urlTemplate\":\"https:\\\/\\\/somllavors.com\\\/es?s={search_term_string}\"},\"query-input\":{\"@type\":\"PropertyValueSpecification\",\"valueRequired\":true,\"valueName\":\"search_term_string\"}}],\"inLanguage\":\"es\"},{\"@type\":[\"Organization\",\"Place\",\"Store\"],\"@id\":\"https:\\\/\\\/somllavors.com\\\/es#organization\",\"name\":\"Som Llavors\",\"alternateName\":\"Crian\u00e7a Natural i Sostenible\",\"url\":\"https:\\\/\\\/somllavors.com\\\/es\",\"logo\":{\"@id\":\"https:\\\/\\\/somllavors.com\\\/es\\\/producte\\\/dormir-sense-llagrimes-1-prenem-nota#local-main-organization-logo\"},\"image\":{\"@id\":\"https:\\\/\\\/somllavors.com\\\/es\\\/producte\\\/dormir-sense-llagrimes-1-prenem-nota#local-main-organization-logo\"},\"sameAs\":[\"https:\\\/\\\/www.facebook.com\\\/somllavorsvng\\\/?locale=ca_ES\",\"https:\\\/\\\/www.instagram.com\\\/somllavors_vng\\\/\",\"https:\\\/\\\/www.youtube.com\\\/@somllavors\"],\"address\":{\"@id\":\"https:\\\/\\\/somllavors.com\\\/es\\\/producte\\\/dormir-sense-llagrimes-1-prenem-nota#local-main-place-address\"},\"geo\":{\"@type\":\"GeoCoordinates\",\"latitude\":\"41.2257737\",\"longitude\":\"1.723258859\"},\"telephone\":[\"623152704\"],\"openingHoursSpecification\":[{\"@type\":\"OpeningHoursSpecification\",\"dayOfWeek\":[\"Monday\",\"Sunday\"],\"opens\":\"00:00\",\"closes\":\"00:00\"},{\"@type\":\"OpeningHoursSpecification\",\"dayOfWeek\":[\"Tuesday\",\"Wednesday\",\"Thursday\",\"Friday\"],\"opens\":\"10:00\",\"closes\":\"20:00\"},{\"@type\":\"OpeningHoursSpecification\",\"dayOfWeek\":[\"Saturday\"],\"opens\":\"10:00\",\"closes\":\"13:30\"}],\"email\":\"info@somllavors.com\"},{\"@type\":\"PostalAddress\",\"@id\":\"https:\\\/\\\/somllavors.com\\\/es\\\/producte\\\/dormir-sense-llagrimes-1-prenem-nota#local-main-place-address\",\"streetAddress\":\"Carrer de l'aigua, 6\",\"addressLocality\":\"Vilanova i la Geltr\u00fa\",\"postalCode\":\"08800\",\"addressRegion\":\"Barcelona\",\"addressCountry\":\"ES\"},{\"@type\":\"ImageObject\",\"inLanguage\":\"es\",\"@id\":\"https:\\\/\\\/somllavors.com\\\/es\\\/producte\\\/dormir-sense-llagrimes-1-prenem-nota#local-main-organization-logo\",\"url\":\"https:\\\/\\\/somllavors.com\\\/wp-content\\\/uploads\\\/Logotip-Som-Llavors.jpg\",\"contentUrl\":\"https:\\\/\\\/somllavors.com\\\/wp-content\\\/uploads\\\/Logotip-Som-Llavors.jpg\",\"width\":1444,\"height\":1323,\"caption\":\"Som Llavors\"}]}<\/script>\n<meta property=\"product:price:amount\" content=\"18.00\" \/>\n<meta property=\"product:price:currency\" content=\"EUR\" \/>\n<meta property=\"og:availability\" content=\"instock\" \/>\n<meta property=\"product:availability\" content=\"instock\" \/>\n<meta property=\"product:retailer_item_id\" content=\"978-84-9734-609-2\" \/>\n<meta property=\"product:condition\" content=\"new\" \/>\n<meta name=\"geo.placename\" content=\"Vilanova i la Geltr\u00fa\" \/>\n<meta name=\"geo.position\" content=\"41.2257737;1.723258859\" \/>\n<meta name=\"geo.region\" content=\"Espa\u00f1a\" \/>\n<!-- \/ Yoast SEO Premium plugin. -->","yoast_head_json":{"title":"Dormir sense ll\u00e0grimes &#8212; Som Llavors","description":"Els trastorns de la son infantil suposen, per a moltes fam\u00edlies, un problema de veritat per\u00f2 tamb\u00e9 ho s\u00f3n per les seq\u00fceles i els efectes nocius que generen alguns dels m\u00e8todes de domesticaci\u00f3 que s'utilitzen per regular aquest proc\u00e9s i per aconseguir, per fi, que els nens dormin quan les fam\u00edlies ho decideixin.","robots":{"index":"index","follow":"follow","max-snippet":"max-snippet:-1","max-image-preview":"max-image-preview:large","max-video-preview":"max-video-preview:-1"},"canonical":"https:\/\/somllavors.com\/es\/producte\/dormir-sense-llagrimes-1-prenem-nota","og_locale":"es_ES","og_type":"article","og_title":"Dormir sense ll\u00e0grimes","og_description":"La teva botiga d\u2019ecocrian\u00e7a i espai d\u2019acompanyament a la maternitat","og_url":"https:\/\/somllavors.com\/es\/producte\/dormir-sense-llagrimes-1-prenem-nota","og_site_name":"Som Llavors","article_publisher":"https:\/\/www.facebook.com\/somllavorsvng\/?locale=ca_ES","article_modified_time":"2021-09-17T13:12:03+00:00","og_image":[{"width":575,"height":853,"url":"https:\/\/somllavors.com\/wp-content\/uploads\/dormir-1.jpeg","type":"image\/jpeg"}],"twitter_card":"summary_large_image","twitter_misc":{"Precio":"18,00&euro; Iva incl\u00f2s","Availability":"Hay existencias"},"schema":{"@context":"https:\/\/schema.org","@graph":[{"@type":"WebPage","@id":"https:\/\/somllavors.com\/es\/producte\/dormir-sense-llagrimes-1-prenem-nota","url":"https:\/\/somllavors.com\/es\/producte\/dormir-sense-llagrimes-1-prenem-nota","name":"Dormir sense ll\u00e0grimes &#8212; Som Llavors","isPartOf":{"@id":"https:\/\/somllavors.com\/es#website"},"primaryImageOfPage":{"@id":"https:\/\/somllavors.com\/es\/producte\/dormir-sense-llagrimes-1-prenem-nota#primaryimage"},"image":{"@id":"https:\/\/somllavors.com\/es\/producte\/dormir-sense-llagrimes-1-prenem-nota#primaryimage"},"thumbnailUrl":"https:\/\/somllavors.com\/wp-content\/uploads\/dormir-1.jpeg","datePublished":"2021-06-29T21:13:25+00:00","dateModified":"2021-09-17T13:12:03+00:00","description":"Els trastorns de la son infantil suposen, per a moltes fam\u00edlies, un problema de veritat per\u00f2 tamb\u00e9 ho s\u00f3n per les seq\u00fceles i els efectes nocius que generen alguns dels m\u00e8todes de domesticaci\u00f3 que s'utilitzen per regular aquest proc\u00e9s i per aconseguir, per fi, que els nens dormin quan les fam\u00edlies ho decideixin.","breadcrumb":{"@id":"https:\/\/somllavors.com\/es\/producte\/dormir-sense-llagrimes-1-prenem-nota#breadcrumb"},"inLanguage":"es","potentialAction":[{"@type":"ReadAction","target":["https:\/\/somllavors.com\/es\/producte\/dormir-sense-llagrimes-1-prenem-nota"]}]},{"@type":"ImageObject","inLanguage":"es","@id":"https:\/\/somllavors.com\/es\/producte\/dormir-sense-llagrimes-1-prenem-nota#primaryimage","url":"https:\/\/somllavors.com\/wp-content\/uploads\/dormir-1.jpeg","contentUrl":"https:\/\/somllavors.com\/wp-content\/uploads\/dormir-1.jpeg","width":575,"height":853,"caption":"Dormir sense ll\u00e0grimes"},{"@type":"BreadcrumbList","@id":"https:\/\/somllavors.com\/es\/producte\/dormir-sense-llagrimes-1-prenem-nota#breadcrumb","itemListElement":[{"@type":"ListItem","position":1,"name":"Inici","item":"https:\/\/somllavors.com\/es"},{"@type":"ListItem","position":2,"name":"Tienda","item":"https:\/\/somllavors.com\/es\/botiga-2"},{"@type":"ListItem","position":3,"name":"Dormir sense ll\u00e0grimes"}]},{"@type":"WebSite","@id":"https:\/\/somllavors.com\/es#website","url":"https:\/\/somllavors.com\/es","name":"Som Llavors","description":"Botiga de crian\u00e7a natural","publisher":{"@id":"https:\/\/somllavors.com\/es#organization"},"alternateName":"Crian\u00e7a Natural i Sostenible","potentialAction":[{"@type":"SearchAction","target":{"@type":"EntryPoint","urlTemplate":"https:\/\/somllavors.com\/es?s={search_term_string}"},"query-input":{"@type":"PropertyValueSpecification","valueRequired":true,"valueName":"search_term_string"}}],"inLanguage":"es"},{"@type":["Organization","Place","Store"],"@id":"https:\/\/somllavors.com\/es#organization","name":"Som Llavors","alternateName":"Crian\u00e7a Natural i Sostenible","url":"https:\/\/somllavors.com\/es","logo":{"@id":"https:\/\/somllavors.com\/es\/producte\/dormir-sense-llagrimes-1-prenem-nota#local-main-organization-logo"},"image":{"@id":"https:\/\/somllavors.com\/es\/producte\/dormir-sense-llagrimes-1-prenem-nota#local-main-organization-logo"},"sameAs":["https:\/\/www.facebook.com\/somllavorsvng\/?locale=ca_ES","https:\/\/www.instagram.com\/somllavors_vng\/","https:\/\/www.youtube.com\/@somllavors"],"address":{"@id":"https:\/\/somllavors.com\/es\/producte\/dormir-sense-llagrimes-1-prenem-nota#local-main-place-address"},"geo":{"@type":"GeoCoordinates","latitude":"41.2257737","longitude":"1.723258859"},"telephone":["623152704","623152704"],"openingHoursSpecification":[{"@type":"OpeningHoursSpecification","dayOfWeek":["Monday","Sunday"],"opens":"00:00","closes":"00:00"},{"@type":"OpeningHoursSpecification","dayOfWeek":["Tuesday","Wednesday","Thursday","Friday"],"opens":"10:00","closes":"20:00"},{"@type":"OpeningHoursSpecification","dayOfWeek":["Saturday"],"opens":"10:00","closes":"13:30"}],"email":"info@somllavors.com"},{"@type":"PostalAddress","@id":"https:\/\/somllavors.com\/es\/producte\/dormir-sense-llagrimes-1-prenem-nota#local-main-place-address","streetAddress":"Carrer de l'aigua, 6","addressLocality":"Vilanova i la Geltr\u00fa","postalCode":"08800","addressRegion":"Barcelona","addressCountry":"ES"},{"@type":"ImageObject","inLanguage":"es","@id":"https:\/\/somllavors.com\/es\/producte\/dormir-sense-llagrimes-1-prenem-nota#local-main-organization-logo","url":"https:\/\/somllavors.com\/wp-content\/uploads\/Logotip-Som-Llavors.jpg","contentUrl":"https:\/\/somllavors.com\/wp-content\/uploads\/Logotip-Som-Llavors.jpg","width":1444,"height":1323,"caption":"Som Llavors"}]},"product_price_amount":"18.00","product_price_currency":"EUR","og_availability":"instock","product_availability":"instock","product_retailer_item_id":"978-84-9734-609-2","product_condition":"new","geo.placename":"Vilanova i la Geltr\u00fa","geo.position":{"lat":"41.2257737","long":"1.723258859"},"geo.region":"Espa\u00f1a"},"brands":[],"_links":{"self":[{"href":"https:\/\/somllavors.com\/es\/wp-json\/wp\/v2\/product\/10352","targetHints":{"allow":["GET"]}}],"collection":[{"href":"https:\/\/somllavors.com\/es\/wp-json\/wp\/v2\/product"}],"about":[{"href":"https:\/\/somllavors.com\/es\/wp-json\/wp\/v2\/types\/product"}],"wp:featuredmedia":[{"embeddable":true,"href":"https:\/\/somllavors.com\/es\/wp-json\/wp\/v2\/media\/13467"}],"wp:attachment":[{"href":"https:\/\/somllavors.com\/es\/wp-json\/wp\/v2\/media?parent=10352"}],"wp:term":[{"taxonomy":"pwb-brand","embeddable":true,"href":"https:\/\/somllavors.com\/es\/wp-json\/wp\/v2\/pwb-brand?post=10352"},{"taxonomy":"product_brand","embeddable":true,"href":"https:\/\/somllavors.com\/es\/wp-json\/wp\/v2\/product_brand?post=10352"},{"taxonomy":"product_cat","embeddable":true,"href":"https:\/\/somllavors.com\/es\/wp-json\/wp\/v2\/product_cat?post=10352"},{"taxonomy":"product_tag","embeddable":true,"href":"https:\/\/somllavors.com\/es\/wp-json\/wp\/v2\/product_tag?post=10352"}],"curies":[{"name":"wp","href":"https:\/\/api.w.org\/{rel}","templated":true}]}}