{"id":10354,"date":"2021-06-29T23:13:25","date_gmt":"2021-06-29T21:13:25","guid":{"rendered":"https:\/\/somllavors.com\/?post_type=product&#038;p=10354"},"modified":"2023-04-21T10:27:12","modified_gmt":"2023-04-21T08:27:12","slug":"crianza-feliz-la-como-cuidar-y-entender-a-tu-hijo-de-0-a-6-a%c2%acos-1-prenem-nota","status":"publish","type":"product","link":"https:\/\/somllavors.com\/es\/producte\/crianza-feliz-la-como-cuidar-y-entender-a-tu-hijo-de-0-a-6-a%c2%acos-1-prenem-nota","title":{"rendered":"La crianza feliz &#8211; Como cuidar y entender a tu hijo de 0 a 6 a\u00f1os"},"content":{"rendered":"","protected":false},"excerpt":{"rendered":"<p>Rosa Jov\u00e9 nos ense\u00f1a en este libro c\u00f3mo cuidar y entender a los hijos e hijas desde el nacimiento hasta los 6 a\u00f1os. Partiendo de la premisa de que en esta etapa se forja buena parte de la personalidad del ni\u00f1o y se asientan sus estructuras emocionales, Rosa Jov\u00e9 ofrece a las fam\u00edlias las pautas necesarias para lograr una crianza feliz. Un libro diferente, imprescindible para que en el n\u00facleo familiar se aprenda a desarrollar ese apego saludable que todos los ni\u00f1os necesitan.<\/p>\n","protected":false},"featured_media":13453,"template":"","meta":{"_acf_changed":false,"site-sidebar-layout":"default","site-content-layout":"default","ast-site-content-layout":"default","site-content-style":"default","site-sidebar-style":"default","ast-global-header-display":"","ast-banner-title-visibility":"","ast-main-header-display":"","ast-hfb-above-header-display":"","ast-hfb-below-header-display":"","ast-hfb-mobile-header-display":"","site-post-title":"","ast-breadcrumbs-content":"","ast-featured-img":"","footer-sml-layout":"","ast-disable-related-posts":"","theme-transparent-header-meta":"default","adv-header-id-meta":"","stick-header-meta":"","header-above-stick-meta":"","header-main-stick-meta":"","header-below-stick-meta":"","astra-migrate-meta-layouts":"default","ast-page-background-enabled":"default","ast-page-background-meta":{"desktop":{"background-color":"","background-image":"","background-repeat":"repeat","background-position":"center center","background-size":"auto","background-attachment":"scroll","background-type":"","background-media":"","overlay-type":"","overlay-color":"","overlay-opacity":"","overlay-gradient":""},"tablet":{"background-color":"","background-image":"","background-repeat":"repeat","background-position":"center center","background-size":"auto","background-attachment":"scroll","background-type":"","background-media":"","overlay-type":"","overlay-color":"","overlay-opacity":"","overlay-gradient":""},"mobile":{"background-color":"","background-image":"","background-repeat":"repeat","background-position":"center center","background-size":"auto","background-attachment":"scroll","background-type":"","background-media":"","overlay-type":"","overlay-color":"","overlay-opacity":"","overlay-gradient":""}},"ast-content-background-meta":{"desktop":{"background-color":"var(--ast-global-color-5)","background-image":"","background-repeat":"repeat","background-position":"center center","background-size":"auto","background-attachment":"scroll","background-type":"","background-media":"","overlay-type":"","overlay-color":"","overlay-opacity":"","overlay-gradient":""},"tablet":{"background-color":"var(--ast-global-color-5)","background-image":"","background-repeat":"repeat","background-position":"center center","background-size":"auto","background-attachment":"scroll","background-type":"","background-media":"","overlay-type":"","overlay-color":"","overlay-opacity":"","overlay-gradient":""},"mobile":{"background-color":"var(--ast-global-color-5)","background-image":"","background-repeat":"repeat","background-position":"center center","background-size":"auto","background-attachment":"scroll","background-type":"","background-media":"","overlay-type":"","overlay-color":"","overlay-opacity":"","overlay-gradient":""}}},"pwb-brand":[],"product_brand":[],"product_cat":[568],"product_tag":[993,985,984],"class_list":{"0":"post-10354","1":"product","2":"type-product","3":"status-publish","4":"has-post-thumbnail","6":"product_cat-adults","7":"product_tag-crianza-respetuosa","8":"product_tag-la-esfera-de-los-libros","9":"product_tag-rosa-jove","10":"desktop-align-left","11":"tablet-align-left","12":"mobile-align-left","14":"first","15":"outofstock","16":"taxable","17":"shipping-taxable","18":"purchasable","19":"product-type-simple"},"acf":[],"yoast_head":"<!-- This site is optimized with the Yoast SEO Premium plugin v18.3 (Yoast SEO v27.4) - https:\/\/yoast.com\/product\/yoast-seo-premium-wordpress\/ -->\n<title>La crianza feliz - Como cuidar y entender a tu hijo de 0 a 6 a\u00f1os &#8212; Som Llavors<\/title>\n<meta name=\"description\" content=\"Rosa Jov\u00e9 nos ense\u00f1a en este libro c\u00f3mo cuidar y entender a los hijos e hijas desde el nacimiento hasta los 6 a\u00f1os. Partiendo de la premisa de que en esta etapa se forja buena parte de la personalidad del ni\u00f1o y se asientan sus estructuras emocionales, Rosa Jov\u00e9 ofrece a las fam\u00edlias las pautas necesarias para lograr una crianza feliz. Un libro diferente, imprescindible para que en el n\u00facleo familiar se aprenda a desarrollar ese apego saludable que todos los ni\u00f1os necesitan.\" \/>\n<meta name=\"robots\" content=\"index, follow, max-snippet:-1, max-image-preview:large, max-video-preview:-1\" \/>\n<link rel=\"canonical\" href=\"https:\/\/somllavors.com\/es\/producte\/crianza-feliz-la-como-cuidar-y-entender-a-tu-hijo-de-0-a-6-a%c2%acos-1-prenem-nota\" \/>\n<meta property=\"og:locale\" content=\"es_ES\" \/>\n<meta property=\"og:type\" content=\"article\" \/>\n<meta property=\"og:title\" content=\"La crianza feliz - Como cuidar y entender a tu hijo de 0 a 6 a\u00f1os\" \/>\n<meta property=\"og:description\" content=\"La teva botiga d\u2019ecocrian\u00e7a i espai d\u2019acompanyament a la maternitat\" \/>\n<meta property=\"og:url\" content=\"https:\/\/somllavors.com\/es\/producte\/crianza-feliz-la-como-cuidar-y-entender-a-tu-hijo-de-0-a-6-a%c2%acos-1-prenem-nota\" \/>\n<meta property=\"og:site_name\" content=\"Som Llavors\" \/>\n<meta property=\"article:publisher\" content=\"https:\/\/www.facebook.com\/somllavorsvng\/?locale=ca_ES\" \/>\n<meta property=\"article:modified_time\" content=\"2023-04-21T08:27:12+00:00\" \/>\n<meta property=\"og:image\" content=\"https:\/\/somllavors.com\/wp-content\/uploads\/crianza.jpeg\" \/>\n\t<meta property=\"og:image:width\" content=\"814\" \/>\n\t<meta property=\"og:image:height\" content=\"1288\" \/>\n\t<meta property=\"og:image:type\" content=\"image\/jpeg\" \/>\n<meta name=\"twitter:card\" content=\"summary_large_image\" \/>\n<meta name=\"twitter:label1\" content=\"Precio\" \/>\n\t<meta name=\"twitter:data1\" content=\"8,00&euro; Iva incl\u00f2s\" \/>\n\t<meta name=\"twitter:label2\" content=\"Availability\" \/>\n\t<meta name=\"twitter:data2\" content=\"Out of stock\" \/>\n<script type=\"application\/ld+json\" class=\"yoast-schema-graph\">{\"@context\":\"https:\\\/\\\/schema.org\",\"@graph\":[{\"@type\":\"WebPage\",\"@id\":\"https:\\\/\\\/somllavors.com\\\/es\\\/producte\\\/crianza-feliz-la-como-cuidar-y-entender-a-tu-hijo-de-0-a-6-a%c2%acos-1-prenem-nota\",\"url\":\"https:\\\/\\\/somllavors.com\\\/es\\\/producte\\\/crianza-feliz-la-como-cuidar-y-entender-a-tu-hijo-de-0-a-6-a%c2%acos-1-prenem-nota\",\"name\":\"La crianza feliz - Como cuidar y entender a tu hijo de 0 a 6 a\u00f1os &#8212; Som Llavors\",\"isPartOf\":{\"@id\":\"https:\\\/\\\/somllavors.com\\\/es#website\"},\"primaryImageOfPage\":{\"@id\":\"https:\\\/\\\/somllavors.com\\\/es\\\/producte\\\/crianza-feliz-la-como-cuidar-y-entender-a-tu-hijo-de-0-a-6-a%c2%acos-1-prenem-nota#primaryimage\"},\"image\":{\"@id\":\"https:\\\/\\\/somllavors.com\\\/es\\\/producte\\\/crianza-feliz-la-como-cuidar-y-entender-a-tu-hijo-de-0-a-6-a%c2%acos-1-prenem-nota#primaryimage\"},\"thumbnailUrl\":\"https:\\\/\\\/somllavors.com\\\/wp-content\\\/uploads\\\/crianza.jpeg\",\"datePublished\":\"2021-06-29T21:13:25+00:00\",\"dateModified\":\"2023-04-21T08:27:12+00:00\",\"description\":\"Rosa Jov\u00e9 nos ense\u00f1a en este libro c\u00f3mo cuidar y entender a los hijos e hijas desde el nacimiento hasta los 6 a\u00f1os. Partiendo de la premisa de que en esta etapa se forja buena parte de la personalidad del ni\u00f1o y se asientan sus estructuras emocionales, Rosa Jov\u00e9 ofrece a las fam\u00edlias las pautas necesarias para lograr una crianza feliz. Un libro diferente, imprescindible para que en el n\u00facleo familiar se aprenda a desarrollar ese apego saludable que todos los ni\u00f1os necesitan.\",\"breadcrumb\":{\"@id\":\"https:\\\/\\\/somllavors.com\\\/es\\\/producte\\\/crianza-feliz-la-como-cuidar-y-entender-a-tu-hijo-de-0-a-6-a%c2%acos-1-prenem-nota#breadcrumb\"},\"inLanguage\":\"es\",\"potentialAction\":[{\"@type\":\"ReadAction\",\"target\":[\"https:\\\/\\\/somllavors.com\\\/es\\\/producte\\\/crianza-feliz-la-como-cuidar-y-entender-a-tu-hijo-de-0-a-6-a%c2%acos-1-prenem-nota\"]}]},{\"@type\":\"ImageObject\",\"inLanguage\":\"es\",\"@id\":\"https:\\\/\\\/somllavors.com\\\/es\\\/producte\\\/crianza-feliz-la-como-cuidar-y-entender-a-tu-hijo-de-0-a-6-a%c2%acos-1-prenem-nota#primaryimage\",\"url\":\"https:\\\/\\\/somllavors.com\\\/wp-content\\\/uploads\\\/crianza.jpeg\",\"contentUrl\":\"https:\\\/\\\/somllavors.com\\\/wp-content\\\/uploads\\\/crianza.jpeg\",\"width\":814,\"height\":1288,\"caption\":\"La crianza feliz Rosa Jov\u00e9\"},{\"@type\":\"BreadcrumbList\",\"@id\":\"https:\\\/\\\/somllavors.com\\\/es\\\/producte\\\/crianza-feliz-la-como-cuidar-y-entender-a-tu-hijo-de-0-a-6-a%c2%acos-1-prenem-nota#breadcrumb\",\"itemListElement\":[{\"@type\":\"ListItem\",\"position\":1,\"name\":\"Inici\",\"item\":\"https:\\\/\\\/somllavors.com\\\/es\"},{\"@type\":\"ListItem\",\"position\":2,\"name\":\"Tienda\",\"item\":\"https:\\\/\\\/somllavors.com\\\/es\\\/botiga-2\"},{\"@type\":\"ListItem\",\"position\":3,\"name\":\"La crianza feliz &#8211; Como cuidar y entender a tu hijo de 0 a 6 a\u00f1os\"}]},{\"@type\":\"WebSite\",\"@id\":\"https:\\\/\\\/somllavors.com\\\/es#website\",\"url\":\"https:\\\/\\\/somllavors.com\\\/es\",\"name\":\"Som Llavors\",\"description\":\"Botiga de crian\u00e7a natural\",\"publisher\":{\"@id\":\"https:\\\/\\\/somllavors.com\\\/es#organization\"},\"alternateName\":\"Crian\u00e7a Natural i Sostenible\",\"potentialAction\":[{\"@type\":\"SearchAction\",\"target\":{\"@type\":\"EntryPoint\",\"urlTemplate\":\"https:\\\/\\\/somllavors.com\\\/es?s={search_term_string}\"},\"query-input\":{\"@type\":\"PropertyValueSpecification\",\"valueRequired\":true,\"valueName\":\"search_term_string\"}}],\"inLanguage\":\"es\"},{\"@type\":[\"Organization\",\"Place\",\"Store\"],\"@id\":\"https:\\\/\\\/somllavors.com\\\/es#organization\",\"name\":\"Som Llavors\",\"alternateName\":\"Crian\u00e7a Natural i Sostenible\",\"url\":\"https:\\\/\\\/somllavors.com\\\/es\",\"logo\":{\"@id\":\"https:\\\/\\\/somllavors.com\\\/es\\\/producte\\\/crianza-feliz-la-como-cuidar-y-entender-a-tu-hijo-de-0-a-6-a%c2%acos-1-prenem-nota#local-main-organization-logo\"},\"image\":{\"@id\":\"https:\\\/\\\/somllavors.com\\\/es\\\/producte\\\/crianza-feliz-la-como-cuidar-y-entender-a-tu-hijo-de-0-a-6-a%c2%acos-1-prenem-nota#local-main-organization-logo\"},\"sameAs\":[\"https:\\\/\\\/www.facebook.com\\\/somllavorsvng\\\/?locale=ca_ES\",\"https:\\\/\\\/www.instagram.com\\\/somllavors_vng\\\/\",\"https:\\\/\\\/www.youtube.com\\\/@somllavors\"],\"address\":{\"@id\":\"https:\\\/\\\/somllavors.com\\\/es\\\/producte\\\/crianza-feliz-la-como-cuidar-y-entender-a-tu-hijo-de-0-a-6-a%c2%acos-1-prenem-nota#local-main-place-address\"},\"geo\":{\"@type\":\"GeoCoordinates\",\"latitude\":\"41.2257737\",\"longitude\":\"1.723258859\"},\"telephone\":[\"623152704\"],\"openingHoursSpecification\":[{\"@type\":\"OpeningHoursSpecification\",\"dayOfWeek\":[\"Monday\",\"Sunday\"],\"opens\":\"00:00\",\"closes\":\"00:00\"},{\"@type\":\"OpeningHoursSpecification\",\"dayOfWeek\":[\"Tuesday\",\"Wednesday\",\"Thursday\",\"Friday\"],\"opens\":\"10:00\",\"closes\":\"20:00\"},{\"@type\":\"OpeningHoursSpecification\",\"dayOfWeek\":[\"Saturday\"],\"opens\":\"10:00\",\"closes\":\"13:30\"}],\"email\":\"info@somllavors.com\"},{\"@type\":\"PostalAddress\",\"@id\":\"https:\\\/\\\/somllavors.com\\\/es\\\/producte\\\/crianza-feliz-la-como-cuidar-y-entender-a-tu-hijo-de-0-a-6-a%c2%acos-1-prenem-nota#local-main-place-address\",\"streetAddress\":\"Carrer de l'aigua, 6\",\"addressLocality\":\"Vilanova i la Geltr\u00fa\",\"postalCode\":\"08800\",\"addressRegion\":\"Barcelona\",\"addressCountry\":\"ES\"},{\"@type\":\"ImageObject\",\"inLanguage\":\"es\",\"@id\":\"https:\\\/\\\/somllavors.com\\\/es\\\/producte\\\/crianza-feliz-la-como-cuidar-y-entender-a-tu-hijo-de-0-a-6-a%c2%acos-1-prenem-nota#local-main-organization-logo\",\"url\":\"https:\\\/\\\/somllavors.com\\\/wp-content\\\/uploads\\\/Logotip-Som-Llavors.jpg\",\"contentUrl\":\"https:\\\/\\\/somllavors.com\\\/wp-content\\\/uploads\\\/Logotip-Som-Llavors.jpg\",\"width\":1444,\"height\":1323,\"caption\":\"Som Llavors\"}]}<\/script>\n<meta property=\"product:price:amount\" content=\"8.00\" \/>\n<meta property=\"product:price:currency\" content=\"EUR\" \/>\n<meta property=\"og:availability\" content=\"out of stock\" \/>\n<meta property=\"product:availability\" content=\"out of stock\" \/>\n<meta property=\"product:retailer_item_id\" content=\"9788499700649\" \/>\n<meta property=\"product:condition\" content=\"new\" \/>\n<meta name=\"geo.placename\" content=\"Vilanova i la Geltr\u00fa\" \/>\n<meta name=\"geo.position\" content=\"41.2257737;1.723258859\" \/>\n<meta name=\"geo.region\" content=\"Espa\u00f1a\" \/>\n<!-- \/ Yoast SEO Premium plugin. -->","yoast_head_json":{"title":"La crianza feliz - Como cuidar y entender a tu hijo de 0 a 6 a\u00f1os &#8212; Som Llavors","description":"Rosa Jov\u00e9 nos ense\u00f1a en este libro c\u00f3mo cuidar y entender a los hijos e hijas desde el nacimiento hasta los 6 a\u00f1os. Partiendo de la premisa de que en esta etapa se forja buena parte de la personalidad del ni\u00f1o y se asientan sus estructuras emocionales, Rosa Jov\u00e9 ofrece a las fam\u00edlias las pautas necesarias para lograr una crianza feliz. Un libro diferente, imprescindible para que en el n\u00facleo familiar se aprenda a desarrollar ese apego saludable que todos los ni\u00f1os necesitan.","robots":{"index":"index","follow":"follow","max-snippet":"max-snippet:-1","max-image-preview":"max-image-preview:large","max-video-preview":"max-video-preview:-1"},"canonical":"https:\/\/somllavors.com\/es\/producte\/crianza-feliz-la-como-cuidar-y-entender-a-tu-hijo-de-0-a-6-a%c2%acos-1-prenem-nota","og_locale":"es_ES","og_type":"article","og_title":"La crianza feliz - Como cuidar y entender a tu hijo de 0 a 6 a\u00f1os","og_description":"La teva botiga d\u2019ecocrian\u00e7a i espai d\u2019acompanyament a la maternitat","og_url":"https:\/\/somllavors.com\/es\/producte\/crianza-feliz-la-como-cuidar-y-entender-a-tu-hijo-de-0-a-6-a%c2%acos-1-prenem-nota","og_site_name":"Som Llavors","article_publisher":"https:\/\/www.facebook.com\/somllavorsvng\/?locale=ca_ES","article_modified_time":"2023-04-21T08:27:12+00:00","og_image":[{"width":814,"height":1288,"url":"https:\/\/somllavors.com\/wp-content\/uploads\/crianza.jpeg","type":"image\/jpeg"}],"twitter_card":"summary_large_image","twitter_misc":{"Precio":"8,00&euro; Iva incl\u00f2s","Availability":"Out of stock"},"schema":{"@context":"https:\/\/schema.org","@graph":[{"@type":"WebPage","@id":"https:\/\/somllavors.com\/es\/producte\/crianza-feliz-la-como-cuidar-y-entender-a-tu-hijo-de-0-a-6-a%c2%acos-1-prenem-nota","url":"https:\/\/somllavors.com\/es\/producte\/crianza-feliz-la-como-cuidar-y-entender-a-tu-hijo-de-0-a-6-a%c2%acos-1-prenem-nota","name":"La crianza feliz - Como cuidar y entender a tu hijo de 0 a 6 a\u00f1os &#8212; Som Llavors","isPartOf":{"@id":"https:\/\/somllavors.com\/es#website"},"primaryImageOfPage":{"@id":"https:\/\/somllavors.com\/es\/producte\/crianza-feliz-la-como-cuidar-y-entender-a-tu-hijo-de-0-a-6-a%c2%acos-1-prenem-nota#primaryimage"},"image":{"@id":"https:\/\/somllavors.com\/es\/producte\/crianza-feliz-la-como-cuidar-y-entender-a-tu-hijo-de-0-a-6-a%c2%acos-1-prenem-nota#primaryimage"},"thumbnailUrl":"https:\/\/somllavors.com\/wp-content\/uploads\/crianza.jpeg","datePublished":"2021-06-29T21:13:25+00:00","dateModified":"2023-04-21T08:27:12+00:00","description":"Rosa Jov\u00e9 nos ense\u00f1a en este libro c\u00f3mo cuidar y entender a los hijos e hijas desde el nacimiento hasta los 6 a\u00f1os. Partiendo de la premisa de que en esta etapa se forja buena parte de la personalidad del ni\u00f1o y se asientan sus estructuras emocionales, Rosa Jov\u00e9 ofrece a las fam\u00edlias las pautas necesarias para lograr una crianza feliz. Un libro diferente, imprescindible para que en el n\u00facleo familiar se aprenda a desarrollar ese apego saludable que todos los ni\u00f1os necesitan.","breadcrumb":{"@id":"https:\/\/somllavors.com\/es\/producte\/crianza-feliz-la-como-cuidar-y-entender-a-tu-hijo-de-0-a-6-a%c2%acos-1-prenem-nota#breadcrumb"},"inLanguage":"es","potentialAction":[{"@type":"ReadAction","target":["https:\/\/somllavors.com\/es\/producte\/crianza-feliz-la-como-cuidar-y-entender-a-tu-hijo-de-0-a-6-a%c2%acos-1-prenem-nota"]}]},{"@type":"ImageObject","inLanguage":"es","@id":"https:\/\/somllavors.com\/es\/producte\/crianza-feliz-la-como-cuidar-y-entender-a-tu-hijo-de-0-a-6-a%c2%acos-1-prenem-nota#primaryimage","url":"https:\/\/somllavors.com\/wp-content\/uploads\/crianza.jpeg","contentUrl":"https:\/\/somllavors.com\/wp-content\/uploads\/crianza.jpeg","width":814,"height":1288,"caption":"La crianza feliz Rosa Jov\u00e9"},{"@type":"BreadcrumbList","@id":"https:\/\/somllavors.com\/es\/producte\/crianza-feliz-la-como-cuidar-y-entender-a-tu-hijo-de-0-a-6-a%c2%acos-1-prenem-nota#breadcrumb","itemListElement":[{"@type":"ListItem","position":1,"name":"Inici","item":"https:\/\/somllavors.com\/es"},{"@type":"ListItem","position":2,"name":"Tienda","item":"https:\/\/somllavors.com\/es\/botiga-2"},{"@type":"ListItem","position":3,"name":"La crianza feliz &#8211; Como cuidar y entender a tu hijo de 0 a 6 a\u00f1os"}]},{"@type":"WebSite","@id":"https:\/\/somllavors.com\/es#website","url":"https:\/\/somllavors.com\/es","name":"Som Llavors","description":"Botiga de crian\u00e7a natural","publisher":{"@id":"https:\/\/somllavors.com\/es#organization"},"alternateName":"Crian\u00e7a Natural i Sostenible","potentialAction":[{"@type":"SearchAction","target":{"@type":"EntryPoint","urlTemplate":"https:\/\/somllavors.com\/es?s={search_term_string}"},"query-input":{"@type":"PropertyValueSpecification","valueRequired":true,"valueName":"search_term_string"}}],"inLanguage":"es"},{"@type":["Organization","Place","Store"],"@id":"https:\/\/somllavors.com\/es#organization","name":"Som Llavors","alternateName":"Crian\u00e7a Natural i Sostenible","url":"https:\/\/somllavors.com\/es","logo":{"@id":"https:\/\/somllavors.com\/es\/producte\/crianza-feliz-la-como-cuidar-y-entender-a-tu-hijo-de-0-a-6-a%c2%acos-1-prenem-nota#local-main-organization-logo"},"image":{"@id":"https:\/\/somllavors.com\/es\/producte\/crianza-feliz-la-como-cuidar-y-entender-a-tu-hijo-de-0-a-6-a%c2%acos-1-prenem-nota#local-main-organization-logo"},"sameAs":["https:\/\/www.facebook.com\/somllavorsvng\/?locale=ca_ES","https:\/\/www.instagram.com\/somllavors_vng\/","https:\/\/www.youtube.com\/@somllavors"],"address":{"@id":"https:\/\/somllavors.com\/es\/producte\/crianza-feliz-la-como-cuidar-y-entender-a-tu-hijo-de-0-a-6-a%c2%acos-1-prenem-nota#local-main-place-address"},"geo":{"@type":"GeoCoordinates","latitude":"41.2257737","longitude":"1.723258859"},"telephone":["623152704","623152704"],"openingHoursSpecification":[{"@type":"OpeningHoursSpecification","dayOfWeek":["Monday","Sunday"],"opens":"00:00","closes":"00:00"},{"@type":"OpeningHoursSpecification","dayOfWeek":["Tuesday","Wednesday","Thursday","Friday"],"opens":"10:00","closes":"20:00"},{"@type":"OpeningHoursSpecification","dayOfWeek":["Saturday"],"opens":"10:00","closes":"13:30"}],"email":"info@somllavors.com"},{"@type":"PostalAddress","@id":"https:\/\/somllavors.com\/es\/producte\/crianza-feliz-la-como-cuidar-y-entender-a-tu-hijo-de-0-a-6-a%c2%acos-1-prenem-nota#local-main-place-address","streetAddress":"Carrer de l'aigua, 6","addressLocality":"Vilanova i la Geltr\u00fa","postalCode":"08800","addressRegion":"Barcelona","addressCountry":"ES"},{"@type":"ImageObject","inLanguage":"es","@id":"https:\/\/somllavors.com\/es\/producte\/crianza-feliz-la-como-cuidar-y-entender-a-tu-hijo-de-0-a-6-a%c2%acos-1-prenem-nota#local-main-organization-logo","url":"https:\/\/somllavors.com\/wp-content\/uploads\/Logotip-Som-Llavors.jpg","contentUrl":"https:\/\/somllavors.com\/wp-content\/uploads\/Logotip-Som-Llavors.jpg","width":1444,"height":1323,"caption":"Som Llavors"}]},"product_price_amount":"8.00","product_price_currency":"EUR","og_availability":"out of stock","product_availability":"out of stock","product_retailer_item_id":"9788499700649","product_condition":"new","geo.placename":"Vilanova i la Geltr\u00fa","geo.position":{"lat":"41.2257737","long":"1.723258859"},"geo.region":"Espa\u00f1a"},"brands":[],"_links":{"self":[{"href":"https:\/\/somllavors.com\/es\/wp-json\/wp\/v2\/product\/10354","targetHints":{"allow":["GET"]}}],"collection":[{"href":"https:\/\/somllavors.com\/es\/wp-json\/wp\/v2\/product"}],"about":[{"href":"https:\/\/somllavors.com\/es\/wp-json\/wp\/v2\/types\/product"}],"wp:featuredmedia":[{"embeddable":true,"href":"https:\/\/somllavors.com\/es\/wp-json\/wp\/v2\/media\/13453"}],"wp:attachment":[{"href":"https:\/\/somllavors.com\/es\/wp-json\/wp\/v2\/media?parent=10354"}],"wp:term":[{"taxonomy":"pwb-brand","embeddable":true,"href":"https:\/\/somllavors.com\/es\/wp-json\/wp\/v2\/pwb-brand?post=10354"},{"taxonomy":"product_brand","embeddable":true,"href":"https:\/\/somllavors.com\/es\/wp-json\/wp\/v2\/product_brand?post=10354"},{"taxonomy":"product_cat","embeddable":true,"href":"https:\/\/somllavors.com\/es\/wp-json\/wp\/v2\/product_cat?post=10354"},{"taxonomy":"product_tag","embeddable":true,"href":"https:\/\/somllavors.com\/es\/wp-json\/wp\/v2\/product_tag?post=10354"}],"curies":[{"name":"wp","href":"https:\/\/api.w.org\/{rel}","templated":true}]}}