{"id":10564,"date":"2021-07-02T00:23:37","date_gmt":"2021-07-01T22:23:37","guid":{"rendered":"https:\/\/somllavors.com\/?post_type=product&#038;p=10564"},"modified":"2023-12-09T11:07:32","modified_gmt":"2023-12-09T10:07:32","slug":"calces-menstruals-cocoro","status":"publish","type":"product","link":"https:\/\/somllavors.com\/es\/producte\/calces-menstruals-cocoro","title":{"rendered":"Calces menstruals Cocoro &#8211; Cl\u00e0ssica Essence pink"},"content":{"rendered":"<ul>\n<li>Les calces\u00a0<span class=\"il\">Cocoro<\/span>\u00ae de tela, fines, rentables i reutilitzables absorbeixen la menstruaci\u00f3, el flux vaginal i les p\u00e8rdues lleus d&#8217;orina, cosa que evita que traspassi a la roba i mant\u00e9 la transpirabilitat de la pe\u00e7a.<\/li>\n<li>Estan fabricades amb un teixit t\u00e8cnic que combina propietats hidrof\u00f2biques i hidr\u00f2files per a garantir l&#8217;absorci\u00f3 dels fluids, la sequedat de la roba i la transpirabilitat.<\/li>\n<li>El teixit \u00e9s antibacteri\u00e0,neutralitza les olors i est\u00e0 lliure de subst\u00e0ncies t\u00f2xiques en la producci\u00f3 (ecoetiqueta OE-KO-TEX, GOTS i GREEN LABEL) i conserva les seves propietats fins a 60 rentades (un any i mig aproximat d&#8217;\u00fas).<\/li>\n<li>Estan confeccionades, produ\u00efdes i embalades a Barcelona i una part important de la confecci\u00f3 del producte es realitza en col\u00b7laboraci\u00f3 amb Fundaci\u00f3 Ared per a la reinserci\u00f3 de dones.<\/li>\n<li>Es poden rentar a m\u00e0 o a la rentadora evitant l&#8217;\u00fas de suavitzants i assecadora.<\/li>\n<li>Certificat VEGAN<\/li>\n<\/ul>\n<p>Composici\u00f3:<\/p>\n<ul>\n<li>Capa exterior: 65% cot\u00f3 i 35% elast\u00e0<\/li>\n<li>Capa intermitges: (nom\u00e9s al pont): Fibres naturals i poli\u00e8ster. No cont\u00e9 pl\u00e0stic (lliure de PUL).<\/li>\n<li>Capa interior: 100% cot\u00f3 org\u00e0nic (certificat GOTS)<\/li>\n<li>Goma el\u00e0stica: 70% poli\u00e0mida i 30% elast\u00e0<\/li>\n<\/ul>\n","protected":false},"excerpt":{"rendered":"<p>Calceta de fluxe moderat de tall cl\u00e0ssic.<\/p>\n<p>Esportiva i c\u00f2moda com totes les ESSENCE, aquesta \u00e9s Plus: m\u00e9s alta de cintura, i amb la zona del pont m\u00e9s llarga i una mica m\u00e9s gruixuda per als dies de m\u00e9s fluix.<\/p>\n<p>Incorpora una cinta en color rosa amb un discret missatge que diu: I&#8217;m comfortable with my body. I&#8217;m comfortable with Cocoro\u00ae.<\/p>\n","protected":false},"featured_media":12352,"template":"","meta":{"_acf_changed":false,"site-sidebar-layout":"default","site-content-layout":"default","ast-site-content-layout":"default","site-content-style":"default","site-sidebar-style":"default","ast-global-header-display":"","ast-banner-title-visibility":"","ast-main-header-display":"","ast-hfb-above-header-display":"","ast-hfb-below-header-display":"","ast-hfb-mobile-header-display":"","site-post-title":"","ast-breadcrumbs-content":"","ast-featured-img":"","footer-sml-layout":"","theme-transparent-header-meta":"default","adv-header-id-meta":"","stick-header-meta":"","header-above-stick-meta":"","header-main-stick-meta":"","header-below-stick-meta":"","astra-migrate-meta-layouts":"default","ast-page-background-enabled":"default","ast-page-background-meta":{"desktop":{"background-color":"","background-image":"","background-repeat":"repeat","background-position":"center center","background-size":"auto","background-attachment":"scroll","background-type":"","background-media":"","overlay-type":"","overlay-color":"","overlay-opacity":"","overlay-gradient":""},"tablet":{"background-color":"","background-image":"","background-repeat":"repeat","background-position":"center center","background-size":"auto","background-attachment":"scroll","background-type":"","background-media":"","overlay-type":"","overlay-color":"","overlay-opacity":"","overlay-gradient":""},"mobile":{"background-color":"","background-image":"","background-repeat":"repeat","background-position":"center center","background-size":"auto","background-attachment":"scroll","background-type":"","background-media":"","overlay-type":"","overlay-color":"","overlay-opacity":"","overlay-gradient":""}},"ast-content-background-meta":{"desktop":{"background-color":"var(--ast-global-color-5)","background-image":"","background-repeat":"repeat","background-position":"center center","background-size":"auto","background-attachment":"scroll","background-type":"","background-media":"","overlay-type":"","overlay-color":"","overlay-opacity":"","overlay-gradient":""},"tablet":{"background-color":"var(--ast-global-color-5)","background-image":"","background-repeat":"repeat","background-position":"center center","background-size":"auto","background-attachment":"scroll","background-type":"","background-media":"","overlay-type":"","overlay-color":"","overlay-opacity":"","overlay-gradient":""},"mobile":{"background-color":"var(--ast-global-color-5)","background-image":"","background-repeat":"repeat","background-position":"center center","background-size":"auto","background-attachment":"scroll","background-type":"","background-media":"","overlay-type":"","overlay-color":"","overlay-opacity":"","overlay-gradient":""}}},"pwb-brand":[],"product_brand":[],"product_cat":[301],"product_tag":[752,753],"class_list":{"0":"post-10564","1":"product","2":"type-product","3":"status-publish","4":"has-post-thumbnail","6":"product_cat-per-la-dona","7":"product_tag-bragas-menstruales","8":"product_tag-cocoro","9":"pa_talla-l-4","10":"pa_talla-m-3","11":"pa_talla-s-2","12":"pa_talla-xl-5","13":"pa_talla-xs","14":"pa_talla-xxl-6","15":"desktop-align-left","16":"tablet-align-left","17":"mobile-align-left","19":"first","20":"outofstock","21":"taxable","22":"shipping-taxable","23":"product-type-variable"},"acf":[],"yoast_head":"<!-- This site is optimized with the Yoast SEO Premium plugin v18.3 (Yoast SEO v26.2) - https:\/\/yoast.com\/wordpress\/plugins\/seo\/ -->\n<title>Calces menstruals Cocoro - Cl\u00e0ssica Essence pink &#8212; Som Llavors<\/title>\n<meta name=\"description\" content=\"Calceta de fluxe moderat de tall cl\u00e0ssic.  Esportiva i c\u00f2moda com totes les ESSENCE, aquesta \u00e9s Plus: m\u00e9s alta de cintura, i amb la zona del pont m\u00e9s llarga i una mica m\u00e9s gruixuda per als dies de m\u00e9s fluix.  Incorpora una cinta en color rosa amb un discret missatge que diu: I&#039;m comfortable with my body. I&#039;m comfortable with Cocoro\u00ae.\" \/>\n<meta name=\"robots\" content=\"index, follow, max-snippet:-1, max-image-preview:large, max-video-preview:-1\" \/>\n<link rel=\"canonical\" href=\"https:\/\/somllavors.com\/es\/producte\/calces-menstruals-cocoro\" \/>\n<meta property=\"og:locale\" content=\"es_ES\" \/>\n<meta property=\"og:type\" content=\"article\" \/>\n<meta property=\"og:title\" content=\"Calces menstruals Cocoro - Cl\u00e0ssica Essence pink\" \/>\n<meta property=\"og:description\" content=\"La teva botiga d\u2019ecocrian\u00e7a i espai d\u2019acompanyament a la maternitat\" \/>\n<meta property=\"og:url\" content=\"https:\/\/somllavors.com\/es\/producte\/calces-menstruals-cocoro\" \/>\n<meta property=\"og:site_name\" content=\"Som Llavors\" \/>\n<meta property=\"article:publisher\" content=\"https:\/\/www.facebook.com\/somllavorsvng\/?locale=ca_ES\" \/>\n<meta property=\"article:modified_time\" content=\"2023-12-09T10:07:32+00:00\" \/>\n<meta property=\"og:image\" content=\"https:\/\/somllavors.com\/wp-content\/uploads\/cocoro-rosa.jpeg\" \/>\n\t<meta property=\"og:image:width\" content=\"800\" \/>\n\t<meta property=\"og:image:height\" content=\"532\" \/>\n\t<meta property=\"og:image:type\" content=\"image\/jpeg\" \/>\n<meta name=\"twitter:card\" content=\"summary_large_image\" \/>\n<meta name=\"twitter:label1\" content=\"Availability\" \/>\n\t<meta name=\"twitter:data1\" content=\"Out of stock\" \/>\n<script type=\"application\/ld+json\" class=\"yoast-schema-graph\">{\"@context\":\"https:\/\/schema.org\",\"@graph\":[{\"@type\":\"WebPage\",\"@id\":\"https:\/\/somllavors.com\/es\/producte\/calces-menstruals-cocoro\",\"url\":\"https:\/\/somllavors.com\/es\/producte\/calces-menstruals-cocoro\",\"name\":\"Calces menstruals Cocoro - Cl\u00e0ssica Essence pink &#8212; Som Llavors\",\"isPartOf\":{\"@id\":\"https:\/\/somllavors.com\/es#website\"},\"primaryImageOfPage\":{\"@id\":\"https:\/\/somllavors.com\/es\/producte\/calces-menstruals-cocoro#primaryimage\"},\"image\":{\"@id\":\"https:\/\/somllavors.com\/es\/producte\/calces-menstruals-cocoro#primaryimage\"},\"thumbnailUrl\":\"https:\/\/somllavors.com\/wp-content\/uploads\/cocoro-rosa.jpeg\",\"datePublished\":\"2021-07-01T22:23:37+00:00\",\"dateModified\":\"2023-12-09T10:07:32+00:00\",\"description\":\"Calceta de fluxe moderat de tall cl\u00e0ssic. Esportiva i c\u00f2moda com totes les ESSENCE, aquesta \u00e9s Plus: m\u00e9s alta de cintura, i amb la zona del pont m\u00e9s llarga i una mica m\u00e9s gruixuda per als dies de m\u00e9s fluix. Incorpora una cinta en color rosa amb un discret missatge que diu: I'm comfortable with my body. I'm comfortable with Cocoro\u00ae.\",\"breadcrumb\":{\"@id\":\"https:\/\/somllavors.com\/es\/producte\/calces-menstruals-cocoro#breadcrumb\"},\"inLanguage\":\"es\",\"potentialAction\":[{\"@type\":\"ReadAction\",\"target\":[\"https:\/\/somllavors.com\/es\/producte\/calces-menstruals-cocoro\"]}]},{\"@type\":\"ImageObject\",\"inLanguage\":\"es\",\"@id\":\"https:\/\/somllavors.com\/es\/producte\/calces-menstruals-cocoro#primaryimage\",\"url\":\"https:\/\/somllavors.com\/wp-content\/uploads\/cocoro-rosa.jpeg\",\"contentUrl\":\"https:\/\/somllavors.com\/wp-content\/uploads\/cocoro-rosa.jpeg\",\"width\":800,\"height\":532,\"caption\":\"bragas menstruales algod\u00f3n\"},{\"@type\":\"BreadcrumbList\",\"@id\":\"https:\/\/somllavors.com\/es\/producte\/calces-menstruals-cocoro#breadcrumb\",\"itemListElement\":[{\"@type\":\"ListItem\",\"position\":1,\"name\":\"Inici\",\"item\":\"https:\/\/somllavors.com\/es\"},{\"@type\":\"ListItem\",\"position\":2,\"name\":\"Tienda\",\"item\":\"https:\/\/somllavors.com\/es\/botiga-2\"},{\"@type\":\"ListItem\",\"position\":3,\"name\":\"Calces menstruals Cocoro &#8211; Cl\u00e0ssica Essence pink\"}]},{\"@type\":\"WebSite\",\"@id\":\"https:\/\/somllavors.com\/es#website\",\"url\":\"https:\/\/somllavors.com\/es\",\"name\":\"Som Llavors\",\"description\":\"Botiga de crian\u00e7a natural\",\"publisher\":{\"@id\":\"https:\/\/somllavors.com\/es#organization\"},\"alternateName\":\"Crian\u00e7a Natural i Sostenible\",\"potentialAction\":[{\"@type\":\"SearchAction\",\"target\":{\"@type\":\"EntryPoint\",\"urlTemplate\":\"https:\/\/somllavors.com\/es?s={search_term_string}\"},\"query-input\":{\"@type\":\"PropertyValueSpecification\",\"valueRequired\":true,\"valueName\":\"search_term_string\"}}],\"inLanguage\":\"es\"},{\"@type\":[\"Organization\",\"Place\",\"Store\"],\"@id\":\"https:\/\/somllavors.com\/es#organization\",\"name\":\"Som Llavors\",\"alternateName\":\"Crian\u00e7a Natural i Sostenible\",\"url\":\"https:\/\/somllavors.com\/es\",\"logo\":{\"@id\":\"https:\/\/somllavors.com\/es\/producte\/calces-menstruals-cocoro#local-main-organization-logo\"},\"image\":{\"@id\":\"https:\/\/somllavors.com\/es\/producte\/calces-menstruals-cocoro#local-main-organization-logo\"},\"sameAs\":[\"https:\/\/www.facebook.com\/somllavorsvng\/?locale=ca_ES\",\"https:\/\/www.instagram.com\/somllavors_vng\/\",\"https:\/\/www.youtube.com\/@somllavors\"],\"address\":{\"@id\":\"https:\/\/somllavors.com\/es\/producte\/calces-menstruals-cocoro#local-main-place-address\"},\"geo\":{\"@type\":\"GeoCoordinates\",\"latitude\":\"41.2257737\",\"longitude\":\"1.723258859\"},\"telephone\":[\"623152704\"],\"openingHoursSpecification\":[{\"@type\":\"OpeningHoursSpecification\",\"dayOfWeek\":[\"Monday\",\"Sunday\"],\"opens\":\"00:00\",\"closes\":\"00:00\"},{\"@type\":\"OpeningHoursSpecification\",\"dayOfWeek\":[\"Tuesday\",\"Wednesday\",\"Thursday\",\"Friday\"],\"opens\":\"10:00\",\"closes\":\"20:00\"},{\"@type\":\"OpeningHoursSpecification\",\"dayOfWeek\":[\"Saturday\"],\"opens\":\"10:00\",\"closes\":\"13:30\"}],\"email\":\"info@somllavors.com\"},{\"@type\":\"PostalAddress\",\"@id\":\"https:\/\/somllavors.com\/es\/producte\/calces-menstruals-cocoro#local-main-place-address\",\"streetAddress\":\"Carrer de l'aigua, 6\",\"addressLocality\":\"Vilanova i la Geltr\u00fa\",\"postalCode\":\"08800\",\"addressRegion\":\"Barcelona\",\"addressCountry\":\"ES\"},{\"@type\":\"ImageObject\",\"inLanguage\":\"es\",\"@id\":\"https:\/\/somllavors.com\/es\/producte\/calces-menstruals-cocoro#local-main-organization-logo\",\"url\":\"https:\/\/somllavors.com\/wp-content\/uploads\/Logotip-Som-Llavors.jpg\",\"contentUrl\":\"https:\/\/somllavors.com\/wp-content\/uploads\/Logotip-Som-Llavors.jpg\",\"width\":1444,\"height\":1323,\"caption\":\"Som Llavors\"}]}<\/script>\n<meta property=\"og:availability\" content=\"out of stock\" \/>\n<meta property=\"product:availability\" content=\"out of stock\" \/>\n<meta property=\"product:condition\" content=\"new\" \/>\n<meta name=\"geo.placename\" content=\"Vilanova i la Geltr\u00fa\" \/>\n<meta name=\"geo.position\" content=\"41.2257737;1.723258859\" \/>\n<meta name=\"geo.region\" content=\"Espa\u00f1a\" \/>\n<!-- \/ Yoast SEO Premium plugin. -->","yoast_head_json":{"title":"Calces menstruals Cocoro - Cl\u00e0ssica Essence pink &#8212; Som Llavors","description":"Calceta de fluxe moderat de tall cl\u00e0ssic.  Esportiva i c\u00f2moda com totes les ESSENCE, aquesta \u00e9s Plus: m\u00e9s alta de cintura, i amb la zona del pont m\u00e9s llarga i una mica m\u00e9s gruixuda per als dies de m\u00e9s fluix.  Incorpora una cinta en color rosa amb un discret missatge que diu: I'm comfortable with my body. I'm comfortable with Cocoro\u00ae.","robots":{"index":"index","follow":"follow","max-snippet":"max-snippet:-1","max-image-preview":"max-image-preview:large","max-video-preview":"max-video-preview:-1"},"canonical":"https:\/\/somllavors.com\/es\/producte\/calces-menstruals-cocoro","og_locale":"es_ES","og_type":"article","og_title":"Calces menstruals Cocoro - Cl\u00e0ssica Essence pink","og_description":"La teva botiga d\u2019ecocrian\u00e7a i espai d\u2019acompanyament a la maternitat","og_url":"https:\/\/somllavors.com\/es\/producte\/calces-menstruals-cocoro","og_site_name":"Som Llavors","article_publisher":"https:\/\/www.facebook.com\/somllavorsvng\/?locale=ca_ES","article_modified_time":"2023-12-09T10:07:32+00:00","og_image":[{"width":800,"height":532,"url":"https:\/\/somllavors.com\/wp-content\/uploads\/cocoro-rosa.jpeg","type":"image\/jpeg"}],"twitter_card":"summary_large_image","twitter_misc":{"Availability":"Out of stock"},"schema":{"@context":"https:\/\/schema.org","@graph":[{"@type":"WebPage","@id":"https:\/\/somllavors.com\/es\/producte\/calces-menstruals-cocoro","url":"https:\/\/somllavors.com\/es\/producte\/calces-menstruals-cocoro","name":"Calces menstruals Cocoro - Cl\u00e0ssica Essence pink &#8212; Som Llavors","isPartOf":{"@id":"https:\/\/somllavors.com\/es#website"},"primaryImageOfPage":{"@id":"https:\/\/somllavors.com\/es\/producte\/calces-menstruals-cocoro#primaryimage"},"image":{"@id":"https:\/\/somllavors.com\/es\/producte\/calces-menstruals-cocoro#primaryimage"},"thumbnailUrl":"https:\/\/somllavors.com\/wp-content\/uploads\/cocoro-rosa.jpeg","datePublished":"2021-07-01T22:23:37+00:00","dateModified":"2023-12-09T10:07:32+00:00","description":"Calceta de fluxe moderat de tall cl\u00e0ssic. Esportiva i c\u00f2moda com totes les ESSENCE, aquesta \u00e9s Plus: m\u00e9s alta de cintura, i amb la zona del pont m\u00e9s llarga i una mica m\u00e9s gruixuda per als dies de m\u00e9s fluix. Incorpora una cinta en color rosa amb un discret missatge que diu: I'm comfortable with my body. I'm comfortable with Cocoro\u00ae.","breadcrumb":{"@id":"https:\/\/somllavors.com\/es\/producte\/calces-menstruals-cocoro#breadcrumb"},"inLanguage":"es","potentialAction":[{"@type":"ReadAction","target":["https:\/\/somllavors.com\/es\/producte\/calces-menstruals-cocoro"]}]},{"@type":"ImageObject","inLanguage":"es","@id":"https:\/\/somllavors.com\/es\/producte\/calces-menstruals-cocoro#primaryimage","url":"https:\/\/somllavors.com\/wp-content\/uploads\/cocoro-rosa.jpeg","contentUrl":"https:\/\/somllavors.com\/wp-content\/uploads\/cocoro-rosa.jpeg","width":800,"height":532,"caption":"bragas menstruales algod\u00f3n"},{"@type":"BreadcrumbList","@id":"https:\/\/somllavors.com\/es\/producte\/calces-menstruals-cocoro#breadcrumb","itemListElement":[{"@type":"ListItem","position":1,"name":"Inici","item":"https:\/\/somllavors.com\/es"},{"@type":"ListItem","position":2,"name":"Tienda","item":"https:\/\/somllavors.com\/es\/botiga-2"},{"@type":"ListItem","position":3,"name":"Calces menstruals Cocoro &#8211; Cl\u00e0ssica Essence pink"}]},{"@type":"WebSite","@id":"https:\/\/somllavors.com\/es#website","url":"https:\/\/somllavors.com\/es","name":"Som Llavors","description":"Botiga de crian\u00e7a natural","publisher":{"@id":"https:\/\/somllavors.com\/es#organization"},"alternateName":"Crian\u00e7a Natural i Sostenible","potentialAction":[{"@type":"SearchAction","target":{"@type":"EntryPoint","urlTemplate":"https:\/\/somllavors.com\/es?s={search_term_string}"},"query-input":{"@type":"PropertyValueSpecification","valueRequired":true,"valueName":"search_term_string"}}],"inLanguage":"es"},{"@type":["Organization","Place","Store"],"@id":"https:\/\/somllavors.com\/es#organization","name":"Som Llavors","alternateName":"Crian\u00e7a Natural i Sostenible","url":"https:\/\/somllavors.com\/es","logo":{"@id":"https:\/\/somllavors.com\/es\/producte\/calces-menstruals-cocoro#local-main-organization-logo"},"image":{"@id":"https:\/\/somllavors.com\/es\/producte\/calces-menstruals-cocoro#local-main-organization-logo"},"sameAs":["https:\/\/www.facebook.com\/somllavorsvng\/?locale=ca_ES","https:\/\/www.instagram.com\/somllavors_vng\/","https:\/\/www.youtube.com\/@somllavors"],"address":{"@id":"https:\/\/somllavors.com\/es\/producte\/calces-menstruals-cocoro#local-main-place-address"},"geo":{"@type":"GeoCoordinates","latitude":"41.2257737","longitude":"1.723258859"},"telephone":["623152704","623152704"],"openingHoursSpecification":[{"@type":"OpeningHoursSpecification","dayOfWeek":["Monday","Sunday"],"opens":"00:00","closes":"00:00"},{"@type":"OpeningHoursSpecification","dayOfWeek":["Tuesday","Wednesday","Thursday","Friday"],"opens":"10:00","closes":"20:00"},{"@type":"OpeningHoursSpecification","dayOfWeek":["Saturday"],"opens":"10:00","closes":"13:30"}],"email":"info@somllavors.com"},{"@type":"PostalAddress","@id":"https:\/\/somllavors.com\/es\/producte\/calces-menstruals-cocoro#local-main-place-address","streetAddress":"Carrer de l'aigua, 6","addressLocality":"Vilanova i la Geltr\u00fa","postalCode":"08800","addressRegion":"Barcelona","addressCountry":"ES"},{"@type":"ImageObject","inLanguage":"es","@id":"https:\/\/somllavors.com\/es\/producte\/calces-menstruals-cocoro#local-main-organization-logo","url":"https:\/\/somllavors.com\/wp-content\/uploads\/Logotip-Som-Llavors.jpg","contentUrl":"https:\/\/somllavors.com\/wp-content\/uploads\/Logotip-Som-Llavors.jpg","width":1444,"height":1323,"caption":"Som Llavors"}]},"og_availability":"out of stock","product_availability":"out of stock","product_condition":"new","geo.placename":"Vilanova i la Geltr\u00fa","geo.position":{"lat":"41.2257737","long":"1.723258859"},"geo.region":"Espa\u00f1a"},"brands":[],"_links":{"self":[{"href":"https:\/\/somllavors.com\/es\/wp-json\/wp\/v2\/product\/10564","targetHints":{"allow":["GET"]}}],"collection":[{"href":"https:\/\/somllavors.com\/es\/wp-json\/wp\/v2\/product"}],"about":[{"href":"https:\/\/somllavors.com\/es\/wp-json\/wp\/v2\/types\/product"}],"wp:featuredmedia":[{"embeddable":true,"href":"https:\/\/somllavors.com\/es\/wp-json\/wp\/v2\/media\/12352"}],"wp:attachment":[{"href":"https:\/\/somllavors.com\/es\/wp-json\/wp\/v2\/media?parent=10564"}],"wp:term":[{"taxonomy":"pwb-brand","embeddable":true,"href":"https:\/\/somllavors.com\/es\/wp-json\/wp\/v2\/pwb-brand?post=10564"},{"taxonomy":"product_brand","embeddable":true,"href":"https:\/\/somllavors.com\/es\/wp-json\/wp\/v2\/product_brand?post=10564"},{"taxonomy":"product_cat","embeddable":true,"href":"https:\/\/somllavors.com\/es\/wp-json\/wp\/v2\/product_cat?post=10564"},{"taxonomy":"product_tag","embeddable":true,"href":"https:\/\/somllavors.com\/es\/wp-json\/wp\/v2\/product_tag?post=10564"}],"curies":[{"name":"wp","href":"https:\/\/api.w.org\/{rel}","templated":true}]}}