{"id":10654,"date":"2021-07-02T14:58:58","date_gmt":"2021-07-02T12:58:58","guid":{"rendered":"https:\/\/somllavors.com\/producto\/panal-de-tela-reutilizable-sloth-velcro\/"},"modified":"2025-06-11T19:53:49","modified_gmt":"2025-06-11T17:53:49","slug":"panal-de-tela-reutilizable-velcro","status":"publish","type":"product","link":"https:\/\/somllavors.com\/es\/producte\/panal-de-tela-reutilizable-velcro","title":{"rendered":"Pop in amb velcro &#8211; Talla \u00fanica"},"content":{"rendered":"<ul>\n<li>Cont\u00e9 1 cobertor i dos absorbents de bamb\u00fa.<\/li>\n<li>Talla \u00fanica: des dels 3,5 kg fins que deixa el bolquer.<\/li>\n<li>El velcro permet ajustar-se correctament a la mida de la cintura del nad\u00f3.<\/li>\n<li>Les ales el\u00e0stiques proporcionen un ajust suau i perfecte.<\/li>\n<li>Cobertor suau i impermeable, al mateix temps que transpirable. El seu interior est\u00e0 dissenyat per portar la humitat cap al centre del bolquer on es troba l&#8217;absorbent.<\/li>\n<li>\u00c0mplies barreres antifugues a la cames, tamb\u00e9 a l&#8217;esquena per evitar buits i fuites quan el nad\u00f3 es mou.<\/li>\n<li>Absorbent de viscosa de bamb\u00fa, suau i molt absorbent, antibacteri\u00e0, biodegradable, que permet que respiri la pell.<\/li>\n<li>Realitzats en bamb\u00fa, fins a 4 vegades m\u00e9s absorbent que el cot\u00f3.<\/li>\n<li>Absorbent de nit de viscosa de bamb\u00fa i poli\u00e8ster de r\u00e0pid assecat. Doble absorci\u00f3 per a la nit. La capa que toca la pell de el nad\u00f3 \u00e9s de poli\u00e8ster de r\u00e0pid assecat, allunyant la humitat de la seva pell.<\/li>\n<li>F\u00e0cil de separar l&#8217;absorbent del cobertor, s&#8217;uneixen mitjan\u00e7ant snaps.<\/li>\n<li>Cobertor: 100% poli\u00e8ster reciclat d&#8217;ampolles de pl\u00e0stic RPET, amb revestiment TPU.<\/li>\n<li>Absorbent: 75% bamb\u00fa, 25% poli\u00e8ster.<\/li>\n<\/ul>\n","protected":false},"excerpt":{"rendered":"<p>Els nous bolquers de roba tot en dos amb velcro de la marca Pop in, s&#8217;han fabricat utilitzant un nou material de baix impacte mediambiental, el RPET (poli\u00e8ster reciclat d&#8217;ampolles de pl\u00e0stic).<\/p>\n<p>Sense fuites, amb interior de bamb\u00fa natural i molt absorbents.<\/p>\n","protected":false},"featured_media":12315,"template":"","meta":{"_acf_changed":false,"site-sidebar-layout":"default","site-content-layout":"default","ast-site-content-layout":"default","site-content-style":"default","site-sidebar-style":"default","ast-global-header-display":"","ast-banner-title-visibility":"","ast-main-header-display":"","ast-hfb-above-header-display":"","ast-hfb-below-header-display":"","ast-hfb-mobile-header-display":"","site-post-title":"","ast-breadcrumbs-content":"","ast-featured-img":"","footer-sml-layout":"","theme-transparent-header-meta":"default","adv-header-id-meta":"","stick-header-meta":"","header-above-stick-meta":"","header-main-stick-meta":"","header-below-stick-meta":"","astra-migrate-meta-layouts":"set","ast-page-background-enabled":"default","ast-page-background-meta":{"desktop":{"background-color":"","background-image":"","background-repeat":"repeat","background-position":"center center","background-size":"auto","background-attachment":"scroll","background-type":"","background-media":"","overlay-type":"","overlay-color":"","overlay-opacity":"","overlay-gradient":""},"tablet":{"background-color":"","background-image":"","background-repeat":"repeat","background-position":"center center","background-size":"auto","background-attachment":"scroll","background-type":"","background-media":"","overlay-type":"","overlay-color":"","overlay-opacity":"","overlay-gradient":""},"mobile":{"background-color":"","background-image":"","background-repeat":"repeat","background-position":"center center","background-size":"auto","background-attachment":"scroll","background-type":"","background-media":"","overlay-type":"","overlay-color":"","overlay-opacity":"","overlay-gradient":""}},"ast-content-background-meta":{"desktop":{"background-color":"var(--ast-global-color-5)","background-image":"","background-repeat":"repeat","background-position":"center center","background-size":"auto","background-attachment":"scroll","background-type":"","background-media":"","overlay-type":"","overlay-color":"","overlay-opacity":"","overlay-gradient":""},"tablet":{"background-color":"var(--ast-global-color-5)","background-image":"","background-repeat":"repeat","background-position":"center center","background-size":"auto","background-attachment":"scroll","background-type":"","background-media":"","overlay-type":"","overlay-color":"","overlay-opacity":"","overlay-gradient":""},"mobile":{"background-color":"var(--ast-global-color-5)","background-image":"","background-repeat":"repeat","background-position":"center center","background-size":"auto","background-attachment":"scroll","background-type":"","background-media":"","overlay-type":"","overlay-color":"","overlay-opacity":"","overlay-gradient":""}}},"pwb-brand":[4129],"product_brand":[],"product_cat":[388],"product_tag":[419,748,790,384,791],"class_list":{"0":"post-10654","1":"product","2":"type-product","3":"status-publish","4":"has-post-thumbnail","6":"pwb-brand-close-parent","7":"product_cat-tot-en-dos","8":"product_tag-all-in-two","9":"product_tag-panales-reutilizables","10":"product_tag-plastico-reciclado","11":"product_tag-pop-in","12":"product_tag-rpet","13":"desktop-align-left","14":"tablet-align-left","15":"mobile-align-left","17":"first","18":"instock","19":"taxable","20":"shipping-taxable","21":"purchasable","22":"product-type-variable"},"acf":[],"yoast_head":"<!-- This site is optimized with the Yoast SEO Premium plugin v18.3 (Yoast SEO v26.2) - https:\/\/yoast.com\/wordpress\/plugins\/seo\/ -->\n<title>Pop in amb velcro - Talla \u00fanica &#8212; Som Llavors<\/title>\n<meta name=\"description\" content=\"Els nous bolquers de roba tot en dos amb velcro de la marca Pop in, s&#039;han fabricat utilitzant un nou material de baix impacte mediambiental, el RPET (poli\u00e8ster reciclat d&#039;ampolles de pl\u00e0stic).  Sense fuites, amb interior de bamb\u00fa natural i molt absorbents.\" \/>\n<meta name=\"robots\" content=\"index, follow, max-snippet:-1, max-image-preview:large, max-video-preview:-1\" \/>\n<link rel=\"canonical\" href=\"https:\/\/somllavors.com\/es\/producte\/panal-de-tela-reutilizable-velcro\" \/>\n<meta property=\"og:locale\" content=\"es_ES\" \/>\n<meta property=\"og:type\" content=\"article\" \/>\n<meta property=\"og:title\" content=\"Pop in amb velcro - Talla \u00fanica\" \/>\n<meta property=\"og:description\" content=\"La teva botiga d\u2019ecocrian\u00e7a i espai d\u2019acompanyament a la maternitat\" \/>\n<meta property=\"og:url\" content=\"https:\/\/somllavors.com\/es\/producte\/panal-de-tela-reutilizable-velcro\" \/>\n<meta property=\"og:site_name\" content=\"Som Llavors\" \/>\n<meta property=\"article:publisher\" content=\"https:\/\/www.facebook.com\/somllavorsvng\/?locale=ca_ES\" \/>\n<meta property=\"article:modified_time\" content=\"2025-06-11T17:53:49+00:00\" \/>\n<meta property=\"og:image\" content=\"https:\/\/somllavors.com\/wp-content\/uploads\/orangutan-velcro.jpeg\" \/>\n\t<meta property=\"og:image:width\" content=\"800\" \/>\n\t<meta property=\"og:image:height\" content=\"800\" \/>\n\t<meta property=\"og:image:type\" content=\"image\/jpeg\" \/>\n<meta name=\"twitter:card\" content=\"summary_large_image\" \/>\n<meta name=\"twitter:label1\" content=\"Availability\" \/>\n\t<meta name=\"twitter:data1\" content=\"Hay existencias\" \/>\n<script type=\"application\/ld+json\" class=\"yoast-schema-graph\">{\"@context\":\"https:\/\/schema.org\",\"@graph\":[{\"@type\":\"WebPage\",\"@id\":\"https:\/\/somllavors.com\/es\/producte\/panal-de-tela-reutilizable-velcro\",\"url\":\"https:\/\/somllavors.com\/es\/producte\/panal-de-tela-reutilizable-velcro\",\"name\":\"Pop in amb velcro - Talla \u00fanica &#8212; Som Llavors\",\"isPartOf\":{\"@id\":\"https:\/\/somllavors.com\/es#website\"},\"primaryImageOfPage\":{\"@id\":\"https:\/\/somllavors.com\/es\/producte\/panal-de-tela-reutilizable-velcro#primaryimage\"},\"image\":{\"@id\":\"https:\/\/somllavors.com\/es\/producte\/panal-de-tela-reutilizable-velcro#primaryimage\"},\"thumbnailUrl\":\"https:\/\/somllavors.com\/wp-content\/uploads\/orangutan-velcro.jpeg\",\"datePublished\":\"2021-07-02T12:58:58+00:00\",\"dateModified\":\"2025-06-11T17:53:49+00:00\",\"description\":\"Els nous bolquers de roba tot en dos amb velcro de la marca Pop in, s'han fabricat utilitzant un nou material de baix impacte mediambiental, el RPET (poli\u00e8ster reciclat d'ampolles de pl\u00e0stic). Sense fuites, amb interior de bamb\u00fa natural i molt absorbents.\",\"breadcrumb\":{\"@id\":\"https:\/\/somllavors.com\/es\/producte\/panal-de-tela-reutilizable-velcro#breadcrumb\"},\"inLanguage\":\"es\",\"potentialAction\":[{\"@type\":\"ReadAction\",\"target\":[\"https:\/\/somllavors.com\/es\/producte\/panal-de-tela-reutilizable-velcro\"]}]},{\"@type\":\"ImageObject\",\"inLanguage\":\"es\",\"@id\":\"https:\/\/somllavors.com\/es\/producte\/panal-de-tela-reutilizable-velcro#primaryimage\",\"url\":\"https:\/\/somllavors.com\/wp-content\/uploads\/orangutan-velcro.jpeg\",\"contentUrl\":\"https:\/\/somllavors.com\/wp-content\/uploads\/orangutan-velcro.jpeg\",\"width\":800,\"height\":800},{\"@type\":\"BreadcrumbList\",\"@id\":\"https:\/\/somllavors.com\/es\/producte\/panal-de-tela-reutilizable-velcro#breadcrumb\",\"itemListElement\":[{\"@type\":\"ListItem\",\"position\":1,\"name\":\"Inici\",\"item\":\"https:\/\/somllavors.com\/es\"},{\"@type\":\"ListItem\",\"position\":2,\"name\":\"Tienda\",\"item\":\"https:\/\/somllavors.com\/es\/botiga-2\"},{\"@type\":\"ListItem\",\"position\":3,\"name\":\"Pop in amb velcro &#8211; Talla \u00fanica\"}]},{\"@type\":\"WebSite\",\"@id\":\"https:\/\/somllavors.com\/es#website\",\"url\":\"https:\/\/somllavors.com\/es\",\"name\":\"Som Llavors\",\"description\":\"Botiga de crian\u00e7a natural\",\"publisher\":{\"@id\":\"https:\/\/somllavors.com\/es#organization\"},\"alternateName\":\"Crian\u00e7a Natural i Sostenible\",\"potentialAction\":[{\"@type\":\"SearchAction\",\"target\":{\"@type\":\"EntryPoint\",\"urlTemplate\":\"https:\/\/somllavors.com\/es?s={search_term_string}\"},\"query-input\":{\"@type\":\"PropertyValueSpecification\",\"valueRequired\":true,\"valueName\":\"search_term_string\"}}],\"inLanguage\":\"es\"},{\"@type\":[\"Organization\",\"Place\",\"Store\"],\"@id\":\"https:\/\/somllavors.com\/es#organization\",\"name\":\"Som Llavors\",\"alternateName\":\"Crian\u00e7a Natural i Sostenible\",\"url\":\"https:\/\/somllavors.com\/es\",\"logo\":{\"@id\":\"https:\/\/somllavors.com\/es\/producte\/panal-de-tela-reutilizable-velcro#local-main-organization-logo\"},\"image\":{\"@id\":\"https:\/\/somllavors.com\/es\/producte\/panal-de-tela-reutilizable-velcro#local-main-organization-logo\"},\"sameAs\":[\"https:\/\/www.facebook.com\/somllavorsvng\/?locale=ca_ES\",\"https:\/\/www.instagram.com\/somllavors_vng\/\",\"https:\/\/www.youtube.com\/@somllavors\"],\"address\":{\"@id\":\"https:\/\/somllavors.com\/es\/producte\/panal-de-tela-reutilizable-velcro#local-main-place-address\"},\"geo\":{\"@type\":\"GeoCoordinates\",\"latitude\":\"41.2257737\",\"longitude\":\"1.723258859\"},\"telephone\":[\"623152704\"],\"openingHoursSpecification\":[{\"@type\":\"OpeningHoursSpecification\",\"dayOfWeek\":[\"Monday\",\"Sunday\"],\"opens\":\"00:00\",\"closes\":\"00:00\"},{\"@type\":\"OpeningHoursSpecification\",\"dayOfWeek\":[\"Tuesday\",\"Wednesday\",\"Thursday\",\"Friday\"],\"opens\":\"10:00\",\"closes\":\"20:00\"},{\"@type\":\"OpeningHoursSpecification\",\"dayOfWeek\":[\"Saturday\"],\"opens\":\"10:00\",\"closes\":\"13:30\"}],\"email\":\"info@somllavors.com\"},{\"@type\":\"PostalAddress\",\"@id\":\"https:\/\/somllavors.com\/es\/producte\/panal-de-tela-reutilizable-velcro#local-main-place-address\",\"streetAddress\":\"Carrer de l'aigua, 6\",\"addressLocality\":\"Vilanova i la Geltr\u00fa\",\"postalCode\":\"08800\",\"addressRegion\":\"Barcelona\",\"addressCountry\":\"ES\"},{\"@type\":\"ImageObject\",\"inLanguage\":\"es\",\"@id\":\"https:\/\/somllavors.com\/es\/producte\/panal-de-tela-reutilizable-velcro#local-main-organization-logo\",\"url\":\"https:\/\/somllavors.com\/wp-content\/uploads\/Logotip-Som-Llavors.jpg\",\"contentUrl\":\"https:\/\/somllavors.com\/wp-content\/uploads\/Logotip-Som-Llavors.jpg\",\"width\":1444,\"height\":1323,\"caption\":\"Som Llavors\"}]}<\/script>\n<meta property=\"og:availability\" content=\"instock\" \/>\n<meta property=\"product:availability\" content=\"instock\" \/>\n<meta property=\"product:condition\" content=\"new\" \/>\n<meta name=\"geo.placename\" content=\"Vilanova i la Geltr\u00fa\" \/>\n<meta name=\"geo.position\" content=\"41.2257737;1.723258859\" \/>\n<meta name=\"geo.region\" content=\"Espa\u00f1a\" \/>\n<!-- \/ Yoast SEO Premium plugin. -->","yoast_head_json":{"title":"Pop in amb velcro - Talla \u00fanica &#8212; Som Llavors","description":"Els nous bolquers de roba tot en dos amb velcro de la marca Pop in, s'han fabricat utilitzant un nou material de baix impacte mediambiental, el RPET (poli\u00e8ster reciclat d'ampolles de pl\u00e0stic).  Sense fuites, amb interior de bamb\u00fa natural i molt absorbents.","robots":{"index":"index","follow":"follow","max-snippet":"max-snippet:-1","max-image-preview":"max-image-preview:large","max-video-preview":"max-video-preview:-1"},"canonical":"https:\/\/somllavors.com\/es\/producte\/panal-de-tela-reutilizable-velcro","og_locale":"es_ES","og_type":"article","og_title":"Pop in amb velcro - Talla \u00fanica","og_description":"La teva botiga d\u2019ecocrian\u00e7a i espai d\u2019acompanyament a la maternitat","og_url":"https:\/\/somllavors.com\/es\/producte\/panal-de-tela-reutilizable-velcro","og_site_name":"Som Llavors","article_publisher":"https:\/\/www.facebook.com\/somllavorsvng\/?locale=ca_ES","article_modified_time":"2025-06-11T17:53:49+00:00","og_image":[{"width":800,"height":800,"url":"https:\/\/somllavors.com\/wp-content\/uploads\/orangutan-velcro.jpeg","type":"image\/jpeg"}],"twitter_card":"summary_large_image","twitter_misc":{"Availability":"Hay existencias"},"schema":{"@context":"https:\/\/schema.org","@graph":[{"@type":"WebPage","@id":"https:\/\/somllavors.com\/es\/producte\/panal-de-tela-reutilizable-velcro","url":"https:\/\/somllavors.com\/es\/producte\/panal-de-tela-reutilizable-velcro","name":"Pop in amb velcro - Talla \u00fanica &#8212; Som Llavors","isPartOf":{"@id":"https:\/\/somllavors.com\/es#website"},"primaryImageOfPage":{"@id":"https:\/\/somllavors.com\/es\/producte\/panal-de-tela-reutilizable-velcro#primaryimage"},"image":{"@id":"https:\/\/somllavors.com\/es\/producte\/panal-de-tela-reutilizable-velcro#primaryimage"},"thumbnailUrl":"https:\/\/somllavors.com\/wp-content\/uploads\/orangutan-velcro.jpeg","datePublished":"2021-07-02T12:58:58+00:00","dateModified":"2025-06-11T17:53:49+00:00","description":"Els nous bolquers de roba tot en dos amb velcro de la marca Pop in, s'han fabricat utilitzant un nou material de baix impacte mediambiental, el RPET (poli\u00e8ster reciclat d'ampolles de pl\u00e0stic). Sense fuites, amb interior de bamb\u00fa natural i molt absorbents.","breadcrumb":{"@id":"https:\/\/somllavors.com\/es\/producte\/panal-de-tela-reutilizable-velcro#breadcrumb"},"inLanguage":"es","potentialAction":[{"@type":"ReadAction","target":["https:\/\/somllavors.com\/es\/producte\/panal-de-tela-reutilizable-velcro"]}]},{"@type":"ImageObject","inLanguage":"es","@id":"https:\/\/somllavors.com\/es\/producte\/panal-de-tela-reutilizable-velcro#primaryimage","url":"https:\/\/somllavors.com\/wp-content\/uploads\/orangutan-velcro.jpeg","contentUrl":"https:\/\/somllavors.com\/wp-content\/uploads\/orangutan-velcro.jpeg","width":800,"height":800},{"@type":"BreadcrumbList","@id":"https:\/\/somllavors.com\/es\/producte\/panal-de-tela-reutilizable-velcro#breadcrumb","itemListElement":[{"@type":"ListItem","position":1,"name":"Inici","item":"https:\/\/somllavors.com\/es"},{"@type":"ListItem","position":2,"name":"Tienda","item":"https:\/\/somllavors.com\/es\/botiga-2"},{"@type":"ListItem","position":3,"name":"Pop in amb velcro &#8211; Talla \u00fanica"}]},{"@type":"WebSite","@id":"https:\/\/somllavors.com\/es#website","url":"https:\/\/somllavors.com\/es","name":"Som Llavors","description":"Botiga de crian\u00e7a natural","publisher":{"@id":"https:\/\/somllavors.com\/es#organization"},"alternateName":"Crian\u00e7a Natural i Sostenible","potentialAction":[{"@type":"SearchAction","target":{"@type":"EntryPoint","urlTemplate":"https:\/\/somllavors.com\/es?s={search_term_string}"},"query-input":{"@type":"PropertyValueSpecification","valueRequired":true,"valueName":"search_term_string"}}],"inLanguage":"es"},{"@type":["Organization","Place","Store"],"@id":"https:\/\/somllavors.com\/es#organization","name":"Som Llavors","alternateName":"Crian\u00e7a Natural i Sostenible","url":"https:\/\/somllavors.com\/es","logo":{"@id":"https:\/\/somllavors.com\/es\/producte\/panal-de-tela-reutilizable-velcro#local-main-organization-logo"},"image":{"@id":"https:\/\/somllavors.com\/es\/producte\/panal-de-tela-reutilizable-velcro#local-main-organization-logo"},"sameAs":["https:\/\/www.facebook.com\/somllavorsvng\/?locale=ca_ES","https:\/\/www.instagram.com\/somllavors_vng\/","https:\/\/www.youtube.com\/@somllavors"],"address":{"@id":"https:\/\/somllavors.com\/es\/producte\/panal-de-tela-reutilizable-velcro#local-main-place-address"},"geo":{"@type":"GeoCoordinates","latitude":"41.2257737","longitude":"1.723258859"},"telephone":["623152704","623152704"],"openingHoursSpecification":[{"@type":"OpeningHoursSpecification","dayOfWeek":["Monday","Sunday"],"opens":"00:00","closes":"00:00"},{"@type":"OpeningHoursSpecification","dayOfWeek":["Tuesday","Wednesday","Thursday","Friday"],"opens":"10:00","closes":"20:00"},{"@type":"OpeningHoursSpecification","dayOfWeek":["Saturday"],"opens":"10:00","closes":"13:30"}],"email":"info@somllavors.com"},{"@type":"PostalAddress","@id":"https:\/\/somllavors.com\/es\/producte\/panal-de-tela-reutilizable-velcro#local-main-place-address","streetAddress":"Carrer de l'aigua, 6","addressLocality":"Vilanova i la Geltr\u00fa","postalCode":"08800","addressRegion":"Barcelona","addressCountry":"ES"},{"@type":"ImageObject","inLanguage":"es","@id":"https:\/\/somllavors.com\/es\/producte\/panal-de-tela-reutilizable-velcro#local-main-organization-logo","url":"https:\/\/somllavors.com\/wp-content\/uploads\/Logotip-Som-Llavors.jpg","contentUrl":"https:\/\/somllavors.com\/wp-content\/uploads\/Logotip-Som-Llavors.jpg","width":1444,"height":1323,"caption":"Som Llavors"}]},"og_availability":"instock","product_availability":"instock","product_condition":"new","geo.placename":"Vilanova i la Geltr\u00fa","geo.position":{"lat":"41.2257737","long":"1.723258859"},"geo.region":"Espa\u00f1a"},"brands":[{"id":4129,"name":"Close Parent","slug":"close-parent"}],"_links":{"self":[{"href":"https:\/\/somllavors.com\/es\/wp-json\/wp\/v2\/product\/10654","targetHints":{"allow":["GET"]}}],"collection":[{"href":"https:\/\/somllavors.com\/es\/wp-json\/wp\/v2\/product"}],"about":[{"href":"https:\/\/somllavors.com\/es\/wp-json\/wp\/v2\/types\/product"}],"wp:featuredmedia":[{"embeddable":true,"href":"https:\/\/somllavors.com\/es\/wp-json\/wp\/v2\/media\/12315"}],"wp:attachment":[{"href":"https:\/\/somllavors.com\/es\/wp-json\/wp\/v2\/media?parent=10654"}],"wp:term":[{"taxonomy":"pwb-brand","embeddable":true,"href":"https:\/\/somllavors.com\/es\/wp-json\/wp\/v2\/pwb-brand?post=10654"},{"taxonomy":"product_brand","embeddable":true,"href":"https:\/\/somllavors.com\/es\/wp-json\/wp\/v2\/product_brand?post=10654"},{"taxonomy":"product_cat","embeddable":true,"href":"https:\/\/somllavors.com\/es\/wp-json\/wp\/v2\/product_cat?post=10654"},{"taxonomy":"product_tag","embeddable":true,"href":"https:\/\/somllavors.com\/es\/wp-json\/wp\/v2\/product_tag?post=10654"}],"curies":[{"name":"wp","href":"https:\/\/api.w.org\/{rel}","templated":true}]}}