{"id":11632,"date":"2021-08-11T00:01:53","date_gmt":"2021-08-10T22:01:53","guid":{"rendered":"https:\/\/somllavors.com\/?post_type=product&#038;p=11632"},"modified":"2022-11-25T10:55:10","modified_gmt":"2022-11-25T09:55:10","slug":"assessorament-individual","status":"publish","type":"product","link":"https:\/\/somllavors.com\/es\/producte\/assessorament-individual","title":{"rendered":"Assessorament individual complet (60 min) en porteig ergon\u00f2mic"},"content":{"rendered":"<p>Assessorament individual presencial o online de 55 minuts per part del fisioterapeuta assessor en portanadons de Som Llavors i seguiment durant un mes per resoldre possibles dubtes.<\/p>\n","protected":false},"excerpt":{"rendered":"<p>Vols regalar una experi\u00e8ncia que li doni seguretat a la fam\u00edlia que est\u00e0 apunt de tenir un nad\u00f3? Regala un assessorament complet personalitzat al 100% perqu\u00e8 puguin con\u00e8ixer tots els aspectes necessaris per portejar el nad\u00f3 de forma segura.<\/p>\n<p>Si l&#8217;assessorament \u00e9s per vosaltres, us permetr\u00e0 tenir l&#8217;opci\u00f3 de provar tots els tipus de portanadons que tenim i aix\u00ed triar amb m\u00e9s efectivitat el vostre portanadons ideal i tamb\u00e9 us endureu tot el coneixement que necessiteu per no tenir dubtes sobre la utilitzaci\u00f3 i la t\u00e8cnica del porteig ergon\u00f2mic.<\/p>\n","protected":false},"featured_media":18940,"template":"","meta":{"_acf_changed":false,"site-sidebar-layout":"default","site-content-layout":"default","ast-site-content-layout":"default","site-content-style":"default","site-sidebar-style":"default","ast-global-header-display":"","ast-banner-title-visibility":"","ast-main-header-display":"","ast-hfb-above-header-display":"","ast-hfb-below-header-display":"","ast-hfb-mobile-header-display":"","site-post-title":"","ast-breadcrumbs-content":"","ast-featured-img":"","footer-sml-layout":"","ast-disable-related-posts":"","theme-transparent-header-meta":"default","adv-header-id-meta":"","stick-header-meta":"","header-above-stick-meta":"","header-main-stick-meta":"","header-below-stick-meta":"","astra-migrate-meta-layouts":"default","ast-page-background-enabled":"default","ast-page-background-meta":{"desktop":{"background-color":"","background-image":"","background-repeat":"repeat","background-position":"center center","background-size":"auto","background-attachment":"scroll","background-type":"","background-media":"","overlay-type":"","overlay-color":"","overlay-opacity":"","overlay-gradient":""},"tablet":{"background-color":"","background-image":"","background-repeat":"repeat","background-position":"center center","background-size":"auto","background-attachment":"scroll","background-type":"","background-media":"","overlay-type":"","overlay-color":"","overlay-opacity":"","overlay-gradient":""},"mobile":{"background-color":"","background-image":"","background-repeat":"repeat","background-position":"center center","background-size":"auto","background-attachment":"scroll","background-type":"","background-media":"","overlay-type":"","overlay-color":"","overlay-opacity":"","overlay-gradient":""}},"ast-content-background-meta":{"desktop":{"background-color":"var(--ast-global-color-5)","background-image":"","background-repeat":"repeat","background-position":"center center","background-size":"auto","background-attachment":"scroll","background-type":"","background-media":"","overlay-type":"","overlay-color":"","overlay-opacity":"","overlay-gradient":""},"tablet":{"background-color":"var(--ast-global-color-5)","background-image":"","background-repeat":"repeat","background-position":"center center","background-size":"auto","background-attachment":"scroll","background-type":"","background-media":"","overlay-type":"","overlay-color":"","overlay-opacity":"","overlay-gradient":""},"mobile":{"background-color":"var(--ast-global-color-5)","background-image":"","background-repeat":"repeat","background-position":"center center","background-size":"auto","background-attachment":"scroll","background-type":"","background-media":"","overlay-type":"","overlay-color":"","overlay-opacity":"","overlay-gradient":""}}},"pwb-brand":[],"product_brand":[],"product_cat":[71,536],"product_tag":[1686],"class_list":{"0":"post-11632","1":"product","2":"type-product","3":"status-publish","4":"has-post-thumbnail","6":"product_cat-portanadons","7":"product_cat-serveis","8":"product_tag-porteig-ergonomic","9":"desktop-align-left","10":"tablet-align-left","11":"mobile-align-left","13":"first","14":"instock","15":"virtual","16":"purchasable","17":"product-type-simple"},"acf":[],"yoast_head":"<!-- This site is optimized with the Yoast SEO Premium plugin v18.3 (Yoast SEO v27.4) - https:\/\/yoast.com\/product\/yoast-seo-premium-wordpress\/ -->\n<title>Assessorament individual complet (60 min) en porteig ergon\u00f2mic &#8212; Som Llavors<\/title>\n<meta name=\"description\" content=\"Vols regalar una experi\u00e8ncia que li doni seguretat a la fam\u00edlia que est\u00e0 apunt de tenir un nad\u00f3? Regala un assessorament complet personalitzat al 100% perqu\u00e8 puguin con\u00e8ixer tots els aspectes necessaris per portejar el nad\u00f3 de forma segura.  Si l&#039;assessorament \u00e9s per vosaltres, us permetr\u00e0 tenir l&#039;opci\u00f3 de provar tots els tipus de portanadons que tenim i aix\u00ed triar amb m\u00e9s efectivitat el vostre portanadons ideal i tamb\u00e9 us endureu tot el coneixement que necessiteu per no tenir dubtes sobre la utilitzaci\u00f3 i la t\u00e8cnica del porteig ergon\u00f2mic.\" \/>\n<meta name=\"robots\" content=\"index, follow, max-snippet:-1, max-image-preview:large, max-video-preview:-1\" \/>\n<link rel=\"canonical\" href=\"https:\/\/somllavors.com\/es\/producte\/assessorament-individual\" \/>\n<meta property=\"og:locale\" content=\"es_ES\" \/>\n<meta property=\"og:type\" content=\"article\" \/>\n<meta property=\"og:title\" content=\"Assessorament individual complet (60 min) en porteig ergon\u00f2mic\" \/>\n<meta property=\"og:description\" content=\"La teva botiga d\u2019ecocrian\u00e7a i espai d\u2019acompanyament a la maternitat\" \/>\n<meta property=\"og:url\" content=\"https:\/\/somllavors.com\/es\/producte\/assessorament-individual\" \/>\n<meta property=\"og:site_name\" content=\"Som Llavors\" \/>\n<meta property=\"article:publisher\" content=\"https:\/\/www.facebook.com\/somllavorsvng\/?locale=ca_ES\" \/>\n<meta property=\"article:modified_time\" content=\"2022-11-25T09:55:10+00:00\" \/>\n<meta property=\"og:image\" content=\"https:\/\/somllavors.com\/wp-content\/uploads\/IMG_2273.jpg\" \/>\n\t<meta property=\"og:image:width\" content=\"2016\" \/>\n\t<meta property=\"og:image:height\" content=\"1512\" \/>\n\t<meta property=\"og:image:type\" content=\"image\/jpeg\" \/>\n<meta name=\"twitter:card\" content=\"summary_large_image\" \/>\n<meta name=\"twitter:label1\" content=\"Precio\" \/>\n\t<meta name=\"twitter:data1\" content=\"50,00&euro;\" \/>\n\t<meta name=\"twitter:label2\" content=\"Availability\" \/>\n\t<meta name=\"twitter:data2\" content=\"Hay existencias\" \/>\n<script type=\"application\/ld+json\" class=\"yoast-schema-graph\">{\"@context\":\"https:\\\/\\\/schema.org\",\"@graph\":[{\"@type\":\"WebPage\",\"@id\":\"https:\\\/\\\/somllavors.com\\\/es\\\/producte\\\/assessorament-individual\",\"url\":\"https:\\\/\\\/somllavors.com\\\/es\\\/producte\\\/assessorament-individual\",\"name\":\"Assessorament individual complet (60 min) en porteig ergon\u00f2mic &#8212; Som Llavors\",\"isPartOf\":{\"@id\":\"https:\\\/\\\/somllavors.com\\\/es#website\"},\"primaryImageOfPage\":{\"@id\":\"https:\\\/\\\/somllavors.com\\\/es\\\/producte\\\/assessorament-individual#primaryimage\"},\"image\":{\"@id\":\"https:\\\/\\\/somllavors.com\\\/es\\\/producte\\\/assessorament-individual#primaryimage\"},\"thumbnailUrl\":\"https:\\\/\\\/somllavors.com\\\/wp-content\\\/uploads\\\/IMG_2273.jpg\",\"datePublished\":\"2021-08-10T22:01:53+00:00\",\"dateModified\":\"2022-11-25T09:55:10+00:00\",\"description\":\"Vols regalar una experi\u00e8ncia que li doni seguretat a la fam\u00edlia que est\u00e0 apunt de tenir un nad\u00f3? Regala un assessorament complet personalitzat al 100% perqu\u00e8 puguin con\u00e8ixer tots els aspectes necessaris per portejar el nad\u00f3 de forma segura. Si l'assessorament \u00e9s per vosaltres, us permetr\u00e0 tenir l'opci\u00f3 de provar tots els tipus de portanadons que tenim i aix\u00ed triar amb m\u00e9s efectivitat el vostre portanadons ideal i tamb\u00e9 us endureu tot el coneixement que necessiteu per no tenir dubtes sobre la utilitzaci\u00f3 i la t\u00e8cnica del porteig ergon\u00f2mic.\",\"breadcrumb\":{\"@id\":\"https:\\\/\\\/somllavors.com\\\/es\\\/producte\\\/assessorament-individual#breadcrumb\"},\"inLanguage\":\"es\",\"potentialAction\":[{\"@type\":\"ReadAction\",\"target\":[\"https:\\\/\\\/somllavors.com\\\/es\\\/producte\\\/assessorament-individual\"]}]},{\"@type\":\"ImageObject\",\"inLanguage\":\"es\",\"@id\":\"https:\\\/\\\/somllavors.com\\\/es\\\/producte\\\/assessorament-individual#primaryimage\",\"url\":\"https:\\\/\\\/somllavors.com\\\/wp-content\\\/uploads\\\/IMG_2273.jpg\",\"contentUrl\":\"https:\\\/\\\/somllavors.com\\\/wp-content\\\/uploads\\\/IMG_2273.jpg\",\"width\":2016,\"height\":1512,\"caption\":\"Especialistes en porteig ergon\u00f2mic, porteo ergonomico, mochila evolutiva, fular bamb\u00fa el\u00e1stico, calzado respetuoso\"},{\"@type\":\"BreadcrumbList\",\"@id\":\"https:\\\/\\\/somllavors.com\\\/es\\\/producte\\\/assessorament-individual#breadcrumb\",\"itemListElement\":[{\"@type\":\"ListItem\",\"position\":1,\"name\":\"Inici\",\"item\":\"https:\\\/\\\/somllavors.com\\\/es\"},{\"@type\":\"ListItem\",\"position\":2,\"name\":\"Tienda\",\"item\":\"https:\\\/\\\/somllavors.com\\\/es\\\/botiga-2\"},{\"@type\":\"ListItem\",\"position\":3,\"name\":\"Assessorament individual complet (60 min) en porteig ergon\u00f2mic\"}]},{\"@type\":\"WebSite\",\"@id\":\"https:\\\/\\\/somllavors.com\\\/es#website\",\"url\":\"https:\\\/\\\/somllavors.com\\\/es\",\"name\":\"Som Llavors\",\"description\":\"Botiga de crian\u00e7a natural\",\"publisher\":{\"@id\":\"https:\\\/\\\/somllavors.com\\\/es#organization\"},\"alternateName\":\"Crian\u00e7a Natural i Sostenible\",\"potentialAction\":[{\"@type\":\"SearchAction\",\"target\":{\"@type\":\"EntryPoint\",\"urlTemplate\":\"https:\\\/\\\/somllavors.com\\\/es?s={search_term_string}\"},\"query-input\":{\"@type\":\"PropertyValueSpecification\",\"valueRequired\":true,\"valueName\":\"search_term_string\"}}],\"inLanguage\":\"es\"},{\"@type\":[\"Organization\",\"Place\",\"Store\"],\"@id\":\"https:\\\/\\\/somllavors.com\\\/es#organization\",\"name\":\"Som Llavors\",\"alternateName\":\"Crian\u00e7a Natural i Sostenible\",\"url\":\"https:\\\/\\\/somllavors.com\\\/es\",\"logo\":{\"@id\":\"https:\\\/\\\/somllavors.com\\\/es\\\/producte\\\/assessorament-individual#local-main-organization-logo\"},\"image\":{\"@id\":\"https:\\\/\\\/somllavors.com\\\/es\\\/producte\\\/assessorament-individual#local-main-organization-logo\"},\"sameAs\":[\"https:\\\/\\\/www.facebook.com\\\/somllavorsvng\\\/?locale=ca_ES\",\"https:\\\/\\\/www.instagram.com\\\/somllavors_vng\\\/\",\"https:\\\/\\\/www.youtube.com\\\/@somllavors\"],\"address\":{\"@id\":\"https:\\\/\\\/somllavors.com\\\/es\\\/producte\\\/assessorament-individual#local-main-place-address\"},\"geo\":{\"@type\":\"GeoCoordinates\",\"latitude\":\"41.2257737\",\"longitude\":\"1.723258859\"},\"telephone\":[\"623152704\"],\"openingHoursSpecification\":[{\"@type\":\"OpeningHoursSpecification\",\"dayOfWeek\":[\"Monday\",\"Sunday\"],\"opens\":\"00:00\",\"closes\":\"00:00\"},{\"@type\":\"OpeningHoursSpecification\",\"dayOfWeek\":[\"Tuesday\",\"Wednesday\",\"Thursday\",\"Friday\"],\"opens\":\"10:00\",\"closes\":\"20:00\"},{\"@type\":\"OpeningHoursSpecification\",\"dayOfWeek\":[\"Saturday\"],\"opens\":\"10:00\",\"closes\":\"13:30\"}],\"email\":\"info@somllavors.com\"},{\"@type\":\"PostalAddress\",\"@id\":\"https:\\\/\\\/somllavors.com\\\/es\\\/producte\\\/assessorament-individual#local-main-place-address\",\"streetAddress\":\"Carrer de l'aigua, 6\",\"addressLocality\":\"Vilanova i la Geltr\u00fa\",\"postalCode\":\"08800\",\"addressRegion\":\"Barcelona\",\"addressCountry\":\"ES\"},{\"@type\":\"ImageObject\",\"inLanguage\":\"es\",\"@id\":\"https:\\\/\\\/somllavors.com\\\/es\\\/producte\\\/assessorament-individual#local-main-organization-logo\",\"url\":\"https:\\\/\\\/somllavors.com\\\/wp-content\\\/uploads\\\/Logotip-Som-Llavors.jpg\",\"contentUrl\":\"https:\\\/\\\/somllavors.com\\\/wp-content\\\/uploads\\\/Logotip-Som-Llavors.jpg\",\"width\":1444,\"height\":1323,\"caption\":\"Som Llavors\"}]}<\/script>\n<meta property=\"product:price:amount\" content=\"50.00\" \/>\n<meta property=\"product:price:currency\" content=\"EUR\" \/>\n<meta property=\"og:availability\" content=\"instock\" \/>\n<meta property=\"product:availability\" content=\"instock\" \/>\n<meta property=\"product:condition\" content=\"new\" \/>\n<meta name=\"geo.placename\" content=\"Vilanova i la Geltr\u00fa\" \/>\n<meta name=\"geo.position\" content=\"41.2257737;1.723258859\" \/>\n<meta name=\"geo.region\" content=\"Espa\u00f1a\" \/>\n<!-- \/ Yoast SEO Premium plugin. -->","yoast_head_json":{"title":"Assessorament individual complet (60 min) en porteig ergon\u00f2mic &#8212; Som Llavors","description":"Vols regalar una experi\u00e8ncia que li doni seguretat a la fam\u00edlia que est\u00e0 apunt de tenir un nad\u00f3? Regala un assessorament complet personalitzat al 100% perqu\u00e8 puguin con\u00e8ixer tots els aspectes necessaris per portejar el nad\u00f3 de forma segura.  Si l'assessorament \u00e9s per vosaltres, us permetr\u00e0 tenir l'opci\u00f3 de provar tots els tipus de portanadons que tenim i aix\u00ed triar amb m\u00e9s efectivitat el vostre portanadons ideal i tamb\u00e9 us endureu tot el coneixement que necessiteu per no tenir dubtes sobre la utilitzaci\u00f3 i la t\u00e8cnica del porteig ergon\u00f2mic.","robots":{"index":"index","follow":"follow","max-snippet":"max-snippet:-1","max-image-preview":"max-image-preview:large","max-video-preview":"max-video-preview:-1"},"canonical":"https:\/\/somllavors.com\/es\/producte\/assessorament-individual","og_locale":"es_ES","og_type":"article","og_title":"Assessorament individual complet (60 min) en porteig ergon\u00f2mic","og_description":"La teva botiga d\u2019ecocrian\u00e7a i espai d\u2019acompanyament a la maternitat","og_url":"https:\/\/somllavors.com\/es\/producte\/assessorament-individual","og_site_name":"Som Llavors","article_publisher":"https:\/\/www.facebook.com\/somllavorsvng\/?locale=ca_ES","article_modified_time":"2022-11-25T09:55:10+00:00","og_image":[{"width":2016,"height":1512,"url":"https:\/\/somllavors.com\/wp-content\/uploads\/IMG_2273.jpg","type":"image\/jpeg"}],"twitter_card":"summary_large_image","twitter_misc":{"Precio":"50,00&euro;","Availability":"Hay existencias"},"schema":{"@context":"https:\/\/schema.org","@graph":[{"@type":"WebPage","@id":"https:\/\/somllavors.com\/es\/producte\/assessorament-individual","url":"https:\/\/somllavors.com\/es\/producte\/assessorament-individual","name":"Assessorament individual complet (60 min) en porteig ergon\u00f2mic &#8212; Som Llavors","isPartOf":{"@id":"https:\/\/somllavors.com\/es#website"},"primaryImageOfPage":{"@id":"https:\/\/somllavors.com\/es\/producte\/assessorament-individual#primaryimage"},"image":{"@id":"https:\/\/somllavors.com\/es\/producte\/assessorament-individual#primaryimage"},"thumbnailUrl":"https:\/\/somllavors.com\/wp-content\/uploads\/IMG_2273.jpg","datePublished":"2021-08-10T22:01:53+00:00","dateModified":"2022-11-25T09:55:10+00:00","description":"Vols regalar una experi\u00e8ncia que li doni seguretat a la fam\u00edlia que est\u00e0 apunt de tenir un nad\u00f3? Regala un assessorament complet personalitzat al 100% perqu\u00e8 puguin con\u00e8ixer tots els aspectes necessaris per portejar el nad\u00f3 de forma segura. Si l'assessorament \u00e9s per vosaltres, us permetr\u00e0 tenir l'opci\u00f3 de provar tots els tipus de portanadons que tenim i aix\u00ed triar amb m\u00e9s efectivitat el vostre portanadons ideal i tamb\u00e9 us endureu tot el coneixement que necessiteu per no tenir dubtes sobre la utilitzaci\u00f3 i la t\u00e8cnica del porteig ergon\u00f2mic.","breadcrumb":{"@id":"https:\/\/somllavors.com\/es\/producte\/assessorament-individual#breadcrumb"},"inLanguage":"es","potentialAction":[{"@type":"ReadAction","target":["https:\/\/somllavors.com\/es\/producte\/assessorament-individual"]}]},{"@type":"ImageObject","inLanguage":"es","@id":"https:\/\/somllavors.com\/es\/producte\/assessorament-individual#primaryimage","url":"https:\/\/somllavors.com\/wp-content\/uploads\/IMG_2273.jpg","contentUrl":"https:\/\/somllavors.com\/wp-content\/uploads\/IMG_2273.jpg","width":2016,"height":1512,"caption":"Especialistes en porteig ergon\u00f2mic, porteo ergonomico, mochila evolutiva, fular bamb\u00fa el\u00e1stico, calzado respetuoso"},{"@type":"BreadcrumbList","@id":"https:\/\/somllavors.com\/es\/producte\/assessorament-individual#breadcrumb","itemListElement":[{"@type":"ListItem","position":1,"name":"Inici","item":"https:\/\/somllavors.com\/es"},{"@type":"ListItem","position":2,"name":"Tienda","item":"https:\/\/somllavors.com\/es\/botiga-2"},{"@type":"ListItem","position":3,"name":"Assessorament individual complet (60 min) en porteig ergon\u00f2mic"}]},{"@type":"WebSite","@id":"https:\/\/somllavors.com\/es#website","url":"https:\/\/somllavors.com\/es","name":"Som Llavors","description":"Botiga de crian\u00e7a natural","publisher":{"@id":"https:\/\/somllavors.com\/es#organization"},"alternateName":"Crian\u00e7a Natural i Sostenible","potentialAction":[{"@type":"SearchAction","target":{"@type":"EntryPoint","urlTemplate":"https:\/\/somllavors.com\/es?s={search_term_string}"},"query-input":{"@type":"PropertyValueSpecification","valueRequired":true,"valueName":"search_term_string"}}],"inLanguage":"es"},{"@type":["Organization","Place","Store"],"@id":"https:\/\/somllavors.com\/es#organization","name":"Som Llavors","alternateName":"Crian\u00e7a Natural i Sostenible","url":"https:\/\/somllavors.com\/es","logo":{"@id":"https:\/\/somllavors.com\/es\/producte\/assessorament-individual#local-main-organization-logo"},"image":{"@id":"https:\/\/somllavors.com\/es\/producte\/assessorament-individual#local-main-organization-logo"},"sameAs":["https:\/\/www.facebook.com\/somllavorsvng\/?locale=ca_ES","https:\/\/www.instagram.com\/somllavors_vng\/","https:\/\/www.youtube.com\/@somllavors"],"address":{"@id":"https:\/\/somllavors.com\/es\/producte\/assessorament-individual#local-main-place-address"},"geo":{"@type":"GeoCoordinates","latitude":"41.2257737","longitude":"1.723258859"},"telephone":["623152704","623152704"],"openingHoursSpecification":[{"@type":"OpeningHoursSpecification","dayOfWeek":["Monday","Sunday"],"opens":"00:00","closes":"00:00"},{"@type":"OpeningHoursSpecification","dayOfWeek":["Tuesday","Wednesday","Thursday","Friday"],"opens":"10:00","closes":"20:00"},{"@type":"OpeningHoursSpecification","dayOfWeek":["Saturday"],"opens":"10:00","closes":"13:30"}],"email":"info@somllavors.com"},{"@type":"PostalAddress","@id":"https:\/\/somllavors.com\/es\/producte\/assessorament-individual#local-main-place-address","streetAddress":"Carrer de l'aigua, 6","addressLocality":"Vilanova i la Geltr\u00fa","postalCode":"08800","addressRegion":"Barcelona","addressCountry":"ES"},{"@type":"ImageObject","inLanguage":"es","@id":"https:\/\/somllavors.com\/es\/producte\/assessorament-individual#local-main-organization-logo","url":"https:\/\/somllavors.com\/wp-content\/uploads\/Logotip-Som-Llavors.jpg","contentUrl":"https:\/\/somllavors.com\/wp-content\/uploads\/Logotip-Som-Llavors.jpg","width":1444,"height":1323,"caption":"Som Llavors"}]},"product_price_amount":"50.00","product_price_currency":"EUR","og_availability":"instock","product_availability":"instock","product_condition":"new","geo.placename":"Vilanova i la Geltr\u00fa","geo.position":{"lat":"41.2257737","long":"1.723258859"},"geo.region":"Espa\u00f1a"},"brands":[],"_links":{"self":[{"href":"https:\/\/somllavors.com\/es\/wp-json\/wp\/v2\/product\/11632","targetHints":{"allow":["GET"]}}],"collection":[{"href":"https:\/\/somllavors.com\/es\/wp-json\/wp\/v2\/product"}],"about":[{"href":"https:\/\/somllavors.com\/es\/wp-json\/wp\/v2\/types\/product"}],"wp:featuredmedia":[{"embeddable":true,"href":"https:\/\/somllavors.com\/es\/wp-json\/wp\/v2\/media\/18940"}],"wp:attachment":[{"href":"https:\/\/somllavors.com\/es\/wp-json\/wp\/v2\/media?parent=11632"}],"wp:term":[{"taxonomy":"pwb-brand","embeddable":true,"href":"https:\/\/somllavors.com\/es\/wp-json\/wp\/v2\/pwb-brand?post=11632"},{"taxonomy":"product_brand","embeddable":true,"href":"https:\/\/somllavors.com\/es\/wp-json\/wp\/v2\/product_brand?post=11632"},{"taxonomy":"product_cat","embeddable":true,"href":"https:\/\/somllavors.com\/es\/wp-json\/wp\/v2\/product_cat?post=11632"},{"taxonomy":"product_tag","embeddable":true,"href":"https:\/\/somllavors.com\/es\/wp-json\/wp\/v2\/product_tag?post=11632"}],"curies":[{"name":"wp","href":"https:\/\/api.w.org\/{rel}","templated":true}]}}