{"id":15566,"date":"2022-01-20T11:31:16","date_gmt":"2022-01-20T10:31:16","guid":{"rendered":"https:\/\/somllavors.com\/?post_type=product&#038;p=15566"},"modified":"2025-10-16T10:43:28","modified_gmt":"2025-10-16T08:43:28","slug":"canviador-de-viatge-impermeable-nude","status":"publish","type":"product","link":"https:\/\/somllavors.com\/es\/producte\/canviador-de-viatge-impermeable-nude","title":{"rendered":"Canviador de viatge impermeable i de cot\u00f3 org\u00e0nic Nude &#8211; Nobodinoz"},"content":{"rendered":"<ul>\n<li>Molt c\u00f2mode pel nad\u00f3 gr\u00e0cies als seus dos materials (textura en niu d&#8217;abella i folre interior impermeable), tamb\u00e9 \u00e9s molt f\u00e0cil de rentar i assecar.<\/li>\n<li>Disposa d&#8217;una butxaca doble: per una banda amb cremallera on podr\u00e0s guardar les tovalloletes per a la higiene del nad\u00f3 i per l&#8217;altra, una butxaca per guardar els bolquers.<\/li>\n<li>Lleuger, elegant i pr\u00e0ctic, el canviador Mozart forma un duo perfecte amb el necesser Diva.\n<ul>\n<li>Cinta el\u00e0stica color daurat per subjectar amb facilitat.<\/li>\n<li>Folre impermeable i tacte esponj\u00f3s.<\/li>\n<li>F\u00e0cil de portar i desar.<\/li>\n<\/ul>\n<\/li>\n<li>Rentat: Cicle de rentat a m\u00e0 amb aigua freda, no deixar en remull, no centrifugar, no planxar.<\/li>\n<li>Certificats:\u00a0\u0152ko-Tex classe 1; segur per a la pell dels nens i el planeta.<\/li>\n<li>Mides: 26 x 18 cm tancat i 68 x 50 cm obert.<\/li>\n<li>Materials: Exterior: 100% cot\u00f3 org\u00e0nic. Folre impermeable: PVC sense ftalat. Farciment: 100% poli\u00e8ster \u0152ko-Tex.<\/li>\n<li>Origen: Fabricaci\u00f3 espanyola.<\/li>\n<\/ul>\n","protected":false},"excerpt":{"rendered":"<p>El canviador Mozart \u00e9s el complement perfecte per a la cura del teu nad\u00f3. Far\u00e0 que el canvi de bolquer sigui una tasca f\u00e0cil. Es plega en quatre, sent molt pr\u00e0ctic i elegant.<\/p>\n","protected":false},"featured_media":15575,"template":"","meta":{"_acf_changed":false,"site-sidebar-layout":"default","site-content-layout":"default","ast-site-content-layout":"default","site-content-style":"default","site-sidebar-style":"default","ast-global-header-display":"","ast-banner-title-visibility":"","ast-main-header-display":"","ast-hfb-above-header-display":"","ast-hfb-below-header-display":"","ast-hfb-mobile-header-display":"","site-post-title":"","ast-breadcrumbs-content":"","ast-featured-img":"","footer-sml-layout":"","theme-transparent-header-meta":"default","adv-header-id-meta":"","stick-header-meta":"","header-above-stick-meta":"","header-main-stick-meta":"","header-below-stick-meta":"","astra-migrate-meta-layouts":"default","ast-page-background-enabled":"default","ast-page-background-meta":{"desktop":{"background-color":"","background-image":"","background-repeat":"repeat","background-position":"center center","background-size":"auto","background-attachment":"scroll","background-type":"","background-media":"","overlay-type":"","overlay-color":"","overlay-opacity":"","overlay-gradient":""},"tablet":{"background-color":"","background-image":"","background-repeat":"repeat","background-position":"center center","background-size":"auto","background-attachment":"scroll","background-type":"","background-media":"","overlay-type":"","overlay-color":"","overlay-opacity":"","overlay-gradient":""},"mobile":{"background-color":"","background-image":"","background-repeat":"repeat","background-position":"center center","background-size":"auto","background-attachment":"scroll","background-type":"","background-media":"","overlay-type":"","overlay-color":"","overlay-opacity":"","overlay-gradient":""}},"ast-content-background-meta":{"desktop":{"background-color":"var(--ast-global-color-5)","background-image":"","background-repeat":"repeat","background-position":"center center","background-size":"auto","background-attachment":"scroll","background-type":"","background-media":"","overlay-type":"","overlay-color":"","overlay-opacity":"","overlay-gradient":""},"tablet":{"background-color":"var(--ast-global-color-5)","background-image":"","background-repeat":"repeat","background-position":"center center","background-size":"auto","background-attachment":"scroll","background-type":"","background-media":"","overlay-type":"","overlay-color":"","overlay-opacity":"","overlay-gradient":""},"mobile":{"background-color":"var(--ast-global-color-5)","background-image":"","background-repeat":"repeat","background-position":"center center","background-size":"auto","background-attachment":"scroll","background-type":"","background-media":"","overlay-type":"","overlay-color":"","overlay-opacity":"","overlay-gradient":""}}},"pwb-brand":[4106],"product_brand":[],"product_cat":[1451],"product_tag":[1486,1485,1484,1432],"class_list":{"0":"post-15566","1":"product","2":"type-product","3":"status-publish","4":"has-post-thumbnail","6":"pwb-brand-nobodinoz","7":"product_cat-canviadors","8":"product_tag-cambiador-de-viaje","9":"product_tag-changin-pad","10":"product_tag-mozart-waterproof","11":"product_tag-nobodinoz","12":"desktop-align-left","13":"tablet-align-left","14":"mobile-align-left","16":"first","17":"outofstock","18":"taxable","19":"shipping-taxable","20":"purchasable","21":"product-type-simple"},"acf":[],"yoast_head":"<!-- This site is optimized with the Yoast SEO Premium plugin v18.3 (Yoast SEO v27.4) - https:\/\/yoast.com\/product\/yoast-seo-premium-wordpress\/ -->\n<title>Canviador de viatge impermeable i de cot\u00f3 org\u00e0nic Nude - Nobodinoz &#8212; Som Llavors<\/title>\n<meta name=\"description\" content=\"El canviador Mozart \u00e9s el complement perfecte per a la cura del teu nad\u00f3. Far\u00e0 que el canvi de bolquer sigui una tasca f\u00e0cil. Es plega en quatre, sent molt pr\u00e0ctic i elegant.\" \/>\n<meta name=\"robots\" content=\"index, follow, max-snippet:-1, max-image-preview:large, max-video-preview:-1\" \/>\n<link rel=\"canonical\" href=\"https:\/\/somllavors.com\/es\/producte\/canviador-de-viatge-impermeable-nude\" \/>\n<meta property=\"og:locale\" content=\"es_ES\" \/>\n<meta property=\"og:type\" content=\"article\" \/>\n<meta property=\"og:title\" content=\"Canviador de viatge impermeable i de cot\u00f3 org\u00e0nic Nude - Nobodinoz\" \/>\n<meta property=\"og:description\" content=\"La teva botiga d\u2019ecocrian\u00e7a i espai d\u2019acompanyament a la maternitat\" \/>\n<meta property=\"og:url\" content=\"https:\/\/somllavors.com\/es\/producte\/canviador-de-viatge-impermeable-nude\" \/>\n<meta property=\"og:site_name\" content=\"Som Llavors\" \/>\n<meta property=\"article:publisher\" content=\"https:\/\/www.facebook.com\/somllavorsvng\/?locale=ca_ES\" \/>\n<meta property=\"article:modified_time\" content=\"2025-10-16T08:43:28+00:00\" \/>\n<meta property=\"og:image\" content=\"https:\/\/somllavors.com\/wp-content\/uploads\/mozart-waterproof-changing-pad-nude-nobodinoz-1-8435574918161_1.jpg\" \/>\n\t<meta property=\"og:image:width\" content=\"1200\" \/>\n\t<meta property=\"og:image:height\" content=\"800\" \/>\n\t<meta property=\"og:image:type\" content=\"image\/jpeg\" \/>\n<meta name=\"twitter:card\" content=\"summary_large_image\" \/>\n<meta name=\"twitter:label1\" content=\"Precio\" \/>\n\t<meta name=\"twitter:data1\" content=\"35,95&euro; Iva incl\u00f2s\" \/>\n\t<meta name=\"twitter:label2\" content=\"Availability\" \/>\n\t<meta name=\"twitter:data2\" content=\"Out of stock\" \/>\n<script type=\"application\/ld+json\" class=\"yoast-schema-graph\">{\"@context\":\"https:\\\/\\\/schema.org\",\"@graph\":[{\"@type\":\"WebPage\",\"@id\":\"https:\\\/\\\/somllavors.com\\\/es\\\/producte\\\/canviador-de-viatge-impermeable-nude\",\"url\":\"https:\\\/\\\/somllavors.com\\\/es\\\/producte\\\/canviador-de-viatge-impermeable-nude\",\"name\":\"Canviador de viatge impermeable i de cot\u00f3 org\u00e0nic Nude - Nobodinoz &#8212; Som Llavors\",\"isPartOf\":{\"@id\":\"https:\\\/\\\/somllavors.com\\\/es#website\"},\"primaryImageOfPage\":{\"@id\":\"https:\\\/\\\/somllavors.com\\\/es\\\/producte\\\/canviador-de-viatge-impermeable-nude#primaryimage\"},\"image\":{\"@id\":\"https:\\\/\\\/somllavors.com\\\/es\\\/producte\\\/canviador-de-viatge-impermeable-nude#primaryimage\"},\"thumbnailUrl\":\"https:\\\/\\\/somllavors.com\\\/wp-content\\\/uploads\\\/mozart-waterproof-changing-pad-nude-nobodinoz-1-8435574918161_1.jpg\",\"datePublished\":\"2022-01-20T10:31:16+00:00\",\"dateModified\":\"2025-10-16T08:43:28+00:00\",\"description\":\"El canviador Mozart \u00e9s el complement perfecte per a la cura del teu nad\u00f3. Far\u00e0 que el canvi de bolquer sigui una tasca f\u00e0cil. Es plega en quatre, sent molt pr\u00e0ctic i elegant.\",\"breadcrumb\":{\"@id\":\"https:\\\/\\\/somllavors.com\\\/es\\\/producte\\\/canviador-de-viatge-impermeable-nude#breadcrumb\"},\"inLanguage\":\"es\",\"potentialAction\":[{\"@type\":\"ReadAction\",\"target\":[\"https:\\\/\\\/somllavors.com\\\/es\\\/producte\\\/canviador-de-viatge-impermeable-nude\"]}]},{\"@type\":\"ImageObject\",\"inLanguage\":\"es\",\"@id\":\"https:\\\/\\\/somllavors.com\\\/es\\\/producte\\\/canviador-de-viatge-impermeable-nude#primaryimage\",\"url\":\"https:\\\/\\\/somllavors.com\\\/wp-content\\\/uploads\\\/mozart-waterproof-changing-pad-nude-nobodinoz-1-8435574918161_1.jpg\",\"contentUrl\":\"https:\\\/\\\/somllavors.com\\\/wp-content\\\/uploads\\\/mozart-waterproof-changing-pad-nude-nobodinoz-1-8435574918161_1.jpg\",\"width\":1200,\"height\":800},{\"@type\":\"BreadcrumbList\",\"@id\":\"https:\\\/\\\/somllavors.com\\\/es\\\/producte\\\/canviador-de-viatge-impermeable-nude#breadcrumb\",\"itemListElement\":[{\"@type\":\"ListItem\",\"position\":1,\"name\":\"Inici\",\"item\":\"https:\\\/\\\/somllavors.com\\\/es\"},{\"@type\":\"ListItem\",\"position\":2,\"name\":\"Tienda\",\"item\":\"https:\\\/\\\/somllavors.com\\\/es\\\/botiga-2\"},{\"@type\":\"ListItem\",\"position\":3,\"name\":\"Canviador de viatge impermeable i de cot\u00f3 org\u00e0nic Nude &#8211; Nobodinoz\"}]},{\"@type\":\"WebSite\",\"@id\":\"https:\\\/\\\/somllavors.com\\\/es#website\",\"url\":\"https:\\\/\\\/somllavors.com\\\/es\",\"name\":\"Som Llavors\",\"description\":\"Botiga de crian\u00e7a natural\",\"publisher\":{\"@id\":\"https:\\\/\\\/somllavors.com\\\/es#organization\"},\"alternateName\":\"Crian\u00e7a Natural i Sostenible\",\"potentialAction\":[{\"@type\":\"SearchAction\",\"target\":{\"@type\":\"EntryPoint\",\"urlTemplate\":\"https:\\\/\\\/somllavors.com\\\/es?s={search_term_string}\"},\"query-input\":{\"@type\":\"PropertyValueSpecification\",\"valueRequired\":true,\"valueName\":\"search_term_string\"}}],\"inLanguage\":\"es\"},{\"@type\":[\"Organization\",\"Place\",\"Store\"],\"@id\":\"https:\\\/\\\/somllavors.com\\\/es#organization\",\"name\":\"Som Llavors\",\"alternateName\":\"Crian\u00e7a Natural i Sostenible\",\"url\":\"https:\\\/\\\/somllavors.com\\\/es\",\"logo\":{\"@id\":\"https:\\\/\\\/somllavors.com\\\/es\\\/producte\\\/canviador-de-viatge-impermeable-nude#local-main-organization-logo\"},\"image\":{\"@id\":\"https:\\\/\\\/somllavors.com\\\/es\\\/producte\\\/canviador-de-viatge-impermeable-nude#local-main-organization-logo\"},\"sameAs\":[\"https:\\\/\\\/www.facebook.com\\\/somllavorsvng\\\/?locale=ca_ES\",\"https:\\\/\\\/www.instagram.com\\\/somllavors_vng\\\/\",\"https:\\\/\\\/www.youtube.com\\\/@somllavors\"],\"address\":{\"@id\":\"https:\\\/\\\/somllavors.com\\\/es\\\/producte\\\/canviador-de-viatge-impermeable-nude#local-main-place-address\"},\"geo\":{\"@type\":\"GeoCoordinates\",\"latitude\":\"41.2257737\",\"longitude\":\"1.723258859\"},\"telephone\":[\"623152704\"],\"openingHoursSpecification\":[{\"@type\":\"OpeningHoursSpecification\",\"dayOfWeek\":[\"Monday\",\"Sunday\"],\"opens\":\"00:00\",\"closes\":\"00:00\"},{\"@type\":\"OpeningHoursSpecification\",\"dayOfWeek\":[\"Tuesday\",\"Wednesday\",\"Thursday\",\"Friday\"],\"opens\":\"10:00\",\"closes\":\"20:00\"},{\"@type\":\"OpeningHoursSpecification\",\"dayOfWeek\":[\"Saturday\"],\"opens\":\"10:00\",\"closes\":\"13:30\"}],\"email\":\"info@somllavors.com\"},{\"@type\":\"PostalAddress\",\"@id\":\"https:\\\/\\\/somllavors.com\\\/es\\\/producte\\\/canviador-de-viatge-impermeable-nude#local-main-place-address\",\"streetAddress\":\"Carrer de l'aigua, 6\",\"addressLocality\":\"Vilanova i la Geltr\u00fa\",\"postalCode\":\"08800\",\"addressRegion\":\"Barcelona\",\"addressCountry\":\"ES\"},{\"@type\":\"ImageObject\",\"inLanguage\":\"es\",\"@id\":\"https:\\\/\\\/somllavors.com\\\/es\\\/producte\\\/canviador-de-viatge-impermeable-nude#local-main-organization-logo\",\"url\":\"https:\\\/\\\/somllavors.com\\\/wp-content\\\/uploads\\\/Logotip-Som-Llavors.jpg\",\"contentUrl\":\"https:\\\/\\\/somllavors.com\\\/wp-content\\\/uploads\\\/Logotip-Som-Llavors.jpg\",\"width\":1444,\"height\":1323,\"caption\":\"Som Llavors\"}]}<\/script>\n<meta property=\"product:price:amount\" content=\"35.95\" \/>\n<meta property=\"product:price:currency\" content=\"EUR\" \/>\n<meta property=\"og:availability\" content=\"out of stock\" \/>\n<meta property=\"product:availability\" content=\"out of stock\" \/>\n<meta property=\"product:retailer_item_id\" content=\"8435574918161\" \/>\n<meta property=\"product:condition\" content=\"new\" \/>\n<meta name=\"geo.placename\" content=\"Vilanova i la Geltr\u00fa\" \/>\n<meta name=\"geo.position\" content=\"41.2257737;1.723258859\" \/>\n<meta name=\"geo.region\" content=\"Espa\u00f1a\" \/>\n<!-- \/ Yoast SEO Premium plugin. -->","yoast_head_json":{"title":"Canviador de viatge impermeable i de cot\u00f3 org\u00e0nic Nude - Nobodinoz &#8212; Som Llavors","description":"El canviador Mozart \u00e9s el complement perfecte per a la cura del teu nad\u00f3. Far\u00e0 que el canvi de bolquer sigui una tasca f\u00e0cil. Es plega en quatre, sent molt pr\u00e0ctic i elegant.","robots":{"index":"index","follow":"follow","max-snippet":"max-snippet:-1","max-image-preview":"max-image-preview:large","max-video-preview":"max-video-preview:-1"},"canonical":"https:\/\/somllavors.com\/es\/producte\/canviador-de-viatge-impermeable-nude","og_locale":"es_ES","og_type":"article","og_title":"Canviador de viatge impermeable i de cot\u00f3 org\u00e0nic Nude - Nobodinoz","og_description":"La teva botiga d\u2019ecocrian\u00e7a i espai d\u2019acompanyament a la maternitat","og_url":"https:\/\/somllavors.com\/es\/producte\/canviador-de-viatge-impermeable-nude","og_site_name":"Som Llavors","article_publisher":"https:\/\/www.facebook.com\/somllavorsvng\/?locale=ca_ES","article_modified_time":"2025-10-16T08:43:28+00:00","og_image":[{"width":1200,"height":800,"url":"https:\/\/somllavors.com\/wp-content\/uploads\/mozart-waterproof-changing-pad-nude-nobodinoz-1-8435574918161_1.jpg","type":"image\/jpeg"}],"twitter_card":"summary_large_image","twitter_misc":{"Precio":"35,95&euro; Iva incl\u00f2s","Availability":"Out of stock"},"schema":{"@context":"https:\/\/schema.org","@graph":[{"@type":"WebPage","@id":"https:\/\/somllavors.com\/es\/producte\/canviador-de-viatge-impermeable-nude","url":"https:\/\/somllavors.com\/es\/producte\/canviador-de-viatge-impermeable-nude","name":"Canviador de viatge impermeable i de cot\u00f3 org\u00e0nic Nude - Nobodinoz &#8212; Som Llavors","isPartOf":{"@id":"https:\/\/somllavors.com\/es#website"},"primaryImageOfPage":{"@id":"https:\/\/somllavors.com\/es\/producte\/canviador-de-viatge-impermeable-nude#primaryimage"},"image":{"@id":"https:\/\/somllavors.com\/es\/producte\/canviador-de-viatge-impermeable-nude#primaryimage"},"thumbnailUrl":"https:\/\/somllavors.com\/wp-content\/uploads\/mozart-waterproof-changing-pad-nude-nobodinoz-1-8435574918161_1.jpg","datePublished":"2022-01-20T10:31:16+00:00","dateModified":"2025-10-16T08:43:28+00:00","description":"El canviador Mozart \u00e9s el complement perfecte per a la cura del teu nad\u00f3. Far\u00e0 que el canvi de bolquer sigui una tasca f\u00e0cil. Es plega en quatre, sent molt pr\u00e0ctic i elegant.","breadcrumb":{"@id":"https:\/\/somllavors.com\/es\/producte\/canviador-de-viatge-impermeable-nude#breadcrumb"},"inLanguage":"es","potentialAction":[{"@type":"ReadAction","target":["https:\/\/somllavors.com\/es\/producte\/canviador-de-viatge-impermeable-nude"]}]},{"@type":"ImageObject","inLanguage":"es","@id":"https:\/\/somllavors.com\/es\/producte\/canviador-de-viatge-impermeable-nude#primaryimage","url":"https:\/\/somllavors.com\/wp-content\/uploads\/mozart-waterproof-changing-pad-nude-nobodinoz-1-8435574918161_1.jpg","contentUrl":"https:\/\/somllavors.com\/wp-content\/uploads\/mozart-waterproof-changing-pad-nude-nobodinoz-1-8435574918161_1.jpg","width":1200,"height":800},{"@type":"BreadcrumbList","@id":"https:\/\/somllavors.com\/es\/producte\/canviador-de-viatge-impermeable-nude#breadcrumb","itemListElement":[{"@type":"ListItem","position":1,"name":"Inici","item":"https:\/\/somllavors.com\/es"},{"@type":"ListItem","position":2,"name":"Tienda","item":"https:\/\/somllavors.com\/es\/botiga-2"},{"@type":"ListItem","position":3,"name":"Canviador de viatge impermeable i de cot\u00f3 org\u00e0nic Nude &#8211; Nobodinoz"}]},{"@type":"WebSite","@id":"https:\/\/somllavors.com\/es#website","url":"https:\/\/somllavors.com\/es","name":"Som Llavors","description":"Botiga de crian\u00e7a natural","publisher":{"@id":"https:\/\/somllavors.com\/es#organization"},"alternateName":"Crian\u00e7a Natural i Sostenible","potentialAction":[{"@type":"SearchAction","target":{"@type":"EntryPoint","urlTemplate":"https:\/\/somllavors.com\/es?s={search_term_string}"},"query-input":{"@type":"PropertyValueSpecification","valueRequired":true,"valueName":"search_term_string"}}],"inLanguage":"es"},{"@type":["Organization","Place","Store"],"@id":"https:\/\/somllavors.com\/es#organization","name":"Som Llavors","alternateName":"Crian\u00e7a Natural i Sostenible","url":"https:\/\/somllavors.com\/es","logo":{"@id":"https:\/\/somllavors.com\/es\/producte\/canviador-de-viatge-impermeable-nude#local-main-organization-logo"},"image":{"@id":"https:\/\/somllavors.com\/es\/producte\/canviador-de-viatge-impermeable-nude#local-main-organization-logo"},"sameAs":["https:\/\/www.facebook.com\/somllavorsvng\/?locale=ca_ES","https:\/\/www.instagram.com\/somllavors_vng\/","https:\/\/www.youtube.com\/@somllavors"],"address":{"@id":"https:\/\/somllavors.com\/es\/producte\/canviador-de-viatge-impermeable-nude#local-main-place-address"},"geo":{"@type":"GeoCoordinates","latitude":"41.2257737","longitude":"1.723258859"},"telephone":["623152704","623152704"],"openingHoursSpecification":[{"@type":"OpeningHoursSpecification","dayOfWeek":["Monday","Sunday"],"opens":"00:00","closes":"00:00"},{"@type":"OpeningHoursSpecification","dayOfWeek":["Tuesday","Wednesday","Thursday","Friday"],"opens":"10:00","closes":"20:00"},{"@type":"OpeningHoursSpecification","dayOfWeek":["Saturday"],"opens":"10:00","closes":"13:30"}],"email":"info@somllavors.com"},{"@type":"PostalAddress","@id":"https:\/\/somllavors.com\/es\/producte\/canviador-de-viatge-impermeable-nude#local-main-place-address","streetAddress":"Carrer de l'aigua, 6","addressLocality":"Vilanova i la Geltr\u00fa","postalCode":"08800","addressRegion":"Barcelona","addressCountry":"ES"},{"@type":"ImageObject","inLanguage":"es","@id":"https:\/\/somllavors.com\/es\/producte\/canviador-de-viatge-impermeable-nude#local-main-organization-logo","url":"https:\/\/somllavors.com\/wp-content\/uploads\/Logotip-Som-Llavors.jpg","contentUrl":"https:\/\/somllavors.com\/wp-content\/uploads\/Logotip-Som-Llavors.jpg","width":1444,"height":1323,"caption":"Som Llavors"}]},"product_price_amount":"35.95","product_price_currency":"EUR","og_availability":"out of stock","product_availability":"out of stock","product_retailer_item_id":"8435574918161","product_condition":"new","geo.placename":"Vilanova i la Geltr\u00fa","geo.position":{"lat":"41.2257737","long":"1.723258859"},"geo.region":"Espa\u00f1a"},"brands":[{"id":4106,"name":"Nobodinoz","slug":"nobodinoz"}],"_links":{"self":[{"href":"https:\/\/somllavors.com\/es\/wp-json\/wp\/v2\/product\/15566","targetHints":{"allow":["GET"]}}],"collection":[{"href":"https:\/\/somllavors.com\/es\/wp-json\/wp\/v2\/product"}],"about":[{"href":"https:\/\/somllavors.com\/es\/wp-json\/wp\/v2\/types\/product"}],"wp:featuredmedia":[{"embeddable":true,"href":"https:\/\/somllavors.com\/es\/wp-json\/wp\/v2\/media\/15575"}],"wp:attachment":[{"href":"https:\/\/somllavors.com\/es\/wp-json\/wp\/v2\/media?parent=15566"}],"wp:term":[{"taxonomy":"pwb-brand","embeddable":true,"href":"https:\/\/somllavors.com\/es\/wp-json\/wp\/v2\/pwb-brand?post=15566"},{"taxonomy":"product_brand","embeddable":true,"href":"https:\/\/somllavors.com\/es\/wp-json\/wp\/v2\/product_brand?post=15566"},{"taxonomy":"product_cat","embeddable":true,"href":"https:\/\/somllavors.com\/es\/wp-json\/wp\/v2\/product_cat?post=15566"},{"taxonomy":"product_tag","embeddable":true,"href":"https:\/\/somllavors.com\/es\/wp-json\/wp\/v2\/product_tag?post=15566"}],"curies":[{"name":"wp","href":"https:\/\/api.w.org\/{rel}","templated":true}]}}