{"id":15592,"date":"2022-01-20T18:18:23","date_gmt":"2022-01-20T17:18:23","guid":{"rendered":"https:\/\/somllavors.com\/?post_type=product&#038;p=15592"},"modified":"2025-11-05T07:08:25","modified_gmt":"2025-11-05T06:08:25","slug":"funda-de-canviador-de-coto-organic-so-cute-green","status":"publish","type":"product","link":"https:\/\/somllavors.com\/es\/producte\/funda-de-canviador-de-coto-organic-so-cute-green","title":{"rendered":"Funda de canviador de cot\u00f3 org\u00e0nic So cute Green &#8211; Nobodinoz"},"content":{"rendered":"<ul>\n<li>Extremadament absorbent i resistent a l&#8217;aigua, tamb\u00e9 \u00e9s molt c\u00f2mode per al nad\u00f3, especialment despr\u00e9s del bany, durant l&#8217;assecat.<\/li>\n<li>Rentat: Cicle delicat 30\u00ba m\u00e0xim, rentar amb colors similars, no fer servir lleixiu, assecar a baixa temperatura, no planxar.<\/li>\n<li>Certificats:\u00a0\u0152ko-Tex classe 1; segur per a la pell dels nens i el planeta.<\/li>\n<li>Mides: 50 x 70 cm.<\/li>\n<li>Materials: Exterior: 94% cot\u00f3 org\u00e0nic 6% poli\u00e8ster.<\/li>\n<li>Origen: Fabricaci\u00f3 espanyola.<\/li>\n<\/ul>\n","protected":false},"excerpt":{"rendered":"<p>Descobreix la suavitat de la funda del canviador So Cute! Feta amb teixit de tovallola de ris super suau, de la millor qualitat de cot\u00f3 org\u00e0nic, que resultar\u00e0 molt pr\u00e0ctica per al canvi del bolquer del teu nad\u00f3.<\/p>\n","protected":false},"featured_media":15594,"template":"","meta":{"_acf_changed":false,"site-sidebar-layout":"default","site-content-layout":"default","ast-site-content-layout":"default","site-content-style":"default","site-sidebar-style":"default","ast-global-header-display":"","ast-banner-title-visibility":"","ast-main-header-display":"","ast-hfb-above-header-display":"","ast-hfb-below-header-display":"","ast-hfb-mobile-header-display":"","site-post-title":"","ast-breadcrumbs-content":"","ast-featured-img":"","footer-sml-layout":"","theme-transparent-header-meta":"default","adv-header-id-meta":"","stick-header-meta":"","header-above-stick-meta":"","header-main-stick-meta":"","header-below-stick-meta":"","astra-migrate-meta-layouts":"default","ast-page-background-enabled":"default","ast-page-background-meta":{"desktop":{"background-color":"","background-image":"","background-repeat":"repeat","background-position":"center center","background-size":"auto","background-attachment":"scroll","background-type":"","background-media":"","overlay-type":"","overlay-color":"","overlay-opacity":"","overlay-gradient":""},"tablet":{"background-color":"","background-image":"","background-repeat":"repeat","background-position":"center center","background-size":"auto","background-attachment":"scroll","background-type":"","background-media":"","overlay-type":"","overlay-color":"","overlay-opacity":"","overlay-gradient":""},"mobile":{"background-color":"","background-image":"","background-repeat":"repeat","background-position":"center center","background-size":"auto","background-attachment":"scroll","background-type":"","background-media":"","overlay-type":"","overlay-color":"","overlay-opacity":"","overlay-gradient":""}},"ast-content-background-meta":{"desktop":{"background-color":"var(--ast-global-color-5)","background-image":"","background-repeat":"repeat","background-position":"center center","background-size":"auto","background-attachment":"scroll","background-type":"","background-media":"","overlay-type":"","overlay-color":"","overlay-opacity":"","overlay-gradient":""},"tablet":{"background-color":"var(--ast-global-color-5)","background-image":"","background-repeat":"repeat","background-position":"center center","background-size":"auto","background-attachment":"scroll","background-type":"","background-media":"","overlay-type":"","overlay-color":"","overlay-opacity":"","overlay-gradient":""},"mobile":{"background-color":"var(--ast-global-color-5)","background-image":"","background-repeat":"repeat","background-position":"center center","background-size":"auto","background-attachment":"scroll","background-type":"","background-media":"","overlay-type":"","overlay-color":"","overlay-opacity":"","overlay-gradient":""}}},"pwb-brand":[4106],"product_brand":[],"product_cat":[1451],"product_tag":[800,1489,1490,1432,1457],"class_list":{"0":"post-15592","1":"product","2":"type-product","3":"status-publish","4":"has-post-thumbnail","6":"pwb-brand-nobodinoz","7":"product_cat-canviadors","8":"product_tag-algodon-organico","9":"product_tag-changing-mat-cover","10":"product_tag-funda-cambiador","11":"product_tag-nobodinoz","12":"product_tag-so-cute","13":"desktop-align-left","14":"tablet-align-left","15":"mobile-align-left","17":"first","18":"outofstock","19":"taxable","20":"shipping-taxable","21":"purchasable","22":"product-type-simple"},"acf":[],"yoast_head":"<!-- This site is optimized with the Yoast SEO Premium plugin v18.3 (Yoast SEO v27.4) - https:\/\/yoast.com\/product\/yoast-seo-premium-wordpress\/ -->\n<title>Funda de canviador de cot\u00f3 org\u00e0nic So cute Green - Nobodinoz &#8212; Som Llavors<\/title>\n<meta name=\"description\" content=\"Descobreix la suavitat de la funda del canviador So Cute! Feta amb teixit de tovallola de ris super suau, de la millor qualitat de cot\u00f3 org\u00e0nic, que resultar\u00e0 molt pr\u00e0ctica per al canvi del bolquer del teu nad\u00f3.\" \/>\n<meta name=\"robots\" content=\"index, follow, max-snippet:-1, max-image-preview:large, max-video-preview:-1\" \/>\n<link rel=\"canonical\" href=\"https:\/\/somllavors.com\/es\/producte\/funda-de-canviador-de-coto-organic-so-cute-green\" \/>\n<meta property=\"og:locale\" content=\"es_ES\" \/>\n<meta property=\"og:type\" content=\"article\" \/>\n<meta property=\"og:title\" content=\"Funda de canviador de cot\u00f3 org\u00e0nic So cute Green - Nobodinoz\" \/>\n<meta property=\"og:description\" content=\"La teva botiga d\u2019ecocrian\u00e7a i espai d\u2019acompanyament a la maternitat\" \/>\n<meta property=\"og:url\" content=\"https:\/\/somllavors.com\/es\/producte\/funda-de-canviador-de-coto-organic-so-cute-green\" \/>\n<meta property=\"og:site_name\" content=\"Som Llavors\" \/>\n<meta property=\"article:publisher\" content=\"https:\/\/www.facebook.com\/somllavorsvng\/?locale=ca_ES\" \/>\n<meta property=\"article:modified_time\" content=\"2025-11-05T06:08:25+00:00\" \/>\n<meta property=\"og:image\" content=\"https:\/\/somllavors.com\/wp-content\/uploads\/so-cute-changing-mat-cover-green-funda-cambiador-verde-housse-matelas-a-langer-vert-nobodinoz_1_1.jpeg\" \/>\n\t<meta property=\"og:image:width\" content=\"1100\" \/>\n\t<meta property=\"og:image:height\" content=\"800\" \/>\n\t<meta property=\"og:image:type\" content=\"image\/jpeg\" \/>\n<meta name=\"twitter:card\" content=\"summary_large_image\" \/>\n<meta name=\"twitter:label1\" content=\"Precio\" \/>\n\t<meta name=\"twitter:data1\" content=\"29,95&euro; Iva incl\u00f2s\" \/>\n\t<meta name=\"twitter:label2\" content=\"Availability\" \/>\n\t<meta name=\"twitter:data2\" content=\"Out of stock\" \/>\n<script type=\"application\/ld+json\" class=\"yoast-schema-graph\">{\"@context\":\"https:\\\/\\\/schema.org\",\"@graph\":[{\"@type\":\"WebPage\",\"@id\":\"https:\\\/\\\/somllavors.com\\\/es\\\/producte\\\/funda-de-canviador-de-coto-organic-so-cute-green\",\"url\":\"https:\\\/\\\/somllavors.com\\\/es\\\/producte\\\/funda-de-canviador-de-coto-organic-so-cute-green\",\"name\":\"Funda de canviador de cot\u00f3 org\u00e0nic So cute Green - Nobodinoz &#8212; Som Llavors\",\"isPartOf\":{\"@id\":\"https:\\\/\\\/somllavors.com\\\/es#website\"},\"primaryImageOfPage\":{\"@id\":\"https:\\\/\\\/somllavors.com\\\/es\\\/producte\\\/funda-de-canviador-de-coto-organic-so-cute-green#primaryimage\"},\"image\":{\"@id\":\"https:\\\/\\\/somllavors.com\\\/es\\\/producte\\\/funda-de-canviador-de-coto-organic-so-cute-green#primaryimage\"},\"thumbnailUrl\":\"https:\\\/\\\/somllavors.com\\\/wp-content\\\/uploads\\\/so-cute-changing-mat-cover-green-funda-cambiador-verde-housse-matelas-a-langer-vert-nobodinoz_1_1.jpeg\",\"datePublished\":\"2022-01-20T17:18:23+00:00\",\"dateModified\":\"2025-11-05T06:08:25+00:00\",\"description\":\"Descobreix la suavitat de la funda del canviador So Cute! Feta amb teixit de tovallola de ris super suau, de la millor qualitat de cot\u00f3 org\u00e0nic, que resultar\u00e0 molt pr\u00e0ctica per al canvi del bolquer del teu nad\u00f3.\",\"breadcrumb\":{\"@id\":\"https:\\\/\\\/somllavors.com\\\/es\\\/producte\\\/funda-de-canviador-de-coto-organic-so-cute-green#breadcrumb\"},\"inLanguage\":\"es\",\"potentialAction\":[{\"@type\":\"ReadAction\",\"target\":[\"https:\\\/\\\/somllavors.com\\\/es\\\/producte\\\/funda-de-canviador-de-coto-organic-so-cute-green\"]}]},{\"@type\":\"ImageObject\",\"inLanguage\":\"es\",\"@id\":\"https:\\\/\\\/somllavors.com\\\/es\\\/producte\\\/funda-de-canviador-de-coto-organic-so-cute-green#primaryimage\",\"url\":\"https:\\\/\\\/somllavors.com\\\/wp-content\\\/uploads\\\/so-cute-changing-mat-cover-green-funda-cambiador-verde-housse-matelas-a-langer-vert-nobodinoz_1_1.jpeg\",\"contentUrl\":\"https:\\\/\\\/somllavors.com\\\/wp-content\\\/uploads\\\/so-cute-changing-mat-cover-green-funda-cambiador-verde-housse-matelas-a-langer-vert-nobodinoz_1_1.jpeg\",\"width\":1100,\"height\":800,\"caption\":\"funda canviador\"},{\"@type\":\"BreadcrumbList\",\"@id\":\"https:\\\/\\\/somllavors.com\\\/es\\\/producte\\\/funda-de-canviador-de-coto-organic-so-cute-green#breadcrumb\",\"itemListElement\":[{\"@type\":\"ListItem\",\"position\":1,\"name\":\"Inici\",\"item\":\"https:\\\/\\\/somllavors.com\\\/es\"},{\"@type\":\"ListItem\",\"position\":2,\"name\":\"Tienda\",\"item\":\"https:\\\/\\\/somllavors.com\\\/es\\\/botiga-2\"},{\"@type\":\"ListItem\",\"position\":3,\"name\":\"Funda de canviador de cot\u00f3 org\u00e0nic So cute Green &#8211; Nobodinoz\"}]},{\"@type\":\"WebSite\",\"@id\":\"https:\\\/\\\/somllavors.com\\\/es#website\",\"url\":\"https:\\\/\\\/somllavors.com\\\/es\",\"name\":\"Som Llavors\",\"description\":\"Botiga de crian\u00e7a natural\",\"publisher\":{\"@id\":\"https:\\\/\\\/somllavors.com\\\/es#organization\"},\"alternateName\":\"Crian\u00e7a Natural i Sostenible\",\"potentialAction\":[{\"@type\":\"SearchAction\",\"target\":{\"@type\":\"EntryPoint\",\"urlTemplate\":\"https:\\\/\\\/somllavors.com\\\/es?s={search_term_string}\"},\"query-input\":{\"@type\":\"PropertyValueSpecification\",\"valueRequired\":true,\"valueName\":\"search_term_string\"}}],\"inLanguage\":\"es\"},{\"@type\":[\"Organization\",\"Place\",\"Store\"],\"@id\":\"https:\\\/\\\/somllavors.com\\\/es#organization\",\"name\":\"Som Llavors\",\"alternateName\":\"Crian\u00e7a Natural i Sostenible\",\"url\":\"https:\\\/\\\/somllavors.com\\\/es\",\"logo\":{\"@id\":\"https:\\\/\\\/somllavors.com\\\/es\\\/producte\\\/funda-de-canviador-de-coto-organic-so-cute-green#local-main-organization-logo\"},\"image\":{\"@id\":\"https:\\\/\\\/somllavors.com\\\/es\\\/producte\\\/funda-de-canviador-de-coto-organic-so-cute-green#local-main-organization-logo\"},\"sameAs\":[\"https:\\\/\\\/www.facebook.com\\\/somllavorsvng\\\/?locale=ca_ES\",\"https:\\\/\\\/www.instagram.com\\\/somllavors_vng\\\/\",\"https:\\\/\\\/www.youtube.com\\\/@somllavors\"],\"address\":{\"@id\":\"https:\\\/\\\/somllavors.com\\\/es\\\/producte\\\/funda-de-canviador-de-coto-organic-so-cute-green#local-main-place-address\"},\"geo\":{\"@type\":\"GeoCoordinates\",\"latitude\":\"41.2257737\",\"longitude\":\"1.723258859\"},\"telephone\":[\"623152704\"],\"openingHoursSpecification\":[{\"@type\":\"OpeningHoursSpecification\",\"dayOfWeek\":[\"Monday\",\"Sunday\"],\"opens\":\"00:00\",\"closes\":\"00:00\"},{\"@type\":\"OpeningHoursSpecification\",\"dayOfWeek\":[\"Tuesday\",\"Wednesday\",\"Thursday\",\"Friday\"],\"opens\":\"10:00\",\"closes\":\"20:00\"},{\"@type\":\"OpeningHoursSpecification\",\"dayOfWeek\":[\"Saturday\"],\"opens\":\"10:00\",\"closes\":\"13:30\"}],\"email\":\"info@somllavors.com\"},{\"@type\":\"PostalAddress\",\"@id\":\"https:\\\/\\\/somllavors.com\\\/es\\\/producte\\\/funda-de-canviador-de-coto-organic-so-cute-green#local-main-place-address\",\"streetAddress\":\"Carrer de l'aigua, 6\",\"addressLocality\":\"Vilanova i la Geltr\u00fa\",\"postalCode\":\"08800\",\"addressRegion\":\"Barcelona\",\"addressCountry\":\"ES\"},{\"@type\":\"ImageObject\",\"inLanguage\":\"es\",\"@id\":\"https:\\\/\\\/somllavors.com\\\/es\\\/producte\\\/funda-de-canviador-de-coto-organic-so-cute-green#local-main-organization-logo\",\"url\":\"https:\\\/\\\/somllavors.com\\\/wp-content\\\/uploads\\\/Logotip-Som-Llavors.jpg\",\"contentUrl\":\"https:\\\/\\\/somllavors.com\\\/wp-content\\\/uploads\\\/Logotip-Som-Llavors.jpg\",\"width\":1444,\"height\":1323,\"caption\":\"Som Llavors\"}]}<\/script>\n<meta property=\"product:price:amount\" content=\"29.95\" \/>\n<meta property=\"product:price:currency\" content=\"EUR\" \/>\n<meta property=\"og:availability\" content=\"out of stock\" \/>\n<meta property=\"product:availability\" content=\"out of stock\" \/>\n<meta property=\"product:retailer_item_id\" content=\"8435574903204\" \/>\n<meta property=\"product:condition\" content=\"new\" \/>\n<meta name=\"geo.placename\" content=\"Vilanova i la Geltr\u00fa\" \/>\n<meta name=\"geo.position\" content=\"41.2257737;1.723258859\" \/>\n<meta name=\"geo.region\" content=\"Espa\u00f1a\" \/>\n<!-- \/ Yoast SEO Premium plugin. -->","yoast_head_json":{"title":"Funda de canviador de cot\u00f3 org\u00e0nic So cute Green - Nobodinoz &#8212; Som Llavors","description":"Descobreix la suavitat de la funda del canviador So Cute! Feta amb teixit de tovallola de ris super suau, de la millor qualitat de cot\u00f3 org\u00e0nic, que resultar\u00e0 molt pr\u00e0ctica per al canvi del bolquer del teu nad\u00f3.","robots":{"index":"index","follow":"follow","max-snippet":"max-snippet:-1","max-image-preview":"max-image-preview:large","max-video-preview":"max-video-preview:-1"},"canonical":"https:\/\/somllavors.com\/es\/producte\/funda-de-canviador-de-coto-organic-so-cute-green","og_locale":"es_ES","og_type":"article","og_title":"Funda de canviador de cot\u00f3 org\u00e0nic So cute Green - Nobodinoz","og_description":"La teva botiga d\u2019ecocrian\u00e7a i espai d\u2019acompanyament a la maternitat","og_url":"https:\/\/somllavors.com\/es\/producte\/funda-de-canviador-de-coto-organic-so-cute-green","og_site_name":"Som Llavors","article_publisher":"https:\/\/www.facebook.com\/somllavorsvng\/?locale=ca_ES","article_modified_time":"2025-11-05T06:08:25+00:00","og_image":[{"width":1100,"height":800,"url":"https:\/\/somllavors.com\/wp-content\/uploads\/so-cute-changing-mat-cover-green-funda-cambiador-verde-housse-matelas-a-langer-vert-nobodinoz_1_1.jpeg","type":"image\/jpeg"}],"twitter_card":"summary_large_image","twitter_misc":{"Precio":"29,95&euro; Iva incl\u00f2s","Availability":"Out of stock"},"schema":{"@context":"https:\/\/schema.org","@graph":[{"@type":"WebPage","@id":"https:\/\/somllavors.com\/es\/producte\/funda-de-canviador-de-coto-organic-so-cute-green","url":"https:\/\/somllavors.com\/es\/producte\/funda-de-canviador-de-coto-organic-so-cute-green","name":"Funda de canviador de cot\u00f3 org\u00e0nic So cute Green - Nobodinoz &#8212; Som Llavors","isPartOf":{"@id":"https:\/\/somllavors.com\/es#website"},"primaryImageOfPage":{"@id":"https:\/\/somllavors.com\/es\/producte\/funda-de-canviador-de-coto-organic-so-cute-green#primaryimage"},"image":{"@id":"https:\/\/somllavors.com\/es\/producte\/funda-de-canviador-de-coto-organic-so-cute-green#primaryimage"},"thumbnailUrl":"https:\/\/somllavors.com\/wp-content\/uploads\/so-cute-changing-mat-cover-green-funda-cambiador-verde-housse-matelas-a-langer-vert-nobodinoz_1_1.jpeg","datePublished":"2022-01-20T17:18:23+00:00","dateModified":"2025-11-05T06:08:25+00:00","description":"Descobreix la suavitat de la funda del canviador So Cute! Feta amb teixit de tovallola de ris super suau, de la millor qualitat de cot\u00f3 org\u00e0nic, que resultar\u00e0 molt pr\u00e0ctica per al canvi del bolquer del teu nad\u00f3.","breadcrumb":{"@id":"https:\/\/somllavors.com\/es\/producte\/funda-de-canviador-de-coto-organic-so-cute-green#breadcrumb"},"inLanguage":"es","potentialAction":[{"@type":"ReadAction","target":["https:\/\/somllavors.com\/es\/producte\/funda-de-canviador-de-coto-organic-so-cute-green"]}]},{"@type":"ImageObject","inLanguage":"es","@id":"https:\/\/somllavors.com\/es\/producte\/funda-de-canviador-de-coto-organic-so-cute-green#primaryimage","url":"https:\/\/somllavors.com\/wp-content\/uploads\/so-cute-changing-mat-cover-green-funda-cambiador-verde-housse-matelas-a-langer-vert-nobodinoz_1_1.jpeg","contentUrl":"https:\/\/somllavors.com\/wp-content\/uploads\/so-cute-changing-mat-cover-green-funda-cambiador-verde-housse-matelas-a-langer-vert-nobodinoz_1_1.jpeg","width":1100,"height":800,"caption":"funda canviador"},{"@type":"BreadcrumbList","@id":"https:\/\/somllavors.com\/es\/producte\/funda-de-canviador-de-coto-organic-so-cute-green#breadcrumb","itemListElement":[{"@type":"ListItem","position":1,"name":"Inici","item":"https:\/\/somllavors.com\/es"},{"@type":"ListItem","position":2,"name":"Tienda","item":"https:\/\/somllavors.com\/es\/botiga-2"},{"@type":"ListItem","position":3,"name":"Funda de canviador de cot\u00f3 org\u00e0nic So cute Green &#8211; Nobodinoz"}]},{"@type":"WebSite","@id":"https:\/\/somllavors.com\/es#website","url":"https:\/\/somllavors.com\/es","name":"Som Llavors","description":"Botiga de crian\u00e7a natural","publisher":{"@id":"https:\/\/somllavors.com\/es#organization"},"alternateName":"Crian\u00e7a Natural i Sostenible","potentialAction":[{"@type":"SearchAction","target":{"@type":"EntryPoint","urlTemplate":"https:\/\/somllavors.com\/es?s={search_term_string}"},"query-input":{"@type":"PropertyValueSpecification","valueRequired":true,"valueName":"search_term_string"}}],"inLanguage":"es"},{"@type":["Organization","Place","Store"],"@id":"https:\/\/somllavors.com\/es#organization","name":"Som Llavors","alternateName":"Crian\u00e7a Natural i Sostenible","url":"https:\/\/somllavors.com\/es","logo":{"@id":"https:\/\/somllavors.com\/es\/producte\/funda-de-canviador-de-coto-organic-so-cute-green#local-main-organization-logo"},"image":{"@id":"https:\/\/somllavors.com\/es\/producte\/funda-de-canviador-de-coto-organic-so-cute-green#local-main-organization-logo"},"sameAs":["https:\/\/www.facebook.com\/somllavorsvng\/?locale=ca_ES","https:\/\/www.instagram.com\/somllavors_vng\/","https:\/\/www.youtube.com\/@somllavors"],"address":{"@id":"https:\/\/somllavors.com\/es\/producte\/funda-de-canviador-de-coto-organic-so-cute-green#local-main-place-address"},"geo":{"@type":"GeoCoordinates","latitude":"41.2257737","longitude":"1.723258859"},"telephone":["623152704","623152704"],"openingHoursSpecification":[{"@type":"OpeningHoursSpecification","dayOfWeek":["Monday","Sunday"],"opens":"00:00","closes":"00:00"},{"@type":"OpeningHoursSpecification","dayOfWeek":["Tuesday","Wednesday","Thursday","Friday"],"opens":"10:00","closes":"20:00"},{"@type":"OpeningHoursSpecification","dayOfWeek":["Saturday"],"opens":"10:00","closes":"13:30"}],"email":"info@somllavors.com"},{"@type":"PostalAddress","@id":"https:\/\/somllavors.com\/es\/producte\/funda-de-canviador-de-coto-organic-so-cute-green#local-main-place-address","streetAddress":"Carrer de l'aigua, 6","addressLocality":"Vilanova i la Geltr\u00fa","postalCode":"08800","addressRegion":"Barcelona","addressCountry":"ES"},{"@type":"ImageObject","inLanguage":"es","@id":"https:\/\/somllavors.com\/es\/producte\/funda-de-canviador-de-coto-organic-so-cute-green#local-main-organization-logo","url":"https:\/\/somllavors.com\/wp-content\/uploads\/Logotip-Som-Llavors.jpg","contentUrl":"https:\/\/somllavors.com\/wp-content\/uploads\/Logotip-Som-Llavors.jpg","width":1444,"height":1323,"caption":"Som Llavors"}]},"product_price_amount":"29.95","product_price_currency":"EUR","og_availability":"out of stock","product_availability":"out of stock","product_retailer_item_id":"8435574903204","product_condition":"new","geo.placename":"Vilanova i la Geltr\u00fa","geo.position":{"lat":"41.2257737","long":"1.723258859"},"geo.region":"Espa\u00f1a"},"brands":[{"id":4106,"name":"Nobodinoz","slug":"nobodinoz"}],"_links":{"self":[{"href":"https:\/\/somllavors.com\/es\/wp-json\/wp\/v2\/product\/15592","targetHints":{"allow":["GET"]}}],"collection":[{"href":"https:\/\/somllavors.com\/es\/wp-json\/wp\/v2\/product"}],"about":[{"href":"https:\/\/somllavors.com\/es\/wp-json\/wp\/v2\/types\/product"}],"wp:featuredmedia":[{"embeddable":true,"href":"https:\/\/somllavors.com\/es\/wp-json\/wp\/v2\/media\/15594"}],"wp:attachment":[{"href":"https:\/\/somllavors.com\/es\/wp-json\/wp\/v2\/media?parent=15592"}],"wp:term":[{"taxonomy":"pwb-brand","embeddable":true,"href":"https:\/\/somllavors.com\/es\/wp-json\/wp\/v2\/pwb-brand?post=15592"},{"taxonomy":"product_brand","embeddable":true,"href":"https:\/\/somllavors.com\/es\/wp-json\/wp\/v2\/product_brand?post=15592"},{"taxonomy":"product_cat","embeddable":true,"href":"https:\/\/somllavors.com\/es\/wp-json\/wp\/v2\/product_cat?post=15592"},{"taxonomy":"product_tag","embeddable":true,"href":"https:\/\/somllavors.com\/es\/wp-json\/wp\/v2\/product_tag?post=15592"}],"curies":[{"name":"wp","href":"https:\/\/api.w.org\/{rel}","templated":true}]}}