{"id":17245,"date":"2022-03-25T18:16:22","date_gmt":"2022-03-25T17:16:22","guid":{"rendered":"https:\/\/somllavors.com\/?post_type=product&#038;p=17245"},"modified":"2024-03-19T21:02:49","modified_gmt":"2024-03-19T20:02:49","slug":"sin-dientes-y-a-bocados-en-boca-de-todos","status":"publish","type":"product","link":"https:\/\/somllavors.com\/es\/producte\/sin-dientes-y-a-bocados-en-boca-de-todos","title":{"rendered":"Sin dientes y a bocados + En boca de todos"},"content":{"rendered":"<p><i><b>Sin dientes y a bocados<\/b><\/i><b>\u00a0es la gu\u00eda de recetas f\u00e1ciles y nutritivas para aquellas familias que quieren una alimentaci\u00f3n complementaria y sabrosa para sus beb\u00e9s.<\/b><\/p>\n<p>En este libro \u00fanico, Juan Llorca, Chef responsable de la alimentaci\u00f3n en Valencia Montessori School, y Melisa G\u00f3mez, dietista-nutricionista especializada en pediatr\u00eda, ofrecen recetas sencillas y consejos pr\u00e1cticos para apoyar a las familias que buscan dar una alimentaci\u00f3n saludable a sus peque\u00f1os desde los primeros meses.<\/p>\n<p><i>Sin dientes y a bocados<\/i> es una gu\u00eda completa, accesible e imprescindible; ideal para ayudarte a resolver dudas frecuentes sobre el paso de la lactancia a la alimentaci\u00f3n complementaria regulada y dirigida por el propio beb\u00e9 (conocida tambi\u00e9n como Baby Led Weaning o BLW), y capaz de brindarte los recursos necesarios para ponerte en marcha y acompa\u00f1arlo en las distintas etapas de su alimentaci\u00f3n, desde su primer bocado hasta su primer cumplea\u00f1os.<\/p>\n<p>__________________________<\/p>\n<p><b>En <\/b><i><b>En boca de todos<\/b><\/i><b>, Juan Llorca y Melisa G\u00f3mez resuelven todas aquellas dudas frecuentes sobre la alimentaci\u00f3n de los peque\u00f1os que suelen surgir despu\u00e9s de su primer cumplea\u00f1os.<\/b><\/p>\n<p>Adem\u00e1s, nos ofrecen los mejores consejos para fomentar una alimentaci\u00f3n saludable, entre ellos, men\u00fas semanales, trucos para cocinar con ni\u00f1os y m\u00e1s de sesenta recetas sencillas y deliciosas para disfrutar en familia.<\/p>\n","protected":false},"excerpt":{"rendered":"<div class=\"short\" data-v-ce307848=\"\">\n<div class=\"resume-body\" data-v-8f658ab8=\"\" data-v-ce307848=\"\">\n<p>Este estuche re\u00fane las dos obras sobre alimentaci\u00f3n saludable para familias y criaturas de Juan Llorca y Melisa G\u00f3mez, el chef y la nutricionista que est\u00e1n revolucionando la alimentaci\u00f3n infantil.<\/p>\n<p>&nbsp;<\/p>\n<\/div>\n<\/div>\n","protected":false},"featured_media":18419,"template":"","meta":{"_acf_changed":false,"site-sidebar-layout":"default","site-content-layout":"default","ast-site-content-layout":"default","site-content-style":"default","site-sidebar-style":"default","ast-global-header-display":"","ast-banner-title-visibility":"","ast-main-header-display":"","ast-hfb-above-header-display":"","ast-hfb-below-header-display":"","ast-hfb-mobile-header-display":"","site-post-title":"","ast-breadcrumbs-content":"","ast-featured-img":"","footer-sml-layout":"","theme-transparent-header-meta":"default","adv-header-id-meta":"","stick-header-meta":"","header-above-stick-meta":"","header-main-stick-meta":"","header-below-stick-meta":"","astra-migrate-meta-layouts":"default","ast-page-background-enabled":"default","ast-page-background-meta":{"desktop":{"background-color":"","background-image":"","background-repeat":"repeat","background-position":"center center","background-size":"auto","background-attachment":"scroll","background-type":"","background-media":"","overlay-type":"","overlay-color":"","overlay-opacity":"","overlay-gradient":""},"tablet":{"background-color":"","background-image":"","background-repeat":"repeat","background-position":"center center","background-size":"auto","background-attachment":"scroll","background-type":"","background-media":"","overlay-type":"","overlay-color":"","overlay-opacity":"","overlay-gradient":""},"mobile":{"background-color":"","background-image":"","background-repeat":"repeat","background-position":"center center","background-size":"auto","background-attachment":"scroll","background-type":"","background-media":"","overlay-type":"","overlay-color":"","overlay-opacity":"","overlay-gradient":""}},"ast-content-background-meta":{"desktop":{"background-color":"var(--ast-global-color-5)","background-image":"","background-repeat":"repeat","background-position":"center center","background-size":"auto","background-attachment":"scroll","background-type":"","background-media":"","overlay-type":"","overlay-color":"","overlay-opacity":"","overlay-gradient":""},"tablet":{"background-color":"var(--ast-global-color-5)","background-image":"","background-repeat":"repeat","background-position":"center center","background-size":"auto","background-attachment":"scroll","background-type":"","background-media":"","overlay-type":"","overlay-color":"","overlay-opacity":"","overlay-gradient":""},"mobile":{"background-color":"var(--ast-global-color-5)","background-image":"","background-repeat":"repeat","background-position":"center center","background-size":"auto","background-attachment":"scroll","background-type":"","background-media":"","overlay-type":"","overlay-color":"","overlay-opacity":"","overlay-gradient":""}}},"pwb-brand":[],"product_brand":[],"product_cat":[568],"product_tag":[981,1713,1210,851],"class_list":{"0":"post-17245","1":"product","2":"type-product","3":"status-publish","4":"has-post-thumbnail","6":"product_cat-adults","7":"product_tag-blw","8":"product_tag-javier-vergara","9":"product_tag-juan-llorca","10":"product_tag-libro","11":"desktop-align-left","12":"tablet-align-left","13":"mobile-align-left","15":"first","16":"outofstock","17":"taxable","18":"shipping-taxable","19":"purchasable","20":"product-type-simple"},"acf":[],"yoast_head":"<!-- This site is optimized with the Yoast SEO Premium plugin v18.3 (Yoast SEO v26.2) - https:\/\/yoast.com\/wordpress\/plugins\/seo\/ -->\n<title>Sin dientes y a bocados + En boca de todos &#8212; Som Llavors<\/title>\n<meta name=\"description\" content=\"Este estuche re\u00fane las dos obras sobre alimentaci\u00f3n saludable para familias y criaturas de Juan Llorca y Melisa G\u00f3mez, el chef y la nutricionista que est\u00e1n revolucionando la alimentaci\u00f3n infantil.  &nbsp;\" \/>\n<meta name=\"robots\" content=\"index, follow, max-snippet:-1, max-image-preview:large, max-video-preview:-1\" \/>\n<link rel=\"canonical\" href=\"https:\/\/somllavors.com\/es\/producte\/sin-dientes-y-a-bocados-en-boca-de-todos\" \/>\n<meta property=\"og:locale\" content=\"es_ES\" \/>\n<meta property=\"og:type\" content=\"article\" \/>\n<meta property=\"og:title\" content=\"Sin dientes y a bocados + En boca de todos\" \/>\n<meta property=\"og:description\" content=\"La teva botiga d\u2019ecocrian\u00e7a i espai d\u2019acompanyament a la maternitat\" \/>\n<meta property=\"og:url\" content=\"https:\/\/somllavors.com\/es\/producte\/sin-dientes-y-a-bocados-en-boca-de-todos\" \/>\n<meta property=\"og:site_name\" content=\"Som Llavors\" \/>\n<meta property=\"article:publisher\" content=\"https:\/\/www.facebook.com\/somllavorsvng\/?locale=ca_ES\" \/>\n<meta property=\"article:modified_time\" content=\"2024-03-19T20:02:49+00:00\" \/>\n<meta property=\"og:image\" content=\"https:\/\/somllavors.com\/wp-content\/uploads\/sin-dientes-y-a-bocados-y-en-boca-de-todos.jpeg\" \/>\n\t<meta property=\"og:image:width\" content=\"552\" \/>\n\t<meta property=\"og:image:height\" content=\"567\" \/>\n\t<meta property=\"og:image:type\" content=\"image\/jpeg\" \/>\n<meta name=\"twitter:card\" content=\"summary_large_image\" \/>\n<meta name=\"twitter:label1\" content=\"Precio\" \/>\n\t<meta name=\"twitter:data1\" content=\"34,80&euro; Iva incl\u00f2s\" \/>\n\t<meta name=\"twitter:label2\" content=\"Availability\" \/>\n\t<meta name=\"twitter:data2\" content=\"Out of stock\" \/>\n<script type=\"application\/ld+json\" class=\"yoast-schema-graph\">{\"@context\":\"https:\/\/schema.org\",\"@graph\":[{\"@type\":\"WebPage\",\"@id\":\"https:\/\/somllavors.com\/es\/producte\/sin-dientes-y-a-bocados-en-boca-de-todos\",\"url\":\"https:\/\/somllavors.com\/es\/producte\/sin-dientes-y-a-bocados-en-boca-de-todos\",\"name\":\"Sin dientes y a bocados + En boca de todos &#8212; Som Llavors\",\"isPartOf\":{\"@id\":\"https:\/\/somllavors.com\/es#website\"},\"primaryImageOfPage\":{\"@id\":\"https:\/\/somllavors.com\/es\/producte\/sin-dientes-y-a-bocados-en-boca-de-todos#primaryimage\"},\"image\":{\"@id\":\"https:\/\/somllavors.com\/es\/producte\/sin-dientes-y-a-bocados-en-boca-de-todos#primaryimage\"},\"thumbnailUrl\":\"https:\/\/somllavors.com\/wp-content\/uploads\/sin-dientes-y-a-bocados-y-en-boca-de-todos.jpeg\",\"datePublished\":\"2022-03-25T17:16:22+00:00\",\"dateModified\":\"2024-03-19T20:02:49+00:00\",\"description\":\"Este estuche re\u00fane las dos obras sobre alimentaci\u00f3n saludable para familias y criaturas de Juan Llorca y Melisa G\u00f3mez, el chef y la nutricionista que est\u00e1n revolucionando la alimentaci\u00f3n infantil. &nbsp;\",\"breadcrumb\":{\"@id\":\"https:\/\/somllavors.com\/es\/producte\/sin-dientes-y-a-bocados-en-boca-de-todos#breadcrumb\"},\"inLanguage\":\"es\",\"potentialAction\":[{\"@type\":\"ReadAction\",\"target\":[\"https:\/\/somllavors.com\/es\/producte\/sin-dientes-y-a-bocados-en-boca-de-todos\"]}]},{\"@type\":\"ImageObject\",\"inLanguage\":\"es\",\"@id\":\"https:\/\/somllavors.com\/es\/producte\/sin-dientes-y-a-bocados-en-boca-de-todos#primaryimage\",\"url\":\"https:\/\/somllavors.com\/wp-content\/uploads\/sin-dientes-y-a-bocados-y-en-boca-de-todos.jpeg\",\"contentUrl\":\"https:\/\/somllavors.com\/wp-content\/uploads\/sin-dientes-y-a-bocados-y-en-boca-de-todos.jpeg\",\"width\":552,\"height\":567,\"caption\":\"Este estuche re\u00fanelas dos obras sobre alimentaci\u00f3n saludable para familias yni\u00f1osde Juan Llorca y Melisa G\u00f3mez, el chef y la nutricionista que est\u00e1n revolucionando la alimentaci\u00f3n infantil en Espa\u00f1a. Sin dientes y a bocados es la gu\u00eda de recetas f\u00e1ciles y nutritivas para aquellas familias que quieren una alimentaci\u00f3n complementaria y sabrosa para sus beb\u00e9s. En este libro \u00fanico, Juan Llorca, Chef responsable de la alimentaci\u00f3n en Valencia Montessori School, y Melisa G\u00f3mez, dietista-nutricionista especializada en pediatr\u00eda, ofrecen recetas sencillas y consejos pr\u00e1cticos para apoyar a las familias que buscan dar una alimentaci\u00f3n saludable a sus peque\u00f1os desde los primeros meses. Sin dientes y a bocados es una gu\u00eda completa, accesible e imprescindible; ideal para ayudarte a resolver dudas frecuentes sobre el paso de la lactancia a la alimentaci\u00f3n complementaria regulada y dirigida por el propio beb\u00e9 (conocida tambi\u00e9n como Baby Led Weaning o BLW), y capaz de brindarte los recursos necesarios para ponerte en marcha y acompa\u00f1arlo en las distintas etapas de su alimentaci\u00f3n, desde su primer bocado hasta su primer cumplea\u00f1os __________________________ EnEn boca de todos, Juan Llorca y Melisa G\u00f3mez resuelven todas aquellas dudas frecuentes sobre la alimentaci\u00f3n de los peque\u00f1os que suelen surgir despu\u00e9s de su primer cumplea\u00f1os. Adem\u00e1s, nos ofrecen los mejores consejos para fomentar una alimentaci\u00f3n saludable, entre ellos, men\u00fas semanales, trucos para cocinar con ni\u00f1os y m\u00e1s de sesenta recetas sencillas y deliciosas para disfrutar en familia.\"},{\"@type\":\"BreadcrumbList\",\"@id\":\"https:\/\/somllavors.com\/es\/producte\/sin-dientes-y-a-bocados-en-boca-de-todos#breadcrumb\",\"itemListElement\":[{\"@type\":\"ListItem\",\"position\":1,\"name\":\"Inici\",\"item\":\"https:\/\/somllavors.com\/es\"},{\"@type\":\"ListItem\",\"position\":2,\"name\":\"Tienda\",\"item\":\"https:\/\/somllavors.com\/es\/botiga-2\"},{\"@type\":\"ListItem\",\"position\":3,\"name\":\"Sin dientes y a bocados + En boca de todos\"}]},{\"@type\":\"WebSite\",\"@id\":\"https:\/\/somllavors.com\/es#website\",\"url\":\"https:\/\/somllavors.com\/es\",\"name\":\"Som Llavors\",\"description\":\"Botiga de crian\u00e7a natural\",\"publisher\":{\"@id\":\"https:\/\/somllavors.com\/es#organization\"},\"alternateName\":\"Crian\u00e7a Natural i Sostenible\",\"potentialAction\":[{\"@type\":\"SearchAction\",\"target\":{\"@type\":\"EntryPoint\",\"urlTemplate\":\"https:\/\/somllavors.com\/es?s={search_term_string}\"},\"query-input\":{\"@type\":\"PropertyValueSpecification\",\"valueRequired\":true,\"valueName\":\"search_term_string\"}}],\"inLanguage\":\"es\"},{\"@type\":[\"Organization\",\"Place\",\"Store\"],\"@id\":\"https:\/\/somllavors.com\/es#organization\",\"name\":\"Som Llavors\",\"alternateName\":\"Crian\u00e7a Natural i Sostenible\",\"url\":\"https:\/\/somllavors.com\/es\",\"logo\":{\"@id\":\"https:\/\/somllavors.com\/es\/producte\/sin-dientes-y-a-bocados-en-boca-de-todos#local-main-organization-logo\"},\"image\":{\"@id\":\"https:\/\/somllavors.com\/es\/producte\/sin-dientes-y-a-bocados-en-boca-de-todos#local-main-organization-logo\"},\"sameAs\":[\"https:\/\/www.facebook.com\/somllavorsvng\/?locale=ca_ES\",\"https:\/\/www.instagram.com\/somllavors_vng\/\",\"https:\/\/www.youtube.com\/@somllavors\"],\"address\":{\"@id\":\"https:\/\/somllavors.com\/es\/producte\/sin-dientes-y-a-bocados-en-boca-de-todos#local-main-place-address\"},\"geo\":{\"@type\":\"GeoCoordinates\",\"latitude\":\"41.2257737\",\"longitude\":\"1.723258859\"},\"telephone\":[\"623152704\"],\"openingHoursSpecification\":[{\"@type\":\"OpeningHoursSpecification\",\"dayOfWeek\":[\"Monday\",\"Sunday\"],\"opens\":\"00:00\",\"closes\":\"00:00\"},{\"@type\":\"OpeningHoursSpecification\",\"dayOfWeek\":[\"Tuesday\",\"Wednesday\",\"Thursday\",\"Friday\"],\"opens\":\"10:00\",\"closes\":\"20:00\"},{\"@type\":\"OpeningHoursSpecification\",\"dayOfWeek\":[\"Saturday\"],\"opens\":\"10:00\",\"closes\":\"13:30\"}],\"email\":\"info@somllavors.com\"},{\"@type\":\"PostalAddress\",\"@id\":\"https:\/\/somllavors.com\/es\/producte\/sin-dientes-y-a-bocados-en-boca-de-todos#local-main-place-address\",\"streetAddress\":\"Carrer de l'aigua, 6\",\"addressLocality\":\"Vilanova i la Geltr\u00fa\",\"postalCode\":\"08800\",\"addressRegion\":\"Barcelona\",\"addressCountry\":\"ES\"},{\"@type\":\"ImageObject\",\"inLanguage\":\"es\",\"@id\":\"https:\/\/somllavors.com\/es\/producte\/sin-dientes-y-a-bocados-en-boca-de-todos#local-main-organization-logo\",\"url\":\"https:\/\/somllavors.com\/wp-content\/uploads\/Logotip-Som-Llavors.jpg\",\"contentUrl\":\"https:\/\/somllavors.com\/wp-content\/uploads\/Logotip-Som-Llavors.jpg\",\"width\":1444,\"height\":1323,\"caption\":\"Som Llavors\"}]}<\/script>\n<meta property=\"product:price:amount\" content=\"34.80\" \/>\n<meta property=\"product:price:currency\" content=\"EUR\" \/>\n<meta property=\"og:availability\" content=\"out of stock\" \/>\n<meta property=\"product:availability\" content=\"out of stock\" \/>\n<meta property=\"product:retailer_item_id\" content=\"9788418620171\" \/>\n<meta property=\"product:condition\" content=\"new\" \/>\n<meta name=\"geo.placename\" content=\"Vilanova i la Geltr\u00fa\" \/>\n<meta name=\"geo.position\" content=\"41.2257737;1.723258859\" \/>\n<meta name=\"geo.region\" content=\"Espa\u00f1a\" \/>\n<!-- \/ Yoast SEO Premium plugin. -->","yoast_head_json":{"title":"Sin dientes y a bocados + En boca de todos &#8212; Som Llavors","description":"Este estuche re\u00fane las dos obras sobre alimentaci\u00f3n saludable para familias y criaturas de Juan Llorca y Melisa G\u00f3mez, el chef y la nutricionista que est\u00e1n revolucionando la alimentaci\u00f3n infantil.  &nbsp;","robots":{"index":"index","follow":"follow","max-snippet":"max-snippet:-1","max-image-preview":"max-image-preview:large","max-video-preview":"max-video-preview:-1"},"canonical":"https:\/\/somllavors.com\/es\/producte\/sin-dientes-y-a-bocados-en-boca-de-todos","og_locale":"es_ES","og_type":"article","og_title":"Sin dientes y a bocados + En boca de todos","og_description":"La teva botiga d\u2019ecocrian\u00e7a i espai d\u2019acompanyament a la maternitat","og_url":"https:\/\/somllavors.com\/es\/producte\/sin-dientes-y-a-bocados-en-boca-de-todos","og_site_name":"Som Llavors","article_publisher":"https:\/\/www.facebook.com\/somllavorsvng\/?locale=ca_ES","article_modified_time":"2024-03-19T20:02:49+00:00","og_image":[{"width":552,"height":567,"url":"https:\/\/somllavors.com\/wp-content\/uploads\/sin-dientes-y-a-bocados-y-en-boca-de-todos.jpeg","type":"image\/jpeg"}],"twitter_card":"summary_large_image","twitter_misc":{"Precio":"34,80&euro; Iva incl\u00f2s","Availability":"Out of stock"},"schema":{"@context":"https:\/\/schema.org","@graph":[{"@type":"WebPage","@id":"https:\/\/somllavors.com\/es\/producte\/sin-dientes-y-a-bocados-en-boca-de-todos","url":"https:\/\/somllavors.com\/es\/producte\/sin-dientes-y-a-bocados-en-boca-de-todos","name":"Sin dientes y a bocados + En boca de todos &#8212; Som Llavors","isPartOf":{"@id":"https:\/\/somllavors.com\/es#website"},"primaryImageOfPage":{"@id":"https:\/\/somllavors.com\/es\/producte\/sin-dientes-y-a-bocados-en-boca-de-todos#primaryimage"},"image":{"@id":"https:\/\/somllavors.com\/es\/producte\/sin-dientes-y-a-bocados-en-boca-de-todos#primaryimage"},"thumbnailUrl":"https:\/\/somllavors.com\/wp-content\/uploads\/sin-dientes-y-a-bocados-y-en-boca-de-todos.jpeg","datePublished":"2022-03-25T17:16:22+00:00","dateModified":"2024-03-19T20:02:49+00:00","description":"Este estuche re\u00fane las dos obras sobre alimentaci\u00f3n saludable para familias y criaturas de Juan Llorca y Melisa G\u00f3mez, el chef y la nutricionista que est\u00e1n revolucionando la alimentaci\u00f3n infantil. &nbsp;","breadcrumb":{"@id":"https:\/\/somllavors.com\/es\/producte\/sin-dientes-y-a-bocados-en-boca-de-todos#breadcrumb"},"inLanguage":"es","potentialAction":[{"@type":"ReadAction","target":["https:\/\/somllavors.com\/es\/producte\/sin-dientes-y-a-bocados-en-boca-de-todos"]}]},{"@type":"ImageObject","inLanguage":"es","@id":"https:\/\/somllavors.com\/es\/producte\/sin-dientes-y-a-bocados-en-boca-de-todos#primaryimage","url":"https:\/\/somllavors.com\/wp-content\/uploads\/sin-dientes-y-a-bocados-y-en-boca-de-todos.jpeg","contentUrl":"https:\/\/somllavors.com\/wp-content\/uploads\/sin-dientes-y-a-bocados-y-en-boca-de-todos.jpeg","width":552,"height":567,"caption":"Este estuche re\u00fanelas dos obras sobre alimentaci\u00f3n saludable para familias yni\u00f1osde Juan Llorca y Melisa G\u00f3mez, el chef y la nutricionista que est\u00e1n revolucionando la alimentaci\u00f3n infantil en Espa\u00f1a. Sin dientes y a bocados es la gu\u00eda de recetas f\u00e1ciles y nutritivas para aquellas familias que quieren una alimentaci\u00f3n complementaria y sabrosa para sus beb\u00e9s. En este libro \u00fanico, Juan Llorca, Chef responsable de la alimentaci\u00f3n en Valencia Montessori School, y Melisa G\u00f3mez, dietista-nutricionista especializada en pediatr\u00eda, ofrecen recetas sencillas y consejos pr\u00e1cticos para apoyar a las familias que buscan dar una alimentaci\u00f3n saludable a sus peque\u00f1os desde los primeros meses. Sin dientes y a bocados es una gu\u00eda completa, accesible e imprescindible; ideal para ayudarte a resolver dudas frecuentes sobre el paso de la lactancia a la alimentaci\u00f3n complementaria regulada y dirigida por el propio beb\u00e9 (conocida tambi\u00e9n como Baby Led Weaning o BLW), y capaz de brindarte los recursos necesarios para ponerte en marcha y acompa\u00f1arlo en las distintas etapas de su alimentaci\u00f3n, desde su primer bocado hasta su primer cumplea\u00f1os __________________________ EnEn boca de todos, Juan Llorca y Melisa G\u00f3mez resuelven todas aquellas dudas frecuentes sobre la alimentaci\u00f3n de los peque\u00f1os que suelen surgir despu\u00e9s de su primer cumplea\u00f1os. Adem\u00e1s, nos ofrecen los mejores consejos para fomentar una alimentaci\u00f3n saludable, entre ellos, men\u00fas semanales, trucos para cocinar con ni\u00f1os y m\u00e1s de sesenta recetas sencillas y deliciosas para disfrutar en familia."},{"@type":"BreadcrumbList","@id":"https:\/\/somllavors.com\/es\/producte\/sin-dientes-y-a-bocados-en-boca-de-todos#breadcrumb","itemListElement":[{"@type":"ListItem","position":1,"name":"Inici","item":"https:\/\/somllavors.com\/es"},{"@type":"ListItem","position":2,"name":"Tienda","item":"https:\/\/somllavors.com\/es\/botiga-2"},{"@type":"ListItem","position":3,"name":"Sin dientes y a bocados + En boca de todos"}]},{"@type":"WebSite","@id":"https:\/\/somllavors.com\/es#website","url":"https:\/\/somllavors.com\/es","name":"Som Llavors","description":"Botiga de crian\u00e7a natural","publisher":{"@id":"https:\/\/somllavors.com\/es#organization"},"alternateName":"Crian\u00e7a Natural i Sostenible","potentialAction":[{"@type":"SearchAction","target":{"@type":"EntryPoint","urlTemplate":"https:\/\/somllavors.com\/es?s={search_term_string}"},"query-input":{"@type":"PropertyValueSpecification","valueRequired":true,"valueName":"search_term_string"}}],"inLanguage":"es"},{"@type":["Organization","Place","Store"],"@id":"https:\/\/somllavors.com\/es#organization","name":"Som Llavors","alternateName":"Crian\u00e7a Natural i Sostenible","url":"https:\/\/somllavors.com\/es","logo":{"@id":"https:\/\/somllavors.com\/es\/producte\/sin-dientes-y-a-bocados-en-boca-de-todos#local-main-organization-logo"},"image":{"@id":"https:\/\/somllavors.com\/es\/producte\/sin-dientes-y-a-bocados-en-boca-de-todos#local-main-organization-logo"},"sameAs":["https:\/\/www.facebook.com\/somllavorsvng\/?locale=ca_ES","https:\/\/www.instagram.com\/somllavors_vng\/","https:\/\/www.youtube.com\/@somllavors"],"address":{"@id":"https:\/\/somllavors.com\/es\/producte\/sin-dientes-y-a-bocados-en-boca-de-todos#local-main-place-address"},"geo":{"@type":"GeoCoordinates","latitude":"41.2257737","longitude":"1.723258859"},"telephone":["623152704","623152704"],"openingHoursSpecification":[{"@type":"OpeningHoursSpecification","dayOfWeek":["Monday","Sunday"],"opens":"00:00","closes":"00:00"},{"@type":"OpeningHoursSpecification","dayOfWeek":["Tuesday","Wednesday","Thursday","Friday"],"opens":"10:00","closes":"20:00"},{"@type":"OpeningHoursSpecification","dayOfWeek":["Saturday"],"opens":"10:00","closes":"13:30"}],"email":"info@somllavors.com"},{"@type":"PostalAddress","@id":"https:\/\/somllavors.com\/es\/producte\/sin-dientes-y-a-bocados-en-boca-de-todos#local-main-place-address","streetAddress":"Carrer de l'aigua, 6","addressLocality":"Vilanova i la Geltr\u00fa","postalCode":"08800","addressRegion":"Barcelona","addressCountry":"ES"},{"@type":"ImageObject","inLanguage":"es","@id":"https:\/\/somllavors.com\/es\/producte\/sin-dientes-y-a-bocados-en-boca-de-todos#local-main-organization-logo","url":"https:\/\/somllavors.com\/wp-content\/uploads\/Logotip-Som-Llavors.jpg","contentUrl":"https:\/\/somllavors.com\/wp-content\/uploads\/Logotip-Som-Llavors.jpg","width":1444,"height":1323,"caption":"Som Llavors"}]},"product_price_amount":"34.80","product_price_currency":"EUR","og_availability":"out of stock","product_availability":"out of stock","product_retailer_item_id":"9788418620171","product_condition":"new","geo.placename":"Vilanova i la Geltr\u00fa","geo.position":{"lat":"41.2257737","long":"1.723258859"},"geo.region":"Espa\u00f1a"},"brands":[],"_links":{"self":[{"href":"https:\/\/somllavors.com\/es\/wp-json\/wp\/v2\/product\/17245","targetHints":{"allow":["GET"]}}],"collection":[{"href":"https:\/\/somllavors.com\/es\/wp-json\/wp\/v2\/product"}],"about":[{"href":"https:\/\/somllavors.com\/es\/wp-json\/wp\/v2\/types\/product"}],"wp:featuredmedia":[{"embeddable":true,"href":"https:\/\/somllavors.com\/es\/wp-json\/wp\/v2\/media\/18419"}],"wp:attachment":[{"href":"https:\/\/somllavors.com\/es\/wp-json\/wp\/v2\/media?parent=17245"}],"wp:term":[{"taxonomy":"pwb-brand","embeddable":true,"href":"https:\/\/somllavors.com\/es\/wp-json\/wp\/v2\/pwb-brand?post=17245"},{"taxonomy":"product_brand","embeddable":true,"href":"https:\/\/somllavors.com\/es\/wp-json\/wp\/v2\/product_brand?post=17245"},{"taxonomy":"product_cat","embeddable":true,"href":"https:\/\/somllavors.com\/es\/wp-json\/wp\/v2\/product_cat?post=17245"},{"taxonomy":"product_tag","embeddable":true,"href":"https:\/\/somllavors.com\/es\/wp-json\/wp\/v2\/product_tag?post=17245"}],"curies":[{"name":"wp","href":"https:\/\/api.w.org\/{rel}","templated":true}]}}