{"id":17248,"date":"2022-03-25T18:20:06","date_gmt":"2022-03-25T17:20:06","guid":{"rendered":"https:\/\/somllavors.com\/?post_type=product&#038;p=17248"},"modified":"2023-12-23T19:31:56","modified_gmt":"2023-12-23T18:31:56","slug":"lelmer-i-el-conte-de-bona-nit","status":"publish","type":"product","link":"https:\/\/somllavors.com\/es\/producte\/lelmer-i-el-conte-de-bona-nit","title":{"rendered":"L&#8217;Elmer i el conte de bona nit"},"content":{"rendered":"<p>\u00c9s l&#8217;hora d&#8217;anar-se&#8217;n a dormir i l&#8217;Elmer est\u00e0 cuidant dos elefants petits, l&#8217;Estel i en Mel. Com aconseguir\u00e0 que s&#8217;adormin? &#8220;Podrien anar a fer un tomb&#8221;, pensa l&#8217;Elmer. Per\u00f2 tots els amics que es troben per la selva pensen que el que ha de fer l&#8217;Elmer es explicar-los un conte de bona nit. Cadasc\u00fa en t\u00e9 un de preferit. Quin \u00e9s el teu?<\/p>\n<p>La col\u00b7lecci\u00f3 d&#8217;\u00e0lbums il\u00b7lustrats de l&#8217;Elmer est\u00e0 pensada perque els infants s&#8217;inicin en la lectura d&#8217;una manera divertida, alhora que treballen valors com ara l&#8217;amistat, el treball en equip, la superaci\u00f3, la toler\u00e0ncia i la generositat.<\/p>\n","protected":false},"excerpt":{"rendered":"<p>La nova aventura per abans d&#8217;anar-se&#8217;n a dormir de l&#8217;Elmer, l&#8217;elefant de colors preferit de les fam\u00edlies.<\/p>\n<p>&nbsp;<\/p>\n","protected":false},"featured_media":18423,"template":"","meta":{"_acf_changed":false,"site-sidebar-layout":"default","site-content-layout":"default","ast-site-content-layout":"default","site-content-style":"default","site-sidebar-style":"default","ast-global-header-display":"","ast-banner-title-visibility":"","ast-main-header-display":"","ast-hfb-above-header-display":"","ast-hfb-below-header-display":"","ast-hfb-mobile-header-display":"","site-post-title":"","ast-breadcrumbs-content":"","ast-featured-img":"","footer-sml-layout":"","ast-disable-related-posts":"","theme-transparent-header-meta":"default","adv-header-id-meta":"","stick-header-meta":"","header-above-stick-meta":"","header-main-stick-meta":"","header-below-stick-meta":"","astra-migrate-meta-layouts":"default","ast-page-background-enabled":"default","ast-page-background-meta":{"desktop":{"background-color":"","background-image":"","background-repeat":"repeat","background-position":"center center","background-size":"auto","background-attachment":"scroll","background-type":"","background-media":"","overlay-type":"","overlay-color":"","overlay-opacity":"","overlay-gradient":""},"tablet":{"background-color":"","background-image":"","background-repeat":"repeat","background-position":"center center","background-size":"auto","background-attachment":"scroll","background-type":"","background-media":"","overlay-type":"","overlay-color":"","overlay-opacity":"","overlay-gradient":""},"mobile":{"background-color":"","background-image":"","background-repeat":"repeat","background-position":"center center","background-size":"auto","background-attachment":"scroll","background-type":"","background-media":"","overlay-type":"","overlay-color":"","overlay-opacity":"","overlay-gradient":""}},"ast-content-background-meta":{"desktop":{"background-color":"var(--ast-global-color-5)","background-image":"","background-repeat":"repeat","background-position":"center center","background-size":"auto","background-attachment":"scroll","background-type":"","background-media":"","overlay-type":"","overlay-color":"","overlay-opacity":"","overlay-gradient":""},"tablet":{"background-color":"var(--ast-global-color-5)","background-image":"","background-repeat":"repeat","background-position":"center center","background-size":"auto","background-attachment":"scroll","background-type":"","background-media":"","overlay-type":"","overlay-color":"","overlay-opacity":"","overlay-gradient":""},"mobile":{"background-color":"var(--ast-global-color-5)","background-image":"","background-repeat":"repeat","background-position":"center center","background-size":"auto","background-attachment":"scroll","background-type":"","background-media":"","overlay-type":"","overlay-color":"","overlay-opacity":"","overlay-gradient":""}}},"pwb-brand":[],"product_brand":[],"product_cat":[567],"product_tag":[1715,741,1881,1735],"class_list":{"0":"post-17248","1":"product","2":"type-product","3":"status-publish","4":"has-post-thumbnail","6":"product_cat-infantils","7":"product_tag-bescasoa-editorial","8":"product_tag-conte","9":"product_tag-david-mckee","10":"product_tag-elmer","11":"desktop-align-left","12":"tablet-align-left","13":"mobile-align-left","15":"first","16":"outofstock","17":"taxable","18":"shipping-taxable","19":"purchasable","20":"product-type-simple"},"acf":[],"yoast_head":"<!-- This site is optimized with the Yoast SEO Premium plugin v18.3 (Yoast SEO v27.4) - https:\/\/yoast.com\/product\/yoast-seo-premium-wordpress\/ -->\n<title>L&#039;Elmer i el conte de bona nit &#8212; Som Llavors<\/title>\n<meta name=\"description\" content=\"La nova aventura per abans d&#039;anar-se&#039;n a dormir de l&#039;Elmer, l&#039;elefant de colors preferit de les fam\u00edlies.  &nbsp;\" \/>\n<meta name=\"robots\" content=\"index, follow, max-snippet:-1, max-image-preview:large, max-video-preview:-1\" \/>\n<link rel=\"canonical\" href=\"https:\/\/somllavors.com\/es\/producte\/lelmer-i-el-conte-de-bona-nit\" \/>\n<meta property=\"og:locale\" content=\"es_ES\" \/>\n<meta property=\"og:type\" content=\"article\" \/>\n<meta property=\"og:title\" content=\"L&#039;Elmer i el conte de bona nit\" \/>\n<meta property=\"og:description\" content=\"La teva botiga d\u2019ecocrian\u00e7a i espai d\u2019acompanyament a la maternitat\" \/>\n<meta property=\"og:url\" content=\"https:\/\/somllavors.com\/es\/producte\/lelmer-i-el-conte-de-bona-nit\" \/>\n<meta property=\"og:site_name\" content=\"Som Llavors\" \/>\n<meta property=\"article:publisher\" content=\"https:\/\/www.facebook.com\/somllavorsvng\/?locale=ca_ES\" \/>\n<meta property=\"article:modified_time\" content=\"2023-12-23T18:31:56+00:00\" \/>\n<meta property=\"og:image\" content=\"https:\/\/somllavors.com\/wp-content\/uploads\/LElmer-i-el-conte-de-bona-nit-David-Mckee.jpeg\" \/>\n\t<meta property=\"og:image:width\" content=\"552\" \/>\n\t<meta property=\"og:image:height\" content=\"642\" \/>\n\t<meta property=\"og:image:type\" content=\"image\/jpeg\" \/>\n<meta name=\"twitter:card\" content=\"summary_large_image\" \/>\n<meta name=\"twitter:label1\" content=\"Precio\" \/>\n\t<meta name=\"twitter:data1\" content=\"11,95&euro; Iva incl\u00f2s\" \/>\n\t<meta name=\"twitter:label2\" content=\"Availability\" \/>\n\t<meta name=\"twitter:data2\" content=\"Out of stock\" \/>\n<script type=\"application\/ld+json\" class=\"yoast-schema-graph\">{\"@context\":\"https:\\\/\\\/schema.org\",\"@graph\":[{\"@type\":\"WebPage\",\"@id\":\"https:\\\/\\\/somllavors.com\\\/es\\\/producte\\\/lelmer-i-el-conte-de-bona-nit\",\"url\":\"https:\\\/\\\/somllavors.com\\\/es\\\/producte\\\/lelmer-i-el-conte-de-bona-nit\",\"name\":\"L'Elmer i el conte de bona nit &#8212; Som Llavors\",\"isPartOf\":{\"@id\":\"https:\\\/\\\/somllavors.com\\\/es#website\"},\"primaryImageOfPage\":{\"@id\":\"https:\\\/\\\/somllavors.com\\\/es\\\/producte\\\/lelmer-i-el-conte-de-bona-nit#primaryimage\"},\"image\":{\"@id\":\"https:\\\/\\\/somllavors.com\\\/es\\\/producte\\\/lelmer-i-el-conte-de-bona-nit#primaryimage\"},\"thumbnailUrl\":\"https:\\\/\\\/somllavors.com\\\/wp-content\\\/uploads\\\/LElmer-i-el-conte-de-bona-nit-David-Mckee.jpeg\",\"datePublished\":\"2022-03-25T17:20:06+00:00\",\"dateModified\":\"2023-12-23T18:31:56+00:00\",\"description\":\"La nova aventura per abans d'anar-se'n a dormir de l'Elmer, l'elefant de colors preferit de les fam\u00edlies. &nbsp;\",\"breadcrumb\":{\"@id\":\"https:\\\/\\\/somllavors.com\\\/es\\\/producte\\\/lelmer-i-el-conte-de-bona-nit#breadcrumb\"},\"inLanguage\":\"es\",\"potentialAction\":[{\"@type\":\"ReadAction\",\"target\":[\"https:\\\/\\\/somllavors.com\\\/es\\\/producte\\\/lelmer-i-el-conte-de-bona-nit\"]}]},{\"@type\":\"ImageObject\",\"inLanguage\":\"es\",\"@id\":\"https:\\\/\\\/somllavors.com\\\/es\\\/producte\\\/lelmer-i-el-conte-de-bona-nit#primaryimage\",\"url\":\"https:\\\/\\\/somllavors.com\\\/wp-content\\\/uploads\\\/LElmer-i-el-conte-de-bona-nit-David-Mckee.jpeg\",\"contentUrl\":\"https:\\\/\\\/somllavors.com\\\/wp-content\\\/uploads\\\/LElmer-i-el-conte-de-bona-nit-David-Mckee.jpeg\",\"width\":552,\"height\":642,\"caption\":\"La nova aventura per abans d'anar-se'n a dormir de l'Elmer, l'elefant de colors preferit de pares i nens. \u00c9s l'hora d'anar-se'n a dormir i l'Elmer est\u00e0 cuidant dos elefants petits, l#Estel i en Mel. Com aconseguir\u00e0 que s'adormin? \\\"Podrien anar a fer un tomb\\\", pensa l'Elmer. Pero tots els amics que es troben per la selva pensen que el que ha de fer l'Elmer es explicar-los un conte de bona nit. Cadasc\u00fa en te un de preferit. Quin es el teu? La col\u00b7lecci\u00f3 d'\u00e0lbums il\u00b7lustrats de l'Elmer est\u00e0 pensada perque els mes menuts s'inicin en la lectura d'una manera divertida, alhora que treballen valors com ara l'amistat, el treball en equip, la superaci\u00f3, la toler\u00e0ncia i la generositat.\"},{\"@type\":\"BreadcrumbList\",\"@id\":\"https:\\\/\\\/somllavors.com\\\/es\\\/producte\\\/lelmer-i-el-conte-de-bona-nit#breadcrumb\",\"itemListElement\":[{\"@type\":\"ListItem\",\"position\":1,\"name\":\"Inici\",\"item\":\"https:\\\/\\\/somllavors.com\\\/es\"},{\"@type\":\"ListItem\",\"position\":2,\"name\":\"Tienda\",\"item\":\"https:\\\/\\\/somllavors.com\\\/es\\\/botiga-2\"},{\"@type\":\"ListItem\",\"position\":3,\"name\":\"L&#8217;Elmer i el conte de bona nit\"}]},{\"@type\":\"WebSite\",\"@id\":\"https:\\\/\\\/somllavors.com\\\/es#website\",\"url\":\"https:\\\/\\\/somllavors.com\\\/es\",\"name\":\"Som Llavors\",\"description\":\"Botiga de crian\u00e7a natural\",\"publisher\":{\"@id\":\"https:\\\/\\\/somllavors.com\\\/es#organization\"},\"alternateName\":\"Crian\u00e7a Natural i Sostenible\",\"potentialAction\":[{\"@type\":\"SearchAction\",\"target\":{\"@type\":\"EntryPoint\",\"urlTemplate\":\"https:\\\/\\\/somllavors.com\\\/es?s={search_term_string}\"},\"query-input\":{\"@type\":\"PropertyValueSpecification\",\"valueRequired\":true,\"valueName\":\"search_term_string\"}}],\"inLanguage\":\"es\"},{\"@type\":[\"Organization\",\"Place\",\"Store\"],\"@id\":\"https:\\\/\\\/somllavors.com\\\/es#organization\",\"name\":\"Som Llavors\",\"alternateName\":\"Crian\u00e7a Natural i Sostenible\",\"url\":\"https:\\\/\\\/somllavors.com\\\/es\",\"logo\":{\"@id\":\"https:\\\/\\\/somllavors.com\\\/es\\\/producte\\\/lelmer-i-el-conte-de-bona-nit#local-main-organization-logo\"},\"image\":{\"@id\":\"https:\\\/\\\/somllavors.com\\\/es\\\/producte\\\/lelmer-i-el-conte-de-bona-nit#local-main-organization-logo\"},\"sameAs\":[\"https:\\\/\\\/www.facebook.com\\\/somllavorsvng\\\/?locale=ca_ES\",\"https:\\\/\\\/www.instagram.com\\\/somllavors_vng\\\/\",\"https:\\\/\\\/www.youtube.com\\\/@somllavors\"],\"address\":{\"@id\":\"https:\\\/\\\/somllavors.com\\\/es\\\/producte\\\/lelmer-i-el-conte-de-bona-nit#local-main-place-address\"},\"geo\":{\"@type\":\"GeoCoordinates\",\"latitude\":\"41.2257737\",\"longitude\":\"1.723258859\"},\"telephone\":[\"623152704\"],\"openingHoursSpecification\":[{\"@type\":\"OpeningHoursSpecification\",\"dayOfWeek\":[\"Monday\",\"Sunday\"],\"opens\":\"00:00\",\"closes\":\"00:00\"},{\"@type\":\"OpeningHoursSpecification\",\"dayOfWeek\":[\"Tuesday\",\"Wednesday\",\"Thursday\",\"Friday\"],\"opens\":\"10:00\",\"closes\":\"20:00\"},{\"@type\":\"OpeningHoursSpecification\",\"dayOfWeek\":[\"Saturday\"],\"opens\":\"10:00\",\"closes\":\"13:30\"}],\"email\":\"info@somllavors.com\"},{\"@type\":\"PostalAddress\",\"@id\":\"https:\\\/\\\/somllavors.com\\\/es\\\/producte\\\/lelmer-i-el-conte-de-bona-nit#local-main-place-address\",\"streetAddress\":\"Carrer de l'aigua, 6\",\"addressLocality\":\"Vilanova i la Geltr\u00fa\",\"postalCode\":\"08800\",\"addressRegion\":\"Barcelona\",\"addressCountry\":\"ES\"},{\"@type\":\"ImageObject\",\"inLanguage\":\"es\",\"@id\":\"https:\\\/\\\/somllavors.com\\\/es\\\/producte\\\/lelmer-i-el-conte-de-bona-nit#local-main-organization-logo\",\"url\":\"https:\\\/\\\/somllavors.com\\\/wp-content\\\/uploads\\\/Logotip-Som-Llavors.jpg\",\"contentUrl\":\"https:\\\/\\\/somllavors.com\\\/wp-content\\\/uploads\\\/Logotip-Som-Llavors.jpg\",\"width\":1444,\"height\":1323,\"caption\":\"Som Llavors\"}]}<\/script>\n<meta property=\"product:price:amount\" content=\"11.95\" \/>\n<meta property=\"product:price:currency\" content=\"EUR\" \/>\n<meta property=\"og:availability\" content=\"out of stock\" \/>\n<meta property=\"product:availability\" content=\"out of stock\" \/>\n<meta property=\"product:retailer_item_id\" content=\"9788448859596\" \/>\n<meta property=\"product:condition\" content=\"new\" \/>\n<meta name=\"geo.placename\" content=\"Vilanova i la Geltr\u00fa\" \/>\n<meta name=\"geo.position\" content=\"41.2257737;1.723258859\" \/>\n<meta name=\"geo.region\" content=\"Espa\u00f1a\" \/>\n<!-- \/ Yoast SEO Premium plugin. -->","yoast_head_json":{"title":"L'Elmer i el conte de bona nit &#8212; Som Llavors","description":"La nova aventura per abans d'anar-se'n a dormir de l'Elmer, l'elefant de colors preferit de les fam\u00edlies.  &nbsp;","robots":{"index":"index","follow":"follow","max-snippet":"max-snippet:-1","max-image-preview":"max-image-preview:large","max-video-preview":"max-video-preview:-1"},"canonical":"https:\/\/somllavors.com\/es\/producte\/lelmer-i-el-conte-de-bona-nit","og_locale":"es_ES","og_type":"article","og_title":"L'Elmer i el conte de bona nit","og_description":"La teva botiga d\u2019ecocrian\u00e7a i espai d\u2019acompanyament a la maternitat","og_url":"https:\/\/somllavors.com\/es\/producte\/lelmer-i-el-conte-de-bona-nit","og_site_name":"Som Llavors","article_publisher":"https:\/\/www.facebook.com\/somllavorsvng\/?locale=ca_ES","article_modified_time":"2023-12-23T18:31:56+00:00","og_image":[{"width":552,"height":642,"url":"https:\/\/somllavors.com\/wp-content\/uploads\/LElmer-i-el-conte-de-bona-nit-David-Mckee.jpeg","type":"image\/jpeg"}],"twitter_card":"summary_large_image","twitter_misc":{"Precio":"11,95&euro; Iva incl\u00f2s","Availability":"Out of stock"},"schema":{"@context":"https:\/\/schema.org","@graph":[{"@type":"WebPage","@id":"https:\/\/somllavors.com\/es\/producte\/lelmer-i-el-conte-de-bona-nit","url":"https:\/\/somllavors.com\/es\/producte\/lelmer-i-el-conte-de-bona-nit","name":"L'Elmer i el conte de bona nit &#8212; Som Llavors","isPartOf":{"@id":"https:\/\/somllavors.com\/es#website"},"primaryImageOfPage":{"@id":"https:\/\/somllavors.com\/es\/producte\/lelmer-i-el-conte-de-bona-nit#primaryimage"},"image":{"@id":"https:\/\/somllavors.com\/es\/producte\/lelmer-i-el-conte-de-bona-nit#primaryimage"},"thumbnailUrl":"https:\/\/somllavors.com\/wp-content\/uploads\/LElmer-i-el-conte-de-bona-nit-David-Mckee.jpeg","datePublished":"2022-03-25T17:20:06+00:00","dateModified":"2023-12-23T18:31:56+00:00","description":"La nova aventura per abans d'anar-se'n a dormir de l'Elmer, l'elefant de colors preferit de les fam\u00edlies. &nbsp;","breadcrumb":{"@id":"https:\/\/somllavors.com\/es\/producte\/lelmer-i-el-conte-de-bona-nit#breadcrumb"},"inLanguage":"es","potentialAction":[{"@type":"ReadAction","target":["https:\/\/somllavors.com\/es\/producte\/lelmer-i-el-conte-de-bona-nit"]}]},{"@type":"ImageObject","inLanguage":"es","@id":"https:\/\/somllavors.com\/es\/producte\/lelmer-i-el-conte-de-bona-nit#primaryimage","url":"https:\/\/somllavors.com\/wp-content\/uploads\/LElmer-i-el-conte-de-bona-nit-David-Mckee.jpeg","contentUrl":"https:\/\/somllavors.com\/wp-content\/uploads\/LElmer-i-el-conte-de-bona-nit-David-Mckee.jpeg","width":552,"height":642,"caption":"La nova aventura per abans d'anar-se'n a dormir de l'Elmer, l'elefant de colors preferit de pares i nens. \u00c9s l'hora d'anar-se'n a dormir i l'Elmer est\u00e0 cuidant dos elefants petits, l#Estel i en Mel. Com aconseguir\u00e0 que s'adormin? \"Podrien anar a fer un tomb\", pensa l'Elmer. Pero tots els amics que es troben per la selva pensen que el que ha de fer l'Elmer es explicar-los un conte de bona nit. Cadasc\u00fa en te un de preferit. Quin es el teu? La col\u00b7lecci\u00f3 d'\u00e0lbums il\u00b7lustrats de l'Elmer est\u00e0 pensada perque els mes menuts s'inicin en la lectura d'una manera divertida, alhora que treballen valors com ara l'amistat, el treball en equip, la superaci\u00f3, la toler\u00e0ncia i la generositat."},{"@type":"BreadcrumbList","@id":"https:\/\/somllavors.com\/es\/producte\/lelmer-i-el-conte-de-bona-nit#breadcrumb","itemListElement":[{"@type":"ListItem","position":1,"name":"Inici","item":"https:\/\/somllavors.com\/es"},{"@type":"ListItem","position":2,"name":"Tienda","item":"https:\/\/somllavors.com\/es\/botiga-2"},{"@type":"ListItem","position":3,"name":"L&#8217;Elmer i el conte de bona nit"}]},{"@type":"WebSite","@id":"https:\/\/somllavors.com\/es#website","url":"https:\/\/somllavors.com\/es","name":"Som Llavors","description":"Botiga de crian\u00e7a natural","publisher":{"@id":"https:\/\/somllavors.com\/es#organization"},"alternateName":"Crian\u00e7a Natural i Sostenible","potentialAction":[{"@type":"SearchAction","target":{"@type":"EntryPoint","urlTemplate":"https:\/\/somllavors.com\/es?s={search_term_string}"},"query-input":{"@type":"PropertyValueSpecification","valueRequired":true,"valueName":"search_term_string"}}],"inLanguage":"es"},{"@type":["Organization","Place","Store"],"@id":"https:\/\/somllavors.com\/es#organization","name":"Som Llavors","alternateName":"Crian\u00e7a Natural i Sostenible","url":"https:\/\/somllavors.com\/es","logo":{"@id":"https:\/\/somllavors.com\/es\/producte\/lelmer-i-el-conte-de-bona-nit#local-main-organization-logo"},"image":{"@id":"https:\/\/somllavors.com\/es\/producte\/lelmer-i-el-conte-de-bona-nit#local-main-organization-logo"},"sameAs":["https:\/\/www.facebook.com\/somllavorsvng\/?locale=ca_ES","https:\/\/www.instagram.com\/somllavors_vng\/","https:\/\/www.youtube.com\/@somllavors"],"address":{"@id":"https:\/\/somllavors.com\/es\/producte\/lelmer-i-el-conte-de-bona-nit#local-main-place-address"},"geo":{"@type":"GeoCoordinates","latitude":"41.2257737","longitude":"1.723258859"},"telephone":["623152704","623152704"],"openingHoursSpecification":[{"@type":"OpeningHoursSpecification","dayOfWeek":["Monday","Sunday"],"opens":"00:00","closes":"00:00"},{"@type":"OpeningHoursSpecification","dayOfWeek":["Tuesday","Wednesday","Thursday","Friday"],"opens":"10:00","closes":"20:00"},{"@type":"OpeningHoursSpecification","dayOfWeek":["Saturday"],"opens":"10:00","closes":"13:30"}],"email":"info@somllavors.com"},{"@type":"PostalAddress","@id":"https:\/\/somllavors.com\/es\/producte\/lelmer-i-el-conte-de-bona-nit#local-main-place-address","streetAddress":"Carrer de l'aigua, 6","addressLocality":"Vilanova i la Geltr\u00fa","postalCode":"08800","addressRegion":"Barcelona","addressCountry":"ES"},{"@type":"ImageObject","inLanguage":"es","@id":"https:\/\/somllavors.com\/es\/producte\/lelmer-i-el-conte-de-bona-nit#local-main-organization-logo","url":"https:\/\/somllavors.com\/wp-content\/uploads\/Logotip-Som-Llavors.jpg","contentUrl":"https:\/\/somllavors.com\/wp-content\/uploads\/Logotip-Som-Llavors.jpg","width":1444,"height":1323,"caption":"Som Llavors"}]},"product_price_amount":"11.95","product_price_currency":"EUR","og_availability":"out of stock","product_availability":"out of stock","product_retailer_item_id":"9788448859596","product_condition":"new","geo.placename":"Vilanova i la Geltr\u00fa","geo.position":{"lat":"41.2257737","long":"1.723258859"},"geo.region":"Espa\u00f1a"},"brands":[],"_links":{"self":[{"href":"https:\/\/somllavors.com\/es\/wp-json\/wp\/v2\/product\/17248","targetHints":{"allow":["GET"]}}],"collection":[{"href":"https:\/\/somllavors.com\/es\/wp-json\/wp\/v2\/product"}],"about":[{"href":"https:\/\/somllavors.com\/es\/wp-json\/wp\/v2\/types\/product"}],"wp:featuredmedia":[{"embeddable":true,"href":"https:\/\/somllavors.com\/es\/wp-json\/wp\/v2\/media\/18423"}],"wp:attachment":[{"href":"https:\/\/somllavors.com\/es\/wp-json\/wp\/v2\/media?parent=17248"}],"wp:term":[{"taxonomy":"pwb-brand","embeddable":true,"href":"https:\/\/somllavors.com\/es\/wp-json\/wp\/v2\/pwb-brand?post=17248"},{"taxonomy":"product_brand","embeddable":true,"href":"https:\/\/somllavors.com\/es\/wp-json\/wp\/v2\/product_brand?post=17248"},{"taxonomy":"product_cat","embeddable":true,"href":"https:\/\/somllavors.com\/es\/wp-json\/wp\/v2\/product_cat?post=17248"},{"taxonomy":"product_tag","embeddable":true,"href":"https:\/\/somllavors.com\/es\/wp-json\/wp\/v2\/product_tag?post=17248"}],"curies":[{"name":"wp","href":"https:\/\/api.w.org\/{rel}","templated":true}]}}