{"id":17446,"date":"2022-04-05T17:52:29","date_gmt":"2022-04-05T15:52:29","guid":{"rendered":"https:\/\/somllavors.com\/?post_type=product&#038;p=17446"},"modified":"2023-06-18T21:54:01","modified_gmt":"2023-06-18T19:54:01","slug":"motxilla-de-porteig-fidella-fusion-2-0-leopard-silver","status":"publish","type":"product","link":"https:\/\/somllavors.com\/es\/producte\/motxilla-de-porteig-fidella-fusion-2-0-leopard-silver","title":{"rendered":"Motxilla Fidella Fusion Toddler Leopard Silver"},"content":{"rendered":"<ul>\n<li>La seva col\u00b7locaci\u00f3 \u00e9s molt senzilla i pots traginar en dues posicions de porteig: Al davant i a l\u2019esquena. \u00c9s talla \u00fanica per la qual cosa \u00e9s v\u00e0lida per a la majoria dels adults, des de la XS fins a la XXL.<\/li>\n<li>Compta amb teixits encoixinats a la zona de les sofrages del nad\u00f3, tirants molt refor\u00e7ats que permeten creuar-los a l&#8217;esquena, caputxa per sostenir el cap de l&#8217;infant quan s&#8217;adorm i doble tancament de seguretat que impedeix que la motxilla pugui descordar accidentalment.<\/li>\n<li>A m\u00e9s, inclou dues peces encoixinades del mateix teixit i estampat, que van col\u00b7locades al cintur\u00f3 per perllongar el encoixinat a la zona lumbar per persones m\u00e9s amples, o es poden col\u00b7locar com a prolongaci\u00f3 dels tirants per a m\u00e9s comoditat en persones altes.<\/li>\n<li>Ideal per l&#8217;estiu ja que la composici\u00f3 del seu teixit permet que sigui transpirable.<\/li>\n<li>Aquest model est\u00e0 fabricat en 59% cot\u00f3 org\u00e0nic, 37% viscosa de bamb\u00fa i 4% de seda.<\/li>\n<li>Edat Recomanada: Des dels 3 mesos (74cm aprox.) Fins a 3 o 4 anys (98cm aprox.).<\/li>\n<li>Pes: des de 5 kg fins als 30 kg.<\/li>\n<li>Compleix amb la normativa europea de seguretat ASTM F2236-16a (US).<\/li>\n<li>Rentat: programa delicat i a baixa temperatura.<\/li>\n<\/ul>\n","protected":false},"excerpt":{"rendered":"<p>La Fidella fusion 2.0 \u00e9s un portanadons ergon\u00f2mic i evolutiu molt senzill d&#8217;utilitzar i a la vegada, molt vers\u00e0til. S&#8217;adapta molt b\u00e9 a l&#8217;ergonomia del nad\u00f3 gr\u00e0cies al seu teixit de tela de fulard i al sistema d&#8217;ajustament del seu panell, podent-se regular els 4 costats, tant d&#8217;amplitud com d&#8217;al\u00e7ada.<\/p>\n","protected":false},"featured_media":18438,"template":"","meta":{"_acf_changed":false,"site-sidebar-layout":"default","site-content-layout":"default","ast-site-content-layout":"default","site-content-style":"default","site-sidebar-style":"default","ast-global-header-display":"","ast-banner-title-visibility":"","ast-main-header-display":"","ast-hfb-above-header-display":"","ast-hfb-below-header-display":"","ast-hfb-mobile-header-display":"","site-post-title":"","ast-breadcrumbs-content":"","ast-featured-img":"","footer-sml-layout":"","ast-disable-related-posts":"","theme-transparent-header-meta":"default","adv-header-id-meta":"","stick-header-meta":"","header-above-stick-meta":"","header-main-stick-meta":"","header-below-stick-meta":"","astra-migrate-meta-layouts":"default","ast-page-background-enabled":"default","ast-page-background-meta":{"desktop":{"background-color":"","background-image":"","background-repeat":"repeat","background-position":"center center","background-size":"auto","background-attachment":"scroll","background-type":"","background-media":"","overlay-type":"","overlay-color":"","overlay-opacity":"","overlay-gradient":""},"tablet":{"background-color":"","background-image":"","background-repeat":"repeat","background-position":"center center","background-size":"auto","background-attachment":"scroll","background-type":"","background-media":"","overlay-type":"","overlay-color":"","overlay-opacity":"","overlay-gradient":""},"mobile":{"background-color":"","background-image":"","background-repeat":"repeat","background-position":"center center","background-size":"auto","background-attachment":"scroll","background-type":"","background-media":"","overlay-type":"","overlay-color":"","overlay-opacity":"","overlay-gradient":""}},"ast-content-background-meta":{"desktop":{"background-color":"var(--ast-global-color-5)","background-image":"","background-repeat":"repeat","background-position":"center center","background-size":"auto","background-attachment":"scroll","background-type":"","background-media":"","overlay-type":"","overlay-color":"","overlay-opacity":"","overlay-gradient":""},"tablet":{"background-color":"var(--ast-global-color-5)","background-image":"","background-repeat":"repeat","background-position":"center center","background-size":"auto","background-attachment":"scroll","background-type":"","background-media":"","overlay-type":"","overlay-color":"","overlay-opacity":"","overlay-gradient":""},"mobile":{"background-color":"var(--ast-global-color-5)","background-image":"","background-repeat":"repeat","background-position":"center center","background-size":"auto","background-attachment":"scroll","background-type":"","background-media":"","overlay-type":"","overlay-color":"","overlay-opacity":"","overlay-gradient":""}}},"pwb-brand":[4120],"product_brand":[],"product_cat":[77],"product_tag":[],"class_list":{"0":"post-17446","1":"product","2":"type-product","3":"status-publish","4":"has-post-thumbnail","6":"pwb-brand-fidella","7":"product_cat-motxilles-ergonomiques","8":"desktop-align-left","9":"tablet-align-left","10":"mobile-align-left","12":"first","13":"outofstock","14":"taxable","15":"shipping-taxable","16":"purchasable","17":"product-type-simple"},"acf":[],"yoast_head":"<!-- This site is optimized with the Yoast SEO Premium plugin v18.3 (Yoast SEO v27.4) - https:\/\/yoast.com\/product\/yoast-seo-premium-wordpress\/ -->\n<title>Motxilla Fidella Fusion Toddler Leopard Silver &#8212; Som Llavors<\/title>\n<meta name=\"description\" content=\"La Fidella fusion 2.0 \u00e9s un portanadons ergon\u00f2mic i evolutiu molt senzill d&#039;utilitzar i a la vegada, molt vers\u00e0til. S&#039;adapta molt b\u00e9 a l&#039;ergonomia del nad\u00f3 gr\u00e0cies al seu teixit de tela de fulard i al sistema d&#039;ajustament del seu panell, podent-se regular els 4 costats, tant d&#039;amplitud com d&#039;al\u00e7ada.\" \/>\n<meta name=\"robots\" content=\"index, follow, max-snippet:-1, max-image-preview:large, max-video-preview:-1\" \/>\n<link rel=\"canonical\" href=\"https:\/\/somllavors.com\/es\/producte\/motxilla-de-porteig-fidella-fusion-2-0-leopard-silver\" \/>\n<meta property=\"og:locale\" content=\"es_ES\" \/>\n<meta property=\"og:type\" content=\"article\" \/>\n<meta property=\"og:title\" content=\"Motxilla Fidella Fusion Toddler Leopard Silver\" \/>\n<meta property=\"og:description\" content=\"La teva botiga d\u2019ecocrian\u00e7a i espai d\u2019acompanyament a la maternitat\" \/>\n<meta property=\"og:url\" content=\"https:\/\/somllavors.com\/es\/producte\/motxilla-de-porteig-fidella-fusion-2-0-leopard-silver\" \/>\n<meta property=\"og:site_name\" content=\"Som Llavors\" \/>\n<meta property=\"article:publisher\" content=\"https:\/\/www.facebook.com\/somllavorsvng\/?locale=ca_ES\" \/>\n<meta property=\"article:modified_time\" content=\"2023-06-18T19:54:01+00:00\" \/>\n<meta property=\"og:image\" content=\"https:\/\/somllavors.com\/wp-content\/uploads\/mochila-portabebes-fidella-fusion-2-leopard-silver.jpeg\" \/>\n\t<meta property=\"og:image:width\" content=\"1100\" \/>\n\t<meta property=\"og:image:height\" content=\"1422\" \/>\n\t<meta property=\"og:image:type\" content=\"image\/jpeg\" \/>\n<meta name=\"twitter:card\" content=\"summary_large_image\" \/>\n<meta name=\"twitter:label1\" content=\"Precio\" \/>\n\t<meta name=\"twitter:data1\" content=\"159,00&euro; Iva incl\u00f2s\" \/>\n\t<meta name=\"twitter:label2\" content=\"Availability\" \/>\n\t<meta name=\"twitter:data2\" content=\"Out of stock\" \/>\n<script type=\"application\/ld+json\" class=\"yoast-schema-graph\">{\"@context\":\"https:\\\/\\\/schema.org\",\"@graph\":[{\"@type\":\"WebPage\",\"@id\":\"https:\\\/\\\/somllavors.com\\\/es\\\/producte\\\/motxilla-de-porteig-fidella-fusion-2-0-leopard-silver\",\"url\":\"https:\\\/\\\/somllavors.com\\\/es\\\/producte\\\/motxilla-de-porteig-fidella-fusion-2-0-leopard-silver\",\"name\":\"Motxilla Fidella Fusion Toddler Leopard Silver &#8212; Som Llavors\",\"isPartOf\":{\"@id\":\"https:\\\/\\\/somllavors.com\\\/es#website\"},\"primaryImageOfPage\":{\"@id\":\"https:\\\/\\\/somllavors.com\\\/es\\\/producte\\\/motxilla-de-porteig-fidella-fusion-2-0-leopard-silver#primaryimage\"},\"image\":{\"@id\":\"https:\\\/\\\/somllavors.com\\\/es\\\/producte\\\/motxilla-de-porteig-fidella-fusion-2-0-leopard-silver#primaryimage\"},\"thumbnailUrl\":\"https:\\\/\\\/somllavors.com\\\/wp-content\\\/uploads\\\/mochila-portabebes-fidella-fusion-2-leopard-silver.jpeg\",\"datePublished\":\"2022-04-05T15:52:29+00:00\",\"dateModified\":\"2023-06-18T19:54:01+00:00\",\"description\":\"La Fidella fusion 2.0 \u00e9s un portanadons ergon\u00f2mic i evolutiu molt senzill d'utilitzar i a la vegada, molt vers\u00e0til. S'adapta molt b\u00e9 a l'ergonomia del nad\u00f3 gr\u00e0cies al seu teixit de tela de fulard i al sistema d'ajustament del seu panell, podent-se regular els 4 costats, tant d'amplitud com d'al\u00e7ada.\",\"breadcrumb\":{\"@id\":\"https:\\\/\\\/somllavors.com\\\/es\\\/producte\\\/motxilla-de-porteig-fidella-fusion-2-0-leopard-silver#breadcrumb\"},\"inLanguage\":\"es\",\"potentialAction\":[{\"@type\":\"ReadAction\",\"target\":[\"https:\\\/\\\/somllavors.com\\\/es\\\/producte\\\/motxilla-de-porteig-fidella-fusion-2-0-leopard-silver\"]}]},{\"@type\":\"ImageObject\",\"inLanguage\":\"es\",\"@id\":\"https:\\\/\\\/somllavors.com\\\/es\\\/producte\\\/motxilla-de-porteig-fidella-fusion-2-0-leopard-silver#primaryimage\",\"url\":\"https:\\\/\\\/somllavors.com\\\/wp-content\\\/uploads\\\/mochila-portabebes-fidella-fusion-2-leopard-silver.jpeg\",\"contentUrl\":\"https:\\\/\\\/somllavors.com\\\/wp-content\\\/uploads\\\/mochila-portabebes-fidella-fusion-2-leopard-silver.jpeg\",\"width\":1100,\"height\":1422,\"caption\":\"La Fidella Fusion 2.0 es una mochila portabeb\u00e9s ergon\u00f3mica y evolutiva que se adapta al beb\u00e9 gracias al tejido de fular y el sistema de ajuste del panel (regulando los 4 lados en ancho y alto). Caracter\u00edsticas de la Fidella Fusi\u00f3n 2.0: Desde los 3 meses de vida aproximadamente (74 cm) hasta 3 o 4 a\u00f1os (98 cm). - Peso m\u00e1ximo 30 kilos. - Muy vers\u00e1til ya que se adapta a bebes peque\u00f1os y a ni\u00f1os. - F\u00e1cil colocaci\u00f3n. - Fabricada en tejido de fular de algod\u00f3n org\u00e1nico 59%, 37 % viscosa y 4 % seda, muy suave y adaptable y mucho m\u00e1s transpirable. - Tirantes muy reforzados. Permite cruzarlos en la espalda. - Acolchados en la zona de las corvas del beb\u00e9\\\/ni\u00f1o. - Talla \u00fanica para la mayor\u00eda de los adultos. Desde la XS (T.34) hasta XXL (T.56) . - Posiciones: delante, espalda y cadera. - Incluye capucha para sostener la cabeza del beb\u00e9 cuando se duerme. - Lavado: programa delicado y a baja temperatura. - Cumple con la normativa europea de seguridad ASTM F2236-16a (US) - Incluye dos piezas acolchadas del mismo tejido, que vienen colocadas en el cintur\u00f3n para prolongar el acolchado. Tambi\u00e9n se pueden colocar como prolongaci\u00f3n de los tirantes, para mayor comodidad en personas altas o de complexi\u00f3n grande. - Doble cierre de seguridad que impide que la mochila pueda desabrocharse accidentalmente. Si quieres saber m\u00e1s, visita en nuestro blog: Todo sobre las Mochilas Fidella Fusion Tabla de medidas de las mochilas Fidella:\"},{\"@type\":\"BreadcrumbList\",\"@id\":\"https:\\\/\\\/somllavors.com\\\/es\\\/producte\\\/motxilla-de-porteig-fidella-fusion-2-0-leopard-silver#breadcrumb\",\"itemListElement\":[{\"@type\":\"ListItem\",\"position\":1,\"name\":\"Inici\",\"item\":\"https:\\\/\\\/somllavors.com\\\/es\"},{\"@type\":\"ListItem\",\"position\":2,\"name\":\"Tienda\",\"item\":\"https:\\\/\\\/somllavors.com\\\/es\\\/botiga-2\"},{\"@type\":\"ListItem\",\"position\":3,\"name\":\"Motxilla Fidella Fusion Toddler Leopard Silver\"}]},{\"@type\":\"WebSite\",\"@id\":\"https:\\\/\\\/somllavors.com\\\/es#website\",\"url\":\"https:\\\/\\\/somllavors.com\\\/es\",\"name\":\"Som Llavors\",\"description\":\"Botiga de crian\u00e7a natural\",\"publisher\":{\"@id\":\"https:\\\/\\\/somllavors.com\\\/es#organization\"},\"alternateName\":\"Crian\u00e7a Natural i Sostenible\",\"potentialAction\":[{\"@type\":\"SearchAction\",\"target\":{\"@type\":\"EntryPoint\",\"urlTemplate\":\"https:\\\/\\\/somllavors.com\\\/es?s={search_term_string}\"},\"query-input\":{\"@type\":\"PropertyValueSpecification\",\"valueRequired\":true,\"valueName\":\"search_term_string\"}}],\"inLanguage\":\"es\"},{\"@type\":[\"Organization\",\"Place\",\"Store\"],\"@id\":\"https:\\\/\\\/somllavors.com\\\/es#organization\",\"name\":\"Som Llavors\",\"alternateName\":\"Crian\u00e7a Natural i Sostenible\",\"url\":\"https:\\\/\\\/somllavors.com\\\/es\",\"logo\":{\"@id\":\"https:\\\/\\\/somllavors.com\\\/es\\\/producte\\\/motxilla-de-porteig-fidella-fusion-2-0-leopard-silver#local-main-organization-logo\"},\"image\":{\"@id\":\"https:\\\/\\\/somllavors.com\\\/es\\\/producte\\\/motxilla-de-porteig-fidella-fusion-2-0-leopard-silver#local-main-organization-logo\"},\"sameAs\":[\"https:\\\/\\\/www.facebook.com\\\/somllavorsvng\\\/?locale=ca_ES\",\"https:\\\/\\\/www.instagram.com\\\/somllavors_vng\\\/\",\"https:\\\/\\\/www.youtube.com\\\/@somllavors\"],\"address\":{\"@id\":\"https:\\\/\\\/somllavors.com\\\/es\\\/producte\\\/motxilla-de-porteig-fidella-fusion-2-0-leopard-silver#local-main-place-address\"},\"geo\":{\"@type\":\"GeoCoordinates\",\"latitude\":\"41.2257737\",\"longitude\":\"1.723258859\"},\"telephone\":[\"623152704\"],\"openingHoursSpecification\":[{\"@type\":\"OpeningHoursSpecification\",\"dayOfWeek\":[\"Monday\",\"Sunday\"],\"opens\":\"00:00\",\"closes\":\"00:00\"},{\"@type\":\"OpeningHoursSpecification\",\"dayOfWeek\":[\"Tuesday\",\"Wednesday\",\"Thursday\",\"Friday\"],\"opens\":\"10:00\",\"closes\":\"20:00\"},{\"@type\":\"OpeningHoursSpecification\",\"dayOfWeek\":[\"Saturday\"],\"opens\":\"10:00\",\"closes\":\"13:30\"}],\"email\":\"info@somllavors.com\"},{\"@type\":\"PostalAddress\",\"@id\":\"https:\\\/\\\/somllavors.com\\\/es\\\/producte\\\/motxilla-de-porteig-fidella-fusion-2-0-leopard-silver#local-main-place-address\",\"streetAddress\":\"Carrer de l'aigua, 6\",\"addressLocality\":\"Vilanova i la Geltr\u00fa\",\"postalCode\":\"08800\",\"addressRegion\":\"Barcelona\",\"addressCountry\":\"ES\"},{\"@type\":\"ImageObject\",\"inLanguage\":\"es\",\"@id\":\"https:\\\/\\\/somllavors.com\\\/es\\\/producte\\\/motxilla-de-porteig-fidella-fusion-2-0-leopard-silver#local-main-organization-logo\",\"url\":\"https:\\\/\\\/somllavors.com\\\/wp-content\\\/uploads\\\/Logotip-Som-Llavors.jpg\",\"contentUrl\":\"https:\\\/\\\/somllavors.com\\\/wp-content\\\/uploads\\\/Logotip-Som-Llavors.jpg\",\"width\":1444,\"height\":1323,\"caption\":\"Som Llavors\"}]}<\/script>\n<meta property=\"product:price:amount\" content=\"159.00\" \/>\n<meta property=\"product:price:currency\" content=\"EUR\" \/>\n<meta property=\"og:availability\" content=\"out of stock\" \/>\n<meta property=\"product:availability\" content=\"out of stock\" \/>\n<meta property=\"product:retailer_item_id\" content=\"Fid-FU-V2-2163\" \/>\n<meta property=\"product:condition\" content=\"new\" \/>\n<meta name=\"geo.placename\" content=\"Vilanova i la Geltr\u00fa\" \/>\n<meta name=\"geo.position\" content=\"41.2257737;1.723258859\" \/>\n<meta name=\"geo.region\" content=\"Espa\u00f1a\" \/>\n<!-- \/ Yoast SEO Premium plugin. -->","yoast_head_json":{"title":"Motxilla Fidella Fusion Toddler Leopard Silver &#8212; Som Llavors","description":"La Fidella fusion 2.0 \u00e9s un portanadons ergon\u00f2mic i evolutiu molt senzill d'utilitzar i a la vegada, molt vers\u00e0til. S'adapta molt b\u00e9 a l'ergonomia del nad\u00f3 gr\u00e0cies al seu teixit de tela de fulard i al sistema d'ajustament del seu panell, podent-se regular els 4 costats, tant d'amplitud com d'al\u00e7ada.","robots":{"index":"index","follow":"follow","max-snippet":"max-snippet:-1","max-image-preview":"max-image-preview:large","max-video-preview":"max-video-preview:-1"},"canonical":"https:\/\/somllavors.com\/es\/producte\/motxilla-de-porteig-fidella-fusion-2-0-leopard-silver","og_locale":"es_ES","og_type":"article","og_title":"Motxilla Fidella Fusion Toddler Leopard Silver","og_description":"La teva botiga d\u2019ecocrian\u00e7a i espai d\u2019acompanyament a la maternitat","og_url":"https:\/\/somllavors.com\/es\/producte\/motxilla-de-porteig-fidella-fusion-2-0-leopard-silver","og_site_name":"Som Llavors","article_publisher":"https:\/\/www.facebook.com\/somllavorsvng\/?locale=ca_ES","article_modified_time":"2023-06-18T19:54:01+00:00","og_image":[{"width":1100,"height":1422,"url":"https:\/\/somllavors.com\/wp-content\/uploads\/mochila-portabebes-fidella-fusion-2-leopard-silver.jpeg","type":"image\/jpeg"}],"twitter_card":"summary_large_image","twitter_misc":{"Precio":"159,00&euro; Iva incl\u00f2s","Availability":"Out of stock"},"schema":{"@context":"https:\/\/schema.org","@graph":[{"@type":"WebPage","@id":"https:\/\/somllavors.com\/es\/producte\/motxilla-de-porteig-fidella-fusion-2-0-leopard-silver","url":"https:\/\/somllavors.com\/es\/producte\/motxilla-de-porteig-fidella-fusion-2-0-leopard-silver","name":"Motxilla Fidella Fusion Toddler Leopard Silver &#8212; Som Llavors","isPartOf":{"@id":"https:\/\/somllavors.com\/es#website"},"primaryImageOfPage":{"@id":"https:\/\/somllavors.com\/es\/producte\/motxilla-de-porteig-fidella-fusion-2-0-leopard-silver#primaryimage"},"image":{"@id":"https:\/\/somllavors.com\/es\/producte\/motxilla-de-porteig-fidella-fusion-2-0-leopard-silver#primaryimage"},"thumbnailUrl":"https:\/\/somllavors.com\/wp-content\/uploads\/mochila-portabebes-fidella-fusion-2-leopard-silver.jpeg","datePublished":"2022-04-05T15:52:29+00:00","dateModified":"2023-06-18T19:54:01+00:00","description":"La Fidella fusion 2.0 \u00e9s un portanadons ergon\u00f2mic i evolutiu molt senzill d'utilitzar i a la vegada, molt vers\u00e0til. S'adapta molt b\u00e9 a l'ergonomia del nad\u00f3 gr\u00e0cies al seu teixit de tela de fulard i al sistema d'ajustament del seu panell, podent-se regular els 4 costats, tant d'amplitud com d'al\u00e7ada.","breadcrumb":{"@id":"https:\/\/somllavors.com\/es\/producte\/motxilla-de-porteig-fidella-fusion-2-0-leopard-silver#breadcrumb"},"inLanguage":"es","potentialAction":[{"@type":"ReadAction","target":["https:\/\/somllavors.com\/es\/producte\/motxilla-de-porteig-fidella-fusion-2-0-leopard-silver"]}]},{"@type":"ImageObject","inLanguage":"es","@id":"https:\/\/somllavors.com\/es\/producte\/motxilla-de-porteig-fidella-fusion-2-0-leopard-silver#primaryimage","url":"https:\/\/somllavors.com\/wp-content\/uploads\/mochila-portabebes-fidella-fusion-2-leopard-silver.jpeg","contentUrl":"https:\/\/somllavors.com\/wp-content\/uploads\/mochila-portabebes-fidella-fusion-2-leopard-silver.jpeg","width":1100,"height":1422,"caption":"La Fidella Fusion 2.0 es una mochila portabeb\u00e9s ergon\u00f3mica y evolutiva que se adapta al beb\u00e9 gracias al tejido de fular y el sistema de ajuste del panel (regulando los 4 lados en ancho y alto). Caracter\u00edsticas de la Fidella Fusi\u00f3n 2.0: Desde los 3 meses de vida aproximadamente (74 cm) hasta 3 o 4 a\u00f1os (98 cm). - Peso m\u00e1ximo 30 kilos. - Muy vers\u00e1til ya que se adapta a bebes peque\u00f1os y a ni\u00f1os. - F\u00e1cil colocaci\u00f3n. - Fabricada en tejido de fular de algod\u00f3n org\u00e1nico 59%, 37 % viscosa y 4 % seda, muy suave y adaptable y mucho m\u00e1s transpirable. - Tirantes muy reforzados. Permite cruzarlos en la espalda. - Acolchados en la zona de las corvas del beb\u00e9\/ni\u00f1o. - Talla \u00fanica para la mayor\u00eda de los adultos. Desde la XS (T.34) hasta XXL (T.56) . - Posiciones: delante, espalda y cadera. - Incluye capucha para sostener la cabeza del beb\u00e9 cuando se duerme. - Lavado: programa delicado y a baja temperatura. - Cumple con la normativa europea de seguridad ASTM F2236-16a (US) - Incluye dos piezas acolchadas del mismo tejido, que vienen colocadas en el cintur\u00f3n para prolongar el acolchado. Tambi\u00e9n se pueden colocar como prolongaci\u00f3n de los tirantes, para mayor comodidad en personas altas o de complexi\u00f3n grande. - Doble cierre de seguridad que impide que la mochila pueda desabrocharse accidentalmente. Si quieres saber m\u00e1s, visita en nuestro blog: Todo sobre las Mochilas Fidella Fusion Tabla de medidas de las mochilas Fidella:"},{"@type":"BreadcrumbList","@id":"https:\/\/somllavors.com\/es\/producte\/motxilla-de-porteig-fidella-fusion-2-0-leopard-silver#breadcrumb","itemListElement":[{"@type":"ListItem","position":1,"name":"Inici","item":"https:\/\/somllavors.com\/es"},{"@type":"ListItem","position":2,"name":"Tienda","item":"https:\/\/somllavors.com\/es\/botiga-2"},{"@type":"ListItem","position":3,"name":"Motxilla Fidella Fusion Toddler Leopard Silver"}]},{"@type":"WebSite","@id":"https:\/\/somllavors.com\/es#website","url":"https:\/\/somllavors.com\/es","name":"Som Llavors","description":"Botiga de crian\u00e7a natural","publisher":{"@id":"https:\/\/somllavors.com\/es#organization"},"alternateName":"Crian\u00e7a Natural i Sostenible","potentialAction":[{"@type":"SearchAction","target":{"@type":"EntryPoint","urlTemplate":"https:\/\/somllavors.com\/es?s={search_term_string}"},"query-input":{"@type":"PropertyValueSpecification","valueRequired":true,"valueName":"search_term_string"}}],"inLanguage":"es"},{"@type":["Organization","Place","Store"],"@id":"https:\/\/somllavors.com\/es#organization","name":"Som Llavors","alternateName":"Crian\u00e7a Natural i Sostenible","url":"https:\/\/somllavors.com\/es","logo":{"@id":"https:\/\/somllavors.com\/es\/producte\/motxilla-de-porteig-fidella-fusion-2-0-leopard-silver#local-main-organization-logo"},"image":{"@id":"https:\/\/somllavors.com\/es\/producte\/motxilla-de-porteig-fidella-fusion-2-0-leopard-silver#local-main-organization-logo"},"sameAs":["https:\/\/www.facebook.com\/somllavorsvng\/?locale=ca_ES","https:\/\/www.instagram.com\/somllavors_vng\/","https:\/\/www.youtube.com\/@somllavors"],"address":{"@id":"https:\/\/somllavors.com\/es\/producte\/motxilla-de-porteig-fidella-fusion-2-0-leopard-silver#local-main-place-address"},"geo":{"@type":"GeoCoordinates","latitude":"41.2257737","longitude":"1.723258859"},"telephone":["623152704","623152704"],"openingHoursSpecification":[{"@type":"OpeningHoursSpecification","dayOfWeek":["Monday","Sunday"],"opens":"00:00","closes":"00:00"},{"@type":"OpeningHoursSpecification","dayOfWeek":["Tuesday","Wednesday","Thursday","Friday"],"opens":"10:00","closes":"20:00"},{"@type":"OpeningHoursSpecification","dayOfWeek":["Saturday"],"opens":"10:00","closes":"13:30"}],"email":"info@somllavors.com"},{"@type":"PostalAddress","@id":"https:\/\/somllavors.com\/es\/producte\/motxilla-de-porteig-fidella-fusion-2-0-leopard-silver#local-main-place-address","streetAddress":"Carrer de l'aigua, 6","addressLocality":"Vilanova i la Geltr\u00fa","postalCode":"08800","addressRegion":"Barcelona","addressCountry":"ES"},{"@type":"ImageObject","inLanguage":"es","@id":"https:\/\/somllavors.com\/es\/producte\/motxilla-de-porteig-fidella-fusion-2-0-leopard-silver#local-main-organization-logo","url":"https:\/\/somllavors.com\/wp-content\/uploads\/Logotip-Som-Llavors.jpg","contentUrl":"https:\/\/somllavors.com\/wp-content\/uploads\/Logotip-Som-Llavors.jpg","width":1444,"height":1323,"caption":"Som Llavors"}]},"product_price_amount":"159.00","product_price_currency":"EUR","og_availability":"out of stock","product_availability":"out of stock","product_retailer_item_id":"Fid-FU-V2-2163","product_condition":"new","geo.placename":"Vilanova i la Geltr\u00fa","geo.position":{"lat":"41.2257737","long":"1.723258859"},"geo.region":"Espa\u00f1a"},"brands":[{"id":4120,"name":"Fidella","slug":"fidella"}],"_links":{"self":[{"href":"https:\/\/somllavors.com\/es\/wp-json\/wp\/v2\/product\/17446","targetHints":{"allow":["GET"]}}],"collection":[{"href":"https:\/\/somllavors.com\/es\/wp-json\/wp\/v2\/product"}],"about":[{"href":"https:\/\/somllavors.com\/es\/wp-json\/wp\/v2\/types\/product"}],"wp:featuredmedia":[{"embeddable":true,"href":"https:\/\/somllavors.com\/es\/wp-json\/wp\/v2\/media\/18438"}],"wp:attachment":[{"href":"https:\/\/somllavors.com\/es\/wp-json\/wp\/v2\/media?parent=17446"}],"wp:term":[{"taxonomy":"pwb-brand","embeddable":true,"href":"https:\/\/somllavors.com\/es\/wp-json\/wp\/v2\/pwb-brand?post=17446"},{"taxonomy":"product_brand","embeddable":true,"href":"https:\/\/somllavors.com\/es\/wp-json\/wp\/v2\/product_brand?post=17446"},{"taxonomy":"product_cat","embeddable":true,"href":"https:\/\/somllavors.com\/es\/wp-json\/wp\/v2\/product_cat?post=17446"},{"taxonomy":"product_tag","embeddable":true,"href":"https:\/\/somllavors.com\/es\/wp-json\/wp\/v2\/product_tag?post=17446"}],"curies":[{"name":"wp","href":"https:\/\/api.w.org\/{rel}","templated":true}]}}