{"id":17505,"date":"2022-04-07T22:35:41","date_gmt":"2022-04-07T20:35:41","guid":{"rendered":"https:\/\/somllavors.com\/?post_type=product&#038;p=17505"},"modified":"2023-12-07T12:01:48","modified_gmt":"2023-12-07T11:01:48","slug":"lagus-a-lestacio","status":"publish","type":"product","link":"https:\/\/somllavors.com\/es\/producte\/lagus-a-lestacio","title":{"rendered":"L\u2019Agus a l\u2019estaci\u00f3"},"content":{"rendered":"<p>El pas seg\u00fcent als llibres de cartr\u00f3 i abans de passar a l\u2019\u00e0lbum il\u00b7lustrat, aquest conte permet l\u2019exploraci\u00f3 del format llibre des de la primera inf\u00e0ncia.<\/p>\n<p>Amb una <b>hist\u00f2ria senzilla<\/b> i\u00a0<b>elements interactius<\/b> com\u00a0<b>solapes de cartr\u00f3<\/b>, <b>solapes de feltre<\/b>, una <b>textura<\/b> i un\u00a0<b>mirall<\/b>, cada p\u00e0gina cridar\u00e0 l\u2019atenci\u00f3 dels infants i permetr\u00e0 comentar un munt de coses sobre qu\u00e8 hi veuen.<\/p>\n<p>Aquest conte segueix els passos de l&#8217;<b>Agus<\/b>, un gos que va a l&#8217;estaci\u00f3 a agafar un <b>tren<\/b>. En ell s\u2019hi treballen els <b>contraris<\/b> (r\u00e0pid\/lent), el\u00a0<b>vocabulari de l&#8217;estaci\u00f3<\/b>, els <b>sons<\/b>, els <b>conceptes de tamany<\/b> (gran, mitj\u00e0 i petit) i els\u00a0<b>colors<\/b>. Els trens i els viatges s\u00f3n, sens dubte, un dels centres d\u2019inter\u00e8s preferits en preescolar i aquest llibre permetr\u00e0 visitar-los una i altra vegada.<\/p>\n<p>Dissenyat per <b>fomentar el llenguatge<\/b>\u00a0i la confian\u00e7a dels nens i les nenes, aquest llibre presenta senzilles preguntes a respondre i ser\u00e0 una experi\u00e8ncia de lectura rica i satisfact\u00f2ria per aquells qui comencen a parlar.<\/p>\n<p>Recomanat <b>a partir d\u20191 any<\/b>.<\/p>\n","protected":false},"excerpt":{"rendered":"<p>Un llibre interactiu f\u00e0cil de manipular per mans petites.<\/p>\n<p>&nbsp;<\/p>\n","protected":false},"featured_media":18504,"template":"","meta":{"_acf_changed":false,"site-sidebar-layout":"default","site-content-layout":"default","ast-site-content-layout":"default","site-content-style":"default","site-sidebar-style":"default","ast-global-header-display":"","ast-banner-title-visibility":"","ast-main-header-display":"","ast-hfb-above-header-display":"","ast-hfb-below-header-display":"","ast-hfb-mobile-header-display":"","site-post-title":"","ast-breadcrumbs-content":"","ast-featured-img":"","footer-sml-layout":"","ast-disable-related-posts":"","theme-transparent-header-meta":"default","adv-header-id-meta":"","stick-header-meta":"","header-above-stick-meta":"","header-main-stick-meta":"","header-below-stick-meta":"","astra-migrate-meta-layouts":"default","ast-page-background-enabled":"default","ast-page-background-meta":{"desktop":{"background-color":"","background-image":"","background-repeat":"repeat","background-position":"center center","background-size":"auto","background-attachment":"scroll","background-type":"","background-media":"","overlay-type":"","overlay-color":"","overlay-opacity":"","overlay-gradient":""},"tablet":{"background-color":"","background-image":"","background-repeat":"repeat","background-position":"center center","background-size":"auto","background-attachment":"scroll","background-type":"","background-media":"","overlay-type":"","overlay-color":"","overlay-opacity":"","overlay-gradient":""},"mobile":{"background-color":"","background-image":"","background-repeat":"repeat","background-position":"center center","background-size":"auto","background-attachment":"scroll","background-type":"","background-media":"","overlay-type":"","overlay-color":"","overlay-opacity":"","overlay-gradient":""}},"ast-content-background-meta":{"desktop":{"background-color":"var(--ast-global-color-5)","background-image":"","background-repeat":"repeat","background-position":"center center","background-size":"auto","background-attachment":"scroll","background-type":"","background-media":"","overlay-type":"","overlay-color":"","overlay-opacity":"","overlay-gradient":""},"tablet":{"background-color":"var(--ast-global-color-5)","background-image":"","background-repeat":"repeat","background-position":"center center","background-size":"auto","background-attachment":"scroll","background-type":"","background-media":"","overlay-type":"","overlay-color":"","overlay-opacity":"","overlay-gradient":""},"mobile":{"background-color":"var(--ast-global-color-5)","background-image":"","background-repeat":"repeat","background-position":"center center","background-size":"auto","background-attachment":"scroll","background-type":"","background-media":"","overlay-type":"","overlay-color":"","overlay-opacity":"","overlay-gradient":""}}},"pwb-brand":[],"product_brand":[],"product_cat":[4499,1890,1811,871,567],"product_tag":[741,960],"class_list":{"0":"post-17505","1":"product","2":"type-product","3":"status-publish","4":"has-post-thumbnail","6":"product_cat-10-e","7":"product_cat-contes-amb-solapes","8":"product_cat-llibres-amb-textures","9":"product_cat-contes-de-cartro","10":"product_cat-infantils","11":"product_tag-conte","12":"product_tag-estrella-polar","13":"desktop-align-left","14":"tablet-align-left","15":"mobile-align-left","17":"first","18":"outofstock","19":"taxable","20":"shipping-taxable","21":"purchasable","22":"product-type-simple"},"acf":[],"yoast_head":"<!-- This site is optimized with the Yoast SEO Premium plugin v18.3 (Yoast SEO v27.4) - https:\/\/yoast.com\/product\/yoast-seo-premium-wordpress\/ -->\n<title>L\u2019Agus a l\u2019estaci\u00f3 &#8212; Som Llavors<\/title>\n<meta name=\"description\" content=\"Un llibre interactiu f\u00e0cil de manipular per mans petites.  &nbsp;\" \/>\n<meta name=\"robots\" content=\"index, follow, max-snippet:-1, max-image-preview:large, max-video-preview:-1\" \/>\n<link rel=\"canonical\" href=\"https:\/\/somllavors.com\/es\/producte\/lagus-a-lestacio\" \/>\n<meta property=\"og:locale\" content=\"es_ES\" \/>\n<meta property=\"og:type\" content=\"article\" \/>\n<meta property=\"og:title\" content=\"L\u2019Agus a l\u2019estaci\u00f3\" \/>\n<meta property=\"og:description\" content=\"La teva botiga d\u2019ecocrian\u00e7a i espai d\u2019acompanyament a la maternitat\" \/>\n<meta property=\"og:url\" content=\"https:\/\/somllavors.com\/es\/producte\/lagus-a-lestacio\" \/>\n<meta property=\"og:site_name\" content=\"Som Llavors\" \/>\n<meta property=\"article:publisher\" content=\"https:\/\/www.facebook.com\/somllavorsvng\/?locale=ca_ES\" \/>\n<meta property=\"article:modified_time\" content=\"2023-12-07T11:01:48+00:00\" \/>\n<meta property=\"og:image\" content=\"https:\/\/somllavors.com\/wp-content\/uploads\/L-AGUS-A-L-ESTACIO.jpg\" \/>\n\t<meta property=\"og:image:width\" content=\"552\" \/>\n\t<meta property=\"og:image:height\" content=\"553\" \/>\n\t<meta property=\"og:image:type\" content=\"image\/jpeg\" \/>\n<meta name=\"twitter:card\" content=\"summary_large_image\" \/>\n<meta name=\"twitter:label1\" content=\"Precio\" \/>\n\t<meta name=\"twitter:data1\" content=\"8,95&euro; Iva incl\u00f2s\" \/>\n\t<meta name=\"twitter:label2\" content=\"Availability\" \/>\n\t<meta name=\"twitter:data2\" content=\"Out of stock\" \/>\n<script type=\"application\/ld+json\" class=\"yoast-schema-graph\">{\"@context\":\"https:\\\/\\\/schema.org\",\"@graph\":[{\"@type\":\"WebPage\",\"@id\":\"https:\\\/\\\/somllavors.com\\\/es\\\/producte\\\/lagus-a-lestacio\",\"url\":\"https:\\\/\\\/somllavors.com\\\/es\\\/producte\\\/lagus-a-lestacio\",\"name\":\"L\u2019Agus a l\u2019estaci\u00f3 &#8212; Som Llavors\",\"isPartOf\":{\"@id\":\"https:\\\/\\\/somllavors.com\\\/es#website\"},\"primaryImageOfPage\":{\"@id\":\"https:\\\/\\\/somllavors.com\\\/es\\\/producte\\\/lagus-a-lestacio#primaryimage\"},\"image\":{\"@id\":\"https:\\\/\\\/somllavors.com\\\/es\\\/producte\\\/lagus-a-lestacio#primaryimage\"},\"thumbnailUrl\":\"https:\\\/\\\/somllavors.com\\\/wp-content\\\/uploads\\\/L-AGUS-A-L-ESTACIO.jpg\",\"datePublished\":\"2022-04-07T20:35:41+00:00\",\"dateModified\":\"2023-12-07T11:01:48+00:00\",\"description\":\"Un llibre interactiu f\u00e0cil de manipular per mans petites. &nbsp;\",\"breadcrumb\":{\"@id\":\"https:\\\/\\\/somllavors.com\\\/es\\\/producte\\\/lagus-a-lestacio#breadcrumb\"},\"inLanguage\":\"es\",\"potentialAction\":[{\"@type\":\"ReadAction\",\"target\":[\"https:\\\/\\\/somllavors.com\\\/es\\\/producte\\\/lagus-a-lestacio\"]}]},{\"@type\":\"ImageObject\",\"inLanguage\":\"es\",\"@id\":\"https:\\\/\\\/somllavors.com\\\/es\\\/producte\\\/lagus-a-lestacio#primaryimage\",\"url\":\"https:\\\/\\\/somllavors.com\\\/wp-content\\\/uploads\\\/L-AGUS-A-L-ESTACIO.jpg\",\"contentUrl\":\"https:\\\/\\\/somllavors.com\\\/wp-content\\\/uploads\\\/L-AGUS-A-L-ESTACIO.jpg\",\"width\":552,\"height\":553,\"caption\":\"Un llibre interactiu f\u00e0cil de manipular per mans petites. El pas seg\u00fcent als llibres de cartr\u00f3 i abans de passar a l\u2019\u00e0lbum il\u00b7lustrat, aquest conte permet l\u2019exploraci\u00f3 del format llibre des de la primera inf\u00e0ncia. Amb unahist\u00f2ria senzilla ielements interactius comsolapes de cartr\u00f3,solapes de feltre, unatextura i unmirall, cada p\u00e0gina cridar\u00e0 l\u2019atenci\u00f3 dels petits i permetr\u00e0 comentar un munt de coses sobre qu\u00e8 hi veuen. Aquest conte segueix els passos de l'Agus, un gos que va a l'estaci\u00f3 a agafar untren. En ell s\u2019hi treballen elscontraris (r\u00e0pid\\\/lent), elvocabulari de l'estaci\u00f3, elssons, elsconceptes de tamany (gran, mitj\u00e0 i petit) i elscolors. Els trens i els viatges s\u00f3n, sens dubte, un dels centres d\u2019inter\u00e8s preferits en preescolar i aquest llibre permetr\u00e0 visitar-los una i altra vegada. Dissenyat perfomentar el llenguatge i la confian\u00e7a dels nens i les nenes, aquest llibre presenta senzilles preguntes a respondre i ser\u00e0 una experi\u00e8ncia de lectura rica i satisfact\u00f2ria per aquells qui comencen a parlar. Recomanata partir d\u20191 any.\"},{\"@type\":\"BreadcrumbList\",\"@id\":\"https:\\\/\\\/somllavors.com\\\/es\\\/producte\\\/lagus-a-lestacio#breadcrumb\",\"itemListElement\":[{\"@type\":\"ListItem\",\"position\":1,\"name\":\"Inici\",\"item\":\"https:\\\/\\\/somllavors.com\\\/es\"},{\"@type\":\"ListItem\",\"position\":2,\"name\":\"Tienda\",\"item\":\"https:\\\/\\\/somllavors.com\\\/es\\\/botiga-2\"},{\"@type\":\"ListItem\",\"position\":3,\"name\":\"L\u2019Agus a l\u2019estaci\u00f3\"}]},{\"@type\":\"WebSite\",\"@id\":\"https:\\\/\\\/somllavors.com\\\/es#website\",\"url\":\"https:\\\/\\\/somllavors.com\\\/es\",\"name\":\"Som Llavors\",\"description\":\"Botiga de crian\u00e7a natural\",\"publisher\":{\"@id\":\"https:\\\/\\\/somllavors.com\\\/es#organization\"},\"alternateName\":\"Crian\u00e7a Natural i Sostenible\",\"potentialAction\":[{\"@type\":\"SearchAction\",\"target\":{\"@type\":\"EntryPoint\",\"urlTemplate\":\"https:\\\/\\\/somllavors.com\\\/es?s={search_term_string}\"},\"query-input\":{\"@type\":\"PropertyValueSpecification\",\"valueRequired\":true,\"valueName\":\"search_term_string\"}}],\"inLanguage\":\"es\"},{\"@type\":[\"Organization\",\"Place\",\"Store\"],\"@id\":\"https:\\\/\\\/somllavors.com\\\/es#organization\",\"name\":\"Som Llavors\",\"alternateName\":\"Crian\u00e7a Natural i Sostenible\",\"url\":\"https:\\\/\\\/somllavors.com\\\/es\",\"logo\":{\"@id\":\"https:\\\/\\\/somllavors.com\\\/es\\\/producte\\\/lagus-a-lestacio#local-main-organization-logo\"},\"image\":{\"@id\":\"https:\\\/\\\/somllavors.com\\\/es\\\/producte\\\/lagus-a-lestacio#local-main-organization-logo\"},\"sameAs\":[\"https:\\\/\\\/www.facebook.com\\\/somllavorsvng\\\/?locale=ca_ES\",\"https:\\\/\\\/www.instagram.com\\\/somllavors_vng\\\/\",\"https:\\\/\\\/www.youtube.com\\\/@somllavors\"],\"address\":{\"@id\":\"https:\\\/\\\/somllavors.com\\\/es\\\/producte\\\/lagus-a-lestacio#local-main-place-address\"},\"geo\":{\"@type\":\"GeoCoordinates\",\"latitude\":\"41.2257737\",\"longitude\":\"1.723258859\"},\"telephone\":[\"623152704\"],\"openingHoursSpecification\":[{\"@type\":\"OpeningHoursSpecification\",\"dayOfWeek\":[\"Monday\",\"Sunday\"],\"opens\":\"00:00\",\"closes\":\"00:00\"},{\"@type\":\"OpeningHoursSpecification\",\"dayOfWeek\":[\"Tuesday\",\"Wednesday\",\"Thursday\",\"Friday\"],\"opens\":\"10:00\",\"closes\":\"20:00\"},{\"@type\":\"OpeningHoursSpecification\",\"dayOfWeek\":[\"Saturday\"],\"opens\":\"10:00\",\"closes\":\"13:30\"}],\"email\":\"info@somllavors.com\"},{\"@type\":\"PostalAddress\",\"@id\":\"https:\\\/\\\/somllavors.com\\\/es\\\/producte\\\/lagus-a-lestacio#local-main-place-address\",\"streetAddress\":\"Carrer de l'aigua, 6\",\"addressLocality\":\"Vilanova i la Geltr\u00fa\",\"postalCode\":\"08800\",\"addressRegion\":\"Barcelona\",\"addressCountry\":\"ES\"},{\"@type\":\"ImageObject\",\"inLanguage\":\"es\",\"@id\":\"https:\\\/\\\/somllavors.com\\\/es\\\/producte\\\/lagus-a-lestacio#local-main-organization-logo\",\"url\":\"https:\\\/\\\/somllavors.com\\\/wp-content\\\/uploads\\\/Logotip-Som-Llavors.jpg\",\"contentUrl\":\"https:\\\/\\\/somllavors.com\\\/wp-content\\\/uploads\\\/Logotip-Som-Llavors.jpg\",\"width\":1444,\"height\":1323,\"caption\":\"Som Llavors\"}]}<\/script>\n<meta property=\"product:price:amount\" content=\"8.95\" \/>\n<meta property=\"product:price:currency\" content=\"EUR\" \/>\n<meta property=\"og:availability\" content=\"out of stock\" \/>\n<meta property=\"product:availability\" content=\"out of stock\" \/>\n<meta property=\"product:retailer_item_id\" content=\"9788418135965\" \/>\n<meta property=\"product:condition\" content=\"new\" \/>\n<meta name=\"geo.placename\" content=\"Vilanova i la Geltr\u00fa\" \/>\n<meta name=\"geo.position\" content=\"41.2257737;1.723258859\" \/>\n<meta name=\"geo.region\" content=\"Espa\u00f1a\" \/>\n<!-- \/ Yoast SEO Premium plugin. -->","yoast_head_json":{"title":"L\u2019Agus a l\u2019estaci\u00f3 &#8212; Som Llavors","description":"Un llibre interactiu f\u00e0cil de manipular per mans petites.  &nbsp;","robots":{"index":"index","follow":"follow","max-snippet":"max-snippet:-1","max-image-preview":"max-image-preview:large","max-video-preview":"max-video-preview:-1"},"canonical":"https:\/\/somllavors.com\/es\/producte\/lagus-a-lestacio","og_locale":"es_ES","og_type":"article","og_title":"L\u2019Agus a l\u2019estaci\u00f3","og_description":"La teva botiga d\u2019ecocrian\u00e7a i espai d\u2019acompanyament a la maternitat","og_url":"https:\/\/somllavors.com\/es\/producte\/lagus-a-lestacio","og_site_name":"Som Llavors","article_publisher":"https:\/\/www.facebook.com\/somllavorsvng\/?locale=ca_ES","article_modified_time":"2023-12-07T11:01:48+00:00","og_image":[{"width":552,"height":553,"url":"https:\/\/somllavors.com\/wp-content\/uploads\/L-AGUS-A-L-ESTACIO.jpg","type":"image\/jpeg"}],"twitter_card":"summary_large_image","twitter_misc":{"Precio":"8,95&euro; Iva incl\u00f2s","Availability":"Out of stock"},"schema":{"@context":"https:\/\/schema.org","@graph":[{"@type":"WebPage","@id":"https:\/\/somllavors.com\/es\/producte\/lagus-a-lestacio","url":"https:\/\/somllavors.com\/es\/producte\/lagus-a-lestacio","name":"L\u2019Agus a l\u2019estaci\u00f3 &#8212; Som Llavors","isPartOf":{"@id":"https:\/\/somllavors.com\/es#website"},"primaryImageOfPage":{"@id":"https:\/\/somllavors.com\/es\/producte\/lagus-a-lestacio#primaryimage"},"image":{"@id":"https:\/\/somllavors.com\/es\/producte\/lagus-a-lestacio#primaryimage"},"thumbnailUrl":"https:\/\/somllavors.com\/wp-content\/uploads\/L-AGUS-A-L-ESTACIO.jpg","datePublished":"2022-04-07T20:35:41+00:00","dateModified":"2023-12-07T11:01:48+00:00","description":"Un llibre interactiu f\u00e0cil de manipular per mans petites. &nbsp;","breadcrumb":{"@id":"https:\/\/somllavors.com\/es\/producte\/lagus-a-lestacio#breadcrumb"},"inLanguage":"es","potentialAction":[{"@type":"ReadAction","target":["https:\/\/somllavors.com\/es\/producte\/lagus-a-lestacio"]}]},{"@type":"ImageObject","inLanguage":"es","@id":"https:\/\/somllavors.com\/es\/producte\/lagus-a-lestacio#primaryimage","url":"https:\/\/somllavors.com\/wp-content\/uploads\/L-AGUS-A-L-ESTACIO.jpg","contentUrl":"https:\/\/somllavors.com\/wp-content\/uploads\/L-AGUS-A-L-ESTACIO.jpg","width":552,"height":553,"caption":"Un llibre interactiu f\u00e0cil de manipular per mans petites. El pas seg\u00fcent als llibres de cartr\u00f3 i abans de passar a l\u2019\u00e0lbum il\u00b7lustrat, aquest conte permet l\u2019exploraci\u00f3 del format llibre des de la primera inf\u00e0ncia. Amb unahist\u00f2ria senzilla ielements interactius comsolapes de cartr\u00f3,solapes de feltre, unatextura i unmirall, cada p\u00e0gina cridar\u00e0 l\u2019atenci\u00f3 dels petits i permetr\u00e0 comentar un munt de coses sobre qu\u00e8 hi veuen. Aquest conte segueix els passos de l'Agus, un gos que va a l'estaci\u00f3 a agafar untren. En ell s\u2019hi treballen elscontraris (r\u00e0pid\/lent), elvocabulari de l'estaci\u00f3, elssons, elsconceptes de tamany (gran, mitj\u00e0 i petit) i elscolors. Els trens i els viatges s\u00f3n, sens dubte, un dels centres d\u2019inter\u00e8s preferits en preescolar i aquest llibre permetr\u00e0 visitar-los una i altra vegada. Dissenyat perfomentar el llenguatge i la confian\u00e7a dels nens i les nenes, aquest llibre presenta senzilles preguntes a respondre i ser\u00e0 una experi\u00e8ncia de lectura rica i satisfact\u00f2ria per aquells qui comencen a parlar. Recomanata partir d\u20191 any."},{"@type":"BreadcrumbList","@id":"https:\/\/somllavors.com\/es\/producte\/lagus-a-lestacio#breadcrumb","itemListElement":[{"@type":"ListItem","position":1,"name":"Inici","item":"https:\/\/somllavors.com\/es"},{"@type":"ListItem","position":2,"name":"Tienda","item":"https:\/\/somllavors.com\/es\/botiga-2"},{"@type":"ListItem","position":3,"name":"L\u2019Agus a l\u2019estaci\u00f3"}]},{"@type":"WebSite","@id":"https:\/\/somllavors.com\/es#website","url":"https:\/\/somllavors.com\/es","name":"Som Llavors","description":"Botiga de crian\u00e7a natural","publisher":{"@id":"https:\/\/somllavors.com\/es#organization"},"alternateName":"Crian\u00e7a Natural i Sostenible","potentialAction":[{"@type":"SearchAction","target":{"@type":"EntryPoint","urlTemplate":"https:\/\/somllavors.com\/es?s={search_term_string}"},"query-input":{"@type":"PropertyValueSpecification","valueRequired":true,"valueName":"search_term_string"}}],"inLanguage":"es"},{"@type":["Organization","Place","Store"],"@id":"https:\/\/somllavors.com\/es#organization","name":"Som Llavors","alternateName":"Crian\u00e7a Natural i Sostenible","url":"https:\/\/somllavors.com\/es","logo":{"@id":"https:\/\/somllavors.com\/es\/producte\/lagus-a-lestacio#local-main-organization-logo"},"image":{"@id":"https:\/\/somllavors.com\/es\/producte\/lagus-a-lestacio#local-main-organization-logo"},"sameAs":["https:\/\/www.facebook.com\/somllavorsvng\/?locale=ca_ES","https:\/\/www.instagram.com\/somllavors_vng\/","https:\/\/www.youtube.com\/@somllavors"],"address":{"@id":"https:\/\/somllavors.com\/es\/producte\/lagus-a-lestacio#local-main-place-address"},"geo":{"@type":"GeoCoordinates","latitude":"41.2257737","longitude":"1.723258859"},"telephone":["623152704","623152704"],"openingHoursSpecification":[{"@type":"OpeningHoursSpecification","dayOfWeek":["Monday","Sunday"],"opens":"00:00","closes":"00:00"},{"@type":"OpeningHoursSpecification","dayOfWeek":["Tuesday","Wednesday","Thursday","Friday"],"opens":"10:00","closes":"20:00"},{"@type":"OpeningHoursSpecification","dayOfWeek":["Saturday"],"opens":"10:00","closes":"13:30"}],"email":"info@somllavors.com"},{"@type":"PostalAddress","@id":"https:\/\/somllavors.com\/es\/producte\/lagus-a-lestacio#local-main-place-address","streetAddress":"Carrer de l'aigua, 6","addressLocality":"Vilanova i la Geltr\u00fa","postalCode":"08800","addressRegion":"Barcelona","addressCountry":"ES"},{"@type":"ImageObject","inLanguage":"es","@id":"https:\/\/somllavors.com\/es\/producte\/lagus-a-lestacio#local-main-organization-logo","url":"https:\/\/somllavors.com\/wp-content\/uploads\/Logotip-Som-Llavors.jpg","contentUrl":"https:\/\/somllavors.com\/wp-content\/uploads\/Logotip-Som-Llavors.jpg","width":1444,"height":1323,"caption":"Som Llavors"}]},"product_price_amount":"8.95","product_price_currency":"EUR","og_availability":"out of stock","product_availability":"out of stock","product_retailer_item_id":"9788418135965","product_condition":"new","geo.placename":"Vilanova i la Geltr\u00fa","geo.position":{"lat":"41.2257737","long":"1.723258859"},"geo.region":"Espa\u00f1a"},"brands":[],"_links":{"self":[{"href":"https:\/\/somllavors.com\/es\/wp-json\/wp\/v2\/product\/17505","targetHints":{"allow":["GET"]}}],"collection":[{"href":"https:\/\/somllavors.com\/es\/wp-json\/wp\/v2\/product"}],"about":[{"href":"https:\/\/somllavors.com\/es\/wp-json\/wp\/v2\/types\/product"}],"wp:featuredmedia":[{"embeddable":true,"href":"https:\/\/somllavors.com\/es\/wp-json\/wp\/v2\/media\/18504"}],"wp:attachment":[{"href":"https:\/\/somllavors.com\/es\/wp-json\/wp\/v2\/media?parent=17505"}],"wp:term":[{"taxonomy":"pwb-brand","embeddable":true,"href":"https:\/\/somllavors.com\/es\/wp-json\/wp\/v2\/pwb-brand?post=17505"},{"taxonomy":"product_brand","embeddable":true,"href":"https:\/\/somllavors.com\/es\/wp-json\/wp\/v2\/product_brand?post=17505"},{"taxonomy":"product_cat","embeddable":true,"href":"https:\/\/somllavors.com\/es\/wp-json\/wp\/v2\/product_cat?post=17505"},{"taxonomy":"product_tag","embeddable":true,"href":"https:\/\/somllavors.com\/es\/wp-json\/wp\/v2\/product_tag?post=17505"}],"curies":[{"name":"wp","href":"https:\/\/api.w.org\/{rel}","templated":true}]}}