{"id":17575,"date":"2022-04-11T16:29:40","date_gmt":"2022-04-11T14:29:40","guid":{"rendered":"https:\/\/somllavors.com\/?post_type=product&#038;p=17575"},"modified":"2025-04-26T13:15:24","modified_gmt":"2025-04-26T11:15:24","slug":"emocions-la-meva-primera-biblioteca-montessori","status":"publish","type":"product","link":"https:\/\/somllavors.com\/es\/producte\/emocions-la-meva-primera-biblioteca-montessori","title":{"rendered":"Emocions! La meva primera biblioteca Montessori"},"content":{"rendered":"","protected":false},"excerpt":{"rendered":"<p>La\u00a0<b>pedagogia Montessori<\/b>\u00a0defensa que tot el que es mostri a les criatures sigui el m\u00e9s realista possible, sobretot durant els sis primers anys. Aquest llibre cont\u00e9\u00a0<b>fotografies de beb\u00e8s<\/b>\u00a0perqu\u00e8 puguin\u00a0<b>recon\u00e8ixer les expressions<\/b>\u00a0de la cara i del cos, identifiquin diferents\u00a0<b>emocions<\/b>\u00a0i tractin\u00a0<b>d&#8217;imitar-les<\/b>. En ell trobarem diferents nens i nenes que mostren alegria, tristesa, ira i sorpresa. Al final del llibre, un\u00a0<b>mirall<\/b>\u00a0els permetr\u00e0 veure&#8217;s reflectits perqu\u00e8 puguin jugar a fer ganyotes.<\/p>\n<p>Recomanat\u00a0<b>a partir de 6 mesos<\/b>.<\/p>\n<p>Elaborat amb l&#8217;assessorament d&#8217;una\u00a0<b>guia Montessori<\/b>.<\/p>\n","protected":false},"featured_media":18609,"template":"","meta":{"_acf_changed":false,"site-sidebar-layout":"default","site-content-layout":"default","ast-site-content-layout":"default","site-content-style":"default","site-sidebar-style":"default","ast-global-header-display":"","ast-banner-title-visibility":"","ast-main-header-display":"","ast-hfb-above-header-display":"","ast-hfb-below-header-display":"","ast-hfb-mobile-header-display":"","site-post-title":"","ast-breadcrumbs-content":"","ast-featured-img":"","footer-sml-layout":"","ast-disable-related-posts":"","theme-transparent-header-meta":"default","adv-header-id-meta":"","stick-header-meta":"","header-above-stick-meta":"","header-main-stick-meta":"","header-below-stick-meta":"","astra-migrate-meta-layouts":"default","ast-page-background-enabled":"default","ast-page-background-meta":{"desktop":{"background-color":"","background-image":"","background-repeat":"repeat","background-position":"center center","background-size":"auto","background-attachment":"scroll","background-type":"","background-media":"","overlay-type":"","overlay-color":"","overlay-opacity":"","overlay-gradient":""},"tablet":{"background-color":"","background-image":"","background-repeat":"repeat","background-position":"center center","background-size":"auto","background-attachment":"scroll","background-type":"","background-media":"","overlay-type":"","overlay-color":"","overlay-opacity":"","overlay-gradient":""},"mobile":{"background-color":"","background-image":"","background-repeat":"repeat","background-position":"center center","background-size":"auto","background-attachment":"scroll","background-type":"","background-media":"","overlay-type":"","overlay-color":"","overlay-opacity":"","overlay-gradient":""}},"ast-content-background-meta":{"desktop":{"background-color":"var(--ast-global-color-5)","background-image":"","background-repeat":"repeat","background-position":"center center","background-size":"auto","background-attachment":"scroll","background-type":"","background-media":"","overlay-type":"","overlay-color":"","overlay-opacity":"","overlay-gradient":""},"tablet":{"background-color":"var(--ast-global-color-5)","background-image":"","background-repeat":"repeat","background-position":"center center","background-size":"auto","background-attachment":"scroll","background-type":"","background-media":"","overlay-type":"","overlay-color":"","overlay-opacity":"","overlay-gradient":""},"mobile":{"background-color":"var(--ast-global-color-5)","background-image":"","background-repeat":"repeat","background-position":"center center","background-size":"auto","background-attachment":"scroll","background-type":"","background-media":"","overlay-type":"","overlay-color":"","overlay-opacity":"","overlay-gradient":""}}},"pwb-brand":[],"product_brand":[],"product_cat":[4499,871,567],"product_tag":[741,960,998],"class_list":{"0":"post-17575","1":"product","2":"type-product","3":"status-publish","4":"has-post-thumbnail","6":"product_cat-10-e","7":"product_cat-contes-de-cartro","8":"product_cat-infantils","9":"product_tag-conte","10":"product_tag-estrella-polar","11":"product_tag-montessori","12":"desktop-align-left","13":"tablet-align-left","14":"mobile-align-left","16":"first","17":"instock","18":"taxable","19":"shipping-taxable","20":"purchasable","21":"product-type-simple"},"acf":[],"yoast_head":"<!-- This site is optimized with the Yoast SEO Premium plugin v18.3 (Yoast SEO v27.4) - https:\/\/yoast.com\/product\/yoast-seo-premium-wordpress\/ -->\n<title>Emocions! La meva primera biblioteca Montessori &#8212; Som Llavors<\/title>\n<meta name=\"description\" content=\"La\u00a0pedagogia Montessori\u00a0defensa que tot el que es mostri a les criatures sigui el m\u00e9s realista possible, sobretot durant els sis primers anys. Aquest llibre cont\u00e9\u00a0fotografies de beb\u00e8s\u00a0perqu\u00e8 puguin\u00a0recon\u00e8ixer les expressions\u00a0de la cara i del cos, identifiquin diferents\u00a0emocions\u00a0i tractin\u00a0d&#039;imitar-les. En ell trobarem diferents nens i nenes que mostren alegria, tristesa, ira i sorpresa. Al final del llibre, un\u00a0mirall\u00a0els permetr\u00e0 veure&#039;s reflectits perqu\u00e8 puguin jugar a fer ganyotes.  Recomanat\u00a0a partir de 6 mesos.  Elaborat amb l&#039;assessorament d&#039;una\u00a0guia Montessori.\" \/>\n<meta name=\"robots\" content=\"index, follow, max-snippet:-1, max-image-preview:large, max-video-preview:-1\" \/>\n<link rel=\"canonical\" href=\"https:\/\/somllavors.com\/es\/producte\/emocions-la-meva-primera-biblioteca-montessori\" \/>\n<meta property=\"og:locale\" content=\"es_ES\" \/>\n<meta property=\"og:type\" content=\"article\" \/>\n<meta property=\"og:title\" content=\"Emocions! La meva primera biblioteca Montessori\" \/>\n<meta property=\"og:description\" content=\"La teva botiga d\u2019ecocrian\u00e7a i espai d\u2019acompanyament a la maternitat\" \/>\n<meta property=\"og:url\" content=\"https:\/\/somllavors.com\/es\/producte\/emocions-la-meva-primera-biblioteca-montessori\" \/>\n<meta property=\"og:site_name\" content=\"Som Llavors\" \/>\n<meta property=\"article:publisher\" content=\"https:\/\/www.facebook.com\/somllavorsvng\/?locale=ca_ES\" \/>\n<meta property=\"article:modified_time\" content=\"2025-04-26T11:15:24+00:00\" \/>\n<meta property=\"og:image\" content=\"https:\/\/somllavors.com\/wp-content\/uploads\/EMOCIONS-LA-MEVA-PRIMERA-BIBLIOTECA-MONTESSORI-.jpeg\" \/>\n\t<meta property=\"og:image:width\" content=\"552\" \/>\n\t<meta property=\"og:image:height\" content=\"567\" \/>\n\t<meta property=\"og:image:type\" content=\"image\/jpeg\" \/>\n<meta name=\"twitter:card\" content=\"summary_large_image\" \/>\n<meta name=\"twitter:label1\" content=\"Precio\" \/>\n\t<meta name=\"twitter:data1\" content=\"8,95&euro; Iva incl\u00f2s\" \/>\n\t<meta name=\"twitter:label2\" content=\"Availability\" \/>\n\t<meta name=\"twitter:data2\" content=\"Hay existencias\" \/>\n<script type=\"application\/ld+json\" class=\"yoast-schema-graph\">{\"@context\":\"https:\\\/\\\/schema.org\",\"@graph\":[{\"@type\":\"WebPage\",\"@id\":\"https:\\\/\\\/somllavors.com\\\/es\\\/producte\\\/emocions-la-meva-primera-biblioteca-montessori\",\"url\":\"https:\\\/\\\/somllavors.com\\\/es\\\/producte\\\/emocions-la-meva-primera-biblioteca-montessori\",\"name\":\"Emocions! La meva primera biblioteca Montessori &#8212; Som Llavors\",\"isPartOf\":{\"@id\":\"https:\\\/\\\/somllavors.com\\\/es#website\"},\"primaryImageOfPage\":{\"@id\":\"https:\\\/\\\/somllavors.com\\\/es\\\/producte\\\/emocions-la-meva-primera-biblioteca-montessori#primaryimage\"},\"image\":{\"@id\":\"https:\\\/\\\/somllavors.com\\\/es\\\/producte\\\/emocions-la-meva-primera-biblioteca-montessori#primaryimage\"},\"thumbnailUrl\":\"https:\\\/\\\/somllavors.com\\\/wp-content\\\/uploads\\\/EMOCIONS-LA-MEVA-PRIMERA-BIBLIOTECA-MONTESSORI-.jpeg\",\"datePublished\":\"2022-04-11T14:29:40+00:00\",\"dateModified\":\"2025-04-26T11:15:24+00:00\",\"description\":\"La\u00a0pedagogia Montessori\u00a0defensa que tot el que es mostri a les criatures sigui el m\u00e9s realista possible, sobretot durant els sis primers anys. Aquest llibre cont\u00e9\u00a0fotografies de beb\u00e8s\u00a0perqu\u00e8 puguin\u00a0recon\u00e8ixer les expressions\u00a0de la cara i del cos, identifiquin diferents\u00a0emocions\u00a0i tractin\u00a0d'imitar-les. En ell trobarem diferents nens i nenes que mostren alegria, tristesa, ira i sorpresa. Al final del llibre, un\u00a0mirall\u00a0els permetr\u00e0 veure's reflectits perqu\u00e8 puguin jugar a fer ganyotes. Recomanat\u00a0a partir de 6 mesos. Elaborat amb l'assessorament d'una\u00a0guia Montessori.\",\"breadcrumb\":{\"@id\":\"https:\\\/\\\/somllavors.com\\\/es\\\/producte\\\/emocions-la-meva-primera-biblioteca-montessori#breadcrumb\"},\"inLanguage\":\"es\",\"potentialAction\":[{\"@type\":\"ReadAction\",\"target\":[\"https:\\\/\\\/somllavors.com\\\/es\\\/producte\\\/emocions-la-meva-primera-biblioteca-montessori\"]}]},{\"@type\":\"ImageObject\",\"inLanguage\":\"es\",\"@id\":\"https:\\\/\\\/somllavors.com\\\/es\\\/producte\\\/emocions-la-meva-primera-biblioteca-montessori#primaryimage\",\"url\":\"https:\\\/\\\/somllavors.com\\\/wp-content\\\/uploads\\\/EMOCIONS-LA-MEVA-PRIMERA-BIBLIOTECA-MONTESSORI-.jpeg\",\"contentUrl\":\"https:\\\/\\\/somllavors.com\\\/wp-content\\\/uploads\\\/EMOCIONS-LA-MEVA-PRIMERA-BIBLIOTECA-MONTESSORI-.jpeg\",\"width\":552,\"height\":567,\"caption\":\"La pedagogia Montessori defensa que tot el que es mostri a les criatures sigui el m\u00e9s realista possible, sobretot durant els sis primers anys. Aquest llibre cont\u00e9 fotografies de beb\u00e8s perqu\u00e8 puguin recon\u00e8ixer les expressions de la cara i del cos, identifiquin diferents emocions i tractin d'imitar-les. En ell trobarem diferents nens i nenes que mostren alegria, tristesa, ira i sorpresa. Al final del llibre, un mirall els permetr\u00e0 veure's reflectits perqu\u00e8 puguin jugar a fer ganyotes. Recomanat a partir de 6 mesos. Elaborat amb l'assessorament d'una guia Montessori. T\u00edtols de la col\u00b7lecci\u00f3 La meva primera biblioteca Montessori\"},{\"@type\":\"BreadcrumbList\",\"@id\":\"https:\\\/\\\/somllavors.com\\\/es\\\/producte\\\/emocions-la-meva-primera-biblioteca-montessori#breadcrumb\",\"itemListElement\":[{\"@type\":\"ListItem\",\"position\":1,\"name\":\"Inici\",\"item\":\"https:\\\/\\\/somllavors.com\\\/es\"},{\"@type\":\"ListItem\",\"position\":2,\"name\":\"Tienda\",\"item\":\"https:\\\/\\\/somllavors.com\\\/es\\\/botiga-2\"},{\"@type\":\"ListItem\",\"position\":3,\"name\":\"Emocions! La meva primera biblioteca Montessori\"}]},{\"@type\":\"WebSite\",\"@id\":\"https:\\\/\\\/somllavors.com\\\/es#website\",\"url\":\"https:\\\/\\\/somllavors.com\\\/es\",\"name\":\"Som Llavors\",\"description\":\"Botiga de crian\u00e7a natural\",\"publisher\":{\"@id\":\"https:\\\/\\\/somllavors.com\\\/es#organization\"},\"alternateName\":\"Crian\u00e7a Natural i Sostenible\",\"potentialAction\":[{\"@type\":\"SearchAction\",\"target\":{\"@type\":\"EntryPoint\",\"urlTemplate\":\"https:\\\/\\\/somllavors.com\\\/es?s={search_term_string}\"},\"query-input\":{\"@type\":\"PropertyValueSpecification\",\"valueRequired\":true,\"valueName\":\"search_term_string\"}}],\"inLanguage\":\"es\"},{\"@type\":[\"Organization\",\"Place\",\"Store\"],\"@id\":\"https:\\\/\\\/somllavors.com\\\/es#organization\",\"name\":\"Som Llavors\",\"alternateName\":\"Crian\u00e7a Natural i Sostenible\",\"url\":\"https:\\\/\\\/somllavors.com\\\/es\",\"logo\":{\"@id\":\"https:\\\/\\\/somllavors.com\\\/es\\\/producte\\\/emocions-la-meva-primera-biblioteca-montessori#local-main-organization-logo\"},\"image\":{\"@id\":\"https:\\\/\\\/somllavors.com\\\/es\\\/producte\\\/emocions-la-meva-primera-biblioteca-montessori#local-main-organization-logo\"},\"sameAs\":[\"https:\\\/\\\/www.facebook.com\\\/somllavorsvng\\\/?locale=ca_ES\",\"https:\\\/\\\/www.instagram.com\\\/somllavors_vng\\\/\",\"https:\\\/\\\/www.youtube.com\\\/@somllavors\"],\"address\":{\"@id\":\"https:\\\/\\\/somllavors.com\\\/es\\\/producte\\\/emocions-la-meva-primera-biblioteca-montessori#local-main-place-address\"},\"geo\":{\"@type\":\"GeoCoordinates\",\"latitude\":\"41.2257737\",\"longitude\":\"1.723258859\"},\"telephone\":[\"623152704\"],\"openingHoursSpecification\":[{\"@type\":\"OpeningHoursSpecification\",\"dayOfWeek\":[\"Monday\",\"Sunday\"],\"opens\":\"00:00\",\"closes\":\"00:00\"},{\"@type\":\"OpeningHoursSpecification\",\"dayOfWeek\":[\"Tuesday\",\"Wednesday\",\"Thursday\",\"Friday\"],\"opens\":\"10:00\",\"closes\":\"20:00\"},{\"@type\":\"OpeningHoursSpecification\",\"dayOfWeek\":[\"Saturday\"],\"opens\":\"10:00\",\"closes\":\"13:30\"}],\"email\":\"info@somllavors.com\"},{\"@type\":\"PostalAddress\",\"@id\":\"https:\\\/\\\/somllavors.com\\\/es\\\/producte\\\/emocions-la-meva-primera-biblioteca-montessori#local-main-place-address\",\"streetAddress\":\"Carrer de l'aigua, 6\",\"addressLocality\":\"Vilanova i la Geltr\u00fa\",\"postalCode\":\"08800\",\"addressRegion\":\"Barcelona\",\"addressCountry\":\"ES\"},{\"@type\":\"ImageObject\",\"inLanguage\":\"es\",\"@id\":\"https:\\\/\\\/somllavors.com\\\/es\\\/producte\\\/emocions-la-meva-primera-biblioteca-montessori#local-main-organization-logo\",\"url\":\"https:\\\/\\\/somllavors.com\\\/wp-content\\\/uploads\\\/Logotip-Som-Llavors.jpg\",\"contentUrl\":\"https:\\\/\\\/somllavors.com\\\/wp-content\\\/uploads\\\/Logotip-Som-Llavors.jpg\",\"width\":1444,\"height\":1323,\"caption\":\"Som Llavors\"}]}<\/script>\n<meta property=\"product:price:amount\" content=\"8.95\" \/>\n<meta property=\"product:price:currency\" content=\"EUR\" \/>\n<meta property=\"og:availability\" content=\"instock\" \/>\n<meta property=\"product:availability\" content=\"instock\" \/>\n<meta property=\"product:retailer_item_id\" content=\"9788413890388\" \/>\n<meta property=\"product:condition\" content=\"new\" \/>\n<meta name=\"geo.placename\" content=\"Vilanova i la Geltr\u00fa\" \/>\n<meta name=\"geo.position\" content=\"41.2257737;1.723258859\" \/>\n<meta name=\"geo.region\" content=\"Espa\u00f1a\" \/>\n<!-- \/ Yoast SEO Premium plugin. -->","yoast_head_json":{"title":"Emocions! La meva primera biblioteca Montessori &#8212; Som Llavors","description":"La\u00a0pedagogia Montessori\u00a0defensa que tot el que es mostri a les criatures sigui el m\u00e9s realista possible, sobretot durant els sis primers anys. Aquest llibre cont\u00e9\u00a0fotografies de beb\u00e8s\u00a0perqu\u00e8 puguin\u00a0recon\u00e8ixer les expressions\u00a0de la cara i del cos, identifiquin diferents\u00a0emocions\u00a0i tractin\u00a0d'imitar-les. En ell trobarem diferents nens i nenes que mostren alegria, tristesa, ira i sorpresa. Al final del llibre, un\u00a0mirall\u00a0els permetr\u00e0 veure's reflectits perqu\u00e8 puguin jugar a fer ganyotes.  Recomanat\u00a0a partir de 6 mesos.  Elaborat amb l'assessorament d'una\u00a0guia Montessori.","robots":{"index":"index","follow":"follow","max-snippet":"max-snippet:-1","max-image-preview":"max-image-preview:large","max-video-preview":"max-video-preview:-1"},"canonical":"https:\/\/somllavors.com\/es\/producte\/emocions-la-meva-primera-biblioteca-montessori","og_locale":"es_ES","og_type":"article","og_title":"Emocions! La meva primera biblioteca Montessori","og_description":"La teva botiga d\u2019ecocrian\u00e7a i espai d\u2019acompanyament a la maternitat","og_url":"https:\/\/somllavors.com\/es\/producte\/emocions-la-meva-primera-biblioteca-montessori","og_site_name":"Som Llavors","article_publisher":"https:\/\/www.facebook.com\/somllavorsvng\/?locale=ca_ES","article_modified_time":"2025-04-26T11:15:24+00:00","og_image":[{"width":552,"height":567,"url":"https:\/\/somllavors.com\/wp-content\/uploads\/EMOCIONS-LA-MEVA-PRIMERA-BIBLIOTECA-MONTESSORI-.jpeg","type":"image\/jpeg"}],"twitter_card":"summary_large_image","twitter_misc":{"Precio":"8,95&euro; Iva incl\u00f2s","Availability":"Hay existencias"},"schema":{"@context":"https:\/\/schema.org","@graph":[{"@type":"WebPage","@id":"https:\/\/somllavors.com\/es\/producte\/emocions-la-meva-primera-biblioteca-montessori","url":"https:\/\/somllavors.com\/es\/producte\/emocions-la-meva-primera-biblioteca-montessori","name":"Emocions! La meva primera biblioteca Montessori &#8212; Som Llavors","isPartOf":{"@id":"https:\/\/somllavors.com\/es#website"},"primaryImageOfPage":{"@id":"https:\/\/somllavors.com\/es\/producte\/emocions-la-meva-primera-biblioteca-montessori#primaryimage"},"image":{"@id":"https:\/\/somllavors.com\/es\/producte\/emocions-la-meva-primera-biblioteca-montessori#primaryimage"},"thumbnailUrl":"https:\/\/somllavors.com\/wp-content\/uploads\/EMOCIONS-LA-MEVA-PRIMERA-BIBLIOTECA-MONTESSORI-.jpeg","datePublished":"2022-04-11T14:29:40+00:00","dateModified":"2025-04-26T11:15:24+00:00","description":"La\u00a0pedagogia Montessori\u00a0defensa que tot el que es mostri a les criatures sigui el m\u00e9s realista possible, sobretot durant els sis primers anys. Aquest llibre cont\u00e9\u00a0fotografies de beb\u00e8s\u00a0perqu\u00e8 puguin\u00a0recon\u00e8ixer les expressions\u00a0de la cara i del cos, identifiquin diferents\u00a0emocions\u00a0i tractin\u00a0d'imitar-les. En ell trobarem diferents nens i nenes que mostren alegria, tristesa, ira i sorpresa. Al final del llibre, un\u00a0mirall\u00a0els permetr\u00e0 veure's reflectits perqu\u00e8 puguin jugar a fer ganyotes. Recomanat\u00a0a partir de 6 mesos. Elaborat amb l'assessorament d'una\u00a0guia Montessori.","breadcrumb":{"@id":"https:\/\/somllavors.com\/es\/producte\/emocions-la-meva-primera-biblioteca-montessori#breadcrumb"},"inLanguage":"es","potentialAction":[{"@type":"ReadAction","target":["https:\/\/somllavors.com\/es\/producte\/emocions-la-meva-primera-biblioteca-montessori"]}]},{"@type":"ImageObject","inLanguage":"es","@id":"https:\/\/somllavors.com\/es\/producte\/emocions-la-meva-primera-biblioteca-montessori#primaryimage","url":"https:\/\/somllavors.com\/wp-content\/uploads\/EMOCIONS-LA-MEVA-PRIMERA-BIBLIOTECA-MONTESSORI-.jpeg","contentUrl":"https:\/\/somllavors.com\/wp-content\/uploads\/EMOCIONS-LA-MEVA-PRIMERA-BIBLIOTECA-MONTESSORI-.jpeg","width":552,"height":567,"caption":"La pedagogia Montessori defensa que tot el que es mostri a les criatures sigui el m\u00e9s realista possible, sobretot durant els sis primers anys. Aquest llibre cont\u00e9 fotografies de beb\u00e8s perqu\u00e8 puguin recon\u00e8ixer les expressions de la cara i del cos, identifiquin diferents emocions i tractin d'imitar-les. En ell trobarem diferents nens i nenes que mostren alegria, tristesa, ira i sorpresa. Al final del llibre, un mirall els permetr\u00e0 veure's reflectits perqu\u00e8 puguin jugar a fer ganyotes. Recomanat a partir de 6 mesos. Elaborat amb l'assessorament d'una guia Montessori. T\u00edtols de la col\u00b7lecci\u00f3 La meva primera biblioteca Montessori"},{"@type":"BreadcrumbList","@id":"https:\/\/somllavors.com\/es\/producte\/emocions-la-meva-primera-biblioteca-montessori#breadcrumb","itemListElement":[{"@type":"ListItem","position":1,"name":"Inici","item":"https:\/\/somllavors.com\/es"},{"@type":"ListItem","position":2,"name":"Tienda","item":"https:\/\/somllavors.com\/es\/botiga-2"},{"@type":"ListItem","position":3,"name":"Emocions! La meva primera biblioteca Montessori"}]},{"@type":"WebSite","@id":"https:\/\/somllavors.com\/es#website","url":"https:\/\/somllavors.com\/es","name":"Som Llavors","description":"Botiga de crian\u00e7a natural","publisher":{"@id":"https:\/\/somllavors.com\/es#organization"},"alternateName":"Crian\u00e7a Natural i Sostenible","potentialAction":[{"@type":"SearchAction","target":{"@type":"EntryPoint","urlTemplate":"https:\/\/somllavors.com\/es?s={search_term_string}"},"query-input":{"@type":"PropertyValueSpecification","valueRequired":true,"valueName":"search_term_string"}}],"inLanguage":"es"},{"@type":["Organization","Place","Store"],"@id":"https:\/\/somllavors.com\/es#organization","name":"Som Llavors","alternateName":"Crian\u00e7a Natural i Sostenible","url":"https:\/\/somllavors.com\/es","logo":{"@id":"https:\/\/somllavors.com\/es\/producte\/emocions-la-meva-primera-biblioteca-montessori#local-main-organization-logo"},"image":{"@id":"https:\/\/somllavors.com\/es\/producte\/emocions-la-meva-primera-biblioteca-montessori#local-main-organization-logo"},"sameAs":["https:\/\/www.facebook.com\/somllavorsvng\/?locale=ca_ES","https:\/\/www.instagram.com\/somllavors_vng\/","https:\/\/www.youtube.com\/@somllavors"],"address":{"@id":"https:\/\/somllavors.com\/es\/producte\/emocions-la-meva-primera-biblioteca-montessori#local-main-place-address"},"geo":{"@type":"GeoCoordinates","latitude":"41.2257737","longitude":"1.723258859"},"telephone":["623152704","623152704"],"openingHoursSpecification":[{"@type":"OpeningHoursSpecification","dayOfWeek":["Monday","Sunday"],"opens":"00:00","closes":"00:00"},{"@type":"OpeningHoursSpecification","dayOfWeek":["Tuesday","Wednesday","Thursday","Friday"],"opens":"10:00","closes":"20:00"},{"@type":"OpeningHoursSpecification","dayOfWeek":["Saturday"],"opens":"10:00","closes":"13:30"}],"email":"info@somllavors.com"},{"@type":"PostalAddress","@id":"https:\/\/somllavors.com\/es\/producte\/emocions-la-meva-primera-biblioteca-montessori#local-main-place-address","streetAddress":"Carrer de l'aigua, 6","addressLocality":"Vilanova i la Geltr\u00fa","postalCode":"08800","addressRegion":"Barcelona","addressCountry":"ES"},{"@type":"ImageObject","inLanguage":"es","@id":"https:\/\/somllavors.com\/es\/producte\/emocions-la-meva-primera-biblioteca-montessori#local-main-organization-logo","url":"https:\/\/somllavors.com\/wp-content\/uploads\/Logotip-Som-Llavors.jpg","contentUrl":"https:\/\/somllavors.com\/wp-content\/uploads\/Logotip-Som-Llavors.jpg","width":1444,"height":1323,"caption":"Som Llavors"}]},"product_price_amount":"8.95","product_price_currency":"EUR","og_availability":"instock","product_availability":"instock","product_retailer_item_id":"9788413890388","product_condition":"new","geo.placename":"Vilanova i la Geltr\u00fa","geo.position":{"lat":"41.2257737","long":"1.723258859"},"geo.region":"Espa\u00f1a"},"brands":[],"_links":{"self":[{"href":"https:\/\/somllavors.com\/es\/wp-json\/wp\/v2\/product\/17575","targetHints":{"allow":["GET"]}}],"collection":[{"href":"https:\/\/somllavors.com\/es\/wp-json\/wp\/v2\/product"}],"about":[{"href":"https:\/\/somllavors.com\/es\/wp-json\/wp\/v2\/types\/product"}],"wp:featuredmedia":[{"embeddable":true,"href":"https:\/\/somllavors.com\/es\/wp-json\/wp\/v2\/media\/18609"}],"wp:attachment":[{"href":"https:\/\/somllavors.com\/es\/wp-json\/wp\/v2\/media?parent=17575"}],"wp:term":[{"taxonomy":"pwb-brand","embeddable":true,"href":"https:\/\/somllavors.com\/es\/wp-json\/wp\/v2\/pwb-brand?post=17575"},{"taxonomy":"product_brand","embeddable":true,"href":"https:\/\/somllavors.com\/es\/wp-json\/wp\/v2\/product_brand?post=17575"},{"taxonomy":"product_cat","embeddable":true,"href":"https:\/\/somllavors.com\/es\/wp-json\/wp\/v2\/product_cat?post=17575"},{"taxonomy":"product_tag","embeddable":true,"href":"https:\/\/somllavors.com\/es\/wp-json\/wp\/v2\/product_tag?post=17575"}],"curies":[{"name":"wp","href":"https:\/\/api.w.org\/{rel}","templated":true}]}}