{"id":17578,"date":"2022-04-11T16:31:41","date_gmt":"2022-04-11T14:31:41","guid":{"rendered":"https:\/\/somllavors.com\/?post_type=product&#038;p=17578"},"modified":"2023-12-20T11:18:41","modified_gmt":"2023-12-20T10:18:41","slug":"el-conte-de-laltre-dia","status":"publish","type":"product","link":"https:\/\/somllavors.com\/es\/producte\/el-conte-de-laltre-dia","title":{"rendered":"El conte de l\u2019altre dia"},"content":{"rendered":"","protected":false},"excerpt":{"rendered":"<p>\u00abEl conte de l&#8217;altre dia\u00bb representa l&#8217;amor incondicional als fills\/es a trav\u00e9s d&#8217;un tendre di\u00e0leg en la foscor d&#8217;una habitaci\u00f3 poc abans d&#8217;anar-se&#8217;n a dormir del qual es despr\u00e8n la capacitat dels infants per aconseguir que la persona adulta recuperi, de la seva infantesa, l&#8217;emoci\u00f3 i la fantasia perdudes. Moltes fam\u00edlies s&#8217;identificaran amb aquesta escena nocturna, tot esperant que els infants m\u00e9s petits de la casa caiguin rendits per la son.<\/p>\n","protected":false},"featured_media":18626,"template":"","meta":{"_acf_changed":false,"site-sidebar-layout":"default","site-content-layout":"default","ast-site-content-layout":"default","site-content-style":"default","site-sidebar-style":"default","ast-global-header-display":"","ast-banner-title-visibility":"","ast-main-header-display":"","ast-hfb-above-header-display":"","ast-hfb-below-header-display":"","ast-hfb-mobile-header-display":"","site-post-title":"","ast-breadcrumbs-content":"","ast-featured-img":"","footer-sml-layout":"","theme-transparent-header-meta":"default","adv-header-id-meta":"","stick-header-meta":"","header-above-stick-meta":"","header-main-stick-meta":"","header-below-stick-meta":"","astra-migrate-meta-layouts":"default","ast-page-background-enabled":"default","ast-page-background-meta":{"desktop":{"background-color":"","background-image":"","background-repeat":"repeat","background-position":"center center","background-size":"auto","background-attachment":"scroll","background-type":"","background-media":"","overlay-type":"","overlay-color":"","overlay-opacity":"","overlay-gradient":""},"tablet":{"background-color":"","background-image":"","background-repeat":"repeat","background-position":"center center","background-size":"auto","background-attachment":"scroll","background-type":"","background-media":"","overlay-type":"","overlay-color":"","overlay-opacity":"","overlay-gradient":""},"mobile":{"background-color":"","background-image":"","background-repeat":"repeat","background-position":"center center","background-size":"auto","background-attachment":"scroll","background-type":"","background-media":"","overlay-type":"","overlay-color":"","overlay-opacity":"","overlay-gradient":""}},"ast-content-background-meta":{"desktop":{"background-color":"var(--ast-global-color-5)","background-image":"","background-repeat":"repeat","background-position":"center center","background-size":"auto","background-attachment":"scroll","background-type":"","background-media":"","overlay-type":"","overlay-color":"","overlay-opacity":"","overlay-gradient":""},"tablet":{"background-color":"var(--ast-global-color-5)","background-image":"","background-repeat":"repeat","background-position":"center center","background-size":"auto","background-attachment":"scroll","background-type":"","background-media":"","overlay-type":"","overlay-color":"","overlay-opacity":"","overlay-gradient":""},"mobile":{"background-color":"var(--ast-global-color-5)","background-image":"","background-repeat":"repeat","background-position":"center center","background-size":"auto","background-attachment":"scroll","background-type":"","background-media":"","overlay-type":"","overlay-color":"","overlay-opacity":"","overlay-gradient":""}}},"pwb-brand":[],"product_brand":[],"product_cat":[567],"product_tag":[741,978],"class_list":{"0":"post-17578","1":"product","2":"type-product","3":"status-publish","4":"has-post-thumbnail","6":"product_cat-infantils","7":"product_tag-conte","8":"product_tag-kalandraka","9":"desktop-align-left","10":"tablet-align-left","11":"mobile-align-left","13":"first","14":"outofstock","15":"taxable","16":"shipping-taxable","17":"purchasable","18":"product-type-simple"},"acf":[],"yoast_head":"<!-- This site is optimized with the Yoast SEO Premium plugin v18.3 (Yoast SEO v27.4) - https:\/\/yoast.com\/product\/yoast-seo-premium-wordpress\/ -->\n<title>El conte de l\u2019altre dia &#8212; Som Llavors<\/title>\n<meta name=\"description\" content=\"\u00abEl conte de l&#039;altre dia\u00bb representa l&#039;amor incondicional als fills\/es a trav\u00e9s d&#039;un tendre di\u00e0leg en la foscor d&#039;una habitaci\u00f3 poc abans d&#039;anar-se&#039;n a dormir del qual es despr\u00e8n la capacitat dels infants per aconseguir que la persona adulta recuperi, de la seva infantesa, l&#039;emoci\u00f3 i la fantasia perdudes. Moltes fam\u00edlies s&#039;identificaran amb aquesta escena nocturna, tot esperant que els infants m\u00e9s petits de la casa caiguin rendits per la son.\" \/>\n<meta name=\"robots\" content=\"index, follow, max-snippet:-1, max-image-preview:large, max-video-preview:-1\" \/>\n<link rel=\"canonical\" href=\"https:\/\/somllavors.com\/es\/producte\/el-conte-de-laltre-dia\" \/>\n<meta property=\"og:locale\" content=\"es_ES\" \/>\n<meta property=\"og:type\" content=\"article\" \/>\n<meta property=\"og:title\" content=\"El conte de l\u2019altre dia\" \/>\n<meta property=\"og:description\" content=\"La teva botiga d\u2019ecocrian\u00e7a i espai d\u2019acompanyament a la maternitat\" \/>\n<meta property=\"og:url\" content=\"https:\/\/somllavors.com\/es\/producte\/el-conte-de-laltre-dia\" \/>\n<meta property=\"og:site_name\" content=\"Som Llavors\" \/>\n<meta property=\"article:publisher\" content=\"https:\/\/www.facebook.com\/somllavorsvng\/?locale=ca_ES\" \/>\n<meta property=\"article:modified_time\" content=\"2023-12-20T10:18:41+00:00\" \/>\n<meta property=\"og:image\" content=\"https:\/\/somllavors.com\/wp-content\/uploads\/EL-CONTE-DE-L-ALTRE-DIA-.jpeg\" \/>\n\t<meta property=\"og:image:width\" content=\"552\" \/>\n\t<meta property=\"og:image:height\" content=\"552\" \/>\n\t<meta property=\"og:image:type\" content=\"image\/jpeg\" \/>\n<meta name=\"twitter:card\" content=\"summary_large_image\" \/>\n<meta name=\"twitter:label1\" content=\"Precio\" \/>\n\t<meta name=\"twitter:data1\" content=\"14,00&euro; Iva incl\u00f2s\" \/>\n\t<meta name=\"twitter:label2\" content=\"Availability\" \/>\n\t<meta name=\"twitter:data2\" content=\"Out of stock\" \/>\n<script type=\"application\/ld+json\" class=\"yoast-schema-graph\">{\"@context\":\"https:\\\/\\\/schema.org\",\"@graph\":[{\"@type\":\"WebPage\",\"@id\":\"https:\\\/\\\/somllavors.com\\\/es\\\/producte\\\/el-conte-de-laltre-dia\",\"url\":\"https:\\\/\\\/somllavors.com\\\/es\\\/producte\\\/el-conte-de-laltre-dia\",\"name\":\"El conte de l\u2019altre dia &#8212; Som Llavors\",\"isPartOf\":{\"@id\":\"https:\\\/\\\/somllavors.com\\\/es#website\"},\"primaryImageOfPage\":{\"@id\":\"https:\\\/\\\/somllavors.com\\\/es\\\/producte\\\/el-conte-de-laltre-dia#primaryimage\"},\"image\":{\"@id\":\"https:\\\/\\\/somllavors.com\\\/es\\\/producte\\\/el-conte-de-laltre-dia#primaryimage\"},\"thumbnailUrl\":\"https:\\\/\\\/somllavors.com\\\/wp-content\\\/uploads\\\/EL-CONTE-DE-L-ALTRE-DIA-.jpeg\",\"datePublished\":\"2022-04-11T14:31:41+00:00\",\"dateModified\":\"2023-12-20T10:18:41+00:00\",\"description\":\"\u00abEl conte de l'altre dia\u00bb representa l'amor incondicional als fills\\\/es a trav\u00e9s d'un tendre di\u00e0leg en la foscor d'una habitaci\u00f3 poc abans d'anar-se'n a dormir del qual es despr\u00e8n la capacitat dels infants per aconseguir que la persona adulta recuperi, de la seva infantesa, l'emoci\u00f3 i la fantasia perdudes. Moltes fam\u00edlies s'identificaran amb aquesta escena nocturna, tot esperant que els infants m\u00e9s petits de la casa caiguin rendits per la son.\",\"breadcrumb\":{\"@id\":\"https:\\\/\\\/somllavors.com\\\/es\\\/producte\\\/el-conte-de-laltre-dia#breadcrumb\"},\"inLanguage\":\"es\",\"potentialAction\":[{\"@type\":\"ReadAction\",\"target\":[\"https:\\\/\\\/somllavors.com\\\/es\\\/producte\\\/el-conte-de-laltre-dia\"]}]},{\"@type\":\"ImageObject\",\"inLanguage\":\"es\",\"@id\":\"https:\\\/\\\/somllavors.com\\\/es\\\/producte\\\/el-conte-de-laltre-dia#primaryimage\",\"url\":\"https:\\\/\\\/somllavors.com\\\/wp-content\\\/uploads\\\/EL-CONTE-DE-L-ALTRE-DIA-.jpeg\",\"contentUrl\":\"https:\\\/\\\/somllavors.com\\\/wp-content\\\/uploads\\\/EL-CONTE-DE-L-ALTRE-DIA-.jpeg\",\"width\":552,\"height\":552,\"caption\":\"\u00abEl conte de l?altre dia\u00bb representa l?amor incondicional als fills -a trav\u00e9s d?un tendre di\u00e0leg en la foscor d?una habitaci\u00f3 poc abans d?anar-se?n a dormir- del qual es despr\u00e8n la capacitat dels infants per aconseguir que la persona adulta recuperi, de la seva infantesa, l?emoci\u00f3 i la fantasia perdudes. Moltes fam\u00edlies s?identificaran amb aquesta escena nocturna, tot esperant que els m\u00e9s petits de la casa caiguin rendits per la son.\"},{\"@type\":\"BreadcrumbList\",\"@id\":\"https:\\\/\\\/somllavors.com\\\/es\\\/producte\\\/el-conte-de-laltre-dia#breadcrumb\",\"itemListElement\":[{\"@type\":\"ListItem\",\"position\":1,\"name\":\"Inici\",\"item\":\"https:\\\/\\\/somllavors.com\\\/es\"},{\"@type\":\"ListItem\",\"position\":2,\"name\":\"Tienda\",\"item\":\"https:\\\/\\\/somllavors.com\\\/es\\\/botiga-2\"},{\"@type\":\"ListItem\",\"position\":3,\"name\":\"El conte de l\u2019altre dia\"}]},{\"@type\":\"WebSite\",\"@id\":\"https:\\\/\\\/somllavors.com\\\/es#website\",\"url\":\"https:\\\/\\\/somllavors.com\\\/es\",\"name\":\"Som Llavors\",\"description\":\"Botiga de crian\u00e7a natural\",\"publisher\":{\"@id\":\"https:\\\/\\\/somllavors.com\\\/es#organization\"},\"alternateName\":\"Crian\u00e7a Natural i Sostenible\",\"potentialAction\":[{\"@type\":\"SearchAction\",\"target\":{\"@type\":\"EntryPoint\",\"urlTemplate\":\"https:\\\/\\\/somllavors.com\\\/es?s={search_term_string}\"},\"query-input\":{\"@type\":\"PropertyValueSpecification\",\"valueRequired\":true,\"valueName\":\"search_term_string\"}}],\"inLanguage\":\"es\"},{\"@type\":[\"Organization\",\"Place\",\"Store\"],\"@id\":\"https:\\\/\\\/somllavors.com\\\/es#organization\",\"name\":\"Som Llavors\",\"alternateName\":\"Crian\u00e7a Natural i Sostenible\",\"url\":\"https:\\\/\\\/somllavors.com\\\/es\",\"logo\":{\"@id\":\"https:\\\/\\\/somllavors.com\\\/es\\\/producte\\\/el-conte-de-laltre-dia#local-main-organization-logo\"},\"image\":{\"@id\":\"https:\\\/\\\/somllavors.com\\\/es\\\/producte\\\/el-conte-de-laltre-dia#local-main-organization-logo\"},\"sameAs\":[\"https:\\\/\\\/www.facebook.com\\\/somllavorsvng\\\/?locale=ca_ES\",\"https:\\\/\\\/www.instagram.com\\\/somllavors_vng\\\/\",\"https:\\\/\\\/www.youtube.com\\\/@somllavors\"],\"address\":{\"@id\":\"https:\\\/\\\/somllavors.com\\\/es\\\/producte\\\/el-conte-de-laltre-dia#local-main-place-address\"},\"geo\":{\"@type\":\"GeoCoordinates\",\"latitude\":\"41.2257737\",\"longitude\":\"1.723258859\"},\"telephone\":[\"623152704\"],\"openingHoursSpecification\":[{\"@type\":\"OpeningHoursSpecification\",\"dayOfWeek\":[\"Monday\",\"Sunday\"],\"opens\":\"00:00\",\"closes\":\"00:00\"},{\"@type\":\"OpeningHoursSpecification\",\"dayOfWeek\":[\"Tuesday\",\"Wednesday\",\"Thursday\",\"Friday\"],\"opens\":\"10:00\",\"closes\":\"20:00\"},{\"@type\":\"OpeningHoursSpecification\",\"dayOfWeek\":[\"Saturday\"],\"opens\":\"10:00\",\"closes\":\"13:30\"}],\"email\":\"info@somllavors.com\"},{\"@type\":\"PostalAddress\",\"@id\":\"https:\\\/\\\/somllavors.com\\\/es\\\/producte\\\/el-conte-de-laltre-dia#local-main-place-address\",\"streetAddress\":\"Carrer de l'aigua, 6\",\"addressLocality\":\"Vilanova i la Geltr\u00fa\",\"postalCode\":\"08800\",\"addressRegion\":\"Barcelona\",\"addressCountry\":\"ES\"},{\"@type\":\"ImageObject\",\"inLanguage\":\"es\",\"@id\":\"https:\\\/\\\/somllavors.com\\\/es\\\/producte\\\/el-conte-de-laltre-dia#local-main-organization-logo\",\"url\":\"https:\\\/\\\/somllavors.com\\\/wp-content\\\/uploads\\\/Logotip-Som-Llavors.jpg\",\"contentUrl\":\"https:\\\/\\\/somllavors.com\\\/wp-content\\\/uploads\\\/Logotip-Som-Llavors.jpg\",\"width\":1444,\"height\":1323,\"caption\":\"Som Llavors\"}]}<\/script>\n<meta property=\"product:price:amount\" content=\"14.00\" \/>\n<meta property=\"product:price:currency\" content=\"EUR\" \/>\n<meta property=\"og:availability\" content=\"out of stock\" \/>\n<meta property=\"product:availability\" content=\"out of stock\" \/>\n<meta property=\"product:retailer_item_id\" content=\"9788416804948\" \/>\n<meta property=\"product:condition\" content=\"new\" \/>\n<meta name=\"geo.placename\" content=\"Vilanova i la Geltr\u00fa\" \/>\n<meta name=\"geo.position\" content=\"41.2257737;1.723258859\" \/>\n<meta name=\"geo.region\" content=\"Espa\u00f1a\" \/>\n<!-- \/ Yoast SEO Premium plugin. -->","yoast_head_json":{"title":"El conte de l\u2019altre dia &#8212; Som Llavors","description":"\u00abEl conte de l'altre dia\u00bb representa l'amor incondicional als fills\/es a trav\u00e9s d'un tendre di\u00e0leg en la foscor d'una habitaci\u00f3 poc abans d'anar-se'n a dormir del qual es despr\u00e8n la capacitat dels infants per aconseguir que la persona adulta recuperi, de la seva infantesa, l'emoci\u00f3 i la fantasia perdudes. Moltes fam\u00edlies s'identificaran amb aquesta escena nocturna, tot esperant que els infants m\u00e9s petits de la casa caiguin rendits per la son.","robots":{"index":"index","follow":"follow","max-snippet":"max-snippet:-1","max-image-preview":"max-image-preview:large","max-video-preview":"max-video-preview:-1"},"canonical":"https:\/\/somllavors.com\/es\/producte\/el-conte-de-laltre-dia","og_locale":"es_ES","og_type":"article","og_title":"El conte de l\u2019altre dia","og_description":"La teva botiga d\u2019ecocrian\u00e7a i espai d\u2019acompanyament a la maternitat","og_url":"https:\/\/somllavors.com\/es\/producte\/el-conte-de-laltre-dia","og_site_name":"Som Llavors","article_publisher":"https:\/\/www.facebook.com\/somllavorsvng\/?locale=ca_ES","article_modified_time":"2023-12-20T10:18:41+00:00","og_image":[{"width":552,"height":552,"url":"https:\/\/somllavors.com\/wp-content\/uploads\/EL-CONTE-DE-L-ALTRE-DIA-.jpeg","type":"image\/jpeg"}],"twitter_card":"summary_large_image","twitter_misc":{"Precio":"14,00&euro; Iva incl\u00f2s","Availability":"Out of stock"},"schema":{"@context":"https:\/\/schema.org","@graph":[{"@type":"WebPage","@id":"https:\/\/somllavors.com\/es\/producte\/el-conte-de-laltre-dia","url":"https:\/\/somllavors.com\/es\/producte\/el-conte-de-laltre-dia","name":"El conte de l\u2019altre dia &#8212; Som Llavors","isPartOf":{"@id":"https:\/\/somllavors.com\/es#website"},"primaryImageOfPage":{"@id":"https:\/\/somllavors.com\/es\/producte\/el-conte-de-laltre-dia#primaryimage"},"image":{"@id":"https:\/\/somllavors.com\/es\/producte\/el-conte-de-laltre-dia#primaryimage"},"thumbnailUrl":"https:\/\/somllavors.com\/wp-content\/uploads\/EL-CONTE-DE-L-ALTRE-DIA-.jpeg","datePublished":"2022-04-11T14:31:41+00:00","dateModified":"2023-12-20T10:18:41+00:00","description":"\u00abEl conte de l'altre dia\u00bb representa l'amor incondicional als fills\/es a trav\u00e9s d'un tendre di\u00e0leg en la foscor d'una habitaci\u00f3 poc abans d'anar-se'n a dormir del qual es despr\u00e8n la capacitat dels infants per aconseguir que la persona adulta recuperi, de la seva infantesa, l'emoci\u00f3 i la fantasia perdudes. Moltes fam\u00edlies s'identificaran amb aquesta escena nocturna, tot esperant que els infants m\u00e9s petits de la casa caiguin rendits per la son.","breadcrumb":{"@id":"https:\/\/somllavors.com\/es\/producte\/el-conte-de-laltre-dia#breadcrumb"},"inLanguage":"es","potentialAction":[{"@type":"ReadAction","target":["https:\/\/somllavors.com\/es\/producte\/el-conte-de-laltre-dia"]}]},{"@type":"ImageObject","inLanguage":"es","@id":"https:\/\/somllavors.com\/es\/producte\/el-conte-de-laltre-dia#primaryimage","url":"https:\/\/somllavors.com\/wp-content\/uploads\/EL-CONTE-DE-L-ALTRE-DIA-.jpeg","contentUrl":"https:\/\/somllavors.com\/wp-content\/uploads\/EL-CONTE-DE-L-ALTRE-DIA-.jpeg","width":552,"height":552,"caption":"\u00abEl conte de l?altre dia\u00bb representa l?amor incondicional als fills -a trav\u00e9s d?un tendre di\u00e0leg en la foscor d?una habitaci\u00f3 poc abans d?anar-se?n a dormir- del qual es despr\u00e8n la capacitat dels infants per aconseguir que la persona adulta recuperi, de la seva infantesa, l?emoci\u00f3 i la fantasia perdudes. Moltes fam\u00edlies s?identificaran amb aquesta escena nocturna, tot esperant que els m\u00e9s petits de la casa caiguin rendits per la son."},{"@type":"BreadcrumbList","@id":"https:\/\/somllavors.com\/es\/producte\/el-conte-de-laltre-dia#breadcrumb","itemListElement":[{"@type":"ListItem","position":1,"name":"Inici","item":"https:\/\/somllavors.com\/es"},{"@type":"ListItem","position":2,"name":"Tienda","item":"https:\/\/somllavors.com\/es\/botiga-2"},{"@type":"ListItem","position":3,"name":"El conte de l\u2019altre dia"}]},{"@type":"WebSite","@id":"https:\/\/somllavors.com\/es#website","url":"https:\/\/somllavors.com\/es","name":"Som Llavors","description":"Botiga de crian\u00e7a natural","publisher":{"@id":"https:\/\/somllavors.com\/es#organization"},"alternateName":"Crian\u00e7a Natural i Sostenible","potentialAction":[{"@type":"SearchAction","target":{"@type":"EntryPoint","urlTemplate":"https:\/\/somllavors.com\/es?s={search_term_string}"},"query-input":{"@type":"PropertyValueSpecification","valueRequired":true,"valueName":"search_term_string"}}],"inLanguage":"es"},{"@type":["Organization","Place","Store"],"@id":"https:\/\/somllavors.com\/es#organization","name":"Som Llavors","alternateName":"Crian\u00e7a Natural i Sostenible","url":"https:\/\/somllavors.com\/es","logo":{"@id":"https:\/\/somllavors.com\/es\/producte\/el-conte-de-laltre-dia#local-main-organization-logo"},"image":{"@id":"https:\/\/somllavors.com\/es\/producte\/el-conte-de-laltre-dia#local-main-organization-logo"},"sameAs":["https:\/\/www.facebook.com\/somllavorsvng\/?locale=ca_ES","https:\/\/www.instagram.com\/somllavors_vng\/","https:\/\/www.youtube.com\/@somllavors"],"address":{"@id":"https:\/\/somllavors.com\/es\/producte\/el-conte-de-laltre-dia#local-main-place-address"},"geo":{"@type":"GeoCoordinates","latitude":"41.2257737","longitude":"1.723258859"},"telephone":["623152704","623152704"],"openingHoursSpecification":[{"@type":"OpeningHoursSpecification","dayOfWeek":["Monday","Sunday"],"opens":"00:00","closes":"00:00"},{"@type":"OpeningHoursSpecification","dayOfWeek":["Tuesday","Wednesday","Thursday","Friday"],"opens":"10:00","closes":"20:00"},{"@type":"OpeningHoursSpecification","dayOfWeek":["Saturday"],"opens":"10:00","closes":"13:30"}],"email":"info@somllavors.com"},{"@type":"PostalAddress","@id":"https:\/\/somllavors.com\/es\/producte\/el-conte-de-laltre-dia#local-main-place-address","streetAddress":"Carrer de l'aigua, 6","addressLocality":"Vilanova i la Geltr\u00fa","postalCode":"08800","addressRegion":"Barcelona","addressCountry":"ES"},{"@type":"ImageObject","inLanguage":"es","@id":"https:\/\/somllavors.com\/es\/producte\/el-conte-de-laltre-dia#local-main-organization-logo","url":"https:\/\/somllavors.com\/wp-content\/uploads\/Logotip-Som-Llavors.jpg","contentUrl":"https:\/\/somllavors.com\/wp-content\/uploads\/Logotip-Som-Llavors.jpg","width":1444,"height":1323,"caption":"Som Llavors"}]},"product_price_amount":"14.00","product_price_currency":"EUR","og_availability":"out of stock","product_availability":"out of stock","product_retailer_item_id":"9788416804948","product_condition":"new","geo.placename":"Vilanova i la Geltr\u00fa","geo.position":{"lat":"41.2257737","long":"1.723258859"},"geo.region":"Espa\u00f1a"},"brands":[],"_links":{"self":[{"href":"https:\/\/somllavors.com\/es\/wp-json\/wp\/v2\/product\/17578","targetHints":{"allow":["GET"]}}],"collection":[{"href":"https:\/\/somllavors.com\/es\/wp-json\/wp\/v2\/product"}],"about":[{"href":"https:\/\/somllavors.com\/es\/wp-json\/wp\/v2\/types\/product"}],"wp:featuredmedia":[{"embeddable":true,"href":"https:\/\/somllavors.com\/es\/wp-json\/wp\/v2\/media\/18626"}],"wp:attachment":[{"href":"https:\/\/somllavors.com\/es\/wp-json\/wp\/v2\/media?parent=17578"}],"wp:term":[{"taxonomy":"pwb-brand","embeddable":true,"href":"https:\/\/somllavors.com\/es\/wp-json\/wp\/v2\/pwb-brand?post=17578"},{"taxonomy":"product_brand","embeddable":true,"href":"https:\/\/somllavors.com\/es\/wp-json\/wp\/v2\/product_brand?post=17578"},{"taxonomy":"product_cat","embeddable":true,"href":"https:\/\/somllavors.com\/es\/wp-json\/wp\/v2\/product_cat?post=17578"},{"taxonomy":"product_tag","embeddable":true,"href":"https:\/\/somllavors.com\/es\/wp-json\/wp\/v2\/product_tag?post=17578"}],"curies":[{"name":"wp","href":"https:\/\/api.w.org\/{rel}","templated":true}]}}