{"id":17759,"date":"2022-04-20T23:10:16","date_gmt":"2022-04-20T21:10:16","guid":{"rendered":"https:\/\/somllavors.com\/?post_type=product&#038;p=17759"},"modified":"2022-12-26T20:34:26","modified_gmt":"2022-12-26T19:34:26","slug":"set-del-mar-a-la-banyera","status":"publish","type":"product","link":"https:\/\/somllavors.com\/es\/producte\/set-del-mar-a-la-banyera","title":{"rendered":"Set del mar a la banyera"},"content":{"rendered":"<ul>\n<li>Les petxines de la mida del palmell de la m\u00e0 s\u00f3n la mida perfecta per recollir i abocar aigua per rentar els infants en banyeres infantils, mentre que tot el conjunt tamb\u00e9 \u00e9s ideal per a la platja i pel parc.<\/li>\n<li>Les peces es fabriquen a partir de pl\u00e0stic reciclat OceanBound (pl\u00e0stic en risc d&#8217;ingressar als nostres oceans al llarg de les costes a comunitats que no tenen infraestructura de reciclatge).<\/li>\n<li>Quan sigui el moment de recollir, la cistella d&#8217;emmagatzematge ser\u00e0 un bon instrument; els orificis a tota la cistella permeten que l&#8217;aigua no s\u2019acumuli.<\/li>\n<li>Edat recomanada: a partir del 6 mesos.<\/li>\n<li>Mides: 25,4 x 12,7 x 21,59 cm la cistella.<\/li>\n<\/ul>\n","protected":false},"excerpt":{"rendered":"<p>El set del mar a la banyera OceanBound de 7 peces, inclou una estrella de mar, una vieira, un abul\u00f3, un cargol, un calamar i una medusa i una bossa d&#8217;emmagatzematge amb dibuixos d&#8217;algues marines.<\/p>\n","protected":false},"featured_media":17762,"template":"","meta":{"_acf_changed":false,"site-sidebar-layout":"default","site-content-layout":"default","ast-site-content-layout":"default","site-content-style":"default","site-sidebar-style":"default","ast-global-header-display":"","ast-banner-title-visibility":"","ast-main-header-display":"","ast-hfb-above-header-display":"","ast-hfb-below-header-display":"","ast-hfb-mobile-header-display":"","site-post-title":"","ast-breadcrumbs-content":"","ast-featured-img":"","footer-sml-layout":"","ast-disable-related-posts":"","theme-transparent-header-meta":"default","adv-header-id-meta":"","stick-header-meta":"","header-above-stick-meta":"","header-main-stick-meta":"","header-below-stick-meta":"","astra-migrate-meta-layouts":"default","ast-page-background-enabled":"default","ast-page-background-meta":{"desktop":{"background-color":"","background-image":"","background-repeat":"repeat","background-position":"center center","background-size":"auto","background-attachment":"scroll","background-type":"","background-media":"","overlay-type":"","overlay-color":"","overlay-opacity":"","overlay-gradient":""},"tablet":{"background-color":"","background-image":"","background-repeat":"repeat","background-position":"center center","background-size":"auto","background-attachment":"scroll","background-type":"","background-media":"","overlay-type":"","overlay-color":"","overlay-opacity":"","overlay-gradient":""},"mobile":{"background-color":"","background-image":"","background-repeat":"repeat","background-position":"center center","background-size":"auto","background-attachment":"scroll","background-type":"","background-media":"","overlay-type":"","overlay-color":"","overlay-opacity":"","overlay-gradient":""}},"ast-content-background-meta":{"desktop":{"background-color":"var(--ast-global-color-5)","background-image":"","background-repeat":"repeat","background-position":"center center","background-size":"auto","background-attachment":"scroll","background-type":"","background-media":"","overlay-type":"","overlay-color":"","overlay-opacity":"","overlay-gradient":""},"tablet":{"background-color":"var(--ast-global-color-5)","background-image":"","background-repeat":"repeat","background-position":"center center","background-size":"auto","background-attachment":"scroll","background-type":"","background-media":"","overlay-type":"","overlay-color":"","overlay-opacity":"","overlay-gradient":""},"mobile":{"background-color":"var(--ast-global-color-5)","background-image":"","background-repeat":"repeat","background-position":"center center","background-size":"auto","background-attachment":"scroll","background-type":"","background-media":"","overlay-type":"","overlay-color":"","overlay-opacity":"","overlay-gradient":""}}},"pwb-brand":[],"product_brand":[],"product_cat":[3360,3361,3362,3363,3364,3365,3359,3366,1677,1107,132],"product_tag":[1650,1786,790],"class_list":{"0":"post-17759","1":"product","2":"type-product","3":"status-publish","4":"has-post-thumbnail","6":"product_cat-12-mesos","7":"product_cat-18-mesos","8":"product_cat-2-anys","9":"product_cat-3-anys","10":"product_cat-4-anys","11":"product_cat-6-anys","12":"product_cat-6-mesos","13":"product_cat-8-anys","14":"product_cat-benvingut-estiu","15":"product_cat-jocs-dexterior","16":"product_cat-lhora-del-bany","17":"product_tag-greentoys","18":"product_tag-oceanbound","19":"product_tag-plastico-reciclado","20":"desktop-align-left","21":"tablet-align-left","22":"mobile-align-left","24":"first","25":"outofstock","26":"taxable","27":"shipping-taxable","28":"purchasable","29":"product-type-simple"},"acf":[],"yoast_head":"<!-- This site is optimized with the Yoast SEO Premium plugin v18.3 (Yoast SEO v27.4) - https:\/\/yoast.com\/product\/yoast-seo-premium-wordpress\/ -->\n<title>Set del mar a la banyera &#8212; Som Llavors<\/title>\n<meta name=\"description\" content=\"El set del mar a la banyera OceanBound de 7 peces, inclou una estrella de mar, una vieira, un abul\u00f3, un cargol, un calamar i una medusa i una bossa d&#039;emmagatzematge amb dibuixos d&#039;algues marines.\" \/>\n<meta name=\"robots\" content=\"index, follow, max-snippet:-1, max-image-preview:large, max-video-preview:-1\" \/>\n<link rel=\"canonical\" href=\"https:\/\/somllavors.com\/es\/producte\/set-del-mar-a-la-banyera\" \/>\n<meta property=\"og:locale\" content=\"es_ES\" \/>\n<meta property=\"og:type\" content=\"article\" \/>\n<meta property=\"og:title\" content=\"Set del mar a la banyera\" \/>\n<meta property=\"og:description\" content=\"La teva botiga d\u2019ecocrian\u00e7a i espai d\u2019acompanyament a la maternitat\" \/>\n<meta property=\"og:url\" content=\"https:\/\/somllavors.com\/es\/producte\/set-del-mar-a-la-banyera\" \/>\n<meta property=\"og:site_name\" content=\"Som Llavors\" \/>\n<meta property=\"article:publisher\" content=\"https:\/\/www.facebook.com\/somllavorsvng\/?locale=ca_ES\" \/>\n<meta property=\"article:modified_time\" content=\"2022-12-26T19:34:26+00:00\" \/>\n<meta property=\"og:image\" content=\"https:\/\/somllavors.com\/wp-content\/uploads\/46AEB711-69C7-4B22-81F8-4A49B745C1B6.jpeg\" \/>\n\t<meta property=\"og:image:width\" content=\"1080\" \/>\n\t<meta property=\"og:image:height\" content=\"1080\" \/>\n\t<meta property=\"og:image:type\" content=\"image\/jpeg\" \/>\n<meta name=\"twitter:card\" content=\"summary_large_image\" \/>\n<meta name=\"twitter:label1\" content=\"Precio\" \/>\n\t<meta name=\"twitter:data1\" content=\"29,99&euro; Iva incl\u00f2s\" \/>\n\t<meta name=\"twitter:label2\" content=\"Availability\" \/>\n\t<meta name=\"twitter:data2\" content=\"Out of stock\" \/>\n<script type=\"application\/ld+json\" class=\"yoast-schema-graph\">{\"@context\":\"https:\\\/\\\/schema.org\",\"@graph\":[{\"@type\":\"WebPage\",\"@id\":\"https:\\\/\\\/somllavors.com\\\/es\\\/producte\\\/set-del-mar-a-la-banyera\",\"url\":\"https:\\\/\\\/somllavors.com\\\/es\\\/producte\\\/set-del-mar-a-la-banyera\",\"name\":\"Set del mar a la banyera &#8212; Som Llavors\",\"isPartOf\":{\"@id\":\"https:\\\/\\\/somllavors.com\\\/es#website\"},\"primaryImageOfPage\":{\"@id\":\"https:\\\/\\\/somllavors.com\\\/es\\\/producte\\\/set-del-mar-a-la-banyera#primaryimage\"},\"image\":{\"@id\":\"https:\\\/\\\/somllavors.com\\\/es\\\/producte\\\/set-del-mar-a-la-banyera#primaryimage\"},\"thumbnailUrl\":\"https:\\\/\\\/somllavors.com\\\/wp-content\\\/uploads\\\/46AEB711-69C7-4B22-81F8-4A49B745C1B6.jpeg\",\"datePublished\":\"2022-04-20T21:10:16+00:00\",\"dateModified\":\"2022-12-26T19:34:26+00:00\",\"description\":\"El set del mar a la banyera OceanBound de 7 peces, inclou una estrella de mar, una vieira, un abul\u00f3, un cargol, un calamar i una medusa i una bossa d'emmagatzematge amb dibuixos d'algues marines.\",\"breadcrumb\":{\"@id\":\"https:\\\/\\\/somllavors.com\\\/es\\\/producte\\\/set-del-mar-a-la-banyera#breadcrumb\"},\"inLanguage\":\"es\",\"potentialAction\":[{\"@type\":\"ReadAction\",\"target\":[\"https:\\\/\\\/somllavors.com\\\/es\\\/producte\\\/set-del-mar-a-la-banyera\"]}]},{\"@type\":\"ImageObject\",\"inLanguage\":\"es\",\"@id\":\"https:\\\/\\\/somllavors.com\\\/es\\\/producte\\\/set-del-mar-a-la-banyera#primaryimage\",\"url\":\"https:\\\/\\\/somllavors.com\\\/wp-content\\\/uploads\\\/46AEB711-69C7-4B22-81F8-4A49B745C1B6.jpeg\",\"contentUrl\":\"https:\\\/\\\/somllavors.com\\\/wp-content\\\/uploads\\\/46AEB711-69C7-4B22-81F8-4A49B745C1B6.jpeg\",\"width\":1080,\"height\":1080,\"caption\":\"El set del mar a la ba\u00f1era OceanBound de 7 piezas, incluye una estrella de mar, una vieira, un abul\u00f3n, un caracol, un calamar y una medusa, as\u00ed como una bolsa de almacenamiento con dibujos de algas marinas. Las conchas del tama\u00f1o de la palma de la mano son el tama\u00f1o perfecto para recoger y verter agua para lavar a los m\u00e1s peque\u00f1os en ba\u00f1eras infantiles, mientras que todo el conjunto tambi\u00e9n es ideal para la playa y el patio trasero. Adem\u00e1s, las piezas se fabrican a partir de pl\u00e1stico reciclado OceanBound (pl\u00e1stico en riesgo de ingresar a nuestros oc\u00e9anos a lo largo de las costas en comunidades que carecen de infraestructura de reciclaje). Cuando sea el momento de la limpieza, recoja todas las piezas en la cesta de almacenamiento; los orificios en toda la cesta permiten que el agua se drene f\u00e1cilmente.\"},{\"@type\":\"BreadcrumbList\",\"@id\":\"https:\\\/\\\/somllavors.com\\\/es\\\/producte\\\/set-del-mar-a-la-banyera#breadcrumb\",\"itemListElement\":[{\"@type\":\"ListItem\",\"position\":1,\"name\":\"Inici\",\"item\":\"https:\\\/\\\/somllavors.com\\\/es\"},{\"@type\":\"ListItem\",\"position\":2,\"name\":\"Tienda\",\"item\":\"https:\\\/\\\/somllavors.com\\\/es\\\/botiga-2\"},{\"@type\":\"ListItem\",\"position\":3,\"name\":\"Set del mar a la banyera\"}]},{\"@type\":\"WebSite\",\"@id\":\"https:\\\/\\\/somllavors.com\\\/es#website\",\"url\":\"https:\\\/\\\/somllavors.com\\\/es\",\"name\":\"Som Llavors\",\"description\":\"Botiga de crian\u00e7a natural\",\"publisher\":{\"@id\":\"https:\\\/\\\/somllavors.com\\\/es#organization\"},\"alternateName\":\"Crian\u00e7a Natural i Sostenible\",\"potentialAction\":[{\"@type\":\"SearchAction\",\"target\":{\"@type\":\"EntryPoint\",\"urlTemplate\":\"https:\\\/\\\/somllavors.com\\\/es?s={search_term_string}\"},\"query-input\":{\"@type\":\"PropertyValueSpecification\",\"valueRequired\":true,\"valueName\":\"search_term_string\"}}],\"inLanguage\":\"es\"},{\"@type\":[\"Organization\",\"Place\",\"Store\"],\"@id\":\"https:\\\/\\\/somllavors.com\\\/es#organization\",\"name\":\"Som Llavors\",\"alternateName\":\"Crian\u00e7a Natural i Sostenible\",\"url\":\"https:\\\/\\\/somllavors.com\\\/es\",\"logo\":{\"@id\":\"https:\\\/\\\/somllavors.com\\\/es\\\/producte\\\/set-del-mar-a-la-banyera#local-main-organization-logo\"},\"image\":{\"@id\":\"https:\\\/\\\/somllavors.com\\\/es\\\/producte\\\/set-del-mar-a-la-banyera#local-main-organization-logo\"},\"sameAs\":[\"https:\\\/\\\/www.facebook.com\\\/somllavorsvng\\\/?locale=ca_ES\",\"https:\\\/\\\/www.instagram.com\\\/somllavors_vng\\\/\",\"https:\\\/\\\/www.youtube.com\\\/@somllavors\"],\"address\":{\"@id\":\"https:\\\/\\\/somllavors.com\\\/es\\\/producte\\\/set-del-mar-a-la-banyera#local-main-place-address\"},\"geo\":{\"@type\":\"GeoCoordinates\",\"latitude\":\"41.2257737\",\"longitude\":\"1.723258859\"},\"telephone\":[\"623152704\"],\"openingHoursSpecification\":[{\"@type\":\"OpeningHoursSpecification\",\"dayOfWeek\":[\"Monday\",\"Sunday\"],\"opens\":\"00:00\",\"closes\":\"00:00\"},{\"@type\":\"OpeningHoursSpecification\",\"dayOfWeek\":[\"Tuesday\",\"Wednesday\",\"Thursday\",\"Friday\"],\"opens\":\"10:00\",\"closes\":\"20:00\"},{\"@type\":\"OpeningHoursSpecification\",\"dayOfWeek\":[\"Saturday\"],\"opens\":\"10:00\",\"closes\":\"13:30\"}],\"email\":\"info@somllavors.com\"},{\"@type\":\"PostalAddress\",\"@id\":\"https:\\\/\\\/somllavors.com\\\/es\\\/producte\\\/set-del-mar-a-la-banyera#local-main-place-address\",\"streetAddress\":\"Carrer de l'aigua, 6\",\"addressLocality\":\"Vilanova i la Geltr\u00fa\",\"postalCode\":\"08800\",\"addressRegion\":\"Barcelona\",\"addressCountry\":\"ES\"},{\"@type\":\"ImageObject\",\"inLanguage\":\"es\",\"@id\":\"https:\\\/\\\/somllavors.com\\\/es\\\/producte\\\/set-del-mar-a-la-banyera#local-main-organization-logo\",\"url\":\"https:\\\/\\\/somllavors.com\\\/wp-content\\\/uploads\\\/Logotip-Som-Llavors.jpg\",\"contentUrl\":\"https:\\\/\\\/somllavors.com\\\/wp-content\\\/uploads\\\/Logotip-Som-Llavors.jpg\",\"width\":1444,\"height\":1323,\"caption\":\"Som Llavors\"}]}<\/script>\n<meta property=\"product:price:amount\" content=\"29.99\" \/>\n<meta property=\"product:price:currency\" content=\"EUR\" \/>\n<meta property=\"og:availability\" content=\"out of stock\" \/>\n<meta property=\"product:availability\" content=\"out of stock\" \/>\n<meta property=\"product:retailer_item_id\" content=\"TDOB-1338\" \/>\n<meta property=\"product:condition\" content=\"new\" \/>\n<meta name=\"geo.placename\" content=\"Vilanova i la Geltr\u00fa\" \/>\n<meta name=\"geo.position\" content=\"41.2257737;1.723258859\" \/>\n<meta name=\"geo.region\" content=\"Espa\u00f1a\" \/>\n<!-- \/ Yoast SEO Premium plugin. -->","yoast_head_json":{"title":"Set del mar a la banyera &#8212; Som Llavors","description":"El set del mar a la banyera OceanBound de 7 peces, inclou una estrella de mar, una vieira, un abul\u00f3, un cargol, un calamar i una medusa i una bossa d'emmagatzematge amb dibuixos d'algues marines.","robots":{"index":"index","follow":"follow","max-snippet":"max-snippet:-1","max-image-preview":"max-image-preview:large","max-video-preview":"max-video-preview:-1"},"canonical":"https:\/\/somllavors.com\/es\/producte\/set-del-mar-a-la-banyera","og_locale":"es_ES","og_type":"article","og_title":"Set del mar a la banyera","og_description":"La teva botiga d\u2019ecocrian\u00e7a i espai d\u2019acompanyament a la maternitat","og_url":"https:\/\/somllavors.com\/es\/producte\/set-del-mar-a-la-banyera","og_site_name":"Som Llavors","article_publisher":"https:\/\/www.facebook.com\/somllavorsvng\/?locale=ca_ES","article_modified_time":"2022-12-26T19:34:26+00:00","og_image":[{"width":1080,"height":1080,"url":"https:\/\/somllavors.com\/wp-content\/uploads\/46AEB711-69C7-4B22-81F8-4A49B745C1B6.jpeg","type":"image\/jpeg"}],"twitter_card":"summary_large_image","twitter_misc":{"Precio":"29,99&euro; Iva incl\u00f2s","Availability":"Out of stock"},"schema":{"@context":"https:\/\/schema.org","@graph":[{"@type":"WebPage","@id":"https:\/\/somllavors.com\/es\/producte\/set-del-mar-a-la-banyera","url":"https:\/\/somllavors.com\/es\/producte\/set-del-mar-a-la-banyera","name":"Set del mar a la banyera &#8212; Som Llavors","isPartOf":{"@id":"https:\/\/somllavors.com\/es#website"},"primaryImageOfPage":{"@id":"https:\/\/somllavors.com\/es\/producte\/set-del-mar-a-la-banyera#primaryimage"},"image":{"@id":"https:\/\/somllavors.com\/es\/producte\/set-del-mar-a-la-banyera#primaryimage"},"thumbnailUrl":"https:\/\/somllavors.com\/wp-content\/uploads\/46AEB711-69C7-4B22-81F8-4A49B745C1B6.jpeg","datePublished":"2022-04-20T21:10:16+00:00","dateModified":"2022-12-26T19:34:26+00:00","description":"El set del mar a la banyera OceanBound de 7 peces, inclou una estrella de mar, una vieira, un abul\u00f3, un cargol, un calamar i una medusa i una bossa d'emmagatzematge amb dibuixos d'algues marines.","breadcrumb":{"@id":"https:\/\/somllavors.com\/es\/producte\/set-del-mar-a-la-banyera#breadcrumb"},"inLanguage":"es","potentialAction":[{"@type":"ReadAction","target":["https:\/\/somllavors.com\/es\/producte\/set-del-mar-a-la-banyera"]}]},{"@type":"ImageObject","inLanguage":"es","@id":"https:\/\/somllavors.com\/es\/producte\/set-del-mar-a-la-banyera#primaryimage","url":"https:\/\/somllavors.com\/wp-content\/uploads\/46AEB711-69C7-4B22-81F8-4A49B745C1B6.jpeg","contentUrl":"https:\/\/somllavors.com\/wp-content\/uploads\/46AEB711-69C7-4B22-81F8-4A49B745C1B6.jpeg","width":1080,"height":1080,"caption":"El set del mar a la ba\u00f1era OceanBound de 7 piezas, incluye una estrella de mar, una vieira, un abul\u00f3n, un caracol, un calamar y una medusa, as\u00ed como una bolsa de almacenamiento con dibujos de algas marinas. Las conchas del tama\u00f1o de la palma de la mano son el tama\u00f1o perfecto para recoger y verter agua para lavar a los m\u00e1s peque\u00f1os en ba\u00f1eras infantiles, mientras que todo el conjunto tambi\u00e9n es ideal para la playa y el patio trasero. Adem\u00e1s, las piezas se fabrican a partir de pl\u00e1stico reciclado OceanBound (pl\u00e1stico en riesgo de ingresar a nuestros oc\u00e9anos a lo largo de las costas en comunidades que carecen de infraestructura de reciclaje). Cuando sea el momento de la limpieza, recoja todas las piezas en la cesta de almacenamiento; los orificios en toda la cesta permiten que el agua se drene f\u00e1cilmente."},{"@type":"BreadcrumbList","@id":"https:\/\/somllavors.com\/es\/producte\/set-del-mar-a-la-banyera#breadcrumb","itemListElement":[{"@type":"ListItem","position":1,"name":"Inici","item":"https:\/\/somllavors.com\/es"},{"@type":"ListItem","position":2,"name":"Tienda","item":"https:\/\/somllavors.com\/es\/botiga-2"},{"@type":"ListItem","position":3,"name":"Set del mar a la banyera"}]},{"@type":"WebSite","@id":"https:\/\/somllavors.com\/es#website","url":"https:\/\/somllavors.com\/es","name":"Som Llavors","description":"Botiga de crian\u00e7a natural","publisher":{"@id":"https:\/\/somllavors.com\/es#organization"},"alternateName":"Crian\u00e7a Natural i Sostenible","potentialAction":[{"@type":"SearchAction","target":{"@type":"EntryPoint","urlTemplate":"https:\/\/somllavors.com\/es?s={search_term_string}"},"query-input":{"@type":"PropertyValueSpecification","valueRequired":true,"valueName":"search_term_string"}}],"inLanguage":"es"},{"@type":["Organization","Place","Store"],"@id":"https:\/\/somllavors.com\/es#organization","name":"Som Llavors","alternateName":"Crian\u00e7a Natural i Sostenible","url":"https:\/\/somllavors.com\/es","logo":{"@id":"https:\/\/somllavors.com\/es\/producte\/set-del-mar-a-la-banyera#local-main-organization-logo"},"image":{"@id":"https:\/\/somllavors.com\/es\/producte\/set-del-mar-a-la-banyera#local-main-organization-logo"},"sameAs":["https:\/\/www.facebook.com\/somllavorsvng\/?locale=ca_ES","https:\/\/www.instagram.com\/somllavors_vng\/","https:\/\/www.youtube.com\/@somllavors"],"address":{"@id":"https:\/\/somllavors.com\/es\/producte\/set-del-mar-a-la-banyera#local-main-place-address"},"geo":{"@type":"GeoCoordinates","latitude":"41.2257737","longitude":"1.723258859"},"telephone":["623152704","623152704"],"openingHoursSpecification":[{"@type":"OpeningHoursSpecification","dayOfWeek":["Monday","Sunday"],"opens":"00:00","closes":"00:00"},{"@type":"OpeningHoursSpecification","dayOfWeek":["Tuesday","Wednesday","Thursday","Friday"],"opens":"10:00","closes":"20:00"},{"@type":"OpeningHoursSpecification","dayOfWeek":["Saturday"],"opens":"10:00","closes":"13:30"}],"email":"info@somllavors.com"},{"@type":"PostalAddress","@id":"https:\/\/somllavors.com\/es\/producte\/set-del-mar-a-la-banyera#local-main-place-address","streetAddress":"Carrer de l'aigua, 6","addressLocality":"Vilanova i la Geltr\u00fa","postalCode":"08800","addressRegion":"Barcelona","addressCountry":"ES"},{"@type":"ImageObject","inLanguage":"es","@id":"https:\/\/somllavors.com\/es\/producte\/set-del-mar-a-la-banyera#local-main-organization-logo","url":"https:\/\/somllavors.com\/wp-content\/uploads\/Logotip-Som-Llavors.jpg","contentUrl":"https:\/\/somllavors.com\/wp-content\/uploads\/Logotip-Som-Llavors.jpg","width":1444,"height":1323,"caption":"Som Llavors"}]},"product_price_amount":"29.99","product_price_currency":"EUR","og_availability":"out of stock","product_availability":"out of stock","product_retailer_item_id":"TDOB-1338","product_condition":"new","geo.placename":"Vilanova i la Geltr\u00fa","geo.position":{"lat":"41.2257737","long":"1.723258859"},"geo.region":"Espa\u00f1a"},"brands":[],"_links":{"self":[{"href":"https:\/\/somllavors.com\/es\/wp-json\/wp\/v2\/product\/17759","targetHints":{"allow":["GET"]}}],"collection":[{"href":"https:\/\/somllavors.com\/es\/wp-json\/wp\/v2\/product"}],"about":[{"href":"https:\/\/somllavors.com\/es\/wp-json\/wp\/v2\/types\/product"}],"wp:featuredmedia":[{"embeddable":true,"href":"https:\/\/somllavors.com\/es\/wp-json\/wp\/v2\/media\/17762"}],"wp:attachment":[{"href":"https:\/\/somllavors.com\/es\/wp-json\/wp\/v2\/media?parent=17759"}],"wp:term":[{"taxonomy":"pwb-brand","embeddable":true,"href":"https:\/\/somllavors.com\/es\/wp-json\/wp\/v2\/pwb-brand?post=17759"},{"taxonomy":"product_brand","embeddable":true,"href":"https:\/\/somllavors.com\/es\/wp-json\/wp\/v2\/product_brand?post=17759"},{"taxonomy":"product_cat","embeddable":true,"href":"https:\/\/somllavors.com\/es\/wp-json\/wp\/v2\/product_cat?post=17759"},{"taxonomy":"product_tag","embeddable":true,"href":"https:\/\/somllavors.com\/es\/wp-json\/wp\/v2\/product_tag?post=17759"}],"curies":[{"name":"wp","href":"https:\/\/api.w.org\/{rel}","templated":true}]}}