{"id":17826,"date":"2022-04-22T19:03:49","date_gmt":"2022-04-22T17:03:49","guid":{"rendered":"https:\/\/somllavors.com\/?post_type=product&#038;p=17826"},"modified":"2023-02-11T20:13:25","modified_gmt":"2023-02-11T19:13:25","slug":"crecer-sin-prisas-2","status":"publish","type":"product","link":"https:\/\/somllavors.com\/es\/producte\/crecer-sin-prisas-2","title":{"rendered":"Crecer sin prisas"},"content":{"rendered":"<p>En este libro encontrar\u00e1s un proceso reflexivo y a la vez activo sobre el c\u00f3mo y el para qu\u00e9 dejar a tus hijos e hijas crecer sin quemar etapas. Un camino con\u00a0<b>5 paradas<\/b>\u00a0en el que en cada una de ellas te har\u00e1s preguntas que te llevar\u00e1n a construir tu propio viaje educativo:<\/p>\n<p>1.<b>\u00a0Crecer sin prisas<\/b>: \u00bfQu\u00e9 significa crecer sin prisas? \u00bfQu\u00e9 puedo hacer yo para que mis hijos e hijas crezcan sin quemar etapas de desarrollo? \u00bfC\u00f3mo s\u00e9 lo que necesitan mis hijos e hijas para crecer felices y en bienestar?<\/p>\n<p>2.\u00a0<b>Educar sin prisas<\/b>: \u00bfQu\u00e9 significa educar? \u00bfY educar sin prisas? \u00bfC\u00f3mo puedo hacerlo sin sentir miedo a hacerlo mal? \u00bfC\u00f3mo lo hago si a duras penas puedo controlarme yo y controlarlos a ellos y ellas?<\/p>\n<p>3.\u00a0<b>Aprender sin prisas<\/b>: \u00bfQu\u00e9 necesitan para aprender? \u00bfC\u00f3mo lo hago sin desaprovechar sus talentos e inteligencias? \u00bfC\u00f3mo motivarlos sin mermar sus ganas de aprender y cultivando su creatividad?<\/p>\n<p>4.<b>\u00a0Crecer en conexi\u00f3n<\/b>: \u00bfPara qu\u00e9 necesito estar conectada y a qu\u00e9? \u00bfCu\u00e1l es la magia de la conexi\u00f3n en familia? \u00bfC\u00f3mo puedo crear estas conexiones importantes? \u00bfC\u00f3mo puedo yo conectar con su juego si no s\u00e9 jugar?<\/p>\n<p>5.\u00a0<b>Crecer jugando<\/b>: \u00bfQu\u00e9 es el juego? \u00bfPara qu\u00e9 es importante? \u00bfPueden mis hijos e hijas aprender jugando? \u00bfCu\u00e1les son las etapas del desarrollo y del juego? \u00bfQu\u00e9 tipo de juegos son fundamentales para ellos y ellas seg\u00fan su edad? \u00bfQu\u00e9 necesito yo para sentir esas ganas de jugar? \u00bfQu\u00e9 juegos puedo ofrecerles para jugar? \u00bfHasta cu\u00e1ndo crecer jugando?<\/p>\n<p>El prop\u00f3sito de este libro es:<\/p>\n<p>&#8211; Despertar tu propia mirada para que puedas observar las individualidades de cada uno de tus hijos e hijas y las tuyas propias.<\/p>\n<p>&#8211; Acompa\u00f1arte en un trabajo interno, personal y vivencial para que esa mirada no se quede en el papel, sino que penetre en el aspecto pr\u00e1ctico y se integre en la manera de acompa\u00f1ar a tus hijos e hijas que t\u00fa decidas crear.<\/p>\n<p>&#8211; Crear tu forma propia y personal de educar y acompa\u00f1ar a tus hijos e hijas m\u00e1s all\u00e1 de dogmas y modas, y entendiendo que tanto t\u00fa como cada uno de los miembros de tu familia sois \u00fanicos y que eres, junto a tu pareja, la verdadera l\u00edder educativa que tus hijos e hijas necesitan para crecer sanos y equilibrados, encontrando tu lugar, tu sentido y tu intenci\u00f3n en el camino de acompa\u00f1arlos.<\/p>\n<p><b>\u00bfEst\u00e1s lista para vivir la experiencia?<\/b><\/p>\n","protected":false},"excerpt":{"rendered":"<p>Si est\u00e1s con este libro en las manos es porque tienes a tu lado a un ser incre\u00edble que se merece crecer sin prisas a tu lado y quieres acompa\u00f1arlo con sentido, consciencia y respeto, descubriendo que hay todo un mundo de posibilidades para aprender juntos en esta apasionante tarea de educar a fuego lento.<\/p>\n","protected":false},"featured_media":18802,"template":"","meta":{"_acf_changed":false,"site-sidebar-layout":"default","site-content-layout":"default","ast-site-content-layout":"default","site-content-style":"default","site-sidebar-style":"default","ast-global-header-display":"","ast-banner-title-visibility":"","ast-main-header-display":"","ast-hfb-above-header-display":"","ast-hfb-below-header-display":"","ast-hfb-mobile-header-display":"","site-post-title":"","ast-breadcrumbs-content":"","ast-featured-img":"","footer-sml-layout":"","theme-transparent-header-meta":"default","adv-header-id-meta":"","stick-header-meta":"","header-above-stick-meta":"","header-main-stick-meta":"","header-below-stick-meta":"","astra-migrate-meta-layouts":"default","ast-page-background-enabled":"default","ast-page-background-meta":{"desktop":{"background-color":"","background-image":"","background-repeat":"repeat","background-position":"center center","background-size":"auto","background-attachment":"scroll","background-type":"","background-media":"","overlay-type":"","overlay-color":"","overlay-opacity":"","overlay-gradient":""},"tablet":{"background-color":"","background-image":"","background-repeat":"repeat","background-position":"center center","background-size":"auto","background-attachment":"scroll","background-type":"","background-media":"","overlay-type":"","overlay-color":"","overlay-opacity":"","overlay-gradient":""},"mobile":{"background-color":"","background-image":"","background-repeat":"repeat","background-position":"center center","background-size":"auto","background-attachment":"scroll","background-type":"","background-media":"","overlay-type":"","overlay-color":"","overlay-opacity":"","overlay-gradient":""}},"ast-content-background-meta":{"desktop":{"background-color":"var(--ast-global-color-5)","background-image":"","background-repeat":"repeat","background-position":"center center","background-size":"auto","background-attachment":"scroll","background-type":"","background-media":"","overlay-type":"","overlay-color":"","overlay-opacity":"","overlay-gradient":""},"tablet":{"background-color":"var(--ast-global-color-5)","background-image":"","background-repeat":"repeat","background-position":"center center","background-size":"auto","background-attachment":"scroll","background-type":"","background-media":"","overlay-type":"","overlay-color":"","overlay-opacity":"","overlay-gradient":""},"mobile":{"background-color":"var(--ast-global-color-5)","background-image":"","background-repeat":"repeat","background-position":"center center","background-size":"auto","background-attachment":"scroll","background-type":"","background-media":"","overlay-type":"","overlay-color":"","overlay-opacity":"","overlay-gradient":""}}},"pwb-brand":[],"product_brand":[],"product_cat":[568],"product_tag":[1935,1189,851,1936],"class_list":{"0":"post-17826","1":"product","2":"type-product","3":"status-publish","4":"has-post-thumbnail","6":"product_cat-adults","7":"product_tag-educar","8":"product_tag-grijalbo","9":"product_tag-libro","10":"product_tag-respeto","11":"desktop-align-left","12":"tablet-align-left","13":"mobile-align-left","15":"first","16":"outofstock","17":"taxable","18":"shipping-taxable","19":"purchasable","20":"product-type-simple"},"acf":[],"yoast_head":"<!-- This site is optimized with the Yoast SEO Premium plugin v18.3 (Yoast SEO v27.4) - https:\/\/yoast.com\/product\/yoast-seo-premium-wordpress\/ -->\n<title>Crecer sin prisas &#8212; Som Llavors<\/title>\n<meta name=\"description\" content=\"Si est\u00e1s con este libro en las manos es porque tienes a tu lado a un ser incre\u00edble que se merece crecer sin prisas a tu lado y quieres acompa\u00f1arlo con sentido, consciencia y respeto, descubriendo que hay todo un mundo de posibilidades para aprender juntos en esta apasionante tarea de educar a fuego lento.\" \/>\n<meta name=\"robots\" content=\"index, follow, max-snippet:-1, max-image-preview:large, max-video-preview:-1\" \/>\n<link rel=\"canonical\" href=\"https:\/\/somllavors.com\/es\/producte\/crecer-sin-prisas-2\" \/>\n<meta property=\"og:locale\" content=\"es_ES\" \/>\n<meta property=\"og:type\" content=\"article\" \/>\n<meta property=\"og:title\" content=\"Crecer sin prisas\" \/>\n<meta property=\"og:description\" content=\"La teva botiga d\u2019ecocrian\u00e7a i espai d\u2019acompanyament a la maternitat\" \/>\n<meta property=\"og:url\" content=\"https:\/\/somllavors.com\/es\/producte\/crecer-sin-prisas-2\" \/>\n<meta property=\"og:site_name\" content=\"Som Llavors\" \/>\n<meta property=\"article:publisher\" content=\"https:\/\/www.facebook.com\/somllavorsvng\/?locale=ca_ES\" \/>\n<meta property=\"article:modified_time\" content=\"2023-02-11T19:13:25+00:00\" \/>\n<meta property=\"og:image\" content=\"https:\/\/somllavors.com\/wp-content\/uploads\/CRECER-SIN-PRISAS-.jpeg\" \/>\n\t<meta property=\"og:image:width\" content=\"552\" \/>\n\t<meta property=\"og:image:height\" content=\"791\" \/>\n\t<meta property=\"og:image:type\" content=\"image\/jpeg\" \/>\n<meta name=\"twitter:card\" content=\"summary_large_image\" \/>\n<meta name=\"twitter:label1\" content=\"Precio\" \/>\n\t<meta name=\"twitter:data1\" content=\"19,90&euro; Iva incl\u00f2s\" \/>\n\t<meta name=\"twitter:label2\" content=\"Availability\" \/>\n\t<meta name=\"twitter:data2\" content=\"Out of stock\" \/>\n<script type=\"application\/ld+json\" class=\"yoast-schema-graph\">{\"@context\":\"https:\\\/\\\/schema.org\",\"@graph\":[{\"@type\":\"WebPage\",\"@id\":\"https:\\\/\\\/somllavors.com\\\/es\\\/producte\\\/crecer-sin-prisas-2\",\"url\":\"https:\\\/\\\/somllavors.com\\\/es\\\/producte\\\/crecer-sin-prisas-2\",\"name\":\"Crecer sin prisas &#8212; Som Llavors\",\"isPartOf\":{\"@id\":\"https:\\\/\\\/somllavors.com\\\/es#website\"},\"primaryImageOfPage\":{\"@id\":\"https:\\\/\\\/somllavors.com\\\/es\\\/producte\\\/crecer-sin-prisas-2#primaryimage\"},\"image\":{\"@id\":\"https:\\\/\\\/somllavors.com\\\/es\\\/producte\\\/crecer-sin-prisas-2#primaryimage\"},\"thumbnailUrl\":\"https:\\\/\\\/somllavors.com\\\/wp-content\\\/uploads\\\/CRECER-SIN-PRISAS-.jpeg\",\"datePublished\":\"2022-04-22T17:03:49+00:00\",\"dateModified\":\"2023-02-11T19:13:25+00:00\",\"description\":\"Si est\u00e1s con este libro en las manos es porque tienes a tu lado a un ser incre\u00edble que se merece crecer sin prisas a tu lado y quieres acompa\u00f1arlo con sentido, consciencia y respeto, descubriendo que hay todo un mundo de posibilidades para aprender juntos en esta apasionante tarea de educar a fuego lento.\",\"breadcrumb\":{\"@id\":\"https:\\\/\\\/somllavors.com\\\/es\\\/producte\\\/crecer-sin-prisas-2#breadcrumb\"},\"inLanguage\":\"es\",\"potentialAction\":[{\"@type\":\"ReadAction\",\"target\":[\"https:\\\/\\\/somllavors.com\\\/es\\\/producte\\\/crecer-sin-prisas-2\"]}]},{\"@type\":\"ImageObject\",\"inLanguage\":\"es\",\"@id\":\"https:\\\/\\\/somllavors.com\\\/es\\\/producte\\\/crecer-sin-prisas-2#primaryimage\",\"url\":\"https:\\\/\\\/somllavors.com\\\/wp-content\\\/uploads\\\/CRECER-SIN-PRISAS-.jpeg\",\"contentUrl\":\"https:\\\/\\\/somllavors.com\\\/wp-content\\\/uploads\\\/CRECER-SIN-PRISAS-.jpeg\",\"width\":552,\"height\":791,\"caption\":\"Si est\u00e1s con este libro en las manos es porque tienes a tu lado a un ser incre\u00edble que se merece crecer sin prisas a tu lado y quieres acompa\u00f1arlo con sentido, consciencia y respeto, descubriendo que hay todo un mundo de posibilidades para aprender juntos en esta apasionante tarea de educar a fuego lento. En este libro encontrar\u00e1s un proceso reflexivo y a la vez activo sobre el c\u00f3mo y el para qu\u00e9 dejar a tus hijos e hijas crecer sin quemar etapas. Un camino con 5 paradas en el que en cada una de ellas te har\u00e1s preguntas que te llevar\u00e1n a construir tu propio viaje educativo: 1. Crecer sin prisas: \u00bfQu\u00e9 significa crecer sin prisas? \u00bfQu\u00e9 puedo hacer yo para que mis hijos e hijas crezcan sin quemar etapas de desarrollo? \u00bfC\u00f3mo s\u00e9 lo que necesitan mis hijos e hijas para crecer felices y en bienestar? 2. Educar sin prisas: \u00bfQu\u00e9 significa educar? \u00bfY educar sin prisas? \u00bfC\u00f3mo puedo hacerlo sin sentir miedo a hacerlo mal? \u00bfC\u00f3mo lo hago si a duras penas puedo controlarme yo y controlarlos a ellos y ellas? 3. Aprender sin prisas: \u00bfQu\u00e9 necesitan para aprender? \u00bfC\u00f3mo lo hago sin desaprovechar sus talentos e inteligencias? \u00bfC\u00f3mo motivarlos sin mermar sus ganas de aprender y cultivando su creatividad? 4. Crecer en conexi\u00f3n: \u00bfPara qu\u00e9 necesito estar conectada y a qu\u00e9? \u00bfCu\u00e1l es la magia de la conexi\u00f3n en familia? \u00bfC\u00f3mo puedo crear estas conexiones importantes? \u00bfC\u00f3mo puedo yo conectar con su juego si no s\u00e9 jugar? 5. Crecer jugando: \u00bfQu\u00e9 es el juego? \u00bfPara qu\u00e9 es importante? \u00bfPueden mis hijos e hijas aprender jugando? \u00bfCu\u00e1les son las etapas del desarrollo y del juego? \u00bfQu\u00e9 tipo de juegos son fundamentales para ellos y ellas seg\u00fan su edad? \u00bfQu\u00e9 necesito yo para sentir esas ganas de jugar? \u00bfQu\u00e9 juegos puedo ofrecerles para jugar? \u00bfHasta cu\u00e1ndo crecer jugando? El prop\u00f3sito de este libro es: - Despertar tu propia mirada para que puedas observar las individualidades de cada uno de tus hijos e hijas y las tuyas propias. - Acompa\u00f1arte en un trabajo interno, personal y vivencial para que esa mirada no se quede en el papel, sino que penetre en el aspecto pr\u00e1ctico y se integre en la manera de acompa\u00f1ar a tus hijos e hijas que t\u00fa decidas crear. - Crear tu forma propia y personal de educar y acompa\u00f1ar a tus hijos e hijas m\u00e1s all\u00e1 de dogmas y modas, y entendiendo que tanto t\u00fa como cada uno de los miembros de tu familia sois \u00fanicos y que eres, junto a tu pareja, la verdadera l\u00edder educativa que tus hijos e hijas necesitan para crecer sanos y equilibrados, encontrando tu lugar, tu sentido y tu intenci\u00f3n en el camino de acompa\u00f1arlos. \u00bfEst\u00e1s lista para vivir la experiencia?\"},{\"@type\":\"BreadcrumbList\",\"@id\":\"https:\\\/\\\/somllavors.com\\\/es\\\/producte\\\/crecer-sin-prisas-2#breadcrumb\",\"itemListElement\":[{\"@type\":\"ListItem\",\"position\":1,\"name\":\"Inici\",\"item\":\"https:\\\/\\\/somllavors.com\\\/es\"},{\"@type\":\"ListItem\",\"position\":2,\"name\":\"Tienda\",\"item\":\"https:\\\/\\\/somllavors.com\\\/es\\\/botiga-2\"},{\"@type\":\"ListItem\",\"position\":3,\"name\":\"Crecer sin prisas\"}]},{\"@type\":\"WebSite\",\"@id\":\"https:\\\/\\\/somllavors.com\\\/es#website\",\"url\":\"https:\\\/\\\/somllavors.com\\\/es\",\"name\":\"Som Llavors\",\"description\":\"Botiga de crian\u00e7a natural\",\"publisher\":{\"@id\":\"https:\\\/\\\/somllavors.com\\\/es#organization\"},\"alternateName\":\"Crian\u00e7a Natural i Sostenible\",\"potentialAction\":[{\"@type\":\"SearchAction\",\"target\":{\"@type\":\"EntryPoint\",\"urlTemplate\":\"https:\\\/\\\/somllavors.com\\\/es?s={search_term_string}\"},\"query-input\":{\"@type\":\"PropertyValueSpecification\",\"valueRequired\":true,\"valueName\":\"search_term_string\"}}],\"inLanguage\":\"es\"},{\"@type\":[\"Organization\",\"Place\",\"Store\"],\"@id\":\"https:\\\/\\\/somllavors.com\\\/es#organization\",\"name\":\"Som Llavors\",\"alternateName\":\"Crian\u00e7a Natural i Sostenible\",\"url\":\"https:\\\/\\\/somllavors.com\\\/es\",\"logo\":{\"@id\":\"https:\\\/\\\/somllavors.com\\\/es\\\/producte\\\/crecer-sin-prisas-2#local-main-organization-logo\"},\"image\":{\"@id\":\"https:\\\/\\\/somllavors.com\\\/es\\\/producte\\\/crecer-sin-prisas-2#local-main-organization-logo\"},\"sameAs\":[\"https:\\\/\\\/www.facebook.com\\\/somllavorsvng\\\/?locale=ca_ES\",\"https:\\\/\\\/www.instagram.com\\\/somllavors_vng\\\/\",\"https:\\\/\\\/www.youtube.com\\\/@somllavors\"],\"address\":{\"@id\":\"https:\\\/\\\/somllavors.com\\\/es\\\/producte\\\/crecer-sin-prisas-2#local-main-place-address\"},\"geo\":{\"@type\":\"GeoCoordinates\",\"latitude\":\"41.2257737\",\"longitude\":\"1.723258859\"},\"telephone\":[\"623152704\"],\"openingHoursSpecification\":[{\"@type\":\"OpeningHoursSpecification\",\"dayOfWeek\":[\"Monday\",\"Sunday\"],\"opens\":\"00:00\",\"closes\":\"00:00\"},{\"@type\":\"OpeningHoursSpecification\",\"dayOfWeek\":[\"Tuesday\",\"Wednesday\",\"Thursday\",\"Friday\"],\"opens\":\"10:00\",\"closes\":\"20:00\"},{\"@type\":\"OpeningHoursSpecification\",\"dayOfWeek\":[\"Saturday\"],\"opens\":\"10:00\",\"closes\":\"13:30\"}],\"email\":\"info@somllavors.com\"},{\"@type\":\"PostalAddress\",\"@id\":\"https:\\\/\\\/somllavors.com\\\/es\\\/producte\\\/crecer-sin-prisas-2#local-main-place-address\",\"streetAddress\":\"Carrer de l'aigua, 6\",\"addressLocality\":\"Vilanova i la Geltr\u00fa\",\"postalCode\":\"08800\",\"addressRegion\":\"Barcelona\",\"addressCountry\":\"ES\"},{\"@type\":\"ImageObject\",\"inLanguage\":\"es\",\"@id\":\"https:\\\/\\\/somllavors.com\\\/es\\\/producte\\\/crecer-sin-prisas-2#local-main-organization-logo\",\"url\":\"https:\\\/\\\/somllavors.com\\\/wp-content\\\/uploads\\\/Logotip-Som-Llavors.jpg\",\"contentUrl\":\"https:\\\/\\\/somllavors.com\\\/wp-content\\\/uploads\\\/Logotip-Som-Llavors.jpg\",\"width\":1444,\"height\":1323,\"caption\":\"Som Llavors\"}]}<\/script>\n<meta property=\"product:price:amount\" content=\"19.90\" \/>\n<meta property=\"product:price:currency\" content=\"EUR\" \/>\n<meta property=\"og:availability\" content=\"out of stock\" \/>\n<meta property=\"product:availability\" content=\"out of stock\" \/>\n<meta property=\"product:retailer_item_id\" content=\"9788418055249\" \/>\n<meta property=\"product:condition\" content=\"new\" \/>\n<meta name=\"geo.placename\" content=\"Vilanova i la Geltr\u00fa\" \/>\n<meta name=\"geo.position\" content=\"41.2257737;1.723258859\" \/>\n<meta name=\"geo.region\" content=\"Espa\u00f1a\" \/>\n<!-- \/ Yoast SEO Premium plugin. -->","yoast_head_json":{"title":"Crecer sin prisas &#8212; Som Llavors","description":"Si est\u00e1s con este libro en las manos es porque tienes a tu lado a un ser incre\u00edble que se merece crecer sin prisas a tu lado y quieres acompa\u00f1arlo con sentido, consciencia y respeto, descubriendo que hay todo un mundo de posibilidades para aprender juntos en esta apasionante tarea de educar a fuego lento.","robots":{"index":"index","follow":"follow","max-snippet":"max-snippet:-1","max-image-preview":"max-image-preview:large","max-video-preview":"max-video-preview:-1"},"canonical":"https:\/\/somllavors.com\/es\/producte\/crecer-sin-prisas-2","og_locale":"es_ES","og_type":"article","og_title":"Crecer sin prisas","og_description":"La teva botiga d\u2019ecocrian\u00e7a i espai d\u2019acompanyament a la maternitat","og_url":"https:\/\/somllavors.com\/es\/producte\/crecer-sin-prisas-2","og_site_name":"Som Llavors","article_publisher":"https:\/\/www.facebook.com\/somllavorsvng\/?locale=ca_ES","article_modified_time":"2023-02-11T19:13:25+00:00","og_image":[{"width":552,"height":791,"url":"https:\/\/somllavors.com\/wp-content\/uploads\/CRECER-SIN-PRISAS-.jpeg","type":"image\/jpeg"}],"twitter_card":"summary_large_image","twitter_misc":{"Precio":"19,90&euro; Iva incl\u00f2s","Availability":"Out of stock"},"schema":{"@context":"https:\/\/schema.org","@graph":[{"@type":"WebPage","@id":"https:\/\/somllavors.com\/es\/producte\/crecer-sin-prisas-2","url":"https:\/\/somllavors.com\/es\/producte\/crecer-sin-prisas-2","name":"Crecer sin prisas &#8212; Som Llavors","isPartOf":{"@id":"https:\/\/somllavors.com\/es#website"},"primaryImageOfPage":{"@id":"https:\/\/somllavors.com\/es\/producte\/crecer-sin-prisas-2#primaryimage"},"image":{"@id":"https:\/\/somllavors.com\/es\/producte\/crecer-sin-prisas-2#primaryimage"},"thumbnailUrl":"https:\/\/somllavors.com\/wp-content\/uploads\/CRECER-SIN-PRISAS-.jpeg","datePublished":"2022-04-22T17:03:49+00:00","dateModified":"2023-02-11T19:13:25+00:00","description":"Si est\u00e1s con este libro en las manos es porque tienes a tu lado a un ser incre\u00edble que se merece crecer sin prisas a tu lado y quieres acompa\u00f1arlo con sentido, consciencia y respeto, descubriendo que hay todo un mundo de posibilidades para aprender juntos en esta apasionante tarea de educar a fuego lento.","breadcrumb":{"@id":"https:\/\/somllavors.com\/es\/producte\/crecer-sin-prisas-2#breadcrumb"},"inLanguage":"es","potentialAction":[{"@type":"ReadAction","target":["https:\/\/somllavors.com\/es\/producte\/crecer-sin-prisas-2"]}]},{"@type":"ImageObject","inLanguage":"es","@id":"https:\/\/somllavors.com\/es\/producte\/crecer-sin-prisas-2#primaryimage","url":"https:\/\/somllavors.com\/wp-content\/uploads\/CRECER-SIN-PRISAS-.jpeg","contentUrl":"https:\/\/somllavors.com\/wp-content\/uploads\/CRECER-SIN-PRISAS-.jpeg","width":552,"height":791,"caption":"Si est\u00e1s con este libro en las manos es porque tienes a tu lado a un ser incre\u00edble que se merece crecer sin prisas a tu lado y quieres acompa\u00f1arlo con sentido, consciencia y respeto, descubriendo que hay todo un mundo de posibilidades para aprender juntos en esta apasionante tarea de educar a fuego lento. En este libro encontrar\u00e1s un proceso reflexivo y a la vez activo sobre el c\u00f3mo y el para qu\u00e9 dejar a tus hijos e hijas crecer sin quemar etapas. Un camino con 5 paradas en el que en cada una de ellas te har\u00e1s preguntas que te llevar\u00e1n a construir tu propio viaje educativo: 1. Crecer sin prisas: \u00bfQu\u00e9 significa crecer sin prisas? \u00bfQu\u00e9 puedo hacer yo para que mis hijos e hijas crezcan sin quemar etapas de desarrollo? \u00bfC\u00f3mo s\u00e9 lo que necesitan mis hijos e hijas para crecer felices y en bienestar? 2. Educar sin prisas: \u00bfQu\u00e9 significa educar? \u00bfY educar sin prisas? \u00bfC\u00f3mo puedo hacerlo sin sentir miedo a hacerlo mal? \u00bfC\u00f3mo lo hago si a duras penas puedo controlarme yo y controlarlos a ellos y ellas? 3. Aprender sin prisas: \u00bfQu\u00e9 necesitan para aprender? \u00bfC\u00f3mo lo hago sin desaprovechar sus talentos e inteligencias? \u00bfC\u00f3mo motivarlos sin mermar sus ganas de aprender y cultivando su creatividad? 4. Crecer en conexi\u00f3n: \u00bfPara qu\u00e9 necesito estar conectada y a qu\u00e9? \u00bfCu\u00e1l es la magia de la conexi\u00f3n en familia? \u00bfC\u00f3mo puedo crear estas conexiones importantes? \u00bfC\u00f3mo puedo yo conectar con su juego si no s\u00e9 jugar? 5. Crecer jugando: \u00bfQu\u00e9 es el juego? \u00bfPara qu\u00e9 es importante? \u00bfPueden mis hijos e hijas aprender jugando? \u00bfCu\u00e1les son las etapas del desarrollo y del juego? \u00bfQu\u00e9 tipo de juegos son fundamentales para ellos y ellas seg\u00fan su edad? \u00bfQu\u00e9 necesito yo para sentir esas ganas de jugar? \u00bfQu\u00e9 juegos puedo ofrecerles para jugar? \u00bfHasta cu\u00e1ndo crecer jugando? El prop\u00f3sito de este libro es: - Despertar tu propia mirada para que puedas observar las individualidades de cada uno de tus hijos e hijas y las tuyas propias. - Acompa\u00f1arte en un trabajo interno, personal y vivencial para que esa mirada no se quede en el papel, sino que penetre en el aspecto pr\u00e1ctico y se integre en la manera de acompa\u00f1ar a tus hijos e hijas que t\u00fa decidas crear. - Crear tu forma propia y personal de educar y acompa\u00f1ar a tus hijos e hijas m\u00e1s all\u00e1 de dogmas y modas, y entendiendo que tanto t\u00fa como cada uno de los miembros de tu familia sois \u00fanicos y que eres, junto a tu pareja, la verdadera l\u00edder educativa que tus hijos e hijas necesitan para crecer sanos y equilibrados, encontrando tu lugar, tu sentido y tu intenci\u00f3n en el camino de acompa\u00f1arlos. \u00bfEst\u00e1s lista para vivir la experiencia?"},{"@type":"BreadcrumbList","@id":"https:\/\/somllavors.com\/es\/producte\/crecer-sin-prisas-2#breadcrumb","itemListElement":[{"@type":"ListItem","position":1,"name":"Inici","item":"https:\/\/somllavors.com\/es"},{"@type":"ListItem","position":2,"name":"Tienda","item":"https:\/\/somllavors.com\/es\/botiga-2"},{"@type":"ListItem","position":3,"name":"Crecer sin prisas"}]},{"@type":"WebSite","@id":"https:\/\/somllavors.com\/es#website","url":"https:\/\/somllavors.com\/es","name":"Som Llavors","description":"Botiga de crian\u00e7a natural","publisher":{"@id":"https:\/\/somllavors.com\/es#organization"},"alternateName":"Crian\u00e7a Natural i Sostenible","potentialAction":[{"@type":"SearchAction","target":{"@type":"EntryPoint","urlTemplate":"https:\/\/somllavors.com\/es?s={search_term_string}"},"query-input":{"@type":"PropertyValueSpecification","valueRequired":true,"valueName":"search_term_string"}}],"inLanguage":"es"},{"@type":["Organization","Place","Store"],"@id":"https:\/\/somllavors.com\/es#organization","name":"Som Llavors","alternateName":"Crian\u00e7a Natural i Sostenible","url":"https:\/\/somllavors.com\/es","logo":{"@id":"https:\/\/somllavors.com\/es\/producte\/crecer-sin-prisas-2#local-main-organization-logo"},"image":{"@id":"https:\/\/somllavors.com\/es\/producte\/crecer-sin-prisas-2#local-main-organization-logo"},"sameAs":["https:\/\/www.facebook.com\/somllavorsvng\/?locale=ca_ES","https:\/\/www.instagram.com\/somllavors_vng\/","https:\/\/www.youtube.com\/@somllavors"],"address":{"@id":"https:\/\/somllavors.com\/es\/producte\/crecer-sin-prisas-2#local-main-place-address"},"geo":{"@type":"GeoCoordinates","latitude":"41.2257737","longitude":"1.723258859"},"telephone":["623152704","623152704"],"openingHoursSpecification":[{"@type":"OpeningHoursSpecification","dayOfWeek":["Monday","Sunday"],"opens":"00:00","closes":"00:00"},{"@type":"OpeningHoursSpecification","dayOfWeek":["Tuesday","Wednesday","Thursday","Friday"],"opens":"10:00","closes":"20:00"},{"@type":"OpeningHoursSpecification","dayOfWeek":["Saturday"],"opens":"10:00","closes":"13:30"}],"email":"info@somllavors.com"},{"@type":"PostalAddress","@id":"https:\/\/somllavors.com\/es\/producte\/crecer-sin-prisas-2#local-main-place-address","streetAddress":"Carrer de l'aigua, 6","addressLocality":"Vilanova i la Geltr\u00fa","postalCode":"08800","addressRegion":"Barcelona","addressCountry":"ES"},{"@type":"ImageObject","inLanguage":"es","@id":"https:\/\/somllavors.com\/es\/producte\/crecer-sin-prisas-2#local-main-organization-logo","url":"https:\/\/somllavors.com\/wp-content\/uploads\/Logotip-Som-Llavors.jpg","contentUrl":"https:\/\/somllavors.com\/wp-content\/uploads\/Logotip-Som-Llavors.jpg","width":1444,"height":1323,"caption":"Som Llavors"}]},"product_price_amount":"19.90","product_price_currency":"EUR","og_availability":"out of stock","product_availability":"out of stock","product_retailer_item_id":"9788418055249","product_condition":"new","geo.placename":"Vilanova i la Geltr\u00fa","geo.position":{"lat":"41.2257737","long":"1.723258859"},"geo.region":"Espa\u00f1a"},"brands":[],"_links":{"self":[{"href":"https:\/\/somllavors.com\/es\/wp-json\/wp\/v2\/product\/17826","targetHints":{"allow":["GET"]}}],"collection":[{"href":"https:\/\/somllavors.com\/es\/wp-json\/wp\/v2\/product"}],"about":[{"href":"https:\/\/somllavors.com\/es\/wp-json\/wp\/v2\/types\/product"}],"wp:featuredmedia":[{"embeddable":true,"href":"https:\/\/somllavors.com\/es\/wp-json\/wp\/v2\/media\/18802"}],"wp:attachment":[{"href":"https:\/\/somllavors.com\/es\/wp-json\/wp\/v2\/media?parent=17826"}],"wp:term":[{"taxonomy":"pwb-brand","embeddable":true,"href":"https:\/\/somllavors.com\/es\/wp-json\/wp\/v2\/pwb-brand?post=17826"},{"taxonomy":"product_brand","embeddable":true,"href":"https:\/\/somllavors.com\/es\/wp-json\/wp\/v2\/product_brand?post=17826"},{"taxonomy":"product_cat","embeddable":true,"href":"https:\/\/somllavors.com\/es\/wp-json\/wp\/v2\/product_cat?post=17826"},{"taxonomy":"product_tag","embeddable":true,"href":"https:\/\/somllavors.com\/es\/wp-json\/wp\/v2\/product_tag?post=17826"}],"curies":[{"name":"wp","href":"https:\/\/api.w.org\/{rel}","templated":true}]}}