{"id":17874,"date":"2022-04-26T12:45:27","date_gmt":"2022-04-26T10:45:27","guid":{"rendered":"https:\/\/somllavors.com\/?post_type=product&#038;p=17874"},"modified":"2026-02-23T11:08:39","modified_gmt":"2026-02-23T10:08:39","slug":"pack-de-2-absorbents-old-times-xkko","status":"publish","type":"product","link":"https:\/\/somllavors.com\/es\/producte\/pack-de-2-absorbents-old-times-xkko","title":{"rendered":"Pack de 2 absorbents Old Times XKKO de cot\u00f3 org\u00e0nic"},"content":{"rendered":"<ul>\n<li>Absorbent de 5 capes. Aquest material \u00e9s encara m\u00e9s absorbent despr\u00e9s de m\u00faltiples rentats. Els bolquers obtenen una absorb\u00e8ncia \u00f2ptima despr\u00e9s de 4-8 rentats.<\/li>\n<li>La propietat natural del cot\u00f3 sense tractar \u00e9s l&#8217;encongiment, comunment al voltant del 10%.<\/li>\n<li>El cot\u00f3 org\u00e0nic amb certificat GOTS (Global Organic Textile Standard) es cultiva sense fumigaci\u00f3 qu\u00edmica.<\/li>\n<li>La biodiversitat natural, la rotaci\u00f3 de cultius i la fertilitzaci\u00f3 amb compost mantenen el s\u00f2l sa i ple de nutrients. En lloc d&#8217;usar preparacions qu\u00edmiques, les males herbes s&#8217;eliminen mitjan\u00e7ant un simple desherbatge manual i aixada, reg m\u00e9s eficient i cultiu de m\u00faltiples esp\u00e8cies de plantes juntes.<\/li>\n<li>Nom\u00e9s s&#8217;utilitzen insecticides naturals i diversos m\u00e8todes (com la sembra de cultius espec\u00edfics) que fomenten l&#8217;aparici\u00f3 d&#8217;enemics naturals de les plagues de les plantes. La recol\u00b7lecci\u00f3 de les flors de cot\u00f3 es fa sovint a m\u00e0 o amb altres m\u00e8todes molt suaus, i sempre sense l&#8217;acci\u00f3 dels productes qu\u00edmics utilitzats per defoliar les plantes.<\/li>\n<\/ul>\n","protected":false},"excerpt":{"rendered":"<p>Els abosrbents XKKO Old Times estan fabricats amb el fam\u00f3s material de muselina XKKO Organic Old Times i s\u00f3n els que tenen el pes m\u00e9s alt del mercat europeu! En comparaci\u00f3 amb un bolquer de cot\u00f3 convencional, els bolquers de cot\u00f3 org\u00e0nic XKKO Organic Old Times s\u00f3n molt m\u00e9s fins i suaus. Segueixen la tradici\u00f3 dels bolquers de cot\u00f3 de qualitat de fa m\u00e9s de 40 anys. A m\u00e9s, el nou valor afegit \u00e9s el cot\u00f3 org\u00e0nic pur natural cultivat sense l&#8217;\u00fas de productes qu\u00edmics.<\/p>\n","protected":false},"featured_media":17877,"template":"","meta":{"_acf_changed":false,"site-sidebar-layout":"default","site-content-layout":"default","ast-site-content-layout":"default","site-content-style":"default","site-sidebar-style":"default","ast-global-header-display":"","ast-banner-title-visibility":"","ast-main-header-display":"","ast-hfb-above-header-display":"","ast-hfb-below-header-display":"","ast-hfb-mobile-header-display":"","site-post-title":"","ast-breadcrumbs-content":"","ast-featured-img":"","footer-sml-layout":"","theme-transparent-header-meta":"default","adv-header-id-meta":"","stick-header-meta":"","header-above-stick-meta":"","header-main-stick-meta":"","header-below-stick-meta":"","astra-migrate-meta-layouts":"default","ast-page-background-enabled":"default","ast-page-background-meta":{"desktop":{"background-color":"","background-image":"","background-repeat":"repeat","background-position":"center center","background-size":"auto","background-attachment":"scroll","background-type":"","background-media":"","overlay-type":"","overlay-color":"","overlay-opacity":"","overlay-gradient":""},"tablet":{"background-color":"","background-image":"","background-repeat":"repeat","background-position":"center center","background-size":"auto","background-attachment":"scroll","background-type":"","background-media":"","overlay-type":"","overlay-color":"","overlay-opacity":"","overlay-gradient":""},"mobile":{"background-color":"","background-image":"","background-repeat":"repeat","background-position":"center center","background-size":"auto","background-attachment":"scroll","background-type":"","background-media":"","overlay-type":"","overlay-color":"","overlay-opacity":"","overlay-gradient":""}},"ast-content-background-meta":{"desktop":{"background-color":"var(--ast-global-color-5)","background-image":"","background-repeat":"repeat","background-position":"center center","background-size":"auto","background-attachment":"scroll","background-type":"","background-media":"","overlay-type":"","overlay-color":"","overlay-opacity":"","overlay-gradient":""},"tablet":{"background-color":"var(--ast-global-color-5)","background-image":"","background-repeat":"repeat","background-position":"center center","background-size":"auto","background-attachment":"scroll","background-type":"","background-media":"","overlay-type":"","overlay-color":"","overlay-opacity":"","overlay-gradient":""},"mobile":{"background-color":"var(--ast-global-color-5)","background-image":"","background-repeat":"repeat","background-position":"center center","background-size":"auto","background-attachment":"scroll","background-type":"","background-media":"","overlay-type":"","overlay-color":"","overlay-opacity":"","overlay-gradient":""}}},"pwb-brand":[],"product_brand":[],"product_cat":[390],"product_tag":[1802,800,1801,799],"class_list":{"0":"post-17874","1":"product","2":"type-product","3":"status-publish","4":"has-post-thumbnail","6":"product_cat-absorbents","7":"product_tag-abosrbente","8":"product_tag-algodon-organico","9":"product_tag-sin-blanqueantes","10":"product_tag-xkko","11":"desktop-align-left","12":"tablet-align-left","13":"mobile-align-left","15":"first","16":"outofstock","17":"taxable","18":"shipping-taxable","19":"purchasable","20":"product-type-simple"},"acf":[],"yoast_head":"<!-- This site is optimized with the Yoast SEO Premium plugin v18.3 (Yoast SEO v27.4) - https:\/\/yoast.com\/product\/yoast-seo-premium-wordpress\/ -->\n<title>Pack de 2 absorbents Old Times XKKO de cot\u00f3 org\u00e0nic &#8212; Som Llavors<\/title>\n<meta name=\"description\" content=\"Els abosrbents XKKO Old Times estan fabricats amb el fam\u00f3s material de muselina XKKO Organic Old Times i s\u00f3n els que tenen el pes m\u00e9s alt del mercat europeu! En comparaci\u00f3 amb un bolquer de cot\u00f3 convencional, els bolquers de cot\u00f3 org\u00e0nic XKKO Organic Old Times s\u00f3n molt m\u00e9s fins i suaus. Segueixen la tradici\u00f3 dels bolquers de cot\u00f3 de qualitat de fa m\u00e9s de 40 anys. A m\u00e9s, el nou valor afegit \u00e9s el cot\u00f3 org\u00e0nic pur natural cultivat sense l&#039;\u00fas de productes qu\u00edmics.\" \/>\n<meta name=\"robots\" content=\"index, follow, max-snippet:-1, max-image-preview:large, max-video-preview:-1\" \/>\n<link rel=\"canonical\" href=\"https:\/\/somllavors.com\/es\/producte\/pack-de-2-absorbents-old-times-xkko\" \/>\n<meta property=\"og:locale\" content=\"es_ES\" \/>\n<meta property=\"og:type\" content=\"article\" \/>\n<meta property=\"og:title\" content=\"Pack de 2 absorbents Old Times XKKO de cot\u00f3 org\u00e0nic\" \/>\n<meta property=\"og:description\" content=\"La teva botiga d\u2019ecocrian\u00e7a i espai d\u2019acompanyament a la maternitat\" \/>\n<meta property=\"og:url\" content=\"https:\/\/somllavors.com\/es\/producte\/pack-de-2-absorbents-old-times-xkko\" \/>\n<meta property=\"og:site_name\" content=\"Som Llavors\" \/>\n<meta property=\"article:publisher\" content=\"https:\/\/www.facebook.com\/somllavorsvng\/?locale=ca_ES\" \/>\n<meta property=\"article:modified_time\" content=\"2026-02-23T10:08:39+00:00\" \/>\n<meta property=\"og:image\" content=\"https:\/\/somllavors.com\/wp-content\/uploads\/xkko-organic-old-times-booster-natural-size-l-2ps-483.jpg\" \/>\n\t<meta property=\"og:image:width\" content=\"945\" \/>\n\t<meta property=\"og:image:height\" content=\"945\" \/>\n\t<meta property=\"og:image:type\" content=\"image\/jpeg\" \/>\n<meta name=\"twitter:card\" content=\"summary_large_image\" \/>\n<meta name=\"twitter:label1\" content=\"Precio\" \/>\n\t<meta name=\"twitter:data1\" content=\"15,90&euro; Iva incl\u00f2s\" \/>\n\t<meta name=\"twitter:label2\" content=\"Availability\" \/>\n\t<meta name=\"twitter:data2\" content=\"Out of stock\" \/>\n<script type=\"application\/ld+json\" class=\"yoast-schema-graph\">{\"@context\":\"https:\\\/\\\/schema.org\",\"@graph\":[{\"@type\":\"WebPage\",\"@id\":\"https:\\\/\\\/somllavors.com\\\/es\\\/producte\\\/pack-de-2-absorbents-old-times-xkko\",\"url\":\"https:\\\/\\\/somllavors.com\\\/es\\\/producte\\\/pack-de-2-absorbents-old-times-xkko\",\"name\":\"Pack de 2 absorbents Old Times XKKO de cot\u00f3 org\u00e0nic &#8212; Som Llavors\",\"isPartOf\":{\"@id\":\"https:\\\/\\\/somllavors.com\\\/es#website\"},\"primaryImageOfPage\":{\"@id\":\"https:\\\/\\\/somllavors.com\\\/es\\\/producte\\\/pack-de-2-absorbents-old-times-xkko#primaryimage\"},\"image\":{\"@id\":\"https:\\\/\\\/somllavors.com\\\/es\\\/producte\\\/pack-de-2-absorbents-old-times-xkko#primaryimage\"},\"thumbnailUrl\":\"https:\\\/\\\/somllavors.com\\\/wp-content\\\/uploads\\\/xkko-organic-old-times-booster-natural-size-l-2ps-483.jpg\",\"datePublished\":\"2022-04-26T10:45:27+00:00\",\"dateModified\":\"2026-02-23T10:08:39+00:00\",\"description\":\"Els abosrbents XKKO Old Times estan fabricats amb el fam\u00f3s material de muselina XKKO Organic Old Times i s\u00f3n els que tenen el pes m\u00e9s alt del mercat europeu! En comparaci\u00f3 amb un bolquer de cot\u00f3 convencional, els bolquers de cot\u00f3 org\u00e0nic XKKO Organic Old Times s\u00f3n molt m\u00e9s fins i suaus. Segueixen la tradici\u00f3 dels bolquers de cot\u00f3 de qualitat de fa m\u00e9s de 40 anys. A m\u00e9s, el nou valor afegit \u00e9s el cot\u00f3 org\u00e0nic pur natural cultivat sense l'\u00fas de productes qu\u00edmics.\",\"breadcrumb\":{\"@id\":\"https:\\\/\\\/somllavors.com\\\/es\\\/producte\\\/pack-de-2-absorbents-old-times-xkko#breadcrumb\"},\"inLanguage\":\"es\",\"potentialAction\":[{\"@type\":\"ReadAction\",\"target\":[\"https:\\\/\\\/somllavors.com\\\/es\\\/producte\\\/pack-de-2-absorbents-old-times-xkko\"]}]},{\"@type\":\"ImageObject\",\"inLanguage\":\"es\",\"@id\":\"https:\\\/\\\/somllavors.com\\\/es\\\/producte\\\/pack-de-2-absorbents-old-times-xkko#primaryimage\",\"url\":\"https:\\\/\\\/somllavors.com\\\/wp-content\\\/uploads\\\/xkko-organic-old-times-booster-natural-size-l-2ps-483.jpg\",\"contentUrl\":\"https:\\\/\\\/somllavors.com\\\/wp-content\\\/uploads\\\/xkko-organic-old-times-booster-natural-size-l-2ps-483.jpg\",\"width\":945,\"height\":945,\"caption\":\"Refuerzo de muselina de algod\u00f3n org\u00e1nico con cinco (!) capas. Los boosters est\u00e1n hechos de nuestro famoso material de muselina XKKO Organic Old Times con el peso m\u00e1s alto del mercado europeo. En comparaci\u00f3n con un pa\u00f1al de algod\u00f3n convencional, los pa\u00f1ales de algod\u00f3n org\u00e1nico XKKO Organic Old Times son mucho m\u00e1s finos y suaves. En comparaci\u00f3n con un pa\u00f1al de algod\u00f3n convencional, los pa\u00f1ales de algod\u00f3n org\u00e1nico XKKO Organic Old Times tienen m\u00e1s de un 45 % m\u00e1s de peso. As\u00ed siguen la tradici\u00f3n de pa\u00f1ales de algod\u00f3n de calidad de hace m\u00e1s de 40 a\u00f1os. Adem\u00e1s, el nuevo valor a\u00f1adido es el algod\u00f3n org\u00e1nico puro y natural cultivado sin el uso de productos qu\u00edmicos. Este material es a\u00fan m\u00e1s absorbente despu\u00e9s de m\u00faltiples lavados. Los pa\u00f1ales obtienen una absorbencia \u00f3ptima despu\u00e9s de 4-8 lavados. La propiedad natural del algod\u00f3n sin tratar es el encogimiento, el valor de encogimiento del pa\u00f1al com\u00fanmente informado es de alrededor del 10%. El algod\u00f3n org\u00e1nico con certificado GOTS (Global Organic Textile Standard) se cultiva sin fumigaci\u00f3n qu\u00edmica mientras se utilizan las leyes naturales. La biodiversidad natural, la rotaci\u00f3n de cultivos y la fertilizaci\u00f3n con compost mantienen el suelo sano y lleno de nutrientes. En lugar de usar preparaciones qu\u00edmicas, las malas hierbas se eliminan mediante un simple deshierbe manual y azada, mantillo, riego m\u00e1s eficiente y cultivo de m\u00faltiples especies de plantas juntas. Solo se utilizan insecticidas naturales y varios m\u00e9todos (como la siembra de cultivos espec\u00edficos) fomentan la aparici\u00f3n de enemigos naturales de las plagas de las plantas. La recolecci\u00f3n de las flores de algod\u00f3n se realiza a menudo a mano o con otros m\u00e9todos muy suaves, y siempre sin la acci\u00f3n de los productos qu\u00edmicos utilizados para defoliar las plantas.\"},{\"@type\":\"BreadcrumbList\",\"@id\":\"https:\\\/\\\/somllavors.com\\\/es\\\/producte\\\/pack-de-2-absorbents-old-times-xkko#breadcrumb\",\"itemListElement\":[{\"@type\":\"ListItem\",\"position\":1,\"name\":\"Inici\",\"item\":\"https:\\\/\\\/somllavors.com\\\/es\"},{\"@type\":\"ListItem\",\"position\":2,\"name\":\"Tienda\",\"item\":\"https:\\\/\\\/somllavors.com\\\/es\\\/botiga-2\"},{\"@type\":\"ListItem\",\"position\":3,\"name\":\"Pack de 2 absorbents Old Times XKKO de cot\u00f3 org\u00e0nic\"}]},{\"@type\":\"WebSite\",\"@id\":\"https:\\\/\\\/somllavors.com\\\/es#website\",\"url\":\"https:\\\/\\\/somllavors.com\\\/es\",\"name\":\"Som Llavors\",\"description\":\"Botiga de crian\u00e7a natural\",\"publisher\":{\"@id\":\"https:\\\/\\\/somllavors.com\\\/es#organization\"},\"alternateName\":\"Crian\u00e7a Natural i Sostenible\",\"potentialAction\":[{\"@type\":\"SearchAction\",\"target\":{\"@type\":\"EntryPoint\",\"urlTemplate\":\"https:\\\/\\\/somllavors.com\\\/es?s={search_term_string}\"},\"query-input\":{\"@type\":\"PropertyValueSpecification\",\"valueRequired\":true,\"valueName\":\"search_term_string\"}}],\"inLanguage\":\"es\"},{\"@type\":[\"Organization\",\"Place\",\"Store\"],\"@id\":\"https:\\\/\\\/somllavors.com\\\/es#organization\",\"name\":\"Som Llavors\",\"alternateName\":\"Crian\u00e7a Natural i Sostenible\",\"url\":\"https:\\\/\\\/somllavors.com\\\/es\",\"logo\":{\"@id\":\"https:\\\/\\\/somllavors.com\\\/es\\\/producte\\\/pack-de-2-absorbents-old-times-xkko#local-main-organization-logo\"},\"image\":{\"@id\":\"https:\\\/\\\/somllavors.com\\\/es\\\/producte\\\/pack-de-2-absorbents-old-times-xkko#local-main-organization-logo\"},\"sameAs\":[\"https:\\\/\\\/www.facebook.com\\\/somllavorsvng\\\/?locale=ca_ES\",\"https:\\\/\\\/www.instagram.com\\\/somllavors_vng\\\/\",\"https:\\\/\\\/www.youtube.com\\\/@somllavors\"],\"address\":{\"@id\":\"https:\\\/\\\/somllavors.com\\\/es\\\/producte\\\/pack-de-2-absorbents-old-times-xkko#local-main-place-address\"},\"geo\":{\"@type\":\"GeoCoordinates\",\"latitude\":\"41.2257737\",\"longitude\":\"1.723258859\"},\"telephone\":[\"623152704\"],\"openingHoursSpecification\":[{\"@type\":\"OpeningHoursSpecification\",\"dayOfWeek\":[\"Monday\",\"Sunday\"],\"opens\":\"00:00\",\"closes\":\"00:00\"},{\"@type\":\"OpeningHoursSpecification\",\"dayOfWeek\":[\"Tuesday\",\"Wednesday\",\"Thursday\",\"Friday\"],\"opens\":\"10:00\",\"closes\":\"20:00\"},{\"@type\":\"OpeningHoursSpecification\",\"dayOfWeek\":[\"Saturday\"],\"opens\":\"10:00\",\"closes\":\"13:30\"}],\"email\":\"info@somllavors.com\"},{\"@type\":\"PostalAddress\",\"@id\":\"https:\\\/\\\/somllavors.com\\\/es\\\/producte\\\/pack-de-2-absorbents-old-times-xkko#local-main-place-address\",\"streetAddress\":\"Carrer de l'aigua, 6\",\"addressLocality\":\"Vilanova i la Geltr\u00fa\",\"postalCode\":\"08800\",\"addressRegion\":\"Barcelona\",\"addressCountry\":\"ES\"},{\"@type\":\"ImageObject\",\"inLanguage\":\"es\",\"@id\":\"https:\\\/\\\/somllavors.com\\\/es\\\/producte\\\/pack-de-2-absorbents-old-times-xkko#local-main-organization-logo\",\"url\":\"https:\\\/\\\/somllavors.com\\\/wp-content\\\/uploads\\\/Logotip-Som-Llavors.jpg\",\"contentUrl\":\"https:\\\/\\\/somllavors.com\\\/wp-content\\\/uploads\\\/Logotip-Som-Llavors.jpg\",\"width\":1444,\"height\":1323,\"caption\":\"Som Llavors\"}]}<\/script>\n<meta property=\"product:price:amount\" content=\"15.90\" \/>\n<meta property=\"product:price:currency\" content=\"EUR\" \/>\n<meta property=\"og:availability\" content=\"out of stock\" \/>\n<meta property=\"product:availability\" content=\"out of stock\" \/>\n<meta property=\"product:retailer_item_id\" content=\"ORGBOO02\" \/>\n<meta property=\"product:condition\" content=\"new\" \/>\n<meta name=\"geo.placename\" content=\"Vilanova i la Geltr\u00fa\" \/>\n<meta name=\"geo.position\" content=\"41.2257737;1.723258859\" \/>\n<meta name=\"geo.region\" content=\"Espa\u00f1a\" \/>\n<!-- \/ Yoast SEO Premium plugin. -->","yoast_head_json":{"title":"Pack de 2 absorbents Old Times XKKO de cot\u00f3 org\u00e0nic &#8212; Som Llavors","description":"Els abosrbents XKKO Old Times estan fabricats amb el fam\u00f3s material de muselina XKKO Organic Old Times i s\u00f3n els que tenen el pes m\u00e9s alt del mercat europeu! En comparaci\u00f3 amb un bolquer de cot\u00f3 convencional, els bolquers de cot\u00f3 org\u00e0nic XKKO Organic Old Times s\u00f3n molt m\u00e9s fins i suaus. Segueixen la tradici\u00f3 dels bolquers de cot\u00f3 de qualitat de fa m\u00e9s de 40 anys. A m\u00e9s, el nou valor afegit \u00e9s el cot\u00f3 org\u00e0nic pur natural cultivat sense l'\u00fas de productes qu\u00edmics.","robots":{"index":"index","follow":"follow","max-snippet":"max-snippet:-1","max-image-preview":"max-image-preview:large","max-video-preview":"max-video-preview:-1"},"canonical":"https:\/\/somllavors.com\/es\/producte\/pack-de-2-absorbents-old-times-xkko","og_locale":"es_ES","og_type":"article","og_title":"Pack de 2 absorbents Old Times XKKO de cot\u00f3 org\u00e0nic","og_description":"La teva botiga d\u2019ecocrian\u00e7a i espai d\u2019acompanyament a la maternitat","og_url":"https:\/\/somllavors.com\/es\/producte\/pack-de-2-absorbents-old-times-xkko","og_site_name":"Som Llavors","article_publisher":"https:\/\/www.facebook.com\/somllavorsvng\/?locale=ca_ES","article_modified_time":"2026-02-23T10:08:39+00:00","og_image":[{"width":945,"height":945,"url":"https:\/\/somllavors.com\/wp-content\/uploads\/xkko-organic-old-times-booster-natural-size-l-2ps-483.jpg","type":"image\/jpeg"}],"twitter_card":"summary_large_image","twitter_misc":{"Precio":"15,90&euro; Iva incl\u00f2s","Availability":"Out of stock"},"schema":{"@context":"https:\/\/schema.org","@graph":[{"@type":"WebPage","@id":"https:\/\/somllavors.com\/es\/producte\/pack-de-2-absorbents-old-times-xkko","url":"https:\/\/somllavors.com\/es\/producte\/pack-de-2-absorbents-old-times-xkko","name":"Pack de 2 absorbents Old Times XKKO de cot\u00f3 org\u00e0nic &#8212; Som Llavors","isPartOf":{"@id":"https:\/\/somllavors.com\/es#website"},"primaryImageOfPage":{"@id":"https:\/\/somllavors.com\/es\/producte\/pack-de-2-absorbents-old-times-xkko#primaryimage"},"image":{"@id":"https:\/\/somllavors.com\/es\/producte\/pack-de-2-absorbents-old-times-xkko#primaryimage"},"thumbnailUrl":"https:\/\/somllavors.com\/wp-content\/uploads\/xkko-organic-old-times-booster-natural-size-l-2ps-483.jpg","datePublished":"2022-04-26T10:45:27+00:00","dateModified":"2026-02-23T10:08:39+00:00","description":"Els abosrbents XKKO Old Times estan fabricats amb el fam\u00f3s material de muselina XKKO Organic Old Times i s\u00f3n els que tenen el pes m\u00e9s alt del mercat europeu! En comparaci\u00f3 amb un bolquer de cot\u00f3 convencional, els bolquers de cot\u00f3 org\u00e0nic XKKO Organic Old Times s\u00f3n molt m\u00e9s fins i suaus. Segueixen la tradici\u00f3 dels bolquers de cot\u00f3 de qualitat de fa m\u00e9s de 40 anys. A m\u00e9s, el nou valor afegit \u00e9s el cot\u00f3 org\u00e0nic pur natural cultivat sense l'\u00fas de productes qu\u00edmics.","breadcrumb":{"@id":"https:\/\/somllavors.com\/es\/producte\/pack-de-2-absorbents-old-times-xkko#breadcrumb"},"inLanguage":"es","potentialAction":[{"@type":"ReadAction","target":["https:\/\/somllavors.com\/es\/producte\/pack-de-2-absorbents-old-times-xkko"]}]},{"@type":"ImageObject","inLanguage":"es","@id":"https:\/\/somllavors.com\/es\/producte\/pack-de-2-absorbents-old-times-xkko#primaryimage","url":"https:\/\/somllavors.com\/wp-content\/uploads\/xkko-organic-old-times-booster-natural-size-l-2ps-483.jpg","contentUrl":"https:\/\/somllavors.com\/wp-content\/uploads\/xkko-organic-old-times-booster-natural-size-l-2ps-483.jpg","width":945,"height":945,"caption":"Refuerzo de muselina de algod\u00f3n org\u00e1nico con cinco (!) capas. Los boosters est\u00e1n hechos de nuestro famoso material de muselina XKKO Organic Old Times con el peso m\u00e1s alto del mercado europeo. En comparaci\u00f3n con un pa\u00f1al de algod\u00f3n convencional, los pa\u00f1ales de algod\u00f3n org\u00e1nico XKKO Organic Old Times son mucho m\u00e1s finos y suaves. En comparaci\u00f3n con un pa\u00f1al de algod\u00f3n convencional, los pa\u00f1ales de algod\u00f3n org\u00e1nico XKKO Organic Old Times tienen m\u00e1s de un 45 % m\u00e1s de peso. As\u00ed siguen la tradici\u00f3n de pa\u00f1ales de algod\u00f3n de calidad de hace m\u00e1s de 40 a\u00f1os. Adem\u00e1s, el nuevo valor a\u00f1adido es el algod\u00f3n org\u00e1nico puro y natural cultivado sin el uso de productos qu\u00edmicos. Este material es a\u00fan m\u00e1s absorbente despu\u00e9s de m\u00faltiples lavados. Los pa\u00f1ales obtienen una absorbencia \u00f3ptima despu\u00e9s de 4-8 lavados. La propiedad natural del algod\u00f3n sin tratar es el encogimiento, el valor de encogimiento del pa\u00f1al com\u00fanmente informado es de alrededor del 10%. El algod\u00f3n org\u00e1nico con certificado GOTS (Global Organic Textile Standard) se cultiva sin fumigaci\u00f3n qu\u00edmica mientras se utilizan las leyes naturales. La biodiversidad natural, la rotaci\u00f3n de cultivos y la fertilizaci\u00f3n con compost mantienen el suelo sano y lleno de nutrientes. En lugar de usar preparaciones qu\u00edmicas, las malas hierbas se eliminan mediante un simple deshierbe manual y azada, mantillo, riego m\u00e1s eficiente y cultivo de m\u00faltiples especies de plantas juntas. Solo se utilizan insecticidas naturales y varios m\u00e9todos (como la siembra de cultivos espec\u00edficos) fomentan la aparici\u00f3n de enemigos naturales de las plagas de las plantas. La recolecci\u00f3n de las flores de algod\u00f3n se realiza a menudo a mano o con otros m\u00e9todos muy suaves, y siempre sin la acci\u00f3n de los productos qu\u00edmicos utilizados para defoliar las plantas."},{"@type":"BreadcrumbList","@id":"https:\/\/somllavors.com\/es\/producte\/pack-de-2-absorbents-old-times-xkko#breadcrumb","itemListElement":[{"@type":"ListItem","position":1,"name":"Inici","item":"https:\/\/somllavors.com\/es"},{"@type":"ListItem","position":2,"name":"Tienda","item":"https:\/\/somllavors.com\/es\/botiga-2"},{"@type":"ListItem","position":3,"name":"Pack de 2 absorbents Old Times XKKO de cot\u00f3 org\u00e0nic"}]},{"@type":"WebSite","@id":"https:\/\/somllavors.com\/es#website","url":"https:\/\/somllavors.com\/es","name":"Som Llavors","description":"Botiga de crian\u00e7a natural","publisher":{"@id":"https:\/\/somllavors.com\/es#organization"},"alternateName":"Crian\u00e7a Natural i Sostenible","potentialAction":[{"@type":"SearchAction","target":{"@type":"EntryPoint","urlTemplate":"https:\/\/somllavors.com\/es?s={search_term_string}"},"query-input":{"@type":"PropertyValueSpecification","valueRequired":true,"valueName":"search_term_string"}}],"inLanguage":"es"},{"@type":["Organization","Place","Store"],"@id":"https:\/\/somllavors.com\/es#organization","name":"Som Llavors","alternateName":"Crian\u00e7a Natural i Sostenible","url":"https:\/\/somllavors.com\/es","logo":{"@id":"https:\/\/somllavors.com\/es\/producte\/pack-de-2-absorbents-old-times-xkko#local-main-organization-logo"},"image":{"@id":"https:\/\/somllavors.com\/es\/producte\/pack-de-2-absorbents-old-times-xkko#local-main-organization-logo"},"sameAs":["https:\/\/www.facebook.com\/somllavorsvng\/?locale=ca_ES","https:\/\/www.instagram.com\/somllavors_vng\/","https:\/\/www.youtube.com\/@somllavors"],"address":{"@id":"https:\/\/somllavors.com\/es\/producte\/pack-de-2-absorbents-old-times-xkko#local-main-place-address"},"geo":{"@type":"GeoCoordinates","latitude":"41.2257737","longitude":"1.723258859"},"telephone":["623152704","623152704"],"openingHoursSpecification":[{"@type":"OpeningHoursSpecification","dayOfWeek":["Monday","Sunday"],"opens":"00:00","closes":"00:00"},{"@type":"OpeningHoursSpecification","dayOfWeek":["Tuesday","Wednesday","Thursday","Friday"],"opens":"10:00","closes":"20:00"},{"@type":"OpeningHoursSpecification","dayOfWeek":["Saturday"],"opens":"10:00","closes":"13:30"}],"email":"info@somllavors.com"},{"@type":"PostalAddress","@id":"https:\/\/somllavors.com\/es\/producte\/pack-de-2-absorbents-old-times-xkko#local-main-place-address","streetAddress":"Carrer de l'aigua, 6","addressLocality":"Vilanova i la Geltr\u00fa","postalCode":"08800","addressRegion":"Barcelona","addressCountry":"ES"},{"@type":"ImageObject","inLanguage":"es","@id":"https:\/\/somllavors.com\/es\/producte\/pack-de-2-absorbents-old-times-xkko#local-main-organization-logo","url":"https:\/\/somllavors.com\/wp-content\/uploads\/Logotip-Som-Llavors.jpg","contentUrl":"https:\/\/somllavors.com\/wp-content\/uploads\/Logotip-Som-Llavors.jpg","width":1444,"height":1323,"caption":"Som Llavors"}]},"product_price_amount":"15.90","product_price_currency":"EUR","og_availability":"out of stock","product_availability":"out of stock","product_retailer_item_id":"ORGBOO02","product_condition":"new","geo.placename":"Vilanova i la Geltr\u00fa","geo.position":{"lat":"41.2257737","long":"1.723258859"},"geo.region":"Espa\u00f1a"},"brands":[],"_links":{"self":[{"href":"https:\/\/somllavors.com\/es\/wp-json\/wp\/v2\/product\/17874","targetHints":{"allow":["GET"]}}],"collection":[{"href":"https:\/\/somllavors.com\/es\/wp-json\/wp\/v2\/product"}],"about":[{"href":"https:\/\/somllavors.com\/es\/wp-json\/wp\/v2\/types\/product"}],"wp:featuredmedia":[{"embeddable":true,"href":"https:\/\/somllavors.com\/es\/wp-json\/wp\/v2\/media\/17877"}],"wp:attachment":[{"href":"https:\/\/somllavors.com\/es\/wp-json\/wp\/v2\/media?parent=17874"}],"wp:term":[{"taxonomy":"pwb-brand","embeddable":true,"href":"https:\/\/somllavors.com\/es\/wp-json\/wp\/v2\/pwb-brand?post=17874"},{"taxonomy":"product_brand","embeddable":true,"href":"https:\/\/somllavors.com\/es\/wp-json\/wp\/v2\/product_brand?post=17874"},{"taxonomy":"product_cat","embeddable":true,"href":"https:\/\/somllavors.com\/es\/wp-json\/wp\/v2\/product_cat?post=17874"},{"taxonomy":"product_tag","embeddable":true,"href":"https:\/\/somllavors.com\/es\/wp-json\/wp\/v2\/product_tag?post=17874"}],"curies":[{"name":"wp","href":"https:\/\/api.w.org\/{rel}","templated":true}]}}