{"id":18057,"date":"2022-04-28T23:02:46","date_gmt":"2022-04-28T21:02:46","guid":{"rendered":"https:\/\/somllavors.com\/?post_type=product&#038;p=18057"},"modified":"2022-09-29T17:55:40","modified_gmt":"2022-09-29T15:55:40","slug":"el-lleo-vergonyos-i-els-seus-amics","status":"publish","type":"product","link":"https:\/\/somllavors.com\/es\/producte\/el-lleo-vergonyos-i-els-seus-amics","title":{"rendered":"El lle\u00f3 vergony\u00f3s i els seus amics"},"content":{"rendered":"<p><span style=\"font-size: 16px;\">Est\u00e0s preparat per deixar enrere la vergonya i jugar, cantar i ballar amb El Pot Petit? L&#8217;univers de les can\u00e7ons d&#8217;El Pot Petit \u00e9s l&#8217;univers dels infants, que ara podran gaudir-lo, a m\u00e9s, en un \u00e0lbum per a tota la fam\u00edlia. <\/span><\/p>\n<p><span style=\"font-size: 16px;\">Amb les hist\u00f2ries m\u00e9s entranyables dels coneguts personatges, aquest llibre presenta una nova manera de treballar les emocions, amb una mirada respectuosa que ressalta el valor de l&#8217;amistat i la solidaritat en un format l\u00fadic i fresc. Descobreix els contes d&#8217;El Pot Petit!<\/span><\/p>\n","protected":false},"excerpt":{"rendered":"<div class=\"clear\"><span style=\"font-size: 16px;\">Diverteix-te amb les incre\u00efbles aventures del lle\u00f3 vergony\u00f3s i coneix tots els seus amics!\u00a0<\/span><\/div>\n","protected":false},"featured_media":18881,"template":"","meta":{"_acf_changed":false,"site-sidebar-layout":"default","site-content-layout":"default","ast-site-content-layout":"default","site-content-style":"default","site-sidebar-style":"default","ast-global-header-display":"","ast-banner-title-visibility":"","ast-main-header-display":"","ast-hfb-above-header-display":"","ast-hfb-below-header-display":"","ast-hfb-mobile-header-display":"","site-post-title":"","ast-breadcrumbs-content":"","ast-featured-img":"","footer-sml-layout":"","ast-disable-related-posts":"","theme-transparent-header-meta":"default","adv-header-id-meta":"","stick-header-meta":"","header-above-stick-meta":"","header-main-stick-meta":"","header-below-stick-meta":"","astra-migrate-meta-layouts":"default","ast-page-background-enabled":"default","ast-page-background-meta":{"desktop":{"background-color":"","background-image":"","background-repeat":"repeat","background-position":"center center","background-size":"auto","background-attachment":"scroll","background-type":"","background-media":"","overlay-type":"","overlay-color":"","overlay-opacity":"","overlay-gradient":""},"tablet":{"background-color":"","background-image":"","background-repeat":"repeat","background-position":"center center","background-size":"auto","background-attachment":"scroll","background-type":"","background-media":"","overlay-type":"","overlay-color":"","overlay-opacity":"","overlay-gradient":""},"mobile":{"background-color":"","background-image":"","background-repeat":"repeat","background-position":"center center","background-size":"auto","background-attachment":"scroll","background-type":"","background-media":"","overlay-type":"","overlay-color":"","overlay-opacity":"","overlay-gradient":""}},"ast-content-background-meta":{"desktop":{"background-color":"var(--ast-global-color-5)","background-image":"","background-repeat":"repeat","background-position":"center center","background-size":"auto","background-attachment":"scroll","background-type":"","background-media":"","overlay-type":"","overlay-color":"","overlay-opacity":"","overlay-gradient":""},"tablet":{"background-color":"var(--ast-global-color-5)","background-image":"","background-repeat":"repeat","background-position":"center center","background-size":"auto","background-attachment":"scroll","background-type":"","background-media":"","overlay-type":"","overlay-color":"","overlay-opacity":"","overlay-gradient":""},"mobile":{"background-color":"var(--ast-global-color-5)","background-image":"","background-repeat":"repeat","background-position":"center center","background-size":"auto","background-attachment":"scroll","background-type":"","background-media":"","overlay-type":"","overlay-color":"","overlay-opacity":"","overlay-gradient":""}}},"pwb-brand":[],"product_brand":[],"product_cat":[567],"product_tag":[741,1805,1121],"class_list":{"0":"post-18057","1":"product","2":"type-product","3":"status-publish","4":"has-post-thumbnail","6":"product_cat-infantils","7":"product_tag-conte","8":"product_tag-el-pot-petit","9":"product_tag-montena","10":"desktop-align-left","11":"tablet-align-left","12":"mobile-align-left","14":"first","15":"outofstock","16":"taxable","17":"shipping-taxable","18":"purchasable","19":"product-type-simple"},"acf":[],"yoast_head":"<!-- This site is optimized with the Yoast SEO Premium plugin v18.3 (Yoast SEO v27.4) - https:\/\/yoast.com\/product\/yoast-seo-premium-wordpress\/ -->\n<title>El lle\u00f3 vergony\u00f3s i els seus amics &#8212; Som Llavors<\/title>\n<meta name=\"description\" content=\"Diverteix-te amb les incre\u00efbles aventures del lle\u00f3 vergony\u00f3s i coneix tots els seus amics!\u00a0\" \/>\n<meta name=\"robots\" content=\"index, follow, max-snippet:-1, max-image-preview:large, max-video-preview:-1\" \/>\n<link rel=\"canonical\" href=\"https:\/\/somllavors.com\/es\/producte\/el-lleo-vergonyos-i-els-seus-amics\" \/>\n<meta property=\"og:locale\" content=\"es_ES\" \/>\n<meta property=\"og:type\" content=\"article\" \/>\n<meta property=\"og:title\" content=\"El lle\u00f3 vergony\u00f3s i els seus amics\" \/>\n<meta property=\"og:description\" content=\"La teva botiga d\u2019ecocrian\u00e7a i espai d\u2019acompanyament a la maternitat\" \/>\n<meta property=\"og:url\" content=\"https:\/\/somllavors.com\/es\/producte\/el-lleo-vergonyos-i-els-seus-amics\" \/>\n<meta property=\"og:site_name\" content=\"Som Llavors\" \/>\n<meta property=\"article:publisher\" content=\"https:\/\/www.facebook.com\/somllavorsvng\/?locale=ca_ES\" \/>\n<meta property=\"article:modified_time\" content=\"2022-09-29T15:55:40+00:00\" \/>\n<meta property=\"og:image\" content=\"https:\/\/somllavors.com\/wp-content\/uploads\/EL-LLEO-VERGONYOS-I-ELS-SEUS-AMICS-.jpeg\" \/>\n\t<meta property=\"og:image:width\" content=\"552\" \/>\n\t<meta property=\"og:image:height\" content=\"523\" \/>\n\t<meta property=\"og:image:type\" content=\"image\/jpeg\" \/>\n<meta name=\"twitter:card\" content=\"summary_large_image\" \/>\n<meta name=\"twitter:label1\" content=\"Precio\" \/>\n\t<meta name=\"twitter:data1\" content=\"16,95&euro; Iva incl\u00f2s\" \/>\n\t<meta name=\"twitter:label2\" content=\"Availability\" \/>\n\t<meta name=\"twitter:data2\" content=\"Out of stock\" \/>\n<script type=\"application\/ld+json\" class=\"yoast-schema-graph\">{\"@context\":\"https:\\\/\\\/schema.org\",\"@graph\":[{\"@type\":\"WebPage\",\"@id\":\"https:\\\/\\\/somllavors.com\\\/es\\\/producte\\\/el-lleo-vergonyos-i-els-seus-amics\",\"url\":\"https:\\\/\\\/somllavors.com\\\/es\\\/producte\\\/el-lleo-vergonyos-i-els-seus-amics\",\"name\":\"El lle\u00f3 vergony\u00f3s i els seus amics &#8212; Som Llavors\",\"isPartOf\":{\"@id\":\"https:\\\/\\\/somllavors.com\\\/es#website\"},\"primaryImageOfPage\":{\"@id\":\"https:\\\/\\\/somllavors.com\\\/es\\\/producte\\\/el-lleo-vergonyos-i-els-seus-amics#primaryimage\"},\"image\":{\"@id\":\"https:\\\/\\\/somllavors.com\\\/es\\\/producte\\\/el-lleo-vergonyos-i-els-seus-amics#primaryimage\"},\"thumbnailUrl\":\"https:\\\/\\\/somllavors.com\\\/wp-content\\\/uploads\\\/EL-LLEO-VERGONYOS-I-ELS-SEUS-AMICS-.jpeg\",\"datePublished\":\"2022-04-28T21:02:46+00:00\",\"dateModified\":\"2022-09-29T15:55:40+00:00\",\"description\":\"Diverteix-te amb les incre\u00efbles aventures del lle\u00f3 vergony\u00f3s i coneix tots els seus amics!\u00a0\",\"breadcrumb\":{\"@id\":\"https:\\\/\\\/somllavors.com\\\/es\\\/producte\\\/el-lleo-vergonyos-i-els-seus-amics#breadcrumb\"},\"inLanguage\":\"es\",\"potentialAction\":[{\"@type\":\"ReadAction\",\"target\":[\"https:\\\/\\\/somllavors.com\\\/es\\\/producte\\\/el-lleo-vergonyos-i-els-seus-amics\"]}]},{\"@type\":\"ImageObject\",\"inLanguage\":\"es\",\"@id\":\"https:\\\/\\\/somllavors.com\\\/es\\\/producte\\\/el-lleo-vergonyos-i-els-seus-amics#primaryimage\",\"url\":\"https:\\\/\\\/somllavors.com\\\/wp-content\\\/uploads\\\/EL-LLEO-VERGONYOS-I-ELS-SEUS-AMICS-.jpeg\",\"contentUrl\":\"https:\\\/\\\/somllavors.com\\\/wp-content\\\/uploads\\\/EL-LLEO-VERGONYOS-I-ELS-SEUS-AMICS-.jpeg\",\"width\":552,\"height\":523,\"caption\":\"EL LLE\u00d3 VERGONY\u00d3S I ELS SEUS AMICS EL LLE\u00d3 VERGONY\u00d3S I ELS SEUS AMICS EL POT PETIT, Editorial: MONTENA (GRIJALBO MONDADORI, SA) Any d'edici\u00f3: 2020 ISBN: 978-84-17922-22-1 EAN: 9788417922221 P\u00e0gines: 48 Idioma: CATALA Enquadernaci\u00f3: Carton\u00e9 Diverteix-te amb les incre\u00efbles aventures del lle\u00f3 vergony\u00f3s i coneix tots els seus amics! Est\u00e0s preparat per deixar enrere la vergonya i jugar, cantar i ballar amb El Pot Petit? \u00abEl lle\u00f3 vergony\u00f3s\u00bb, \u00abEl rock de la formiga\u00bb, \u00abEls pirates\u00bb... L'univers de les can\u00e7ons d'El Pot Petit \u00e9s l'univers dels m\u00e9s petits, que ara podran gaudir-lo, a m\u00e9s, en un \u00e0lbum per a tota la fam\u00edlia. Amb les hist\u00f2ries m\u00e9s entranyables dels coneguts personatges, aquest llibre presenta una nova manera de treballar les emocions, amb una mirada respectuosa que ressalta el valor de l'amistat i la solidaritat en un format l\u00fadic i fresc. Descobreix els contes d'El Pot Petit!\"},{\"@type\":\"BreadcrumbList\",\"@id\":\"https:\\\/\\\/somllavors.com\\\/es\\\/producte\\\/el-lleo-vergonyos-i-els-seus-amics#breadcrumb\",\"itemListElement\":[{\"@type\":\"ListItem\",\"position\":1,\"name\":\"Inici\",\"item\":\"https:\\\/\\\/somllavors.com\\\/es\"},{\"@type\":\"ListItem\",\"position\":2,\"name\":\"Tienda\",\"item\":\"https:\\\/\\\/somllavors.com\\\/es\\\/botiga-2\"},{\"@type\":\"ListItem\",\"position\":3,\"name\":\"El lle\u00f3 vergony\u00f3s i els seus amics\"}]},{\"@type\":\"WebSite\",\"@id\":\"https:\\\/\\\/somllavors.com\\\/es#website\",\"url\":\"https:\\\/\\\/somllavors.com\\\/es\",\"name\":\"Som Llavors\",\"description\":\"Botiga de crian\u00e7a natural\",\"publisher\":{\"@id\":\"https:\\\/\\\/somllavors.com\\\/es#organization\"},\"alternateName\":\"Crian\u00e7a Natural i Sostenible\",\"potentialAction\":[{\"@type\":\"SearchAction\",\"target\":{\"@type\":\"EntryPoint\",\"urlTemplate\":\"https:\\\/\\\/somllavors.com\\\/es?s={search_term_string}\"},\"query-input\":{\"@type\":\"PropertyValueSpecification\",\"valueRequired\":true,\"valueName\":\"search_term_string\"}}],\"inLanguage\":\"es\"},{\"@type\":[\"Organization\",\"Place\",\"Store\"],\"@id\":\"https:\\\/\\\/somllavors.com\\\/es#organization\",\"name\":\"Som Llavors\",\"alternateName\":\"Crian\u00e7a Natural i Sostenible\",\"url\":\"https:\\\/\\\/somllavors.com\\\/es\",\"logo\":{\"@id\":\"https:\\\/\\\/somllavors.com\\\/es\\\/producte\\\/el-lleo-vergonyos-i-els-seus-amics#local-main-organization-logo\"},\"image\":{\"@id\":\"https:\\\/\\\/somllavors.com\\\/es\\\/producte\\\/el-lleo-vergonyos-i-els-seus-amics#local-main-organization-logo\"},\"sameAs\":[\"https:\\\/\\\/www.facebook.com\\\/somllavorsvng\\\/?locale=ca_ES\",\"https:\\\/\\\/www.instagram.com\\\/somllavors_vng\\\/\",\"https:\\\/\\\/www.youtube.com\\\/@somllavors\"],\"address\":{\"@id\":\"https:\\\/\\\/somllavors.com\\\/es\\\/producte\\\/el-lleo-vergonyos-i-els-seus-amics#local-main-place-address\"},\"geo\":{\"@type\":\"GeoCoordinates\",\"latitude\":\"41.2257737\",\"longitude\":\"1.723258859\"},\"telephone\":[\"623152704\"],\"openingHoursSpecification\":[{\"@type\":\"OpeningHoursSpecification\",\"dayOfWeek\":[\"Monday\",\"Sunday\"],\"opens\":\"00:00\",\"closes\":\"00:00\"},{\"@type\":\"OpeningHoursSpecification\",\"dayOfWeek\":[\"Tuesday\",\"Wednesday\",\"Thursday\",\"Friday\"],\"opens\":\"10:00\",\"closes\":\"20:00\"},{\"@type\":\"OpeningHoursSpecification\",\"dayOfWeek\":[\"Saturday\"],\"opens\":\"10:00\",\"closes\":\"13:30\"}],\"email\":\"info@somllavors.com\"},{\"@type\":\"PostalAddress\",\"@id\":\"https:\\\/\\\/somllavors.com\\\/es\\\/producte\\\/el-lleo-vergonyos-i-els-seus-amics#local-main-place-address\",\"streetAddress\":\"Carrer de l'aigua, 6\",\"addressLocality\":\"Vilanova i la Geltr\u00fa\",\"postalCode\":\"08800\",\"addressRegion\":\"Barcelona\",\"addressCountry\":\"ES\"},{\"@type\":\"ImageObject\",\"inLanguage\":\"es\",\"@id\":\"https:\\\/\\\/somllavors.com\\\/es\\\/producte\\\/el-lleo-vergonyos-i-els-seus-amics#local-main-organization-logo\",\"url\":\"https:\\\/\\\/somllavors.com\\\/wp-content\\\/uploads\\\/Logotip-Som-Llavors.jpg\",\"contentUrl\":\"https:\\\/\\\/somllavors.com\\\/wp-content\\\/uploads\\\/Logotip-Som-Llavors.jpg\",\"width\":1444,\"height\":1323,\"caption\":\"Som Llavors\"}]}<\/script>\n<meta property=\"product:price:amount\" content=\"16.95\" \/>\n<meta property=\"product:price:currency\" content=\"EUR\" \/>\n<meta property=\"og:availability\" content=\"out of stock\" \/>\n<meta property=\"product:availability\" content=\"out of stock\" \/>\n<meta property=\"product:retailer_item_id\" content=\"9788417922221\" \/>\n<meta property=\"product:condition\" content=\"new\" \/>\n<meta name=\"geo.placename\" content=\"Vilanova i la Geltr\u00fa\" \/>\n<meta name=\"geo.position\" content=\"41.2257737;1.723258859\" \/>\n<meta name=\"geo.region\" content=\"Espa\u00f1a\" \/>\n<!-- \/ Yoast SEO Premium plugin. -->","yoast_head_json":{"title":"El lle\u00f3 vergony\u00f3s i els seus amics &#8212; Som Llavors","description":"Diverteix-te amb les incre\u00efbles aventures del lle\u00f3 vergony\u00f3s i coneix tots els seus amics!\u00a0","robots":{"index":"index","follow":"follow","max-snippet":"max-snippet:-1","max-image-preview":"max-image-preview:large","max-video-preview":"max-video-preview:-1"},"canonical":"https:\/\/somllavors.com\/es\/producte\/el-lleo-vergonyos-i-els-seus-amics","og_locale":"es_ES","og_type":"article","og_title":"El lle\u00f3 vergony\u00f3s i els seus amics","og_description":"La teva botiga d\u2019ecocrian\u00e7a i espai d\u2019acompanyament a la maternitat","og_url":"https:\/\/somllavors.com\/es\/producte\/el-lleo-vergonyos-i-els-seus-amics","og_site_name":"Som Llavors","article_publisher":"https:\/\/www.facebook.com\/somllavorsvng\/?locale=ca_ES","article_modified_time":"2022-09-29T15:55:40+00:00","og_image":[{"width":552,"height":523,"url":"https:\/\/somllavors.com\/wp-content\/uploads\/EL-LLEO-VERGONYOS-I-ELS-SEUS-AMICS-.jpeg","type":"image\/jpeg"}],"twitter_card":"summary_large_image","twitter_misc":{"Precio":"16,95&euro; Iva incl\u00f2s","Availability":"Out of stock"},"schema":{"@context":"https:\/\/schema.org","@graph":[{"@type":"WebPage","@id":"https:\/\/somllavors.com\/es\/producte\/el-lleo-vergonyos-i-els-seus-amics","url":"https:\/\/somllavors.com\/es\/producte\/el-lleo-vergonyos-i-els-seus-amics","name":"El lle\u00f3 vergony\u00f3s i els seus amics &#8212; Som Llavors","isPartOf":{"@id":"https:\/\/somllavors.com\/es#website"},"primaryImageOfPage":{"@id":"https:\/\/somllavors.com\/es\/producte\/el-lleo-vergonyos-i-els-seus-amics#primaryimage"},"image":{"@id":"https:\/\/somllavors.com\/es\/producte\/el-lleo-vergonyos-i-els-seus-amics#primaryimage"},"thumbnailUrl":"https:\/\/somllavors.com\/wp-content\/uploads\/EL-LLEO-VERGONYOS-I-ELS-SEUS-AMICS-.jpeg","datePublished":"2022-04-28T21:02:46+00:00","dateModified":"2022-09-29T15:55:40+00:00","description":"Diverteix-te amb les incre\u00efbles aventures del lle\u00f3 vergony\u00f3s i coneix tots els seus amics!\u00a0","breadcrumb":{"@id":"https:\/\/somllavors.com\/es\/producte\/el-lleo-vergonyos-i-els-seus-amics#breadcrumb"},"inLanguage":"es","potentialAction":[{"@type":"ReadAction","target":["https:\/\/somllavors.com\/es\/producte\/el-lleo-vergonyos-i-els-seus-amics"]}]},{"@type":"ImageObject","inLanguage":"es","@id":"https:\/\/somllavors.com\/es\/producte\/el-lleo-vergonyos-i-els-seus-amics#primaryimage","url":"https:\/\/somllavors.com\/wp-content\/uploads\/EL-LLEO-VERGONYOS-I-ELS-SEUS-AMICS-.jpeg","contentUrl":"https:\/\/somllavors.com\/wp-content\/uploads\/EL-LLEO-VERGONYOS-I-ELS-SEUS-AMICS-.jpeg","width":552,"height":523,"caption":"EL LLE\u00d3 VERGONY\u00d3S I ELS SEUS AMICS EL LLE\u00d3 VERGONY\u00d3S I ELS SEUS AMICS EL POT PETIT, Editorial: MONTENA (GRIJALBO MONDADORI, SA) Any d'edici\u00f3: 2020 ISBN: 978-84-17922-22-1 EAN: 9788417922221 P\u00e0gines: 48 Idioma: CATALA Enquadernaci\u00f3: Carton\u00e9 Diverteix-te amb les incre\u00efbles aventures del lle\u00f3 vergony\u00f3s i coneix tots els seus amics! Est\u00e0s preparat per deixar enrere la vergonya i jugar, cantar i ballar amb El Pot Petit? \u00abEl lle\u00f3 vergony\u00f3s\u00bb, \u00abEl rock de la formiga\u00bb, \u00abEls pirates\u00bb... L'univers de les can\u00e7ons d'El Pot Petit \u00e9s l'univers dels m\u00e9s petits, que ara podran gaudir-lo, a m\u00e9s, en un \u00e0lbum per a tota la fam\u00edlia. Amb les hist\u00f2ries m\u00e9s entranyables dels coneguts personatges, aquest llibre presenta una nova manera de treballar les emocions, amb una mirada respectuosa que ressalta el valor de l'amistat i la solidaritat en un format l\u00fadic i fresc. Descobreix els contes d'El Pot Petit!"},{"@type":"BreadcrumbList","@id":"https:\/\/somllavors.com\/es\/producte\/el-lleo-vergonyos-i-els-seus-amics#breadcrumb","itemListElement":[{"@type":"ListItem","position":1,"name":"Inici","item":"https:\/\/somllavors.com\/es"},{"@type":"ListItem","position":2,"name":"Tienda","item":"https:\/\/somllavors.com\/es\/botiga-2"},{"@type":"ListItem","position":3,"name":"El lle\u00f3 vergony\u00f3s i els seus amics"}]},{"@type":"WebSite","@id":"https:\/\/somllavors.com\/es#website","url":"https:\/\/somllavors.com\/es","name":"Som Llavors","description":"Botiga de crian\u00e7a natural","publisher":{"@id":"https:\/\/somllavors.com\/es#organization"},"alternateName":"Crian\u00e7a Natural i Sostenible","potentialAction":[{"@type":"SearchAction","target":{"@type":"EntryPoint","urlTemplate":"https:\/\/somllavors.com\/es?s={search_term_string}"},"query-input":{"@type":"PropertyValueSpecification","valueRequired":true,"valueName":"search_term_string"}}],"inLanguage":"es"},{"@type":["Organization","Place","Store"],"@id":"https:\/\/somllavors.com\/es#organization","name":"Som Llavors","alternateName":"Crian\u00e7a Natural i Sostenible","url":"https:\/\/somllavors.com\/es","logo":{"@id":"https:\/\/somllavors.com\/es\/producte\/el-lleo-vergonyos-i-els-seus-amics#local-main-organization-logo"},"image":{"@id":"https:\/\/somllavors.com\/es\/producte\/el-lleo-vergonyos-i-els-seus-amics#local-main-organization-logo"},"sameAs":["https:\/\/www.facebook.com\/somllavorsvng\/?locale=ca_ES","https:\/\/www.instagram.com\/somllavors_vng\/","https:\/\/www.youtube.com\/@somllavors"],"address":{"@id":"https:\/\/somllavors.com\/es\/producte\/el-lleo-vergonyos-i-els-seus-amics#local-main-place-address"},"geo":{"@type":"GeoCoordinates","latitude":"41.2257737","longitude":"1.723258859"},"telephone":["623152704","623152704"],"openingHoursSpecification":[{"@type":"OpeningHoursSpecification","dayOfWeek":["Monday","Sunday"],"opens":"00:00","closes":"00:00"},{"@type":"OpeningHoursSpecification","dayOfWeek":["Tuesday","Wednesday","Thursday","Friday"],"opens":"10:00","closes":"20:00"},{"@type":"OpeningHoursSpecification","dayOfWeek":["Saturday"],"opens":"10:00","closes":"13:30"}],"email":"info@somllavors.com"},{"@type":"PostalAddress","@id":"https:\/\/somllavors.com\/es\/producte\/el-lleo-vergonyos-i-els-seus-amics#local-main-place-address","streetAddress":"Carrer de l'aigua, 6","addressLocality":"Vilanova i la Geltr\u00fa","postalCode":"08800","addressRegion":"Barcelona","addressCountry":"ES"},{"@type":"ImageObject","inLanguage":"es","@id":"https:\/\/somllavors.com\/es\/producte\/el-lleo-vergonyos-i-els-seus-amics#local-main-organization-logo","url":"https:\/\/somllavors.com\/wp-content\/uploads\/Logotip-Som-Llavors.jpg","contentUrl":"https:\/\/somllavors.com\/wp-content\/uploads\/Logotip-Som-Llavors.jpg","width":1444,"height":1323,"caption":"Som Llavors"}]},"product_price_amount":"16.95","product_price_currency":"EUR","og_availability":"out of stock","product_availability":"out of stock","product_retailer_item_id":"9788417922221","product_condition":"new","geo.placename":"Vilanova i la Geltr\u00fa","geo.position":{"lat":"41.2257737","long":"1.723258859"},"geo.region":"Espa\u00f1a"},"brands":[],"_links":{"self":[{"href":"https:\/\/somllavors.com\/es\/wp-json\/wp\/v2\/product\/18057","targetHints":{"allow":["GET"]}}],"collection":[{"href":"https:\/\/somllavors.com\/es\/wp-json\/wp\/v2\/product"}],"about":[{"href":"https:\/\/somllavors.com\/es\/wp-json\/wp\/v2\/types\/product"}],"wp:featuredmedia":[{"embeddable":true,"href":"https:\/\/somllavors.com\/es\/wp-json\/wp\/v2\/media\/18881"}],"wp:attachment":[{"href":"https:\/\/somllavors.com\/es\/wp-json\/wp\/v2\/media?parent=18057"}],"wp:term":[{"taxonomy":"pwb-brand","embeddable":true,"href":"https:\/\/somllavors.com\/es\/wp-json\/wp\/v2\/pwb-brand?post=18057"},{"taxonomy":"product_brand","embeddable":true,"href":"https:\/\/somllavors.com\/es\/wp-json\/wp\/v2\/product_brand?post=18057"},{"taxonomy":"product_cat","embeddable":true,"href":"https:\/\/somllavors.com\/es\/wp-json\/wp\/v2\/product_cat?post=18057"},{"taxonomy":"product_tag","embeddable":true,"href":"https:\/\/somllavors.com\/es\/wp-json\/wp\/v2\/product_tag?post=18057"}],"curies":[{"name":"wp","href":"https:\/\/api.w.org\/{rel}","templated":true}]}}