{"id":18231,"date":"2022-05-02T15:45:25","date_gmt":"2022-05-02T13:45:25","guid":{"rendered":"https:\/\/somllavors.com\/?post_type=product&#038;p=18231"},"modified":"2025-04-08T12:17:42","modified_gmt":"2025-04-08T10:17:42","slug":"canyetes-de-silicona-6-unitats","status":"publish","type":"product","link":"https:\/\/somllavors.com\/es\/producte\/canyetes-de-silicona-6-unitats","title":{"rendered":"Canyetes de silicona (6 unitats) &#8211; Everyday"},"content":{"rendered":"<ul>\n<li>Les canyetes s\u00f3n segures i suaus perqu\u00e8 els infants petits les mosseguin.<\/li>\n<li>F\u00e0cil per a les dents sense la preocupaci\u00f3 que comporten altres materials.<\/li>\n<li>Ideal per a begudes fredes\/calentes.<\/li>\n<li>Resistents a la conducci\u00f3 de la calor, no s&#8217;escalfa quan es prenen begudes calentes o es congela amb batuts o gelats (a difer\u00e8ncia de les palletes de metall d&#8217;acer inoxidable).<\/li>\n<li>Estan fetes de silicona de grau alimentari d&#8217;alta qualitat que no cont\u00e9 pl\u00e0stic, BPA, BPF, BPS ni altres qu\u00edmics nocius.<\/li>\n<li>S\u00f3n aptes per a rentaplats i esterilitzador. Per evitar el creixement de bacteris i floridura, utilitzeu el nostre raspall de neteja incl\u00f2s per netejar l\u00edquids i s\u00f2lids despr\u00e9s de cada \u00fas.<\/li>\n<li>A difer\u00e8ncia del pl\u00e0stic, no s&#8217;ha de preocupar de la filtraci\u00f3 de productes qu\u00edmics nocius durant el proc\u00e9s de rentat o ebullici\u00f3.<\/li>\n<li>Estan dissenyades per ser reutilitzables i s\u00f3n perfectes per a totes les ocasions, ja sigui a casa o mentre viatja. Fetes de silicona LFGB, lliure de BPA, BPF, BPS i ftalats.<\/li>\n<li>Provat per T\u00dcV Rheinland. Compleix els requisits de la norma europea EN 14350 .<\/li>\n<li>Un paquet inclou 6 palletes de silicona i un raspall netejador.<\/li>\n<li>Aptes per a microones, forn, rentavaixelles, esterilitzador de vapor i esterilitzaci\u00f3.<\/li>\n<\/ul>\n","protected":false},"excerpt":{"rendered":"<p>Pack\u00a0de 6 canyetes de silicona, perfectes per a l\u2019\u00fas diari i per a reunions familiars, p\u00edcnics a l&#8217;aire lliure, caminades i viatges. La mida port\u00e0til et permet posar-les a les bosses o butxaques, f\u00e0cils de transportar i emmagatzemar. Fins i tot pots tallar-les per adaptar-les perfectament a les teves tasses, bols o gots!<\/p>\n","protected":false},"featured_media":18239,"template":"","meta":{"_acf_changed":false,"site-sidebar-layout":"default","site-content-layout":"default","ast-site-content-layout":"default","site-content-style":"default","site-sidebar-style":"default","ast-global-header-display":"","ast-banner-title-visibility":"","ast-main-header-display":"","ast-hfb-above-header-display":"","ast-hfb-below-header-display":"","ast-hfb-mobile-header-display":"","site-post-title":"","ast-breadcrumbs-content":"","ast-featured-img":"","footer-sml-layout":"","ast-disable-related-posts":"","theme-transparent-header-meta":"default","adv-header-id-meta":"","stick-header-meta":"","header-above-stick-meta":"","header-main-stick-meta":"","header-below-stick-meta":"","astra-migrate-meta-layouts":"set","ast-page-background-enabled":"default","ast-page-background-meta":{"desktop":{"background-color":"","background-image":"","background-repeat":"repeat","background-position":"center center","background-size":"auto","background-attachment":"scroll","background-type":"","background-media":"","overlay-type":"","overlay-color":"","overlay-opacity":"","overlay-gradient":""},"tablet":{"background-color":"","background-image":"","background-repeat":"repeat","background-position":"center center","background-size":"auto","background-attachment":"scroll","background-type":"","background-media":"","overlay-type":"","overlay-color":"","overlay-opacity":"","overlay-gradient":""},"mobile":{"background-color":"","background-image":"","background-repeat":"repeat","background-position":"center center","background-size":"auto","background-attachment":"scroll","background-type":"","background-media":"","overlay-type":"","overlay-color":"","overlay-opacity":"","overlay-gradient":""}},"ast-content-background-meta":{"desktop":{"background-color":"var(--ast-global-color-5)","background-image":"","background-repeat":"repeat","background-position":"center center","background-size":"auto","background-attachment":"scroll","background-type":"","background-media":"","overlay-type":"","overlay-color":"","overlay-opacity":"","overlay-gradient":""},"tablet":{"background-color":"var(--ast-global-color-5)","background-image":"","background-repeat":"repeat","background-position":"center center","background-size":"auto","background-attachment":"scroll","background-type":"","background-media":"","overlay-type":"","overlay-color":"","overlay-opacity":"","overlay-gradient":""},"mobile":{"background-color":"var(--ast-global-color-5)","background-image":"","background-repeat":"repeat","background-position":"center center","background-size":"auto","background-attachment":"scroll","background-type":"","background-media":"","overlay-type":"","overlay-color":"","overlay-opacity":"","overlay-gradient":""}}},"pwb-brand":[],"product_brand":[],"product_cat":[4499,386],"product_tag":[1584,1871],"class_list":{"0":"post-18231","1":"product","2":"type-product","3":"status-publish","4":"has-post-thumbnail","6":"product_cat-10-e","7":"product_cat-coberts-accessoris","8":"product_tag-everyday","9":"product_tag-pajitas-silicona","10":"desktop-align-left","11":"tablet-align-left","12":"mobile-align-left","14":"first","15":"instock","16":"taxable","17":"shipping-taxable","18":"purchasable","19":"product-type-simple"},"acf":[],"yoast_head":"<!-- This site is optimized with the Yoast SEO Premium plugin v18.3 (Yoast SEO v27.4) - https:\/\/yoast.com\/product\/yoast-seo-premium-wordpress\/ -->\n<title>Canyetes de silicona (6 unitats) - Everyday &#8212; Som Llavors<\/title>\n<meta name=\"description\" content=\"Pack\u00a0de 6 canyetes de silicona, perfectes per a l\u2019\u00fas diari i per a reunions familiars, p\u00edcnics a l&#039;aire lliure, caminades i viatges. La mida port\u00e0til et permet posar-les a les bosses o butxaques, f\u00e0cils de transportar i emmagatzemar. Fins i tot pots tallar-les per adaptar-les perfectament a les teves tasses, bols o gots!\" \/>\n<meta name=\"robots\" content=\"index, follow, max-snippet:-1, max-image-preview:large, max-video-preview:-1\" \/>\n<link rel=\"canonical\" href=\"https:\/\/somllavors.com\/es\/producte\/canyetes-de-silicona-6-unitats\" \/>\n<meta property=\"og:locale\" content=\"es_ES\" \/>\n<meta property=\"og:type\" content=\"article\" \/>\n<meta property=\"og:title\" content=\"Canyetes de silicona (6 unitats) - Everyday\" \/>\n<meta property=\"og:description\" content=\"La teva botiga d\u2019ecocrian\u00e7a i espai d\u2019acompanyament a la maternitat\" \/>\n<meta property=\"og:url\" content=\"https:\/\/somllavors.com\/es\/producte\/canyetes-de-silicona-6-unitats\" \/>\n<meta property=\"og:site_name\" content=\"Som Llavors\" \/>\n<meta property=\"article:publisher\" content=\"https:\/\/www.facebook.com\/somllavorsvng\/?locale=ca_ES\" \/>\n<meta property=\"article:modified_time\" content=\"2025-04-08T10:17:42+00:00\" \/>\n<meta property=\"og:image\" content=\"https:\/\/somllavors.com\/wp-content\/uploads\/3D316113-ECE4-4581-8097-28BD17B43770.png\" \/>\n\t<meta property=\"og:image:width\" content=\"350\" \/>\n\t<meta property=\"og:image:height\" content=\"350\" \/>\n\t<meta property=\"og:image:type\" content=\"image\/png\" \/>\n<meta name=\"twitter:card\" content=\"summary_large_image\" \/>\n<meta name=\"twitter:label1\" content=\"Precio\" \/>\n\t<meta name=\"twitter:data1\" content=\"9,99&euro; Iva incl\u00f2s\" \/>\n\t<meta name=\"twitter:label2\" content=\"Availability\" \/>\n\t<meta name=\"twitter:data2\" content=\"Hay existencias\" \/>\n<script type=\"application\/ld+json\" class=\"yoast-schema-graph\">{\"@context\":\"https:\\\/\\\/schema.org\",\"@graph\":[{\"@type\":\"WebPage\",\"@id\":\"https:\\\/\\\/somllavors.com\\\/es\\\/producte\\\/canyetes-de-silicona-6-unitats\",\"url\":\"https:\\\/\\\/somllavors.com\\\/es\\\/producte\\\/canyetes-de-silicona-6-unitats\",\"name\":\"Canyetes de silicona (6 unitats) - Everyday &#8212; Som Llavors\",\"isPartOf\":{\"@id\":\"https:\\\/\\\/somllavors.com\\\/es#website\"},\"primaryImageOfPage\":{\"@id\":\"https:\\\/\\\/somllavors.com\\\/es\\\/producte\\\/canyetes-de-silicona-6-unitats#primaryimage\"},\"image\":{\"@id\":\"https:\\\/\\\/somllavors.com\\\/es\\\/producte\\\/canyetes-de-silicona-6-unitats#primaryimage\"},\"thumbnailUrl\":\"https:\\\/\\\/somllavors.com\\\/wp-content\\\/uploads\\\/3D316113-ECE4-4581-8097-28BD17B43770.png\",\"datePublished\":\"2022-05-02T13:45:25+00:00\",\"dateModified\":\"2025-04-08T10:17:42+00:00\",\"description\":\"Pack\u00a0de 6 canyetes de silicona, perfectes per a l\u2019\u00fas diari i per a reunions familiars, p\u00edcnics a l'aire lliure, caminades i viatges. La mida port\u00e0til et permet posar-les a les bosses o butxaques, f\u00e0cils de transportar i emmagatzemar. Fins i tot pots tallar-les per adaptar-les perfectament a les teves tasses, bols o gots!\",\"breadcrumb\":{\"@id\":\"https:\\\/\\\/somllavors.com\\\/es\\\/producte\\\/canyetes-de-silicona-6-unitats#breadcrumb\"},\"inLanguage\":\"es\",\"potentialAction\":[{\"@type\":\"ReadAction\",\"target\":[\"https:\\\/\\\/somllavors.com\\\/es\\\/producte\\\/canyetes-de-silicona-6-unitats\"]}]},{\"@type\":\"ImageObject\",\"inLanguage\":\"es\",\"@id\":\"https:\\\/\\\/somllavors.com\\\/es\\\/producte\\\/canyetes-de-silicona-6-unitats#primaryimage\",\"url\":\"https:\\\/\\\/somllavors.com\\\/wp-content\\\/uploads\\\/3D316113-ECE4-4581-8097-28BD17B43770.png\",\"contentUrl\":\"https:\\\/\\\/somllavors.com\\\/wp-content\\\/uploads\\\/3D316113-ECE4-4581-8097-28BD17B43770.png\",\"width\":350,\"height\":350,\"caption\":\"Paquete de 6 pajitas de silicona, perfectas para uso diario y para reuniones familiares, picnics al aire libre, caminatas y viajes. El tama\u00f1o port\u00e1til te permite ponerlas en tus bolsos o bolsillos, f\u00e1ciles de transportar y almacenar. \u00a1Incluso puedes cortarlas para adaptarlas perfectamente a tus tazas, tazones o vasos! Las pajitas son seguras y suaves para que sus beb\u00e9s y ni\u00f1os peque\u00f1os las muerdan. F\u00e1cil para los dientes sin la preocupaci\u00f3n que conllevan otros materiales. Ideal para bebidas fr\u00edas\\\/calientes. Resistentes a la conducci\u00f3n del calor, no se calienta cuando se toman bebidas calientes o se congela con batidos o helados (a diferencia de las pajitas de metal de acero inoxidable). Est\u00e1n hechas de silicona de grado alimenticio de alta calidad que no contiene pl\u00e1stico, BPA, BPF, BPS ni otros qu\u00edmicos da\u00f1inos. Son aptas para lavavajillas y esterilizador. Para evitar el crecimiento de bacterias y moho, use nuestro cepillo de limpieza incluido para limpiar l\u00edquidos y s\u00f3lidos despu\u00e9s de cada uso. A diferencia del pl\u00e1stico, no tiene que preocuparse por la filtraci\u00f3n de productos qu\u00edmicos nocivos durante el proceso de lavado o ebullici\u00f3n. Est\u00e1n dise\u00f1adas para ser reutilizables y son perfectas para todas las ocasiones, ya sea en casa o mientras viaja. Hechas de silicona LFGB , libre de BPA, BPF, BPS y ftalatos. Probado por T\u00dcV Rheinland . Cumple con los requisitos de la norma europea EN 14350 . Un paquete incluye 6 pajitas de silicona y un cepillo limpiador. Aptas para microondas, :horno, lavavajillas, esterilizador de vapor y esterilizaci\u00f3n.\"},{\"@type\":\"BreadcrumbList\",\"@id\":\"https:\\\/\\\/somllavors.com\\\/es\\\/producte\\\/canyetes-de-silicona-6-unitats#breadcrumb\",\"itemListElement\":[{\"@type\":\"ListItem\",\"position\":1,\"name\":\"Inici\",\"item\":\"https:\\\/\\\/somllavors.com\\\/es\"},{\"@type\":\"ListItem\",\"position\":2,\"name\":\"Tienda\",\"item\":\"https:\\\/\\\/somllavors.com\\\/es\\\/botiga-2\"},{\"@type\":\"ListItem\",\"position\":3,\"name\":\"Canyetes de silicona (6 unitats) &#8211; Everyday\"}]},{\"@type\":\"WebSite\",\"@id\":\"https:\\\/\\\/somllavors.com\\\/es#website\",\"url\":\"https:\\\/\\\/somllavors.com\\\/es\",\"name\":\"Som Llavors\",\"description\":\"Botiga de crian\u00e7a natural\",\"publisher\":{\"@id\":\"https:\\\/\\\/somllavors.com\\\/es#organization\"},\"alternateName\":\"Crian\u00e7a Natural i Sostenible\",\"potentialAction\":[{\"@type\":\"SearchAction\",\"target\":{\"@type\":\"EntryPoint\",\"urlTemplate\":\"https:\\\/\\\/somllavors.com\\\/es?s={search_term_string}\"},\"query-input\":{\"@type\":\"PropertyValueSpecification\",\"valueRequired\":true,\"valueName\":\"search_term_string\"}}],\"inLanguage\":\"es\"},{\"@type\":[\"Organization\",\"Place\",\"Store\"],\"@id\":\"https:\\\/\\\/somllavors.com\\\/es#organization\",\"name\":\"Som Llavors\",\"alternateName\":\"Crian\u00e7a Natural i Sostenible\",\"url\":\"https:\\\/\\\/somllavors.com\\\/es\",\"logo\":{\"@id\":\"https:\\\/\\\/somllavors.com\\\/es\\\/producte\\\/canyetes-de-silicona-6-unitats#local-main-organization-logo\"},\"image\":{\"@id\":\"https:\\\/\\\/somllavors.com\\\/es\\\/producte\\\/canyetes-de-silicona-6-unitats#local-main-organization-logo\"},\"sameAs\":[\"https:\\\/\\\/www.facebook.com\\\/somllavorsvng\\\/?locale=ca_ES\",\"https:\\\/\\\/www.instagram.com\\\/somllavors_vng\\\/\",\"https:\\\/\\\/www.youtube.com\\\/@somllavors\"],\"address\":{\"@id\":\"https:\\\/\\\/somllavors.com\\\/es\\\/producte\\\/canyetes-de-silicona-6-unitats#local-main-place-address\"},\"geo\":{\"@type\":\"GeoCoordinates\",\"latitude\":\"41.2257737\",\"longitude\":\"1.723258859\"},\"telephone\":[\"623152704\"],\"openingHoursSpecification\":[{\"@type\":\"OpeningHoursSpecification\",\"dayOfWeek\":[\"Monday\",\"Sunday\"],\"opens\":\"00:00\",\"closes\":\"00:00\"},{\"@type\":\"OpeningHoursSpecification\",\"dayOfWeek\":[\"Tuesday\",\"Wednesday\",\"Thursday\",\"Friday\"],\"opens\":\"10:00\",\"closes\":\"20:00\"},{\"@type\":\"OpeningHoursSpecification\",\"dayOfWeek\":[\"Saturday\"],\"opens\":\"10:00\",\"closes\":\"13:30\"}],\"email\":\"info@somllavors.com\"},{\"@type\":\"PostalAddress\",\"@id\":\"https:\\\/\\\/somllavors.com\\\/es\\\/producte\\\/canyetes-de-silicona-6-unitats#local-main-place-address\",\"streetAddress\":\"Carrer de l'aigua, 6\",\"addressLocality\":\"Vilanova i la Geltr\u00fa\",\"postalCode\":\"08800\",\"addressRegion\":\"Barcelona\",\"addressCountry\":\"ES\"},{\"@type\":\"ImageObject\",\"inLanguage\":\"es\",\"@id\":\"https:\\\/\\\/somllavors.com\\\/es\\\/producte\\\/canyetes-de-silicona-6-unitats#local-main-organization-logo\",\"url\":\"https:\\\/\\\/somllavors.com\\\/wp-content\\\/uploads\\\/Logotip-Som-Llavors.jpg\",\"contentUrl\":\"https:\\\/\\\/somllavors.com\\\/wp-content\\\/uploads\\\/Logotip-Som-Llavors.jpg\",\"width\":1444,\"height\":1323,\"caption\":\"Som Llavors\"}]}<\/script>\n<meta property=\"product:price:amount\" content=\"9.99\" \/>\n<meta property=\"product:price:currency\" content=\"EUR\" \/>\n<meta property=\"og:availability\" content=\"instock\" \/>\n<meta property=\"product:availability\" content=\"instock\" \/>\n<meta property=\"product:retailer_item_id\" content=\"ES0545\" \/>\n<meta property=\"product:condition\" content=\"new\" \/>\n<meta name=\"geo.placename\" content=\"Vilanova i la Geltr\u00fa\" \/>\n<meta name=\"geo.position\" content=\"41.2257737;1.723258859\" \/>\n<meta name=\"geo.region\" content=\"Espa\u00f1a\" \/>\n<!-- \/ Yoast SEO Premium plugin. -->","yoast_head_json":{"title":"Canyetes de silicona (6 unitats) - Everyday &#8212; Som Llavors","description":"Pack\u00a0de 6 canyetes de silicona, perfectes per a l\u2019\u00fas diari i per a reunions familiars, p\u00edcnics a l'aire lliure, caminades i viatges. La mida port\u00e0til et permet posar-les a les bosses o butxaques, f\u00e0cils de transportar i emmagatzemar. Fins i tot pots tallar-les per adaptar-les perfectament a les teves tasses, bols o gots!","robots":{"index":"index","follow":"follow","max-snippet":"max-snippet:-1","max-image-preview":"max-image-preview:large","max-video-preview":"max-video-preview:-1"},"canonical":"https:\/\/somllavors.com\/es\/producte\/canyetes-de-silicona-6-unitats","og_locale":"es_ES","og_type":"article","og_title":"Canyetes de silicona (6 unitats) - Everyday","og_description":"La teva botiga d\u2019ecocrian\u00e7a i espai d\u2019acompanyament a la maternitat","og_url":"https:\/\/somllavors.com\/es\/producte\/canyetes-de-silicona-6-unitats","og_site_name":"Som Llavors","article_publisher":"https:\/\/www.facebook.com\/somllavorsvng\/?locale=ca_ES","article_modified_time":"2025-04-08T10:17:42+00:00","og_image":[{"width":350,"height":350,"url":"https:\/\/somllavors.com\/wp-content\/uploads\/3D316113-ECE4-4581-8097-28BD17B43770.png","type":"image\/png"}],"twitter_card":"summary_large_image","twitter_misc":{"Precio":"9,99&euro; Iva incl\u00f2s","Availability":"Hay existencias"},"schema":{"@context":"https:\/\/schema.org","@graph":[{"@type":"WebPage","@id":"https:\/\/somllavors.com\/es\/producte\/canyetes-de-silicona-6-unitats","url":"https:\/\/somllavors.com\/es\/producte\/canyetes-de-silicona-6-unitats","name":"Canyetes de silicona (6 unitats) - Everyday &#8212; Som Llavors","isPartOf":{"@id":"https:\/\/somllavors.com\/es#website"},"primaryImageOfPage":{"@id":"https:\/\/somllavors.com\/es\/producte\/canyetes-de-silicona-6-unitats#primaryimage"},"image":{"@id":"https:\/\/somllavors.com\/es\/producte\/canyetes-de-silicona-6-unitats#primaryimage"},"thumbnailUrl":"https:\/\/somllavors.com\/wp-content\/uploads\/3D316113-ECE4-4581-8097-28BD17B43770.png","datePublished":"2022-05-02T13:45:25+00:00","dateModified":"2025-04-08T10:17:42+00:00","description":"Pack\u00a0de 6 canyetes de silicona, perfectes per a l\u2019\u00fas diari i per a reunions familiars, p\u00edcnics a l'aire lliure, caminades i viatges. La mida port\u00e0til et permet posar-les a les bosses o butxaques, f\u00e0cils de transportar i emmagatzemar. Fins i tot pots tallar-les per adaptar-les perfectament a les teves tasses, bols o gots!","breadcrumb":{"@id":"https:\/\/somllavors.com\/es\/producte\/canyetes-de-silicona-6-unitats#breadcrumb"},"inLanguage":"es","potentialAction":[{"@type":"ReadAction","target":["https:\/\/somllavors.com\/es\/producte\/canyetes-de-silicona-6-unitats"]}]},{"@type":"ImageObject","inLanguage":"es","@id":"https:\/\/somllavors.com\/es\/producte\/canyetes-de-silicona-6-unitats#primaryimage","url":"https:\/\/somllavors.com\/wp-content\/uploads\/3D316113-ECE4-4581-8097-28BD17B43770.png","contentUrl":"https:\/\/somllavors.com\/wp-content\/uploads\/3D316113-ECE4-4581-8097-28BD17B43770.png","width":350,"height":350,"caption":"Paquete de 6 pajitas de silicona, perfectas para uso diario y para reuniones familiares, picnics al aire libre, caminatas y viajes. El tama\u00f1o port\u00e1til te permite ponerlas en tus bolsos o bolsillos, f\u00e1ciles de transportar y almacenar. \u00a1Incluso puedes cortarlas para adaptarlas perfectamente a tus tazas, tazones o vasos! Las pajitas son seguras y suaves para que sus beb\u00e9s y ni\u00f1os peque\u00f1os las muerdan. F\u00e1cil para los dientes sin la preocupaci\u00f3n que conllevan otros materiales. Ideal para bebidas fr\u00edas\/calientes. Resistentes a la conducci\u00f3n del calor, no se calienta cuando se toman bebidas calientes o se congela con batidos o helados (a diferencia de las pajitas de metal de acero inoxidable). Est\u00e1n hechas de silicona de grado alimenticio de alta calidad que no contiene pl\u00e1stico, BPA, BPF, BPS ni otros qu\u00edmicos da\u00f1inos. Son aptas para lavavajillas y esterilizador. Para evitar el crecimiento de bacterias y moho, use nuestro cepillo de limpieza incluido para limpiar l\u00edquidos y s\u00f3lidos despu\u00e9s de cada uso. A diferencia del pl\u00e1stico, no tiene que preocuparse por la filtraci\u00f3n de productos qu\u00edmicos nocivos durante el proceso de lavado o ebullici\u00f3n. Est\u00e1n dise\u00f1adas para ser reutilizables y son perfectas para todas las ocasiones, ya sea en casa o mientras viaja. Hechas de silicona LFGB , libre de BPA, BPF, BPS y ftalatos. Probado por T\u00dcV Rheinland . Cumple con los requisitos de la norma europea EN 14350 . Un paquete incluye 6 pajitas de silicona y un cepillo limpiador. Aptas para microondas, :horno, lavavajillas, esterilizador de vapor y esterilizaci\u00f3n."},{"@type":"BreadcrumbList","@id":"https:\/\/somllavors.com\/es\/producte\/canyetes-de-silicona-6-unitats#breadcrumb","itemListElement":[{"@type":"ListItem","position":1,"name":"Inici","item":"https:\/\/somllavors.com\/es"},{"@type":"ListItem","position":2,"name":"Tienda","item":"https:\/\/somllavors.com\/es\/botiga-2"},{"@type":"ListItem","position":3,"name":"Canyetes de silicona (6 unitats) &#8211; Everyday"}]},{"@type":"WebSite","@id":"https:\/\/somllavors.com\/es#website","url":"https:\/\/somllavors.com\/es","name":"Som Llavors","description":"Botiga de crian\u00e7a natural","publisher":{"@id":"https:\/\/somllavors.com\/es#organization"},"alternateName":"Crian\u00e7a Natural i Sostenible","potentialAction":[{"@type":"SearchAction","target":{"@type":"EntryPoint","urlTemplate":"https:\/\/somllavors.com\/es?s={search_term_string}"},"query-input":{"@type":"PropertyValueSpecification","valueRequired":true,"valueName":"search_term_string"}}],"inLanguage":"es"},{"@type":["Organization","Place","Store"],"@id":"https:\/\/somllavors.com\/es#organization","name":"Som Llavors","alternateName":"Crian\u00e7a Natural i Sostenible","url":"https:\/\/somllavors.com\/es","logo":{"@id":"https:\/\/somllavors.com\/es\/producte\/canyetes-de-silicona-6-unitats#local-main-organization-logo"},"image":{"@id":"https:\/\/somllavors.com\/es\/producte\/canyetes-de-silicona-6-unitats#local-main-organization-logo"},"sameAs":["https:\/\/www.facebook.com\/somllavorsvng\/?locale=ca_ES","https:\/\/www.instagram.com\/somllavors_vng\/","https:\/\/www.youtube.com\/@somllavors"],"address":{"@id":"https:\/\/somllavors.com\/es\/producte\/canyetes-de-silicona-6-unitats#local-main-place-address"},"geo":{"@type":"GeoCoordinates","latitude":"41.2257737","longitude":"1.723258859"},"telephone":["623152704","623152704"],"openingHoursSpecification":[{"@type":"OpeningHoursSpecification","dayOfWeek":["Monday","Sunday"],"opens":"00:00","closes":"00:00"},{"@type":"OpeningHoursSpecification","dayOfWeek":["Tuesday","Wednesday","Thursday","Friday"],"opens":"10:00","closes":"20:00"},{"@type":"OpeningHoursSpecification","dayOfWeek":["Saturday"],"opens":"10:00","closes":"13:30"}],"email":"info@somllavors.com"},{"@type":"PostalAddress","@id":"https:\/\/somllavors.com\/es\/producte\/canyetes-de-silicona-6-unitats#local-main-place-address","streetAddress":"Carrer de l'aigua, 6","addressLocality":"Vilanova i la Geltr\u00fa","postalCode":"08800","addressRegion":"Barcelona","addressCountry":"ES"},{"@type":"ImageObject","inLanguage":"es","@id":"https:\/\/somllavors.com\/es\/producte\/canyetes-de-silicona-6-unitats#local-main-organization-logo","url":"https:\/\/somllavors.com\/wp-content\/uploads\/Logotip-Som-Llavors.jpg","contentUrl":"https:\/\/somllavors.com\/wp-content\/uploads\/Logotip-Som-Llavors.jpg","width":1444,"height":1323,"caption":"Som Llavors"}]},"product_price_amount":"9.99","product_price_currency":"EUR","og_availability":"instock","product_availability":"instock","product_retailer_item_id":"ES0545","product_condition":"new","geo.placename":"Vilanova i la Geltr\u00fa","geo.position":{"lat":"41.2257737","long":"1.723258859"},"geo.region":"Espa\u00f1a"},"brands":[],"_links":{"self":[{"href":"https:\/\/somllavors.com\/es\/wp-json\/wp\/v2\/product\/18231","targetHints":{"allow":["GET"]}}],"collection":[{"href":"https:\/\/somllavors.com\/es\/wp-json\/wp\/v2\/product"}],"about":[{"href":"https:\/\/somllavors.com\/es\/wp-json\/wp\/v2\/types\/product"}],"wp:featuredmedia":[{"embeddable":true,"href":"https:\/\/somllavors.com\/es\/wp-json\/wp\/v2\/media\/18239"}],"wp:attachment":[{"href":"https:\/\/somllavors.com\/es\/wp-json\/wp\/v2\/media?parent=18231"}],"wp:term":[{"taxonomy":"pwb-brand","embeddable":true,"href":"https:\/\/somllavors.com\/es\/wp-json\/wp\/v2\/pwb-brand?post=18231"},{"taxonomy":"product_brand","embeddable":true,"href":"https:\/\/somllavors.com\/es\/wp-json\/wp\/v2\/product_brand?post=18231"},{"taxonomy":"product_cat","embeddable":true,"href":"https:\/\/somllavors.com\/es\/wp-json\/wp\/v2\/product_cat?post=18231"},{"taxonomy":"product_tag","embeddable":true,"href":"https:\/\/somllavors.com\/es\/wp-json\/wp\/v2\/product_tag?post=18231"}],"curies":[{"name":"wp","href":"https:\/\/api.w.org\/{rel}","templated":true}]}}