{"id":19231,"date":"2022-05-20T17:47:23","date_gmt":"2022-05-20T15:47:23","guid":{"rendered":"https:\/\/somllavors.com\/?post_type=product&#038;p=19231"},"modified":"2025-11-03T17:19:55","modified_gmt":"2025-11-03T16:19:55","slug":"patinet-i-seient-kids-scooter","status":"publish","type":"product","link":"https:\/\/somllavors.com\/es\/producte\/patinet-i-seient-kids-scooter","title":{"rendered":"Patinet i seient pel germ\u00e0 gran &#8220;Kid&#8217;s Scooter&#8221;"},"content":{"rendered":"<ul>\n<li>Permet transportar a l&#8217;infant c\u00f2modament i sense que es cansi al cotxet.<\/li>\n<li>\u00c9s apte per a la majoria de cotxets de nad\u00f3 i cadires de passeig, incloent les de plegat tipus paraig\u00fces i cotxets amb sistema de fre ocult.<\/li>\n<li>Plataforma amb superf\u00edcie antilliscant<\/li>\n<li>L&#8217;infant pot anar assegut o dret<\/li>\n<li>Seient extra\u00efble<\/li>\n<li>Corretja ajustable per desar la plataforma.<\/li>\n<li>Rodes toves per a una comoditat \u00f2ptima.<\/li>\n<li>Edat recomanada: a partir de 24 mesos fins a 5 anys o 25 kg.<\/li>\n<li>Mides: 44 x 62\/22 x 59 cm.<\/li>\n<li>Pes: 3&#8217;20 kg. &#8211; 4,40 kg. (amb seient)<\/li>\n<\/ul>\n","protected":false},"excerpt":{"rendered":"<p>Patinet amb seient que s&#8217;enganxa al cotxet ideal pel germ\u00e0 o germana gran.<\/p>\n<p>&nbsp;<\/p>\n","protected":false},"featured_media":19245,"template":"","meta":{"_acf_changed":false,"site-sidebar-layout":"default","site-content-layout":"default","ast-site-content-layout":"default","site-content-style":"default","site-sidebar-style":"default","ast-global-header-display":"","ast-banner-title-visibility":"","ast-main-header-display":"","ast-hfb-above-header-display":"","ast-hfb-below-header-display":"","ast-hfb-mobile-header-display":"","site-post-title":"","ast-breadcrumbs-content":"","ast-featured-img":"","footer-sml-layout":"","theme-transparent-header-meta":"default","adv-header-id-meta":"","stick-header-meta":"","header-above-stick-meta":"","header-main-stick-meta":"","header-below-stick-meta":"","astra-migrate-meta-layouts":"set","ast-page-background-enabled":"default","ast-page-background-meta":{"desktop":{"background-color":"","background-image":"","background-repeat":"repeat","background-position":"center center","background-size":"auto","background-attachment":"scroll","background-type":"","background-media":"","overlay-type":"","overlay-color":"","overlay-opacity":"","overlay-gradient":""},"tablet":{"background-color":"","background-image":"","background-repeat":"repeat","background-position":"center center","background-size":"auto","background-attachment":"scroll","background-type":"","background-media":"","overlay-type":"","overlay-color":"","overlay-opacity":"","overlay-gradient":""},"mobile":{"background-color":"","background-image":"","background-repeat":"repeat","background-position":"center center","background-size":"auto","background-attachment":"scroll","background-type":"","background-media":"","overlay-type":"","overlay-color":"","overlay-opacity":"","overlay-gradient":""}},"ast-content-background-meta":{"desktop":{"background-color":"var(--ast-global-color-5)","background-image":"","background-repeat":"repeat","background-position":"center center","background-size":"auto","background-attachment":"scroll","background-type":"","background-media":"","overlay-type":"","overlay-color":"","overlay-opacity":"","overlay-gradient":""},"tablet":{"background-color":"var(--ast-global-color-5)","background-image":"","background-repeat":"repeat","background-position":"center center","background-size":"auto","background-attachment":"scroll","background-type":"","background-media":"","overlay-type":"","overlay-color":"","overlay-opacity":"","overlay-gradient":""},"mobile":{"background-color":"var(--ast-global-color-5)","background-image":"","background-repeat":"repeat","background-position":"center center","background-size":"auto","background-attachment":"scroll","background-type":"","background-media":"","overlay-type":"","overlay-color":"","overlay-opacity":"","overlay-gradient":""}}},"pwb-brand":[],"product_brand":[],"product_cat":[1957],"product_tag":[1959,1958],"class_list":{"0":"post-19231","1":"product","2":"type-product","3":"status-publish","4":"has-post-thumbnail","6":"product_cat-accessoris-2","7":"product_tag-asiento","8":"product_tag-patinete","9":"desktop-align-left","10":"tablet-align-left","11":"mobile-align-left","13":"first","14":"instock","15":"taxable","16":"shipping-taxable","17":"purchasable","18":"product-type-simple"},"acf":[],"yoast_head":"<!-- This site is optimized with the Yoast SEO Premium plugin v18.3 (Yoast SEO v26.2) - https:\/\/yoast.com\/wordpress\/plugins\/seo\/ -->\n<title>Patinet i seient pel germ\u00e0 gran &quot;Kid&#039;s Scooter&quot; &#8212; Som Llavors<\/title>\n<meta name=\"description\" content=\"Patinet amb seient que s&#039;enganxa al cotxet ideal pel germ\u00e0 o germana gran.  &nbsp;\" \/>\n<meta name=\"robots\" content=\"index, follow, max-snippet:-1, max-image-preview:large, max-video-preview:-1\" \/>\n<link rel=\"canonical\" href=\"https:\/\/somllavors.com\/es\/producte\/patinet-i-seient-kids-scooter\" \/>\n<meta property=\"og:locale\" content=\"es_ES\" \/>\n<meta property=\"og:type\" content=\"article\" \/>\n<meta property=\"og:title\" content=\"Patinet i seient pel germ\u00e0 gran &quot;Kid&#039;s Scooter&quot;\" \/>\n<meta property=\"og:description\" content=\"La teva botiga d\u2019ecocrian\u00e7a i espai d\u2019acompanyament a la maternitat\" \/>\n<meta property=\"og:url\" content=\"https:\/\/somllavors.com\/es\/producte\/patinet-i-seient-kids-scooter\" \/>\n<meta property=\"og:site_name\" content=\"Som Llavors\" \/>\n<meta property=\"article:publisher\" content=\"https:\/\/www.facebook.com\/somllavorsvng\/?locale=ca_ES\" \/>\n<meta property=\"article:modified_time\" content=\"2025-11-03T16:19:55+00:00\" \/>\n<meta property=\"og:image\" content=\"https:\/\/somllavors.com\/wp-content\/uploads\/PATINETE-Y-ASIENTO-KIDS-SCOOTER.jpg\" \/>\n\t<meta property=\"og:image:width\" content=\"768\" \/>\n\t<meta property=\"og:image:height\" content=\"768\" \/>\n\t<meta property=\"og:image:type\" content=\"image\/jpeg\" \/>\n<meta name=\"twitter:card\" content=\"summary_large_image\" \/>\n<meta name=\"twitter:label1\" content=\"Precio\" \/>\n\t<meta name=\"twitter:data1\" content=\"102,00&euro; Iva incl\u00f2s\" \/>\n\t<meta name=\"twitter:label2\" content=\"Availability\" \/>\n\t<meta name=\"twitter:data2\" content=\"Hay existencias\" \/>\n<script type=\"application\/ld+json\" class=\"yoast-schema-graph\">{\"@context\":\"https:\/\/schema.org\",\"@graph\":[{\"@type\":\"WebPage\",\"@id\":\"https:\/\/somllavors.com\/es\/producte\/patinet-i-seient-kids-scooter\",\"url\":\"https:\/\/somllavors.com\/es\/producte\/patinet-i-seient-kids-scooter\",\"name\":\"Patinet i seient pel germ\u00e0 gran \\\"Kid's Scooter\\\" &#8212; Som Llavors\",\"isPartOf\":{\"@id\":\"https:\/\/somllavors.com\/es#website\"},\"primaryImageOfPage\":{\"@id\":\"https:\/\/somllavors.com\/es\/producte\/patinet-i-seient-kids-scooter#primaryimage\"},\"image\":{\"@id\":\"https:\/\/somllavors.com\/es\/producte\/patinet-i-seient-kids-scooter#primaryimage\"},\"thumbnailUrl\":\"https:\/\/somllavors.com\/wp-content\/uploads\/PATINETE-Y-ASIENTO-KIDS-SCOOTER.jpg\",\"datePublished\":\"2022-05-20T15:47:23+00:00\",\"dateModified\":\"2025-11-03T16:19:55+00:00\",\"description\":\"Patinet amb seient que s'enganxa al cotxet ideal pel germ\u00e0 o germana gran. &nbsp;\",\"breadcrumb\":{\"@id\":\"https:\/\/somllavors.com\/es\/producte\/patinet-i-seient-kids-scooter#breadcrumb\"},\"inLanguage\":\"es\",\"potentialAction\":[{\"@type\":\"ReadAction\",\"target\":[\"https:\/\/somllavors.com\/es\/producte\/patinet-i-seient-kids-scooter\"]}]},{\"@type\":\"ImageObject\",\"inLanguage\":\"es\",\"@id\":\"https:\/\/somllavors.com\/es\/producte\/patinet-i-seient-kids-scooter#primaryimage\",\"url\":\"https:\/\/somllavors.com\/wp-content\/uploads\/PATINETE-Y-ASIENTO-KIDS-SCOOTER.jpg\",\"contentUrl\":\"https:\/\/somllavors.com\/wp-content\/uploads\/PATINETE-Y-ASIENTO-KIDS-SCOOTER.jpg\",\"width\":768,\"height\":768,\"caption\":\"- Permite transportar su hijo c\u00f3modamente y sin que se canse en el cochecito - Es apto para la mayor\u00eda de cochecitos de beb\u00e9 y sillas de paseo, incluyendo las de plegado tipo paraguas y cochecitos con sistema de freno oculto - Plataforma con superficie antideslizante - El ni\u00f1o puede ir sentado o de pi\u00e9 - Asiento extra\u00edble - Correa ajustable para guardar la plataforma - Ruedas blandas para una comodidad \u00f3ptima. - +24m - Hasta 5 a\u00f1os o 25 kg. - 44 x 62\/22 x 59 cm. - 3\u201920 kg. - 4\u201940 kg. (con asiento)\"},{\"@type\":\"BreadcrumbList\",\"@id\":\"https:\/\/somllavors.com\/es\/producte\/patinet-i-seient-kids-scooter#breadcrumb\",\"itemListElement\":[{\"@type\":\"ListItem\",\"position\":1,\"name\":\"Inici\",\"item\":\"https:\/\/somllavors.com\/es\"},{\"@type\":\"ListItem\",\"position\":2,\"name\":\"Tienda\",\"item\":\"https:\/\/somllavors.com\/es\/botiga-2\"},{\"@type\":\"ListItem\",\"position\":3,\"name\":\"Patinet i seient pel germ\u00e0 gran &#8220;Kid&#8217;s Scooter&#8221;\"}]},{\"@type\":\"WebSite\",\"@id\":\"https:\/\/somllavors.com\/es#website\",\"url\":\"https:\/\/somllavors.com\/es\",\"name\":\"Som Llavors\",\"description\":\"Botiga de crian\u00e7a natural\",\"publisher\":{\"@id\":\"https:\/\/somllavors.com\/es#organization\"},\"alternateName\":\"Crian\u00e7a Natural i Sostenible\",\"potentialAction\":[{\"@type\":\"SearchAction\",\"target\":{\"@type\":\"EntryPoint\",\"urlTemplate\":\"https:\/\/somllavors.com\/es?s={search_term_string}\"},\"query-input\":{\"@type\":\"PropertyValueSpecification\",\"valueRequired\":true,\"valueName\":\"search_term_string\"}}],\"inLanguage\":\"es\"},{\"@type\":[\"Organization\",\"Place\",\"Store\"],\"@id\":\"https:\/\/somllavors.com\/es#organization\",\"name\":\"Som Llavors\",\"alternateName\":\"Crian\u00e7a Natural i Sostenible\",\"url\":\"https:\/\/somllavors.com\/es\",\"logo\":{\"@id\":\"https:\/\/somllavors.com\/es\/producte\/patinet-i-seient-kids-scooter#local-main-organization-logo\"},\"image\":{\"@id\":\"https:\/\/somllavors.com\/es\/producte\/patinet-i-seient-kids-scooter#local-main-organization-logo\"},\"sameAs\":[\"https:\/\/www.facebook.com\/somllavorsvng\/?locale=ca_ES\",\"https:\/\/www.instagram.com\/somllavors_vng\/\",\"https:\/\/www.youtube.com\/@somllavors\"],\"address\":{\"@id\":\"https:\/\/somllavors.com\/es\/producte\/patinet-i-seient-kids-scooter#local-main-place-address\"},\"geo\":{\"@type\":\"GeoCoordinates\",\"latitude\":\"41.2257737\",\"longitude\":\"1.723258859\"},\"telephone\":[\"623152704\"],\"openingHoursSpecification\":[{\"@type\":\"OpeningHoursSpecification\",\"dayOfWeek\":[\"Monday\",\"Sunday\"],\"opens\":\"00:00\",\"closes\":\"00:00\"},{\"@type\":\"OpeningHoursSpecification\",\"dayOfWeek\":[\"Tuesday\",\"Wednesday\",\"Thursday\",\"Friday\"],\"opens\":\"10:00\",\"closes\":\"20:00\"},{\"@type\":\"OpeningHoursSpecification\",\"dayOfWeek\":[\"Saturday\"],\"opens\":\"10:00\",\"closes\":\"13:30\"}],\"email\":\"info@somllavors.com\"},{\"@type\":\"PostalAddress\",\"@id\":\"https:\/\/somllavors.com\/es\/producte\/patinet-i-seient-kids-scooter#local-main-place-address\",\"streetAddress\":\"Carrer de l'aigua, 6\",\"addressLocality\":\"Vilanova i la Geltr\u00fa\",\"postalCode\":\"08800\",\"addressRegion\":\"Barcelona\",\"addressCountry\":\"ES\"},{\"@type\":\"ImageObject\",\"inLanguage\":\"es\",\"@id\":\"https:\/\/somllavors.com\/es\/producte\/patinet-i-seient-kids-scooter#local-main-organization-logo\",\"url\":\"https:\/\/somllavors.com\/wp-content\/uploads\/Logotip-Som-Llavors.jpg\",\"contentUrl\":\"https:\/\/somllavors.com\/wp-content\/uploads\/Logotip-Som-Llavors.jpg\",\"width\":1444,\"height\":1323,\"caption\":\"Som Llavors\"}]}<\/script>\n<meta property=\"product:price:amount\" content=\"102.00\" \/>\n<meta property=\"product:price:currency\" content=\"EUR\" \/>\n<meta property=\"og:availability\" content=\"instock\" \/>\n<meta property=\"product:availability\" content=\"instock\" \/>\n<meta property=\"product:retailer_item_id\" content=\"1249\" \/>\n<meta property=\"product:condition\" content=\"new\" \/>\n<meta name=\"geo.placename\" content=\"Vilanova i la Geltr\u00fa\" \/>\n<meta name=\"geo.position\" content=\"41.2257737;1.723258859\" \/>\n<meta name=\"geo.region\" content=\"Espa\u00f1a\" \/>\n<!-- \/ Yoast SEO Premium plugin. -->","yoast_head_json":{"title":"Patinet i seient pel germ\u00e0 gran \"Kid's Scooter\" &#8212; Som Llavors","description":"Patinet amb seient que s'enganxa al cotxet ideal pel germ\u00e0 o germana gran.  &nbsp;","robots":{"index":"index","follow":"follow","max-snippet":"max-snippet:-1","max-image-preview":"max-image-preview:large","max-video-preview":"max-video-preview:-1"},"canonical":"https:\/\/somllavors.com\/es\/producte\/patinet-i-seient-kids-scooter","og_locale":"es_ES","og_type":"article","og_title":"Patinet i seient pel germ\u00e0 gran \"Kid's Scooter\"","og_description":"La teva botiga d\u2019ecocrian\u00e7a i espai d\u2019acompanyament a la maternitat","og_url":"https:\/\/somllavors.com\/es\/producte\/patinet-i-seient-kids-scooter","og_site_name":"Som Llavors","article_publisher":"https:\/\/www.facebook.com\/somllavorsvng\/?locale=ca_ES","article_modified_time":"2025-11-03T16:19:55+00:00","og_image":[{"width":768,"height":768,"url":"https:\/\/somllavors.com\/wp-content\/uploads\/PATINETE-Y-ASIENTO-KIDS-SCOOTER.jpg","type":"image\/jpeg"}],"twitter_card":"summary_large_image","twitter_misc":{"Precio":"102,00&euro; Iva incl\u00f2s","Availability":"Hay existencias"},"schema":{"@context":"https:\/\/schema.org","@graph":[{"@type":"WebPage","@id":"https:\/\/somllavors.com\/es\/producte\/patinet-i-seient-kids-scooter","url":"https:\/\/somllavors.com\/es\/producte\/patinet-i-seient-kids-scooter","name":"Patinet i seient pel germ\u00e0 gran \"Kid's Scooter\" &#8212; Som Llavors","isPartOf":{"@id":"https:\/\/somllavors.com\/es#website"},"primaryImageOfPage":{"@id":"https:\/\/somllavors.com\/es\/producte\/patinet-i-seient-kids-scooter#primaryimage"},"image":{"@id":"https:\/\/somllavors.com\/es\/producte\/patinet-i-seient-kids-scooter#primaryimage"},"thumbnailUrl":"https:\/\/somllavors.com\/wp-content\/uploads\/PATINETE-Y-ASIENTO-KIDS-SCOOTER.jpg","datePublished":"2022-05-20T15:47:23+00:00","dateModified":"2025-11-03T16:19:55+00:00","description":"Patinet amb seient que s'enganxa al cotxet ideal pel germ\u00e0 o germana gran. &nbsp;","breadcrumb":{"@id":"https:\/\/somllavors.com\/es\/producte\/patinet-i-seient-kids-scooter#breadcrumb"},"inLanguage":"es","potentialAction":[{"@type":"ReadAction","target":["https:\/\/somllavors.com\/es\/producte\/patinet-i-seient-kids-scooter"]}]},{"@type":"ImageObject","inLanguage":"es","@id":"https:\/\/somllavors.com\/es\/producte\/patinet-i-seient-kids-scooter#primaryimage","url":"https:\/\/somllavors.com\/wp-content\/uploads\/PATINETE-Y-ASIENTO-KIDS-SCOOTER.jpg","contentUrl":"https:\/\/somllavors.com\/wp-content\/uploads\/PATINETE-Y-ASIENTO-KIDS-SCOOTER.jpg","width":768,"height":768,"caption":"- Permite transportar su hijo c\u00f3modamente y sin que se canse en el cochecito - Es apto para la mayor\u00eda de cochecitos de beb\u00e9 y sillas de paseo, incluyendo las de plegado tipo paraguas y cochecitos con sistema de freno oculto - Plataforma con superficie antideslizante - El ni\u00f1o puede ir sentado o de pi\u00e9 - Asiento extra\u00edble - Correa ajustable para guardar la plataforma - Ruedas blandas para una comodidad \u00f3ptima. - +24m - Hasta 5 a\u00f1os o 25 kg. - 44 x 62\/22 x 59 cm. - 3\u201920 kg. - 4\u201940 kg. (con asiento)"},{"@type":"BreadcrumbList","@id":"https:\/\/somllavors.com\/es\/producte\/patinet-i-seient-kids-scooter#breadcrumb","itemListElement":[{"@type":"ListItem","position":1,"name":"Inici","item":"https:\/\/somllavors.com\/es"},{"@type":"ListItem","position":2,"name":"Tienda","item":"https:\/\/somllavors.com\/es\/botiga-2"},{"@type":"ListItem","position":3,"name":"Patinet i seient pel germ\u00e0 gran &#8220;Kid&#8217;s Scooter&#8221;"}]},{"@type":"WebSite","@id":"https:\/\/somllavors.com\/es#website","url":"https:\/\/somllavors.com\/es","name":"Som Llavors","description":"Botiga de crian\u00e7a natural","publisher":{"@id":"https:\/\/somllavors.com\/es#organization"},"alternateName":"Crian\u00e7a Natural i Sostenible","potentialAction":[{"@type":"SearchAction","target":{"@type":"EntryPoint","urlTemplate":"https:\/\/somllavors.com\/es?s={search_term_string}"},"query-input":{"@type":"PropertyValueSpecification","valueRequired":true,"valueName":"search_term_string"}}],"inLanguage":"es"},{"@type":["Organization","Place","Store"],"@id":"https:\/\/somllavors.com\/es#organization","name":"Som Llavors","alternateName":"Crian\u00e7a Natural i Sostenible","url":"https:\/\/somllavors.com\/es","logo":{"@id":"https:\/\/somllavors.com\/es\/producte\/patinet-i-seient-kids-scooter#local-main-organization-logo"},"image":{"@id":"https:\/\/somllavors.com\/es\/producte\/patinet-i-seient-kids-scooter#local-main-organization-logo"},"sameAs":["https:\/\/www.facebook.com\/somllavorsvng\/?locale=ca_ES","https:\/\/www.instagram.com\/somllavors_vng\/","https:\/\/www.youtube.com\/@somllavors"],"address":{"@id":"https:\/\/somllavors.com\/es\/producte\/patinet-i-seient-kids-scooter#local-main-place-address"},"geo":{"@type":"GeoCoordinates","latitude":"41.2257737","longitude":"1.723258859"},"telephone":["623152704","623152704"],"openingHoursSpecification":[{"@type":"OpeningHoursSpecification","dayOfWeek":["Monday","Sunday"],"opens":"00:00","closes":"00:00"},{"@type":"OpeningHoursSpecification","dayOfWeek":["Tuesday","Wednesday","Thursday","Friday"],"opens":"10:00","closes":"20:00"},{"@type":"OpeningHoursSpecification","dayOfWeek":["Saturday"],"opens":"10:00","closes":"13:30"}],"email":"info@somllavors.com"},{"@type":"PostalAddress","@id":"https:\/\/somllavors.com\/es\/producte\/patinet-i-seient-kids-scooter#local-main-place-address","streetAddress":"Carrer de l'aigua, 6","addressLocality":"Vilanova i la Geltr\u00fa","postalCode":"08800","addressRegion":"Barcelona","addressCountry":"ES"},{"@type":"ImageObject","inLanguage":"es","@id":"https:\/\/somllavors.com\/es\/producte\/patinet-i-seient-kids-scooter#local-main-organization-logo","url":"https:\/\/somllavors.com\/wp-content\/uploads\/Logotip-Som-Llavors.jpg","contentUrl":"https:\/\/somllavors.com\/wp-content\/uploads\/Logotip-Som-Llavors.jpg","width":1444,"height":1323,"caption":"Som Llavors"}]},"product_price_amount":"102.00","product_price_currency":"EUR","og_availability":"instock","product_availability":"instock","product_retailer_item_id":"1249","product_condition":"new","geo.placename":"Vilanova i la Geltr\u00fa","geo.position":{"lat":"41.2257737","long":"1.723258859"},"geo.region":"Espa\u00f1a"},"brands":[],"_links":{"self":[{"href":"https:\/\/somllavors.com\/es\/wp-json\/wp\/v2\/product\/19231","targetHints":{"allow":["GET"]}}],"collection":[{"href":"https:\/\/somllavors.com\/es\/wp-json\/wp\/v2\/product"}],"about":[{"href":"https:\/\/somllavors.com\/es\/wp-json\/wp\/v2\/types\/product"}],"wp:featuredmedia":[{"embeddable":true,"href":"https:\/\/somllavors.com\/es\/wp-json\/wp\/v2\/media\/19245"}],"wp:attachment":[{"href":"https:\/\/somllavors.com\/es\/wp-json\/wp\/v2\/media?parent=19231"}],"wp:term":[{"taxonomy":"pwb-brand","embeddable":true,"href":"https:\/\/somllavors.com\/es\/wp-json\/wp\/v2\/pwb-brand?post=19231"},{"taxonomy":"product_brand","embeddable":true,"href":"https:\/\/somllavors.com\/es\/wp-json\/wp\/v2\/product_brand?post=19231"},{"taxonomy":"product_cat","embeddable":true,"href":"https:\/\/somllavors.com\/es\/wp-json\/wp\/v2\/product_cat?post=19231"},{"taxonomy":"product_tag","embeddable":true,"href":"https:\/\/somllavors.com\/es\/wp-json\/wp\/v2\/product_tag?post=19231"}],"curies":[{"name":"wp","href":"https:\/\/api.w.org\/{rel}","templated":true}]}}