{"id":19247,"date":"2022-05-20T19:27:14","date_gmt":"2022-05-20T17:27:14","guid":{"rendered":"https:\/\/somllavors.com\/?post_type=product&#038;p=19247"},"modified":"2022-05-22T17:49:15","modified_gmt":"2022-05-22T15:49:15","slug":"moble-canviador-convertible-a-comoda","status":"publish","type":"product","link":"https:\/\/somllavors.com\/es\/producte\/moble-canviador-convertible-a-comoda","title":{"rendered":"Moble canviador convertible a c\u00f2moda"},"content":{"rendered":"<ul>\n<li>Mides: Amplada: 91,1 cm &#8211; Al\u00e7ada: 83,6 cm &#8211; Profunditat: 49 cm<\/li>\n<li>Material: MDF Lacat &#8211; Fusta de faig<\/li>\n<li>Compta amb un calaix i amb un prestatge per tenir a m\u00e0 tot el necessari<\/li>\n<li>Opcional: Canviador blanc entapissat gris o canviador blanc amb topos beix<\/li>\n<li>Recomanacions: Per a la neteja del moble canviador, recomanem passar un drap sec per retirar la pols o lleugerament humitejat en aigua. No recomanem fer servir productes abrasius.<\/li>\n<\/ul>\n","protected":false},"excerpt":{"rendered":"<p>El moble canviador \u00e9s perfecte per a qualsevol estil de decoraci\u00f3, gr\u00e0cies al seu disseny n\u00f2rdic-escandinau i minimalista.<\/p>\n","protected":false},"featured_media":19249,"template":"","meta":{"_acf_changed":false,"site-sidebar-layout":"default","site-content-layout":"default","ast-site-content-layout":"default","site-content-style":"default","site-sidebar-style":"default","ast-global-header-display":"","ast-banner-title-visibility":"","ast-main-header-display":"","ast-hfb-above-header-display":"","ast-hfb-below-header-display":"","ast-hfb-mobile-header-display":"","site-post-title":"","ast-breadcrumbs-content":"","ast-featured-img":"","footer-sml-layout":"","theme-transparent-header-meta":"default","adv-header-id-meta":"","stick-header-meta":"","header-above-stick-meta":"","header-main-stick-meta":"","header-below-stick-meta":"","astra-migrate-meta-layouts":"default","ast-page-background-enabled":"default","ast-page-background-meta":{"desktop":{"background-color":"","background-image":"","background-repeat":"repeat","background-position":"center center","background-size":"auto","background-attachment":"scroll","background-type":"","background-media":"","overlay-type":"","overlay-color":"","overlay-opacity":"","overlay-gradient":""},"tablet":{"background-color":"","background-image":"","background-repeat":"repeat","background-position":"center center","background-size":"auto","background-attachment":"scroll","background-type":"","background-media":"","overlay-type":"","overlay-color":"","overlay-opacity":"","overlay-gradient":""},"mobile":{"background-color":"","background-image":"","background-repeat":"repeat","background-position":"center center","background-size":"auto","background-attachment":"scroll","background-type":"","background-media":"","overlay-type":"","overlay-color":"","overlay-opacity":"","overlay-gradient":""}},"ast-content-background-meta":{"desktop":{"background-color":"var(--ast-global-color-5)","background-image":"","background-repeat":"repeat","background-position":"center center","background-size":"auto","background-attachment":"scroll","background-type":"","background-media":"","overlay-type":"","overlay-color":"","overlay-opacity":"","overlay-gradient":""},"tablet":{"background-color":"var(--ast-global-color-5)","background-image":"","background-repeat":"repeat","background-position":"center center","background-size":"auto","background-attachment":"scroll","background-type":"","background-media":"","overlay-type":"","overlay-color":"","overlay-opacity":"","overlay-gradient":""},"mobile":{"background-color":"var(--ast-global-color-5)","background-image":"","background-repeat":"repeat","background-position":"center center","background-size":"auto","background-attachment":"scroll","background-type":"","background-media":"","overlay-type":"","overlay-color":"","overlay-opacity":"","overlay-gradient":""}}},"pwb-brand":[],"product_brand":[],"product_cat":[1439,1758],"product_tag":[1961,1962,678,1760,1960],"class_list":{"0":"post-19247","1":"product","2":"type-product","3":"status-publish","4":"has-post-thumbnail","6":"product_cat-mobles","7":"product_cat-montessori","8":"product_tag-comoda","9":"product_tag-convertible","10":"product_tag-madera","11":"product_tag-micuna","12":"product_tag-mueble-cambiador","13":"desktop-align-left","14":"tablet-align-left","15":"mobile-align-left","17":"first","18":"onbackorder","19":"taxable","20":"shipping-taxable","21":"purchasable","22":"product-type-simple"},"acf":[],"yoast_head":"<!-- This site is optimized with the Yoast SEO Premium plugin v18.3 (Yoast SEO v26.2) - https:\/\/yoast.com\/wordpress\/plugins\/seo\/ -->\n<title>Moble canviador convertible a c\u00f2moda &#8212; Som Llavors<\/title>\n<meta name=\"description\" content=\"El moble canviador \u00e9s perfecte per a qualsevol estil de decoraci\u00f3, gr\u00e0cies al seu disseny n\u00f2rdic-escandinau i minimalista.\" \/>\n<meta name=\"robots\" content=\"index, follow, max-snippet:-1, max-image-preview:large, max-video-preview:-1\" \/>\n<link rel=\"canonical\" href=\"https:\/\/somllavors.com\/es\/producte\/moble-canviador-convertible-a-comoda\" \/>\n<meta property=\"og:locale\" content=\"es_ES\" \/>\n<meta property=\"og:type\" content=\"article\" \/>\n<meta property=\"og:title\" content=\"Moble canviador convertible a c\u00f2moda\" \/>\n<meta property=\"og:description\" content=\"La teva botiga d\u2019ecocrian\u00e7a i espai d\u2019acompanyament a la maternitat\" \/>\n<meta property=\"og:url\" content=\"https:\/\/somllavors.com\/es\/producte\/moble-canviador-convertible-a-comoda\" \/>\n<meta property=\"og:site_name\" content=\"Som Llavors\" \/>\n<meta property=\"article:publisher\" content=\"https:\/\/www.facebook.com\/somllavorsvng\/?locale=ca_ES\" \/>\n<meta property=\"article:modified_time\" content=\"2022-05-22T15:49:15+00:00\" \/>\n<meta property=\"og:image\" content=\"https:\/\/somllavors.com\/wp-content\/uploads\/WEB-AMBIENTE-950-\u00d7-950-px-36.jpg\" \/>\n\t<meta property=\"og:image:width\" content=\"950\" \/>\n\t<meta property=\"og:image:height\" content=\"950\" \/>\n\t<meta property=\"og:image:type\" content=\"image\/jpeg\" \/>\n<meta name=\"twitter:card\" content=\"summary_large_image\" \/>\n<meta name=\"twitter:label1\" content=\"Precio\" \/>\n\t<meta name=\"twitter:data1\" content=\"188,00&euro; Iva incl\u00f2s\" \/>\n\t<meta name=\"twitter:label2\" content=\"Availability\" \/>\n\t<meta name=\"twitter:data2\" content=\"On backorder\" \/>\n<script type=\"application\/ld+json\" class=\"yoast-schema-graph\">{\"@context\":\"https:\/\/schema.org\",\"@graph\":[{\"@type\":\"WebPage\",\"@id\":\"https:\/\/somllavors.com\/es\/producte\/moble-canviador-convertible-a-comoda\",\"url\":\"https:\/\/somllavors.com\/es\/producte\/moble-canviador-convertible-a-comoda\",\"name\":\"Moble canviador convertible a c\u00f2moda &#8212; Som Llavors\",\"isPartOf\":{\"@id\":\"https:\/\/somllavors.com\/es#website\"},\"primaryImageOfPage\":{\"@id\":\"https:\/\/somllavors.com\/es\/producte\/moble-canviador-convertible-a-comoda#primaryimage\"},\"image\":{\"@id\":\"https:\/\/somllavors.com\/es\/producte\/moble-canviador-convertible-a-comoda#primaryimage\"},\"thumbnailUrl\":\"https:\/\/somllavors.com\/wp-content\/uploads\/WEB-AMBIENTE-950-\u00d7-950-px-36.jpg\",\"datePublished\":\"2022-05-20T17:27:14+00:00\",\"dateModified\":\"2022-05-22T15:49:15+00:00\",\"description\":\"El moble canviador \u00e9s perfecte per a qualsevol estil de decoraci\u00f3, gr\u00e0cies al seu disseny n\u00f2rdic-escandinau i minimalista.\",\"breadcrumb\":{\"@id\":\"https:\/\/somllavors.com\/es\/producte\/moble-canviador-convertible-a-comoda#breadcrumb\"},\"inLanguage\":\"es\",\"potentialAction\":[{\"@type\":\"ReadAction\",\"target\":[\"https:\/\/somllavors.com\/es\/producte\/moble-canviador-convertible-a-comoda\"]}]},{\"@type\":\"ImageObject\",\"inLanguage\":\"es\",\"@id\":\"https:\/\/somllavors.com\/es\/producte\/moble-canviador-convertible-a-comoda#primaryimage\",\"url\":\"https:\/\/somllavors.com\/wp-content\/uploads\/WEB-AMBIENTE-950-\u00d7-950-px-36.jpg\",\"contentUrl\":\"https:\/\/somllavors.com\/wp-content\/uploads\/WEB-AMBIENTE-950-\u00d7-950-px-36.jpg\",\"width\":950,\"height\":950,\"caption\":\"El mueble cambiador 1916 es perfecto para cualquier estilo de decoraci\u00f3n, gracias a su dise\u00f1o n\u00f3rdico-escandinavo y minimalista.\"},{\"@type\":\"BreadcrumbList\",\"@id\":\"https:\/\/somllavors.com\/es\/producte\/moble-canviador-convertible-a-comoda#breadcrumb\",\"itemListElement\":[{\"@type\":\"ListItem\",\"position\":1,\"name\":\"Inici\",\"item\":\"https:\/\/somllavors.com\/es\"},{\"@type\":\"ListItem\",\"position\":2,\"name\":\"Tienda\",\"item\":\"https:\/\/somllavors.com\/es\/botiga-2\"},{\"@type\":\"ListItem\",\"position\":3,\"name\":\"Moble canviador convertible a c\u00f2moda\"}]},{\"@type\":\"WebSite\",\"@id\":\"https:\/\/somllavors.com\/es#website\",\"url\":\"https:\/\/somllavors.com\/es\",\"name\":\"Som Llavors\",\"description\":\"Botiga de crian\u00e7a natural\",\"publisher\":{\"@id\":\"https:\/\/somllavors.com\/es#organization\"},\"alternateName\":\"Crian\u00e7a Natural i Sostenible\",\"potentialAction\":[{\"@type\":\"SearchAction\",\"target\":{\"@type\":\"EntryPoint\",\"urlTemplate\":\"https:\/\/somllavors.com\/es?s={search_term_string}\"},\"query-input\":{\"@type\":\"PropertyValueSpecification\",\"valueRequired\":true,\"valueName\":\"search_term_string\"}}],\"inLanguage\":\"es\"},{\"@type\":[\"Organization\",\"Place\",\"Store\"],\"@id\":\"https:\/\/somllavors.com\/es#organization\",\"name\":\"Som Llavors\",\"alternateName\":\"Crian\u00e7a Natural i Sostenible\",\"url\":\"https:\/\/somllavors.com\/es\",\"logo\":{\"@id\":\"https:\/\/somllavors.com\/es\/producte\/moble-canviador-convertible-a-comoda#local-main-organization-logo\"},\"image\":{\"@id\":\"https:\/\/somllavors.com\/es\/producte\/moble-canviador-convertible-a-comoda#local-main-organization-logo\"},\"sameAs\":[\"https:\/\/www.facebook.com\/somllavorsvng\/?locale=ca_ES\",\"https:\/\/www.instagram.com\/somllavors_vng\/\",\"https:\/\/www.youtube.com\/@somllavors\"],\"address\":{\"@id\":\"https:\/\/somllavors.com\/es\/producte\/moble-canviador-convertible-a-comoda#local-main-place-address\"},\"geo\":{\"@type\":\"GeoCoordinates\",\"latitude\":\"41.2257737\",\"longitude\":\"1.723258859\"},\"telephone\":[\"623152704\"],\"openingHoursSpecification\":[{\"@type\":\"OpeningHoursSpecification\",\"dayOfWeek\":[\"Monday\",\"Sunday\"],\"opens\":\"00:00\",\"closes\":\"00:00\"},{\"@type\":\"OpeningHoursSpecification\",\"dayOfWeek\":[\"Tuesday\",\"Wednesday\",\"Thursday\",\"Friday\"],\"opens\":\"10:00\",\"closes\":\"20:00\"},{\"@type\":\"OpeningHoursSpecification\",\"dayOfWeek\":[\"Saturday\"],\"opens\":\"10:00\",\"closes\":\"13:30\"}],\"email\":\"info@somllavors.com\"},{\"@type\":\"PostalAddress\",\"@id\":\"https:\/\/somllavors.com\/es\/producte\/moble-canviador-convertible-a-comoda#local-main-place-address\",\"streetAddress\":\"Carrer de l'aigua, 6\",\"addressLocality\":\"Vilanova i la Geltr\u00fa\",\"postalCode\":\"08800\",\"addressRegion\":\"Barcelona\",\"addressCountry\":\"ES\"},{\"@type\":\"ImageObject\",\"inLanguage\":\"es\",\"@id\":\"https:\/\/somllavors.com\/es\/producte\/moble-canviador-convertible-a-comoda#local-main-organization-logo\",\"url\":\"https:\/\/somllavors.com\/wp-content\/uploads\/Logotip-Som-Llavors.jpg\",\"contentUrl\":\"https:\/\/somllavors.com\/wp-content\/uploads\/Logotip-Som-Llavors.jpg\",\"width\":1444,\"height\":1323,\"caption\":\"Som Llavors\"}]}<\/script>\n<meta property=\"product:price:amount\" content=\"188.00\" \/>\n<meta property=\"product:price:currency\" content=\"EUR\" \/>\n<meta property=\"og:availability\" content=\"backorder\" \/>\n<meta property=\"product:availability\" content=\"available for order\" \/>\n<meta property=\"product:retailer_item_id\" content=\"CAMB-1916\" \/>\n<meta property=\"product:condition\" content=\"new\" \/>\n<meta name=\"geo.placename\" content=\"Vilanova i la Geltr\u00fa\" \/>\n<meta name=\"geo.position\" content=\"41.2257737;1.723258859\" \/>\n<meta name=\"geo.region\" content=\"Espa\u00f1a\" \/>\n<!-- \/ Yoast SEO Premium plugin. -->","yoast_head_json":{"title":"Moble canviador convertible a c\u00f2moda &#8212; Som Llavors","description":"El moble canviador \u00e9s perfecte per a qualsevol estil de decoraci\u00f3, gr\u00e0cies al seu disseny n\u00f2rdic-escandinau i minimalista.","robots":{"index":"index","follow":"follow","max-snippet":"max-snippet:-1","max-image-preview":"max-image-preview:large","max-video-preview":"max-video-preview:-1"},"canonical":"https:\/\/somllavors.com\/es\/producte\/moble-canviador-convertible-a-comoda","og_locale":"es_ES","og_type":"article","og_title":"Moble canviador convertible a c\u00f2moda","og_description":"La teva botiga d\u2019ecocrian\u00e7a i espai d\u2019acompanyament a la maternitat","og_url":"https:\/\/somllavors.com\/es\/producte\/moble-canviador-convertible-a-comoda","og_site_name":"Som Llavors","article_publisher":"https:\/\/www.facebook.com\/somllavorsvng\/?locale=ca_ES","article_modified_time":"2022-05-22T15:49:15+00:00","og_image":[{"width":950,"height":950,"url":"https:\/\/somllavors.com\/wp-content\/uploads\/WEB-AMBIENTE-950-\u00d7-950-px-36.jpg","type":"image\/jpeg"}],"twitter_card":"summary_large_image","twitter_misc":{"Precio":"188,00&euro; Iva incl\u00f2s","Availability":"On backorder"},"schema":{"@context":"https:\/\/schema.org","@graph":[{"@type":"WebPage","@id":"https:\/\/somllavors.com\/es\/producte\/moble-canviador-convertible-a-comoda","url":"https:\/\/somllavors.com\/es\/producte\/moble-canviador-convertible-a-comoda","name":"Moble canviador convertible a c\u00f2moda &#8212; Som Llavors","isPartOf":{"@id":"https:\/\/somllavors.com\/es#website"},"primaryImageOfPage":{"@id":"https:\/\/somllavors.com\/es\/producte\/moble-canviador-convertible-a-comoda#primaryimage"},"image":{"@id":"https:\/\/somllavors.com\/es\/producte\/moble-canviador-convertible-a-comoda#primaryimage"},"thumbnailUrl":"https:\/\/somllavors.com\/wp-content\/uploads\/WEB-AMBIENTE-950-\u00d7-950-px-36.jpg","datePublished":"2022-05-20T17:27:14+00:00","dateModified":"2022-05-22T15:49:15+00:00","description":"El moble canviador \u00e9s perfecte per a qualsevol estil de decoraci\u00f3, gr\u00e0cies al seu disseny n\u00f2rdic-escandinau i minimalista.","breadcrumb":{"@id":"https:\/\/somllavors.com\/es\/producte\/moble-canviador-convertible-a-comoda#breadcrumb"},"inLanguage":"es","potentialAction":[{"@type":"ReadAction","target":["https:\/\/somllavors.com\/es\/producte\/moble-canviador-convertible-a-comoda"]}]},{"@type":"ImageObject","inLanguage":"es","@id":"https:\/\/somllavors.com\/es\/producte\/moble-canviador-convertible-a-comoda#primaryimage","url":"https:\/\/somllavors.com\/wp-content\/uploads\/WEB-AMBIENTE-950-\u00d7-950-px-36.jpg","contentUrl":"https:\/\/somllavors.com\/wp-content\/uploads\/WEB-AMBIENTE-950-\u00d7-950-px-36.jpg","width":950,"height":950,"caption":"El mueble cambiador 1916 es perfecto para cualquier estilo de decoraci\u00f3n, gracias a su dise\u00f1o n\u00f3rdico-escandinavo y minimalista."},{"@type":"BreadcrumbList","@id":"https:\/\/somllavors.com\/es\/producte\/moble-canviador-convertible-a-comoda#breadcrumb","itemListElement":[{"@type":"ListItem","position":1,"name":"Inici","item":"https:\/\/somllavors.com\/es"},{"@type":"ListItem","position":2,"name":"Tienda","item":"https:\/\/somllavors.com\/es\/botiga-2"},{"@type":"ListItem","position":3,"name":"Moble canviador convertible a c\u00f2moda"}]},{"@type":"WebSite","@id":"https:\/\/somllavors.com\/es#website","url":"https:\/\/somllavors.com\/es","name":"Som Llavors","description":"Botiga de crian\u00e7a natural","publisher":{"@id":"https:\/\/somllavors.com\/es#organization"},"alternateName":"Crian\u00e7a Natural i Sostenible","potentialAction":[{"@type":"SearchAction","target":{"@type":"EntryPoint","urlTemplate":"https:\/\/somllavors.com\/es?s={search_term_string}"},"query-input":{"@type":"PropertyValueSpecification","valueRequired":true,"valueName":"search_term_string"}}],"inLanguage":"es"},{"@type":["Organization","Place","Store"],"@id":"https:\/\/somllavors.com\/es#organization","name":"Som Llavors","alternateName":"Crian\u00e7a Natural i Sostenible","url":"https:\/\/somllavors.com\/es","logo":{"@id":"https:\/\/somllavors.com\/es\/producte\/moble-canviador-convertible-a-comoda#local-main-organization-logo"},"image":{"@id":"https:\/\/somllavors.com\/es\/producte\/moble-canviador-convertible-a-comoda#local-main-organization-logo"},"sameAs":["https:\/\/www.facebook.com\/somllavorsvng\/?locale=ca_ES","https:\/\/www.instagram.com\/somllavors_vng\/","https:\/\/www.youtube.com\/@somllavors"],"address":{"@id":"https:\/\/somllavors.com\/es\/producte\/moble-canviador-convertible-a-comoda#local-main-place-address"},"geo":{"@type":"GeoCoordinates","latitude":"41.2257737","longitude":"1.723258859"},"telephone":["623152704","623152704"],"openingHoursSpecification":[{"@type":"OpeningHoursSpecification","dayOfWeek":["Monday","Sunday"],"opens":"00:00","closes":"00:00"},{"@type":"OpeningHoursSpecification","dayOfWeek":["Tuesday","Wednesday","Thursday","Friday"],"opens":"10:00","closes":"20:00"},{"@type":"OpeningHoursSpecification","dayOfWeek":["Saturday"],"opens":"10:00","closes":"13:30"}],"email":"info@somllavors.com"},{"@type":"PostalAddress","@id":"https:\/\/somllavors.com\/es\/producte\/moble-canviador-convertible-a-comoda#local-main-place-address","streetAddress":"Carrer de l'aigua, 6","addressLocality":"Vilanova i la Geltr\u00fa","postalCode":"08800","addressRegion":"Barcelona","addressCountry":"ES"},{"@type":"ImageObject","inLanguage":"es","@id":"https:\/\/somllavors.com\/es\/producte\/moble-canviador-convertible-a-comoda#local-main-organization-logo","url":"https:\/\/somllavors.com\/wp-content\/uploads\/Logotip-Som-Llavors.jpg","contentUrl":"https:\/\/somllavors.com\/wp-content\/uploads\/Logotip-Som-Llavors.jpg","width":1444,"height":1323,"caption":"Som Llavors"}]},"product_price_amount":"188.00","product_price_currency":"EUR","og_availability":"backorder","product_availability":"available for order","product_retailer_item_id":"CAMB-1916","product_condition":"new","geo.placename":"Vilanova i la Geltr\u00fa","geo.position":{"lat":"41.2257737","long":"1.723258859"},"geo.region":"Espa\u00f1a"},"brands":[],"_links":{"self":[{"href":"https:\/\/somllavors.com\/es\/wp-json\/wp\/v2\/product\/19247","targetHints":{"allow":["GET"]}}],"collection":[{"href":"https:\/\/somllavors.com\/es\/wp-json\/wp\/v2\/product"}],"about":[{"href":"https:\/\/somllavors.com\/es\/wp-json\/wp\/v2\/types\/product"}],"wp:featuredmedia":[{"embeddable":true,"href":"https:\/\/somllavors.com\/es\/wp-json\/wp\/v2\/media\/19249"}],"wp:attachment":[{"href":"https:\/\/somllavors.com\/es\/wp-json\/wp\/v2\/media?parent=19247"}],"wp:term":[{"taxonomy":"pwb-brand","embeddable":true,"href":"https:\/\/somllavors.com\/es\/wp-json\/wp\/v2\/pwb-brand?post=19247"},{"taxonomy":"product_brand","embeddable":true,"href":"https:\/\/somllavors.com\/es\/wp-json\/wp\/v2\/product_brand?post=19247"},{"taxonomy":"product_cat","embeddable":true,"href":"https:\/\/somllavors.com\/es\/wp-json\/wp\/v2\/product_cat?post=19247"},{"taxonomy":"product_tag","embeddable":true,"href":"https:\/\/somllavors.com\/es\/wp-json\/wp\/v2\/product_tag?post=19247"}],"curies":[{"name":"wp","href":"https:\/\/api.w.org\/{rel}","templated":true}]}}