{"id":19324,"date":"2022-05-22T13:18:38","date_gmt":"2022-05-22T11:18:38","guid":{"rendered":"https:\/\/somllavors.com\/?post_type=product&#038;p=19324"},"modified":"2026-03-05T10:34:26","modified_gmt":"2026-03-05T09:34:26","slug":"torre-daprenentatge-trotta","status":"publish","type":"product","link":"https:\/\/somllavors.com\/es\/producte\/torre-daprenentatge-trotta","title":{"rendered":"Torre d&#8217;aprenentatge Trotta"},"content":{"rendered":"<ul>\n<li>Compta amb unes nanses per al f\u00e0cil transport i quan deixi d&#8217;utilitzar-se com a torre d&#8217;aprenentatge, pot prolongar-se&#8217;n l&#8217;\u00fas utilitzant-lo com a moble d&#8217;emmagatzematge.<\/li>\n<li>Els seus acabats eviten que el nen pugui fer-se mal, no porta cargoleria amb qu\u00e8 pugui enganxar-se o ensopegar.<\/li>\n<li>La torre d&#8217;aprenentatge Trotta t\u00e9 quatre funcions:\n<ol>\n<li><strong>Escala<\/strong>. A la primera posici\u00f3, Trotta \u00e9s una escaleta de tres esglaons. L&#8217;esgla\u00f3 inferior es pot plegar cap a l&#8217;interior quan no es necessiti i estalviar espai a la llar.<\/li>\n<li><strong>Dues posicions<\/strong>. La segona posici\u00f3 est\u00e0 pensada per acompanyar l&#8217;infant en el creixement. Gr\u00e0cies al nou sistema de guies, se&#8217;n pot canviar la funcionalitat mitjan\u00e7ant moviments molt senzills i intu\u00eftius, i sense necessitat d&#8217;utilitzar eines. Amb un simple lliscament, l&#8217;esgla\u00f3 superior passa a ser un esgla\u00f3 ocult, reduint l&#8217;al\u00e7ada de l&#8217;al\u00e7ador.<\/li>\n<li>Tamb\u00e9 \u00e9s un <strong>seient<\/strong>, col\u00b7locant l&#8217;esgla\u00f3 superior a la seva posici\u00f3 de respatller.<\/li>\n<li><strong>Aprenentatge<\/strong>. Els seus laterals contenen un divertit joc perqu\u00e8 l&#8217;infant descobreixi les lletres, els n\u00fameros i les formes geom\u00e8triques b\u00e0siques, recorrent-les amb la seva bola de tra\u00e7at. Aquest sistema permetr\u00e0 que el nen prengui el primer contacte amb l&#8217;escriptura i el dibuix sota el ritme d&#8217;aprenentatge propi.<\/li>\n<\/ol>\n<\/li>\n<\/ul>\n<ul>\n<li>Dissenyada i fabricada a Espanya. Fabricada amb fusta de pi amb vernissos no t\u00f2xics. Totes les fustes provenen de boscos gestionats de forma sostenible i es desenvolupen els dissenys, producci\u00f3 i distribuci\u00f3 sota les premisses de l&#8217;eco-disseny, amb un gran comprom\u00eds amb la fabricaci\u00f3 ecol\u00f2gica.<\/li>\n<\/ul>\n","protected":false},"excerpt":{"rendered":"<p>La torre d&#8217;aprenentatge evolutiva i transformable ser\u00e0 de gran ajuda els primers anys de vida de l&#8217;infant. A l&#8217;etapa de m\u00e9s inter\u00e8s i curiositat, els ajudar\u00e0 a assolir aquells llocs de dif\u00edcil acc\u00e9s com el marbre de la cuina o el lavabo, ajudant a l&#8217;infant a ser m\u00e9s aut\u00f2nom, seguint la filosofia Montessori.<\/p>\n<p>&nbsp;<\/p>\n","protected":false},"featured_media":19331,"template":"","meta":{"_acf_changed":false,"site-sidebar-layout":"default","site-content-layout":"default","ast-site-content-layout":"default","site-content-style":"default","site-sidebar-style":"default","ast-global-header-display":"","ast-banner-title-visibility":"","ast-main-header-display":"","ast-hfb-above-header-display":"","ast-hfb-below-header-display":"","ast-hfb-mobile-header-display":"","site-post-title":"","ast-breadcrumbs-content":"","ast-featured-img":"","footer-sml-layout":"","theme-transparent-header-meta":"default","adv-header-id-meta":"","stick-header-meta":"","header-above-stick-meta":"","header-main-stick-meta":"","header-below-stick-meta":"","astra-migrate-meta-layouts":"set","ast-page-background-enabled":"default","ast-page-background-meta":{"desktop":{"background-color":"","background-image":"","background-repeat":"repeat","background-position":"center center","background-size":"auto","background-attachment":"scroll","background-type":"","background-media":"","overlay-type":"","overlay-color":"","overlay-opacity":"","overlay-gradient":""},"tablet":{"background-color":"","background-image":"","background-repeat":"repeat","background-position":"center center","background-size":"auto","background-attachment":"scroll","background-type":"","background-media":"","overlay-type":"","overlay-color":"","overlay-opacity":"","overlay-gradient":""},"mobile":{"background-color":"","background-image":"","background-repeat":"repeat","background-position":"center center","background-size":"auto","background-attachment":"scroll","background-type":"","background-media":"","overlay-type":"","overlay-color":"","overlay-opacity":"","overlay-gradient":""}},"ast-content-background-meta":{"desktop":{"background-color":"var(--ast-global-color-5)","background-image":"","background-repeat":"repeat","background-position":"center center","background-size":"auto","background-attachment":"scroll","background-type":"","background-media":"","overlay-type":"","overlay-color":"","overlay-opacity":"","overlay-gradient":""},"tablet":{"background-color":"var(--ast-global-color-5)","background-image":"","background-repeat":"repeat","background-position":"center center","background-size":"auto","background-attachment":"scroll","background-type":"","background-media":"","overlay-type":"","overlay-color":"","overlay-opacity":"","overlay-gradient":""},"mobile":{"background-color":"var(--ast-global-color-5)","background-image":"","background-repeat":"repeat","background-position":"center center","background-size":"auto","background-attachment":"scroll","background-type":"","background-media":"","overlay-type":"","overlay-color":"","overlay-opacity":"","overlay-gradient":""}}},"pwb-brand":[],"product_brand":[],"product_cat":[1439,1758],"product_tag":[998,1965],"class_list":{"0":"post-19324","1":"product","2":"type-product","3":"status-publish","4":"has-post-thumbnail","6":"product_cat-mobles","7":"product_cat-montessori","8":"product_tag-montessori","9":"product_tag-torre-de-aprendizaje","10":"desktop-align-left","11":"tablet-align-left","12":"mobile-align-left","14":"first","15":"onbackorder","16":"taxable","17":"shipping-taxable","18":"purchasable","19":"product-type-simple"},"acf":[],"yoast_head":"<!-- This site is optimized with the Yoast SEO Premium plugin v18.3 (Yoast SEO v26.2) - https:\/\/yoast.com\/wordpress\/plugins\/seo\/ -->\n<title>Torre d&#039;aprenentatge Trotta &#8212; Som Llavors<\/title>\n<meta name=\"description\" content=\"La torre d&#039;aprenentatge evolutiva i transformable ser\u00e0 de gran ajuda els primers anys de vida de l&#039;infant. A l&#039;etapa de m\u00e9s inter\u00e8s i curiositat, els ajudar\u00e0 a assolir aquells llocs de dif\u00edcil acc\u00e9s com el marbre de la cuina o el lavabo, ajudant a l&#039;infant a ser m\u00e9s aut\u00f2nom, seguint la filosofia Montessori.  &nbsp;\" \/>\n<meta name=\"robots\" content=\"index, follow, max-snippet:-1, max-image-preview:large, max-video-preview:-1\" \/>\n<link rel=\"canonical\" href=\"https:\/\/somllavors.com\/es\/producte\/torre-daprenentatge-trotta\" \/>\n<meta property=\"og:locale\" content=\"es_ES\" \/>\n<meta property=\"og:type\" content=\"article\" \/>\n<meta property=\"og:title\" content=\"Torre d&#039;aprenentatge Trotta\" \/>\n<meta property=\"og:description\" content=\"La teva botiga d\u2019ecocrian\u00e7a i espai d\u2019acompanyament a la maternitat\" \/>\n<meta property=\"og:url\" content=\"https:\/\/somllavors.com\/es\/producte\/torre-daprenentatge-trotta\" \/>\n<meta property=\"og:site_name\" content=\"Som Llavors\" \/>\n<meta property=\"article:publisher\" content=\"https:\/\/www.facebook.com\/somllavorsvng\/?locale=ca_ES\" \/>\n<meta property=\"article:modified_time\" content=\"2026-03-05T09:34:26+00:00\" \/>\n<meta property=\"og:image\" content=\"https:\/\/somllavors.com\/wp-content\/uploads\/Torre-aprendizaje-Trotta-Montessori-.jpeg\" \/>\n\t<meta property=\"og:image:width\" content=\"950\" \/>\n\t<meta property=\"og:image:height\" content=\"901\" \/>\n\t<meta property=\"og:image:type\" content=\"image\/jpeg\" \/>\n<meta name=\"twitter:card\" content=\"summary_large_image\" \/>\n<meta name=\"twitter:label1\" content=\"Precio\" \/>\n\t<meta name=\"twitter:data1\" content=\"286,00&euro; Iva incl\u00f2s\" \/>\n\t<meta name=\"twitter:label2\" content=\"Availability\" \/>\n\t<meta name=\"twitter:data2\" content=\"On backorder\" \/>\n<script type=\"application\/ld+json\" class=\"yoast-schema-graph\">{\"@context\":\"https:\/\/schema.org\",\"@graph\":[{\"@type\":\"WebPage\",\"@id\":\"https:\/\/somllavors.com\/es\/producte\/torre-daprenentatge-trotta\",\"url\":\"https:\/\/somllavors.com\/es\/producte\/torre-daprenentatge-trotta\",\"name\":\"Torre d'aprenentatge Trotta &#8212; Som Llavors\",\"isPartOf\":{\"@id\":\"https:\/\/somllavors.com\/es#website\"},\"primaryImageOfPage\":{\"@id\":\"https:\/\/somllavors.com\/es\/producte\/torre-daprenentatge-trotta#primaryimage\"},\"image\":{\"@id\":\"https:\/\/somllavors.com\/es\/producte\/torre-daprenentatge-trotta#primaryimage\"},\"thumbnailUrl\":\"https:\/\/somllavors.com\/wp-content\/uploads\/Torre-aprendizaje-Trotta-Montessori-.jpeg\",\"datePublished\":\"2022-05-22T11:18:38+00:00\",\"dateModified\":\"2026-03-05T09:34:26+00:00\",\"description\":\"La torre d'aprenentatge evolutiva i transformable ser\u00e0 de gran ajuda els primers anys de vida de l'infant. A l'etapa de m\u00e9s inter\u00e8s i curiositat, els ajudar\u00e0 a assolir aquells llocs de dif\u00edcil acc\u00e9s com el marbre de la cuina o el lavabo, ajudant a l'infant a ser m\u00e9s aut\u00f2nom, seguint la filosofia Montessori. &nbsp;\",\"breadcrumb\":{\"@id\":\"https:\/\/somllavors.com\/es\/producte\/torre-daprenentatge-trotta#breadcrumb\"},\"inLanguage\":\"es\",\"potentialAction\":[{\"@type\":\"ReadAction\",\"target\":[\"https:\/\/somllavors.com\/es\/producte\/torre-daprenentatge-trotta\"]}]},{\"@type\":\"ImageObject\",\"inLanguage\":\"es\",\"@id\":\"https:\/\/somllavors.com\/es\/producte\/torre-daprenentatge-trotta#primaryimage\",\"url\":\"https:\/\/somllavors.com\/wp-content\/uploads\/Torre-aprendizaje-Trotta-Montessori-.jpeg\",\"contentUrl\":\"https:\/\/somllavors.com\/wp-content\/uploads\/Torre-aprendizaje-Trotta-Montessori-.jpeg\",\"width\":950,\"height\":901,\"caption\":\"evolutiva, crian\u00e7a natural i sostenible La torre de aprendizaje evolutiva y transformable TROTTA es un producto de la l\u00ednea Micussori, la familia Montessori de Micuna. Ser\u00e1 de gran ayuda en los primeros a\u00f1os de vida del ni\u00f1o. En la etapa de m\u00e1s inter\u00e9s y curiosidad, les ayudar\u00e1 a alcanzar aquellos lugares de dif\u00edcil acceso como el banco de la cocina o el aseo, ayudando al ni\u00f1o a ser m\u00e1s aut\u00f3nomo, siguiendo la filosof\u00eda Montessori. Cuenta con unas asas para su f\u00e1cil transporte y cuando deje de utilizarse como torre de aprendizaje, puede prolongarse su uso utiliz\u00e1ndolo como mueble de almacenaje. Sus acabados evitan que el ni\u00f1o pueda lastimarse, no lleva torniller\u00eda con la que pueda engancharse o tropezar. La torre de aprendizaje Trotta, tiene cuatro posiciones: 1- ESCALERA. En la primera posici\u00f3n, Trotta es una escalerita de tres pelda\u00f1os. El pelda\u00f1o inferior puede plegarse hacia el interior cuando no se necesite y ahorrar espacio en el hogar. 2- DOS POSICIONES. La segunda posici\u00f3n est\u00e1 pensada para acompa\u00f1ar al ni\u00f1o en su crecimiento. Gracias al novedoso sistema de gu\u00edas, se puede cambiar su funcionalidad mediante movimientos muy sencillos e intuitivos, y sin necesidad de utilizar herramientas. Con un simple deslizamiento, el pelda\u00f1o superior pasa a ser un pelda\u00f1o oculto, reduciendo la altura del alzador. 3- Tambi\u00e9n es un ASIENTO, colocando el pelda\u00f1o superior en su posici\u00f3n de respaldo. 4- APRENDIZAJE. Sus laterales contienen un divertido juego para que el ni\u00f1o descubra las letras, los n\u00fameros y las formas geom\u00e9tricas b\u00e1sicas, recorri\u00e9ndolas con su bola de trazado. Este sistema permitir\u00e1 que el ni\u00f1o tome el primer contacto con la escritura y el dibujo bajo su propio ritmo de aprendizaje. Dise\u00f1ada y fabricada en Espa\u00f1a. Fabricada con madera de pino con barnices no t\u00f3xicos. Todas nuestras maderas provienen de bosques gestionados de forma sostenible y desarrollamos nuestros dise\u00f1os, producci\u00f3n y distribuci\u00f3n bajo las premisas del eco-dise\u00f1o. Tenemos un gran compromiso con la fabricaci\u00f3n ecol\u00f3gica.\"},{\"@type\":\"BreadcrumbList\",\"@id\":\"https:\/\/somllavors.com\/es\/producte\/torre-daprenentatge-trotta#breadcrumb\",\"itemListElement\":[{\"@type\":\"ListItem\",\"position\":1,\"name\":\"Inici\",\"item\":\"https:\/\/somllavors.com\/es\"},{\"@type\":\"ListItem\",\"position\":2,\"name\":\"Tienda\",\"item\":\"https:\/\/somllavors.com\/es\/botiga-2\"},{\"@type\":\"ListItem\",\"position\":3,\"name\":\"Torre d&#8217;aprenentatge Trotta\"}]},{\"@type\":\"WebSite\",\"@id\":\"https:\/\/somllavors.com\/es#website\",\"url\":\"https:\/\/somllavors.com\/es\",\"name\":\"Som Llavors\",\"description\":\"Botiga de crian\u00e7a natural\",\"publisher\":{\"@id\":\"https:\/\/somllavors.com\/es#organization\"},\"alternateName\":\"Crian\u00e7a Natural i Sostenible\",\"potentialAction\":[{\"@type\":\"SearchAction\",\"target\":{\"@type\":\"EntryPoint\",\"urlTemplate\":\"https:\/\/somllavors.com\/es?s={search_term_string}\"},\"query-input\":{\"@type\":\"PropertyValueSpecification\",\"valueRequired\":true,\"valueName\":\"search_term_string\"}}],\"inLanguage\":\"es\"},{\"@type\":[\"Organization\",\"Place\",\"Store\"],\"@id\":\"https:\/\/somllavors.com\/es#organization\",\"name\":\"Som Llavors\",\"alternateName\":\"Crian\u00e7a Natural i Sostenible\",\"url\":\"https:\/\/somllavors.com\/es\",\"logo\":{\"@id\":\"https:\/\/somllavors.com\/es\/producte\/torre-daprenentatge-trotta#local-main-organization-logo\"},\"image\":{\"@id\":\"https:\/\/somllavors.com\/es\/producte\/torre-daprenentatge-trotta#local-main-organization-logo\"},\"sameAs\":[\"https:\/\/www.facebook.com\/somllavorsvng\/?locale=ca_ES\",\"https:\/\/www.instagram.com\/somllavors_vng\/\",\"https:\/\/www.youtube.com\/@somllavors\"],\"address\":{\"@id\":\"https:\/\/somllavors.com\/es\/producte\/torre-daprenentatge-trotta#local-main-place-address\"},\"geo\":{\"@type\":\"GeoCoordinates\",\"latitude\":\"41.2257737\",\"longitude\":\"1.723258859\"},\"telephone\":[\"623152704\"],\"openingHoursSpecification\":[{\"@type\":\"OpeningHoursSpecification\",\"dayOfWeek\":[\"Monday\",\"Sunday\"],\"opens\":\"00:00\",\"closes\":\"00:00\"},{\"@type\":\"OpeningHoursSpecification\",\"dayOfWeek\":[\"Tuesday\",\"Wednesday\",\"Thursday\",\"Friday\"],\"opens\":\"10:00\",\"closes\":\"20:00\"},{\"@type\":\"OpeningHoursSpecification\",\"dayOfWeek\":[\"Saturday\"],\"opens\":\"10:00\",\"closes\":\"13:30\"}],\"email\":\"info@somllavors.com\"},{\"@type\":\"PostalAddress\",\"@id\":\"https:\/\/somllavors.com\/es\/producte\/torre-daprenentatge-trotta#local-main-place-address\",\"streetAddress\":\"Carrer de l'aigua, 6\",\"addressLocality\":\"Vilanova i la Geltr\u00fa\",\"postalCode\":\"08800\",\"addressRegion\":\"Barcelona\",\"addressCountry\":\"ES\"},{\"@type\":\"ImageObject\",\"inLanguage\":\"es\",\"@id\":\"https:\/\/somllavors.com\/es\/producte\/torre-daprenentatge-trotta#local-main-organization-logo\",\"url\":\"https:\/\/somllavors.com\/wp-content\/uploads\/Logotip-Som-Llavors.jpg\",\"contentUrl\":\"https:\/\/somllavors.com\/wp-content\/uploads\/Logotip-Som-Llavors.jpg\",\"width\":1444,\"height\":1323,\"caption\":\"Som Llavors\"}]}<\/script>\n<meta property=\"product:price:amount\" content=\"286.00\" \/>\n<meta property=\"product:price:currency\" content=\"EUR\" \/>\n<meta property=\"og:availability\" content=\"backorder\" \/>\n<meta property=\"product:availability\" content=\"available for order\" \/>\n<meta property=\"product:condition\" content=\"new\" \/>\n<meta name=\"geo.placename\" content=\"Vilanova i la Geltr\u00fa\" \/>\n<meta name=\"geo.position\" content=\"41.2257737;1.723258859\" \/>\n<meta name=\"geo.region\" content=\"Espa\u00f1a\" \/>\n<!-- \/ Yoast SEO Premium plugin. -->","yoast_head_json":{"title":"Torre d'aprenentatge Trotta &#8212; Som Llavors","description":"La torre d'aprenentatge evolutiva i transformable ser\u00e0 de gran ajuda els primers anys de vida de l'infant. A l'etapa de m\u00e9s inter\u00e8s i curiositat, els ajudar\u00e0 a assolir aquells llocs de dif\u00edcil acc\u00e9s com el marbre de la cuina o el lavabo, ajudant a l'infant a ser m\u00e9s aut\u00f2nom, seguint la filosofia Montessori.  &nbsp;","robots":{"index":"index","follow":"follow","max-snippet":"max-snippet:-1","max-image-preview":"max-image-preview:large","max-video-preview":"max-video-preview:-1"},"canonical":"https:\/\/somllavors.com\/es\/producte\/torre-daprenentatge-trotta","og_locale":"es_ES","og_type":"article","og_title":"Torre d'aprenentatge Trotta","og_description":"La teva botiga d\u2019ecocrian\u00e7a i espai d\u2019acompanyament a la maternitat","og_url":"https:\/\/somllavors.com\/es\/producte\/torre-daprenentatge-trotta","og_site_name":"Som Llavors","article_publisher":"https:\/\/www.facebook.com\/somllavorsvng\/?locale=ca_ES","article_modified_time":"2026-03-05T09:34:26+00:00","og_image":[{"width":950,"height":901,"url":"https:\/\/somllavors.com\/wp-content\/uploads\/Torre-aprendizaje-Trotta-Montessori-.jpeg","type":"image\/jpeg"}],"twitter_card":"summary_large_image","twitter_misc":{"Precio":"286,00&euro; Iva incl\u00f2s","Availability":"On backorder"},"schema":{"@context":"https:\/\/schema.org","@graph":[{"@type":"WebPage","@id":"https:\/\/somllavors.com\/es\/producte\/torre-daprenentatge-trotta","url":"https:\/\/somllavors.com\/es\/producte\/torre-daprenentatge-trotta","name":"Torre d'aprenentatge Trotta &#8212; Som Llavors","isPartOf":{"@id":"https:\/\/somllavors.com\/es#website"},"primaryImageOfPage":{"@id":"https:\/\/somllavors.com\/es\/producte\/torre-daprenentatge-trotta#primaryimage"},"image":{"@id":"https:\/\/somllavors.com\/es\/producte\/torre-daprenentatge-trotta#primaryimage"},"thumbnailUrl":"https:\/\/somllavors.com\/wp-content\/uploads\/Torre-aprendizaje-Trotta-Montessori-.jpeg","datePublished":"2022-05-22T11:18:38+00:00","dateModified":"2026-03-05T09:34:26+00:00","description":"La torre d'aprenentatge evolutiva i transformable ser\u00e0 de gran ajuda els primers anys de vida de l'infant. A l'etapa de m\u00e9s inter\u00e8s i curiositat, els ajudar\u00e0 a assolir aquells llocs de dif\u00edcil acc\u00e9s com el marbre de la cuina o el lavabo, ajudant a l'infant a ser m\u00e9s aut\u00f2nom, seguint la filosofia Montessori. &nbsp;","breadcrumb":{"@id":"https:\/\/somllavors.com\/es\/producte\/torre-daprenentatge-trotta#breadcrumb"},"inLanguage":"es","potentialAction":[{"@type":"ReadAction","target":["https:\/\/somllavors.com\/es\/producte\/torre-daprenentatge-trotta"]}]},{"@type":"ImageObject","inLanguage":"es","@id":"https:\/\/somllavors.com\/es\/producte\/torre-daprenentatge-trotta#primaryimage","url":"https:\/\/somllavors.com\/wp-content\/uploads\/Torre-aprendizaje-Trotta-Montessori-.jpeg","contentUrl":"https:\/\/somllavors.com\/wp-content\/uploads\/Torre-aprendizaje-Trotta-Montessori-.jpeg","width":950,"height":901,"caption":"evolutiva, crian\u00e7a natural i sostenible La torre de aprendizaje evolutiva y transformable TROTTA es un producto de la l\u00ednea Micussori, la familia Montessori de Micuna. Ser\u00e1 de gran ayuda en los primeros a\u00f1os de vida del ni\u00f1o. En la etapa de m\u00e1s inter\u00e9s y curiosidad, les ayudar\u00e1 a alcanzar aquellos lugares de dif\u00edcil acceso como el banco de la cocina o el aseo, ayudando al ni\u00f1o a ser m\u00e1s aut\u00f3nomo, siguiendo la filosof\u00eda Montessori. Cuenta con unas asas para su f\u00e1cil transporte y cuando deje de utilizarse como torre de aprendizaje, puede prolongarse su uso utiliz\u00e1ndolo como mueble de almacenaje. Sus acabados evitan que el ni\u00f1o pueda lastimarse, no lleva torniller\u00eda con la que pueda engancharse o tropezar. La torre de aprendizaje Trotta, tiene cuatro posiciones: 1- ESCALERA. En la primera posici\u00f3n, Trotta es una escalerita de tres pelda\u00f1os. El pelda\u00f1o inferior puede plegarse hacia el interior cuando no se necesite y ahorrar espacio en el hogar. 2- DOS POSICIONES. La segunda posici\u00f3n est\u00e1 pensada para acompa\u00f1ar al ni\u00f1o en su crecimiento. Gracias al novedoso sistema de gu\u00edas, se puede cambiar su funcionalidad mediante movimientos muy sencillos e intuitivos, y sin necesidad de utilizar herramientas. Con un simple deslizamiento, el pelda\u00f1o superior pasa a ser un pelda\u00f1o oculto, reduciendo la altura del alzador. 3- Tambi\u00e9n es un ASIENTO, colocando el pelda\u00f1o superior en su posici\u00f3n de respaldo. 4- APRENDIZAJE. Sus laterales contienen un divertido juego para que el ni\u00f1o descubra las letras, los n\u00fameros y las formas geom\u00e9tricas b\u00e1sicas, recorri\u00e9ndolas con su bola de trazado. Este sistema permitir\u00e1 que el ni\u00f1o tome el primer contacto con la escritura y el dibujo bajo su propio ritmo de aprendizaje. Dise\u00f1ada y fabricada en Espa\u00f1a. Fabricada con madera de pino con barnices no t\u00f3xicos. Todas nuestras maderas provienen de bosques gestionados de forma sostenible y desarrollamos nuestros dise\u00f1os, producci\u00f3n y distribuci\u00f3n bajo las premisas del eco-dise\u00f1o. Tenemos un gran compromiso con la fabricaci\u00f3n ecol\u00f3gica."},{"@type":"BreadcrumbList","@id":"https:\/\/somllavors.com\/es\/producte\/torre-daprenentatge-trotta#breadcrumb","itemListElement":[{"@type":"ListItem","position":1,"name":"Inici","item":"https:\/\/somllavors.com\/es"},{"@type":"ListItem","position":2,"name":"Tienda","item":"https:\/\/somllavors.com\/es\/botiga-2"},{"@type":"ListItem","position":3,"name":"Torre d&#8217;aprenentatge Trotta"}]},{"@type":"WebSite","@id":"https:\/\/somllavors.com\/es#website","url":"https:\/\/somllavors.com\/es","name":"Som Llavors","description":"Botiga de crian\u00e7a natural","publisher":{"@id":"https:\/\/somllavors.com\/es#organization"},"alternateName":"Crian\u00e7a Natural i Sostenible","potentialAction":[{"@type":"SearchAction","target":{"@type":"EntryPoint","urlTemplate":"https:\/\/somllavors.com\/es?s={search_term_string}"},"query-input":{"@type":"PropertyValueSpecification","valueRequired":true,"valueName":"search_term_string"}}],"inLanguage":"es"},{"@type":["Organization","Place","Store"],"@id":"https:\/\/somllavors.com\/es#organization","name":"Som Llavors","alternateName":"Crian\u00e7a Natural i Sostenible","url":"https:\/\/somllavors.com\/es","logo":{"@id":"https:\/\/somllavors.com\/es\/producte\/torre-daprenentatge-trotta#local-main-organization-logo"},"image":{"@id":"https:\/\/somllavors.com\/es\/producte\/torre-daprenentatge-trotta#local-main-organization-logo"},"sameAs":["https:\/\/www.facebook.com\/somllavorsvng\/?locale=ca_ES","https:\/\/www.instagram.com\/somllavors_vng\/","https:\/\/www.youtube.com\/@somllavors"],"address":{"@id":"https:\/\/somllavors.com\/es\/producte\/torre-daprenentatge-trotta#local-main-place-address"},"geo":{"@type":"GeoCoordinates","latitude":"41.2257737","longitude":"1.723258859"},"telephone":["623152704","623152704"],"openingHoursSpecification":[{"@type":"OpeningHoursSpecification","dayOfWeek":["Monday","Sunday"],"opens":"00:00","closes":"00:00"},{"@type":"OpeningHoursSpecification","dayOfWeek":["Tuesday","Wednesday","Thursday","Friday"],"opens":"10:00","closes":"20:00"},{"@type":"OpeningHoursSpecification","dayOfWeek":["Saturday"],"opens":"10:00","closes":"13:30"}],"email":"info@somllavors.com"},{"@type":"PostalAddress","@id":"https:\/\/somllavors.com\/es\/producte\/torre-daprenentatge-trotta#local-main-place-address","streetAddress":"Carrer de l'aigua, 6","addressLocality":"Vilanova i la Geltr\u00fa","postalCode":"08800","addressRegion":"Barcelona","addressCountry":"ES"},{"@type":"ImageObject","inLanguage":"es","@id":"https:\/\/somllavors.com\/es\/producte\/torre-daprenentatge-trotta#local-main-organization-logo","url":"https:\/\/somllavors.com\/wp-content\/uploads\/Logotip-Som-Llavors.jpg","contentUrl":"https:\/\/somllavors.com\/wp-content\/uploads\/Logotip-Som-Llavors.jpg","width":1444,"height":1323,"caption":"Som Llavors"}]},"product_price_amount":"286.00","product_price_currency":"EUR","og_availability":"backorder","product_availability":"available for order","product_condition":"new","geo.placename":"Vilanova i la Geltr\u00fa","geo.position":{"lat":"41.2257737","long":"1.723258859"},"geo.region":"Espa\u00f1a"},"brands":[],"_links":{"self":[{"href":"https:\/\/somllavors.com\/es\/wp-json\/wp\/v2\/product\/19324","targetHints":{"allow":["GET"]}}],"collection":[{"href":"https:\/\/somllavors.com\/es\/wp-json\/wp\/v2\/product"}],"about":[{"href":"https:\/\/somllavors.com\/es\/wp-json\/wp\/v2\/types\/product"}],"wp:featuredmedia":[{"embeddable":true,"href":"https:\/\/somllavors.com\/es\/wp-json\/wp\/v2\/media\/19331"}],"wp:attachment":[{"href":"https:\/\/somllavors.com\/es\/wp-json\/wp\/v2\/media?parent=19324"}],"wp:term":[{"taxonomy":"pwb-brand","embeddable":true,"href":"https:\/\/somllavors.com\/es\/wp-json\/wp\/v2\/pwb-brand?post=19324"},{"taxonomy":"product_brand","embeddable":true,"href":"https:\/\/somllavors.com\/es\/wp-json\/wp\/v2\/product_brand?post=19324"},{"taxonomy":"product_cat","embeddable":true,"href":"https:\/\/somllavors.com\/es\/wp-json\/wp\/v2\/product_cat?post=19324"},{"taxonomy":"product_tag","embeddable":true,"href":"https:\/\/somllavors.com\/es\/wp-json\/wp\/v2\/product_tag?post=19324"}],"curies":[{"name":"wp","href":"https:\/\/api.w.org\/{rel}","templated":true}]}}