{"id":19576,"date":"2022-06-01T15:35:09","date_gmt":"2022-06-01T13:35:09","guid":{"rendered":"https:\/\/somllavors.com\/?post_type=product&#038;p=19576"},"modified":"2026-04-16T21:14:58","modified_gmt":"2026-04-16T19:14:58","slug":"set-de-platja-i-jardi-silicona-liewood-dino","status":"publish","type":"product","link":"https:\/\/somllavors.com\/es\/producte\/set-de-platja-i-jardi-silicona-liewood-dino","title":{"rendered":"Set de platja i jard\u00ed silicona Dino &#8211; Liewood"},"content":{"rendered":"<ul>\n<li>Material: 100% silicona. Material resistent, suau i durador<\/li>\n<li>F\u00e0cil de netejar<\/li>\n<li>El set inclou: Galleda amb nansa, pala, rasclet, regadora i quatre motlles<\/li>\n<li>Marcat CE<\/li>\n<li>Dimensions:\n<ul>\n<li>Galleda: Per\u00edmetre: 15 cm. Al\u00e7ada: 14 cm.<\/li>\n<li>Pala: Amplada: 7 cm. Llargada: 23 cm.<\/li>\n<li>Rasclet: Amplada: 6,5 cm. Llargada: 17 cm.<\/li>\n<li>Regadora: Per\u00edmetre: 6,5 cm. Al\u00e7ada: 11 cm. Amplada: 18 cm Capacitat: 500 ml.<\/li>\n<li>Dinos: Amplada: 14-16 cm.<\/li>\n<\/ul>\n<\/li>\n<\/ul>\n","protected":false},"excerpt":{"rendered":"<p>El Set de platja i jard\u00ed garanteix hores de diversi\u00f3 i enforteix la motricitat fina del teu petit, ja sigui al jard\u00ed, a la platja o a la piscina, i \u00e9s ideal per portar-lo de vacances.<\/p>\n","protected":false},"featured_media":19578,"template":"","meta":{"_acf_changed":false,"site-sidebar-layout":"default","site-content-layout":"default","ast-site-content-layout":"default","site-content-style":"default","site-sidebar-style":"default","ast-global-header-display":"","ast-banner-title-visibility":"","ast-main-header-display":"","ast-hfb-above-header-display":"","ast-hfb-below-header-display":"","ast-hfb-mobile-header-display":"","site-post-title":"","ast-breadcrumbs-content":"","ast-featured-img":"","footer-sml-layout":"","ast-disable-related-posts":"","theme-transparent-header-meta":"default","adv-header-id-meta":"","stick-header-meta":"","header-above-stick-meta":"","header-main-stick-meta":"","header-below-stick-meta":"","astra-migrate-meta-layouts":"set","ast-page-background-enabled":"default","ast-page-background-meta":{"desktop":{"background-color":"","background-image":"","background-repeat":"repeat","background-position":"center center","background-size":"auto","background-attachment":"scroll","background-type":"","background-media":"","overlay-type":"","overlay-color":"","overlay-opacity":"","overlay-gradient":""},"tablet":{"background-color":"","background-image":"","background-repeat":"repeat","background-position":"center center","background-size":"auto","background-attachment":"scroll","background-type":"","background-media":"","overlay-type":"","overlay-color":"","overlay-opacity":"","overlay-gradient":""},"mobile":{"background-color":"","background-image":"","background-repeat":"repeat","background-position":"center center","background-size":"auto","background-attachment":"scroll","background-type":"","background-media":"","overlay-type":"","overlay-color":"","overlay-opacity":"","overlay-gradient":""}},"ast-content-background-meta":{"desktop":{"background-color":"var(--ast-global-color-5)","background-image":"","background-repeat":"repeat","background-position":"center center","background-size":"auto","background-attachment":"scroll","background-type":"","background-media":"","overlay-type":"","overlay-color":"","overlay-opacity":"","overlay-gradient":""},"tablet":{"background-color":"var(--ast-global-color-5)","background-image":"","background-repeat":"repeat","background-position":"center center","background-size":"auto","background-attachment":"scroll","background-type":"","background-media":"","overlay-type":"","overlay-color":"","overlay-opacity":"","overlay-gradient":""},"mobile":{"background-color":"var(--ast-global-color-5)","background-image":"","background-repeat":"repeat","background-position":"center center","background-size":"auto","background-attachment":"scroll","background-type":"","background-media":"","overlay-type":"","overlay-color":"","overlay-opacity":"","overlay-gradient":""}}},"pwb-brand":[4103],"product_brand":[],"product_cat":[3361,3362,3363,3364,3365,3366,1677,1107,1983],"product_tag":[1985,1998,130],"class_list":{"0":"post-19576","1":"product","2":"type-product","3":"status-publish","4":"has-post-thumbnail","6":"pwb-brand-liewood","7":"product_cat-18-mesos","8":"product_cat-2-anys","9":"product_cat-3-anys","10":"product_cat-4-anys","11":"product_cat-6-anys","12":"product_cat-8-anys","13":"product_cat-benvingut-estiu","14":"product_cat-jocs-dexterior","15":"product_cat-liewood","16":"product_tag-liewood","17":"product_tag-set-playa","18":"product_tag-silicona","19":"desktop-align-left","20":"tablet-align-left","21":"mobile-align-left","23":"first","24":"instock","25":"taxable","26":"shipping-taxable","27":"purchasable","28":"product-type-simple"},"acf":[],"yoast_head":"<!-- This site is optimized with the Yoast SEO Premium plugin v18.3 (Yoast SEO v27.4) - https:\/\/yoast.com\/product\/yoast-seo-premium-wordpress\/ -->\n<title>Set de platja i jard\u00ed silicona Dino - Liewood &#8212; Som Llavors<\/title>\n<meta name=\"description\" content=\"El Set de platja i jard\u00ed garanteix hores de diversi\u00f3 i enforteix la motricitat fina del teu petit, ja sigui al jard\u00ed, a la platja o a la piscina, i \u00e9s ideal per portar-lo de vacances.\" \/>\n<meta name=\"robots\" content=\"index, follow, max-snippet:-1, max-image-preview:large, max-video-preview:-1\" \/>\n<link rel=\"canonical\" href=\"https:\/\/somllavors.com\/es\/producte\/set-de-platja-i-jardi-silicona-liewood-dino\" \/>\n<meta property=\"og:locale\" content=\"es_ES\" \/>\n<meta property=\"og:type\" content=\"article\" \/>\n<meta property=\"og:title\" content=\"Set de platja i jard\u00ed silicona Dino - Liewood\" \/>\n<meta property=\"og:description\" content=\"La teva botiga d\u2019ecocrian\u00e7a i espai d\u2019acompanyament a la maternitat\" \/>\n<meta property=\"og:url\" content=\"https:\/\/somllavors.com\/es\/producte\/set-de-platja-i-jardi-silicona-liewood-dino\" \/>\n<meta property=\"og:site_name\" content=\"Som Llavors\" \/>\n<meta property=\"article:publisher\" content=\"https:\/\/www.facebook.com\/somllavorsvng\/?locale=ca_ES\" \/>\n<meta property=\"article:modified_time\" content=\"2026-04-16T19:14:58+00:00\" \/>\n<meta property=\"og:image\" content=\"https:\/\/somllavors.com\/wp-content\/uploads\/Florence_Beach_Garden_Set-Toys-LW14526-0240_Dino_mix_1200x1200.webp\" \/>\n\t<meta property=\"og:image:width\" content=\"1200\" \/>\n\t<meta property=\"og:image:height\" content=\"1200\" \/>\n\t<meta property=\"og:image:type\" content=\"image\/webp\" \/>\n<meta name=\"twitter:card\" content=\"summary_large_image\" \/>\n<meta name=\"twitter:label1\" content=\"Precio\" \/>\n\t<meta name=\"twitter:data1\" content=\"67,00&euro; Iva incl\u00f2s\" \/>\n\t<meta name=\"twitter:label2\" content=\"Availability\" \/>\n\t<meta name=\"twitter:data2\" content=\"Hay existencias\" \/>\n<script type=\"application\/ld+json\" class=\"yoast-schema-graph\">{\"@context\":\"https:\\\/\\\/schema.org\",\"@graph\":[{\"@type\":\"WebPage\",\"@id\":\"https:\\\/\\\/somllavors.com\\\/es\\\/producte\\\/set-de-platja-i-jardi-silicona-liewood-dino\",\"url\":\"https:\\\/\\\/somllavors.com\\\/es\\\/producte\\\/set-de-platja-i-jardi-silicona-liewood-dino\",\"name\":\"Set de platja i jard\u00ed silicona Dino - Liewood &#8212; Som Llavors\",\"isPartOf\":{\"@id\":\"https:\\\/\\\/somllavors.com\\\/es#website\"},\"primaryImageOfPage\":{\"@id\":\"https:\\\/\\\/somllavors.com\\\/es\\\/producte\\\/set-de-platja-i-jardi-silicona-liewood-dino#primaryimage\"},\"image\":{\"@id\":\"https:\\\/\\\/somllavors.com\\\/es\\\/producte\\\/set-de-platja-i-jardi-silicona-liewood-dino#primaryimage\"},\"thumbnailUrl\":\"https:\\\/\\\/somllavors.com\\\/wp-content\\\/uploads\\\/Florence_Beach_Garden_Set-Toys-LW14526-0240_Dino_mix_1200x1200.webp\",\"datePublished\":\"2022-06-01T13:35:09+00:00\",\"dateModified\":\"2026-04-16T19:14:58+00:00\",\"description\":\"El Set de platja i jard\u00ed garanteix hores de diversi\u00f3 i enforteix la motricitat fina del teu petit, ja sigui al jard\u00ed, a la platja o a la piscina, i \u00e9s ideal per portar-lo de vacances.\",\"breadcrumb\":{\"@id\":\"https:\\\/\\\/somllavors.com\\\/es\\\/producte\\\/set-de-platja-i-jardi-silicona-liewood-dino#breadcrumb\"},\"inLanguage\":\"es\",\"potentialAction\":[{\"@type\":\"ReadAction\",\"target\":[\"https:\\\/\\\/somllavors.com\\\/es\\\/producte\\\/set-de-platja-i-jardi-silicona-liewood-dino\"]}]},{\"@type\":\"ImageObject\",\"inLanguage\":\"es\",\"@id\":\"https:\\\/\\\/somllavors.com\\\/es\\\/producte\\\/set-de-platja-i-jardi-silicona-liewood-dino#primaryimage\",\"url\":\"https:\\\/\\\/somllavors.com\\\/wp-content\\\/uploads\\\/Florence_Beach_Garden_Set-Toys-LW14526-0240_Dino_mix_1200x1200.webp\",\"contentUrl\":\"https:\\\/\\\/somllavors.com\\\/wp-content\\\/uploads\\\/Florence_Beach_Garden_Set-Toys-LW14526-0240_Dino_mix_1200x1200.webp\",\"width\":1200,\"height\":1200,\"caption\":\"CHILDREN\u2019S SILICONE BEACH AND GARDEN SET The Florence Beach and Garden Set guarantees hours of fun and strengthens your little one\u2019s fine motor skills whether in the garden, at the beach or the pool and is ideal to bring along on holidays. ABOUT \u2022 Material: 100% silicone \u2022 Durable, soft and long-lasting material \u2022 Easy to clean \u2022 The set includes: Bucket with handle, shovel, rake, watering can and four moulds \u2022 CE marked DETAILS Dimensions: Bucket: D 15 cm H 14 cm Shovel: W 7 cm L 23 cm Rake: W 6.5 cm L 17 cm Watering can: D 6.5 cm H 11 cm W 18 cm C 500 ml Dino \\\/ Rose and Faune Green: W 14 cm D 2.5 cm Dino \\\/ Blue Wave: W 16 cm D 2.5 cm Dino \\\/ Mustard: W 13 cm D 2.5 cm\"},{\"@type\":\"BreadcrumbList\",\"@id\":\"https:\\\/\\\/somllavors.com\\\/es\\\/producte\\\/set-de-platja-i-jardi-silicona-liewood-dino#breadcrumb\",\"itemListElement\":[{\"@type\":\"ListItem\",\"position\":1,\"name\":\"Inici\",\"item\":\"https:\\\/\\\/somllavors.com\\\/es\"},{\"@type\":\"ListItem\",\"position\":2,\"name\":\"Tienda\",\"item\":\"https:\\\/\\\/somllavors.com\\\/es\\\/botiga-2\"},{\"@type\":\"ListItem\",\"position\":3,\"name\":\"Set de platja i jard\u00ed silicona Dino &#8211; Liewood\"}]},{\"@type\":\"WebSite\",\"@id\":\"https:\\\/\\\/somllavors.com\\\/es#website\",\"url\":\"https:\\\/\\\/somllavors.com\\\/es\",\"name\":\"Som Llavors\",\"description\":\"Botiga de crian\u00e7a natural\",\"publisher\":{\"@id\":\"https:\\\/\\\/somllavors.com\\\/es#organization\"},\"alternateName\":\"Crian\u00e7a Natural i Sostenible\",\"potentialAction\":[{\"@type\":\"SearchAction\",\"target\":{\"@type\":\"EntryPoint\",\"urlTemplate\":\"https:\\\/\\\/somllavors.com\\\/es?s={search_term_string}\"},\"query-input\":{\"@type\":\"PropertyValueSpecification\",\"valueRequired\":true,\"valueName\":\"search_term_string\"}}],\"inLanguage\":\"es\"},{\"@type\":[\"Organization\",\"Place\",\"Store\"],\"@id\":\"https:\\\/\\\/somllavors.com\\\/es#organization\",\"name\":\"Som Llavors\",\"alternateName\":\"Crian\u00e7a Natural i Sostenible\",\"url\":\"https:\\\/\\\/somllavors.com\\\/es\",\"logo\":{\"@id\":\"https:\\\/\\\/somllavors.com\\\/es\\\/producte\\\/set-de-platja-i-jardi-silicona-liewood-dino#local-main-organization-logo\"},\"image\":{\"@id\":\"https:\\\/\\\/somllavors.com\\\/es\\\/producte\\\/set-de-platja-i-jardi-silicona-liewood-dino#local-main-organization-logo\"},\"sameAs\":[\"https:\\\/\\\/www.facebook.com\\\/somllavorsvng\\\/?locale=ca_ES\",\"https:\\\/\\\/www.instagram.com\\\/somllavors_vng\\\/\",\"https:\\\/\\\/www.youtube.com\\\/@somllavors\"],\"address\":{\"@id\":\"https:\\\/\\\/somllavors.com\\\/es\\\/producte\\\/set-de-platja-i-jardi-silicona-liewood-dino#local-main-place-address\"},\"geo\":{\"@type\":\"GeoCoordinates\",\"latitude\":\"41.2257737\",\"longitude\":\"1.723258859\"},\"telephone\":[\"623152704\"],\"openingHoursSpecification\":[{\"@type\":\"OpeningHoursSpecification\",\"dayOfWeek\":[\"Monday\",\"Sunday\"],\"opens\":\"00:00\",\"closes\":\"00:00\"},{\"@type\":\"OpeningHoursSpecification\",\"dayOfWeek\":[\"Tuesday\",\"Wednesday\",\"Thursday\",\"Friday\"],\"opens\":\"10:00\",\"closes\":\"20:00\"},{\"@type\":\"OpeningHoursSpecification\",\"dayOfWeek\":[\"Saturday\"],\"opens\":\"10:00\",\"closes\":\"13:30\"}],\"email\":\"info@somllavors.com\"},{\"@type\":\"PostalAddress\",\"@id\":\"https:\\\/\\\/somllavors.com\\\/es\\\/producte\\\/set-de-platja-i-jardi-silicona-liewood-dino#local-main-place-address\",\"streetAddress\":\"Carrer de l'aigua, 6\",\"addressLocality\":\"Vilanova i la Geltr\u00fa\",\"postalCode\":\"08800\",\"addressRegion\":\"Barcelona\",\"addressCountry\":\"ES\"},{\"@type\":\"ImageObject\",\"inLanguage\":\"es\",\"@id\":\"https:\\\/\\\/somllavors.com\\\/es\\\/producte\\\/set-de-platja-i-jardi-silicona-liewood-dino#local-main-organization-logo\",\"url\":\"https:\\\/\\\/somllavors.com\\\/wp-content\\\/uploads\\\/Logotip-Som-Llavors.jpg\",\"contentUrl\":\"https:\\\/\\\/somllavors.com\\\/wp-content\\\/uploads\\\/Logotip-Som-Llavors.jpg\",\"width\":1444,\"height\":1323,\"caption\":\"Som Llavors\"}]}<\/script>\n<meta property=\"product:price:amount\" content=\"67.00\" \/>\n<meta property=\"product:price:currency\" content=\"EUR\" \/>\n<meta property=\"og:availability\" content=\"instock\" \/>\n<meta property=\"product:availability\" content=\"instock\" \/>\n<meta property=\"product:retailer_item_id\" content=\"LW14526\" \/>\n<meta property=\"product:condition\" content=\"new\" \/>\n<meta name=\"geo.placename\" content=\"Vilanova i la Geltr\u00fa\" \/>\n<meta name=\"geo.position\" content=\"41.2257737;1.723258859\" \/>\n<meta name=\"geo.region\" content=\"Espa\u00f1a\" \/>\n<!-- \/ Yoast SEO Premium plugin. -->","yoast_head_json":{"title":"Set de platja i jard\u00ed silicona Dino - Liewood &#8212; Som Llavors","description":"El Set de platja i jard\u00ed garanteix hores de diversi\u00f3 i enforteix la motricitat fina del teu petit, ja sigui al jard\u00ed, a la platja o a la piscina, i \u00e9s ideal per portar-lo de vacances.","robots":{"index":"index","follow":"follow","max-snippet":"max-snippet:-1","max-image-preview":"max-image-preview:large","max-video-preview":"max-video-preview:-1"},"canonical":"https:\/\/somllavors.com\/es\/producte\/set-de-platja-i-jardi-silicona-liewood-dino","og_locale":"es_ES","og_type":"article","og_title":"Set de platja i jard\u00ed silicona Dino - Liewood","og_description":"La teva botiga d\u2019ecocrian\u00e7a i espai d\u2019acompanyament a la maternitat","og_url":"https:\/\/somllavors.com\/es\/producte\/set-de-platja-i-jardi-silicona-liewood-dino","og_site_name":"Som Llavors","article_publisher":"https:\/\/www.facebook.com\/somllavorsvng\/?locale=ca_ES","article_modified_time":"2026-04-16T19:14:58+00:00","og_image":[{"width":1200,"height":1200,"url":"https:\/\/somllavors.com\/wp-content\/uploads\/Florence_Beach_Garden_Set-Toys-LW14526-0240_Dino_mix_1200x1200.webp","type":"image\/webp"}],"twitter_card":"summary_large_image","twitter_misc":{"Precio":"67,00&euro; Iva incl\u00f2s","Availability":"Hay existencias"},"schema":{"@context":"https:\/\/schema.org","@graph":[{"@type":"WebPage","@id":"https:\/\/somllavors.com\/es\/producte\/set-de-platja-i-jardi-silicona-liewood-dino","url":"https:\/\/somllavors.com\/es\/producte\/set-de-platja-i-jardi-silicona-liewood-dino","name":"Set de platja i jard\u00ed silicona Dino - Liewood &#8212; Som Llavors","isPartOf":{"@id":"https:\/\/somllavors.com\/es#website"},"primaryImageOfPage":{"@id":"https:\/\/somllavors.com\/es\/producte\/set-de-platja-i-jardi-silicona-liewood-dino#primaryimage"},"image":{"@id":"https:\/\/somllavors.com\/es\/producte\/set-de-platja-i-jardi-silicona-liewood-dino#primaryimage"},"thumbnailUrl":"https:\/\/somllavors.com\/wp-content\/uploads\/Florence_Beach_Garden_Set-Toys-LW14526-0240_Dino_mix_1200x1200.webp","datePublished":"2022-06-01T13:35:09+00:00","dateModified":"2026-04-16T19:14:58+00:00","description":"El Set de platja i jard\u00ed garanteix hores de diversi\u00f3 i enforteix la motricitat fina del teu petit, ja sigui al jard\u00ed, a la platja o a la piscina, i \u00e9s ideal per portar-lo de vacances.","breadcrumb":{"@id":"https:\/\/somllavors.com\/es\/producte\/set-de-platja-i-jardi-silicona-liewood-dino#breadcrumb"},"inLanguage":"es","potentialAction":[{"@type":"ReadAction","target":["https:\/\/somllavors.com\/es\/producte\/set-de-platja-i-jardi-silicona-liewood-dino"]}]},{"@type":"ImageObject","inLanguage":"es","@id":"https:\/\/somllavors.com\/es\/producte\/set-de-platja-i-jardi-silicona-liewood-dino#primaryimage","url":"https:\/\/somllavors.com\/wp-content\/uploads\/Florence_Beach_Garden_Set-Toys-LW14526-0240_Dino_mix_1200x1200.webp","contentUrl":"https:\/\/somllavors.com\/wp-content\/uploads\/Florence_Beach_Garden_Set-Toys-LW14526-0240_Dino_mix_1200x1200.webp","width":1200,"height":1200,"caption":"CHILDREN\u2019S SILICONE BEACH AND GARDEN SET The Florence Beach and Garden Set guarantees hours of fun and strengthens your little one\u2019s fine motor skills whether in the garden, at the beach or the pool and is ideal to bring along on holidays. ABOUT \u2022 Material: 100% silicone \u2022 Durable, soft and long-lasting material \u2022 Easy to clean \u2022 The set includes: Bucket with handle, shovel, rake, watering can and four moulds \u2022 CE marked DETAILS Dimensions: Bucket: D 15 cm H 14 cm Shovel: W 7 cm L 23 cm Rake: W 6.5 cm L 17 cm Watering can: D 6.5 cm H 11 cm W 18 cm C 500 ml Dino \/ Rose and Faune Green: W 14 cm D 2.5 cm Dino \/ Blue Wave: W 16 cm D 2.5 cm Dino \/ Mustard: W 13 cm D 2.5 cm"},{"@type":"BreadcrumbList","@id":"https:\/\/somllavors.com\/es\/producte\/set-de-platja-i-jardi-silicona-liewood-dino#breadcrumb","itemListElement":[{"@type":"ListItem","position":1,"name":"Inici","item":"https:\/\/somllavors.com\/es"},{"@type":"ListItem","position":2,"name":"Tienda","item":"https:\/\/somllavors.com\/es\/botiga-2"},{"@type":"ListItem","position":3,"name":"Set de platja i jard\u00ed silicona Dino &#8211; Liewood"}]},{"@type":"WebSite","@id":"https:\/\/somllavors.com\/es#website","url":"https:\/\/somllavors.com\/es","name":"Som Llavors","description":"Botiga de crian\u00e7a natural","publisher":{"@id":"https:\/\/somllavors.com\/es#organization"},"alternateName":"Crian\u00e7a Natural i Sostenible","potentialAction":[{"@type":"SearchAction","target":{"@type":"EntryPoint","urlTemplate":"https:\/\/somllavors.com\/es?s={search_term_string}"},"query-input":{"@type":"PropertyValueSpecification","valueRequired":true,"valueName":"search_term_string"}}],"inLanguage":"es"},{"@type":["Organization","Place","Store"],"@id":"https:\/\/somllavors.com\/es#organization","name":"Som Llavors","alternateName":"Crian\u00e7a Natural i Sostenible","url":"https:\/\/somllavors.com\/es","logo":{"@id":"https:\/\/somllavors.com\/es\/producte\/set-de-platja-i-jardi-silicona-liewood-dino#local-main-organization-logo"},"image":{"@id":"https:\/\/somllavors.com\/es\/producte\/set-de-platja-i-jardi-silicona-liewood-dino#local-main-organization-logo"},"sameAs":["https:\/\/www.facebook.com\/somllavorsvng\/?locale=ca_ES","https:\/\/www.instagram.com\/somllavors_vng\/","https:\/\/www.youtube.com\/@somllavors"],"address":{"@id":"https:\/\/somllavors.com\/es\/producte\/set-de-platja-i-jardi-silicona-liewood-dino#local-main-place-address"},"geo":{"@type":"GeoCoordinates","latitude":"41.2257737","longitude":"1.723258859"},"telephone":["623152704","623152704"],"openingHoursSpecification":[{"@type":"OpeningHoursSpecification","dayOfWeek":["Monday","Sunday"],"opens":"00:00","closes":"00:00"},{"@type":"OpeningHoursSpecification","dayOfWeek":["Tuesday","Wednesday","Thursday","Friday"],"opens":"10:00","closes":"20:00"},{"@type":"OpeningHoursSpecification","dayOfWeek":["Saturday"],"opens":"10:00","closes":"13:30"}],"email":"info@somllavors.com"},{"@type":"PostalAddress","@id":"https:\/\/somllavors.com\/es\/producte\/set-de-platja-i-jardi-silicona-liewood-dino#local-main-place-address","streetAddress":"Carrer de l'aigua, 6","addressLocality":"Vilanova i la Geltr\u00fa","postalCode":"08800","addressRegion":"Barcelona","addressCountry":"ES"},{"@type":"ImageObject","inLanguage":"es","@id":"https:\/\/somllavors.com\/es\/producte\/set-de-platja-i-jardi-silicona-liewood-dino#local-main-organization-logo","url":"https:\/\/somllavors.com\/wp-content\/uploads\/Logotip-Som-Llavors.jpg","contentUrl":"https:\/\/somllavors.com\/wp-content\/uploads\/Logotip-Som-Llavors.jpg","width":1444,"height":1323,"caption":"Som Llavors"}]},"product_price_amount":"67.00","product_price_currency":"EUR","og_availability":"instock","product_availability":"instock","product_retailer_item_id":"LW14526","product_condition":"new","geo.placename":"Vilanova i la Geltr\u00fa","geo.position":{"lat":"41.2257737","long":"1.723258859"},"geo.region":"Espa\u00f1a"},"brands":[{"id":4103,"name":"Liewood","slug":"liewood"}],"_links":{"self":[{"href":"https:\/\/somllavors.com\/es\/wp-json\/wp\/v2\/product\/19576","targetHints":{"allow":["GET"]}}],"collection":[{"href":"https:\/\/somllavors.com\/es\/wp-json\/wp\/v2\/product"}],"about":[{"href":"https:\/\/somllavors.com\/es\/wp-json\/wp\/v2\/types\/product"}],"wp:featuredmedia":[{"embeddable":true,"href":"https:\/\/somllavors.com\/es\/wp-json\/wp\/v2\/media\/19578"}],"wp:attachment":[{"href":"https:\/\/somllavors.com\/es\/wp-json\/wp\/v2\/media?parent=19576"}],"wp:term":[{"taxonomy":"pwb-brand","embeddable":true,"href":"https:\/\/somllavors.com\/es\/wp-json\/wp\/v2\/pwb-brand?post=19576"},{"taxonomy":"product_brand","embeddable":true,"href":"https:\/\/somllavors.com\/es\/wp-json\/wp\/v2\/product_brand?post=19576"},{"taxonomy":"product_cat","embeddable":true,"href":"https:\/\/somllavors.com\/es\/wp-json\/wp\/v2\/product_cat?post=19576"},{"taxonomy":"product_tag","embeddable":true,"href":"https:\/\/somllavors.com\/es\/wp-json\/wp\/v2\/product_tag?post=19576"}],"curies":[{"name":"wp","href":"https:\/\/api.w.org\/{rel}","templated":true}]}}