{"id":19781,"date":"2022-06-13T18:03:34","date_gmt":"2022-06-13T16:03:34","guid":{"rendered":"https:\/\/somllavors.com\/?post_type=product&#038;p=19781"},"modified":"2024-02-28T18:56:10","modified_gmt":"2024-02-28T17:56:10","slug":"pack-pop-in-recent-nascut","status":"publish","type":"product","link":"https:\/\/somllavors.com\/es\/producte\/pack-pop-in-recent-nascut","title":{"rendered":"Pack bolquers de tela recent nascut &#8211; Pop In"},"content":{"rendered":"<ul>\n<li>Bolquers de tela per a nadons Pop-in, tot en dos amb una forma contornejada per col\u00b7locar sota el cord\u00f3 umbilical.<\/li>\n<li>Cobertor suau i impermeable, alhora transpirable. El seu interior est\u00e0 dissenyat poder ser netejat i assecat r\u00e0pidament. El cobertor de bolquer rentable pop-in es pot tornar a utilitzar si no est\u00e0 brut.<\/li>\n<li>Absorbent f\u00e0cilment desmuntable, s&#8217;uneix al cobertor mitjan\u00e7ant un <em>snap<\/em> pla de viscosa de bamb\u00fa i poli\u00e8ster, suau i poc volumin\u00f3s. El bamb\u00fa \u00e9s antibacteri\u00e0, biodegradable, permet que respiri la pell.<\/li>\n<li>\u00c0mplies barreres antiescapament a les cames, tamb\u00e9 a l&#8217;esquena per evitar buits i fuites quan el nad\u00f3 es mou.<\/li>\n<li>Rentat i Cura: Rentat de bolquers de tela a la rentadora, no deixar en remull, no fer servir agents qu\u00edmics, no fer servir suavitzant. Absorbent: es pot ficar ocasionalment a l&#8217;assecadora, temperatura m\u00e0xima 60\u00ba.<\/li>\n<\/ul>\n","protected":false},"excerpt":{"rendered":"<p>Aquests bolquers\u00a0s&#8217;han fabricat utilitzant un nou material de baix impacte mediambiental, el RPET (poli\u00e8ster reciclat d&#8217;ampolles de pl\u00e0stic). Cont\u00e9 6 cobertors i 10 absorbents de bamb\u00fa Pop-in nounat. \u00c9s un bolquer de tela rentable a prova de fuites gr\u00e0cies a la seva generosa barrera antiescapament i ajustament perfecte.<\/p>\n","protected":false},"featured_media":19784,"template":"","meta":{"_acf_changed":false,"site-sidebar-layout":"default","site-content-layout":"default","ast-site-content-layout":"default","site-content-style":"default","site-sidebar-style":"default","ast-global-header-display":"","ast-banner-title-visibility":"","ast-main-header-display":"","ast-hfb-above-header-display":"","ast-hfb-below-header-display":"","ast-hfb-mobile-header-display":"","site-post-title":"","ast-breadcrumbs-content":"","ast-featured-img":"","footer-sml-layout":"","theme-transparent-header-meta":"default","adv-header-id-meta":"","stick-header-meta":"","header-above-stick-meta":"","header-main-stick-meta":"","header-below-stick-meta":"","astra-migrate-meta-layouts":"default","ast-page-background-enabled":"default","ast-page-background-meta":{"desktop":{"background-color":"","background-image":"","background-repeat":"repeat","background-position":"center center","background-size":"auto","background-attachment":"scroll","background-type":"","background-media":"","overlay-type":"","overlay-color":"","overlay-opacity":"","overlay-gradient":""},"tablet":{"background-color":"","background-image":"","background-repeat":"repeat","background-position":"center center","background-size":"auto","background-attachment":"scroll","background-type":"","background-media":"","overlay-type":"","overlay-color":"","overlay-opacity":"","overlay-gradient":""},"mobile":{"background-color":"","background-image":"","background-repeat":"repeat","background-position":"center center","background-size":"auto","background-attachment":"scroll","background-type":"","background-media":"","overlay-type":"","overlay-color":"","overlay-opacity":"","overlay-gradient":""}},"ast-content-background-meta":{"desktop":{"background-color":"var(--ast-global-color-5)","background-image":"","background-repeat":"repeat","background-position":"center center","background-size":"auto","background-attachment":"scroll","background-type":"","background-media":"","overlay-type":"","overlay-color":"","overlay-opacity":"","overlay-gradient":""},"tablet":{"background-color":"var(--ast-global-color-5)","background-image":"","background-repeat":"repeat","background-position":"center center","background-size":"auto","background-attachment":"scroll","background-type":"","background-media":"","overlay-type":"","overlay-color":"","overlay-opacity":"","overlay-gradient":""},"mobile":{"background-color":"var(--ast-global-color-5)","background-image":"","background-repeat":"repeat","background-position":"center center","background-size":"auto","background-attachment":"scroll","background-type":"","background-media":"","overlay-type":"","overlay-color":"","overlay-opacity":"","overlay-gradient":""}}},"pwb-brand":[4129],"product_brand":[],"product_cat":[390,389,388],"product_tag":[],"class_list":{"0":"post-19781","1":"product","2":"type-product","3":"status-publish","4":"has-post-thumbnail","6":"pwb-brand-close-parent","7":"product_cat-absorbents","8":"product_cat-cobertors","9":"product_cat-tot-en-dos","10":"desktop-align-left","11":"tablet-align-left","12":"mobile-align-left","14":"first","15":"outofstock","16":"taxable","17":"shipping-taxable","18":"purchasable","19":"product-type-simple"},"acf":[],"yoast_head":"<!-- This site is optimized with the Yoast SEO Premium plugin v18.3 (Yoast SEO v26.2) - https:\/\/yoast.com\/wordpress\/plugins\/seo\/ -->\n<title>Pack bolquers de tela recent nascut - Pop In &#8212; Som Llavors<\/title>\n<meta name=\"description\" content=\"Aquests bolquers\u00a0s&#039;han fabricat utilitzant un nou material de baix impacte mediambiental, el RPET (poli\u00e8ster reciclat d&#039;ampolles de pl\u00e0stic). Cont\u00e9 6 cobertors i 10 absorbents de bamb\u00fa Pop-in nounat. \u00c9s un bolquer de tela rentable a prova de fuites gr\u00e0cies a la seva generosa barrera antiescapament i ajustament perfecte.\" \/>\n<meta name=\"robots\" content=\"index, follow, max-snippet:-1, max-image-preview:large, max-video-preview:-1\" \/>\n<link rel=\"canonical\" href=\"https:\/\/somllavors.com\/es\/producte\/pack-pop-in-recent-nascut\" \/>\n<meta property=\"og:locale\" content=\"es_ES\" \/>\n<meta property=\"og:type\" content=\"article\" \/>\n<meta property=\"og:title\" content=\"Pack bolquers de tela recent nascut - Pop In\" \/>\n<meta property=\"og:description\" content=\"La teva botiga d\u2019ecocrian\u00e7a i espai d\u2019acompanyament a la maternitat\" \/>\n<meta property=\"og:url\" content=\"https:\/\/somllavors.com\/es\/producte\/pack-pop-in-recent-nascut\" \/>\n<meta property=\"og:site_name\" content=\"Som Llavors\" \/>\n<meta property=\"article:publisher\" content=\"https:\/\/www.facebook.com\/somllavorsvng\/?locale=ca_ES\" \/>\n<meta property=\"article:modified_time\" content=\"2024-02-28T17:56:10+00:00\" \/>\n<meta property=\"og:image\" content=\"https:\/\/somllavors.com\/wp-content\/uploads\/pack-pop-in-recien-nacido-2020.jpg\" \/>\n\t<meta property=\"og:image:width\" content=\"1200\" \/>\n\t<meta property=\"og:image:height\" content=\"1372\" \/>\n\t<meta property=\"og:image:type\" content=\"image\/jpeg\" \/>\n<meta name=\"twitter:card\" content=\"summary_large_image\" \/>\n<meta name=\"twitter:label1\" content=\"Precio\" \/>\n\t<meta name=\"twitter:data1\" content=\"70,15&euro; Iva incl\u00f2s\" \/>\n\t<meta name=\"twitter:label2\" content=\"Availability\" \/>\n\t<meta name=\"twitter:data2\" content=\"Out of stock\" \/>\n<script type=\"application\/ld+json\" class=\"yoast-schema-graph\">{\"@context\":\"https:\/\/schema.org\",\"@graph\":[{\"@type\":\"WebPage\",\"@id\":\"https:\/\/somllavors.com\/es\/producte\/pack-pop-in-recent-nascut\",\"url\":\"https:\/\/somllavors.com\/es\/producte\/pack-pop-in-recent-nascut\",\"name\":\"Pack bolquers de tela recent nascut - Pop In &#8212; Som Llavors\",\"isPartOf\":{\"@id\":\"https:\/\/somllavors.com\/es#website\"},\"primaryImageOfPage\":{\"@id\":\"https:\/\/somllavors.com\/es\/producte\/pack-pop-in-recent-nascut#primaryimage\"},\"image\":{\"@id\":\"https:\/\/somllavors.com\/es\/producte\/pack-pop-in-recent-nascut#primaryimage\"},\"thumbnailUrl\":\"https:\/\/somllavors.com\/wp-content\/uploads\/pack-pop-in-recien-nacido-2020.jpg\",\"datePublished\":\"2022-06-13T16:03:34+00:00\",\"dateModified\":\"2024-02-28T17:56:10+00:00\",\"description\":\"Aquests bolquers\u00a0s'han fabricat utilitzant un nou material de baix impacte mediambiental, el RPET (poli\u00e8ster reciclat d'ampolles de pl\u00e0stic). Cont\u00e9 6 cobertors i 10 absorbents de bamb\u00fa Pop-in nounat. \u00c9s un bolquer de tela rentable a prova de fuites gr\u00e0cies a la seva generosa barrera antiescapament i ajustament perfecte.\",\"breadcrumb\":{\"@id\":\"https:\/\/somllavors.com\/es\/producte\/pack-pop-in-recent-nascut#breadcrumb\"},\"inLanguage\":\"es\",\"potentialAction\":[{\"@type\":\"ReadAction\",\"target\":[\"https:\/\/somllavors.com\/es\/producte\/pack-pop-in-recent-nascut\"]}]},{\"@type\":\"ImageObject\",\"inLanguage\":\"es\",\"@id\":\"https:\/\/somllavors.com\/es\/producte\/pack-pop-in-recent-nascut#primaryimage\",\"url\":\"https:\/\/somllavors.com\/wp-content\/uploads\/pack-pop-in-recien-nacido-2020.jpg\",\"contentUrl\":\"https:\/\/somllavors.com\/wp-content\/uploads\/pack-pop-in-recien-nacido-2020.jpg\",\"width\":1200,\"height\":1372,\"caption\":\"Pop In Som Llavors Vilanova New Born pack\"},{\"@type\":\"BreadcrumbList\",\"@id\":\"https:\/\/somllavors.com\/es\/producte\/pack-pop-in-recent-nascut#breadcrumb\",\"itemListElement\":[{\"@type\":\"ListItem\",\"position\":1,\"name\":\"Inici\",\"item\":\"https:\/\/somllavors.com\/es\"},{\"@type\":\"ListItem\",\"position\":2,\"name\":\"Tienda\",\"item\":\"https:\/\/somllavors.com\/es\/botiga-2\"},{\"@type\":\"ListItem\",\"position\":3,\"name\":\"Pack bolquers de tela recent nascut &#8211; Pop In\"}]},{\"@type\":\"WebSite\",\"@id\":\"https:\/\/somllavors.com\/es#website\",\"url\":\"https:\/\/somllavors.com\/es\",\"name\":\"Som Llavors\",\"description\":\"Botiga de crian\u00e7a natural\",\"publisher\":{\"@id\":\"https:\/\/somllavors.com\/es#organization\"},\"alternateName\":\"Crian\u00e7a Natural i Sostenible\",\"potentialAction\":[{\"@type\":\"SearchAction\",\"target\":{\"@type\":\"EntryPoint\",\"urlTemplate\":\"https:\/\/somllavors.com\/es?s={search_term_string}\"},\"query-input\":{\"@type\":\"PropertyValueSpecification\",\"valueRequired\":true,\"valueName\":\"search_term_string\"}}],\"inLanguage\":\"es\"},{\"@type\":[\"Organization\",\"Place\",\"Store\"],\"@id\":\"https:\/\/somllavors.com\/es#organization\",\"name\":\"Som Llavors\",\"alternateName\":\"Crian\u00e7a Natural i Sostenible\",\"url\":\"https:\/\/somllavors.com\/es\",\"logo\":{\"@id\":\"https:\/\/somllavors.com\/es\/producte\/pack-pop-in-recent-nascut#local-main-organization-logo\"},\"image\":{\"@id\":\"https:\/\/somllavors.com\/es\/producte\/pack-pop-in-recent-nascut#local-main-organization-logo\"},\"sameAs\":[\"https:\/\/www.facebook.com\/somllavorsvng\/?locale=ca_ES\",\"https:\/\/www.instagram.com\/somllavors_vng\/\",\"https:\/\/www.youtube.com\/@somllavors\"],\"address\":{\"@id\":\"https:\/\/somllavors.com\/es\/producte\/pack-pop-in-recent-nascut#local-main-place-address\"},\"geo\":{\"@type\":\"GeoCoordinates\",\"latitude\":\"41.2257737\",\"longitude\":\"1.723258859\"},\"telephone\":[\"623152704\"],\"openingHoursSpecification\":[{\"@type\":\"OpeningHoursSpecification\",\"dayOfWeek\":[\"Monday\",\"Sunday\"],\"opens\":\"00:00\",\"closes\":\"00:00\"},{\"@type\":\"OpeningHoursSpecification\",\"dayOfWeek\":[\"Tuesday\",\"Wednesday\",\"Thursday\",\"Friday\"],\"opens\":\"10:00\",\"closes\":\"20:00\"},{\"@type\":\"OpeningHoursSpecification\",\"dayOfWeek\":[\"Saturday\"],\"opens\":\"10:00\",\"closes\":\"13:30\"}],\"email\":\"info@somllavors.com\"},{\"@type\":\"PostalAddress\",\"@id\":\"https:\/\/somllavors.com\/es\/producte\/pack-pop-in-recent-nascut#local-main-place-address\",\"streetAddress\":\"Carrer de l'aigua, 6\",\"addressLocality\":\"Vilanova i la Geltr\u00fa\",\"postalCode\":\"08800\",\"addressRegion\":\"Barcelona\",\"addressCountry\":\"ES\"},{\"@type\":\"ImageObject\",\"inLanguage\":\"es\",\"@id\":\"https:\/\/somllavors.com\/es\/producte\/pack-pop-in-recent-nascut#local-main-organization-logo\",\"url\":\"https:\/\/somllavors.com\/wp-content\/uploads\/Logotip-Som-Llavors.jpg\",\"contentUrl\":\"https:\/\/somllavors.com\/wp-content\/uploads\/Logotip-Som-Llavors.jpg\",\"width\":1444,\"height\":1323,\"caption\":\"Som Llavors\"}]}<\/script>\n<meta property=\"product:price:amount\" content=\"70.15\" \/>\n<meta property=\"product:price:currency\" content=\"EUR\" \/>\n<meta property=\"og:availability\" content=\"out of stock\" \/>\n<meta property=\"product:availability\" content=\"out of stock\" \/>\n<meta property=\"product:retailer_item_id\" content=\"POP-NWBN-20\" \/>\n<meta property=\"product:condition\" content=\"new\" \/>\n<meta name=\"geo.placename\" content=\"Vilanova i la Geltr\u00fa\" \/>\n<meta name=\"geo.position\" content=\"41.2257737;1.723258859\" \/>\n<meta name=\"geo.region\" content=\"Espa\u00f1a\" \/>\n<!-- \/ Yoast SEO Premium plugin. -->","yoast_head_json":{"title":"Pack bolquers de tela recent nascut - Pop In &#8212; Som Llavors","description":"Aquests bolquers\u00a0s'han fabricat utilitzant un nou material de baix impacte mediambiental, el RPET (poli\u00e8ster reciclat d'ampolles de pl\u00e0stic). Cont\u00e9 6 cobertors i 10 absorbents de bamb\u00fa Pop-in nounat. \u00c9s un bolquer de tela rentable a prova de fuites gr\u00e0cies a la seva generosa barrera antiescapament i ajustament perfecte.","robots":{"index":"index","follow":"follow","max-snippet":"max-snippet:-1","max-image-preview":"max-image-preview:large","max-video-preview":"max-video-preview:-1"},"canonical":"https:\/\/somllavors.com\/es\/producte\/pack-pop-in-recent-nascut","og_locale":"es_ES","og_type":"article","og_title":"Pack bolquers de tela recent nascut - Pop In","og_description":"La teva botiga d\u2019ecocrian\u00e7a i espai d\u2019acompanyament a la maternitat","og_url":"https:\/\/somllavors.com\/es\/producte\/pack-pop-in-recent-nascut","og_site_name":"Som Llavors","article_publisher":"https:\/\/www.facebook.com\/somllavorsvng\/?locale=ca_ES","article_modified_time":"2024-02-28T17:56:10+00:00","og_image":[{"width":1200,"height":1372,"url":"https:\/\/somllavors.com\/wp-content\/uploads\/pack-pop-in-recien-nacido-2020.jpg","type":"image\/jpeg"}],"twitter_card":"summary_large_image","twitter_misc":{"Precio":"70,15&euro; Iva incl\u00f2s","Availability":"Out of stock"},"schema":{"@context":"https:\/\/schema.org","@graph":[{"@type":"WebPage","@id":"https:\/\/somllavors.com\/es\/producte\/pack-pop-in-recent-nascut","url":"https:\/\/somllavors.com\/es\/producte\/pack-pop-in-recent-nascut","name":"Pack bolquers de tela recent nascut - Pop In &#8212; Som Llavors","isPartOf":{"@id":"https:\/\/somllavors.com\/es#website"},"primaryImageOfPage":{"@id":"https:\/\/somllavors.com\/es\/producte\/pack-pop-in-recent-nascut#primaryimage"},"image":{"@id":"https:\/\/somllavors.com\/es\/producte\/pack-pop-in-recent-nascut#primaryimage"},"thumbnailUrl":"https:\/\/somllavors.com\/wp-content\/uploads\/pack-pop-in-recien-nacido-2020.jpg","datePublished":"2022-06-13T16:03:34+00:00","dateModified":"2024-02-28T17:56:10+00:00","description":"Aquests bolquers\u00a0s'han fabricat utilitzant un nou material de baix impacte mediambiental, el RPET (poli\u00e8ster reciclat d'ampolles de pl\u00e0stic). Cont\u00e9 6 cobertors i 10 absorbents de bamb\u00fa Pop-in nounat. \u00c9s un bolquer de tela rentable a prova de fuites gr\u00e0cies a la seva generosa barrera antiescapament i ajustament perfecte.","breadcrumb":{"@id":"https:\/\/somllavors.com\/es\/producte\/pack-pop-in-recent-nascut#breadcrumb"},"inLanguage":"es","potentialAction":[{"@type":"ReadAction","target":["https:\/\/somllavors.com\/es\/producte\/pack-pop-in-recent-nascut"]}]},{"@type":"ImageObject","inLanguage":"es","@id":"https:\/\/somllavors.com\/es\/producte\/pack-pop-in-recent-nascut#primaryimage","url":"https:\/\/somllavors.com\/wp-content\/uploads\/pack-pop-in-recien-nacido-2020.jpg","contentUrl":"https:\/\/somllavors.com\/wp-content\/uploads\/pack-pop-in-recien-nacido-2020.jpg","width":1200,"height":1372,"caption":"Pop In Som Llavors Vilanova New Born pack"},{"@type":"BreadcrumbList","@id":"https:\/\/somllavors.com\/es\/producte\/pack-pop-in-recent-nascut#breadcrumb","itemListElement":[{"@type":"ListItem","position":1,"name":"Inici","item":"https:\/\/somllavors.com\/es"},{"@type":"ListItem","position":2,"name":"Tienda","item":"https:\/\/somllavors.com\/es\/botiga-2"},{"@type":"ListItem","position":3,"name":"Pack bolquers de tela recent nascut &#8211; Pop In"}]},{"@type":"WebSite","@id":"https:\/\/somllavors.com\/es#website","url":"https:\/\/somllavors.com\/es","name":"Som Llavors","description":"Botiga de crian\u00e7a natural","publisher":{"@id":"https:\/\/somllavors.com\/es#organization"},"alternateName":"Crian\u00e7a Natural i Sostenible","potentialAction":[{"@type":"SearchAction","target":{"@type":"EntryPoint","urlTemplate":"https:\/\/somllavors.com\/es?s={search_term_string}"},"query-input":{"@type":"PropertyValueSpecification","valueRequired":true,"valueName":"search_term_string"}}],"inLanguage":"es"},{"@type":["Organization","Place","Store"],"@id":"https:\/\/somllavors.com\/es#organization","name":"Som Llavors","alternateName":"Crian\u00e7a Natural i Sostenible","url":"https:\/\/somllavors.com\/es","logo":{"@id":"https:\/\/somllavors.com\/es\/producte\/pack-pop-in-recent-nascut#local-main-organization-logo"},"image":{"@id":"https:\/\/somllavors.com\/es\/producte\/pack-pop-in-recent-nascut#local-main-organization-logo"},"sameAs":["https:\/\/www.facebook.com\/somllavorsvng\/?locale=ca_ES","https:\/\/www.instagram.com\/somllavors_vng\/","https:\/\/www.youtube.com\/@somllavors"],"address":{"@id":"https:\/\/somllavors.com\/es\/producte\/pack-pop-in-recent-nascut#local-main-place-address"},"geo":{"@type":"GeoCoordinates","latitude":"41.2257737","longitude":"1.723258859"},"telephone":["623152704","623152704"],"openingHoursSpecification":[{"@type":"OpeningHoursSpecification","dayOfWeek":["Monday","Sunday"],"opens":"00:00","closes":"00:00"},{"@type":"OpeningHoursSpecification","dayOfWeek":["Tuesday","Wednesday","Thursday","Friday"],"opens":"10:00","closes":"20:00"},{"@type":"OpeningHoursSpecification","dayOfWeek":["Saturday"],"opens":"10:00","closes":"13:30"}],"email":"info@somllavors.com"},{"@type":"PostalAddress","@id":"https:\/\/somllavors.com\/es\/producte\/pack-pop-in-recent-nascut#local-main-place-address","streetAddress":"Carrer de l'aigua, 6","addressLocality":"Vilanova i la Geltr\u00fa","postalCode":"08800","addressRegion":"Barcelona","addressCountry":"ES"},{"@type":"ImageObject","inLanguage":"es","@id":"https:\/\/somllavors.com\/es\/producte\/pack-pop-in-recent-nascut#local-main-organization-logo","url":"https:\/\/somllavors.com\/wp-content\/uploads\/Logotip-Som-Llavors.jpg","contentUrl":"https:\/\/somllavors.com\/wp-content\/uploads\/Logotip-Som-Llavors.jpg","width":1444,"height":1323,"caption":"Som Llavors"}]},"product_price_amount":"70.15","product_price_currency":"EUR","og_availability":"out of stock","product_availability":"out of stock","product_retailer_item_id":"POP-NWBN-20","product_condition":"new","geo.placename":"Vilanova i la Geltr\u00fa","geo.position":{"lat":"41.2257737","long":"1.723258859"},"geo.region":"Espa\u00f1a"},"brands":[{"id":4129,"name":"Close Parent","slug":"close-parent"}],"_links":{"self":[{"href":"https:\/\/somllavors.com\/es\/wp-json\/wp\/v2\/product\/19781","targetHints":{"allow":["GET"]}}],"collection":[{"href":"https:\/\/somllavors.com\/es\/wp-json\/wp\/v2\/product"}],"about":[{"href":"https:\/\/somllavors.com\/es\/wp-json\/wp\/v2\/types\/product"}],"wp:featuredmedia":[{"embeddable":true,"href":"https:\/\/somllavors.com\/es\/wp-json\/wp\/v2\/media\/19784"}],"wp:attachment":[{"href":"https:\/\/somllavors.com\/es\/wp-json\/wp\/v2\/media?parent=19781"}],"wp:term":[{"taxonomy":"pwb-brand","embeddable":true,"href":"https:\/\/somllavors.com\/es\/wp-json\/wp\/v2\/pwb-brand?post=19781"},{"taxonomy":"product_brand","embeddable":true,"href":"https:\/\/somllavors.com\/es\/wp-json\/wp\/v2\/product_brand?post=19781"},{"taxonomy":"product_cat","embeddable":true,"href":"https:\/\/somllavors.com\/es\/wp-json\/wp\/v2\/product_cat?post=19781"},{"taxonomy":"product_tag","embeddable":true,"href":"https:\/\/somllavors.com\/es\/wp-json\/wp\/v2\/product_tag?post=19781"}],"curies":[{"name":"wp","href":"https:\/\/api.w.org\/{rel}","templated":true}]}}