{"id":20201,"date":"2022-06-28T10:24:24","date_gmt":"2022-06-28T08:24:24","guid":{"rendered":"https:\/\/somllavors.com\/?post_type=product&#038;p=20201"},"modified":"2026-04-01T19:40:55","modified_gmt":"2026-04-01T17:40:55","slug":"sostenidor-de-lactancia-creuat-organic-negre-carriwell","status":"publish","type":"product","link":"https:\/\/somllavors.com\/es\/producte\/sostenidor-de-lactancia-creuat-organic-negre-carriwell","title":{"rendered":"Sostenidor de lact\u00e0ncia creuat org\u00e0nic negre &#8211; Carriwell"},"content":{"rendered":"<ul>\n<li>Pr\u00e0ctic: El disseny creuat fomenta la lact\u00e0ncia d&#8217;una manera m\u00e9s f\u00e0cil i c\u00f2moda.<\/li>\n<li>Lact\u00e0ncia nocturna: Major sensaci\u00f3 de confort per la seva alta composici\u00f3 de cot\u00f3. Facilita la lact\u00e0ncia del nad\u00f3 en postura biol\u00f2gica; el teu nad\u00f3 sobre tu i tu semi-estirada c\u00f2modament.<\/li>\n<li>Suau: La suavitat i qualitat del teixit i encaix eviten qualsevol risc d&#8217;irritaci\u00f3 i rascades.<\/li>\n<li>C\u00f2mode: M\u00e0xima comoditat per l&#8217;abs\u00e8ncia d&#8217;irritants costures, c\u00e8rcols r\u00edgids, clips o botons<\/li>\n<li>Org\u00e0nic: el cot\u00f3 org\u00e0nic Carriwell est\u00e0 totalment certificat.<\/li>\n<\/ul>\n<div class=\"ast-oembed-container \" style=\"height: 100%;\"><iframe loading=\"lazy\" title=\"SUJETADOR CRUZADO NOCTURNO Y LACTANCIA ORGANICO\" width=\"500\" height=\"375\" src=\"https:\/\/www.youtube.com\/embed\/WuNat9Tjgig?feature=oembed\" frameborder=\"0\" allow=\"accelerometer; autoplay; clipboard-write; encrypted-media; gyroscope; picture-in-picture; web-share\" referrerpolicy=\"strict-origin-when-cross-origin\" allowfullscreen><\/iframe><\/div>\n<p>Com mesurar la talla del contorn<\/p>\n<ul>\n<li>Mesura al voltant del seu tors, just a sota dels pits (posici\u00f3 \u201cb\u201d). Si mesura en cent\u00edmetres arrodoneix la talla de contorn m\u00e9s propera.<\/li>\n<\/ul>\n<p>Com mesurar la talla de la copa<\/p>\n<ul>\n<li>Mesura al voltant del seu tors sobre la part m\u00e9s prominent del pit (posici\u00f3 \u201ca\u201d). Despr\u00e9s haureu d&#8217;obtenir la difer\u00e8ncia entre \u201ca\u201d i \u201cb\u201d i guiant-vos amb la taula a sota (taula amb talles de copa) determineu la seva mesura de copa (Ex. A, B, C) veient la columna \u201c+ cm\u201d.<\/li>\n<\/ul>\n","protected":false},"excerpt":{"rendered":"<p>Sostenidor de lact\u00e0ncia de cot\u00f3 org\u00e0nic dissenyat per a mares que prefereixen l&#8217;estil creuat per ser f\u00e0cil d&#8217;obrir i permetre al nad\u00f3 f\u00e0cil acc\u00e9s al pit de la mare, molt c\u00f2mode tamb\u00e9 durant la nit.<\/p>\n","protected":false},"featured_media":20226,"template":"","meta":{"_acf_changed":false,"site-sidebar-layout":"default","site-content-layout":"default","ast-site-content-layout":"default","site-content-style":"default","site-sidebar-style":"default","ast-global-header-display":"","ast-banner-title-visibility":"","ast-main-header-display":"","ast-hfb-above-header-display":"","ast-hfb-below-header-display":"","ast-hfb-mobile-header-display":"","site-post-title":"","ast-breadcrumbs-content":"","ast-featured-img":"","footer-sml-layout":"","ast-disable-related-posts":"","theme-transparent-header-meta":"default","adv-header-id-meta":"","stick-header-meta":"","header-above-stick-meta":"","header-main-stick-meta":"","header-below-stick-meta":"","astra-migrate-meta-layouts":"set","ast-page-background-enabled":"default","ast-page-background-meta":{"desktop":{"background-color":"","background-image":"","background-repeat":"repeat","background-position":"center center","background-size":"auto","background-attachment":"scroll","background-type":"","background-media":"","overlay-type":"","overlay-color":"","overlay-opacity":"","overlay-gradient":""},"tablet":{"background-color":"","background-image":"","background-repeat":"repeat","background-position":"center center","background-size":"auto","background-attachment":"scroll","background-type":"","background-media":"","overlay-type":"","overlay-color":"","overlay-opacity":"","overlay-gradient":""},"mobile":{"background-color":"","background-image":"","background-repeat":"repeat","background-position":"center center","background-size":"auto","background-attachment":"scroll","background-type":"","background-media":"","overlay-type":"","overlay-color":"","overlay-opacity":"","overlay-gradient":""}},"ast-content-background-meta":{"desktop":{"background-color":"var(--ast-global-color-5)","background-image":"","background-repeat":"repeat","background-position":"center center","background-size":"auto","background-attachment":"scroll","background-type":"","background-media":"","overlay-type":"","overlay-color":"","overlay-opacity":"","overlay-gradient":""},"tablet":{"background-color":"var(--ast-global-color-5)","background-image":"","background-repeat":"repeat","background-position":"center center","background-size":"auto","background-attachment":"scroll","background-type":"","background-media":"","overlay-type":"","overlay-color":"","overlay-opacity":"","overlay-gradient":""},"mobile":{"background-color":"var(--ast-global-color-5)","background-image":"","background-repeat":"repeat","background-position":"center center","background-size":"auto","background-attachment":"scroll","background-type":"","background-media":"","overlay-type":"","overlay-color":"","overlay-opacity":"","overlay-gradient":""}}},"pwb-brand":[4104],"product_brand":[],"product_cat":[301],"product_tag":[2033,1183,2041,2040],"class_list":{"0":"post-20201","1":"product","2":"type-product","3":"status-publish","4":"has-post-thumbnail","6":"pwb-brand-carriwell","7":"product_cat-per-la-dona","8":"product_tag-carriwell","9":"product_tag-lactancia","10":"product_tag-nocturno","11":"product_tag-sujetador-cruzado","12":"pa_talla-l","13":"pa_talla-m","14":"pa_talla-s","15":"pa_talla-xl","16":"desktop-align-left","17":"tablet-align-left","18":"mobile-align-left","20":"first","21":"instock","22":"taxable","23":"shipping-taxable","24":"purchasable","25":"product-type-variable"},"acf":[],"yoast_head":"<!-- This site is optimized with the Yoast SEO Premium plugin v18.3 (Yoast SEO v27.4) - https:\/\/yoast.com\/product\/yoast-seo-premium-wordpress\/ -->\n<title>Sostenidor de lact\u00e0ncia creuat org\u00e0nic negre - Carriwell &#8212; Som Llavors<\/title>\n<meta name=\"description\" content=\"Sostenidor de lact\u00e0ncia de cot\u00f3 org\u00e0nic dissenyat per a mares que prefereixen l&#039;estil creuat per ser f\u00e0cil d&#039;obrir i permetre al nad\u00f3 f\u00e0cil acc\u00e9s al pit de la mare, molt c\u00f2mode tamb\u00e9 durant la nit.\" \/>\n<meta name=\"robots\" content=\"index, follow, max-snippet:-1, max-image-preview:large, max-video-preview:-1\" \/>\n<link rel=\"canonical\" href=\"https:\/\/somllavors.com\/es\/producte\/sostenidor-de-lactancia-creuat-organic-negre-carriwell\" \/>\n<meta property=\"og:locale\" content=\"es_ES\" \/>\n<meta property=\"og:type\" content=\"article\" \/>\n<meta property=\"og:title\" content=\"Sostenidor de lact\u00e0ncia creuat org\u00e0nic negre - Carriwell\" \/>\n<meta property=\"og:description\" content=\"La teva botiga d\u2019ecocrian\u00e7a i espai d\u2019acompanyament a la maternitat\" \/>\n<meta property=\"og:url\" content=\"https:\/\/somllavors.com\/es\/producte\/sostenidor-de-lactancia-creuat-organic-negre-carriwell\" \/>\n<meta property=\"og:site_name\" content=\"Som Llavors\" \/>\n<meta property=\"article:publisher\" content=\"https:\/\/www.facebook.com\/somllavorsvng\/?locale=ca_ES\" \/>\n<meta property=\"article:modified_time\" content=\"2026-04-01T17:40:55+00:00\" \/>\n<meta property=\"og:image\" content=\"https:\/\/somllavors.com\/wp-content\/uploads\/SUJETADOR-CRUZADO-NOCTURNO-Y-LACTANCIA-ORGANICO-som-llavors-crianca-natural-i-sostenible.jpg\" \/>\n\t<meta property=\"og:image:width\" content=\"762\" \/>\n\t<meta property=\"og:image:height\" content=\"1100\" \/>\n\t<meta property=\"og:image:type\" content=\"image\/jpeg\" \/>\n<meta name=\"twitter:card\" content=\"summary_large_image\" \/>\n<meta name=\"twitter:label1\" content=\"Availability\" \/>\n\t<meta name=\"twitter:data1\" content=\"Hay existencias\" \/>\n<script type=\"application\/ld+json\" class=\"yoast-schema-graph\">{\"@context\":\"https:\\\/\\\/schema.org\",\"@graph\":[{\"@type\":\"WebPage\",\"@id\":\"https:\\\/\\\/somllavors.com\\\/es\\\/producte\\\/sostenidor-de-lactancia-creuat-organic-negre-carriwell\",\"url\":\"https:\\\/\\\/somllavors.com\\\/es\\\/producte\\\/sostenidor-de-lactancia-creuat-organic-negre-carriwell\",\"name\":\"Sostenidor de lact\u00e0ncia creuat org\u00e0nic negre - Carriwell &#8212; Som Llavors\",\"isPartOf\":{\"@id\":\"https:\\\/\\\/somllavors.com\\\/es#website\"},\"primaryImageOfPage\":{\"@id\":\"https:\\\/\\\/somllavors.com\\\/es\\\/producte\\\/sostenidor-de-lactancia-creuat-organic-negre-carriwell#primaryimage\"},\"image\":{\"@id\":\"https:\\\/\\\/somllavors.com\\\/es\\\/producte\\\/sostenidor-de-lactancia-creuat-organic-negre-carriwell#primaryimage\"},\"thumbnailUrl\":\"https:\\\/\\\/somllavors.com\\\/wp-content\\\/uploads\\\/SUJETADOR-CRUZADO-NOCTURNO-Y-LACTANCIA-ORGANICO-som-llavors-crianca-natural-i-sostenible.jpg\",\"datePublished\":\"2022-06-28T08:24:24+00:00\",\"dateModified\":\"2026-04-01T17:40:55+00:00\",\"description\":\"Sostenidor de lact\u00e0ncia de cot\u00f3 org\u00e0nic dissenyat per a mares que prefereixen l'estil creuat per ser f\u00e0cil d'obrir i permetre al nad\u00f3 f\u00e0cil acc\u00e9s al pit de la mare, molt c\u00f2mode tamb\u00e9 durant la nit.\",\"breadcrumb\":{\"@id\":\"https:\\\/\\\/somllavors.com\\\/es\\\/producte\\\/sostenidor-de-lactancia-creuat-organic-negre-carriwell#breadcrumb\"},\"inLanguage\":\"es\",\"potentialAction\":[{\"@type\":\"ReadAction\",\"target\":[\"https:\\\/\\\/somllavors.com\\\/es\\\/producte\\\/sostenidor-de-lactancia-creuat-organic-negre-carriwell\"]}]},{\"@type\":\"ImageObject\",\"inLanguage\":\"es\",\"@id\":\"https:\\\/\\\/somllavors.com\\\/es\\\/producte\\\/sostenidor-de-lactancia-creuat-organic-negre-carriwell#primaryimage\",\"url\":\"https:\\\/\\\/somllavors.com\\\/wp-content\\\/uploads\\\/SUJETADOR-CRUZADO-NOCTURNO-Y-LACTANCIA-ORGANICO-som-llavors-crianca-natural-i-sostenible.jpg\",\"contentUrl\":\"https:\\\/\\\/somllavors.com\\\/wp-content\\\/uploads\\\/SUJETADOR-CRUZADO-NOCTURNO-Y-LACTANCIA-ORGANICO-som-llavors-crianca-natural-i-sostenible.jpg\",\"width\":762,\"height\":1100,\"caption\":\"UN DISE\u00d1O SENCILLO PARA UNA F\u00c1CIL Y CONVENIENTE LACTANCIA Pr\u00e1ctico: Su dise\u00f1o cruzado fomenta la lactancia de una manera m\u00e1s f\u00e1cil y c\u00f3moda. Lactancia nocturna: Mayor sensaci\u00f3n de confort por su alta composici\u00f3n en algod\u00f3n. Facilita la lactancia del beb\u00e9 en postura biol\u00f3gica; tu beb\u00e9 sobre t\u00ed y t\u00fa semi-acostada c\u00f3modamente. Suave: La suavidad y calidad de su tejido y encaje evitan cualquier riesgo de irritaci\u00f3n y rozaduras. C\u00f3modo: M\u00e1xima comodidad por la ausencia de irritantes costuras, aros r\u00edgidos, corchetes, clips y botone Org\u00e1nico: el algod\u00f3n org\u00e1nico Carriwell est\u00e1 totalmente certificado.\"},{\"@type\":\"BreadcrumbList\",\"@id\":\"https:\\\/\\\/somllavors.com\\\/es\\\/producte\\\/sostenidor-de-lactancia-creuat-organic-negre-carriwell#breadcrumb\",\"itemListElement\":[{\"@type\":\"ListItem\",\"position\":1,\"name\":\"Inici\",\"item\":\"https:\\\/\\\/somllavors.com\\\/es\"},{\"@type\":\"ListItem\",\"position\":2,\"name\":\"Tienda\",\"item\":\"https:\\\/\\\/somllavors.com\\\/es\\\/botiga-2\"},{\"@type\":\"ListItem\",\"position\":3,\"name\":\"Sostenidor de lact\u00e0ncia creuat org\u00e0nic negre &#8211; Carriwell\"}]},{\"@type\":\"WebSite\",\"@id\":\"https:\\\/\\\/somllavors.com\\\/es#website\",\"url\":\"https:\\\/\\\/somllavors.com\\\/es\",\"name\":\"Som Llavors\",\"description\":\"Botiga de crian\u00e7a natural\",\"publisher\":{\"@id\":\"https:\\\/\\\/somllavors.com\\\/es#organization\"},\"alternateName\":\"Crian\u00e7a Natural i Sostenible\",\"potentialAction\":[{\"@type\":\"SearchAction\",\"target\":{\"@type\":\"EntryPoint\",\"urlTemplate\":\"https:\\\/\\\/somllavors.com\\\/es?s={search_term_string}\"},\"query-input\":{\"@type\":\"PropertyValueSpecification\",\"valueRequired\":true,\"valueName\":\"search_term_string\"}}],\"inLanguage\":\"es\"},{\"@type\":[\"Organization\",\"Place\",\"Store\"],\"@id\":\"https:\\\/\\\/somllavors.com\\\/es#organization\",\"name\":\"Som Llavors\",\"alternateName\":\"Crian\u00e7a Natural i Sostenible\",\"url\":\"https:\\\/\\\/somllavors.com\\\/es\",\"logo\":{\"@id\":\"https:\\\/\\\/somllavors.com\\\/es\\\/producte\\\/sostenidor-de-lactancia-creuat-organic-negre-carriwell#local-main-organization-logo\"},\"image\":{\"@id\":\"https:\\\/\\\/somllavors.com\\\/es\\\/producte\\\/sostenidor-de-lactancia-creuat-organic-negre-carriwell#local-main-organization-logo\"},\"sameAs\":[\"https:\\\/\\\/www.facebook.com\\\/somllavorsvng\\\/?locale=ca_ES\",\"https:\\\/\\\/www.instagram.com\\\/somllavors_vng\\\/\",\"https:\\\/\\\/www.youtube.com\\\/@somllavors\"],\"address\":{\"@id\":\"https:\\\/\\\/somllavors.com\\\/es\\\/producte\\\/sostenidor-de-lactancia-creuat-organic-negre-carriwell#local-main-place-address\"},\"geo\":{\"@type\":\"GeoCoordinates\",\"latitude\":\"41.2257737\",\"longitude\":\"1.723258859\"},\"telephone\":[\"623152704\"],\"openingHoursSpecification\":[{\"@type\":\"OpeningHoursSpecification\",\"dayOfWeek\":[\"Monday\",\"Sunday\"],\"opens\":\"00:00\",\"closes\":\"00:00\"},{\"@type\":\"OpeningHoursSpecification\",\"dayOfWeek\":[\"Tuesday\",\"Wednesday\",\"Thursday\",\"Friday\"],\"opens\":\"10:00\",\"closes\":\"20:00\"},{\"@type\":\"OpeningHoursSpecification\",\"dayOfWeek\":[\"Saturday\"],\"opens\":\"10:00\",\"closes\":\"13:30\"}],\"email\":\"info@somllavors.com\"},{\"@type\":\"PostalAddress\",\"@id\":\"https:\\\/\\\/somllavors.com\\\/es\\\/producte\\\/sostenidor-de-lactancia-creuat-organic-negre-carriwell#local-main-place-address\",\"streetAddress\":\"Carrer de l'aigua, 6\",\"addressLocality\":\"Vilanova i la Geltr\u00fa\",\"postalCode\":\"08800\",\"addressRegion\":\"Barcelona\",\"addressCountry\":\"ES\"},{\"@type\":\"ImageObject\",\"inLanguage\":\"es\",\"@id\":\"https:\\\/\\\/somllavors.com\\\/es\\\/producte\\\/sostenidor-de-lactancia-creuat-organic-negre-carriwell#local-main-organization-logo\",\"url\":\"https:\\\/\\\/somllavors.com\\\/wp-content\\\/uploads\\\/Logotip-Som-Llavors.jpg\",\"contentUrl\":\"https:\\\/\\\/somllavors.com\\\/wp-content\\\/uploads\\\/Logotip-Som-Llavors.jpg\",\"width\":1444,\"height\":1323,\"caption\":\"Som Llavors\"}]}<\/script>\n<meta property=\"og:availability\" content=\"instock\" \/>\n<meta property=\"product:availability\" content=\"instock\" \/>\n<meta property=\"product:condition\" content=\"new\" \/>\n<meta name=\"geo.placename\" content=\"Vilanova i la Geltr\u00fa\" \/>\n<meta name=\"geo.position\" content=\"41.2257737;1.723258859\" \/>\n<meta name=\"geo.region\" content=\"Espa\u00f1a\" \/>\n<!-- \/ Yoast SEO Premium plugin. -->","yoast_head_json":{"title":"Sostenidor de lact\u00e0ncia creuat org\u00e0nic negre - Carriwell &#8212; Som Llavors","description":"Sostenidor de lact\u00e0ncia de cot\u00f3 org\u00e0nic dissenyat per a mares que prefereixen l'estil creuat per ser f\u00e0cil d'obrir i permetre al nad\u00f3 f\u00e0cil acc\u00e9s al pit de la mare, molt c\u00f2mode tamb\u00e9 durant la nit.","robots":{"index":"index","follow":"follow","max-snippet":"max-snippet:-1","max-image-preview":"max-image-preview:large","max-video-preview":"max-video-preview:-1"},"canonical":"https:\/\/somllavors.com\/es\/producte\/sostenidor-de-lactancia-creuat-organic-negre-carriwell","og_locale":"es_ES","og_type":"article","og_title":"Sostenidor de lact\u00e0ncia creuat org\u00e0nic negre - Carriwell","og_description":"La teva botiga d\u2019ecocrian\u00e7a i espai d\u2019acompanyament a la maternitat","og_url":"https:\/\/somllavors.com\/es\/producte\/sostenidor-de-lactancia-creuat-organic-negre-carriwell","og_site_name":"Som Llavors","article_publisher":"https:\/\/www.facebook.com\/somllavorsvng\/?locale=ca_ES","article_modified_time":"2026-04-01T17:40:55+00:00","og_image":[{"width":762,"height":1100,"url":"https:\/\/somllavors.com\/wp-content\/uploads\/SUJETADOR-CRUZADO-NOCTURNO-Y-LACTANCIA-ORGANICO-som-llavors-crianca-natural-i-sostenible.jpg","type":"image\/jpeg"}],"twitter_card":"summary_large_image","twitter_misc":{"Availability":"Hay existencias"},"schema":{"@context":"https:\/\/schema.org","@graph":[{"@type":"WebPage","@id":"https:\/\/somllavors.com\/es\/producte\/sostenidor-de-lactancia-creuat-organic-negre-carriwell","url":"https:\/\/somllavors.com\/es\/producte\/sostenidor-de-lactancia-creuat-organic-negre-carriwell","name":"Sostenidor de lact\u00e0ncia creuat org\u00e0nic negre - Carriwell &#8212; Som Llavors","isPartOf":{"@id":"https:\/\/somllavors.com\/es#website"},"primaryImageOfPage":{"@id":"https:\/\/somllavors.com\/es\/producte\/sostenidor-de-lactancia-creuat-organic-negre-carriwell#primaryimage"},"image":{"@id":"https:\/\/somllavors.com\/es\/producte\/sostenidor-de-lactancia-creuat-organic-negre-carriwell#primaryimage"},"thumbnailUrl":"https:\/\/somllavors.com\/wp-content\/uploads\/SUJETADOR-CRUZADO-NOCTURNO-Y-LACTANCIA-ORGANICO-som-llavors-crianca-natural-i-sostenible.jpg","datePublished":"2022-06-28T08:24:24+00:00","dateModified":"2026-04-01T17:40:55+00:00","description":"Sostenidor de lact\u00e0ncia de cot\u00f3 org\u00e0nic dissenyat per a mares que prefereixen l'estil creuat per ser f\u00e0cil d'obrir i permetre al nad\u00f3 f\u00e0cil acc\u00e9s al pit de la mare, molt c\u00f2mode tamb\u00e9 durant la nit.","breadcrumb":{"@id":"https:\/\/somllavors.com\/es\/producte\/sostenidor-de-lactancia-creuat-organic-negre-carriwell#breadcrumb"},"inLanguage":"es","potentialAction":[{"@type":"ReadAction","target":["https:\/\/somllavors.com\/es\/producte\/sostenidor-de-lactancia-creuat-organic-negre-carriwell"]}]},{"@type":"ImageObject","inLanguage":"es","@id":"https:\/\/somllavors.com\/es\/producte\/sostenidor-de-lactancia-creuat-organic-negre-carriwell#primaryimage","url":"https:\/\/somllavors.com\/wp-content\/uploads\/SUJETADOR-CRUZADO-NOCTURNO-Y-LACTANCIA-ORGANICO-som-llavors-crianca-natural-i-sostenible.jpg","contentUrl":"https:\/\/somllavors.com\/wp-content\/uploads\/SUJETADOR-CRUZADO-NOCTURNO-Y-LACTANCIA-ORGANICO-som-llavors-crianca-natural-i-sostenible.jpg","width":762,"height":1100,"caption":"UN DISE\u00d1O SENCILLO PARA UNA F\u00c1CIL Y CONVENIENTE LACTANCIA Pr\u00e1ctico: Su dise\u00f1o cruzado fomenta la lactancia de una manera m\u00e1s f\u00e1cil y c\u00f3moda. Lactancia nocturna: Mayor sensaci\u00f3n de confort por su alta composici\u00f3n en algod\u00f3n. Facilita la lactancia del beb\u00e9 en postura biol\u00f3gica; tu beb\u00e9 sobre t\u00ed y t\u00fa semi-acostada c\u00f3modamente. Suave: La suavidad y calidad de su tejido y encaje evitan cualquier riesgo de irritaci\u00f3n y rozaduras. C\u00f3modo: M\u00e1xima comodidad por la ausencia de irritantes costuras, aros r\u00edgidos, corchetes, clips y botone Org\u00e1nico: el algod\u00f3n org\u00e1nico Carriwell est\u00e1 totalmente certificado."},{"@type":"BreadcrumbList","@id":"https:\/\/somllavors.com\/es\/producte\/sostenidor-de-lactancia-creuat-organic-negre-carriwell#breadcrumb","itemListElement":[{"@type":"ListItem","position":1,"name":"Inici","item":"https:\/\/somllavors.com\/es"},{"@type":"ListItem","position":2,"name":"Tienda","item":"https:\/\/somllavors.com\/es\/botiga-2"},{"@type":"ListItem","position":3,"name":"Sostenidor de lact\u00e0ncia creuat org\u00e0nic negre &#8211; Carriwell"}]},{"@type":"WebSite","@id":"https:\/\/somllavors.com\/es#website","url":"https:\/\/somllavors.com\/es","name":"Som Llavors","description":"Botiga de crian\u00e7a natural","publisher":{"@id":"https:\/\/somllavors.com\/es#organization"},"alternateName":"Crian\u00e7a Natural i Sostenible","potentialAction":[{"@type":"SearchAction","target":{"@type":"EntryPoint","urlTemplate":"https:\/\/somllavors.com\/es?s={search_term_string}"},"query-input":{"@type":"PropertyValueSpecification","valueRequired":true,"valueName":"search_term_string"}}],"inLanguage":"es"},{"@type":["Organization","Place","Store"],"@id":"https:\/\/somllavors.com\/es#organization","name":"Som Llavors","alternateName":"Crian\u00e7a Natural i Sostenible","url":"https:\/\/somllavors.com\/es","logo":{"@id":"https:\/\/somllavors.com\/es\/producte\/sostenidor-de-lactancia-creuat-organic-negre-carriwell#local-main-organization-logo"},"image":{"@id":"https:\/\/somllavors.com\/es\/producte\/sostenidor-de-lactancia-creuat-organic-negre-carriwell#local-main-organization-logo"},"sameAs":["https:\/\/www.facebook.com\/somllavorsvng\/?locale=ca_ES","https:\/\/www.instagram.com\/somllavors_vng\/","https:\/\/www.youtube.com\/@somllavors"],"address":{"@id":"https:\/\/somllavors.com\/es\/producte\/sostenidor-de-lactancia-creuat-organic-negre-carriwell#local-main-place-address"},"geo":{"@type":"GeoCoordinates","latitude":"41.2257737","longitude":"1.723258859"},"telephone":["623152704","623152704"],"openingHoursSpecification":[{"@type":"OpeningHoursSpecification","dayOfWeek":["Monday","Sunday"],"opens":"00:00","closes":"00:00"},{"@type":"OpeningHoursSpecification","dayOfWeek":["Tuesday","Wednesday","Thursday","Friday"],"opens":"10:00","closes":"20:00"},{"@type":"OpeningHoursSpecification","dayOfWeek":["Saturday"],"opens":"10:00","closes":"13:30"}],"email":"info@somllavors.com"},{"@type":"PostalAddress","@id":"https:\/\/somllavors.com\/es\/producte\/sostenidor-de-lactancia-creuat-organic-negre-carriwell#local-main-place-address","streetAddress":"Carrer de l'aigua, 6","addressLocality":"Vilanova i la Geltr\u00fa","postalCode":"08800","addressRegion":"Barcelona","addressCountry":"ES"},{"@type":"ImageObject","inLanguage":"es","@id":"https:\/\/somllavors.com\/es\/producte\/sostenidor-de-lactancia-creuat-organic-negre-carriwell#local-main-organization-logo","url":"https:\/\/somllavors.com\/wp-content\/uploads\/Logotip-Som-Llavors.jpg","contentUrl":"https:\/\/somllavors.com\/wp-content\/uploads\/Logotip-Som-Llavors.jpg","width":1444,"height":1323,"caption":"Som Llavors"}]},"og_availability":"instock","product_availability":"instock","product_condition":"new","geo.placename":"Vilanova i la Geltr\u00fa","geo.position":{"lat":"41.2257737","long":"1.723258859"},"geo.region":"Espa\u00f1a"},"brands":[{"id":4104,"name":"Carriwell","slug":"carriwell"}],"_links":{"self":[{"href":"https:\/\/somllavors.com\/es\/wp-json\/wp\/v2\/product\/20201","targetHints":{"allow":["GET"]}}],"collection":[{"href":"https:\/\/somllavors.com\/es\/wp-json\/wp\/v2\/product"}],"about":[{"href":"https:\/\/somllavors.com\/es\/wp-json\/wp\/v2\/types\/product"}],"wp:featuredmedia":[{"embeddable":true,"href":"https:\/\/somllavors.com\/es\/wp-json\/wp\/v2\/media\/20226"}],"wp:attachment":[{"href":"https:\/\/somllavors.com\/es\/wp-json\/wp\/v2\/media?parent=20201"}],"wp:term":[{"taxonomy":"pwb-brand","embeddable":true,"href":"https:\/\/somllavors.com\/es\/wp-json\/wp\/v2\/pwb-brand?post=20201"},{"taxonomy":"product_brand","embeddable":true,"href":"https:\/\/somllavors.com\/es\/wp-json\/wp\/v2\/product_brand?post=20201"},{"taxonomy":"product_cat","embeddable":true,"href":"https:\/\/somllavors.com\/es\/wp-json\/wp\/v2\/product_cat?post=20201"},{"taxonomy":"product_tag","embeddable":true,"href":"https:\/\/somllavors.com\/es\/wp-json\/wp\/v2\/product_tag?post=20201"}],"curies":[{"name":"wp","href":"https:\/\/api.w.org\/{rel}","templated":true}]}}