{"id":20360,"date":"2022-07-02T16:30:46","date_gmt":"2022-07-02T14:30:46","guid":{"rendered":"https:\/\/somllavors.com\/?post_type=product&#038;p=20360"},"modified":"2026-01-26T18:00:19","modified_gmt":"2026-01-26T17:00:19","slug":"mascara-de-cabell-disponible-en-6-colors-namaki","status":"publish","type":"product","link":"https:\/\/somllavors.com\/es\/producte\/mascara-de-cabell-disponible-en-6-colors-namaki","title":{"rendered":"M\u00e0scara pel cabell disponible en 6 colors &#8211; Namaki"},"content":{"rendered":"<ul>\n<li>La marca francesa Namaki neix de tres valors fonamentals: transpar\u00e8ncia, confian\u00e7a i respecte. La marca aposta des del principi per un enfocament responsable creant productes ecodissenyats, naturals i org\u00e0nics.<\/li>\n<li>Des de la seva creaci\u00f3, han triat amb cura ingredients naturals i org\u00e0nics per a la formulaci\u00f3 dels productes.<\/li>\n<li>Namaki es converteix aix\u00ed en la marca pionera en el seu sector amb aquest producte estrella.<\/li>\n<li>Tots els envasos s\u00f3n reciclables, la majoria dels quals compten amb la certificaci\u00f3 Imprim&#8217;vert.<\/li>\n<li>Cap dels seus productes ha estat provat en animals, molt abans que la llei ho prohibeixi. Ja podeu gaudir del maquillatge m\u00e9s divertit que respecta la pell dels infants i el medi ambient.<\/li>\n<li>Aplicaci\u00f3:\n<ul>\n<li>Aplicar el color amb la brotxa sobre metxes de cabell sec.<\/li>\n<li>Assecar a l&#8217;aire o amb assecador per obtenir resultats m\u00e9s r\u00e0pids.<\/li>\n<li>S&#8217;elimina f\u00e0cilment amb aigua i xamp\u00fa.<\/li>\n<\/ul>\n<\/li>\n<li>Capacitat: 9ml<\/li>\n<li>Certificat per COSMOS ORGANIC.<\/li>\n<li>Mantingueu-vos fora de l&#8217;abast dels infants. No ingerir. Nom\u00e9s per a \u00fas extern.<\/li>\n<\/ul>\n","protected":false},"excerpt":{"rendered":"<p>M\u00e0scara per pintar els cabells disponibles en 6 colors no t\u00f2xica per a nens, molt f\u00e0cil d&#8217;aplicar i s&#8217;elimina f\u00e0cilment amb xamp\u00fa. Han estat desenvolupats per a tots els tons de cabell a partir d&#8217;una f\u00f3rmula natural, respectuosa amb la salut dels infants i el medi ambient.<\/p>\n","protected":false},"featured_media":52417,"template":"","meta":{"_acf_changed":false,"site-sidebar-layout":"default","site-content-layout":"default","ast-site-content-layout":"default","site-content-style":"default","site-sidebar-style":"default","ast-global-header-display":"","ast-banner-title-visibility":"","ast-main-header-display":"","ast-hfb-above-header-display":"","ast-hfb-below-header-display":"","ast-hfb-mobile-header-display":"","site-post-title":"","ast-breadcrumbs-content":"","ast-featured-img":"","footer-sml-layout":"","theme-transparent-header-meta":"default","adv-header-id-meta":"","stick-header-meta":"","header-above-stick-meta":"","header-main-stick-meta":"","header-below-stick-meta":"","astra-migrate-meta-layouts":"set","ast-page-background-enabled":"default","ast-page-background-meta":{"desktop":{"background-color":"","background-image":"","background-repeat":"repeat","background-position":"center center","background-size":"auto","background-attachment":"scroll","background-type":"","background-media":"","overlay-type":"","overlay-color":"","overlay-opacity":"","overlay-gradient":""},"tablet":{"background-color":"","background-image":"","background-repeat":"repeat","background-position":"center center","background-size":"auto","background-attachment":"scroll","background-type":"","background-media":"","overlay-type":"","overlay-color":"","overlay-opacity":"","overlay-gradient":""},"mobile":{"background-color":"","background-image":"","background-repeat":"repeat","background-position":"center center","background-size":"auto","background-attachment":"scroll","background-type":"","background-media":"","overlay-type":"","overlay-color":"","overlay-opacity":"","overlay-gradient":""}},"ast-content-background-meta":{"desktop":{"background-color":"var(--ast-global-color-5)","background-image":"","background-repeat":"repeat","background-position":"center center","background-size":"auto","background-attachment":"scroll","background-type":"","background-media":"","overlay-type":"","overlay-color":"","overlay-opacity":"","overlay-gradient":""},"tablet":{"background-color":"var(--ast-global-color-5)","background-image":"","background-repeat":"repeat","background-position":"center center","background-size":"auto","background-attachment":"scroll","background-type":"","background-media":"","overlay-type":"","overlay-color":"","overlay-opacity":"","overlay-gradient":""},"mobile":{"background-color":"var(--ast-global-color-5)","background-image":"","background-repeat":"repeat","background-position":"center center","background-size":"auto","background-attachment":"scroll","background-type":"","background-media":"","overlay-type":"","overlay-color":"","overlay-opacity":"","overlay-gradient":""}}},"pwb-brand":[],"product_brand":[],"product_cat":[579],"product_tag":[2066,2065,2064,1472,2063],"class_list":{"0":"post-20360","1":"product","2":"type-product","3":"status-publish","4":"has-post-thumbnail","6":"product_cat-cosmetica-lhora-del-bany-2","7":"product_tag-hair-mascara","8":"product_tag-mascara-pelo","9":"product_tag-namaki","10":"product_tag-organico","11":"product_tag-sin-toxicos","12":"pa_color-blau","13":"pa_color-lila","14":"pa_color-rosa","15":"pa_color-taronja","16":"pa_color-verd","17":"pa_color-vermell","18":"desktop-align-left","19":"tablet-align-left","20":"mobile-align-left","22":"first","23":"instock","24":"taxable","25":"shipping-taxable","26":"purchasable","27":"product-type-variable"},"acf":[],"yoast_head":"<!-- This site is optimized with the Yoast SEO Premium plugin v18.3 (Yoast SEO v27.4) - https:\/\/yoast.com\/product\/yoast-seo-premium-wordpress\/ -->\n<title>M\u00e0scara pel cabell disponible en 6 colors - Namaki &#8212; Som Llavors<\/title>\n<meta name=\"description\" content=\"M\u00e0scara per pintar els cabells disponibles en 6 colors no t\u00f2xica per a nens, molt f\u00e0cil d&#039;aplicar i s&#039;elimina f\u00e0cilment amb xamp\u00fa. Han estat desenvolupats per a tots els tons de cabell a partir d&#039;una f\u00f3rmula natural, respectuosa amb la salut dels infants i el medi ambient.\" \/>\n<meta name=\"robots\" content=\"index, follow, max-snippet:-1, max-image-preview:large, max-video-preview:-1\" \/>\n<link rel=\"canonical\" href=\"https:\/\/somllavors.com\/es\/producte\/mascara-de-cabell-disponible-en-6-colors-namaki\" \/>\n<meta property=\"og:locale\" content=\"es_ES\" \/>\n<meta property=\"og:type\" content=\"article\" \/>\n<meta property=\"og:title\" content=\"M\u00e0scara pel cabell disponible en 6 colors - Namaki\" \/>\n<meta property=\"og:description\" content=\"La teva botiga d\u2019ecocrian\u00e7a i espai d\u2019acompanyament a la maternitat\" \/>\n<meta property=\"og:url\" content=\"https:\/\/somllavors.com\/es\/producte\/mascara-de-cabell-disponible-en-6-colors-namaki\" \/>\n<meta property=\"og:site_name\" content=\"Som Llavors\" \/>\n<meta property=\"article:publisher\" content=\"https:\/\/www.facebook.com\/somllavorsvng\/?locale=ca_ES\" \/>\n<meta property=\"article:modified_time\" content=\"2026-01-26T17:00:19+00:00\" \/>\n<meta property=\"og:image\" content=\"https:\/\/somllavors.com\/wp-content\/uploads\/2022\/07\/Som-Llavors-MASCARA_KRAFT_NEW-VERSION_NAMAKI-scaled-1.jpg\" \/>\n\t<meta property=\"og:image:width\" content=\"1522\" \/>\n\t<meta property=\"og:image:height\" content=\"2560\" \/>\n\t<meta property=\"og:image:type\" content=\"image\/jpeg\" \/>\n<meta name=\"twitter:card\" content=\"summary_large_image\" \/>\n<meta name=\"twitter:label1\" content=\"Availability\" \/>\n\t<meta name=\"twitter:data1\" content=\"Hay existencias\" \/>\n<script type=\"application\/ld+json\" class=\"yoast-schema-graph\">{\"@context\":\"https:\\\/\\\/schema.org\",\"@graph\":[{\"@type\":\"WebPage\",\"@id\":\"https:\\\/\\\/somllavors.com\\\/es\\\/producte\\\/mascara-de-cabell-disponible-en-6-colors-namaki\",\"url\":\"https:\\\/\\\/somllavors.com\\\/es\\\/producte\\\/mascara-de-cabell-disponible-en-6-colors-namaki\",\"name\":\"M\u00e0scara pel cabell disponible en 6 colors - Namaki &#8212; Som Llavors\",\"isPartOf\":{\"@id\":\"https:\\\/\\\/somllavors.com\\\/es#website\"},\"primaryImageOfPage\":{\"@id\":\"https:\\\/\\\/somllavors.com\\\/es\\\/producte\\\/mascara-de-cabell-disponible-en-6-colors-namaki#primaryimage\"},\"image\":{\"@id\":\"https:\\\/\\\/somllavors.com\\\/es\\\/producte\\\/mascara-de-cabell-disponible-en-6-colors-namaki#primaryimage\"},\"thumbnailUrl\":\"https:\\\/\\\/somllavors.com\\\/wp-content\\\/uploads\\\/2022\\\/07\\\/Som-Llavors-MASCARA_KRAFT_NEW-VERSION_NAMAKI-scaled-1.jpg\",\"datePublished\":\"2022-07-02T14:30:46+00:00\",\"dateModified\":\"2026-01-26T17:00:19+00:00\",\"description\":\"M\u00e0scara per pintar els cabells disponibles en 6 colors no t\u00f2xica per a nens, molt f\u00e0cil d'aplicar i s'elimina f\u00e0cilment amb xamp\u00fa. Han estat desenvolupats per a tots els tons de cabell a partir d'una f\u00f3rmula natural, respectuosa amb la salut dels infants i el medi ambient.\",\"breadcrumb\":{\"@id\":\"https:\\\/\\\/somllavors.com\\\/es\\\/producte\\\/mascara-de-cabell-disponible-en-6-colors-namaki#breadcrumb\"},\"inLanguage\":\"es\",\"potentialAction\":[{\"@type\":\"ReadAction\",\"target\":[\"https:\\\/\\\/somllavors.com\\\/es\\\/producte\\\/mascara-de-cabell-disponible-en-6-colors-namaki\"]}]},{\"@type\":\"ImageObject\",\"inLanguage\":\"es\",\"@id\":\"https:\\\/\\\/somllavors.com\\\/es\\\/producte\\\/mascara-de-cabell-disponible-en-6-colors-namaki#primaryimage\",\"url\":\"https:\\\/\\\/somllavors.com\\\/wp-content\\\/uploads\\\/2022\\\/07\\\/Som-Llavors-MASCARA_KRAFT_NEW-VERSION_NAMAKI-scaled-1.jpg\",\"contentUrl\":\"https:\\\/\\\/somllavors.com\\\/wp-content\\\/uploads\\\/2022\\\/07\\\/Som-Llavors-MASCARA_KRAFT_NEW-VERSION_NAMAKI-scaled-1.jpg\",\"width\":1522,\"height\":2560,\"caption\":\"namaki mascara pelo\"},{\"@type\":\"BreadcrumbList\",\"@id\":\"https:\\\/\\\/somllavors.com\\\/es\\\/producte\\\/mascara-de-cabell-disponible-en-6-colors-namaki#breadcrumb\",\"itemListElement\":[{\"@type\":\"ListItem\",\"position\":1,\"name\":\"Inici\",\"item\":\"https:\\\/\\\/somllavors.com\\\/es\"},{\"@type\":\"ListItem\",\"position\":2,\"name\":\"Tienda\",\"item\":\"https:\\\/\\\/somllavors.com\\\/es\\\/botiga-2\"},{\"@type\":\"ListItem\",\"position\":3,\"name\":\"M\u00e0scara pel cabell disponible en 6 colors &#8211; Namaki\"}]},{\"@type\":\"WebSite\",\"@id\":\"https:\\\/\\\/somllavors.com\\\/es#website\",\"url\":\"https:\\\/\\\/somllavors.com\\\/es\",\"name\":\"Som Llavors\",\"description\":\"Botiga de crian\u00e7a natural\",\"publisher\":{\"@id\":\"https:\\\/\\\/somllavors.com\\\/es#organization\"},\"alternateName\":\"Crian\u00e7a Natural i Sostenible\",\"potentialAction\":[{\"@type\":\"SearchAction\",\"target\":{\"@type\":\"EntryPoint\",\"urlTemplate\":\"https:\\\/\\\/somllavors.com\\\/es?s={search_term_string}\"},\"query-input\":{\"@type\":\"PropertyValueSpecification\",\"valueRequired\":true,\"valueName\":\"search_term_string\"}}],\"inLanguage\":\"es\"},{\"@type\":[\"Organization\",\"Place\",\"Store\"],\"@id\":\"https:\\\/\\\/somllavors.com\\\/es#organization\",\"name\":\"Som Llavors\",\"alternateName\":\"Crian\u00e7a Natural i Sostenible\",\"url\":\"https:\\\/\\\/somllavors.com\\\/es\",\"logo\":{\"@id\":\"https:\\\/\\\/somllavors.com\\\/es\\\/producte\\\/mascara-de-cabell-disponible-en-6-colors-namaki#local-main-organization-logo\"},\"image\":{\"@id\":\"https:\\\/\\\/somllavors.com\\\/es\\\/producte\\\/mascara-de-cabell-disponible-en-6-colors-namaki#local-main-organization-logo\"},\"sameAs\":[\"https:\\\/\\\/www.facebook.com\\\/somllavorsvng\\\/?locale=ca_ES\",\"https:\\\/\\\/www.instagram.com\\\/somllavors_vng\\\/\",\"https:\\\/\\\/www.youtube.com\\\/@somllavors\"],\"address\":{\"@id\":\"https:\\\/\\\/somllavors.com\\\/es\\\/producte\\\/mascara-de-cabell-disponible-en-6-colors-namaki#local-main-place-address\"},\"geo\":{\"@type\":\"GeoCoordinates\",\"latitude\":\"41.2257737\",\"longitude\":\"1.723258859\"},\"telephone\":[\"623152704\"],\"openingHoursSpecification\":[{\"@type\":\"OpeningHoursSpecification\",\"dayOfWeek\":[\"Monday\",\"Sunday\"],\"opens\":\"00:00\",\"closes\":\"00:00\"},{\"@type\":\"OpeningHoursSpecification\",\"dayOfWeek\":[\"Tuesday\",\"Wednesday\",\"Thursday\",\"Friday\"],\"opens\":\"10:00\",\"closes\":\"20:00\"},{\"@type\":\"OpeningHoursSpecification\",\"dayOfWeek\":[\"Saturday\"],\"opens\":\"10:00\",\"closes\":\"13:30\"}],\"email\":\"info@somllavors.com\"},{\"@type\":\"PostalAddress\",\"@id\":\"https:\\\/\\\/somllavors.com\\\/es\\\/producte\\\/mascara-de-cabell-disponible-en-6-colors-namaki#local-main-place-address\",\"streetAddress\":\"Carrer de l'aigua, 6\",\"addressLocality\":\"Vilanova i la Geltr\u00fa\",\"postalCode\":\"08800\",\"addressRegion\":\"Barcelona\",\"addressCountry\":\"ES\"},{\"@type\":\"ImageObject\",\"inLanguage\":\"es\",\"@id\":\"https:\\\/\\\/somllavors.com\\\/es\\\/producte\\\/mascara-de-cabell-disponible-en-6-colors-namaki#local-main-organization-logo\",\"url\":\"https:\\\/\\\/somllavors.com\\\/wp-content\\\/uploads\\\/Logotip-Som-Llavors.jpg\",\"contentUrl\":\"https:\\\/\\\/somllavors.com\\\/wp-content\\\/uploads\\\/Logotip-Som-Llavors.jpg\",\"width\":1444,\"height\":1323,\"caption\":\"Som Llavors\"}]}<\/script>\n<meta property=\"og:availability\" content=\"instock\" \/>\n<meta property=\"product:availability\" content=\"instock\" \/>\n<meta property=\"product:condition\" content=\"new\" \/>\n<meta name=\"geo.placename\" content=\"Vilanova i la Geltr\u00fa\" \/>\n<meta name=\"geo.position\" content=\"41.2257737;1.723258859\" \/>\n<meta name=\"geo.region\" content=\"Espa\u00f1a\" \/>\n<!-- \/ Yoast SEO Premium plugin. -->","yoast_head_json":{"title":"M\u00e0scara pel cabell disponible en 6 colors - Namaki &#8212; Som Llavors","description":"M\u00e0scara per pintar els cabells disponibles en 6 colors no t\u00f2xica per a nens, molt f\u00e0cil d'aplicar i s'elimina f\u00e0cilment amb xamp\u00fa. Han estat desenvolupats per a tots els tons de cabell a partir d'una f\u00f3rmula natural, respectuosa amb la salut dels infants i el medi ambient.","robots":{"index":"index","follow":"follow","max-snippet":"max-snippet:-1","max-image-preview":"max-image-preview:large","max-video-preview":"max-video-preview:-1"},"canonical":"https:\/\/somllavors.com\/es\/producte\/mascara-de-cabell-disponible-en-6-colors-namaki","og_locale":"es_ES","og_type":"article","og_title":"M\u00e0scara pel cabell disponible en 6 colors - Namaki","og_description":"La teva botiga d\u2019ecocrian\u00e7a i espai d\u2019acompanyament a la maternitat","og_url":"https:\/\/somllavors.com\/es\/producte\/mascara-de-cabell-disponible-en-6-colors-namaki","og_site_name":"Som Llavors","article_publisher":"https:\/\/www.facebook.com\/somllavorsvng\/?locale=ca_ES","article_modified_time":"2026-01-26T17:00:19+00:00","og_image":[{"width":1522,"height":2560,"url":"https:\/\/somllavors.com\/wp-content\/uploads\/2022\/07\/Som-Llavors-MASCARA_KRAFT_NEW-VERSION_NAMAKI-scaled-1.jpg","type":"image\/jpeg"}],"twitter_card":"summary_large_image","twitter_misc":{"Availability":"Hay existencias"},"schema":{"@context":"https:\/\/schema.org","@graph":[{"@type":"WebPage","@id":"https:\/\/somllavors.com\/es\/producte\/mascara-de-cabell-disponible-en-6-colors-namaki","url":"https:\/\/somllavors.com\/es\/producte\/mascara-de-cabell-disponible-en-6-colors-namaki","name":"M\u00e0scara pel cabell disponible en 6 colors - Namaki &#8212; Som Llavors","isPartOf":{"@id":"https:\/\/somllavors.com\/es#website"},"primaryImageOfPage":{"@id":"https:\/\/somllavors.com\/es\/producte\/mascara-de-cabell-disponible-en-6-colors-namaki#primaryimage"},"image":{"@id":"https:\/\/somllavors.com\/es\/producte\/mascara-de-cabell-disponible-en-6-colors-namaki#primaryimage"},"thumbnailUrl":"https:\/\/somllavors.com\/wp-content\/uploads\/2022\/07\/Som-Llavors-MASCARA_KRAFT_NEW-VERSION_NAMAKI-scaled-1.jpg","datePublished":"2022-07-02T14:30:46+00:00","dateModified":"2026-01-26T17:00:19+00:00","description":"M\u00e0scara per pintar els cabells disponibles en 6 colors no t\u00f2xica per a nens, molt f\u00e0cil d'aplicar i s'elimina f\u00e0cilment amb xamp\u00fa. Han estat desenvolupats per a tots els tons de cabell a partir d'una f\u00f3rmula natural, respectuosa amb la salut dels infants i el medi ambient.","breadcrumb":{"@id":"https:\/\/somllavors.com\/es\/producte\/mascara-de-cabell-disponible-en-6-colors-namaki#breadcrumb"},"inLanguage":"es","potentialAction":[{"@type":"ReadAction","target":["https:\/\/somllavors.com\/es\/producte\/mascara-de-cabell-disponible-en-6-colors-namaki"]}]},{"@type":"ImageObject","inLanguage":"es","@id":"https:\/\/somllavors.com\/es\/producte\/mascara-de-cabell-disponible-en-6-colors-namaki#primaryimage","url":"https:\/\/somllavors.com\/wp-content\/uploads\/2022\/07\/Som-Llavors-MASCARA_KRAFT_NEW-VERSION_NAMAKI-scaled-1.jpg","contentUrl":"https:\/\/somllavors.com\/wp-content\/uploads\/2022\/07\/Som-Llavors-MASCARA_KRAFT_NEW-VERSION_NAMAKI-scaled-1.jpg","width":1522,"height":2560,"caption":"namaki mascara pelo"},{"@type":"BreadcrumbList","@id":"https:\/\/somllavors.com\/es\/producte\/mascara-de-cabell-disponible-en-6-colors-namaki#breadcrumb","itemListElement":[{"@type":"ListItem","position":1,"name":"Inici","item":"https:\/\/somllavors.com\/es"},{"@type":"ListItem","position":2,"name":"Tienda","item":"https:\/\/somllavors.com\/es\/botiga-2"},{"@type":"ListItem","position":3,"name":"M\u00e0scara pel cabell disponible en 6 colors &#8211; Namaki"}]},{"@type":"WebSite","@id":"https:\/\/somllavors.com\/es#website","url":"https:\/\/somllavors.com\/es","name":"Som Llavors","description":"Botiga de crian\u00e7a natural","publisher":{"@id":"https:\/\/somllavors.com\/es#organization"},"alternateName":"Crian\u00e7a Natural i Sostenible","potentialAction":[{"@type":"SearchAction","target":{"@type":"EntryPoint","urlTemplate":"https:\/\/somllavors.com\/es?s={search_term_string}"},"query-input":{"@type":"PropertyValueSpecification","valueRequired":true,"valueName":"search_term_string"}}],"inLanguage":"es"},{"@type":["Organization","Place","Store"],"@id":"https:\/\/somllavors.com\/es#organization","name":"Som Llavors","alternateName":"Crian\u00e7a Natural i Sostenible","url":"https:\/\/somllavors.com\/es","logo":{"@id":"https:\/\/somllavors.com\/es\/producte\/mascara-de-cabell-disponible-en-6-colors-namaki#local-main-organization-logo"},"image":{"@id":"https:\/\/somllavors.com\/es\/producte\/mascara-de-cabell-disponible-en-6-colors-namaki#local-main-organization-logo"},"sameAs":["https:\/\/www.facebook.com\/somllavorsvng\/?locale=ca_ES","https:\/\/www.instagram.com\/somllavors_vng\/","https:\/\/www.youtube.com\/@somllavors"],"address":{"@id":"https:\/\/somllavors.com\/es\/producte\/mascara-de-cabell-disponible-en-6-colors-namaki#local-main-place-address"},"geo":{"@type":"GeoCoordinates","latitude":"41.2257737","longitude":"1.723258859"},"telephone":["623152704","623152704"],"openingHoursSpecification":[{"@type":"OpeningHoursSpecification","dayOfWeek":["Monday","Sunday"],"opens":"00:00","closes":"00:00"},{"@type":"OpeningHoursSpecification","dayOfWeek":["Tuesday","Wednesday","Thursday","Friday"],"opens":"10:00","closes":"20:00"},{"@type":"OpeningHoursSpecification","dayOfWeek":["Saturday"],"opens":"10:00","closes":"13:30"}],"email":"info@somllavors.com"},{"@type":"PostalAddress","@id":"https:\/\/somllavors.com\/es\/producte\/mascara-de-cabell-disponible-en-6-colors-namaki#local-main-place-address","streetAddress":"Carrer de l'aigua, 6","addressLocality":"Vilanova i la Geltr\u00fa","postalCode":"08800","addressRegion":"Barcelona","addressCountry":"ES"},{"@type":"ImageObject","inLanguage":"es","@id":"https:\/\/somllavors.com\/es\/producte\/mascara-de-cabell-disponible-en-6-colors-namaki#local-main-organization-logo","url":"https:\/\/somllavors.com\/wp-content\/uploads\/Logotip-Som-Llavors.jpg","contentUrl":"https:\/\/somllavors.com\/wp-content\/uploads\/Logotip-Som-Llavors.jpg","width":1444,"height":1323,"caption":"Som Llavors"}]},"og_availability":"instock","product_availability":"instock","product_condition":"new","geo.placename":"Vilanova i la Geltr\u00fa","geo.position":{"lat":"41.2257737","long":"1.723258859"},"geo.region":"Espa\u00f1a"},"brands":[],"_links":{"self":[{"href":"https:\/\/somllavors.com\/es\/wp-json\/wp\/v2\/product\/20360","targetHints":{"allow":["GET"]}}],"collection":[{"href":"https:\/\/somllavors.com\/es\/wp-json\/wp\/v2\/product"}],"about":[{"href":"https:\/\/somllavors.com\/es\/wp-json\/wp\/v2\/types\/product"}],"wp:featuredmedia":[{"embeddable":true,"href":"https:\/\/somllavors.com\/es\/wp-json\/wp\/v2\/media\/52417"}],"wp:attachment":[{"href":"https:\/\/somllavors.com\/es\/wp-json\/wp\/v2\/media?parent=20360"}],"wp:term":[{"taxonomy":"pwb-brand","embeddable":true,"href":"https:\/\/somllavors.com\/es\/wp-json\/wp\/v2\/pwb-brand?post=20360"},{"taxonomy":"product_brand","embeddable":true,"href":"https:\/\/somllavors.com\/es\/wp-json\/wp\/v2\/product_brand?post=20360"},{"taxonomy":"product_cat","embeddable":true,"href":"https:\/\/somllavors.com\/es\/wp-json\/wp\/v2\/product_cat?post=20360"},{"taxonomy":"product_tag","embeddable":true,"href":"https:\/\/somllavors.com\/es\/wp-json\/wp\/v2\/product_tag?post=20360"}],"curies":[{"name":"wp","href":"https:\/\/api.w.org\/{rel}","templated":true}]}}