{"id":25141,"date":"2022-07-05T23:28:16","date_gmt":"2022-07-05T21:28:16","guid":{"rendered":"https:\/\/somllavors.com\/producto\/calcetines-antideslizantes-x2-marron-gris-lassig\/"},"modified":"2023-12-30T18:38:57","modified_gmt":"2023-12-30T17:38:57","slug":"mitjons-antilliscants-x2-marro-gris-lassig","status":"publish","type":"product","link":"https:\/\/somllavors.com\/es\/producte\/mitjons-antilliscants-x2-marro-gris-lassig","title":{"rendered":"Mitjons antilliscants x2 Blau\/Gris &#8211; Lassig"},"content":{"rendered":"<ul>\n<li>Material: 80% cot\u00f3 org\u00e0nic, 18% poliamida i 2% elast\u00e0.<\/li>\n<li>Instruccions de cura: rentat normal 30\u00b0C<\/li>\n<li>Sola goma antilliscant<\/li>\n<li>Pack amb 2 unitats de colors assortits.<\/li>\n<\/ul>\n","protected":false},"excerpt":{"rendered":"<p>Els mitjons antilliscants de L\u00e4ssig amb una sola de silicona especial, permeten al nad\u00f3 fer els seus primers passos de forma segura. Fets de cot\u00f3 org\u00e0nic, no nom\u00e9s protegeixen els peus petits del fred, sin\u00f3 que tamb\u00e9 asseguren una subjecci\u00f3 segura en superf\u00edcies relliscoses.<\/p>\n","protected":false},"featured_media":25118,"template":"","meta":{"_acf_changed":false,"site-sidebar-layout":"default","site-content-layout":"default","ast-site-content-layout":"default","site-content-style":"default","site-sidebar-style":"default","ast-global-header-display":"","ast-banner-title-visibility":"","ast-main-header-display":"","ast-hfb-above-header-display":"","ast-hfb-below-header-display":"","ast-hfb-mobile-header-display":"","site-post-title":"","ast-breadcrumbs-content":"","ast-featured-img":"","footer-sml-layout":"","theme-transparent-header-meta":"default","adv-header-id-meta":"","stick-header-meta":"","header-above-stick-meta":"","header-main-stick-meta":"","header-below-stick-meta":"","astra-migrate-meta-layouts":"default","ast-page-background-enabled":"default","ast-page-background-meta":{"desktop":{"background-color":"","background-image":"","background-repeat":"repeat","background-position":"center center","background-size":"auto","background-attachment":"scroll","background-type":"","background-media":"","overlay-type":"","overlay-color":"","overlay-opacity":"","overlay-gradient":""},"tablet":{"background-color":"","background-image":"","background-repeat":"repeat","background-position":"center center","background-size":"auto","background-attachment":"scroll","background-type":"","background-media":"","overlay-type":"","overlay-color":"","overlay-opacity":"","overlay-gradient":""},"mobile":{"background-color":"","background-image":"","background-repeat":"repeat","background-position":"center center","background-size":"auto","background-attachment":"scroll","background-type":"","background-media":"","overlay-type":"","overlay-color":"","overlay-opacity":"","overlay-gradient":""}},"ast-content-background-meta":{"desktop":{"background-color":"var(--ast-global-color-5)","background-image":"","background-repeat":"repeat","background-position":"center center","background-size":"auto","background-attachment":"scroll","background-type":"","background-media":"","overlay-type":"","overlay-color":"","overlay-opacity":"","overlay-gradient":""},"tablet":{"background-color":"var(--ast-global-color-5)","background-image":"","background-repeat":"repeat","background-position":"center center","background-size":"auto","background-attachment":"scroll","background-type":"","background-media":"","overlay-type":"","overlay-color":"","overlay-opacity":"","overlay-gradient":""},"mobile":{"background-color":"var(--ast-global-color-5)","background-image":"","background-repeat":"repeat","background-position":"center center","background-size":"auto","background-attachment":"scroll","background-type":"","background-media":"","overlay-type":"","overlay-color":"","overlay-opacity":"","overlay-gradient":""}}},"pwb-brand":[4108],"product_brand":[],"product_cat":[4521,3532,3611],"product_tag":[2146,2156,2147,2148],"class_list":{"0":"post-25141","1":"product","2":"type-product","3":"status-publish","4":"has-post-thumbnail","6":"pwb-brand-lassig","7":"product_cat-10-20e-es","8":"product_cat-calcetines-antideslizantes","9":"product_cat-vuelta-al-cole","10":"product_tag-algodon-organico-es","11":"product_tag-antideslizantes-es","12":"product_tag-calcetines-es","13":"product_tag-lassig-es","14":"pa_talla-19-22-es","15":"pa_talla-23-26-es","16":"pa_talla-27-30-es","17":"desktop-align-left","18":"tablet-align-left","19":"mobile-align-left","21":"first","22":"outofstock","23":"taxable","24":"shipping-taxable","25":"purchasable","26":"product-type-variable"},"acf":[],"yoast_head":"<!-- This site is optimized with the Yoast SEO Premium plugin v18.3 (Yoast SEO v27.4) - https:\/\/yoast.com\/product\/yoast-seo-premium-wordpress\/ -->\n<title>Mitjons antilliscants x2 Blau\/Gris - Lassig &#8212; Som Llavors<\/title>\n<meta name=\"description\" content=\"Els mitjons antilliscants de L\u00e4ssig amb una sola de silicona especial, permeten al nad\u00f3 fer els seus primers passos de forma segura. Fets de cot\u00f3 org\u00e0nic, no nom\u00e9s protegeixen els peus petits del fred, sin\u00f3 que tamb\u00e9 asseguren una subjecci\u00f3 segura en superf\u00edcies relliscoses.\" \/>\n<meta name=\"robots\" content=\"index, follow, max-snippet:-1, max-image-preview:large, max-video-preview:-1\" \/>\n<link rel=\"canonical\" href=\"https:\/\/somllavors.com\/es\/producte\/mitjons-antilliscants-x2-marro-gris-lassig\" \/>\n<meta property=\"og:locale\" content=\"es_ES\" \/>\n<meta property=\"og:type\" content=\"article\" \/>\n<meta property=\"og:title\" content=\"Mitjons antilliscants x2 Blau\/Gris - Lassig\" \/>\n<meta property=\"og:description\" content=\"La teva botiga d\u2019ecocrian\u00e7a i espai d\u2019acompanyament a la maternitat\" \/>\n<meta property=\"og:url\" content=\"https:\/\/somllavors.com\/es\/producte\/mitjons-antilliscants-x2-marro-gris-lassig\" \/>\n<meta property=\"og:site_name\" content=\"Som Llavors\" \/>\n<meta property=\"article:publisher\" content=\"https:\/\/www.facebook.com\/somllavorsvng\/?locale=ca_ES\" \/>\n<meta property=\"article:modified_time\" content=\"2023-12-30T17:38:57+00:00\" \/>\n<meta property=\"og:image\" content=\"https:\/\/somllavors.com\/wp-content\/uploads\/Som-Llavors-CALCETINES-ANTIDES.-2PCS-BG-19-22.jpeg\" \/>\n\t<meta property=\"og:image:width\" content=\"768\" \/>\n\t<meta property=\"og:image:height\" content=\"768\" \/>\n\t<meta property=\"og:image:type\" content=\"image\/jpeg\" \/>\n<meta name=\"twitter:card\" content=\"summary_large_image\" \/>\n<meta name=\"twitter:label1\" content=\"Availability\" \/>\n\t<meta name=\"twitter:data1\" content=\"Out of stock\" \/>\n<script type=\"application\/ld+json\" class=\"yoast-schema-graph\">{\"@context\":\"https:\\\/\\\/schema.org\",\"@graph\":[{\"@type\":\"WebPage\",\"@id\":\"https:\\\/\\\/somllavors.com\\\/es\\\/producte\\\/mitjons-antilliscants-x2-marro-gris-lassig\",\"url\":\"https:\\\/\\\/somllavors.com\\\/es\\\/producte\\\/mitjons-antilliscants-x2-marro-gris-lassig\",\"name\":\"Mitjons antilliscants x2 Blau\\\/Gris - Lassig &#8212; Som Llavors\",\"isPartOf\":{\"@id\":\"https:\\\/\\\/somllavors.com\\\/es#website\"},\"primaryImageOfPage\":{\"@id\":\"https:\\\/\\\/somllavors.com\\\/es\\\/producte\\\/mitjons-antilliscants-x2-marro-gris-lassig#primaryimage\"},\"image\":{\"@id\":\"https:\\\/\\\/somllavors.com\\\/es\\\/producte\\\/mitjons-antilliscants-x2-marro-gris-lassig#primaryimage\"},\"thumbnailUrl\":\"https:\\\/\\\/somllavors.com\\\/wp-content\\\/uploads\\\/Som-Llavors-CALCETINES-ANTIDES.-2PCS-BG-19-22.jpeg\",\"datePublished\":\"2022-07-05T21:28:16+00:00\",\"dateModified\":\"2023-12-30T17:38:57+00:00\",\"description\":\"Els mitjons antilliscants de L\u00e4ssig amb una sola de silicona especial, permeten al nad\u00f3 fer els seus primers passos de forma segura. Fets de cot\u00f3 org\u00e0nic, no nom\u00e9s protegeixen els peus petits del fred, sin\u00f3 que tamb\u00e9 asseguren una subjecci\u00f3 segura en superf\u00edcies relliscoses.\",\"breadcrumb\":{\"@id\":\"https:\\\/\\\/somllavors.com\\\/es\\\/producte\\\/mitjons-antilliscants-x2-marro-gris-lassig#breadcrumb\"},\"inLanguage\":\"es\",\"potentialAction\":[{\"@type\":\"ReadAction\",\"target\":[\"https:\\\/\\\/somllavors.com\\\/es\\\/producte\\\/mitjons-antilliscants-x2-marro-gris-lassig\"]}]},{\"@type\":\"ImageObject\",\"inLanguage\":\"es\",\"@id\":\"https:\\\/\\\/somllavors.com\\\/es\\\/producte\\\/mitjons-antilliscants-x2-marro-gris-lassig#primaryimage\",\"url\":\"https:\\\/\\\/somllavors.com\\\/wp-content\\\/uploads\\\/Som-Llavors-CALCETINES-ANTIDES.-2PCS-BG-19-22.jpeg\",\"contentUrl\":\"https:\\\/\\\/somllavors.com\\\/wp-content\\\/uploads\\\/Som-Llavors-CALCETINES-ANTIDES.-2PCS-BG-19-22.jpeg\",\"width\":768,\"height\":768,\"caption\":\"Los calcetines antideslizantes de L\u00c4SSIG con una suela de silicona especial, permiten al beb\u00e9 dar sus primeros pasos de forma segura. Hechos de algod\u00f3n org\u00e1nico, no s\u00f3lo protegen los pies peque\u00f1os del fr\u00edo, sino que tambi\u00e9n aseguran un agarre seguro en superficies resbaladizas. Material: 80% algod\u00f3n org\u00e1nico, 18% poliamida y 2% elastano. Instrucciones de cuidado: lavado normal 30\u00b0 C Suela goma antideslizante Pack con 2 unidades en colores surtidos.\"},{\"@type\":\"BreadcrumbList\",\"@id\":\"https:\\\/\\\/somllavors.com\\\/es\\\/producte\\\/mitjons-antilliscants-x2-marro-gris-lassig#breadcrumb\",\"itemListElement\":[{\"@type\":\"ListItem\",\"position\":1,\"name\":\"Inici\",\"item\":\"https:\\\/\\\/somllavors.com\\\/es\"},{\"@type\":\"ListItem\",\"position\":2,\"name\":\"Tienda\",\"item\":\"https:\\\/\\\/somllavors.com\\\/es\\\/botiga-2\"},{\"@type\":\"ListItem\",\"position\":3,\"name\":\"Mitjons antilliscants x2 Blau\\\/Gris &#8211; Lassig\"}]},{\"@type\":\"WebSite\",\"@id\":\"https:\\\/\\\/somllavors.com\\\/es#website\",\"url\":\"https:\\\/\\\/somllavors.com\\\/es\",\"name\":\"Som Llavors\",\"description\":\"Botiga de crian\u00e7a natural\",\"publisher\":{\"@id\":\"https:\\\/\\\/somllavors.com\\\/es#organization\"},\"alternateName\":\"Crian\u00e7a Natural i Sostenible\",\"potentialAction\":[{\"@type\":\"SearchAction\",\"target\":{\"@type\":\"EntryPoint\",\"urlTemplate\":\"https:\\\/\\\/somllavors.com\\\/es?s={search_term_string}\"},\"query-input\":{\"@type\":\"PropertyValueSpecification\",\"valueRequired\":true,\"valueName\":\"search_term_string\"}}],\"inLanguage\":\"es\"},{\"@type\":[\"Organization\",\"Place\",\"Store\"],\"@id\":\"https:\\\/\\\/somllavors.com\\\/es#organization\",\"name\":\"Som Llavors\",\"alternateName\":\"Crian\u00e7a Natural i Sostenible\",\"url\":\"https:\\\/\\\/somllavors.com\\\/es\",\"logo\":{\"@id\":\"https:\\\/\\\/somllavors.com\\\/es\\\/producte\\\/mitjons-antilliscants-x2-marro-gris-lassig#local-main-organization-logo\"},\"image\":{\"@id\":\"https:\\\/\\\/somllavors.com\\\/es\\\/producte\\\/mitjons-antilliscants-x2-marro-gris-lassig#local-main-organization-logo\"},\"sameAs\":[\"https:\\\/\\\/www.facebook.com\\\/somllavorsvng\\\/?locale=ca_ES\",\"https:\\\/\\\/www.instagram.com\\\/somllavors_vng\\\/\",\"https:\\\/\\\/www.youtube.com\\\/@somllavors\"],\"address\":{\"@id\":\"https:\\\/\\\/somllavors.com\\\/es\\\/producte\\\/mitjons-antilliscants-x2-marro-gris-lassig#local-main-place-address\"},\"geo\":{\"@type\":\"GeoCoordinates\",\"latitude\":\"41.2257737\",\"longitude\":\"1.723258859\"},\"telephone\":[\"623152704\"],\"openingHoursSpecification\":[{\"@type\":\"OpeningHoursSpecification\",\"dayOfWeek\":[\"Monday\",\"Sunday\"],\"opens\":\"00:00\",\"closes\":\"00:00\"},{\"@type\":\"OpeningHoursSpecification\",\"dayOfWeek\":[\"Tuesday\",\"Wednesday\",\"Thursday\",\"Friday\"],\"opens\":\"10:00\",\"closes\":\"20:00\"},{\"@type\":\"OpeningHoursSpecification\",\"dayOfWeek\":[\"Saturday\"],\"opens\":\"10:00\",\"closes\":\"13:30\"}],\"email\":\"info@somllavors.com\"},{\"@type\":\"PostalAddress\",\"@id\":\"https:\\\/\\\/somllavors.com\\\/es\\\/producte\\\/mitjons-antilliscants-x2-marro-gris-lassig#local-main-place-address\",\"streetAddress\":\"Carrer de l'aigua, 6\",\"addressLocality\":\"Vilanova i la Geltr\u00fa\",\"postalCode\":\"08800\",\"addressRegion\":\"Barcelona\",\"addressCountry\":\"ES\"},{\"@type\":\"ImageObject\",\"inLanguage\":\"es\",\"@id\":\"https:\\\/\\\/somllavors.com\\\/es\\\/producte\\\/mitjons-antilliscants-x2-marro-gris-lassig#local-main-organization-logo\",\"url\":\"https:\\\/\\\/somllavors.com\\\/wp-content\\\/uploads\\\/Logotip-Som-Llavors.jpg\",\"contentUrl\":\"https:\\\/\\\/somllavors.com\\\/wp-content\\\/uploads\\\/Logotip-Som-Llavors.jpg\",\"width\":1444,\"height\":1323,\"caption\":\"Som Llavors\"}]}<\/script>\n<meta property=\"og:availability\" content=\"out of stock\" \/>\n<meta property=\"product:availability\" content=\"out of stock\" \/>\n<meta property=\"product:condition\" content=\"new\" \/>\n<meta name=\"geo.placename\" content=\"Vilanova i la Geltr\u00fa\" \/>\n<meta name=\"geo.position\" content=\"41.2257737;1.723258859\" \/>\n<meta name=\"geo.region\" content=\"Espa\u00f1a\" \/>\n<!-- \/ Yoast SEO Premium plugin. -->","yoast_head_json":{"title":"Mitjons antilliscants x2 Blau\/Gris - Lassig &#8212; Som Llavors","description":"Els mitjons antilliscants de L\u00e4ssig amb una sola de silicona especial, permeten al nad\u00f3 fer els seus primers passos de forma segura. Fets de cot\u00f3 org\u00e0nic, no nom\u00e9s protegeixen els peus petits del fred, sin\u00f3 que tamb\u00e9 asseguren una subjecci\u00f3 segura en superf\u00edcies relliscoses.","robots":{"index":"index","follow":"follow","max-snippet":"max-snippet:-1","max-image-preview":"max-image-preview:large","max-video-preview":"max-video-preview:-1"},"canonical":"https:\/\/somllavors.com\/es\/producte\/mitjons-antilliscants-x2-marro-gris-lassig","og_locale":"es_ES","og_type":"article","og_title":"Mitjons antilliscants x2 Blau\/Gris - Lassig","og_description":"La teva botiga d\u2019ecocrian\u00e7a i espai d\u2019acompanyament a la maternitat","og_url":"https:\/\/somllavors.com\/es\/producte\/mitjons-antilliscants-x2-marro-gris-lassig","og_site_name":"Som Llavors","article_publisher":"https:\/\/www.facebook.com\/somllavorsvng\/?locale=ca_ES","article_modified_time":"2023-12-30T17:38:57+00:00","og_image":[{"width":768,"height":768,"url":"https:\/\/somllavors.com\/wp-content\/uploads\/Som-Llavors-CALCETINES-ANTIDES.-2PCS-BG-19-22.jpeg","type":"image\/jpeg"}],"twitter_card":"summary_large_image","twitter_misc":{"Availability":"Out of stock"},"schema":{"@context":"https:\/\/schema.org","@graph":[{"@type":"WebPage","@id":"https:\/\/somllavors.com\/es\/producte\/mitjons-antilliscants-x2-marro-gris-lassig","url":"https:\/\/somllavors.com\/es\/producte\/mitjons-antilliscants-x2-marro-gris-lassig","name":"Mitjons antilliscants x2 Blau\/Gris - Lassig &#8212; Som Llavors","isPartOf":{"@id":"https:\/\/somllavors.com\/es#website"},"primaryImageOfPage":{"@id":"https:\/\/somllavors.com\/es\/producte\/mitjons-antilliscants-x2-marro-gris-lassig#primaryimage"},"image":{"@id":"https:\/\/somllavors.com\/es\/producte\/mitjons-antilliscants-x2-marro-gris-lassig#primaryimage"},"thumbnailUrl":"https:\/\/somllavors.com\/wp-content\/uploads\/Som-Llavors-CALCETINES-ANTIDES.-2PCS-BG-19-22.jpeg","datePublished":"2022-07-05T21:28:16+00:00","dateModified":"2023-12-30T17:38:57+00:00","description":"Els mitjons antilliscants de L\u00e4ssig amb una sola de silicona especial, permeten al nad\u00f3 fer els seus primers passos de forma segura. Fets de cot\u00f3 org\u00e0nic, no nom\u00e9s protegeixen els peus petits del fred, sin\u00f3 que tamb\u00e9 asseguren una subjecci\u00f3 segura en superf\u00edcies relliscoses.","breadcrumb":{"@id":"https:\/\/somllavors.com\/es\/producte\/mitjons-antilliscants-x2-marro-gris-lassig#breadcrumb"},"inLanguage":"es","potentialAction":[{"@type":"ReadAction","target":["https:\/\/somllavors.com\/es\/producte\/mitjons-antilliscants-x2-marro-gris-lassig"]}]},{"@type":"ImageObject","inLanguage":"es","@id":"https:\/\/somllavors.com\/es\/producte\/mitjons-antilliscants-x2-marro-gris-lassig#primaryimage","url":"https:\/\/somllavors.com\/wp-content\/uploads\/Som-Llavors-CALCETINES-ANTIDES.-2PCS-BG-19-22.jpeg","contentUrl":"https:\/\/somllavors.com\/wp-content\/uploads\/Som-Llavors-CALCETINES-ANTIDES.-2PCS-BG-19-22.jpeg","width":768,"height":768,"caption":"Los calcetines antideslizantes de L\u00c4SSIG con una suela de silicona especial, permiten al beb\u00e9 dar sus primeros pasos de forma segura. Hechos de algod\u00f3n org\u00e1nico, no s\u00f3lo protegen los pies peque\u00f1os del fr\u00edo, sino que tambi\u00e9n aseguran un agarre seguro en superficies resbaladizas. Material: 80% algod\u00f3n org\u00e1nico, 18% poliamida y 2% elastano. Instrucciones de cuidado: lavado normal 30\u00b0 C Suela goma antideslizante Pack con 2 unidades en colores surtidos."},{"@type":"BreadcrumbList","@id":"https:\/\/somllavors.com\/es\/producte\/mitjons-antilliscants-x2-marro-gris-lassig#breadcrumb","itemListElement":[{"@type":"ListItem","position":1,"name":"Inici","item":"https:\/\/somllavors.com\/es"},{"@type":"ListItem","position":2,"name":"Tienda","item":"https:\/\/somllavors.com\/es\/botiga-2"},{"@type":"ListItem","position":3,"name":"Mitjons antilliscants x2 Blau\/Gris &#8211; Lassig"}]},{"@type":"WebSite","@id":"https:\/\/somllavors.com\/es#website","url":"https:\/\/somllavors.com\/es","name":"Som Llavors","description":"Botiga de crian\u00e7a natural","publisher":{"@id":"https:\/\/somllavors.com\/es#organization"},"alternateName":"Crian\u00e7a Natural i Sostenible","potentialAction":[{"@type":"SearchAction","target":{"@type":"EntryPoint","urlTemplate":"https:\/\/somllavors.com\/es?s={search_term_string}"},"query-input":{"@type":"PropertyValueSpecification","valueRequired":true,"valueName":"search_term_string"}}],"inLanguage":"es"},{"@type":["Organization","Place","Store"],"@id":"https:\/\/somllavors.com\/es#organization","name":"Som Llavors","alternateName":"Crian\u00e7a Natural i Sostenible","url":"https:\/\/somllavors.com\/es","logo":{"@id":"https:\/\/somllavors.com\/es\/producte\/mitjons-antilliscants-x2-marro-gris-lassig#local-main-organization-logo"},"image":{"@id":"https:\/\/somllavors.com\/es\/producte\/mitjons-antilliscants-x2-marro-gris-lassig#local-main-organization-logo"},"sameAs":["https:\/\/www.facebook.com\/somllavorsvng\/?locale=ca_ES","https:\/\/www.instagram.com\/somllavors_vng\/","https:\/\/www.youtube.com\/@somllavors"],"address":{"@id":"https:\/\/somllavors.com\/es\/producte\/mitjons-antilliscants-x2-marro-gris-lassig#local-main-place-address"},"geo":{"@type":"GeoCoordinates","latitude":"41.2257737","longitude":"1.723258859"},"telephone":["623152704","623152704"],"openingHoursSpecification":[{"@type":"OpeningHoursSpecification","dayOfWeek":["Monday","Sunday"],"opens":"00:00","closes":"00:00"},{"@type":"OpeningHoursSpecification","dayOfWeek":["Tuesday","Wednesday","Thursday","Friday"],"opens":"10:00","closes":"20:00"},{"@type":"OpeningHoursSpecification","dayOfWeek":["Saturday"],"opens":"10:00","closes":"13:30"}],"email":"info@somllavors.com"},{"@type":"PostalAddress","@id":"https:\/\/somllavors.com\/es\/producte\/mitjons-antilliscants-x2-marro-gris-lassig#local-main-place-address","streetAddress":"Carrer de l'aigua, 6","addressLocality":"Vilanova i la Geltr\u00fa","postalCode":"08800","addressRegion":"Barcelona","addressCountry":"ES"},{"@type":"ImageObject","inLanguage":"es","@id":"https:\/\/somllavors.com\/es\/producte\/mitjons-antilliscants-x2-marro-gris-lassig#local-main-organization-logo","url":"https:\/\/somllavors.com\/wp-content\/uploads\/Logotip-Som-Llavors.jpg","contentUrl":"https:\/\/somllavors.com\/wp-content\/uploads\/Logotip-Som-Llavors.jpg","width":1444,"height":1323,"caption":"Som Llavors"}]},"og_availability":"out of stock","product_availability":"out of stock","product_condition":"new","geo.placename":"Vilanova i la Geltr\u00fa","geo.position":{"lat":"41.2257737","long":"1.723258859"},"geo.region":"Espa\u00f1a"},"brands":[{"id":4108,"name":"Lassig","slug":"lassig"}],"_links":{"self":[{"href":"https:\/\/somllavors.com\/es\/wp-json\/wp\/v2\/product\/25141","targetHints":{"allow":["GET"]}}],"collection":[{"href":"https:\/\/somllavors.com\/es\/wp-json\/wp\/v2\/product"}],"about":[{"href":"https:\/\/somllavors.com\/es\/wp-json\/wp\/v2\/types\/product"}],"wp:featuredmedia":[{"embeddable":true,"href":"https:\/\/somllavors.com\/es\/wp-json\/wp\/v2\/media\/25118"}],"wp:attachment":[{"href":"https:\/\/somllavors.com\/es\/wp-json\/wp\/v2\/media?parent=25141"}],"wp:term":[{"taxonomy":"pwb-brand","embeddable":true,"href":"https:\/\/somllavors.com\/es\/wp-json\/wp\/v2\/pwb-brand?post=25141"},{"taxonomy":"product_brand","embeddable":true,"href":"https:\/\/somllavors.com\/es\/wp-json\/wp\/v2\/product_brand?post=25141"},{"taxonomy":"product_cat","embeddable":true,"href":"https:\/\/somllavors.com\/es\/wp-json\/wp\/v2\/product_cat?post=25141"},{"taxonomy":"product_tag","embeddable":true,"href":"https:\/\/somllavors.com\/es\/wp-json\/wp\/v2\/product_tag?post=25141"}],"curies":[{"name":"wp","href":"https:\/\/api.w.org\/{rel}","templated":true}]}}