{"id":25654,"date":"2022-07-15T11:22:51","date_gmt":"2022-07-15T09:22:51","guid":{"rendered":"https:\/\/somllavors.com\/?post_type=product&#038;p=25654"},"modified":"2024-06-01T17:52:18","modified_gmt":"2024-06-01T15:52:18","slug":"compreses-de-dia-coto-organic-3-unitats-rosa-sprinkle","status":"publish","type":"product","link":"https:\/\/somllavors.com\/es\/producte\/compreses-de-dia-coto-organic-3-unitats-rosa-sprinkle","title":{"rendered":"Compreses de dia cot\u00f3 org\u00e0nic 3 unitats &#8211; Rosa Sprinkle"},"content":{"rendered":"<ul>\n<li id=\"tw-target-text\" class=\"tw-data-text tw-text-large XcVN5d tw-ta\" dir=\"ltr\" data-placeholder=\"Traducci\u00f3\"><span class=\"Y2IQFc\" lang=\"ca\">Tenen una mida de 25 cent\u00edmetres de llarg i 8,5 d&#8217;ample. <\/span><\/li>\n<li class=\"tw-data-text tw-text-large XcVN5d tw-ta\" dir=\"ltr\" data-placeholder=\"Traducci\u00f3\"><span class=\"Y2IQFc\" lang=\"ca\">Tenen 4 capes de material absorbent (cot\u00f3 org\u00e0nic) i una capa de PUL per garantir que la humitat no traspassa a la teva roba interior. <\/span><\/li>\n<li class=\"tw-data-text tw-text-large XcVN5d tw-ta\" dir=\"ltr\" data-placeholder=\"Traducci\u00f3\"><span class=\"Y2IQFc\" lang=\"ca\">Compten amb unes pr\u00e0ctiques ales que incorporen un tancament a<\/span><span class=\"Y2IQFc\" lang=\"ca\">mb snaps, perqu\u00e8 es mantinguin sempre al seu lloc i les puguis reutilitzar tantes vegades com vulguis. <\/span><\/li>\n<li class=\"tw-data-text tw-text-large XcVN5d tw-ta\" dir=\"ltr\" data-placeholder=\"Traducci\u00f3\"><span class=\"Y2IQFc\" lang=\"ca\">Si vols fer servir compreses durant tot el per\u00edode i rentar-les juntes al final, es recomana disposar de 4 paquets de compreses regular, 2 de nit i 2 de salvaslips.<\/span><\/li>\n<\/ul>\n<p>Pel que fa al rentat:<\/p>\n<ul>\n<li dir=\"ltr\" data-placeholder=\"Traducci\u00f3\">Es recomana mullar-les amb aigua freda abans de la rentada. Despr\u00e9s, has de rentar-les a un m\u00e0xim de 60\u00baC.<\/li>\n<li dir=\"ltr\" data-placeholder=\"Traducci\u00f3\">No s&#8217;han d&#8217;usar lleixius, blanquejadors o suavitzants.<\/li>\n<li dir=\"ltr\" data-placeholder=\"Traducci\u00f3\">Utilitza nom\u00e9s la meitat del detergent recomanat pel fabricant. Si aclares les compreses en aigua freda just despr\u00e9s de l&#8217;\u00fas, es redueixen les probabilitats que alguna taca es fixi en el teixit.<\/li>\n<li dir=\"ltr\" data-placeholder=\"Traducci\u00f3\">El sol \u00e9s un blanquejant natural i ajuda a mantenir els teus teixits lliures de fongs i bacteris. Per tant, es recomana estendre-les a l&#8217;aire lliure per al seu assecat.<\/li>\n<\/ul>\n","protected":false},"excerpt":{"rendered":"<p><span class=\"Y2IQFc\" lang=\"ca\">Les compreses de dia Imse Vimse ofereixen una soluci\u00f3 equilibrada entre mida i absorb\u00e8ncia, pel que s\u00f3n ideals per a qualsevol dia de la teva menstruaci\u00f3. <\/span><\/p>\n","protected":false},"featured_media":25659,"template":"","meta":{"_acf_changed":false,"site-sidebar-layout":"default","site-content-layout":"default","ast-site-content-layout":"default","site-content-style":"default","site-sidebar-style":"default","ast-global-header-display":"","ast-banner-title-visibility":"","ast-main-header-display":"","ast-hfb-above-header-display":"","ast-hfb-below-header-display":"","ast-hfb-mobile-header-display":"","site-post-title":"","ast-breadcrumbs-content":"","ast-featured-img":"","footer-sml-layout":"","theme-transparent-header-meta":"default","adv-header-id-meta":"","stick-header-meta":"","header-above-stick-meta":"","header-main-stick-meta":"","header-below-stick-meta":"","astra-migrate-meta-layouts":"default","ast-page-background-enabled":"default","ast-page-background-meta":{"desktop":{"background-color":"","background-image":"","background-repeat":"repeat","background-position":"center center","background-size":"auto","background-attachment":"scroll","background-type":"","background-media":"","overlay-type":"","overlay-color":"","overlay-opacity":"","overlay-gradient":""},"tablet":{"background-color":"","background-image":"","background-repeat":"repeat","background-position":"center center","background-size":"auto","background-attachment":"scroll","background-type":"","background-media":"","overlay-type":"","overlay-color":"","overlay-opacity":"","overlay-gradient":""},"mobile":{"background-color":"","background-image":"","background-repeat":"repeat","background-position":"center center","background-size":"auto","background-attachment":"scroll","background-type":"","background-media":"","overlay-type":"","overlay-color":"","overlay-opacity":"","overlay-gradient":""}},"ast-content-background-meta":{"desktop":{"background-color":"var(--ast-global-color-5)","background-image":"","background-repeat":"repeat","background-position":"center center","background-size":"auto","background-attachment":"scroll","background-type":"","background-media":"","overlay-type":"","overlay-color":"","overlay-opacity":"","overlay-gradient":""},"tablet":{"background-color":"var(--ast-global-color-5)","background-image":"","background-repeat":"repeat","background-position":"center center","background-size":"auto","background-attachment":"scroll","background-type":"","background-media":"","overlay-type":"","overlay-color":"","overlay-opacity":"","overlay-gradient":""},"mobile":{"background-color":"var(--ast-global-color-5)","background-image":"","background-repeat":"repeat","background-position":"center center","background-size":"auto","background-attachment":"scroll","background-type":"","background-media":"","overlay-type":"","overlay-color":"","overlay-opacity":"","overlay-gradient":""}}},"pwb-brand":[4116],"product_brand":[],"product_cat":[301],"product_tag":[800,672,402],"class_list":{"0":"post-25654","1":"product","2":"type-product","3":"status-publish","4":"has-post-thumbnail","6":"pwb-brand-imse-vimse","7":"product_cat-per-la-dona","8":"product_tag-algodon-organico","9":"product_tag-compresas-tela","10":"product_tag-imse-vimse","11":"desktop-align-left","12":"tablet-align-left","13":"mobile-align-left","15":"first","16":"outofstock","17":"taxable","18":"shipping-taxable","19":"purchasable","20":"product-type-simple"},"acf":[],"yoast_head":"<!-- This site is optimized with the Yoast SEO Premium plugin v18.3 (Yoast SEO v26.2) - https:\/\/yoast.com\/wordpress\/plugins\/seo\/ -->\n<title>Compreses de dia cot\u00f3 org\u00e0nic 3 unitats - Rosa Sprinkle &#8212; Som Llavors<\/title>\n<meta name=\"description\" content=\"Les compreses de dia Imse Vimse ofereixen una soluci\u00f3 equilibrada entre mida i absorb\u00e8ncia, pel que s\u00f3n ideals per a qualsevol dia de la teva menstruaci\u00f3.\" \/>\n<meta name=\"robots\" content=\"index, follow, max-snippet:-1, max-image-preview:large, max-video-preview:-1\" \/>\n<link rel=\"canonical\" href=\"https:\/\/somllavors.com\/es\/producte\/compreses-de-dia-coto-organic-3-unitats-rosa-sprinkle\" \/>\n<meta property=\"og:locale\" content=\"es_ES\" \/>\n<meta property=\"og:type\" content=\"article\" \/>\n<meta property=\"og:title\" content=\"Compreses de dia cot\u00f3 org\u00e0nic 3 unitats - Rosa Sprinkle\" \/>\n<meta property=\"og:description\" content=\"La teva botiga d\u2019ecocrian\u00e7a i espai d\u2019acompanyament a la maternitat\" \/>\n<meta property=\"og:url\" content=\"https:\/\/somllavors.com\/es\/producte\/compreses-de-dia-coto-organic-3-unitats-rosa-sprinkle\" \/>\n<meta property=\"og:site_name\" content=\"Som Llavors\" \/>\n<meta property=\"article:publisher\" content=\"https:\/\/www.facebook.com\/somllavorsvng\/?locale=ca_ES\" \/>\n<meta property=\"article:modified_time\" content=\"2024-06-01T15:52:18+00:00\" \/>\n<meta property=\"og:image\" content=\"https:\/\/somllavors.com\/wp-content\/uploads\/som-llavors-BZAE00001623.jpg\" \/>\n\t<meta property=\"og:image:width\" content=\"1080\" \/>\n\t<meta property=\"og:image:height\" content=\"1080\" \/>\n\t<meta property=\"og:image:type\" content=\"image\/jpeg\" \/>\n<meta name=\"twitter:card\" content=\"summary_large_image\" \/>\n<meta name=\"twitter:label1\" content=\"Precio\" \/>\n\t<meta name=\"twitter:data1\" content=\"22,95&euro; Iva incl\u00f2s\" \/>\n\t<meta name=\"twitter:label2\" content=\"Availability\" \/>\n\t<meta name=\"twitter:data2\" content=\"Out of stock\" \/>\n<script type=\"application\/ld+json\" class=\"yoast-schema-graph\">{\"@context\":\"https:\/\/schema.org\",\"@graph\":[{\"@type\":\"WebPage\",\"@id\":\"https:\/\/somllavors.com\/es\/producte\/compreses-de-dia-coto-organic-3-unitats-rosa-sprinkle\",\"url\":\"https:\/\/somllavors.com\/es\/producte\/compreses-de-dia-coto-organic-3-unitats-rosa-sprinkle\",\"name\":\"Compreses de dia cot\u00f3 org\u00e0nic 3 unitats - Rosa Sprinkle &#8212; Som Llavors\",\"isPartOf\":{\"@id\":\"https:\/\/somllavors.com\/es#website\"},\"primaryImageOfPage\":{\"@id\":\"https:\/\/somllavors.com\/es\/producte\/compreses-de-dia-coto-organic-3-unitats-rosa-sprinkle#primaryimage\"},\"image\":{\"@id\":\"https:\/\/somllavors.com\/es\/producte\/compreses-de-dia-coto-organic-3-unitats-rosa-sprinkle#primaryimage\"},\"thumbnailUrl\":\"https:\/\/somllavors.com\/wp-content\/uploads\/som-llavors-BZAE00001623.jpg\",\"datePublished\":\"2022-07-15T09:22:51+00:00\",\"dateModified\":\"2024-06-01T15:52:18+00:00\",\"description\":\"Les compreses de dia Imse Vimse ofereixen una soluci\u00f3 equilibrada entre mida i absorb\u00e8ncia, pel que s\u00f3n ideals per a qualsevol dia de la teva menstruaci\u00f3.\",\"breadcrumb\":{\"@id\":\"https:\/\/somllavors.com\/es\/producte\/compreses-de-dia-coto-organic-3-unitats-rosa-sprinkle#breadcrumb\"},\"inLanguage\":\"es\",\"potentialAction\":[{\"@type\":\"ReadAction\",\"target\":[\"https:\/\/somllavors.com\/es\/producte\/compreses-de-dia-coto-organic-3-unitats-rosa-sprinkle\"]}]},{\"@type\":\"ImageObject\",\"inLanguage\":\"es\",\"@id\":\"https:\/\/somllavors.com\/es\/producte\/compreses-de-dia-coto-organic-3-unitats-rosa-sprinkle#primaryimage\",\"url\":\"https:\/\/somllavors.com\/wp-content\/uploads\/som-llavors-BZAE00001623.jpg\",\"contentUrl\":\"https:\/\/somllavors.com\/wp-content\/uploads\/som-llavors-BZAE00001623.jpg\",\"width\":1080,\"height\":1080,\"caption\":\"Compresa de dia algod\u00f3n org\u00e1nico\"},{\"@type\":\"BreadcrumbList\",\"@id\":\"https:\/\/somllavors.com\/es\/producte\/compreses-de-dia-coto-organic-3-unitats-rosa-sprinkle#breadcrumb\",\"itemListElement\":[{\"@type\":\"ListItem\",\"position\":1,\"name\":\"Inici\",\"item\":\"https:\/\/somllavors.com\/es\"},{\"@type\":\"ListItem\",\"position\":2,\"name\":\"Tienda\",\"item\":\"https:\/\/somllavors.com\/es\/botiga-2\"},{\"@type\":\"ListItem\",\"position\":3,\"name\":\"Compreses de dia cot\u00f3 org\u00e0nic 3 unitats &#8211; Rosa Sprinkle\"}]},{\"@type\":\"WebSite\",\"@id\":\"https:\/\/somllavors.com\/es#website\",\"url\":\"https:\/\/somllavors.com\/es\",\"name\":\"Som Llavors\",\"description\":\"Botiga de crian\u00e7a natural\",\"publisher\":{\"@id\":\"https:\/\/somllavors.com\/es#organization\"},\"alternateName\":\"Crian\u00e7a Natural i Sostenible\",\"potentialAction\":[{\"@type\":\"SearchAction\",\"target\":{\"@type\":\"EntryPoint\",\"urlTemplate\":\"https:\/\/somllavors.com\/es?s={search_term_string}\"},\"query-input\":{\"@type\":\"PropertyValueSpecification\",\"valueRequired\":true,\"valueName\":\"search_term_string\"}}],\"inLanguage\":\"es\"},{\"@type\":[\"Organization\",\"Place\",\"Store\"],\"@id\":\"https:\/\/somllavors.com\/es#organization\",\"name\":\"Som Llavors\",\"alternateName\":\"Crian\u00e7a Natural i Sostenible\",\"url\":\"https:\/\/somllavors.com\/es\",\"logo\":{\"@id\":\"https:\/\/somllavors.com\/es\/producte\/compreses-de-dia-coto-organic-3-unitats-rosa-sprinkle#local-main-organization-logo\"},\"image\":{\"@id\":\"https:\/\/somllavors.com\/es\/producte\/compreses-de-dia-coto-organic-3-unitats-rosa-sprinkle#local-main-organization-logo\"},\"sameAs\":[\"https:\/\/www.facebook.com\/somllavorsvng\/?locale=ca_ES\",\"https:\/\/www.instagram.com\/somllavors_vng\/\",\"https:\/\/www.youtube.com\/@somllavors\"],\"address\":{\"@id\":\"https:\/\/somllavors.com\/es\/producte\/compreses-de-dia-coto-organic-3-unitats-rosa-sprinkle#local-main-place-address\"},\"geo\":{\"@type\":\"GeoCoordinates\",\"latitude\":\"41.2257737\",\"longitude\":\"1.723258859\"},\"telephone\":[\"623152704\"],\"openingHoursSpecification\":[{\"@type\":\"OpeningHoursSpecification\",\"dayOfWeek\":[\"Monday\",\"Sunday\"],\"opens\":\"00:00\",\"closes\":\"00:00\"},{\"@type\":\"OpeningHoursSpecification\",\"dayOfWeek\":[\"Tuesday\",\"Wednesday\",\"Thursday\",\"Friday\"],\"opens\":\"10:00\",\"closes\":\"20:00\"},{\"@type\":\"OpeningHoursSpecification\",\"dayOfWeek\":[\"Saturday\"],\"opens\":\"10:00\",\"closes\":\"13:30\"}],\"email\":\"info@somllavors.com\"},{\"@type\":\"PostalAddress\",\"@id\":\"https:\/\/somllavors.com\/es\/producte\/compreses-de-dia-coto-organic-3-unitats-rosa-sprinkle#local-main-place-address\",\"streetAddress\":\"Carrer de l'aigua, 6\",\"addressLocality\":\"Vilanova i la Geltr\u00fa\",\"postalCode\":\"08800\",\"addressRegion\":\"Barcelona\",\"addressCountry\":\"ES\"},{\"@type\":\"ImageObject\",\"inLanguage\":\"es\",\"@id\":\"https:\/\/somllavors.com\/es\/producte\/compreses-de-dia-coto-organic-3-unitats-rosa-sprinkle#local-main-organization-logo\",\"url\":\"https:\/\/somllavors.com\/wp-content\/uploads\/Logotip-Som-Llavors.jpg\",\"contentUrl\":\"https:\/\/somllavors.com\/wp-content\/uploads\/Logotip-Som-Llavors.jpg\",\"width\":1444,\"height\":1323,\"caption\":\"Som Llavors\"}]}<\/script>\n<meta property=\"product:price:amount\" content=\"22.95\" \/>\n<meta property=\"product:price:currency\" content=\"EUR\" \/>\n<meta property=\"og:availability\" content=\"out of stock\" \/>\n<meta property=\"product:availability\" content=\"out of stock\" \/>\n<meta property=\"product:retailer_item_id\" content=\"18413\" \/>\n<meta property=\"product:condition\" content=\"new\" \/>\n<meta name=\"geo.placename\" content=\"Vilanova i la Geltr\u00fa\" \/>\n<meta name=\"geo.position\" content=\"41.2257737;1.723258859\" \/>\n<meta name=\"geo.region\" content=\"Espa\u00f1a\" \/>\n<!-- \/ Yoast SEO Premium plugin. -->","yoast_head_json":{"title":"Compreses de dia cot\u00f3 org\u00e0nic 3 unitats - Rosa Sprinkle &#8212; Som Llavors","description":"Les compreses de dia Imse Vimse ofereixen una soluci\u00f3 equilibrada entre mida i absorb\u00e8ncia, pel que s\u00f3n ideals per a qualsevol dia de la teva menstruaci\u00f3.","robots":{"index":"index","follow":"follow","max-snippet":"max-snippet:-1","max-image-preview":"max-image-preview:large","max-video-preview":"max-video-preview:-1"},"canonical":"https:\/\/somllavors.com\/es\/producte\/compreses-de-dia-coto-organic-3-unitats-rosa-sprinkle","og_locale":"es_ES","og_type":"article","og_title":"Compreses de dia cot\u00f3 org\u00e0nic 3 unitats - Rosa Sprinkle","og_description":"La teva botiga d\u2019ecocrian\u00e7a i espai d\u2019acompanyament a la maternitat","og_url":"https:\/\/somllavors.com\/es\/producte\/compreses-de-dia-coto-organic-3-unitats-rosa-sprinkle","og_site_name":"Som Llavors","article_publisher":"https:\/\/www.facebook.com\/somllavorsvng\/?locale=ca_ES","article_modified_time":"2024-06-01T15:52:18+00:00","og_image":[{"width":1080,"height":1080,"url":"https:\/\/somllavors.com\/wp-content\/uploads\/som-llavors-BZAE00001623.jpg","type":"image\/jpeg"}],"twitter_card":"summary_large_image","twitter_misc":{"Precio":"22,95&euro; Iva incl\u00f2s","Availability":"Out of stock"},"schema":{"@context":"https:\/\/schema.org","@graph":[{"@type":"WebPage","@id":"https:\/\/somllavors.com\/es\/producte\/compreses-de-dia-coto-organic-3-unitats-rosa-sprinkle","url":"https:\/\/somllavors.com\/es\/producte\/compreses-de-dia-coto-organic-3-unitats-rosa-sprinkle","name":"Compreses de dia cot\u00f3 org\u00e0nic 3 unitats - Rosa Sprinkle &#8212; Som Llavors","isPartOf":{"@id":"https:\/\/somllavors.com\/es#website"},"primaryImageOfPage":{"@id":"https:\/\/somllavors.com\/es\/producte\/compreses-de-dia-coto-organic-3-unitats-rosa-sprinkle#primaryimage"},"image":{"@id":"https:\/\/somllavors.com\/es\/producte\/compreses-de-dia-coto-organic-3-unitats-rosa-sprinkle#primaryimage"},"thumbnailUrl":"https:\/\/somllavors.com\/wp-content\/uploads\/som-llavors-BZAE00001623.jpg","datePublished":"2022-07-15T09:22:51+00:00","dateModified":"2024-06-01T15:52:18+00:00","description":"Les compreses de dia Imse Vimse ofereixen una soluci\u00f3 equilibrada entre mida i absorb\u00e8ncia, pel que s\u00f3n ideals per a qualsevol dia de la teva menstruaci\u00f3.","breadcrumb":{"@id":"https:\/\/somllavors.com\/es\/producte\/compreses-de-dia-coto-organic-3-unitats-rosa-sprinkle#breadcrumb"},"inLanguage":"es","potentialAction":[{"@type":"ReadAction","target":["https:\/\/somllavors.com\/es\/producte\/compreses-de-dia-coto-organic-3-unitats-rosa-sprinkle"]}]},{"@type":"ImageObject","inLanguage":"es","@id":"https:\/\/somllavors.com\/es\/producte\/compreses-de-dia-coto-organic-3-unitats-rosa-sprinkle#primaryimage","url":"https:\/\/somllavors.com\/wp-content\/uploads\/som-llavors-BZAE00001623.jpg","contentUrl":"https:\/\/somllavors.com\/wp-content\/uploads\/som-llavors-BZAE00001623.jpg","width":1080,"height":1080,"caption":"Compresa de dia algod\u00f3n org\u00e1nico"},{"@type":"BreadcrumbList","@id":"https:\/\/somllavors.com\/es\/producte\/compreses-de-dia-coto-organic-3-unitats-rosa-sprinkle#breadcrumb","itemListElement":[{"@type":"ListItem","position":1,"name":"Inici","item":"https:\/\/somllavors.com\/es"},{"@type":"ListItem","position":2,"name":"Tienda","item":"https:\/\/somllavors.com\/es\/botiga-2"},{"@type":"ListItem","position":3,"name":"Compreses de dia cot\u00f3 org\u00e0nic 3 unitats &#8211; Rosa Sprinkle"}]},{"@type":"WebSite","@id":"https:\/\/somllavors.com\/es#website","url":"https:\/\/somllavors.com\/es","name":"Som Llavors","description":"Botiga de crian\u00e7a natural","publisher":{"@id":"https:\/\/somllavors.com\/es#organization"},"alternateName":"Crian\u00e7a Natural i Sostenible","potentialAction":[{"@type":"SearchAction","target":{"@type":"EntryPoint","urlTemplate":"https:\/\/somllavors.com\/es?s={search_term_string}"},"query-input":{"@type":"PropertyValueSpecification","valueRequired":true,"valueName":"search_term_string"}}],"inLanguage":"es"},{"@type":["Organization","Place","Store"],"@id":"https:\/\/somllavors.com\/es#organization","name":"Som Llavors","alternateName":"Crian\u00e7a Natural i Sostenible","url":"https:\/\/somllavors.com\/es","logo":{"@id":"https:\/\/somllavors.com\/es\/producte\/compreses-de-dia-coto-organic-3-unitats-rosa-sprinkle#local-main-organization-logo"},"image":{"@id":"https:\/\/somllavors.com\/es\/producte\/compreses-de-dia-coto-organic-3-unitats-rosa-sprinkle#local-main-organization-logo"},"sameAs":["https:\/\/www.facebook.com\/somllavorsvng\/?locale=ca_ES","https:\/\/www.instagram.com\/somllavors_vng\/","https:\/\/www.youtube.com\/@somllavors"],"address":{"@id":"https:\/\/somllavors.com\/es\/producte\/compreses-de-dia-coto-organic-3-unitats-rosa-sprinkle#local-main-place-address"},"geo":{"@type":"GeoCoordinates","latitude":"41.2257737","longitude":"1.723258859"},"telephone":["623152704","623152704"],"openingHoursSpecification":[{"@type":"OpeningHoursSpecification","dayOfWeek":["Monday","Sunday"],"opens":"00:00","closes":"00:00"},{"@type":"OpeningHoursSpecification","dayOfWeek":["Tuesday","Wednesday","Thursday","Friday"],"opens":"10:00","closes":"20:00"},{"@type":"OpeningHoursSpecification","dayOfWeek":["Saturday"],"opens":"10:00","closes":"13:30"}],"email":"info@somllavors.com"},{"@type":"PostalAddress","@id":"https:\/\/somllavors.com\/es\/producte\/compreses-de-dia-coto-organic-3-unitats-rosa-sprinkle#local-main-place-address","streetAddress":"Carrer de l'aigua, 6","addressLocality":"Vilanova i la Geltr\u00fa","postalCode":"08800","addressRegion":"Barcelona","addressCountry":"ES"},{"@type":"ImageObject","inLanguage":"es","@id":"https:\/\/somllavors.com\/es\/producte\/compreses-de-dia-coto-organic-3-unitats-rosa-sprinkle#local-main-organization-logo","url":"https:\/\/somllavors.com\/wp-content\/uploads\/Logotip-Som-Llavors.jpg","contentUrl":"https:\/\/somllavors.com\/wp-content\/uploads\/Logotip-Som-Llavors.jpg","width":1444,"height":1323,"caption":"Som Llavors"}]},"product_price_amount":"22.95","product_price_currency":"EUR","og_availability":"out of stock","product_availability":"out of stock","product_retailer_item_id":"18413","product_condition":"new","geo.placename":"Vilanova i la Geltr\u00fa","geo.position":{"lat":"41.2257737","long":"1.723258859"},"geo.region":"Espa\u00f1a"},"brands":[{"id":4116,"name":"Imse Vimse","slug":"imse-vimse"}],"_links":{"self":[{"href":"https:\/\/somllavors.com\/es\/wp-json\/wp\/v2\/product\/25654","targetHints":{"allow":["GET"]}}],"collection":[{"href":"https:\/\/somllavors.com\/es\/wp-json\/wp\/v2\/product"}],"about":[{"href":"https:\/\/somllavors.com\/es\/wp-json\/wp\/v2\/types\/product"}],"wp:featuredmedia":[{"embeddable":true,"href":"https:\/\/somllavors.com\/es\/wp-json\/wp\/v2\/media\/25659"}],"wp:attachment":[{"href":"https:\/\/somllavors.com\/es\/wp-json\/wp\/v2\/media?parent=25654"}],"wp:term":[{"taxonomy":"pwb-brand","embeddable":true,"href":"https:\/\/somllavors.com\/es\/wp-json\/wp\/v2\/pwb-brand?post=25654"},{"taxonomy":"product_brand","embeddable":true,"href":"https:\/\/somllavors.com\/es\/wp-json\/wp\/v2\/product_brand?post=25654"},{"taxonomy":"product_cat","embeddable":true,"href":"https:\/\/somllavors.com\/es\/wp-json\/wp\/v2\/product_cat?post=25654"},{"taxonomy":"product_tag","embeddable":true,"href":"https:\/\/somllavors.com\/es\/wp-json\/wp\/v2\/product_tag?post=25654"}],"curies":[{"name":"wp","href":"https:\/\/api.w.org\/{rel}","templated":true}]}}