{"id":25680,"date":"2022-07-15T12:23:43","date_gmt":"2022-07-15T10:23:43","guid":{"rendered":"https:\/\/somllavors.com\/?post_type=product&#038;p=25680"},"modified":"2023-12-07T12:21:46","modified_gmt":"2023-12-07T11:21:46","slug":"pitet-bandana-racent-nascut-de-coto-organic-so-cute-blau","status":"publish","type":"product","link":"https:\/\/somllavors.com\/es\/producte\/pitet-bandana-racent-nascut-de-coto-organic-so-cute-blau","title":{"rendered":"Pitet bandana recent nascut blava &#8211; Nobodinoz"},"content":{"rendered":"<ul>\n<li>Tancament segur amb velcro, f\u00e0cil d&#8217;utilitzar.<\/li>\n<li>Rentat: Cicle delicat 30\u00ba m\u00e0xim, no fer servir lleixiu, no deixar en remull, no fregar, no centrifugar, planxar del rev\u00e9s.<\/li>\n<li>Certificats:\u00a0\u0152ko-Tex classe 1; segur per a la pell dels nens i el planeta.<\/li>\n<li>Materials: 100% cot\u00f3 org\u00e0nic.<\/li>\n<li>Mides: 14 x 20 cm (32cm per\u00edmetre del coll)<\/li>\n<li>Origen: Dissenyat i fabricat a Barcelona<\/li>\n<\/ul>\n","protected":false},"excerpt":{"rendered":"<p>Pitets 100% cot\u00f3 org\u00e0nic i tancament amb velcro. El pitet bandana de Nobodinoz mantindr\u00e0 l\u2019infant net i elegant durant la sortida de les seves primeres dents o calentet quan faci fred.<\/p>\n","protected":false},"featured_media":25684,"template":"","meta":{"_acf_changed":false,"site-sidebar-layout":"default","site-content-layout":"default","ast-site-content-layout":"default","site-content-style":"default","site-sidebar-style":"default","ast-global-header-display":"","ast-banner-title-visibility":"","ast-main-header-display":"","ast-hfb-above-header-display":"","ast-hfb-below-header-display":"","ast-hfb-mobile-header-display":"","site-post-title":"","ast-breadcrumbs-content":"","ast-featured-img":"","footer-sml-layout":"","theme-transparent-header-meta":"default","adv-header-id-meta":"","stick-header-meta":"","header-above-stick-meta":"","header-main-stick-meta":"","header-below-stick-meta":"","astra-migrate-meta-layouts":"default","ast-page-background-enabled":"default","ast-page-background-meta":{"desktop":{"background-color":"","background-image":"","background-repeat":"repeat","background-position":"center center","background-size":"auto","background-attachment":"scroll","background-type":"","background-media":"","overlay-type":"","overlay-color":"","overlay-opacity":"","overlay-gradient":""},"tablet":{"background-color":"","background-image":"","background-repeat":"repeat","background-position":"center center","background-size":"auto","background-attachment":"scroll","background-type":"","background-media":"","overlay-type":"","overlay-color":"","overlay-opacity":"","overlay-gradient":""},"mobile":{"background-color":"","background-image":"","background-repeat":"repeat","background-position":"center center","background-size":"auto","background-attachment":"scroll","background-type":"","background-media":"","overlay-type":"","overlay-color":"","overlay-opacity":"","overlay-gradient":""}},"ast-content-background-meta":{"desktop":{"background-color":"var(--ast-global-color-5)","background-image":"","background-repeat":"repeat","background-position":"center center","background-size":"auto","background-attachment":"scroll","background-type":"","background-media":"","overlay-type":"","overlay-color":"","overlay-opacity":"","overlay-gradient":""},"tablet":{"background-color":"var(--ast-global-color-5)","background-image":"","background-repeat":"repeat","background-position":"center center","background-size":"auto","background-attachment":"scroll","background-type":"","background-media":"","overlay-type":"","overlay-color":"","overlay-opacity":"","overlay-gradient":""},"mobile":{"background-color":"var(--ast-global-color-5)","background-image":"","background-repeat":"repeat","background-position":"center center","background-size":"auto","background-attachment":"scroll","background-type":"","background-media":"","overlay-type":"","overlay-color":"","overlay-opacity":"","overlay-gradient":""}}},"pwb-brand":[4106],"product_brand":[],"product_cat":[4499,1769,378],"product_tag":[1022,1461,1432],"class_list":{"0":"post-25680","1":"product","2":"type-product","3":"status-publish","4":"has-post-thumbnail","6":"pwb-brand-nobodinoz","7":"product_cat-10-e","8":"product_cat-accessoris-textil","9":"product_cat-pitets","10":"product_tag-babero","11":"product_tag-bandana","12":"product_tag-nobodinoz","13":"desktop-align-left","14":"tablet-align-left","15":"mobile-align-left","17":"first","18":"outofstock","19":"taxable","20":"shipping-taxable","21":"purchasable","22":"product-type-simple"},"acf":[],"yoast_head":"<!-- This site is optimized with the Yoast SEO Premium plugin v18.3 (Yoast SEO v27.4) - https:\/\/yoast.com\/product\/yoast-seo-premium-wordpress\/ -->\n<title>Pitet bandana recent nascut blava - Nobodinoz &#8212; Som Llavors<\/title>\n<meta name=\"description\" content=\"Pitets 100% cot\u00f3 org\u00e0nic i tancament amb velcro. El pitet bandana de Nobodinoz mantindr\u00e0 l\u2019infant net i elegant durant la sortida de les seves primeres dents o calentet quan faci fred.\" \/>\n<meta name=\"robots\" content=\"index, follow, max-snippet:-1, max-image-preview:large, max-video-preview:-1\" \/>\n<link rel=\"canonical\" href=\"https:\/\/somllavors.com\/es\/producte\/pitet-bandana-racent-nascut-de-coto-organic-so-cute-blau\" \/>\n<meta property=\"og:locale\" content=\"es_ES\" \/>\n<meta property=\"og:type\" content=\"article\" \/>\n<meta property=\"og:title\" content=\"Pitet bandana recent nascut blava - Nobodinoz\" \/>\n<meta property=\"og:description\" content=\"La teva botiga d\u2019ecocrian\u00e7a i espai d\u2019acompanyament a la maternitat\" \/>\n<meta property=\"og:url\" content=\"https:\/\/somllavors.com\/es\/producte\/pitet-bandana-racent-nascut-de-coto-organic-so-cute-blau\" \/>\n<meta property=\"og:site_name\" content=\"Som Llavors\" \/>\n<meta property=\"article:publisher\" content=\"https:\/\/www.facebook.com\/somllavorsvng\/?locale=ca_ES\" \/>\n<meta property=\"article:modified_time\" content=\"2023-12-07T11:21:46+00:00\" \/>\n<meta property=\"og:image\" content=\"https:\/\/somllavors.com\/wp-content\/uploads\/som-llavors-so-cute-newborn-bandana-blue-nobodinoz-2-8435574923981.webp\" \/>\n\t<meta property=\"og:image:width\" content=\"951\" \/>\n\t<meta property=\"og:image:height\" content=\"1200\" \/>\n\t<meta property=\"og:image:type\" content=\"image\/webp\" \/>\n<meta name=\"twitter:card\" content=\"summary_large_image\" \/>\n<meta name=\"twitter:label1\" content=\"Precio\" \/>\n\t<meta name=\"twitter:data1\" content=\"9,95&euro; Iva incl\u00f2s\" \/>\n\t<meta name=\"twitter:label2\" content=\"Availability\" \/>\n\t<meta name=\"twitter:data2\" content=\"Out of stock\" \/>\n<script type=\"application\/ld+json\" class=\"yoast-schema-graph\">{\"@context\":\"https:\\\/\\\/schema.org\",\"@graph\":[{\"@type\":\"WebPage\",\"@id\":\"https:\\\/\\\/somllavors.com\\\/es\\\/producte\\\/pitet-bandana-racent-nascut-de-coto-organic-so-cute-blau\",\"url\":\"https:\\\/\\\/somllavors.com\\\/es\\\/producte\\\/pitet-bandana-racent-nascut-de-coto-organic-so-cute-blau\",\"name\":\"Pitet bandana recent nascut blava - Nobodinoz &#8212; Som Llavors\",\"isPartOf\":{\"@id\":\"https:\\\/\\\/somllavors.com\\\/es#website\"},\"primaryImageOfPage\":{\"@id\":\"https:\\\/\\\/somllavors.com\\\/es\\\/producte\\\/pitet-bandana-racent-nascut-de-coto-organic-so-cute-blau#primaryimage\"},\"image\":{\"@id\":\"https:\\\/\\\/somllavors.com\\\/es\\\/producte\\\/pitet-bandana-racent-nascut-de-coto-organic-so-cute-blau#primaryimage\"},\"thumbnailUrl\":\"https:\\\/\\\/somllavors.com\\\/wp-content\\\/uploads\\\/som-llavors-so-cute-newborn-bandana-blue-nobodinoz-2-8435574923981.webp\",\"datePublished\":\"2022-07-15T10:23:43+00:00\",\"dateModified\":\"2023-12-07T11:21:46+00:00\",\"description\":\"Pitets 100% cot\u00f3 org\u00e0nic i tancament amb velcro. El pitet bandana de Nobodinoz mantindr\u00e0 l\u2019infant net i elegant durant la sortida de les seves primeres dents o calentet quan faci fred.\",\"breadcrumb\":{\"@id\":\"https:\\\/\\\/somllavors.com\\\/es\\\/producte\\\/pitet-bandana-racent-nascut-de-coto-organic-so-cute-blau#breadcrumb\"},\"inLanguage\":\"es\",\"potentialAction\":[{\"@type\":\"ReadAction\",\"target\":[\"https:\\\/\\\/somllavors.com\\\/es\\\/producte\\\/pitet-bandana-racent-nascut-de-coto-organic-so-cute-blau\"]}]},{\"@type\":\"ImageObject\",\"inLanguage\":\"es\",\"@id\":\"https:\\\/\\\/somllavors.com\\\/es\\\/producte\\\/pitet-bandana-racent-nascut-de-coto-organic-so-cute-blau#primaryimage\",\"url\":\"https:\\\/\\\/somllavors.com\\\/wp-content\\\/uploads\\\/som-llavors-so-cute-newborn-bandana-blue-nobodinoz-2-8435574923981.webp\",\"contentUrl\":\"https:\\\/\\\/somllavors.com\\\/wp-content\\\/uploads\\\/som-llavors-so-cute-newborn-bandana-blue-nobodinoz-2-8435574923981.webp\",\"width\":951,\"height\":1200,\"caption\":\"Babero bandana recien nacido algod\u00f3n org\u00e1nico\"},{\"@type\":\"BreadcrumbList\",\"@id\":\"https:\\\/\\\/somllavors.com\\\/es\\\/producte\\\/pitet-bandana-racent-nascut-de-coto-organic-so-cute-blau#breadcrumb\",\"itemListElement\":[{\"@type\":\"ListItem\",\"position\":1,\"name\":\"Inici\",\"item\":\"https:\\\/\\\/somllavors.com\\\/es\"},{\"@type\":\"ListItem\",\"position\":2,\"name\":\"Tienda\",\"item\":\"https:\\\/\\\/somllavors.com\\\/es\\\/botiga-2\"},{\"@type\":\"ListItem\",\"position\":3,\"name\":\"Pitet bandana recent nascut blava &#8211; Nobodinoz\"}]},{\"@type\":\"WebSite\",\"@id\":\"https:\\\/\\\/somllavors.com\\\/es#website\",\"url\":\"https:\\\/\\\/somllavors.com\\\/es\",\"name\":\"Som Llavors\",\"description\":\"Botiga de crian\u00e7a natural\",\"publisher\":{\"@id\":\"https:\\\/\\\/somllavors.com\\\/es#organization\"},\"alternateName\":\"Crian\u00e7a Natural i Sostenible\",\"potentialAction\":[{\"@type\":\"SearchAction\",\"target\":{\"@type\":\"EntryPoint\",\"urlTemplate\":\"https:\\\/\\\/somllavors.com\\\/es?s={search_term_string}\"},\"query-input\":{\"@type\":\"PropertyValueSpecification\",\"valueRequired\":true,\"valueName\":\"search_term_string\"}}],\"inLanguage\":\"es\"},{\"@type\":[\"Organization\",\"Place\",\"Store\"],\"@id\":\"https:\\\/\\\/somllavors.com\\\/es#organization\",\"name\":\"Som Llavors\",\"alternateName\":\"Crian\u00e7a Natural i Sostenible\",\"url\":\"https:\\\/\\\/somllavors.com\\\/es\",\"logo\":{\"@id\":\"https:\\\/\\\/somllavors.com\\\/es\\\/producte\\\/pitet-bandana-racent-nascut-de-coto-organic-so-cute-blau#local-main-organization-logo\"},\"image\":{\"@id\":\"https:\\\/\\\/somllavors.com\\\/es\\\/producte\\\/pitet-bandana-racent-nascut-de-coto-organic-so-cute-blau#local-main-organization-logo\"},\"sameAs\":[\"https:\\\/\\\/www.facebook.com\\\/somllavorsvng\\\/?locale=ca_ES\",\"https:\\\/\\\/www.instagram.com\\\/somllavors_vng\\\/\",\"https:\\\/\\\/www.youtube.com\\\/@somllavors\"],\"address\":{\"@id\":\"https:\\\/\\\/somllavors.com\\\/es\\\/producte\\\/pitet-bandana-racent-nascut-de-coto-organic-so-cute-blau#local-main-place-address\"},\"geo\":{\"@type\":\"GeoCoordinates\",\"latitude\":\"41.2257737\",\"longitude\":\"1.723258859\"},\"telephone\":[\"623152704\"],\"openingHoursSpecification\":[{\"@type\":\"OpeningHoursSpecification\",\"dayOfWeek\":[\"Monday\",\"Sunday\"],\"opens\":\"00:00\",\"closes\":\"00:00\"},{\"@type\":\"OpeningHoursSpecification\",\"dayOfWeek\":[\"Tuesday\",\"Wednesday\",\"Thursday\",\"Friday\"],\"opens\":\"10:00\",\"closes\":\"20:00\"},{\"@type\":\"OpeningHoursSpecification\",\"dayOfWeek\":[\"Saturday\"],\"opens\":\"10:00\",\"closes\":\"13:30\"}],\"email\":\"info@somllavors.com\"},{\"@type\":\"PostalAddress\",\"@id\":\"https:\\\/\\\/somllavors.com\\\/es\\\/producte\\\/pitet-bandana-racent-nascut-de-coto-organic-so-cute-blau#local-main-place-address\",\"streetAddress\":\"Carrer de l'aigua, 6\",\"addressLocality\":\"Vilanova i la Geltr\u00fa\",\"postalCode\":\"08800\",\"addressRegion\":\"Barcelona\",\"addressCountry\":\"ES\"},{\"@type\":\"ImageObject\",\"inLanguage\":\"es\",\"@id\":\"https:\\\/\\\/somllavors.com\\\/es\\\/producte\\\/pitet-bandana-racent-nascut-de-coto-organic-so-cute-blau#local-main-organization-logo\",\"url\":\"https:\\\/\\\/somllavors.com\\\/wp-content\\\/uploads\\\/Logotip-Som-Llavors.jpg\",\"contentUrl\":\"https:\\\/\\\/somllavors.com\\\/wp-content\\\/uploads\\\/Logotip-Som-Llavors.jpg\",\"width\":1444,\"height\":1323,\"caption\":\"Som Llavors\"}]}<\/script>\n<meta property=\"product:price:amount\" content=\"9.95\" \/>\n<meta property=\"product:price:currency\" content=\"EUR\" \/>\n<meta property=\"og:availability\" content=\"out of stock\" \/>\n<meta property=\"product:availability\" content=\"out of stock\" \/>\n<meta property=\"product:condition\" content=\"new\" \/>\n<meta name=\"geo.placename\" content=\"Vilanova i la Geltr\u00fa\" \/>\n<meta name=\"geo.position\" content=\"41.2257737;1.723258859\" \/>\n<meta name=\"geo.region\" content=\"Espa\u00f1a\" \/>\n<!-- \/ Yoast SEO Premium plugin. -->","yoast_head_json":{"title":"Pitet bandana recent nascut blava - Nobodinoz &#8212; Som Llavors","description":"Pitets 100% cot\u00f3 org\u00e0nic i tancament amb velcro. El pitet bandana de Nobodinoz mantindr\u00e0 l\u2019infant net i elegant durant la sortida de les seves primeres dents o calentet quan faci fred.","robots":{"index":"index","follow":"follow","max-snippet":"max-snippet:-1","max-image-preview":"max-image-preview:large","max-video-preview":"max-video-preview:-1"},"canonical":"https:\/\/somllavors.com\/es\/producte\/pitet-bandana-racent-nascut-de-coto-organic-so-cute-blau","og_locale":"es_ES","og_type":"article","og_title":"Pitet bandana recent nascut blava - Nobodinoz","og_description":"La teva botiga d\u2019ecocrian\u00e7a i espai d\u2019acompanyament a la maternitat","og_url":"https:\/\/somllavors.com\/es\/producte\/pitet-bandana-racent-nascut-de-coto-organic-so-cute-blau","og_site_name":"Som Llavors","article_publisher":"https:\/\/www.facebook.com\/somllavorsvng\/?locale=ca_ES","article_modified_time":"2023-12-07T11:21:46+00:00","og_image":[{"width":951,"height":1200,"url":"https:\/\/somllavors.com\/wp-content\/uploads\/som-llavors-so-cute-newborn-bandana-blue-nobodinoz-2-8435574923981.webp","type":"image\/webp"}],"twitter_card":"summary_large_image","twitter_misc":{"Precio":"9,95&euro; Iva incl\u00f2s","Availability":"Out of stock"},"schema":{"@context":"https:\/\/schema.org","@graph":[{"@type":"WebPage","@id":"https:\/\/somllavors.com\/es\/producte\/pitet-bandana-racent-nascut-de-coto-organic-so-cute-blau","url":"https:\/\/somllavors.com\/es\/producte\/pitet-bandana-racent-nascut-de-coto-organic-so-cute-blau","name":"Pitet bandana recent nascut blava - Nobodinoz &#8212; Som Llavors","isPartOf":{"@id":"https:\/\/somllavors.com\/es#website"},"primaryImageOfPage":{"@id":"https:\/\/somllavors.com\/es\/producte\/pitet-bandana-racent-nascut-de-coto-organic-so-cute-blau#primaryimage"},"image":{"@id":"https:\/\/somllavors.com\/es\/producte\/pitet-bandana-racent-nascut-de-coto-organic-so-cute-blau#primaryimage"},"thumbnailUrl":"https:\/\/somllavors.com\/wp-content\/uploads\/som-llavors-so-cute-newborn-bandana-blue-nobodinoz-2-8435574923981.webp","datePublished":"2022-07-15T10:23:43+00:00","dateModified":"2023-12-07T11:21:46+00:00","description":"Pitets 100% cot\u00f3 org\u00e0nic i tancament amb velcro. El pitet bandana de Nobodinoz mantindr\u00e0 l\u2019infant net i elegant durant la sortida de les seves primeres dents o calentet quan faci fred.","breadcrumb":{"@id":"https:\/\/somllavors.com\/es\/producte\/pitet-bandana-racent-nascut-de-coto-organic-so-cute-blau#breadcrumb"},"inLanguage":"es","potentialAction":[{"@type":"ReadAction","target":["https:\/\/somllavors.com\/es\/producte\/pitet-bandana-racent-nascut-de-coto-organic-so-cute-blau"]}]},{"@type":"ImageObject","inLanguage":"es","@id":"https:\/\/somllavors.com\/es\/producte\/pitet-bandana-racent-nascut-de-coto-organic-so-cute-blau#primaryimage","url":"https:\/\/somllavors.com\/wp-content\/uploads\/som-llavors-so-cute-newborn-bandana-blue-nobodinoz-2-8435574923981.webp","contentUrl":"https:\/\/somllavors.com\/wp-content\/uploads\/som-llavors-so-cute-newborn-bandana-blue-nobodinoz-2-8435574923981.webp","width":951,"height":1200,"caption":"Babero bandana recien nacido algod\u00f3n org\u00e1nico"},{"@type":"BreadcrumbList","@id":"https:\/\/somllavors.com\/es\/producte\/pitet-bandana-racent-nascut-de-coto-organic-so-cute-blau#breadcrumb","itemListElement":[{"@type":"ListItem","position":1,"name":"Inici","item":"https:\/\/somllavors.com\/es"},{"@type":"ListItem","position":2,"name":"Tienda","item":"https:\/\/somllavors.com\/es\/botiga-2"},{"@type":"ListItem","position":3,"name":"Pitet bandana recent nascut blava &#8211; Nobodinoz"}]},{"@type":"WebSite","@id":"https:\/\/somllavors.com\/es#website","url":"https:\/\/somllavors.com\/es","name":"Som Llavors","description":"Botiga de crian\u00e7a natural","publisher":{"@id":"https:\/\/somllavors.com\/es#organization"},"alternateName":"Crian\u00e7a Natural i Sostenible","potentialAction":[{"@type":"SearchAction","target":{"@type":"EntryPoint","urlTemplate":"https:\/\/somllavors.com\/es?s={search_term_string}"},"query-input":{"@type":"PropertyValueSpecification","valueRequired":true,"valueName":"search_term_string"}}],"inLanguage":"es"},{"@type":["Organization","Place","Store"],"@id":"https:\/\/somllavors.com\/es#organization","name":"Som Llavors","alternateName":"Crian\u00e7a Natural i Sostenible","url":"https:\/\/somllavors.com\/es","logo":{"@id":"https:\/\/somllavors.com\/es\/producte\/pitet-bandana-racent-nascut-de-coto-organic-so-cute-blau#local-main-organization-logo"},"image":{"@id":"https:\/\/somllavors.com\/es\/producte\/pitet-bandana-racent-nascut-de-coto-organic-so-cute-blau#local-main-organization-logo"},"sameAs":["https:\/\/www.facebook.com\/somllavorsvng\/?locale=ca_ES","https:\/\/www.instagram.com\/somllavors_vng\/","https:\/\/www.youtube.com\/@somllavors"],"address":{"@id":"https:\/\/somllavors.com\/es\/producte\/pitet-bandana-racent-nascut-de-coto-organic-so-cute-blau#local-main-place-address"},"geo":{"@type":"GeoCoordinates","latitude":"41.2257737","longitude":"1.723258859"},"telephone":["623152704","623152704"],"openingHoursSpecification":[{"@type":"OpeningHoursSpecification","dayOfWeek":["Monday","Sunday"],"opens":"00:00","closes":"00:00"},{"@type":"OpeningHoursSpecification","dayOfWeek":["Tuesday","Wednesday","Thursday","Friday"],"opens":"10:00","closes":"20:00"},{"@type":"OpeningHoursSpecification","dayOfWeek":["Saturday"],"opens":"10:00","closes":"13:30"}],"email":"info@somllavors.com"},{"@type":"PostalAddress","@id":"https:\/\/somllavors.com\/es\/producte\/pitet-bandana-racent-nascut-de-coto-organic-so-cute-blau#local-main-place-address","streetAddress":"Carrer de l'aigua, 6","addressLocality":"Vilanova i la Geltr\u00fa","postalCode":"08800","addressRegion":"Barcelona","addressCountry":"ES"},{"@type":"ImageObject","inLanguage":"es","@id":"https:\/\/somllavors.com\/es\/producte\/pitet-bandana-racent-nascut-de-coto-organic-so-cute-blau#local-main-organization-logo","url":"https:\/\/somllavors.com\/wp-content\/uploads\/Logotip-Som-Llavors.jpg","contentUrl":"https:\/\/somllavors.com\/wp-content\/uploads\/Logotip-Som-Llavors.jpg","width":1444,"height":1323,"caption":"Som Llavors"}]},"product_price_amount":"9.95","product_price_currency":"EUR","og_availability":"out of stock","product_availability":"out of stock","product_condition":"new","geo.placename":"Vilanova i la Geltr\u00fa","geo.position":{"lat":"41.2257737","long":"1.723258859"},"geo.region":"Espa\u00f1a"},"brands":[{"id":4106,"name":"Nobodinoz","slug":"nobodinoz"}],"_links":{"self":[{"href":"https:\/\/somllavors.com\/es\/wp-json\/wp\/v2\/product\/25680","targetHints":{"allow":["GET"]}}],"collection":[{"href":"https:\/\/somllavors.com\/es\/wp-json\/wp\/v2\/product"}],"about":[{"href":"https:\/\/somllavors.com\/es\/wp-json\/wp\/v2\/types\/product"}],"wp:featuredmedia":[{"embeddable":true,"href":"https:\/\/somllavors.com\/es\/wp-json\/wp\/v2\/media\/25684"}],"wp:attachment":[{"href":"https:\/\/somllavors.com\/es\/wp-json\/wp\/v2\/media?parent=25680"}],"wp:term":[{"taxonomy":"pwb-brand","embeddable":true,"href":"https:\/\/somllavors.com\/es\/wp-json\/wp\/v2\/pwb-brand?post=25680"},{"taxonomy":"product_brand","embeddable":true,"href":"https:\/\/somllavors.com\/es\/wp-json\/wp\/v2\/product_brand?post=25680"},{"taxonomy":"product_cat","embeddable":true,"href":"https:\/\/somllavors.com\/es\/wp-json\/wp\/v2\/product_cat?post=25680"},{"taxonomy":"product_tag","embeddable":true,"href":"https:\/\/somllavors.com\/es\/wp-json\/wp\/v2\/product_tag?post=25680"}],"curies":[{"name":"wp","href":"https:\/\/api.w.org\/{rel}","templated":true}]}}