{"id":25873,"date":"2022-07-21T19:31:41","date_gmt":"2022-07-21T17:31:41","guid":{"rendered":"https:\/\/somllavors.com\/?post_type=product&#038;p=25873"},"modified":"2023-10-06T10:15:30","modified_gmt":"2023-10-06T08:15:30","slug":"joc-de-cercles-sensorials-silishapes-tickit","status":"publish","type":"product","link":"https:\/\/somllavors.com\/es\/producte\/joc-de-cercles-sensorials-silishapes-tickit","title":{"rendered":"Joc de cercles sensorials Silishapes &#8211; Tickit"},"content":{"rendered":"<ul>\n<li>Els infants poden sentir aquestes textures i descobrir les seves difer\u00e8ncies: col\u00b7locant els cercles petits a la bossa de sensaci\u00f3 proporcionada, poden veure si poden descriure o predir el patr\u00f3 que estan sentint; o fent servir els seus peus poden caminar sobre els grans cercles sensorials per veure si poden diferenciar-los. Enlla\u00e7ar els cercles sensorials petits i grans mitjan\u00e7ant el tacte tamb\u00e9 \u00e9s molt divertit, amb o sense una bena als ulls.<\/li>\n<li>La silicona t\u00e9 unes propietats excel\u00b7lents que la converteixen en el material ideal per als cercles sensorials: \u00e9s forta, segura de manejar i ultra suau al tacte. Al terra, els cercles s&#8217;enganxe<span style=\"font-size: 16px;\">n i no llisquen fins i tot sobre una superf\u00edcie brillant i despr\u00e9s del seu \u00fas es poden rentar a m\u00e0 o posar-los en un rentavaixelles a alta temperatura per netejar-los a fons sense danyar-los. <\/span><\/li>\n<li><span style=\"font-size: 16px;\">Inclou guia d&#8217;activitats en 8 idiomes.<\/span><\/li>\n<li>T\u00e9 en compte les seg\u00fcents \u00e0rees d&#8217;aprenentatge:\n<ul>\n<li>Desenvolupament personal &#8211; sensorial<\/li>\n<li>Entendre el m\u00f3n &#8211; color<\/li>\n<li>Comunicaci\u00f3 i llenguatge &#8211; llenguatge descriptiu<\/li>\n<li>Desenvolupament personal &#8211; joc col\u00b7laboratiu<\/li>\n<li>Desenvolupament f\u00edsic \u2013 habilitats motrius<\/li>\n<\/ul>\n<\/li>\n<li>Mides: di\u00e0.250 mm i 80 mm.<\/li>\n<li>Edat: Recomanat a partir de 3 anys.<\/li>\n<\/ul>\n<div class=\"ast-oembed-container \" style=\"height: 100%;\"><iframe loading=\"lazy\" title=\"TickiT SiliShapes Sensory Circles\" width=\"500\" height=\"281\" src=\"https:\/\/www.youtube.com\/embed\/wBRa9w28MeA?feature=oembed\" frameborder=\"0\" allow=\"accelerometer; autoplay; clipboard-write; encrypted-media; gyroscope; picture-in-picture; web-share\" referrerpolicy=\"strict-origin-when-cross-origin\" allowfullscreen><\/iframe><\/div>\n","protected":false},"excerpt":{"rendered":"<p>Aquest conjunt consta de 10 discs circulars amb textura fets de silicona flexible ultra suau: 5 grans i 5 petits. A la superf\u00edcie de cada cercle hi ha un patr\u00f3 distintiu i diferent de la resta del conjunt.<\/p>\n","protected":false},"featured_media":26134,"template":"","meta":{"_acf_changed":false,"site-sidebar-layout":"default","site-content-layout":"default","ast-site-content-layout":"default","site-content-style":"default","site-sidebar-style":"default","ast-global-header-display":"","ast-banner-title-visibility":"","ast-main-header-display":"","ast-hfb-above-header-display":"","ast-hfb-below-header-display":"","ast-hfb-mobile-header-display":"","site-post-title":"","ast-breadcrumbs-content":"","ast-featured-img":"","footer-sml-layout":"","ast-disable-related-posts":"","theme-transparent-header-meta":"default","adv-header-id-meta":"","stick-header-meta":"","header-above-stick-meta":"","header-main-stick-meta":"","header-below-stick-meta":"","astra-migrate-meta-layouts":"default","ast-page-background-enabled":"default","ast-page-background-meta":{"desktop":{"background-color":"","background-image":"","background-repeat":"repeat","background-position":"center center","background-size":"auto","background-attachment":"scroll","background-type":"","background-media":"","overlay-type":"","overlay-color":"","overlay-opacity":"","overlay-gradient":""},"tablet":{"background-color":"","background-image":"","background-repeat":"repeat","background-position":"center center","background-size":"auto","background-attachment":"scroll","background-type":"","background-media":"","overlay-type":"","overlay-color":"","overlay-opacity":"","overlay-gradient":""},"mobile":{"background-color":"","background-image":"","background-repeat":"repeat","background-position":"center center","background-size":"auto","background-attachment":"scroll","background-type":"","background-media":"","overlay-type":"","overlay-color":"","overlay-opacity":"","overlay-gradient":""}},"ast-content-background-meta":{"desktop":{"background-color":"var(--ast-global-color-5)","background-image":"","background-repeat":"repeat","background-position":"center center","background-size":"auto","background-attachment":"scroll","background-type":"","background-media":"","overlay-type":"","overlay-color":"","overlay-opacity":"","overlay-gradient":""},"tablet":{"background-color":"var(--ast-global-color-5)","background-image":"","background-repeat":"repeat","background-position":"center center","background-size":"auto","background-attachment":"scroll","background-type":"","background-media":"","overlay-type":"","overlay-color":"","overlay-opacity":"","overlay-gradient":""},"mobile":{"background-color":"var(--ast-global-color-5)","background-image":"","background-repeat":"repeat","background-position":"center center","background-size":"auto","background-attachment":"scroll","background-type":"","background-media":"","overlay-type":"","overlay-color":"","overlay-opacity":"","overlay-gradient":""}}},"pwb-brand":[4149],"product_brand":[],"product_cat":[3363,3364,3365,1107,2312],"product_tag":[2333,130,2330],"class_list":{"0":"post-25873","1":"product","2":"type-product","3":"status-publish","4":"has-post-thumbnail","6":"pwb-brand-tickit","7":"product_cat-3-anys","8":"product_cat-4-anys","9":"product_cat-6-anys","10":"product_cat-jocs-dexterior","11":"product_cat-jocs-sensorials","12":"product_tag-ciruclos-sensoriales","13":"product_tag-silicona","14":"product_tag-tickit","15":"desktop-align-left","16":"tablet-align-left","17":"mobile-align-left","19":"first","20":"outofstock","21":"taxable","22":"shipping-taxable","23":"purchasable","24":"product-type-simple"},"acf":[],"yoast_head":"<!-- This site is optimized with the Yoast SEO Premium plugin v18.3 (Yoast SEO v27.4) - https:\/\/yoast.com\/product\/yoast-seo-premium-wordpress\/ -->\n<title>Joc de cercles sensorials Silishapes - Tickit &#8212; Som Llavors<\/title>\n<meta name=\"description\" content=\"Aquest conjunt consta de 10 discs circulars amb textura fets de silicona flexible ultra suau: 5 grans i 5 petits. A la superf\u00edcie de cada cercle hi ha un patr\u00f3 distintiu i diferent de la resta del conjunt.\" \/>\n<meta name=\"robots\" content=\"index, follow, max-snippet:-1, max-image-preview:large, max-video-preview:-1\" \/>\n<link rel=\"canonical\" href=\"https:\/\/somllavors.com\/es\/producte\/joc-de-cercles-sensorials-silishapes-tickit\" \/>\n<meta property=\"og:locale\" content=\"es_ES\" \/>\n<meta property=\"og:type\" content=\"article\" \/>\n<meta property=\"og:title\" content=\"Joc de cercles sensorials Silishapes - Tickit\" \/>\n<meta property=\"og:description\" content=\"La teva botiga d\u2019ecocrian\u00e7a i espai d\u2019acompanyament a la maternitat\" \/>\n<meta property=\"og:url\" content=\"https:\/\/somllavors.com\/es\/producte\/joc-de-cercles-sensorials-silishapes-tickit\" \/>\n<meta property=\"og:site_name\" content=\"Som Llavors\" \/>\n<meta property=\"article:publisher\" content=\"https:\/\/www.facebook.com\/somllavorsvng\/?locale=ca_ES\" \/>\n<meta property=\"article:modified_time\" content=\"2023-10-06T08:15:30+00:00\" \/>\n<meta property=\"og:image\" content=\"https:\/\/somllavors.com\/wp-content\/uploads\/Som-Llavors-Set-de-circulos-sensoriales-silishapes.jpg\" \/>\n\t<meta property=\"og:image:width\" content=\"500\" \/>\n\t<meta property=\"og:image:height\" content=\"335\" \/>\n\t<meta property=\"og:image:type\" content=\"image\/jpeg\" \/>\n<meta name=\"twitter:card\" content=\"summary_large_image\" \/>\n<meta name=\"twitter:label1\" content=\"Precio\" \/>\n\t<meta name=\"twitter:data1\" content=\"49,30&euro; Iva incl\u00f2s\" \/>\n\t<meta name=\"twitter:label2\" content=\"Availability\" \/>\n\t<meta name=\"twitter:data2\" content=\"Out of stock\" \/>\n<script type=\"application\/ld+json\" class=\"yoast-schema-graph\">{\"@context\":\"https:\\\/\\\/schema.org\",\"@graph\":[{\"@type\":\"WebPage\",\"@id\":\"https:\\\/\\\/somllavors.com\\\/es\\\/producte\\\/joc-de-cercles-sensorials-silishapes-tickit\",\"url\":\"https:\\\/\\\/somllavors.com\\\/es\\\/producte\\\/joc-de-cercles-sensorials-silishapes-tickit\",\"name\":\"Joc de cercles sensorials Silishapes - Tickit &#8212; Som Llavors\",\"isPartOf\":{\"@id\":\"https:\\\/\\\/somllavors.com\\\/es#website\"},\"primaryImageOfPage\":{\"@id\":\"https:\\\/\\\/somllavors.com\\\/es\\\/producte\\\/joc-de-cercles-sensorials-silishapes-tickit#primaryimage\"},\"image\":{\"@id\":\"https:\\\/\\\/somllavors.com\\\/es\\\/producte\\\/joc-de-cercles-sensorials-silishapes-tickit#primaryimage\"},\"thumbnailUrl\":\"https:\\\/\\\/somllavors.com\\\/wp-content\\\/uploads\\\/Som-Llavors-Set-de-circulos-sensoriales-silishapes.jpg\",\"datePublished\":\"2022-07-21T17:31:41+00:00\",\"dateModified\":\"2023-10-06T08:15:30+00:00\",\"description\":\"Aquest conjunt consta de 10 discs circulars amb textura fets de silicona flexible ultra suau: 5 grans i 5 petits. A la superf\u00edcie de cada cercle hi ha un patr\u00f3 distintiu i diferent de la resta del conjunt.\",\"breadcrumb\":{\"@id\":\"https:\\\/\\\/somllavors.com\\\/es\\\/producte\\\/joc-de-cercles-sensorials-silishapes-tickit#breadcrumb\"},\"inLanguage\":\"es\",\"potentialAction\":[{\"@type\":\"ReadAction\",\"target\":[\"https:\\\/\\\/somllavors.com\\\/es\\\/producte\\\/joc-de-cercles-sensorials-silishapes-tickit\"]}]},{\"@type\":\"ImageObject\",\"inLanguage\":\"es\",\"@id\":\"https:\\\/\\\/somllavors.com\\\/es\\\/producte\\\/joc-de-cercles-sensorials-silishapes-tickit#primaryimage\",\"url\":\"https:\\\/\\\/somllavors.com\\\/wp-content\\\/uploads\\\/Som-Llavors-Set-de-circulos-sensoriales-silishapes.jpg\",\"contentUrl\":\"https:\\\/\\\/somllavors.com\\\/wp-content\\\/uploads\\\/Som-Llavors-Set-de-circulos-sensoriales-silishapes.jpg\",\"width\":500,\"height\":335,\"caption\":\"Circulos sensoriales tickit\"},{\"@type\":\"BreadcrumbList\",\"@id\":\"https:\\\/\\\/somllavors.com\\\/es\\\/producte\\\/joc-de-cercles-sensorials-silishapes-tickit#breadcrumb\",\"itemListElement\":[{\"@type\":\"ListItem\",\"position\":1,\"name\":\"Inici\",\"item\":\"https:\\\/\\\/somllavors.com\\\/es\"},{\"@type\":\"ListItem\",\"position\":2,\"name\":\"Tienda\",\"item\":\"https:\\\/\\\/somllavors.com\\\/es\\\/botiga-2\"},{\"@type\":\"ListItem\",\"position\":3,\"name\":\"Joc de cercles sensorials Silishapes &#8211; Tickit\"}]},{\"@type\":\"WebSite\",\"@id\":\"https:\\\/\\\/somllavors.com\\\/es#website\",\"url\":\"https:\\\/\\\/somllavors.com\\\/es\",\"name\":\"Som Llavors\",\"description\":\"Botiga de crian\u00e7a natural\",\"publisher\":{\"@id\":\"https:\\\/\\\/somllavors.com\\\/es#organization\"},\"alternateName\":\"Crian\u00e7a Natural i Sostenible\",\"potentialAction\":[{\"@type\":\"SearchAction\",\"target\":{\"@type\":\"EntryPoint\",\"urlTemplate\":\"https:\\\/\\\/somllavors.com\\\/es?s={search_term_string}\"},\"query-input\":{\"@type\":\"PropertyValueSpecification\",\"valueRequired\":true,\"valueName\":\"search_term_string\"}}],\"inLanguage\":\"es\"},{\"@type\":[\"Organization\",\"Place\",\"Store\"],\"@id\":\"https:\\\/\\\/somllavors.com\\\/es#organization\",\"name\":\"Som Llavors\",\"alternateName\":\"Crian\u00e7a Natural i Sostenible\",\"url\":\"https:\\\/\\\/somllavors.com\\\/es\",\"logo\":{\"@id\":\"https:\\\/\\\/somllavors.com\\\/es\\\/producte\\\/joc-de-cercles-sensorials-silishapes-tickit#local-main-organization-logo\"},\"image\":{\"@id\":\"https:\\\/\\\/somllavors.com\\\/es\\\/producte\\\/joc-de-cercles-sensorials-silishapes-tickit#local-main-organization-logo\"},\"sameAs\":[\"https:\\\/\\\/www.facebook.com\\\/somllavorsvng\\\/?locale=ca_ES\",\"https:\\\/\\\/www.instagram.com\\\/somllavors_vng\\\/\",\"https:\\\/\\\/www.youtube.com\\\/@somllavors\"],\"address\":{\"@id\":\"https:\\\/\\\/somllavors.com\\\/es\\\/producte\\\/joc-de-cercles-sensorials-silishapes-tickit#local-main-place-address\"},\"geo\":{\"@type\":\"GeoCoordinates\",\"latitude\":\"41.2257737\",\"longitude\":\"1.723258859\"},\"telephone\":[\"623152704\"],\"openingHoursSpecification\":[{\"@type\":\"OpeningHoursSpecification\",\"dayOfWeek\":[\"Monday\",\"Sunday\"],\"opens\":\"00:00\",\"closes\":\"00:00\"},{\"@type\":\"OpeningHoursSpecification\",\"dayOfWeek\":[\"Tuesday\",\"Wednesday\",\"Thursday\",\"Friday\"],\"opens\":\"10:00\",\"closes\":\"20:00\"},{\"@type\":\"OpeningHoursSpecification\",\"dayOfWeek\":[\"Saturday\"],\"opens\":\"10:00\",\"closes\":\"13:30\"}],\"email\":\"info@somllavors.com\"},{\"@type\":\"PostalAddress\",\"@id\":\"https:\\\/\\\/somllavors.com\\\/es\\\/producte\\\/joc-de-cercles-sensorials-silishapes-tickit#local-main-place-address\",\"streetAddress\":\"Carrer de l'aigua, 6\",\"addressLocality\":\"Vilanova i la Geltr\u00fa\",\"postalCode\":\"08800\",\"addressRegion\":\"Barcelona\",\"addressCountry\":\"ES\"},{\"@type\":\"ImageObject\",\"inLanguage\":\"es\",\"@id\":\"https:\\\/\\\/somllavors.com\\\/es\\\/producte\\\/joc-de-cercles-sensorials-silishapes-tickit#local-main-organization-logo\",\"url\":\"https:\\\/\\\/somllavors.com\\\/wp-content\\\/uploads\\\/Logotip-Som-Llavors.jpg\",\"contentUrl\":\"https:\\\/\\\/somllavors.com\\\/wp-content\\\/uploads\\\/Logotip-Som-Llavors.jpg\",\"width\":1444,\"height\":1323,\"caption\":\"Som Llavors\"}]}<\/script>\n<meta property=\"product:price:amount\" content=\"49.30\" \/>\n<meta property=\"product:price:currency\" content=\"EUR\" \/>\n<meta property=\"og:availability\" content=\"out of stock\" \/>\n<meta property=\"product:availability\" content=\"out of stock\" \/>\n<meta property=\"product:retailer_item_id\" content=\"54517\" \/>\n<meta property=\"product:condition\" content=\"new\" \/>\n<meta name=\"geo.placename\" content=\"Vilanova i la Geltr\u00fa\" \/>\n<meta name=\"geo.position\" content=\"41.2257737;1.723258859\" \/>\n<meta name=\"geo.region\" content=\"Espa\u00f1a\" \/>\n<!-- \/ Yoast SEO Premium plugin. -->","yoast_head_json":{"title":"Joc de cercles sensorials Silishapes - Tickit &#8212; Som Llavors","description":"Aquest conjunt consta de 10 discs circulars amb textura fets de silicona flexible ultra suau: 5 grans i 5 petits. A la superf\u00edcie de cada cercle hi ha un patr\u00f3 distintiu i diferent de la resta del conjunt.","robots":{"index":"index","follow":"follow","max-snippet":"max-snippet:-1","max-image-preview":"max-image-preview:large","max-video-preview":"max-video-preview:-1"},"canonical":"https:\/\/somllavors.com\/es\/producte\/joc-de-cercles-sensorials-silishapes-tickit","og_locale":"es_ES","og_type":"article","og_title":"Joc de cercles sensorials Silishapes - Tickit","og_description":"La teva botiga d\u2019ecocrian\u00e7a i espai d\u2019acompanyament a la maternitat","og_url":"https:\/\/somllavors.com\/es\/producte\/joc-de-cercles-sensorials-silishapes-tickit","og_site_name":"Som Llavors","article_publisher":"https:\/\/www.facebook.com\/somllavorsvng\/?locale=ca_ES","article_modified_time":"2023-10-06T08:15:30+00:00","og_image":[{"width":500,"height":335,"url":"https:\/\/somllavors.com\/wp-content\/uploads\/Som-Llavors-Set-de-circulos-sensoriales-silishapes.jpg","type":"image\/jpeg"}],"twitter_card":"summary_large_image","twitter_misc":{"Precio":"49,30&euro; Iva incl\u00f2s","Availability":"Out of stock"},"schema":{"@context":"https:\/\/schema.org","@graph":[{"@type":"WebPage","@id":"https:\/\/somllavors.com\/es\/producte\/joc-de-cercles-sensorials-silishapes-tickit","url":"https:\/\/somllavors.com\/es\/producte\/joc-de-cercles-sensorials-silishapes-tickit","name":"Joc de cercles sensorials Silishapes - Tickit &#8212; Som Llavors","isPartOf":{"@id":"https:\/\/somllavors.com\/es#website"},"primaryImageOfPage":{"@id":"https:\/\/somllavors.com\/es\/producte\/joc-de-cercles-sensorials-silishapes-tickit#primaryimage"},"image":{"@id":"https:\/\/somllavors.com\/es\/producte\/joc-de-cercles-sensorials-silishapes-tickit#primaryimage"},"thumbnailUrl":"https:\/\/somllavors.com\/wp-content\/uploads\/Som-Llavors-Set-de-circulos-sensoriales-silishapes.jpg","datePublished":"2022-07-21T17:31:41+00:00","dateModified":"2023-10-06T08:15:30+00:00","description":"Aquest conjunt consta de 10 discs circulars amb textura fets de silicona flexible ultra suau: 5 grans i 5 petits. A la superf\u00edcie de cada cercle hi ha un patr\u00f3 distintiu i diferent de la resta del conjunt.","breadcrumb":{"@id":"https:\/\/somllavors.com\/es\/producte\/joc-de-cercles-sensorials-silishapes-tickit#breadcrumb"},"inLanguage":"es","potentialAction":[{"@type":"ReadAction","target":["https:\/\/somllavors.com\/es\/producte\/joc-de-cercles-sensorials-silishapes-tickit"]}]},{"@type":"ImageObject","inLanguage":"es","@id":"https:\/\/somllavors.com\/es\/producte\/joc-de-cercles-sensorials-silishapes-tickit#primaryimage","url":"https:\/\/somllavors.com\/wp-content\/uploads\/Som-Llavors-Set-de-circulos-sensoriales-silishapes.jpg","contentUrl":"https:\/\/somllavors.com\/wp-content\/uploads\/Som-Llavors-Set-de-circulos-sensoriales-silishapes.jpg","width":500,"height":335,"caption":"Circulos sensoriales tickit"},{"@type":"BreadcrumbList","@id":"https:\/\/somllavors.com\/es\/producte\/joc-de-cercles-sensorials-silishapes-tickit#breadcrumb","itemListElement":[{"@type":"ListItem","position":1,"name":"Inici","item":"https:\/\/somllavors.com\/es"},{"@type":"ListItem","position":2,"name":"Tienda","item":"https:\/\/somllavors.com\/es\/botiga-2"},{"@type":"ListItem","position":3,"name":"Joc de cercles sensorials Silishapes &#8211; Tickit"}]},{"@type":"WebSite","@id":"https:\/\/somllavors.com\/es#website","url":"https:\/\/somllavors.com\/es","name":"Som Llavors","description":"Botiga de crian\u00e7a natural","publisher":{"@id":"https:\/\/somllavors.com\/es#organization"},"alternateName":"Crian\u00e7a Natural i Sostenible","potentialAction":[{"@type":"SearchAction","target":{"@type":"EntryPoint","urlTemplate":"https:\/\/somllavors.com\/es?s={search_term_string}"},"query-input":{"@type":"PropertyValueSpecification","valueRequired":true,"valueName":"search_term_string"}}],"inLanguage":"es"},{"@type":["Organization","Place","Store"],"@id":"https:\/\/somllavors.com\/es#organization","name":"Som Llavors","alternateName":"Crian\u00e7a Natural i Sostenible","url":"https:\/\/somllavors.com\/es","logo":{"@id":"https:\/\/somllavors.com\/es\/producte\/joc-de-cercles-sensorials-silishapes-tickit#local-main-organization-logo"},"image":{"@id":"https:\/\/somllavors.com\/es\/producte\/joc-de-cercles-sensorials-silishapes-tickit#local-main-organization-logo"},"sameAs":["https:\/\/www.facebook.com\/somllavorsvng\/?locale=ca_ES","https:\/\/www.instagram.com\/somllavors_vng\/","https:\/\/www.youtube.com\/@somllavors"],"address":{"@id":"https:\/\/somllavors.com\/es\/producte\/joc-de-cercles-sensorials-silishapes-tickit#local-main-place-address"},"geo":{"@type":"GeoCoordinates","latitude":"41.2257737","longitude":"1.723258859"},"telephone":["623152704","623152704"],"openingHoursSpecification":[{"@type":"OpeningHoursSpecification","dayOfWeek":["Monday","Sunday"],"opens":"00:00","closes":"00:00"},{"@type":"OpeningHoursSpecification","dayOfWeek":["Tuesday","Wednesday","Thursday","Friday"],"opens":"10:00","closes":"20:00"},{"@type":"OpeningHoursSpecification","dayOfWeek":["Saturday"],"opens":"10:00","closes":"13:30"}],"email":"info@somllavors.com"},{"@type":"PostalAddress","@id":"https:\/\/somllavors.com\/es\/producte\/joc-de-cercles-sensorials-silishapes-tickit#local-main-place-address","streetAddress":"Carrer de l'aigua, 6","addressLocality":"Vilanova i la Geltr\u00fa","postalCode":"08800","addressRegion":"Barcelona","addressCountry":"ES"},{"@type":"ImageObject","inLanguage":"es","@id":"https:\/\/somllavors.com\/es\/producte\/joc-de-cercles-sensorials-silishapes-tickit#local-main-organization-logo","url":"https:\/\/somllavors.com\/wp-content\/uploads\/Logotip-Som-Llavors.jpg","contentUrl":"https:\/\/somllavors.com\/wp-content\/uploads\/Logotip-Som-Llavors.jpg","width":1444,"height":1323,"caption":"Som Llavors"}]},"product_price_amount":"49.30","product_price_currency":"EUR","og_availability":"out of stock","product_availability":"out of stock","product_retailer_item_id":"54517","product_condition":"new","geo.placename":"Vilanova i la Geltr\u00fa","geo.position":{"lat":"41.2257737","long":"1.723258859"},"geo.region":"Espa\u00f1a"},"brands":[{"id":4149,"name":"TickiT","slug":"tickit"}],"_links":{"self":[{"href":"https:\/\/somllavors.com\/es\/wp-json\/wp\/v2\/product\/25873","targetHints":{"allow":["GET"]}}],"collection":[{"href":"https:\/\/somllavors.com\/es\/wp-json\/wp\/v2\/product"}],"about":[{"href":"https:\/\/somllavors.com\/es\/wp-json\/wp\/v2\/types\/product"}],"wp:featuredmedia":[{"embeddable":true,"href":"https:\/\/somllavors.com\/es\/wp-json\/wp\/v2\/media\/26134"}],"wp:attachment":[{"href":"https:\/\/somllavors.com\/es\/wp-json\/wp\/v2\/media?parent=25873"}],"wp:term":[{"taxonomy":"pwb-brand","embeddable":true,"href":"https:\/\/somllavors.com\/es\/wp-json\/wp\/v2\/pwb-brand?post=25873"},{"taxonomy":"product_brand","embeddable":true,"href":"https:\/\/somllavors.com\/es\/wp-json\/wp\/v2\/product_brand?post=25873"},{"taxonomy":"product_cat","embeddable":true,"href":"https:\/\/somllavors.com\/es\/wp-json\/wp\/v2\/product_cat?post=25873"},{"taxonomy":"product_tag","embeddable":true,"href":"https:\/\/somllavors.com\/es\/wp-json\/wp\/v2\/product_tag?post=25873"}],"curies":[{"name":"wp","href":"https:\/\/api.w.org\/{rel}","templated":true}]}}