{"id":25874,"date":"2022-07-21T19:40:46","date_gmt":"2022-07-21T17:40:46","guid":{"rendered":"https:\/\/somllavors.com\/?post_type=product&#038;p=25874"},"modified":"2026-01-05T11:48:55","modified_gmt":"2026-01-05T10:48:55","slug":"bola-sensorial-reflectant-misteriosa","status":"publish","type":"product","link":"https:\/\/somllavors.com\/es\/producte\/bola-sensorial-reflectant-misteriosa","title":{"rendered":"Bola sensorial reflectant misteriosa &#8211; TickiT"},"content":{"rendered":"<ul>\n<li>La superf\u00edcie del mirall brillant acabada a m\u00e0 proporciona un reflex de lent d&#8217;ull de peix distorsionat que \u00e9s fascinant dobservar per als infants. Estan constru\u00efdes de forma robusta amb acer inoxidable resistent, s\u00f3n lleugeres, suaus i f\u00e0cils de manejar i poden resultar especialment atractives pels infants amb NEE o per aquells que necessiten inspiraci\u00f3 en un llenguatge creatiu.<\/li>\n<li>L&#8217;acer inoxidable \u00e9s un material ideal per utilitzar en recursos de joc sensorial:\n<ul>\n<li>Lliure de qu\u00edmics \u2013 sense toxines<\/li>\n<li>Durador: resistent i lleuger<\/li>\n<li>Higi\u00e8nic: no por\u00f3s i naturalment resistent als bacteris<\/li>\n<\/ul>\n<\/li>\n<li>Recolza les \u00e0rees d&#8217;aprenentatge seg\u00fcents:\n<ul>\n<li>Desenvolupament personal &#8211; sensorial<\/li>\n<li>Comunicaci\u00f3 i Llenguatge \u2013 llenguatge descriptiu<\/li>\n<li>Entendre el m\u00f3n &#8211; observaci\u00f3<\/li>\n<li>Entendre el m\u00f3n &#8211; so<\/li>\n<li>Desenvolupament f\u00edsic &#8211; coordinaci\u00f3 m\u00e0-ull<\/li>\n<li>Desenvolupament f\u00edsic &#8211; habilitats motores<\/li>\n<\/ul>\n<\/li>\n<li>Misteris de boles\n<ul>\n<li>Pilota 1: res a dins. L&#8217;agitaci\u00f3 no produeix cap so. Es comporta normalment quan roda i rebota.<\/li>\n<li>Bola 2: 10 boles d&#8217;acer a l&#8217;interior (6 mm de di\u00e0metre). L&#8217;agitaci\u00f3 produeix un so de sotragueig, seguit d&#8217;un so de remol\u00ed. Roda normalment per\u00f2 tamb\u00e9 amb un so de remol\u00ed. Rebota normalment.<\/li>\n<li>Pilota 3: sorra per dins. Al sacsejar-la es produeix un so suau. Es nega a rodar cap enrere o cap endavant. Gira en un arc exc\u00e8ntric i no rebota.<\/li>\n<li>Pilota 4: Grava per dins. Al sacsejar-la es produeix un so de sotragueig, similar a la Bola 2 per\u00f2 sense so de remol\u00ed. Roda normalment amb un so aspre. Rebota normalment.<\/li>\n<li>Bola 5: bola gran d&#8217;acer a l&#8217;interior. La sacsejada produeix un fort so de clonaci\u00f3 seguit d&#8217;un so de balanceig. Roda en forma de ziga-zaga. Rebota normalment, per\u00f2 es pot escoltar un doble rebot quan la pilota gran a l&#8217;interior tamb\u00e9 rebota.<\/li>\n<li>Bola 6: Pes exc\u00e8ntric a l&#8217;interior. L&#8217;agitaci\u00f3 no produeix cap so. Roda de manera impredictible en qualsevol direcci\u00f3. Rebota normalment.<\/li>\n<\/ul>\n<\/li>\n<li>Mides: 100 mm de di\u00e0metre.<\/li>\n<li>Apte per a totes les edats.<\/li>\n<li>Preu per unitat.<\/li>\n<\/ul>\n<div class=\"ast-oembed-container \" style=\"height: 100%;\"><iframe loading=\"lazy\" title=\"TickiT Mystery Balls\" width=\"500\" height=\"281\" src=\"https:\/\/www.youtube.com\/embed\/6W0sziRXvU8?feature=oembed\" frameborder=\"0\" allow=\"accelerometer; autoplay; clipboard-write; encrypted-media; gyroscope; picture-in-picture; web-share\" referrerpolicy=\"strict-origin-when-cross-origin\" allowfullscreen><\/iframe><\/div>\n","protected":false},"excerpt":{"rendered":"<p>Constru\u00efdes de forma robusta en acer inoxidable, aquestes boles de miralls reflectants semblen id\u00e8ntiques per\u00f2 tenen caracter\u00edstiques individuals, per la qual cosa cadascuna es comporta de manera diferent.<\/p>\n","protected":false},"featured_media":26122,"template":"","meta":{"_acf_changed":false,"site-sidebar-layout":"default","site-content-layout":"default","ast-site-content-layout":"default","site-content-style":"default","site-sidebar-style":"default","ast-global-header-display":"","ast-banner-title-visibility":"","ast-main-header-display":"","ast-hfb-above-header-display":"","ast-hfb-below-header-display":"","ast-hfb-mobile-header-display":"","site-post-title":"","ast-breadcrumbs-content":"","ast-featured-img":"","footer-sml-layout":"","ast-disable-related-posts":"","theme-transparent-header-meta":"default","adv-header-id-meta":"","stick-header-meta":"","header-above-stick-meta":"","header-main-stick-meta":"","header-below-stick-meta":"","astra-migrate-meta-layouts":"default","ast-page-background-enabled":"default","ast-page-background-meta":{"desktop":{"background-color":"","background-image":"","background-repeat":"repeat","background-position":"center center","background-size":"auto","background-attachment":"scroll","background-type":"","background-media":"","overlay-type":"","overlay-color":"","overlay-opacity":"","overlay-gradient":""},"tablet":{"background-color":"","background-image":"","background-repeat":"repeat","background-position":"center center","background-size":"auto","background-attachment":"scroll","background-type":"","background-media":"","overlay-type":"","overlay-color":"","overlay-opacity":"","overlay-gradient":""},"mobile":{"background-color":"","background-image":"","background-repeat":"repeat","background-position":"center center","background-size":"auto","background-attachment":"scroll","background-type":"","background-media":"","overlay-type":"","overlay-color":"","overlay-opacity":"","overlay-gradient":""}},"ast-content-background-meta":{"desktop":{"background-color":"var(--ast-global-color-5)","background-image":"","background-repeat":"repeat","background-position":"center center","background-size":"auto","background-attachment":"scroll","background-type":"","background-media":"","overlay-type":"","overlay-color":"","overlay-opacity":"","overlay-gradient":""},"tablet":{"background-color":"var(--ast-global-color-5)","background-image":"","background-repeat":"repeat","background-position":"center center","background-size":"auto","background-attachment":"scroll","background-type":"","background-media":"","overlay-type":"","overlay-color":"","overlay-opacity":"","overlay-gradient":""},"mobile":{"background-color":"var(--ast-global-color-5)","background-image":"","background-repeat":"repeat","background-position":"center center","background-size":"auto","background-attachment":"scroll","background-type":"","background-media":"","overlay-type":"","overlay-color":"","overlay-opacity":"","overlay-gradient":""}}},"pwb-brand":[4149],"product_brand":[],"product_cat":[3360,3361,3362,3359,4500,203,2312,2051,846],"product_tag":[2331,2330],"class_list":{"0":"post-25874","1":"product","2":"type-product","3":"status-publish","4":"has-post-thumbnail","6":"pwb-brand-tickit","7":"product_cat-12-mesos","8":"product_cat-18-mesos","9":"product_cat-2-anys","10":"product_cat-6-mesos","11":"product_cat-10-20e","12":"product_cat-instruments-musicals","13":"product_cat-jocs-sensorials","14":"product_cat-panera-dels-tresors","15":"product_cat-sonalls","16":"product_tag-cesto-tesoros","17":"product_tag-tickit","18":"desktop-align-left","19":"tablet-align-left","20":"mobile-align-left","22":"first","23":"instock","24":"taxable","25":"shipping-taxable","26":"purchasable","27":"product-type-simple"},"acf":[],"yoast_head":"<!-- This site is optimized with the Yoast SEO Premium plugin v18.3 (Yoast SEO v27.4) - https:\/\/yoast.com\/product\/yoast-seo-premium-wordpress\/ -->\n<title>Bola sensorial reflectant misteriosa - TickiT &#8212; Som Llavors<\/title>\n<meta name=\"description\" content=\"Constru\u00efdes de forma robusta en acer inoxidable, aquestes boles de miralls reflectants semblen id\u00e8ntiques per\u00f2 tenen caracter\u00edstiques individuals, per la qual cosa cadascuna es comporta de manera diferent.\" \/>\n<meta name=\"robots\" content=\"index, follow, max-snippet:-1, max-image-preview:large, max-video-preview:-1\" \/>\n<link rel=\"canonical\" href=\"https:\/\/somllavors.com\/es\/producte\/bola-sensorial-reflectant-misteriosa\" \/>\n<meta property=\"og:locale\" content=\"es_ES\" \/>\n<meta property=\"og:type\" content=\"article\" \/>\n<meta property=\"og:title\" content=\"Bola sensorial reflectant misteriosa - TickiT\" \/>\n<meta property=\"og:description\" content=\"La teva botiga d\u2019ecocrian\u00e7a i espai d\u2019acompanyament a la maternitat\" \/>\n<meta property=\"og:url\" content=\"https:\/\/somllavors.com\/es\/producte\/bola-sensorial-reflectant-misteriosa\" \/>\n<meta property=\"og:site_name\" content=\"Som Llavors\" \/>\n<meta property=\"article:publisher\" content=\"https:\/\/www.facebook.com\/somllavorsvng\/?locale=ca_ES\" \/>\n<meta property=\"article:modified_time\" content=\"2026-01-05T10:48:55+00:00\" \/>\n<meta property=\"og:image\" content=\"https:\/\/somllavors.com\/wp-content\/uploads\/Som-Llavors-Bolas-reflectantes-misteriosas.jpg\" \/>\n\t<meta property=\"og:image:width\" content=\"1000\" \/>\n\t<meta property=\"og:image:height\" content=\"666\" \/>\n\t<meta property=\"og:image:type\" content=\"image\/jpeg\" \/>\n<meta name=\"twitter:card\" content=\"summary_large_image\" \/>\n<meta name=\"twitter:label1\" content=\"Precio\" \/>\n\t<meta name=\"twitter:data1\" content=\"12,95&euro; Iva incl\u00f2s\" \/>\n\t<meta name=\"twitter:label2\" content=\"Availability\" \/>\n\t<meta name=\"twitter:data2\" content=\"Hay existencias\" \/>\n<script type=\"application\/ld+json\" class=\"yoast-schema-graph\">{\"@context\":\"https:\\\/\\\/schema.org\",\"@graph\":[{\"@type\":\"WebPage\",\"@id\":\"https:\\\/\\\/somllavors.com\\\/es\\\/producte\\\/bola-sensorial-reflectant-misteriosa\",\"url\":\"https:\\\/\\\/somllavors.com\\\/es\\\/producte\\\/bola-sensorial-reflectant-misteriosa\",\"name\":\"Bola sensorial reflectant misteriosa - TickiT &#8212; Som Llavors\",\"isPartOf\":{\"@id\":\"https:\\\/\\\/somllavors.com\\\/es#website\"},\"primaryImageOfPage\":{\"@id\":\"https:\\\/\\\/somllavors.com\\\/es\\\/producte\\\/bola-sensorial-reflectant-misteriosa#primaryimage\"},\"image\":{\"@id\":\"https:\\\/\\\/somllavors.com\\\/es\\\/producte\\\/bola-sensorial-reflectant-misteriosa#primaryimage\"},\"thumbnailUrl\":\"https:\\\/\\\/somllavors.com\\\/wp-content\\\/uploads\\\/Som-Llavors-Bolas-reflectantes-misteriosas.jpg\",\"datePublished\":\"2022-07-21T17:40:46+00:00\",\"dateModified\":\"2026-01-05T10:48:55+00:00\",\"description\":\"Constru\u00efdes de forma robusta en acer inoxidable, aquestes boles de miralls reflectants semblen id\u00e8ntiques per\u00f2 tenen caracter\u00edstiques individuals, per la qual cosa cadascuna es comporta de manera diferent.\",\"breadcrumb\":{\"@id\":\"https:\\\/\\\/somllavors.com\\\/es\\\/producte\\\/bola-sensorial-reflectant-misteriosa#breadcrumb\"},\"inLanguage\":\"es\",\"potentialAction\":[{\"@type\":\"ReadAction\",\"target\":[\"https:\\\/\\\/somllavors.com\\\/es\\\/producte\\\/bola-sensorial-reflectant-misteriosa\"]}]},{\"@type\":\"ImageObject\",\"inLanguage\":\"es\",\"@id\":\"https:\\\/\\\/somllavors.com\\\/es\\\/producte\\\/bola-sensorial-reflectant-misteriosa#primaryimage\",\"url\":\"https:\\\/\\\/somllavors.com\\\/wp-content\\\/uploads\\\/Som-Llavors-Bolas-reflectantes-misteriosas.jpg\",\"contentUrl\":\"https:\\\/\\\/somllavors.com\\\/wp-content\\\/uploads\\\/Som-Llavors-Bolas-reflectantes-misteriosas.jpg\",\"width\":1000,\"height\":666,\"caption\":\"bolas ojo de pez tickit\"},{\"@type\":\"BreadcrumbList\",\"@id\":\"https:\\\/\\\/somllavors.com\\\/es\\\/producte\\\/bola-sensorial-reflectant-misteriosa#breadcrumb\",\"itemListElement\":[{\"@type\":\"ListItem\",\"position\":1,\"name\":\"Inici\",\"item\":\"https:\\\/\\\/somllavors.com\\\/es\"},{\"@type\":\"ListItem\",\"position\":2,\"name\":\"Tienda\",\"item\":\"https:\\\/\\\/somllavors.com\\\/es\\\/botiga-2\"},{\"@type\":\"ListItem\",\"position\":3,\"name\":\"Bola sensorial reflectant misteriosa &#8211; TickiT\"}]},{\"@type\":\"WebSite\",\"@id\":\"https:\\\/\\\/somllavors.com\\\/es#website\",\"url\":\"https:\\\/\\\/somllavors.com\\\/es\",\"name\":\"Som Llavors\",\"description\":\"Botiga de crian\u00e7a natural\",\"publisher\":{\"@id\":\"https:\\\/\\\/somllavors.com\\\/es#organization\"},\"alternateName\":\"Crian\u00e7a Natural i Sostenible\",\"potentialAction\":[{\"@type\":\"SearchAction\",\"target\":{\"@type\":\"EntryPoint\",\"urlTemplate\":\"https:\\\/\\\/somllavors.com\\\/es?s={search_term_string}\"},\"query-input\":{\"@type\":\"PropertyValueSpecification\",\"valueRequired\":true,\"valueName\":\"search_term_string\"}}],\"inLanguage\":\"es\"},{\"@type\":[\"Organization\",\"Place\",\"Store\"],\"@id\":\"https:\\\/\\\/somllavors.com\\\/es#organization\",\"name\":\"Som Llavors\",\"alternateName\":\"Crian\u00e7a Natural i Sostenible\",\"url\":\"https:\\\/\\\/somllavors.com\\\/es\",\"logo\":{\"@id\":\"https:\\\/\\\/somllavors.com\\\/es\\\/producte\\\/bola-sensorial-reflectant-misteriosa#local-main-organization-logo\"},\"image\":{\"@id\":\"https:\\\/\\\/somllavors.com\\\/es\\\/producte\\\/bola-sensorial-reflectant-misteriosa#local-main-organization-logo\"},\"sameAs\":[\"https:\\\/\\\/www.facebook.com\\\/somllavorsvng\\\/?locale=ca_ES\",\"https:\\\/\\\/www.instagram.com\\\/somllavors_vng\\\/\",\"https:\\\/\\\/www.youtube.com\\\/@somllavors\"],\"address\":{\"@id\":\"https:\\\/\\\/somllavors.com\\\/es\\\/producte\\\/bola-sensorial-reflectant-misteriosa#local-main-place-address\"},\"geo\":{\"@type\":\"GeoCoordinates\",\"latitude\":\"41.2257737\",\"longitude\":\"1.723258859\"},\"telephone\":[\"623152704\"],\"openingHoursSpecification\":[{\"@type\":\"OpeningHoursSpecification\",\"dayOfWeek\":[\"Monday\",\"Sunday\"],\"opens\":\"00:00\",\"closes\":\"00:00\"},{\"@type\":\"OpeningHoursSpecification\",\"dayOfWeek\":[\"Tuesday\",\"Wednesday\",\"Thursday\",\"Friday\"],\"opens\":\"10:00\",\"closes\":\"20:00\"},{\"@type\":\"OpeningHoursSpecification\",\"dayOfWeek\":[\"Saturday\"],\"opens\":\"10:00\",\"closes\":\"13:30\"}],\"email\":\"info@somllavors.com\"},{\"@type\":\"PostalAddress\",\"@id\":\"https:\\\/\\\/somllavors.com\\\/es\\\/producte\\\/bola-sensorial-reflectant-misteriosa#local-main-place-address\",\"streetAddress\":\"Carrer de l'aigua, 6\",\"addressLocality\":\"Vilanova i la Geltr\u00fa\",\"postalCode\":\"08800\",\"addressRegion\":\"Barcelona\",\"addressCountry\":\"ES\"},{\"@type\":\"ImageObject\",\"inLanguage\":\"es\",\"@id\":\"https:\\\/\\\/somllavors.com\\\/es\\\/producte\\\/bola-sensorial-reflectant-misteriosa#local-main-organization-logo\",\"url\":\"https:\\\/\\\/somllavors.com\\\/wp-content\\\/uploads\\\/Logotip-Som-Llavors.jpg\",\"contentUrl\":\"https:\\\/\\\/somllavors.com\\\/wp-content\\\/uploads\\\/Logotip-Som-Llavors.jpg\",\"width\":1444,\"height\":1323,\"caption\":\"Som Llavors\"}]}<\/script>\n<meta property=\"product:price:amount\" content=\"12.95\" \/>\n<meta property=\"product:price:currency\" content=\"EUR\" \/>\n<meta property=\"og:availability\" content=\"instock\" \/>\n<meta property=\"product:availability\" content=\"instock\" \/>\n<meta property=\"product:retailer_item_id\" content=\"72203\" \/>\n<meta property=\"product:condition\" content=\"new\" \/>\n<meta name=\"geo.placename\" content=\"Vilanova i la Geltr\u00fa\" \/>\n<meta name=\"geo.position\" content=\"41.2257737;1.723258859\" \/>\n<meta name=\"geo.region\" content=\"Espa\u00f1a\" \/>\n<!-- \/ Yoast SEO Premium plugin. -->","yoast_head_json":{"title":"Bola sensorial reflectant misteriosa - TickiT &#8212; Som Llavors","description":"Constru\u00efdes de forma robusta en acer inoxidable, aquestes boles de miralls reflectants semblen id\u00e8ntiques per\u00f2 tenen caracter\u00edstiques individuals, per la qual cosa cadascuna es comporta de manera diferent.","robots":{"index":"index","follow":"follow","max-snippet":"max-snippet:-1","max-image-preview":"max-image-preview:large","max-video-preview":"max-video-preview:-1"},"canonical":"https:\/\/somllavors.com\/es\/producte\/bola-sensorial-reflectant-misteriosa","og_locale":"es_ES","og_type":"article","og_title":"Bola sensorial reflectant misteriosa - TickiT","og_description":"La teva botiga d\u2019ecocrian\u00e7a i espai d\u2019acompanyament a la maternitat","og_url":"https:\/\/somllavors.com\/es\/producte\/bola-sensorial-reflectant-misteriosa","og_site_name":"Som Llavors","article_publisher":"https:\/\/www.facebook.com\/somllavorsvng\/?locale=ca_ES","article_modified_time":"2026-01-05T10:48:55+00:00","og_image":[{"width":1000,"height":666,"url":"https:\/\/somllavors.com\/wp-content\/uploads\/Som-Llavors-Bolas-reflectantes-misteriosas.jpg","type":"image\/jpeg"}],"twitter_card":"summary_large_image","twitter_misc":{"Precio":"12,95&euro; Iva incl\u00f2s","Availability":"Hay existencias"},"schema":{"@context":"https:\/\/schema.org","@graph":[{"@type":"WebPage","@id":"https:\/\/somllavors.com\/es\/producte\/bola-sensorial-reflectant-misteriosa","url":"https:\/\/somllavors.com\/es\/producte\/bola-sensorial-reflectant-misteriosa","name":"Bola sensorial reflectant misteriosa - TickiT &#8212; Som Llavors","isPartOf":{"@id":"https:\/\/somllavors.com\/es#website"},"primaryImageOfPage":{"@id":"https:\/\/somllavors.com\/es\/producte\/bola-sensorial-reflectant-misteriosa#primaryimage"},"image":{"@id":"https:\/\/somllavors.com\/es\/producte\/bola-sensorial-reflectant-misteriosa#primaryimage"},"thumbnailUrl":"https:\/\/somllavors.com\/wp-content\/uploads\/Som-Llavors-Bolas-reflectantes-misteriosas.jpg","datePublished":"2022-07-21T17:40:46+00:00","dateModified":"2026-01-05T10:48:55+00:00","description":"Constru\u00efdes de forma robusta en acer inoxidable, aquestes boles de miralls reflectants semblen id\u00e8ntiques per\u00f2 tenen caracter\u00edstiques individuals, per la qual cosa cadascuna es comporta de manera diferent.","breadcrumb":{"@id":"https:\/\/somllavors.com\/es\/producte\/bola-sensorial-reflectant-misteriosa#breadcrumb"},"inLanguage":"es","potentialAction":[{"@type":"ReadAction","target":["https:\/\/somllavors.com\/es\/producte\/bola-sensorial-reflectant-misteriosa"]}]},{"@type":"ImageObject","inLanguage":"es","@id":"https:\/\/somllavors.com\/es\/producte\/bola-sensorial-reflectant-misteriosa#primaryimage","url":"https:\/\/somllavors.com\/wp-content\/uploads\/Som-Llavors-Bolas-reflectantes-misteriosas.jpg","contentUrl":"https:\/\/somllavors.com\/wp-content\/uploads\/Som-Llavors-Bolas-reflectantes-misteriosas.jpg","width":1000,"height":666,"caption":"bolas ojo de pez tickit"},{"@type":"BreadcrumbList","@id":"https:\/\/somllavors.com\/es\/producte\/bola-sensorial-reflectant-misteriosa#breadcrumb","itemListElement":[{"@type":"ListItem","position":1,"name":"Inici","item":"https:\/\/somllavors.com\/es"},{"@type":"ListItem","position":2,"name":"Tienda","item":"https:\/\/somllavors.com\/es\/botiga-2"},{"@type":"ListItem","position":3,"name":"Bola sensorial reflectant misteriosa &#8211; TickiT"}]},{"@type":"WebSite","@id":"https:\/\/somllavors.com\/es#website","url":"https:\/\/somllavors.com\/es","name":"Som Llavors","description":"Botiga de crian\u00e7a natural","publisher":{"@id":"https:\/\/somllavors.com\/es#organization"},"alternateName":"Crian\u00e7a Natural i Sostenible","potentialAction":[{"@type":"SearchAction","target":{"@type":"EntryPoint","urlTemplate":"https:\/\/somllavors.com\/es?s={search_term_string}"},"query-input":{"@type":"PropertyValueSpecification","valueRequired":true,"valueName":"search_term_string"}}],"inLanguage":"es"},{"@type":["Organization","Place","Store"],"@id":"https:\/\/somllavors.com\/es#organization","name":"Som Llavors","alternateName":"Crian\u00e7a Natural i Sostenible","url":"https:\/\/somllavors.com\/es","logo":{"@id":"https:\/\/somllavors.com\/es\/producte\/bola-sensorial-reflectant-misteriosa#local-main-organization-logo"},"image":{"@id":"https:\/\/somllavors.com\/es\/producte\/bola-sensorial-reflectant-misteriosa#local-main-organization-logo"},"sameAs":["https:\/\/www.facebook.com\/somllavorsvng\/?locale=ca_ES","https:\/\/www.instagram.com\/somllavors_vng\/","https:\/\/www.youtube.com\/@somllavors"],"address":{"@id":"https:\/\/somllavors.com\/es\/producte\/bola-sensorial-reflectant-misteriosa#local-main-place-address"},"geo":{"@type":"GeoCoordinates","latitude":"41.2257737","longitude":"1.723258859"},"telephone":["623152704","623152704"],"openingHoursSpecification":[{"@type":"OpeningHoursSpecification","dayOfWeek":["Monday","Sunday"],"opens":"00:00","closes":"00:00"},{"@type":"OpeningHoursSpecification","dayOfWeek":["Tuesday","Wednesday","Thursday","Friday"],"opens":"10:00","closes":"20:00"},{"@type":"OpeningHoursSpecification","dayOfWeek":["Saturday"],"opens":"10:00","closes":"13:30"}],"email":"info@somllavors.com"},{"@type":"PostalAddress","@id":"https:\/\/somllavors.com\/es\/producte\/bola-sensorial-reflectant-misteriosa#local-main-place-address","streetAddress":"Carrer de l'aigua, 6","addressLocality":"Vilanova i la Geltr\u00fa","postalCode":"08800","addressRegion":"Barcelona","addressCountry":"ES"},{"@type":"ImageObject","inLanguage":"es","@id":"https:\/\/somllavors.com\/es\/producte\/bola-sensorial-reflectant-misteriosa#local-main-organization-logo","url":"https:\/\/somllavors.com\/wp-content\/uploads\/Logotip-Som-Llavors.jpg","contentUrl":"https:\/\/somllavors.com\/wp-content\/uploads\/Logotip-Som-Llavors.jpg","width":1444,"height":1323,"caption":"Som Llavors"}]},"product_price_amount":"12.95","product_price_currency":"EUR","og_availability":"instock","product_availability":"instock","product_retailer_item_id":"72203","product_condition":"new","geo.placename":"Vilanova i la Geltr\u00fa","geo.position":{"lat":"41.2257737","long":"1.723258859"},"geo.region":"Espa\u00f1a"},"brands":[{"id":4149,"name":"TickiT","slug":"tickit"}],"_links":{"self":[{"href":"https:\/\/somllavors.com\/es\/wp-json\/wp\/v2\/product\/25874","targetHints":{"allow":["GET"]}}],"collection":[{"href":"https:\/\/somllavors.com\/es\/wp-json\/wp\/v2\/product"}],"about":[{"href":"https:\/\/somllavors.com\/es\/wp-json\/wp\/v2\/types\/product"}],"wp:featuredmedia":[{"embeddable":true,"href":"https:\/\/somllavors.com\/es\/wp-json\/wp\/v2\/media\/26122"}],"wp:attachment":[{"href":"https:\/\/somllavors.com\/es\/wp-json\/wp\/v2\/media?parent=25874"}],"wp:term":[{"taxonomy":"pwb-brand","embeddable":true,"href":"https:\/\/somllavors.com\/es\/wp-json\/wp\/v2\/pwb-brand?post=25874"},{"taxonomy":"product_brand","embeddable":true,"href":"https:\/\/somllavors.com\/es\/wp-json\/wp\/v2\/product_brand?post=25874"},{"taxonomy":"product_cat","embeddable":true,"href":"https:\/\/somllavors.com\/es\/wp-json\/wp\/v2\/product_cat?post=25874"},{"taxonomy":"product_tag","embeddable":true,"href":"https:\/\/somllavors.com\/es\/wp-json\/wp\/v2\/product_tag?post=25874"}],"curies":[{"name":"wp","href":"https:\/\/api.w.org\/{rel}","templated":true}]}}