{"id":26522,"date":"2022-08-06T10:19:53","date_gmt":"2022-08-06T08:19:53","guid":{"rendered":"https:\/\/somllavors.com\/?post_type=product&#038;p=26522"},"modified":"2022-08-31T23:18:44","modified_gmt":"2022-08-31T21:18:44","slug":"aigua-marina-un-conte-per-acompanyar-la-sexualitat-des-de-la-primera-infancia","status":"publish","type":"product","link":"https:\/\/somllavors.com\/es\/producte\/aigua-marina-un-conte-per-acompanyar-la-sexualitat-des-de-la-primera-infancia","title":{"rendered":"Aigua marina &#8211; Un conte per acompanyar la sexualitat des de la primera inf\u00e0ncia"},"content":{"rendered":"<p>A la Marina li encanta l&#8217;aigua: banyar-se, jugar i deixar-se emportar per les onades. I li encanta aprendre coses noves, sobretot sobre el seu cos, \u00e9s tan divertit! Amb l&#8217;arribada del seu germanet Noa, aprendr\u00e0 que els seus cossos s\u00f3n tan diferents com semblants, i que cadascun descobreix el m\u00f3n a la seva manera.<\/p>\n<p><u>Qu\u00e8 trobar\u00e0s en aquest llibre?<\/u><\/p>\n<ul>\n<li>Un \u00e0lbum amb les il\u00b7lustracions de la Gl\u00f2ria Fort.<\/li>\n<li>Una hist\u00f2ria que, a trav\u00e9s de met\u00e0fores, imatges i conceptes f\u00e0cils de comprendre, acompanya tant a fam\u00edlies com a infants en el descobriment del seu propi cos.<\/li>\n<li>Una manera senzilla de transmetre conceptes com el consentiment, les difer\u00e8ncies f\u00edsiques entre nens i nenes o la reproducci\u00f3, per a tractar amb naturalitat la sexualitat des d&#8217;una etapa primerenca.<\/li>\n<li>Perqu\u00e8 no sempre resulta f\u00e0cil tractar amb els infants el tema de la sexualitat, aquest llibre ens ajuda a que no es converteixi en un tab\u00fa i creixin sans i feli\u00e7os dins dels seus propis cossos.<\/li>\n<\/ul>\n","protected":false},"excerpt":{"rendered":"<p>Un conte il\u00b7lustrat per acompanyar en el creixement i la sexualitat des de la primera inf\u00e0ncia. Escrit per J\u00falia S\u00e1nchez, mare, soci\u00f2loga i mestra especialitzada en educaci\u00f3 afectiva i sexual. A m\u00e9s, \u00e9s creadora de La Ciranda, un programa d&#8217;acompanyament de la sexualitat des de la primera inf\u00e0ncia a la pubertat.<\/p>\n","protected":false},"featured_media":26524,"template":"","meta":{"_acf_changed":false,"site-sidebar-layout":"default","site-content-layout":"default","ast-site-content-layout":"default","site-content-style":"default","site-sidebar-style":"default","ast-global-header-display":"","ast-banner-title-visibility":"","ast-main-header-display":"","ast-hfb-above-header-display":"","ast-hfb-below-header-display":"","ast-hfb-mobile-header-display":"","site-post-title":"","ast-breadcrumbs-content":"","ast-featured-img":"","footer-sml-layout":"","theme-transparent-header-meta":"default","adv-header-id-meta":"","stick-header-meta":"","header-above-stick-meta":"","header-main-stick-meta":"","header-below-stick-meta":"","astra-migrate-meta-layouts":"default","ast-page-background-enabled":"default","ast-page-background-meta":{"desktop":{"background-color":"","background-image":"","background-repeat":"repeat","background-position":"center center","background-size":"auto","background-attachment":"scroll","background-type":"","background-media":"","overlay-type":"","overlay-color":"","overlay-opacity":"","overlay-gradient":""},"tablet":{"background-color":"","background-image":"","background-repeat":"repeat","background-position":"center center","background-size":"auto","background-attachment":"scroll","background-type":"","background-media":"","overlay-type":"","overlay-color":"","overlay-opacity":"","overlay-gradient":""},"mobile":{"background-color":"","background-image":"","background-repeat":"repeat","background-position":"center center","background-size":"auto","background-attachment":"scroll","background-type":"","background-media":"","overlay-type":"","overlay-color":"","overlay-opacity":"","overlay-gradient":""}},"ast-content-background-meta":{"desktop":{"background-color":"var(--ast-global-color-5)","background-image":"","background-repeat":"repeat","background-position":"center center","background-size":"auto","background-attachment":"scroll","background-type":"","background-media":"","overlay-type":"","overlay-color":"","overlay-opacity":"","overlay-gradient":""},"tablet":{"background-color":"var(--ast-global-color-5)","background-image":"","background-repeat":"repeat","background-position":"center center","background-size":"auto","background-attachment":"scroll","background-type":"","background-media":"","overlay-type":"","overlay-color":"","overlay-opacity":"","overlay-gradient":""},"mobile":{"background-color":"var(--ast-global-color-5)","background-image":"","background-repeat":"repeat","background-position":"center center","background-size":"auto","background-attachment":"scroll","background-type":"","background-media":"","overlay-type":"","overlay-color":"","overlay-opacity":"","overlay-gradient":""}}},"pwb-brand":[],"product_brand":[],"product_cat":[567],"product_tag":[],"class_list":{"0":"post-26522","1":"product","2":"type-product","3":"status-publish","4":"has-post-thumbnail","6":"product_cat-infantils","7":"desktop-align-left","8":"tablet-align-left","9":"mobile-align-left","11":"first","12":"instock","13":"taxable","14":"shipping-taxable","15":"purchasable","16":"product-type-simple"},"acf":[],"yoast_head":"<!-- This site is optimized with the Yoast SEO Premium plugin v18.3 (Yoast SEO v26.2) - https:\/\/yoast.com\/wordpress\/plugins\/seo\/ -->\n<title>Aigua marina - Un conte per acompanyar la sexualitat des de la primera inf\u00e0ncia &#8212; Som Llavors<\/title>\n<meta name=\"description\" content=\"Un conte il\u00b7lustrat per acompanyar en el creixement i la sexualitat des de la primera inf\u00e0ncia. Escrit per J\u00falia S\u00e1nchez, mare, soci\u00f2loga i mestra especialitzada en educaci\u00f3 afectiva i sexual. A m\u00e9s, \u00e9s creadora de La Ciranda, un programa d&#039;acompanyament de la sexualitat des de la primera inf\u00e0ncia a la pubertat.\" \/>\n<meta name=\"robots\" content=\"index, follow, max-snippet:-1, max-image-preview:large, max-video-preview:-1\" \/>\n<link rel=\"canonical\" href=\"https:\/\/somllavors.com\/es\/producte\/aigua-marina-un-conte-per-acompanyar-la-sexualitat-des-de-la-primera-infancia\" \/>\n<meta property=\"og:locale\" content=\"es_ES\" \/>\n<meta property=\"og:type\" content=\"article\" \/>\n<meta property=\"og:title\" content=\"Aigua marina - Un conte per acompanyar la sexualitat des de la primera inf\u00e0ncia\" \/>\n<meta property=\"og:description\" content=\"La teva botiga d\u2019ecocrian\u00e7a i espai d\u2019acompanyament a la maternitat\" \/>\n<meta property=\"og:url\" content=\"https:\/\/somllavors.com\/es\/producte\/aigua-marina-un-conte-per-acompanyar-la-sexualitat-des-de-la-primera-infancia\" \/>\n<meta property=\"og:site_name\" content=\"Som Llavors\" \/>\n<meta property=\"article:publisher\" content=\"https:\/\/www.facebook.com\/somllavorsvng\/?locale=ca_ES\" \/>\n<meta property=\"article:modified_time\" content=\"2022-08-31T21:18:44+00:00\" \/>\n<meta property=\"og:image\" content=\"https:\/\/somllavors.com\/wp-content\/uploads\/aigua-marina.jpg\" \/>\n\t<meta property=\"og:image:width\" content=\"552\" \/>\n\t<meta property=\"og:image:height\" content=\"552\" \/>\n\t<meta property=\"og:image:type\" content=\"image\/jpeg\" \/>\n<meta name=\"twitter:card\" content=\"summary_large_image\" \/>\n<meta name=\"twitter:label1\" content=\"Precio\" \/>\n\t<meta name=\"twitter:data1\" content=\"15,95&euro; Iva incl\u00f2s\" \/>\n\t<meta name=\"twitter:label2\" content=\"Availability\" \/>\n\t<meta name=\"twitter:data2\" content=\"Hay existencias\" \/>\n<script type=\"application\/ld+json\" class=\"yoast-schema-graph\">{\"@context\":\"https:\/\/schema.org\",\"@graph\":[{\"@type\":\"WebPage\",\"@id\":\"https:\/\/somllavors.com\/es\/producte\/aigua-marina-un-conte-per-acompanyar-la-sexualitat-des-de-la-primera-infancia\",\"url\":\"https:\/\/somllavors.com\/es\/producte\/aigua-marina-un-conte-per-acompanyar-la-sexualitat-des-de-la-primera-infancia\",\"name\":\"Aigua marina - Un conte per acompanyar la sexualitat des de la primera inf\u00e0ncia &#8212; Som Llavors\",\"isPartOf\":{\"@id\":\"https:\/\/somllavors.com\/es#website\"},\"primaryImageOfPage\":{\"@id\":\"https:\/\/somllavors.com\/es\/producte\/aigua-marina-un-conte-per-acompanyar-la-sexualitat-des-de-la-primera-infancia#primaryimage\"},\"image\":{\"@id\":\"https:\/\/somllavors.com\/es\/producte\/aigua-marina-un-conte-per-acompanyar-la-sexualitat-des-de-la-primera-infancia#primaryimage\"},\"thumbnailUrl\":\"https:\/\/somllavors.com\/wp-content\/uploads\/aigua-marina.jpg\",\"datePublished\":\"2022-08-06T08:19:53+00:00\",\"dateModified\":\"2022-08-31T21:18:44+00:00\",\"description\":\"Un conte il\u00b7lustrat per acompanyar en el creixement i la sexualitat des de la primera inf\u00e0ncia. Escrit per J\u00falia S\u00e1nchez, mare, soci\u00f2loga i mestra especialitzada en educaci\u00f3 afectiva i sexual. A m\u00e9s, \u00e9s creadora de La Ciranda, un programa d'acompanyament de la sexualitat des de la primera inf\u00e0ncia a la pubertat.\",\"breadcrumb\":{\"@id\":\"https:\/\/somllavors.com\/es\/producte\/aigua-marina-un-conte-per-acompanyar-la-sexualitat-des-de-la-primera-infancia#breadcrumb\"},\"inLanguage\":\"es\",\"potentialAction\":[{\"@type\":\"ReadAction\",\"target\":[\"https:\/\/somllavors.com\/es\/producte\/aigua-marina-un-conte-per-acompanyar-la-sexualitat-des-de-la-primera-infancia\"]}]},{\"@type\":\"ImageObject\",\"inLanguage\":\"es\",\"@id\":\"https:\/\/somllavors.com\/es\/producte\/aigua-marina-un-conte-per-acompanyar-la-sexualitat-des-de-la-primera-infancia#primaryimage\",\"url\":\"https:\/\/somllavors.com\/wp-content\/uploads\/aigua-marina.jpg\",\"contentUrl\":\"https:\/\/somllavors.com\/wp-content\/uploads\/aigua-marina.jpg\",\"width\":552,\"height\":552,\"caption\":\"aigua marina conte\"},{\"@type\":\"BreadcrumbList\",\"@id\":\"https:\/\/somllavors.com\/es\/producte\/aigua-marina-un-conte-per-acompanyar-la-sexualitat-des-de-la-primera-infancia#breadcrumb\",\"itemListElement\":[{\"@type\":\"ListItem\",\"position\":1,\"name\":\"Inici\",\"item\":\"https:\/\/somllavors.com\/es\"},{\"@type\":\"ListItem\",\"position\":2,\"name\":\"Tienda\",\"item\":\"https:\/\/somllavors.com\/es\/botiga-2\"},{\"@type\":\"ListItem\",\"position\":3,\"name\":\"Aigua marina &#8211; Un conte per acompanyar la sexualitat des de la primera inf\u00e0ncia\"}]},{\"@type\":\"WebSite\",\"@id\":\"https:\/\/somllavors.com\/es#website\",\"url\":\"https:\/\/somllavors.com\/es\",\"name\":\"Som Llavors\",\"description\":\"Botiga de crian\u00e7a natural\",\"publisher\":{\"@id\":\"https:\/\/somllavors.com\/es#organization\"},\"alternateName\":\"Crian\u00e7a Natural i Sostenible\",\"potentialAction\":[{\"@type\":\"SearchAction\",\"target\":{\"@type\":\"EntryPoint\",\"urlTemplate\":\"https:\/\/somllavors.com\/es?s={search_term_string}\"},\"query-input\":{\"@type\":\"PropertyValueSpecification\",\"valueRequired\":true,\"valueName\":\"search_term_string\"}}],\"inLanguage\":\"es\"},{\"@type\":[\"Organization\",\"Place\",\"Store\"],\"@id\":\"https:\/\/somllavors.com\/es#organization\",\"name\":\"Som Llavors\",\"alternateName\":\"Crian\u00e7a Natural i Sostenible\",\"url\":\"https:\/\/somllavors.com\/es\",\"logo\":{\"@id\":\"https:\/\/somllavors.com\/es\/producte\/aigua-marina-un-conte-per-acompanyar-la-sexualitat-des-de-la-primera-infancia#local-main-organization-logo\"},\"image\":{\"@id\":\"https:\/\/somllavors.com\/es\/producte\/aigua-marina-un-conte-per-acompanyar-la-sexualitat-des-de-la-primera-infancia#local-main-organization-logo\"},\"sameAs\":[\"https:\/\/www.facebook.com\/somllavorsvng\/?locale=ca_ES\",\"https:\/\/www.instagram.com\/somllavors_vng\/\",\"https:\/\/www.youtube.com\/@somllavors\"],\"address\":{\"@id\":\"https:\/\/somllavors.com\/es\/producte\/aigua-marina-un-conte-per-acompanyar-la-sexualitat-des-de-la-primera-infancia#local-main-place-address\"},\"geo\":{\"@type\":\"GeoCoordinates\",\"latitude\":\"41.2257737\",\"longitude\":\"1.723258859\"},\"telephone\":[\"623152704\"],\"openingHoursSpecification\":[{\"@type\":\"OpeningHoursSpecification\",\"dayOfWeek\":[\"Monday\",\"Sunday\"],\"opens\":\"00:00\",\"closes\":\"00:00\"},{\"@type\":\"OpeningHoursSpecification\",\"dayOfWeek\":[\"Tuesday\",\"Wednesday\",\"Thursday\",\"Friday\"],\"opens\":\"10:00\",\"closes\":\"20:00\"},{\"@type\":\"OpeningHoursSpecification\",\"dayOfWeek\":[\"Saturday\"],\"opens\":\"10:00\",\"closes\":\"13:30\"}],\"email\":\"info@somllavors.com\"},{\"@type\":\"PostalAddress\",\"@id\":\"https:\/\/somllavors.com\/es\/producte\/aigua-marina-un-conte-per-acompanyar-la-sexualitat-des-de-la-primera-infancia#local-main-place-address\",\"streetAddress\":\"Carrer de l'aigua, 6\",\"addressLocality\":\"Vilanova i la Geltr\u00fa\",\"postalCode\":\"08800\",\"addressRegion\":\"Barcelona\",\"addressCountry\":\"ES\"},{\"@type\":\"ImageObject\",\"inLanguage\":\"es\",\"@id\":\"https:\/\/somllavors.com\/es\/producte\/aigua-marina-un-conte-per-acompanyar-la-sexualitat-des-de-la-primera-infancia#local-main-organization-logo\",\"url\":\"https:\/\/somllavors.com\/wp-content\/uploads\/Logotip-Som-Llavors.jpg\",\"contentUrl\":\"https:\/\/somllavors.com\/wp-content\/uploads\/Logotip-Som-Llavors.jpg\",\"width\":1444,\"height\":1323,\"caption\":\"Som Llavors\"}]}<\/script>\n<meta property=\"product:price:amount\" content=\"15.95\" \/>\n<meta property=\"product:price:currency\" content=\"EUR\" \/>\n<meta property=\"og:availability\" content=\"instock\" \/>\n<meta property=\"product:availability\" content=\"instock\" \/>\n<meta property=\"product:retailer_item_id\" content=\"9788418054921\" \/>\n<meta property=\"product:condition\" content=\"new\" \/>\n<meta name=\"geo.placename\" content=\"Vilanova i la Geltr\u00fa\" \/>\n<meta name=\"geo.position\" content=\"41.2257737;1.723258859\" \/>\n<meta name=\"geo.region\" content=\"Espa\u00f1a\" \/>\n<!-- \/ Yoast SEO Premium plugin. -->","yoast_head_json":{"title":"Aigua marina - Un conte per acompanyar la sexualitat des de la primera inf\u00e0ncia &#8212; Som Llavors","description":"Un conte il\u00b7lustrat per acompanyar en el creixement i la sexualitat des de la primera inf\u00e0ncia. Escrit per J\u00falia S\u00e1nchez, mare, soci\u00f2loga i mestra especialitzada en educaci\u00f3 afectiva i sexual. A m\u00e9s, \u00e9s creadora de La Ciranda, un programa d'acompanyament de la sexualitat des de la primera inf\u00e0ncia a la pubertat.","robots":{"index":"index","follow":"follow","max-snippet":"max-snippet:-1","max-image-preview":"max-image-preview:large","max-video-preview":"max-video-preview:-1"},"canonical":"https:\/\/somllavors.com\/es\/producte\/aigua-marina-un-conte-per-acompanyar-la-sexualitat-des-de-la-primera-infancia","og_locale":"es_ES","og_type":"article","og_title":"Aigua marina - Un conte per acompanyar la sexualitat des de la primera inf\u00e0ncia","og_description":"La teva botiga d\u2019ecocrian\u00e7a i espai d\u2019acompanyament a la maternitat","og_url":"https:\/\/somllavors.com\/es\/producte\/aigua-marina-un-conte-per-acompanyar-la-sexualitat-des-de-la-primera-infancia","og_site_name":"Som Llavors","article_publisher":"https:\/\/www.facebook.com\/somllavorsvng\/?locale=ca_ES","article_modified_time":"2022-08-31T21:18:44+00:00","og_image":[{"width":552,"height":552,"url":"https:\/\/somllavors.com\/wp-content\/uploads\/aigua-marina.jpg","type":"image\/jpeg"}],"twitter_card":"summary_large_image","twitter_misc":{"Precio":"15,95&euro; Iva incl\u00f2s","Availability":"Hay existencias"},"schema":{"@context":"https:\/\/schema.org","@graph":[{"@type":"WebPage","@id":"https:\/\/somllavors.com\/es\/producte\/aigua-marina-un-conte-per-acompanyar-la-sexualitat-des-de-la-primera-infancia","url":"https:\/\/somllavors.com\/es\/producte\/aigua-marina-un-conte-per-acompanyar-la-sexualitat-des-de-la-primera-infancia","name":"Aigua marina - Un conte per acompanyar la sexualitat des de la primera inf\u00e0ncia &#8212; Som Llavors","isPartOf":{"@id":"https:\/\/somllavors.com\/es#website"},"primaryImageOfPage":{"@id":"https:\/\/somllavors.com\/es\/producte\/aigua-marina-un-conte-per-acompanyar-la-sexualitat-des-de-la-primera-infancia#primaryimage"},"image":{"@id":"https:\/\/somllavors.com\/es\/producte\/aigua-marina-un-conte-per-acompanyar-la-sexualitat-des-de-la-primera-infancia#primaryimage"},"thumbnailUrl":"https:\/\/somllavors.com\/wp-content\/uploads\/aigua-marina.jpg","datePublished":"2022-08-06T08:19:53+00:00","dateModified":"2022-08-31T21:18:44+00:00","description":"Un conte il\u00b7lustrat per acompanyar en el creixement i la sexualitat des de la primera inf\u00e0ncia. Escrit per J\u00falia S\u00e1nchez, mare, soci\u00f2loga i mestra especialitzada en educaci\u00f3 afectiva i sexual. A m\u00e9s, \u00e9s creadora de La Ciranda, un programa d'acompanyament de la sexualitat des de la primera inf\u00e0ncia a la pubertat.","breadcrumb":{"@id":"https:\/\/somllavors.com\/es\/producte\/aigua-marina-un-conte-per-acompanyar-la-sexualitat-des-de-la-primera-infancia#breadcrumb"},"inLanguage":"es","potentialAction":[{"@type":"ReadAction","target":["https:\/\/somllavors.com\/es\/producte\/aigua-marina-un-conte-per-acompanyar-la-sexualitat-des-de-la-primera-infancia"]}]},{"@type":"ImageObject","inLanguage":"es","@id":"https:\/\/somllavors.com\/es\/producte\/aigua-marina-un-conte-per-acompanyar-la-sexualitat-des-de-la-primera-infancia#primaryimage","url":"https:\/\/somllavors.com\/wp-content\/uploads\/aigua-marina.jpg","contentUrl":"https:\/\/somllavors.com\/wp-content\/uploads\/aigua-marina.jpg","width":552,"height":552,"caption":"aigua marina conte"},{"@type":"BreadcrumbList","@id":"https:\/\/somllavors.com\/es\/producte\/aigua-marina-un-conte-per-acompanyar-la-sexualitat-des-de-la-primera-infancia#breadcrumb","itemListElement":[{"@type":"ListItem","position":1,"name":"Inici","item":"https:\/\/somllavors.com\/es"},{"@type":"ListItem","position":2,"name":"Tienda","item":"https:\/\/somllavors.com\/es\/botiga-2"},{"@type":"ListItem","position":3,"name":"Aigua marina &#8211; Un conte per acompanyar la sexualitat des de la primera inf\u00e0ncia"}]},{"@type":"WebSite","@id":"https:\/\/somllavors.com\/es#website","url":"https:\/\/somllavors.com\/es","name":"Som Llavors","description":"Botiga de crian\u00e7a natural","publisher":{"@id":"https:\/\/somllavors.com\/es#organization"},"alternateName":"Crian\u00e7a Natural i Sostenible","potentialAction":[{"@type":"SearchAction","target":{"@type":"EntryPoint","urlTemplate":"https:\/\/somllavors.com\/es?s={search_term_string}"},"query-input":{"@type":"PropertyValueSpecification","valueRequired":true,"valueName":"search_term_string"}}],"inLanguage":"es"},{"@type":["Organization","Place","Store"],"@id":"https:\/\/somllavors.com\/es#organization","name":"Som Llavors","alternateName":"Crian\u00e7a Natural i Sostenible","url":"https:\/\/somllavors.com\/es","logo":{"@id":"https:\/\/somllavors.com\/es\/producte\/aigua-marina-un-conte-per-acompanyar-la-sexualitat-des-de-la-primera-infancia#local-main-organization-logo"},"image":{"@id":"https:\/\/somllavors.com\/es\/producte\/aigua-marina-un-conte-per-acompanyar-la-sexualitat-des-de-la-primera-infancia#local-main-organization-logo"},"sameAs":["https:\/\/www.facebook.com\/somllavorsvng\/?locale=ca_ES","https:\/\/www.instagram.com\/somllavors_vng\/","https:\/\/www.youtube.com\/@somllavors"],"address":{"@id":"https:\/\/somllavors.com\/es\/producte\/aigua-marina-un-conte-per-acompanyar-la-sexualitat-des-de-la-primera-infancia#local-main-place-address"},"geo":{"@type":"GeoCoordinates","latitude":"41.2257737","longitude":"1.723258859"},"telephone":["623152704","623152704"],"openingHoursSpecification":[{"@type":"OpeningHoursSpecification","dayOfWeek":["Monday","Sunday"],"opens":"00:00","closes":"00:00"},{"@type":"OpeningHoursSpecification","dayOfWeek":["Tuesday","Wednesday","Thursday","Friday"],"opens":"10:00","closes":"20:00"},{"@type":"OpeningHoursSpecification","dayOfWeek":["Saturday"],"opens":"10:00","closes":"13:30"}],"email":"info@somllavors.com"},{"@type":"PostalAddress","@id":"https:\/\/somllavors.com\/es\/producte\/aigua-marina-un-conte-per-acompanyar-la-sexualitat-des-de-la-primera-infancia#local-main-place-address","streetAddress":"Carrer de l'aigua, 6","addressLocality":"Vilanova i la Geltr\u00fa","postalCode":"08800","addressRegion":"Barcelona","addressCountry":"ES"},{"@type":"ImageObject","inLanguage":"es","@id":"https:\/\/somllavors.com\/es\/producte\/aigua-marina-un-conte-per-acompanyar-la-sexualitat-des-de-la-primera-infancia#local-main-organization-logo","url":"https:\/\/somllavors.com\/wp-content\/uploads\/Logotip-Som-Llavors.jpg","contentUrl":"https:\/\/somllavors.com\/wp-content\/uploads\/Logotip-Som-Llavors.jpg","width":1444,"height":1323,"caption":"Som Llavors"}]},"product_price_amount":"15.95","product_price_currency":"EUR","og_availability":"instock","product_availability":"instock","product_retailer_item_id":"9788418054921","product_condition":"new","geo.placename":"Vilanova i la Geltr\u00fa","geo.position":{"lat":"41.2257737","long":"1.723258859"},"geo.region":"Espa\u00f1a"},"brands":[],"_links":{"self":[{"href":"https:\/\/somllavors.com\/es\/wp-json\/wp\/v2\/product\/26522","targetHints":{"allow":["GET"]}}],"collection":[{"href":"https:\/\/somllavors.com\/es\/wp-json\/wp\/v2\/product"}],"about":[{"href":"https:\/\/somllavors.com\/es\/wp-json\/wp\/v2\/types\/product"}],"wp:featuredmedia":[{"embeddable":true,"href":"https:\/\/somllavors.com\/es\/wp-json\/wp\/v2\/media\/26524"}],"wp:attachment":[{"href":"https:\/\/somllavors.com\/es\/wp-json\/wp\/v2\/media?parent=26522"}],"wp:term":[{"taxonomy":"pwb-brand","embeddable":true,"href":"https:\/\/somllavors.com\/es\/wp-json\/wp\/v2\/pwb-brand?post=26522"},{"taxonomy":"product_brand","embeddable":true,"href":"https:\/\/somllavors.com\/es\/wp-json\/wp\/v2\/product_brand?post=26522"},{"taxonomy":"product_cat","embeddable":true,"href":"https:\/\/somllavors.com\/es\/wp-json\/wp\/v2\/product_cat?post=26522"},{"taxonomy":"product_tag","embeddable":true,"href":"https:\/\/somllavors.com\/es\/wp-json\/wp\/v2\/product_tag?post=26522"}],"curies":[{"name":"wp","href":"https:\/\/api.w.org\/{rel}","templated":true}]}}