{"id":28158,"date":"2022-09-14T19:29:20","date_gmt":"2022-09-14T17:29:20","guid":{"rendered":"https:\/\/somllavors.com\/?post_type=product&#038;p=28158"},"modified":"2023-06-18T21:53:39","modified_gmt":"2023-06-18T19:53:39","slug":"flowclick-toddler-chevron-petrol-fidella","status":"publish","type":"product","link":"https:\/\/somllavors.com\/es\/producte\/flowclick-toddler-chevron-petrol-fidella","title":{"rendered":"FlowClick Toddler Chevron Petrol \u2013 Fidella"},"content":{"rendered":"<ul>\n<li>L&#8217;h\u00edbrid entre motxilla i <span class=\"hiddenSpellError\">meitai<\/span> <span class=\"hiddenSpellError\">FlowClick<\/span> \u00e9s el <span class=\"hiddenSpellError\">portanadons<\/span> ideal per a principiants. Ofereix gran facilitat d&#8217;\u00fas sense complicacions i alhora un ajustament molt c\u00f2mode tant per l&#8217;infant com per l&#8217;adult que porteja, gr\u00e0cies al teixit de fulard i als ajustaments del panell, que permeten ajustar-ne l&#8217;amplada i l&#8217;al\u00e7ada.<\/li>\n<li>L&#8217;ajustament a la zona cervical proporciona un suport adequat per al cap de l&#8217;infant.<\/li>\n<li>Gr\u00e0cies al encreuament dels tirants <span class=\"hiddenGreenError\" style=\"font-size: 16px;\">a nivell de<\/span><span style=\"font-size: 16px;\"> l&#8217;esquena de l&#8217;adult proporciona un repartiment de la c\u00e0rrega amb una m\u00e0xima ergonomia ajustant-se a cada persona portejadora<\/span><span style=\"font-size: 16px;\">\u00a0de forma ideal.<\/span><\/li>\n<li>Kg: des dels 5,5 kg. fins els 30 kg.<\/li>\n<li><span style=\"font-size: 16px;\">Recordeu que a Som Llavors us oferim l&#8217;assessorament necessari per portejar de forma segura i ergon\u00f2mica.<\/span><\/li>\n<\/ul>\n<div class=\"ast-oembed-container \" style=\"height: 100%;\"><iframe loading=\"lazy\" title=\"Flowclick Fidella | Instrucciones breves\" width=\"500\" height=\"281\" src=\"https:\/\/www.youtube.com\/embed\/MOJwuk4LNRg?feature=oembed\" frameborder=\"0\" allow=\"accelerometer; autoplay; clipboard-write; encrypted-media; gyroscope; picture-in-picture; web-share\" referrerpolicy=\"strict-origin-when-cross-origin\" allowfullscreen><\/iframe><\/div>\n","protected":false},"excerpt":{"rendered":"<p>El FlowClick Fidella Toddler \u00e9s un portanadons molt senzill d&#8217;utilitzar, ideal per a fam\u00edlies amb poca experi\u00e8ncia que volen un portanadons f\u00e0cil d&#8217;ajustar.<\/p>\n","protected":false},"featured_media":28165,"template":"","meta":{"_acf_changed":false,"site-sidebar-layout":"default","site-content-layout":"default","ast-site-content-layout":"default","site-content-style":"default","site-sidebar-style":"default","ast-global-header-display":"","ast-banner-title-visibility":"","ast-main-header-display":"","ast-hfb-above-header-display":"","ast-hfb-below-header-display":"","ast-hfb-mobile-header-display":"","site-post-title":"","ast-breadcrumbs-content":"","ast-featured-img":"","footer-sml-layout":"","theme-transparent-header-meta":"default","adv-header-id-meta":"","stick-header-meta":"","header-above-stick-meta":"","header-main-stick-meta":"","header-below-stick-meta":"","astra-migrate-meta-layouts":"default","ast-page-background-enabled":"default","ast-page-background-meta":{"desktop":{"background-color":"","background-image":"","background-repeat":"repeat","background-position":"center center","background-size":"auto","background-attachment":"scroll","background-type":"","background-media":"","overlay-type":"","overlay-color":"","overlay-opacity":"","overlay-gradient":""},"tablet":{"background-color":"","background-image":"","background-repeat":"repeat","background-position":"center center","background-size":"auto","background-attachment":"scroll","background-type":"","background-media":"","overlay-type":"","overlay-color":"","overlay-opacity":"","overlay-gradient":""},"mobile":{"background-color":"","background-image":"","background-repeat":"repeat","background-position":"center center","background-size":"auto","background-attachment":"scroll","background-type":"","background-media":"","overlay-type":"","overlay-color":"","overlay-opacity":"","overlay-gradient":""}},"ast-content-background-meta":{"desktop":{"background-color":"var(--ast-global-color-5)","background-image":"","background-repeat":"repeat","background-position":"center center","background-size":"auto","background-attachment":"scroll","background-type":"","background-media":"","overlay-type":"","overlay-color":"","overlay-opacity":"","overlay-gradient":""},"tablet":{"background-color":"var(--ast-global-color-5)","background-image":"","background-repeat":"repeat","background-position":"center center","background-size":"auto","background-attachment":"scroll","background-type":"","background-media":"","overlay-type":"","overlay-color":"","overlay-opacity":"","overlay-gradient":""},"mobile":{"background-color":"var(--ast-global-color-5)","background-image":"","background-repeat":"repeat","background-position":"center center","background-size":"auto","background-attachment":"scroll","background-type":"","background-media":"","overlay-type":"","overlay-color":"","overlay-opacity":"","overlay-gradient":""}}},"pwb-brand":[4120],"product_brand":[],"product_cat":[77],"product_tag":[800,705,2170,334,1863,2169],"class_list":{"0":"post-28158","1":"product","2":"type-product","3":"status-publish","4":"has-post-thumbnail","6":"pwb-brand-fidella","7":"product_cat-motxilles-ergonomiques","8":"product_tag-algodon-organico","9":"product_tag-ergonomica","10":"product_tag-evolutiva","11":"product_tag-fidella","12":"product_tag-flowclick","13":"product_tag-meichila","14":"desktop-align-left","15":"tablet-align-left","16":"mobile-align-left","18":"first","19":"outofstock","20":"taxable","21":"shipping-taxable","22":"purchasable","23":"product-type-simple"},"acf":[],"yoast_head":"<!-- This site is optimized with the Yoast SEO Premium plugin v18.3 (Yoast SEO v27.4) - https:\/\/yoast.com\/product\/yoast-seo-premium-wordpress\/ -->\n<title>FlowClick Toddler Chevron Petrol \u2013 Fidella &#8212; Som Llavors<\/title>\n<meta name=\"description\" content=\"El FlowClick Fidella Toddler \u00e9s un portanadons molt senzill d&#039;utilitzar, ideal per a fam\u00edlies amb poca experi\u00e8ncia que volen un portanadons f\u00e0cil d&#039;ajustar.\" \/>\n<meta name=\"robots\" content=\"index, follow, max-snippet:-1, max-image-preview:large, max-video-preview:-1\" \/>\n<link rel=\"canonical\" href=\"https:\/\/somllavors.com\/es\/producte\/flowclick-toddler-chevron-petrol-fidella\" \/>\n<meta property=\"og:locale\" content=\"es_ES\" \/>\n<meta property=\"og:type\" content=\"article\" \/>\n<meta property=\"og:title\" content=\"FlowClick Toddler Chevron Petrol \u2013 Fidella\" \/>\n<meta property=\"og:description\" content=\"La teva botiga d\u2019ecocrian\u00e7a i espai d\u2019acompanyament a la maternitat\" \/>\n<meta property=\"og:url\" content=\"https:\/\/somllavors.com\/es\/producte\/flowclick-toddler-chevron-petrol-fidella\" \/>\n<meta property=\"og:site_name\" content=\"Som Llavors\" \/>\n<meta property=\"article:publisher\" content=\"https:\/\/www.facebook.com\/somllavorsvng\/?locale=ca_ES\" \/>\n<meta property=\"article:modified_time\" content=\"2023-06-18T19:53:39+00:00\" \/>\n<meta property=\"og:image\" content=\"https:\/\/somllavors.com\/wp-content\/uploads\/Som-Llavors-FlowClick-Fidella-Toddler-Chevron-Petrol.jpg\" \/>\n\t<meta property=\"og:image:width\" content=\"1100\" \/>\n\t<meta property=\"og:image:height\" content=\"1422\" \/>\n\t<meta property=\"og:image:type\" content=\"image\/jpeg\" \/>\n<meta name=\"twitter:card\" content=\"summary_large_image\" \/>\n<meta name=\"twitter:label1\" content=\"Precio\" \/>\n\t<meta name=\"twitter:data1\" content=\"119,00&euro; Iva incl\u00f2s\" \/>\n\t<meta name=\"twitter:label2\" content=\"Availability\" \/>\n\t<meta name=\"twitter:data2\" content=\"Out of stock\" \/>\n<script type=\"application\/ld+json\" class=\"yoast-schema-graph\">{\"@context\":\"https:\\\/\\\/schema.org\",\"@graph\":[{\"@type\":\"WebPage\",\"@id\":\"https:\\\/\\\/somllavors.com\\\/es\\\/producte\\\/flowclick-toddler-chevron-petrol-fidella\",\"url\":\"https:\\\/\\\/somllavors.com\\\/es\\\/producte\\\/flowclick-toddler-chevron-petrol-fidella\",\"name\":\"FlowClick Toddler Chevron Petrol \u2013 Fidella &#8212; Som Llavors\",\"isPartOf\":{\"@id\":\"https:\\\/\\\/somllavors.com\\\/es#website\"},\"primaryImageOfPage\":{\"@id\":\"https:\\\/\\\/somllavors.com\\\/es\\\/producte\\\/flowclick-toddler-chevron-petrol-fidella#primaryimage\"},\"image\":{\"@id\":\"https:\\\/\\\/somllavors.com\\\/es\\\/producte\\\/flowclick-toddler-chevron-petrol-fidella#primaryimage\"},\"thumbnailUrl\":\"https:\\\/\\\/somllavors.com\\\/wp-content\\\/uploads\\\/Som-Llavors-FlowClick-Fidella-Toddler-Chevron-Petrol.jpg\",\"datePublished\":\"2022-09-14T17:29:20+00:00\",\"dateModified\":\"2023-06-18T19:53:39+00:00\",\"description\":\"El FlowClick Fidella Toddler \u00e9s un portanadons molt senzill d'utilitzar, ideal per a fam\u00edlies amb poca experi\u00e8ncia que volen un portanadons f\u00e0cil d'ajustar.\",\"breadcrumb\":{\"@id\":\"https:\\\/\\\/somllavors.com\\\/es\\\/producte\\\/flowclick-toddler-chevron-petrol-fidella#breadcrumb\"},\"inLanguage\":\"es\",\"potentialAction\":[{\"@type\":\"ReadAction\",\"target\":[\"https:\\\/\\\/somllavors.com\\\/es\\\/producte\\\/flowclick-toddler-chevron-petrol-fidella\"]}]},{\"@type\":\"ImageObject\",\"inLanguage\":\"es\",\"@id\":\"https:\\\/\\\/somllavors.com\\\/es\\\/producte\\\/flowclick-toddler-chevron-petrol-fidella#primaryimage\",\"url\":\"https:\\\/\\\/somllavors.com\\\/wp-content\\\/uploads\\\/Som-Llavors-FlowClick-Fidella-Toddler-Chevron-Petrol.jpg\",\"contentUrl\":\"https:\\\/\\\/somllavors.com\\\/wp-content\\\/uploads\\\/Som-Llavors-FlowClick-Fidella-Toddler-Chevron-Petrol.jpg\",\"width\":1100,\"height\":1422,\"caption\":\"Fidella wraps\"},{\"@type\":\"BreadcrumbList\",\"@id\":\"https:\\\/\\\/somllavors.com\\\/es\\\/producte\\\/flowclick-toddler-chevron-petrol-fidella#breadcrumb\",\"itemListElement\":[{\"@type\":\"ListItem\",\"position\":1,\"name\":\"Inici\",\"item\":\"https:\\\/\\\/somllavors.com\\\/es\"},{\"@type\":\"ListItem\",\"position\":2,\"name\":\"Tienda\",\"item\":\"https:\\\/\\\/somllavors.com\\\/es\\\/botiga-2\"},{\"@type\":\"ListItem\",\"position\":3,\"name\":\"FlowClick Toddler Chevron Petrol \u2013 Fidella\"}]},{\"@type\":\"WebSite\",\"@id\":\"https:\\\/\\\/somllavors.com\\\/es#website\",\"url\":\"https:\\\/\\\/somllavors.com\\\/es\",\"name\":\"Som Llavors\",\"description\":\"Botiga de crian\u00e7a natural\",\"publisher\":{\"@id\":\"https:\\\/\\\/somllavors.com\\\/es#organization\"},\"alternateName\":\"Crian\u00e7a Natural i Sostenible\",\"potentialAction\":[{\"@type\":\"SearchAction\",\"target\":{\"@type\":\"EntryPoint\",\"urlTemplate\":\"https:\\\/\\\/somllavors.com\\\/es?s={search_term_string}\"},\"query-input\":{\"@type\":\"PropertyValueSpecification\",\"valueRequired\":true,\"valueName\":\"search_term_string\"}}],\"inLanguage\":\"es\"},{\"@type\":[\"Organization\",\"Place\",\"Store\"],\"@id\":\"https:\\\/\\\/somllavors.com\\\/es#organization\",\"name\":\"Som Llavors\",\"alternateName\":\"Crian\u00e7a Natural i Sostenible\",\"url\":\"https:\\\/\\\/somllavors.com\\\/es\",\"logo\":{\"@id\":\"https:\\\/\\\/somllavors.com\\\/es\\\/producte\\\/flowclick-toddler-chevron-petrol-fidella#local-main-organization-logo\"},\"image\":{\"@id\":\"https:\\\/\\\/somllavors.com\\\/es\\\/producte\\\/flowclick-toddler-chevron-petrol-fidella#local-main-organization-logo\"},\"sameAs\":[\"https:\\\/\\\/www.facebook.com\\\/somllavorsvng\\\/?locale=ca_ES\",\"https:\\\/\\\/www.instagram.com\\\/somllavors_vng\\\/\",\"https:\\\/\\\/www.youtube.com\\\/@somllavors\"],\"address\":{\"@id\":\"https:\\\/\\\/somllavors.com\\\/es\\\/producte\\\/flowclick-toddler-chevron-petrol-fidella#local-main-place-address\"},\"geo\":{\"@type\":\"GeoCoordinates\",\"latitude\":\"41.2257737\",\"longitude\":\"1.723258859\"},\"telephone\":[\"623152704\"],\"openingHoursSpecification\":[{\"@type\":\"OpeningHoursSpecification\",\"dayOfWeek\":[\"Monday\",\"Sunday\"],\"opens\":\"00:00\",\"closes\":\"00:00\"},{\"@type\":\"OpeningHoursSpecification\",\"dayOfWeek\":[\"Tuesday\",\"Wednesday\",\"Thursday\",\"Friday\"],\"opens\":\"10:00\",\"closes\":\"20:00\"},{\"@type\":\"OpeningHoursSpecification\",\"dayOfWeek\":[\"Saturday\"],\"opens\":\"10:00\",\"closes\":\"13:30\"}],\"email\":\"info@somllavors.com\"},{\"@type\":\"PostalAddress\",\"@id\":\"https:\\\/\\\/somllavors.com\\\/es\\\/producte\\\/flowclick-toddler-chevron-petrol-fidella#local-main-place-address\",\"streetAddress\":\"Carrer de l'aigua, 6\",\"addressLocality\":\"Vilanova i la Geltr\u00fa\",\"postalCode\":\"08800\",\"addressRegion\":\"Barcelona\",\"addressCountry\":\"ES\"},{\"@type\":\"ImageObject\",\"inLanguage\":\"es\",\"@id\":\"https:\\\/\\\/somllavors.com\\\/es\\\/producte\\\/flowclick-toddler-chevron-petrol-fidella#local-main-organization-logo\",\"url\":\"https:\\\/\\\/somllavors.com\\\/wp-content\\\/uploads\\\/Logotip-Som-Llavors.jpg\",\"contentUrl\":\"https:\\\/\\\/somllavors.com\\\/wp-content\\\/uploads\\\/Logotip-Som-Llavors.jpg\",\"width\":1444,\"height\":1323,\"caption\":\"Som Llavors\"}]}<\/script>\n<meta property=\"product:price:amount\" content=\"119.00\" \/>\n<meta property=\"product:price:currency\" content=\"EUR\" \/>\n<meta property=\"og:availability\" content=\"out of stock\" \/>\n<meta property=\"product:availability\" content=\"out of stock\" \/>\n<meta property=\"product:retailer_item_id\" content=\"Fid-FC-TS-2180\" \/>\n<meta property=\"product:condition\" content=\"new\" \/>\n<meta name=\"geo.placename\" content=\"Vilanova i la Geltr\u00fa\" \/>\n<meta name=\"geo.position\" content=\"41.2257737;1.723258859\" \/>\n<meta name=\"geo.region\" content=\"Espa\u00f1a\" \/>\n<!-- \/ Yoast SEO Premium plugin. -->","yoast_head_json":{"title":"FlowClick Toddler Chevron Petrol \u2013 Fidella &#8212; Som Llavors","description":"El FlowClick Fidella Toddler \u00e9s un portanadons molt senzill d'utilitzar, ideal per a fam\u00edlies amb poca experi\u00e8ncia que volen un portanadons f\u00e0cil d'ajustar.","robots":{"index":"index","follow":"follow","max-snippet":"max-snippet:-1","max-image-preview":"max-image-preview:large","max-video-preview":"max-video-preview:-1"},"canonical":"https:\/\/somllavors.com\/es\/producte\/flowclick-toddler-chevron-petrol-fidella","og_locale":"es_ES","og_type":"article","og_title":"FlowClick Toddler Chevron Petrol \u2013 Fidella","og_description":"La teva botiga d\u2019ecocrian\u00e7a i espai d\u2019acompanyament a la maternitat","og_url":"https:\/\/somllavors.com\/es\/producte\/flowclick-toddler-chevron-petrol-fidella","og_site_name":"Som Llavors","article_publisher":"https:\/\/www.facebook.com\/somllavorsvng\/?locale=ca_ES","article_modified_time":"2023-06-18T19:53:39+00:00","og_image":[{"width":1100,"height":1422,"url":"https:\/\/somllavors.com\/wp-content\/uploads\/Som-Llavors-FlowClick-Fidella-Toddler-Chevron-Petrol.jpg","type":"image\/jpeg"}],"twitter_card":"summary_large_image","twitter_misc":{"Precio":"119,00&euro; Iva incl\u00f2s","Availability":"Out of stock"},"schema":{"@context":"https:\/\/schema.org","@graph":[{"@type":"WebPage","@id":"https:\/\/somllavors.com\/es\/producte\/flowclick-toddler-chevron-petrol-fidella","url":"https:\/\/somllavors.com\/es\/producte\/flowclick-toddler-chevron-petrol-fidella","name":"FlowClick Toddler Chevron Petrol \u2013 Fidella &#8212; Som Llavors","isPartOf":{"@id":"https:\/\/somllavors.com\/es#website"},"primaryImageOfPage":{"@id":"https:\/\/somllavors.com\/es\/producte\/flowclick-toddler-chevron-petrol-fidella#primaryimage"},"image":{"@id":"https:\/\/somllavors.com\/es\/producte\/flowclick-toddler-chevron-petrol-fidella#primaryimage"},"thumbnailUrl":"https:\/\/somllavors.com\/wp-content\/uploads\/Som-Llavors-FlowClick-Fidella-Toddler-Chevron-Petrol.jpg","datePublished":"2022-09-14T17:29:20+00:00","dateModified":"2023-06-18T19:53:39+00:00","description":"El FlowClick Fidella Toddler \u00e9s un portanadons molt senzill d'utilitzar, ideal per a fam\u00edlies amb poca experi\u00e8ncia que volen un portanadons f\u00e0cil d'ajustar.","breadcrumb":{"@id":"https:\/\/somllavors.com\/es\/producte\/flowclick-toddler-chevron-petrol-fidella#breadcrumb"},"inLanguage":"es","potentialAction":[{"@type":"ReadAction","target":["https:\/\/somllavors.com\/es\/producte\/flowclick-toddler-chevron-petrol-fidella"]}]},{"@type":"ImageObject","inLanguage":"es","@id":"https:\/\/somllavors.com\/es\/producte\/flowclick-toddler-chevron-petrol-fidella#primaryimage","url":"https:\/\/somllavors.com\/wp-content\/uploads\/Som-Llavors-FlowClick-Fidella-Toddler-Chevron-Petrol.jpg","contentUrl":"https:\/\/somllavors.com\/wp-content\/uploads\/Som-Llavors-FlowClick-Fidella-Toddler-Chevron-Petrol.jpg","width":1100,"height":1422,"caption":"Fidella wraps"},{"@type":"BreadcrumbList","@id":"https:\/\/somllavors.com\/es\/producte\/flowclick-toddler-chevron-petrol-fidella#breadcrumb","itemListElement":[{"@type":"ListItem","position":1,"name":"Inici","item":"https:\/\/somllavors.com\/es"},{"@type":"ListItem","position":2,"name":"Tienda","item":"https:\/\/somllavors.com\/es\/botiga-2"},{"@type":"ListItem","position":3,"name":"FlowClick Toddler Chevron Petrol \u2013 Fidella"}]},{"@type":"WebSite","@id":"https:\/\/somllavors.com\/es#website","url":"https:\/\/somllavors.com\/es","name":"Som Llavors","description":"Botiga de crian\u00e7a natural","publisher":{"@id":"https:\/\/somllavors.com\/es#organization"},"alternateName":"Crian\u00e7a Natural i Sostenible","potentialAction":[{"@type":"SearchAction","target":{"@type":"EntryPoint","urlTemplate":"https:\/\/somllavors.com\/es?s={search_term_string}"},"query-input":{"@type":"PropertyValueSpecification","valueRequired":true,"valueName":"search_term_string"}}],"inLanguage":"es"},{"@type":["Organization","Place","Store"],"@id":"https:\/\/somllavors.com\/es#organization","name":"Som Llavors","alternateName":"Crian\u00e7a Natural i Sostenible","url":"https:\/\/somllavors.com\/es","logo":{"@id":"https:\/\/somllavors.com\/es\/producte\/flowclick-toddler-chevron-petrol-fidella#local-main-organization-logo"},"image":{"@id":"https:\/\/somllavors.com\/es\/producte\/flowclick-toddler-chevron-petrol-fidella#local-main-organization-logo"},"sameAs":["https:\/\/www.facebook.com\/somllavorsvng\/?locale=ca_ES","https:\/\/www.instagram.com\/somllavors_vng\/","https:\/\/www.youtube.com\/@somllavors"],"address":{"@id":"https:\/\/somllavors.com\/es\/producte\/flowclick-toddler-chevron-petrol-fidella#local-main-place-address"},"geo":{"@type":"GeoCoordinates","latitude":"41.2257737","longitude":"1.723258859"},"telephone":["623152704","623152704"],"openingHoursSpecification":[{"@type":"OpeningHoursSpecification","dayOfWeek":["Monday","Sunday"],"opens":"00:00","closes":"00:00"},{"@type":"OpeningHoursSpecification","dayOfWeek":["Tuesday","Wednesday","Thursday","Friday"],"opens":"10:00","closes":"20:00"},{"@type":"OpeningHoursSpecification","dayOfWeek":["Saturday"],"opens":"10:00","closes":"13:30"}],"email":"info@somllavors.com"},{"@type":"PostalAddress","@id":"https:\/\/somllavors.com\/es\/producte\/flowclick-toddler-chevron-petrol-fidella#local-main-place-address","streetAddress":"Carrer de l'aigua, 6","addressLocality":"Vilanova i la Geltr\u00fa","postalCode":"08800","addressRegion":"Barcelona","addressCountry":"ES"},{"@type":"ImageObject","inLanguage":"es","@id":"https:\/\/somllavors.com\/es\/producte\/flowclick-toddler-chevron-petrol-fidella#local-main-organization-logo","url":"https:\/\/somllavors.com\/wp-content\/uploads\/Logotip-Som-Llavors.jpg","contentUrl":"https:\/\/somllavors.com\/wp-content\/uploads\/Logotip-Som-Llavors.jpg","width":1444,"height":1323,"caption":"Som Llavors"}]},"product_price_amount":"119.00","product_price_currency":"EUR","og_availability":"out of stock","product_availability":"out of stock","product_retailer_item_id":"Fid-FC-TS-2180","product_condition":"new","geo.placename":"Vilanova i la Geltr\u00fa","geo.position":{"lat":"41.2257737","long":"1.723258859"},"geo.region":"Espa\u00f1a"},"brands":[{"id":4120,"name":"Fidella","slug":"fidella"}],"_links":{"self":[{"href":"https:\/\/somllavors.com\/es\/wp-json\/wp\/v2\/product\/28158","targetHints":{"allow":["GET"]}}],"collection":[{"href":"https:\/\/somllavors.com\/es\/wp-json\/wp\/v2\/product"}],"about":[{"href":"https:\/\/somllavors.com\/es\/wp-json\/wp\/v2\/types\/product"}],"wp:featuredmedia":[{"embeddable":true,"href":"https:\/\/somllavors.com\/es\/wp-json\/wp\/v2\/media\/28165"}],"wp:attachment":[{"href":"https:\/\/somllavors.com\/es\/wp-json\/wp\/v2\/media?parent=28158"}],"wp:term":[{"taxonomy":"pwb-brand","embeddable":true,"href":"https:\/\/somllavors.com\/es\/wp-json\/wp\/v2\/pwb-brand?post=28158"},{"taxonomy":"product_brand","embeddable":true,"href":"https:\/\/somllavors.com\/es\/wp-json\/wp\/v2\/product_brand?post=28158"},{"taxonomy":"product_cat","embeddable":true,"href":"https:\/\/somllavors.com\/es\/wp-json\/wp\/v2\/product_cat?post=28158"},{"taxonomy":"product_tag","embeddable":true,"href":"https:\/\/somllavors.com\/es\/wp-json\/wp\/v2\/product_tag?post=28158"}],"curies":[{"name":"wp","href":"https:\/\/api.w.org\/{rel}","templated":true}]}}