{"id":28181,"date":"2022-09-14T23:28:48","date_gmt":"2022-09-14T21:28:48","guid":{"rendered":"https:\/\/somllavors.com\/?post_type=product&#038;p=28181"},"modified":"2026-01-20T10:33:04","modified_gmt":"2026-01-20T09:33:04","slug":"motxilla-fidella-fusion-toddler-palm-trees","status":"publish","type":"product","link":"https:\/\/somllavors.com\/es\/producte\/motxilla-fidella-fusion-toddler-palm-trees","title":{"rendered":"Motxilla Fidella Fusion Toddler \u2013 Palm Trees"},"content":{"rendered":"<ul>\n<li><span class=\"s_2158DF66\">\u00c9s molt f\u00e0cil de col\u00b7locar i permet utilizar tant al davant com a l\u2019esquena.<\/span><\/li>\n<li><span class=\"s_2158DF66\">M\u00e0xima comoditat i confort per la persona adulta gr\u00e0cies al gran refor\u00e7 dels tirants amb encoixinat doble. A Som Llavors us assessorem en profunditat perqu\u00e8 pogueu portejar amb total seguretat i amb els millors ajustaments per garantir la vostra ergonomia.<\/span><\/li>\n<li>Est\u00e0 fabricada en teixit de fulard jaquard de 100% cot\u00f3 org\u00e0nic. Aix\u00f2 la fa una motxilla molt transpirable i el seu teixit \u00e9s extremadament suau i agradable.<\/li>\n<li>La Motxilla Fidella Fusion Toddler afavoreix una posici\u00f3 ergon\u00f2mica per al nad\u00f3. Evita exercir pressi\u00f3 directa sobre la seva esquena, que encara no ha adquirit la primera lordosi. Gr\u00e0cies al seu disseny, respecta i afavoreix la posici\u00f3 natural en forma de C.<\/li>\n<li>Els tirants de la Motxilla Fidella Fusion Toddler es poden configurar en dues posicions, per respectar per complet el desenvolupament de la columna vertebral del nad\u00f3.<\/li>\n<li>Permet repartir el pes pel cos del portador.<\/li>\n<li>Compta amb un doble tirant comunicat. La part de dalt o tira prima, apropa la motxilla al nostre cos. La part de baix, o tirant curt, permet distribuir el pes en el nostre cos, i pujar el pes a les cervicals o repartir-lo per tot el cos. D&#8217;aquesta manera, l&#8217;ajust del tirant curt permet evitar la pressi\u00f3 al s\u00f3l p\u00e8lvic. Per aquest motiu la Fidella Fusion \u00e9s adequada per traginar en l&#8217;embar\u00e0s, dones amb ces\u00e0ria,&#8230;<\/li>\n<li>Gran subjecci\u00f3 al cap i coll del nad\u00f3, mitjan\u00e7ant dues regulacions diferents. T\u00e9 una caputxa per sostenir el cap de l&#8217;infant quan s&#8217;adorm i doble tancament de seguretat que impedeix que la motxilla es pugui descordar accidentalment.<\/li>\n<li><span style=\"font-size: 16px;\">Posicions: porteig al davant i a l&#8217;esquena.<\/span><\/li>\n<li>A la rentadora, posar un programa de rentat delicat a baixa temperatura.<\/li>\n<li>Compleix amb la normativa europea de seguretat ASTM F2236-16a (US).<\/li>\n<li><\/li>\n<\/ul>\n","protected":false},"excerpt":{"rendered":"<h6><span class=\"s_2158DF66\">La motxilla Fidella Fusion Toddler \u00e9s una motxilla ergon\u00f2mica i evolutiva molt vers\u00e0til i c\u00f2mode ja que s\u2019adapta molt b\u00e9 a nadons petits i tamb\u00e9 a infants m\u00e9s grans gr\u00e0cies al teixit de fular i el sistema d\u2019ajustament del panell que es regula pels 4 costats tant d\u2019al\u00e7ada com d\u2019amplada.<\/span><\/h6>\n","protected":false},"featured_media":28191,"template":"","meta":{"_acf_changed":false,"site-sidebar-layout":"default","site-content-layout":"default","ast-site-content-layout":"default","site-content-style":"default","site-sidebar-style":"default","ast-global-header-display":"","ast-banner-title-visibility":"","ast-main-header-display":"","ast-hfb-above-header-display":"","ast-hfb-below-header-display":"","ast-hfb-mobile-header-display":"","site-post-title":"","ast-breadcrumbs-content":"","ast-featured-img":"","footer-sml-layout":"","theme-transparent-header-meta":"default","adv-header-id-meta":"","stick-header-meta":"","header-above-stick-meta":"","header-main-stick-meta":"","header-below-stick-meta":"","astra-migrate-meta-layouts":"default","ast-page-background-enabled":"default","ast-page-background-meta":{"desktop":{"background-color":"","background-image":"","background-repeat":"repeat","background-position":"center center","background-size":"auto","background-attachment":"scroll","background-type":"","background-media":"","overlay-type":"","overlay-color":"","overlay-opacity":"","overlay-gradient":""},"tablet":{"background-color":"","background-image":"","background-repeat":"repeat","background-position":"center center","background-size":"auto","background-attachment":"scroll","background-type":"","background-media":"","overlay-type":"","overlay-color":"","overlay-opacity":"","overlay-gradient":""},"mobile":{"background-color":"","background-image":"","background-repeat":"repeat","background-position":"center center","background-size":"auto","background-attachment":"scroll","background-type":"","background-media":"","overlay-type":"","overlay-color":"","overlay-opacity":"","overlay-gradient":""}},"ast-content-background-meta":{"desktop":{"background-color":"var(--ast-global-color-5)","background-image":"","background-repeat":"repeat","background-position":"center center","background-size":"auto","background-attachment":"scroll","background-type":"","background-media":"","overlay-type":"","overlay-color":"","overlay-opacity":"","overlay-gradient":""},"tablet":{"background-color":"var(--ast-global-color-5)","background-image":"","background-repeat":"repeat","background-position":"center center","background-size":"auto","background-attachment":"scroll","background-type":"","background-media":"","overlay-type":"","overlay-color":"","overlay-opacity":"","overlay-gradient":""},"mobile":{"background-color":"var(--ast-global-color-5)","background-image":"","background-repeat":"repeat","background-position":"center center","background-size":"auto","background-attachment":"scroll","background-type":"","background-media":"","overlay-type":"","overlay-color":"","overlay-opacity":"","overlay-gradient":""}}},"pwb-brand":[4120],"product_brand":[],"product_cat":[77],"product_tag":[800,334,708,1865],"class_list":{"0":"post-28181","1":"product","2":"type-product","3":"status-publish","4":"has-post-thumbnail","6":"pwb-brand-fidella","7":"product_cat-motxilles-ergonomiques","8":"product_tag-algodon-organico","9":"product_tag-fidella","10":"product_tag-mochila-ergonomica","11":"product_tag-toddler","12":"desktop-align-left","13":"tablet-align-left","14":"mobile-align-left","16":"first","17":"instock","18":"taxable","19":"shipping-taxable","20":"purchasable","21":"product-type-simple"},"acf":[],"yoast_head":"<!-- This site is optimized with the Yoast SEO Premium plugin v18.3 (Yoast SEO v27.4) - https:\/\/yoast.com\/product\/yoast-seo-premium-wordpress\/ -->\n<title>Motxilla Fidella Fusion Toddler \u2013 Palm Trees &#8212; Som Llavors<\/title>\n<meta name=\"description\" content=\"La motxilla Fidella Fusion Toddler \u00e9s evolutiva i s&#039;adapta molt b\u00e9 a l&#039;ergonomia dels nadons gr\u00e0cies al teixit de fulard i a l&#039;ajustament de panell.\" \/>\n<meta name=\"robots\" content=\"index, follow, max-snippet:-1, max-image-preview:large, max-video-preview:-1\" \/>\n<link rel=\"canonical\" href=\"https:\/\/somllavors.com\/es\/producte\/motxilla-fidella-fusion-toddler-palm-trees\" \/>\n<meta property=\"og:locale\" content=\"es_ES\" \/>\n<meta property=\"og:type\" content=\"article\" \/>\n<meta property=\"og:title\" content=\"Motxilla Fidella Fusion Toddler \u2013 Palm Trees\" \/>\n<meta property=\"og:description\" content=\"La teva botiga d\u2019ecocrian\u00e7a i espai d\u2019acompanyament a la maternitat\" \/>\n<meta property=\"og:url\" content=\"https:\/\/somllavors.com\/es\/producte\/motxilla-fidella-fusion-toddler-palm-trees\" \/>\n<meta property=\"og:site_name\" content=\"Som Llavors\" \/>\n<meta property=\"article:publisher\" content=\"https:\/\/www.facebook.com\/somllavorsvng\/?locale=ca_ES\" \/>\n<meta property=\"article:modified_time\" content=\"2026-01-20T09:33:04+00:00\" \/>\n<meta property=\"og:image\" content=\"https:\/\/somllavors.com\/wp-content\/uploads\/Som-Llavors-Mochila-Fidella-Fusio\u0301n-Toddler-Palm-Trees-dove-blue-.jpeg\" \/>\n\t<meta property=\"og:image:width\" content=\"1100\" \/>\n\t<meta property=\"og:image:height\" content=\"1422\" \/>\n\t<meta property=\"og:image:type\" content=\"image\/jpeg\" \/>\n<meta name=\"twitter:card\" content=\"summary_large_image\" \/>\n<meta name=\"twitter:label1\" content=\"Precio\" \/>\n\t<meta name=\"twitter:data1\" content=\"159,95&euro; Iva incl\u00f2s\" \/>\n\t<meta name=\"twitter:label2\" content=\"Availability\" \/>\n\t<meta name=\"twitter:data2\" content=\"Hay existencias\" \/>\n<script type=\"application\/ld+json\" class=\"yoast-schema-graph\">{\"@context\":\"https:\\\/\\\/schema.org\",\"@graph\":[{\"@type\":\"WebPage\",\"@id\":\"https:\\\/\\\/somllavors.com\\\/es\\\/producte\\\/motxilla-fidella-fusion-toddler-palm-trees\",\"url\":\"https:\\\/\\\/somllavors.com\\\/es\\\/producte\\\/motxilla-fidella-fusion-toddler-palm-trees\",\"name\":\"Motxilla Fidella Fusion Toddler \u2013 Palm Trees &#8212; Som Llavors\",\"isPartOf\":{\"@id\":\"https:\\\/\\\/somllavors.com\\\/es#website\"},\"primaryImageOfPage\":{\"@id\":\"https:\\\/\\\/somllavors.com\\\/es\\\/producte\\\/motxilla-fidella-fusion-toddler-palm-trees#primaryimage\"},\"image\":{\"@id\":\"https:\\\/\\\/somllavors.com\\\/es\\\/producte\\\/motxilla-fidella-fusion-toddler-palm-trees#primaryimage\"},\"thumbnailUrl\":\"https:\\\/\\\/somllavors.com\\\/wp-content\\\/uploads\\\/Som-Llavors-Mochila-Fidella-Fusio\u0301n-Toddler-Palm-Trees-dove-blue-.jpeg\",\"datePublished\":\"2022-09-14T21:28:48+00:00\",\"dateModified\":\"2026-01-20T09:33:04+00:00\",\"description\":\"La motxilla Fidella Fusion Toddler \u00e9s evolutiva i s'adapta molt b\u00e9 a l'ergonomia dels nadons gr\u00e0cies al teixit de fulard i a l'ajustament de panell.\",\"breadcrumb\":{\"@id\":\"https:\\\/\\\/somllavors.com\\\/es\\\/producte\\\/motxilla-fidella-fusion-toddler-palm-trees#breadcrumb\"},\"inLanguage\":\"es\",\"potentialAction\":[{\"@type\":\"ReadAction\",\"target\":[\"https:\\\/\\\/somllavors.com\\\/es\\\/producte\\\/motxilla-fidella-fusion-toddler-palm-trees\"]}]},{\"@type\":\"ImageObject\",\"inLanguage\":\"es\",\"@id\":\"https:\\\/\\\/somllavors.com\\\/es\\\/producte\\\/motxilla-fidella-fusion-toddler-palm-trees#primaryimage\",\"url\":\"https:\\\/\\\/somllavors.com\\\/wp-content\\\/uploads\\\/Som-Llavors-Mochila-Fidella-Fusio\u0301n-Toddler-Palm-Trees-dove-blue-.jpeg\",\"contentUrl\":\"https:\\\/\\\/somllavors.com\\\/wp-content\\\/uploads\\\/Som-Llavors-Mochila-Fidella-Fusio\u0301n-Toddler-Palm-Trees-dove-blue-.jpeg\",\"width\":1100,\"height\":1422,\"caption\":\"Fidella fusion toddler ergon\u00f3mica Evolutiva 2.0\"},{\"@type\":\"BreadcrumbList\",\"@id\":\"https:\\\/\\\/somllavors.com\\\/es\\\/producte\\\/motxilla-fidella-fusion-toddler-palm-trees#breadcrumb\",\"itemListElement\":[{\"@type\":\"ListItem\",\"position\":1,\"name\":\"Inici\",\"item\":\"https:\\\/\\\/somllavors.com\\\/es\"},{\"@type\":\"ListItem\",\"position\":2,\"name\":\"Tienda\",\"item\":\"https:\\\/\\\/somllavors.com\\\/es\\\/botiga-2\"},{\"@type\":\"ListItem\",\"position\":3,\"name\":\"Motxilla Fidella Fusion Toddler \u2013 Palm Trees\"}]},{\"@type\":\"WebSite\",\"@id\":\"https:\\\/\\\/somllavors.com\\\/es#website\",\"url\":\"https:\\\/\\\/somllavors.com\\\/es\",\"name\":\"Som Llavors\",\"description\":\"Botiga de crian\u00e7a natural\",\"publisher\":{\"@id\":\"https:\\\/\\\/somllavors.com\\\/es#organization\"},\"alternateName\":\"Crian\u00e7a Natural i Sostenible\",\"potentialAction\":[{\"@type\":\"SearchAction\",\"target\":{\"@type\":\"EntryPoint\",\"urlTemplate\":\"https:\\\/\\\/somllavors.com\\\/es?s={search_term_string}\"},\"query-input\":{\"@type\":\"PropertyValueSpecification\",\"valueRequired\":true,\"valueName\":\"search_term_string\"}}],\"inLanguage\":\"es\"},{\"@type\":[\"Organization\",\"Place\",\"Store\"],\"@id\":\"https:\\\/\\\/somllavors.com\\\/es#organization\",\"name\":\"Som Llavors\",\"alternateName\":\"Crian\u00e7a Natural i Sostenible\",\"url\":\"https:\\\/\\\/somllavors.com\\\/es\",\"logo\":{\"@id\":\"https:\\\/\\\/somllavors.com\\\/es\\\/producte\\\/motxilla-fidella-fusion-toddler-palm-trees#local-main-organization-logo\"},\"image\":{\"@id\":\"https:\\\/\\\/somllavors.com\\\/es\\\/producte\\\/motxilla-fidella-fusion-toddler-palm-trees#local-main-organization-logo\"},\"sameAs\":[\"https:\\\/\\\/www.facebook.com\\\/somllavorsvng\\\/?locale=ca_ES\",\"https:\\\/\\\/www.instagram.com\\\/somllavors_vng\\\/\",\"https:\\\/\\\/www.youtube.com\\\/@somllavors\"],\"address\":{\"@id\":\"https:\\\/\\\/somllavors.com\\\/es\\\/producte\\\/motxilla-fidella-fusion-toddler-palm-trees#local-main-place-address\"},\"geo\":{\"@type\":\"GeoCoordinates\",\"latitude\":\"41.2257737\",\"longitude\":\"1.723258859\"},\"telephone\":[\"623152704\"],\"openingHoursSpecification\":[{\"@type\":\"OpeningHoursSpecification\",\"dayOfWeek\":[\"Monday\",\"Sunday\"],\"opens\":\"00:00\",\"closes\":\"00:00\"},{\"@type\":\"OpeningHoursSpecification\",\"dayOfWeek\":[\"Tuesday\",\"Wednesday\",\"Thursday\",\"Friday\"],\"opens\":\"10:00\",\"closes\":\"20:00\"},{\"@type\":\"OpeningHoursSpecification\",\"dayOfWeek\":[\"Saturday\"],\"opens\":\"10:00\",\"closes\":\"13:30\"}],\"email\":\"info@somllavors.com\"},{\"@type\":\"PostalAddress\",\"@id\":\"https:\\\/\\\/somllavors.com\\\/es\\\/producte\\\/motxilla-fidella-fusion-toddler-palm-trees#local-main-place-address\",\"streetAddress\":\"Carrer de l'aigua, 6\",\"addressLocality\":\"Vilanova i la Geltr\u00fa\",\"postalCode\":\"08800\",\"addressRegion\":\"Barcelona\",\"addressCountry\":\"ES\"},{\"@type\":\"ImageObject\",\"inLanguage\":\"es\",\"@id\":\"https:\\\/\\\/somllavors.com\\\/es\\\/producte\\\/motxilla-fidella-fusion-toddler-palm-trees#local-main-organization-logo\",\"url\":\"https:\\\/\\\/somllavors.com\\\/wp-content\\\/uploads\\\/Logotip-Som-Llavors.jpg\",\"contentUrl\":\"https:\\\/\\\/somllavors.com\\\/wp-content\\\/uploads\\\/Logotip-Som-Llavors.jpg\",\"width\":1444,\"height\":1323,\"caption\":\"Som Llavors\"}]}<\/script>\n<meta property=\"product:price:amount\" content=\"159.95\" \/>\n<meta property=\"product:price:currency\" content=\"EUR\" \/>\n<meta property=\"og:availability\" content=\"instock\" \/>\n<meta property=\"product:availability\" content=\"instock\" \/>\n<meta property=\"product:retailer_item_id\" content=\"F-FU-T-PT-BL-6737\" \/>\n<meta property=\"product:condition\" content=\"new\" \/>\n<meta name=\"geo.placename\" content=\"Vilanova i la Geltr\u00fa\" \/>\n<meta name=\"geo.position\" content=\"41.2257737;1.723258859\" \/>\n<meta name=\"geo.region\" content=\"Espa\u00f1a\" \/>\n<!-- \/ Yoast SEO Premium plugin. -->","yoast_head_json":{"title":"Motxilla Fidella Fusion Toddler \u2013 Palm Trees &#8212; Som Llavors","description":"La motxilla Fidella Fusion Toddler \u00e9s evolutiva i s'adapta molt b\u00e9 a l'ergonomia dels nadons gr\u00e0cies al teixit de fulard i a l'ajustament de panell.","robots":{"index":"index","follow":"follow","max-snippet":"max-snippet:-1","max-image-preview":"max-image-preview:large","max-video-preview":"max-video-preview:-1"},"canonical":"https:\/\/somllavors.com\/es\/producte\/motxilla-fidella-fusion-toddler-palm-trees","og_locale":"es_ES","og_type":"article","og_title":"Motxilla Fidella Fusion Toddler \u2013 Palm Trees","og_description":"La teva botiga d\u2019ecocrian\u00e7a i espai d\u2019acompanyament a la maternitat","og_url":"https:\/\/somllavors.com\/es\/producte\/motxilla-fidella-fusion-toddler-palm-trees","og_site_name":"Som Llavors","article_publisher":"https:\/\/www.facebook.com\/somllavorsvng\/?locale=ca_ES","article_modified_time":"2026-01-20T09:33:04+00:00","og_image":[{"width":1100,"height":1422,"url":"https:\/\/somllavors.com\/wp-content\/uploads\/Som-Llavors-Mochila-Fidella-Fusio\u0301n-Toddler-Palm-Trees-dove-blue-.jpeg","type":"image\/jpeg"}],"twitter_card":"summary_large_image","twitter_misc":{"Precio":"159,95&euro; Iva incl\u00f2s","Availability":"Hay existencias"},"schema":{"@context":"https:\/\/schema.org","@graph":[{"@type":"WebPage","@id":"https:\/\/somllavors.com\/es\/producte\/motxilla-fidella-fusion-toddler-palm-trees","url":"https:\/\/somllavors.com\/es\/producte\/motxilla-fidella-fusion-toddler-palm-trees","name":"Motxilla Fidella Fusion Toddler \u2013 Palm Trees &#8212; Som Llavors","isPartOf":{"@id":"https:\/\/somllavors.com\/es#website"},"primaryImageOfPage":{"@id":"https:\/\/somllavors.com\/es\/producte\/motxilla-fidella-fusion-toddler-palm-trees#primaryimage"},"image":{"@id":"https:\/\/somllavors.com\/es\/producte\/motxilla-fidella-fusion-toddler-palm-trees#primaryimage"},"thumbnailUrl":"https:\/\/somllavors.com\/wp-content\/uploads\/Som-Llavors-Mochila-Fidella-Fusio\u0301n-Toddler-Palm-Trees-dove-blue-.jpeg","datePublished":"2022-09-14T21:28:48+00:00","dateModified":"2026-01-20T09:33:04+00:00","description":"La motxilla Fidella Fusion Toddler \u00e9s evolutiva i s'adapta molt b\u00e9 a l'ergonomia dels nadons gr\u00e0cies al teixit de fulard i a l'ajustament de panell.","breadcrumb":{"@id":"https:\/\/somllavors.com\/es\/producte\/motxilla-fidella-fusion-toddler-palm-trees#breadcrumb"},"inLanguage":"es","potentialAction":[{"@type":"ReadAction","target":["https:\/\/somllavors.com\/es\/producte\/motxilla-fidella-fusion-toddler-palm-trees"]}]},{"@type":"ImageObject","inLanguage":"es","@id":"https:\/\/somllavors.com\/es\/producte\/motxilla-fidella-fusion-toddler-palm-trees#primaryimage","url":"https:\/\/somllavors.com\/wp-content\/uploads\/Som-Llavors-Mochila-Fidella-Fusio\u0301n-Toddler-Palm-Trees-dove-blue-.jpeg","contentUrl":"https:\/\/somllavors.com\/wp-content\/uploads\/Som-Llavors-Mochila-Fidella-Fusio\u0301n-Toddler-Palm-Trees-dove-blue-.jpeg","width":1100,"height":1422,"caption":"Fidella fusion toddler ergon\u00f3mica Evolutiva 2.0"},{"@type":"BreadcrumbList","@id":"https:\/\/somllavors.com\/es\/producte\/motxilla-fidella-fusion-toddler-palm-trees#breadcrumb","itemListElement":[{"@type":"ListItem","position":1,"name":"Inici","item":"https:\/\/somllavors.com\/es"},{"@type":"ListItem","position":2,"name":"Tienda","item":"https:\/\/somllavors.com\/es\/botiga-2"},{"@type":"ListItem","position":3,"name":"Motxilla Fidella Fusion Toddler \u2013 Palm Trees"}]},{"@type":"WebSite","@id":"https:\/\/somllavors.com\/es#website","url":"https:\/\/somllavors.com\/es","name":"Som Llavors","description":"Botiga de crian\u00e7a natural","publisher":{"@id":"https:\/\/somllavors.com\/es#organization"},"alternateName":"Crian\u00e7a Natural i Sostenible","potentialAction":[{"@type":"SearchAction","target":{"@type":"EntryPoint","urlTemplate":"https:\/\/somllavors.com\/es?s={search_term_string}"},"query-input":{"@type":"PropertyValueSpecification","valueRequired":true,"valueName":"search_term_string"}}],"inLanguage":"es"},{"@type":["Organization","Place","Store"],"@id":"https:\/\/somllavors.com\/es#organization","name":"Som Llavors","alternateName":"Crian\u00e7a Natural i Sostenible","url":"https:\/\/somllavors.com\/es","logo":{"@id":"https:\/\/somllavors.com\/es\/producte\/motxilla-fidella-fusion-toddler-palm-trees#local-main-organization-logo"},"image":{"@id":"https:\/\/somllavors.com\/es\/producte\/motxilla-fidella-fusion-toddler-palm-trees#local-main-organization-logo"},"sameAs":["https:\/\/www.facebook.com\/somllavorsvng\/?locale=ca_ES","https:\/\/www.instagram.com\/somllavors_vng\/","https:\/\/www.youtube.com\/@somllavors"],"address":{"@id":"https:\/\/somllavors.com\/es\/producte\/motxilla-fidella-fusion-toddler-palm-trees#local-main-place-address"},"geo":{"@type":"GeoCoordinates","latitude":"41.2257737","longitude":"1.723258859"},"telephone":["623152704","623152704"],"openingHoursSpecification":[{"@type":"OpeningHoursSpecification","dayOfWeek":["Monday","Sunday"],"opens":"00:00","closes":"00:00"},{"@type":"OpeningHoursSpecification","dayOfWeek":["Tuesday","Wednesday","Thursday","Friday"],"opens":"10:00","closes":"20:00"},{"@type":"OpeningHoursSpecification","dayOfWeek":["Saturday"],"opens":"10:00","closes":"13:30"}],"email":"info@somllavors.com"},{"@type":"PostalAddress","@id":"https:\/\/somllavors.com\/es\/producte\/motxilla-fidella-fusion-toddler-palm-trees#local-main-place-address","streetAddress":"Carrer de l'aigua, 6","addressLocality":"Vilanova i la Geltr\u00fa","postalCode":"08800","addressRegion":"Barcelona","addressCountry":"ES"},{"@type":"ImageObject","inLanguage":"es","@id":"https:\/\/somllavors.com\/es\/producte\/motxilla-fidella-fusion-toddler-palm-trees#local-main-organization-logo","url":"https:\/\/somllavors.com\/wp-content\/uploads\/Logotip-Som-Llavors.jpg","contentUrl":"https:\/\/somllavors.com\/wp-content\/uploads\/Logotip-Som-Llavors.jpg","width":1444,"height":1323,"caption":"Som Llavors"}]},"product_price_amount":"159.95","product_price_currency":"EUR","og_availability":"instock","product_availability":"instock","product_retailer_item_id":"F-FU-T-PT-BL-6737","product_condition":"new","geo.placename":"Vilanova i la Geltr\u00fa","geo.position":{"lat":"41.2257737","long":"1.723258859"},"geo.region":"Espa\u00f1a"},"brands":[{"id":4120,"name":"Fidella","slug":"fidella"}],"_links":{"self":[{"href":"https:\/\/somllavors.com\/es\/wp-json\/wp\/v2\/product\/28181","targetHints":{"allow":["GET"]}}],"collection":[{"href":"https:\/\/somllavors.com\/es\/wp-json\/wp\/v2\/product"}],"about":[{"href":"https:\/\/somllavors.com\/es\/wp-json\/wp\/v2\/types\/product"}],"wp:featuredmedia":[{"embeddable":true,"href":"https:\/\/somllavors.com\/es\/wp-json\/wp\/v2\/media\/28191"}],"wp:attachment":[{"href":"https:\/\/somllavors.com\/es\/wp-json\/wp\/v2\/media?parent=28181"}],"wp:term":[{"taxonomy":"pwb-brand","embeddable":true,"href":"https:\/\/somllavors.com\/es\/wp-json\/wp\/v2\/pwb-brand?post=28181"},{"taxonomy":"product_brand","embeddable":true,"href":"https:\/\/somllavors.com\/es\/wp-json\/wp\/v2\/product_brand?post=28181"},{"taxonomy":"product_cat","embeddable":true,"href":"https:\/\/somllavors.com\/es\/wp-json\/wp\/v2\/product_cat?post=28181"},{"taxonomy":"product_tag","embeddable":true,"href":"https:\/\/somllavors.com\/es\/wp-json\/wp\/v2\/product_tag?post=28181"}],"curies":[{"name":"wp","href":"https:\/\/api.w.org\/{rel}","templated":true}]}}