{"id":28340,"date":"2022-09-15T22:53:39","date_gmt":"2022-09-15T20:53:39","guid":{"rendered":"https:\/\/somllavors.com\/?post_type=product&#038;p=28340"},"modified":"2023-08-08T20:06:46","modified_gmt":"2023-08-08T18:06:46","slug":"set-de-bolquers-tot-en-1-talla-unica-bambino-mio","status":"publish","type":"product","link":"https:\/\/somllavors.com\/es\/producte\/set-de-bolquers-tot-en-1-talla-unica-bambino-mio","title":{"rendered":"Set de bolquers Tot en 1 Supreme Talla \u00fanica &#8211; Bambino Mio"},"content":{"rendered":"<ul>\n<li>El miosolo supreme \u00e9s un bolquer de tela de bamb\u00fa tot en un s\u00faper absorbent fabricat amb tela de bamb\u00fa de primera qualitat per culet dels nadons.<\/li>\n<li>Disseny tot en un: fet d&#8217;una sola pe\u00e7a i tot est\u00e0 unit sense peces addicionals per a una m\u00e0xima comoditat.<\/li>\n<li>Aquest set de bolquers Tot en 1, s\u00f3n talla \u00fanica: s&#8217;adapta a nadons a partir de 4 kg. Ajusta la mida del bolquer mitjan\u00e7ant els tancaments per adaptar-lo a la forma del teu nad\u00f3.<\/li>\n<li>S\u00faper rendiment: doble protecci\u00f3 a prova de fuites amb doble nucli de bamb\u00fa s\u00faper absorbent. El doble nucli us brinda una absorb\u00e8ncia incorporada addicional sense el temps d&#8217;assecat addicional. Perfecte per a persones que mullen molt, es fa servir durant per\u00edodes de temps m\u00e9s prolongats i est\u00e0 aprovat per a \u00fas nocturn.<\/li>\n<li>Protecci\u00f3 avan\u00e7ada: les cames amb doble el\u00e0stic i la cintura el\u00e0stica brinden la m\u00e0xima seguretat.<\/li>\n<li>Creada per a la sequedat: la capa que roman seca mant\u00e9 la humitat lluny de la pell del nad\u00f3.<\/li>\n<li>El teixit el\u00e0stic resistent a l&#8217;aigua ofereix comoditat als nadons en moviment.<\/li>\n<li>Ultrasuau: tela de bamb\u00fa de primera qualitat dissenyada per sentir-se millor per a la part inferior m\u00e9s c\u00f2moda. Aquesta tela s\u00faper suau es segueix mantenint despr\u00e9s de molts rentats.<\/li>\n<li>Fet a mida per a les fam\u00edlies: butxaca interior per afegir insercions addicionals per maximitzar encara m\u00e9s l&#8217;absorci\u00f3 quan es necessiti.<\/li>\n<li>F\u00e0cil de rentar i assecar: rentable a m\u00e0quina, la funci\u00f3 d&#8217;extracci\u00f3 millora el rendiment de rentat i el nucli doble es divideix en dos per reduir el temps d&#8217;assecat.<\/li>\n<li>Cada part dels bolquers compta amb la certificaci\u00f3 OEKO-TEX\u00ae Standard 100 perqu\u00e8 pugui estar segur que \u00e9s segur fer-los servir en culets petits.<\/li>\n<li>Disponible en una gamma de dissenys neutrals eco-chic inspirats en els elements.<\/li>\n<li>Fet de &#8211; Exterior: 100% poli\u00e8ster laminat amb poliuret\u00e0, Folre: 100% poli\u00e8ster, Nucli exterior: 76% viscosa de bamb\u00fa, 24% cot\u00f3, Nucli interior: 82% viscosa de bamb\u00fa, 18% cot\u00f3.<\/li>\n<li>Qu\u00e8 hi ha a la caixa?\n<ul>\n<li><span style=\"font-size: 16px;\">6 bolquers de bamb\u00fa miosolo suprem tot en un<\/span><\/li>\n<li><span style=\"font-size: 16px;\">50 folres per a bolquers<\/span><\/li>\n<li><span style=\"font-size: 16px;\">3.5 oz x tractament de rentat natural<\/span><\/li>\n<li><span style=\"font-size: 16px;\">Guia de bolquers<\/span><\/li>\n<\/ul>\n<\/li>\n<\/ul>\n<div class=\"ast-oembed-container \" style=\"height: 100%;\"><iframe loading=\"lazy\" title=\"US miosolo supreme\" width=\"500\" height=\"281\" src=\"https:\/\/www.youtube.com\/embed\/56rpa6ppVrE?feature=oembed\" frameborder=\"0\" allow=\"accelerometer; autoplay; clipboard-write; encrypted-media; gyroscope; picture-in-picture; web-share\" referrerpolicy=\"strict-origin-when-cross-origin\" allowfullscreen><\/iframe><\/div>\n<p>&nbsp;<\/p>\n","protected":false},"excerpt":{"rendered":"<h6>Aquest pack bolquers de tela \u00e9s ideal per afegir alguns bolquers s\u00faper absorbents a la teva col\u00b7lecci\u00f3 per als moments en qu\u00e8 m\u00e9s ho necessites.<\/h6>\n<p>Cada Set de bolquers Tot en 1 cont\u00e9 6 bolquers de roba de bamb\u00fa i alguns accessoris essencials.<\/p>\n","protected":false},"featured_media":28342,"template":"","meta":{"_acf_changed":false,"site-sidebar-layout":"default","site-content-layout":"default","ast-site-content-layout":"default","site-content-style":"default","site-sidebar-style":"default","ast-global-header-display":"","ast-banner-title-visibility":"","ast-main-header-display":"","ast-hfb-above-header-display":"","ast-hfb-below-header-display":"","ast-hfb-mobile-header-display":"","site-post-title":"","ast-breadcrumbs-content":"","ast-featured-img":"","footer-sml-layout":"","ast-disable-related-posts":"","theme-transparent-header-meta":"default","adv-header-id-meta":"","stick-header-meta":"","header-above-stick-meta":"","header-main-stick-meta":"","header-below-stick-meta":"","astra-migrate-meta-layouts":"default","ast-page-background-enabled":"default","ast-page-background-meta":{"desktop":{"background-color":"","background-image":"","background-repeat":"repeat","background-position":"center center","background-size":"auto","background-attachment":"scroll","background-type":"","background-media":"","overlay-type":"","overlay-color":"","overlay-opacity":"","overlay-gradient":""},"tablet":{"background-color":"","background-image":"","background-repeat":"repeat","background-position":"center center","background-size":"auto","background-attachment":"scroll","background-type":"","background-media":"","overlay-type":"","overlay-color":"","overlay-opacity":"","overlay-gradient":""},"mobile":{"background-color":"","background-image":"","background-repeat":"repeat","background-position":"center center","background-size":"auto","background-attachment":"scroll","background-type":"","background-media":"","overlay-type":"","overlay-color":"","overlay-opacity":"","overlay-gradient":""}},"ast-content-background-meta":{"desktop":{"background-color":"var(--ast-global-color-5)","background-image":"","background-repeat":"repeat","background-position":"center center","background-size":"auto","background-attachment":"scroll","background-type":"","background-media":"","overlay-type":"","overlay-color":"","overlay-opacity":"","overlay-gradient":""},"tablet":{"background-color":"var(--ast-global-color-5)","background-image":"","background-repeat":"repeat","background-position":"center center","background-size":"auto","background-attachment":"scroll","background-type":"","background-media":"","overlay-type":"","overlay-color":"","overlay-opacity":"","overlay-gradient":""},"mobile":{"background-color":"var(--ast-global-color-5)","background-image":"","background-repeat":"repeat","background-position":"center center","background-size":"auto","background-attachment":"scroll","background-type":"","background-media":"","overlay-type":"","overlay-color":"","overlay-opacity":"","overlay-gradient":""}}},"pwb-brand":[],"product_brand":[],"product_cat":[391,387],"product_tag":[3106,462,398,400,399],"class_list":{"0":"post-28340","1":"product","2":"type-product","3":"status-publish","4":"has-post-thumbnail","6":"product_cat-accessoris-bolquers-de-tela-i-accessoris","7":"product_cat-tot-en-un","8":"product_tag-bambino-mio","9":"product_tag-bambu","10":"product_tag-bolquers-de-tela","11":"product_tag-cloth-diapers","12":"product_tag-panales-de-tela","13":"desktop-align-left","14":"tablet-align-left","15":"mobile-align-left","17":"first","18":"outofstock","19":"taxable","20":"shipping-taxable","21":"purchasable","22":"product-type-simple"},"acf":[],"yoast_head":"<!-- This site is optimized with the Yoast SEO Premium plugin v18.3 (Yoast SEO v27.4) - https:\/\/yoast.com\/product\/yoast-seo-premium-wordpress\/ -->\n<title>Set de bolquers Tot en 1 Supreme Talla \u00fanica - Bambino Mio &#8212; Som Llavors<\/title>\n<meta name=\"description\" content=\"Joc de bolquers ideal per afegir alguns bolquers s\u00faper absorbents a la teva col\u00b7lecci\u00f3 per als moments en qu\u00e8 m\u00e9s ho necessites.\" \/>\n<meta name=\"robots\" content=\"index, follow, max-snippet:-1, max-image-preview:large, max-video-preview:-1\" \/>\n<link rel=\"canonical\" href=\"https:\/\/somllavors.com\/es\/producte\/set-de-bolquers-tot-en-1-talla-unica-bambino-mio\" \/>\n<meta property=\"og:locale\" content=\"es_ES\" \/>\n<meta property=\"og:type\" content=\"article\" \/>\n<meta property=\"og:title\" content=\"Set de bolquers Tot en 1 Supreme Talla \u00fanica - Bambino Mio\" \/>\n<meta property=\"og:description\" content=\"La teva botiga d\u2019ecocrian\u00e7a i espai d\u2019acompanyament a la maternitat\" \/>\n<meta property=\"og:url\" content=\"https:\/\/somllavors.com\/es\/producte\/set-de-bolquers-tot-en-1-talla-unica-bambino-mio\" \/>\n<meta property=\"og:site_name\" content=\"Som Llavors\" \/>\n<meta property=\"article:publisher\" content=\"https:\/\/www.facebook.com\/somllavorsvng\/?locale=ca_ES\" \/>\n<meta property=\"article:modified_time\" content=\"2023-08-08T18:06:46+00:00\" \/>\n<meta property=\"og:image\" content=\"https:\/\/somllavors.com\/wp-content\/uploads\/Som-Llavors-juego-de-pan\u0303ales-miosolo-supremo-.webp\" \/>\n\t<meta property=\"og:image:width\" content=\"600\" \/>\n\t<meta property=\"og:image:height\" content=\"600\" \/>\n\t<meta property=\"og:image:type\" content=\"image\/webp\" \/>\n<meta name=\"twitter:card\" content=\"summary_large_image\" \/>\n<meta name=\"twitter:label1\" content=\"Precio\" \/>\n\t<meta name=\"twitter:data1\" content=\"149,99&euro; Iva incl\u00f2s\" \/>\n\t<meta name=\"twitter:label2\" content=\"Availability\" \/>\n\t<meta name=\"twitter:data2\" content=\"Out of stock\" \/>\n<script type=\"application\/ld+json\" class=\"yoast-schema-graph\">{\"@context\":\"https:\\\/\\\/schema.org\",\"@graph\":[{\"@type\":\"WebPage\",\"@id\":\"https:\\\/\\\/somllavors.com\\\/es\\\/producte\\\/set-de-bolquers-tot-en-1-talla-unica-bambino-mio\",\"url\":\"https:\\\/\\\/somllavors.com\\\/es\\\/producte\\\/set-de-bolquers-tot-en-1-talla-unica-bambino-mio\",\"name\":\"Set de bolquers Tot en 1 Supreme Talla \u00fanica - Bambino Mio &#8212; Som Llavors\",\"isPartOf\":{\"@id\":\"https:\\\/\\\/somllavors.com\\\/es#website\"},\"primaryImageOfPage\":{\"@id\":\"https:\\\/\\\/somllavors.com\\\/es\\\/producte\\\/set-de-bolquers-tot-en-1-talla-unica-bambino-mio#primaryimage\"},\"image\":{\"@id\":\"https:\\\/\\\/somllavors.com\\\/es\\\/producte\\\/set-de-bolquers-tot-en-1-talla-unica-bambino-mio#primaryimage\"},\"thumbnailUrl\":\"https:\\\/\\\/somllavors.com\\\/wp-content\\\/uploads\\\/Som-Llavors-juego-de-pan\u0303ales-miosolo-supremo-.webp\",\"datePublished\":\"2022-09-15T20:53:39+00:00\",\"dateModified\":\"2023-08-08T18:06:46+00:00\",\"description\":\"Joc de bolquers ideal per afegir alguns bolquers s\u00faper absorbents a la teva col\u00b7lecci\u00f3 per als moments en qu\u00e8 m\u00e9s ho necessites.\",\"breadcrumb\":{\"@id\":\"https:\\\/\\\/somllavors.com\\\/es\\\/producte\\\/set-de-bolquers-tot-en-1-talla-unica-bambino-mio#breadcrumb\"},\"inLanguage\":\"es\",\"potentialAction\":[{\"@type\":\"ReadAction\",\"target\":[\"https:\\\/\\\/somllavors.com\\\/es\\\/producte\\\/set-de-bolquers-tot-en-1-talla-unica-bambino-mio\"]}]},{\"@type\":\"ImageObject\",\"inLanguage\":\"es\",\"@id\":\"https:\\\/\\\/somllavors.com\\\/es\\\/producte\\\/set-de-bolquers-tot-en-1-talla-unica-bambino-mio#primaryimage\",\"url\":\"https:\\\/\\\/somllavors.com\\\/wp-content\\\/uploads\\\/Som-Llavors-juego-de-pan\u0303ales-miosolo-supremo-.webp\",\"contentUrl\":\"https:\\\/\\\/somllavors.com\\\/wp-content\\\/uploads\\\/Som-Llavors-juego-de-pan\u0303ales-miosolo-supremo-.webp\",\"width\":600,\"height\":600,\"caption\":\"Bolquers de tela Bambino Mio Tot en un\"},{\"@type\":\"BreadcrumbList\",\"@id\":\"https:\\\/\\\/somllavors.com\\\/es\\\/producte\\\/set-de-bolquers-tot-en-1-talla-unica-bambino-mio#breadcrumb\",\"itemListElement\":[{\"@type\":\"ListItem\",\"position\":1,\"name\":\"Inici\",\"item\":\"https:\\\/\\\/somllavors.com\\\/es\"},{\"@type\":\"ListItem\",\"position\":2,\"name\":\"Tienda\",\"item\":\"https:\\\/\\\/somllavors.com\\\/es\\\/botiga-2\"},{\"@type\":\"ListItem\",\"position\":3,\"name\":\"Set de bolquers Tot en 1 Supreme Talla \u00fanica &#8211; Bambino Mio\"}]},{\"@type\":\"WebSite\",\"@id\":\"https:\\\/\\\/somllavors.com\\\/es#website\",\"url\":\"https:\\\/\\\/somllavors.com\\\/es\",\"name\":\"Som Llavors\",\"description\":\"Botiga de crian\u00e7a natural\",\"publisher\":{\"@id\":\"https:\\\/\\\/somllavors.com\\\/es#organization\"},\"alternateName\":\"Crian\u00e7a Natural i Sostenible\",\"potentialAction\":[{\"@type\":\"SearchAction\",\"target\":{\"@type\":\"EntryPoint\",\"urlTemplate\":\"https:\\\/\\\/somllavors.com\\\/es?s={search_term_string}\"},\"query-input\":{\"@type\":\"PropertyValueSpecification\",\"valueRequired\":true,\"valueName\":\"search_term_string\"}}],\"inLanguage\":\"es\"},{\"@type\":[\"Organization\",\"Place\",\"Store\"],\"@id\":\"https:\\\/\\\/somllavors.com\\\/es#organization\",\"name\":\"Som Llavors\",\"alternateName\":\"Crian\u00e7a Natural i Sostenible\",\"url\":\"https:\\\/\\\/somllavors.com\\\/es\",\"logo\":{\"@id\":\"https:\\\/\\\/somllavors.com\\\/es\\\/producte\\\/set-de-bolquers-tot-en-1-talla-unica-bambino-mio#local-main-organization-logo\"},\"image\":{\"@id\":\"https:\\\/\\\/somllavors.com\\\/es\\\/producte\\\/set-de-bolquers-tot-en-1-talla-unica-bambino-mio#local-main-organization-logo\"},\"sameAs\":[\"https:\\\/\\\/www.facebook.com\\\/somllavorsvng\\\/?locale=ca_ES\",\"https:\\\/\\\/www.instagram.com\\\/somllavors_vng\\\/\",\"https:\\\/\\\/www.youtube.com\\\/@somllavors\"],\"address\":{\"@id\":\"https:\\\/\\\/somllavors.com\\\/es\\\/producte\\\/set-de-bolquers-tot-en-1-talla-unica-bambino-mio#local-main-place-address\"},\"geo\":{\"@type\":\"GeoCoordinates\",\"latitude\":\"41.2257737\",\"longitude\":\"1.723258859\"},\"telephone\":[\"623152704\"],\"openingHoursSpecification\":[{\"@type\":\"OpeningHoursSpecification\",\"dayOfWeek\":[\"Monday\",\"Sunday\"],\"opens\":\"00:00\",\"closes\":\"00:00\"},{\"@type\":\"OpeningHoursSpecification\",\"dayOfWeek\":[\"Tuesday\",\"Wednesday\",\"Thursday\",\"Friday\"],\"opens\":\"10:00\",\"closes\":\"20:00\"},{\"@type\":\"OpeningHoursSpecification\",\"dayOfWeek\":[\"Saturday\"],\"opens\":\"10:00\",\"closes\":\"13:30\"}],\"email\":\"info@somllavors.com\"},{\"@type\":\"PostalAddress\",\"@id\":\"https:\\\/\\\/somllavors.com\\\/es\\\/producte\\\/set-de-bolquers-tot-en-1-talla-unica-bambino-mio#local-main-place-address\",\"streetAddress\":\"Carrer de l'aigua, 6\",\"addressLocality\":\"Vilanova i la Geltr\u00fa\",\"postalCode\":\"08800\",\"addressRegion\":\"Barcelona\",\"addressCountry\":\"ES\"},{\"@type\":\"ImageObject\",\"inLanguage\":\"es\",\"@id\":\"https:\\\/\\\/somllavors.com\\\/es\\\/producte\\\/set-de-bolquers-tot-en-1-talla-unica-bambino-mio#local-main-organization-logo\",\"url\":\"https:\\\/\\\/somllavors.com\\\/wp-content\\\/uploads\\\/Logotip-Som-Llavors.jpg\",\"contentUrl\":\"https:\\\/\\\/somllavors.com\\\/wp-content\\\/uploads\\\/Logotip-Som-Llavors.jpg\",\"width\":1444,\"height\":1323,\"caption\":\"Som Llavors\"}]}<\/script>\n<meta property=\"product:price:amount\" content=\"149.99\" \/>\n<meta property=\"product:price:currency\" content=\"EUR\" \/>\n<meta property=\"og:availability\" content=\"out of stock\" \/>\n<meta property=\"product:availability\" content=\"out of stock\" \/>\n<meta property=\"product:retailer_item_id\" content=\"BXNKSOSUP\" \/>\n<meta property=\"product:condition\" content=\"new\" \/>\n<meta name=\"geo.placename\" content=\"Vilanova i la Geltr\u00fa\" \/>\n<meta name=\"geo.position\" content=\"41.2257737;1.723258859\" \/>\n<meta name=\"geo.region\" content=\"Espa\u00f1a\" \/>\n<!-- \/ Yoast SEO Premium plugin. -->","yoast_head_json":{"title":"Set de bolquers Tot en 1 Supreme Talla \u00fanica - Bambino Mio &#8212; Som Llavors","description":"Joc de bolquers ideal per afegir alguns bolquers s\u00faper absorbents a la teva col\u00b7lecci\u00f3 per als moments en qu\u00e8 m\u00e9s ho necessites.","robots":{"index":"index","follow":"follow","max-snippet":"max-snippet:-1","max-image-preview":"max-image-preview:large","max-video-preview":"max-video-preview:-1"},"canonical":"https:\/\/somllavors.com\/es\/producte\/set-de-bolquers-tot-en-1-talla-unica-bambino-mio","og_locale":"es_ES","og_type":"article","og_title":"Set de bolquers Tot en 1 Supreme Talla \u00fanica - Bambino Mio","og_description":"La teva botiga d\u2019ecocrian\u00e7a i espai d\u2019acompanyament a la maternitat","og_url":"https:\/\/somllavors.com\/es\/producte\/set-de-bolquers-tot-en-1-talla-unica-bambino-mio","og_site_name":"Som Llavors","article_publisher":"https:\/\/www.facebook.com\/somllavorsvng\/?locale=ca_ES","article_modified_time":"2023-08-08T18:06:46+00:00","og_image":[{"width":600,"height":600,"url":"https:\/\/somllavors.com\/wp-content\/uploads\/Som-Llavors-juego-de-pan\u0303ales-miosolo-supremo-.webp","type":"image\/webp"}],"twitter_card":"summary_large_image","twitter_misc":{"Precio":"149,99&euro; Iva incl\u00f2s","Availability":"Out of stock"},"schema":{"@context":"https:\/\/schema.org","@graph":[{"@type":"WebPage","@id":"https:\/\/somllavors.com\/es\/producte\/set-de-bolquers-tot-en-1-talla-unica-bambino-mio","url":"https:\/\/somllavors.com\/es\/producte\/set-de-bolquers-tot-en-1-talla-unica-bambino-mio","name":"Set de bolquers Tot en 1 Supreme Talla \u00fanica - Bambino Mio &#8212; Som Llavors","isPartOf":{"@id":"https:\/\/somllavors.com\/es#website"},"primaryImageOfPage":{"@id":"https:\/\/somllavors.com\/es\/producte\/set-de-bolquers-tot-en-1-talla-unica-bambino-mio#primaryimage"},"image":{"@id":"https:\/\/somllavors.com\/es\/producte\/set-de-bolquers-tot-en-1-talla-unica-bambino-mio#primaryimage"},"thumbnailUrl":"https:\/\/somllavors.com\/wp-content\/uploads\/Som-Llavors-juego-de-pan\u0303ales-miosolo-supremo-.webp","datePublished":"2022-09-15T20:53:39+00:00","dateModified":"2023-08-08T18:06:46+00:00","description":"Joc de bolquers ideal per afegir alguns bolquers s\u00faper absorbents a la teva col\u00b7lecci\u00f3 per als moments en qu\u00e8 m\u00e9s ho necessites.","breadcrumb":{"@id":"https:\/\/somllavors.com\/es\/producte\/set-de-bolquers-tot-en-1-talla-unica-bambino-mio#breadcrumb"},"inLanguage":"es","potentialAction":[{"@type":"ReadAction","target":["https:\/\/somllavors.com\/es\/producte\/set-de-bolquers-tot-en-1-talla-unica-bambino-mio"]}]},{"@type":"ImageObject","inLanguage":"es","@id":"https:\/\/somllavors.com\/es\/producte\/set-de-bolquers-tot-en-1-talla-unica-bambino-mio#primaryimage","url":"https:\/\/somllavors.com\/wp-content\/uploads\/Som-Llavors-juego-de-pan\u0303ales-miosolo-supremo-.webp","contentUrl":"https:\/\/somllavors.com\/wp-content\/uploads\/Som-Llavors-juego-de-pan\u0303ales-miosolo-supremo-.webp","width":600,"height":600,"caption":"Bolquers de tela Bambino Mio Tot en un"},{"@type":"BreadcrumbList","@id":"https:\/\/somllavors.com\/es\/producte\/set-de-bolquers-tot-en-1-talla-unica-bambino-mio#breadcrumb","itemListElement":[{"@type":"ListItem","position":1,"name":"Inici","item":"https:\/\/somllavors.com\/es"},{"@type":"ListItem","position":2,"name":"Tienda","item":"https:\/\/somllavors.com\/es\/botiga-2"},{"@type":"ListItem","position":3,"name":"Set de bolquers Tot en 1 Supreme Talla \u00fanica &#8211; Bambino Mio"}]},{"@type":"WebSite","@id":"https:\/\/somllavors.com\/es#website","url":"https:\/\/somllavors.com\/es","name":"Som Llavors","description":"Botiga de crian\u00e7a natural","publisher":{"@id":"https:\/\/somllavors.com\/es#organization"},"alternateName":"Crian\u00e7a Natural i Sostenible","potentialAction":[{"@type":"SearchAction","target":{"@type":"EntryPoint","urlTemplate":"https:\/\/somllavors.com\/es?s={search_term_string}"},"query-input":{"@type":"PropertyValueSpecification","valueRequired":true,"valueName":"search_term_string"}}],"inLanguage":"es"},{"@type":["Organization","Place","Store"],"@id":"https:\/\/somllavors.com\/es#organization","name":"Som Llavors","alternateName":"Crian\u00e7a Natural i Sostenible","url":"https:\/\/somllavors.com\/es","logo":{"@id":"https:\/\/somllavors.com\/es\/producte\/set-de-bolquers-tot-en-1-talla-unica-bambino-mio#local-main-organization-logo"},"image":{"@id":"https:\/\/somllavors.com\/es\/producte\/set-de-bolquers-tot-en-1-talla-unica-bambino-mio#local-main-organization-logo"},"sameAs":["https:\/\/www.facebook.com\/somllavorsvng\/?locale=ca_ES","https:\/\/www.instagram.com\/somllavors_vng\/","https:\/\/www.youtube.com\/@somllavors"],"address":{"@id":"https:\/\/somllavors.com\/es\/producte\/set-de-bolquers-tot-en-1-talla-unica-bambino-mio#local-main-place-address"},"geo":{"@type":"GeoCoordinates","latitude":"41.2257737","longitude":"1.723258859"},"telephone":["623152704","623152704"],"openingHoursSpecification":[{"@type":"OpeningHoursSpecification","dayOfWeek":["Monday","Sunday"],"opens":"00:00","closes":"00:00"},{"@type":"OpeningHoursSpecification","dayOfWeek":["Tuesday","Wednesday","Thursday","Friday"],"opens":"10:00","closes":"20:00"},{"@type":"OpeningHoursSpecification","dayOfWeek":["Saturday"],"opens":"10:00","closes":"13:30"}],"email":"info@somllavors.com"},{"@type":"PostalAddress","@id":"https:\/\/somllavors.com\/es\/producte\/set-de-bolquers-tot-en-1-talla-unica-bambino-mio#local-main-place-address","streetAddress":"Carrer de l'aigua, 6","addressLocality":"Vilanova i la Geltr\u00fa","postalCode":"08800","addressRegion":"Barcelona","addressCountry":"ES"},{"@type":"ImageObject","inLanguage":"es","@id":"https:\/\/somllavors.com\/es\/producte\/set-de-bolquers-tot-en-1-talla-unica-bambino-mio#local-main-organization-logo","url":"https:\/\/somllavors.com\/wp-content\/uploads\/Logotip-Som-Llavors.jpg","contentUrl":"https:\/\/somllavors.com\/wp-content\/uploads\/Logotip-Som-Llavors.jpg","width":1444,"height":1323,"caption":"Som Llavors"}]},"product_price_amount":"149.99","product_price_currency":"EUR","og_availability":"out of stock","product_availability":"out of stock","product_retailer_item_id":"BXNKSOSUP","product_condition":"new","geo.placename":"Vilanova i la Geltr\u00fa","geo.position":{"lat":"41.2257737","long":"1.723258859"},"geo.region":"Espa\u00f1a"},"brands":[],"_links":{"self":[{"href":"https:\/\/somllavors.com\/es\/wp-json\/wp\/v2\/product\/28340","targetHints":{"allow":["GET"]}}],"collection":[{"href":"https:\/\/somllavors.com\/es\/wp-json\/wp\/v2\/product"}],"about":[{"href":"https:\/\/somllavors.com\/es\/wp-json\/wp\/v2\/types\/product"}],"wp:featuredmedia":[{"embeddable":true,"href":"https:\/\/somllavors.com\/es\/wp-json\/wp\/v2\/media\/28342"}],"wp:attachment":[{"href":"https:\/\/somllavors.com\/es\/wp-json\/wp\/v2\/media?parent=28340"}],"wp:term":[{"taxonomy":"pwb-brand","embeddable":true,"href":"https:\/\/somllavors.com\/es\/wp-json\/wp\/v2\/pwb-brand?post=28340"},{"taxonomy":"product_brand","embeddable":true,"href":"https:\/\/somllavors.com\/es\/wp-json\/wp\/v2\/product_brand?post=28340"},{"taxonomy":"product_cat","embeddable":true,"href":"https:\/\/somllavors.com\/es\/wp-json\/wp\/v2\/product_cat?post=28340"},{"taxonomy":"product_tag","embeddable":true,"href":"https:\/\/somllavors.com\/es\/wp-json\/wp\/v2\/product_tag?post=28340"}],"curies":[{"name":"wp","href":"https:\/\/api.w.org\/{rel}","templated":true}]}}