{"id":28461,"date":"2022-09-16T15:54:03","date_gmt":"2022-09-16T13:54:03","guid":{"rendered":"https:\/\/somllavors.com\/?post_type=product&#038;p=28461"},"modified":"2023-07-06T12:35:58","modified_gmt":"2023-07-06T10:35:58","slug":"gots-apilables-i-joc-per-la-banyera-liewood","status":"publish","type":"product","link":"https:\/\/somllavors.com\/es\/producte\/gots-apilables-i-joc-per-la-banyera-liewood","title":{"rendered":"Gots apilables i joc per la banyera &#8211; Liewood"},"content":{"rendered":"<ul>\n<li>Amb bonics detalls a la base de cada got.<\/li>\n<li>Apilable<\/li>\n<li>Durable: fets de silicona 100%<\/li>\n<li>Dimensions: alt: 36 cm x ample: 9 cm<\/li>\n<\/ul>\n<p>Liewood \u00e9s una marca de lifestyle Danesa. Crea productes irresistibles per a les fam\u00edlies modernes: productes t\u00e8xtils org\u00e0nics, peces de punt suaus, articles d&#8217;alimentaci\u00f3, joguines de fusta, mossegadors, etc. Tots plegats, creen un univers \u00fanic, pur i simple. Liewood t\u00e9 la seu a Copenhaguen i el nostre m\u00f3n est\u00e0 profundament arrelat en la tradici\u00f3 del disseny n\u00f2rdic. Els dissenys s\u00f3n conceptualment forts, respectant la tendresa, la innoc\u00e8ncia de la inf\u00e0ncia i l&#8217;estil de vida de les fam\u00edlies modernes, i s\u00f3n capa\u00e7os de seguir-les a tot arreu amb diferents prop\u00f2sits en ment i per a les generacions futures.<\/p>\n","protected":false},"excerpt":{"rendered":"<p>Organitzar i apilar objectes \u00e9s una part natural que forma part del desenvolupament d&#8217;un infant. Els gots apilables Zuzu permeten a l&#8217;infant provar l&#8217;equilibri d&#8217;objectes un damunt de l&#8217;altre i veure qu\u00e8 va amb qu\u00e8. Els petits forats tamb\u00e9 els fan adequats per jugar a l&#8217;aigua i passar-s&#8217;ho bomba, veient com es va filtrant l&#8217;aigua pels diferents cubs.<\/p>\n","protected":false},"featured_media":28469,"template":"","meta":{"_acf_changed":false,"site-sidebar-layout":"default","site-content-layout":"default","ast-site-content-layout":"default","site-content-style":"default","site-sidebar-style":"default","ast-global-header-display":"","ast-banner-title-visibility":"","ast-main-header-display":"","ast-hfb-above-header-display":"","ast-hfb-below-header-display":"","ast-hfb-mobile-header-display":"","site-post-title":"","ast-breadcrumbs-content":"","ast-featured-img":"","footer-sml-layout":"","ast-disable-related-posts":"","theme-transparent-header-meta":"default","adv-header-id-meta":"","stick-header-meta":"","header-above-stick-meta":"","header-main-stick-meta":"","header-below-stick-meta":"","astra-migrate-meta-layouts":"default","ast-page-background-enabled":"default","ast-page-background-meta":{"desktop":{"background-color":"","background-image":"","background-repeat":"repeat","background-position":"center center","background-size":"auto","background-attachment":"scroll","background-type":"","background-media":"","overlay-type":"","overlay-color":"","overlay-opacity":"","overlay-gradient":""},"tablet":{"background-color":"","background-image":"","background-repeat":"repeat","background-position":"center center","background-size":"auto","background-attachment":"scroll","background-type":"","background-media":"","overlay-type":"","overlay-color":"","overlay-opacity":"","overlay-gradient":""},"mobile":{"background-color":"","background-image":"","background-repeat":"repeat","background-position":"center center","background-size":"auto","background-attachment":"scroll","background-type":"","background-media":"","overlay-type":"","overlay-color":"","overlay-opacity":"","overlay-gradient":""}},"ast-content-background-meta":{"desktop":{"background-color":"var(--ast-global-color-5)","background-image":"","background-repeat":"repeat","background-position":"center center","background-size":"auto","background-attachment":"scroll","background-type":"","background-media":"","overlay-type":"","overlay-color":"","overlay-opacity":"","overlay-gradient":""},"tablet":{"background-color":"var(--ast-global-color-5)","background-image":"","background-repeat":"repeat","background-position":"center center","background-size":"auto","background-attachment":"scroll","background-type":"","background-media":"","overlay-type":"","overlay-color":"","overlay-opacity":"","overlay-gradient":""},"mobile":{"background-color":"var(--ast-global-color-5)","background-image":"","background-repeat":"repeat","background-position":"center center","background-size":"auto","background-attachment":"scroll","background-type":"","background-media":"","overlay-type":"","overlay-color":"","overlay-opacity":"","overlay-gradient":""}}},"pwb-brand":[4103],"product_brand":[],"product_cat":[3360,3361,3362,3363,3364,629,132,1983],"product_tag":[902,3118,3117,1985],"class_list":{"0":"post-28461","1":"product","2":"type-product","3":"status-publish","4":"has-post-thumbnail","6":"pwb-brand-liewood","7":"product_cat-12-mesos","8":"product_cat-18-mesos","9":"product_cat-2-anys","10":"product_cat-3-anys","11":"product_cat-4-anys","12":"product_cat-encaixables-apilables-equilibri-i-construccions","13":"product_cat-lhora-del-bany","14":"product_cat-liewood","15":"product_tag-apilable","16":"product_tag-joc-banyera","17":"product_tag-juego-bano","18":"product_tag-liewood","19":"desktop-align-left","20":"tablet-align-left","21":"mobile-align-left","23":"first","24":"outofstock","25":"taxable","26":"shipping-taxable","27":"purchasable","28":"product-type-simple"},"acf":[],"yoast_head":"<!-- This site is optimized with the Yoast SEO Premium plugin v18.3 (Yoast SEO v27.4) - https:\/\/yoast.com\/product\/yoast-seo-premium-wordpress\/ -->\n<title>Gots apilables i joc per la banyera - Liewood &#8212; Som Llavors<\/title>\n<meta name=\"description\" content=\"Els gots apilables permeten a l&#039;infant provar l&#039;equilibri d&#039;objectes un damunt de l&#039;altre i veure qu\u00e8 encaixa. Els petits forats els fan adequats pel bany.\" \/>\n<meta name=\"robots\" content=\"index, follow, max-snippet:-1, max-image-preview:large, max-video-preview:-1\" \/>\n<link rel=\"canonical\" href=\"https:\/\/somllavors.com\/es\/producte\/gots-apilables-i-joc-per-la-banyera-liewood\" \/>\n<meta property=\"og:locale\" content=\"es_ES\" \/>\n<meta property=\"og:type\" content=\"article\" \/>\n<meta property=\"og:title\" content=\"Gots apilables i joc per la banyera - Liewood\" \/>\n<meta property=\"og:description\" content=\"La teva botiga d\u2019ecocrian\u00e7a i espai d\u2019acompanyament a la maternitat\" \/>\n<meta property=\"og:url\" content=\"https:\/\/somllavors.com\/es\/producte\/gots-apilables-i-joc-per-la-banyera-liewood\" \/>\n<meta property=\"og:site_name\" content=\"Som Llavors\" \/>\n<meta property=\"article:publisher\" content=\"https:\/\/www.facebook.com\/somllavorsvng\/?locale=ca_ES\" \/>\n<meta property=\"article:modified_time\" content=\"2023-07-06T10:35:58+00:00\" \/>\n<meta property=\"og:image\" content=\"https:\/\/somllavors.com\/wp-content\/uploads\/Som-Llavors-ZUZU-STACKING-CUPS1.jpeg\" \/>\n\t<meta property=\"og:image:width\" content=\"1024\" \/>\n\t<meta property=\"og:image:height\" content=\"1024\" \/>\n\t<meta property=\"og:image:type\" content=\"image\/jpeg\" \/>\n<meta name=\"twitter:card\" content=\"summary_large_image\" \/>\n<meta name=\"twitter:label1\" content=\"Precio\" \/>\n\t<meta name=\"twitter:data1\" content=\"30,00&euro; Iva incl\u00f2s\" \/>\n\t<meta name=\"twitter:label2\" content=\"Availability\" \/>\n\t<meta name=\"twitter:data2\" content=\"Out of stock\" \/>\n<script type=\"application\/ld+json\" class=\"yoast-schema-graph\">{\"@context\":\"https:\\\/\\\/schema.org\",\"@graph\":[{\"@type\":\"WebPage\",\"@id\":\"https:\\\/\\\/somllavors.com\\\/es\\\/producte\\\/gots-apilables-i-joc-per-la-banyera-liewood\",\"url\":\"https:\\\/\\\/somllavors.com\\\/es\\\/producte\\\/gots-apilables-i-joc-per-la-banyera-liewood\",\"name\":\"Gots apilables i joc per la banyera - Liewood &#8212; Som Llavors\",\"isPartOf\":{\"@id\":\"https:\\\/\\\/somllavors.com\\\/es#website\"},\"primaryImageOfPage\":{\"@id\":\"https:\\\/\\\/somllavors.com\\\/es\\\/producte\\\/gots-apilables-i-joc-per-la-banyera-liewood#primaryimage\"},\"image\":{\"@id\":\"https:\\\/\\\/somllavors.com\\\/es\\\/producte\\\/gots-apilables-i-joc-per-la-banyera-liewood#primaryimage\"},\"thumbnailUrl\":\"https:\\\/\\\/somllavors.com\\\/wp-content\\\/uploads\\\/Som-Llavors-ZUZU-STACKING-CUPS1.jpeg\",\"datePublished\":\"2022-09-16T13:54:03+00:00\",\"dateModified\":\"2023-07-06T10:35:58+00:00\",\"description\":\"Els gots apilables permeten a l'infant provar l'equilibri d'objectes un damunt de l'altre i veure qu\u00e8 encaixa. Els petits forats els fan adequats pel bany.\",\"breadcrumb\":{\"@id\":\"https:\\\/\\\/somllavors.com\\\/es\\\/producte\\\/gots-apilables-i-joc-per-la-banyera-liewood#breadcrumb\"},\"inLanguage\":\"es\",\"potentialAction\":[{\"@type\":\"ReadAction\",\"target\":[\"https:\\\/\\\/somllavors.com\\\/es\\\/producte\\\/gots-apilables-i-joc-per-la-banyera-liewood\"]}]},{\"@type\":\"ImageObject\",\"inLanguage\":\"es\",\"@id\":\"https:\\\/\\\/somllavors.com\\\/es\\\/producte\\\/gots-apilables-i-joc-per-la-banyera-liewood#primaryimage\",\"url\":\"https:\\\/\\\/somllavors.com\\\/wp-content\\\/uploads\\\/Som-Llavors-ZUZU-STACKING-CUPS1.jpeg\",\"contentUrl\":\"https:\\\/\\\/somllavors.com\\\/wp-content\\\/uploads\\\/Som-Llavors-ZUZU-STACKING-CUPS1.jpeg\",\"width\":1024,\"height\":1024,\"caption\":\"apilable Liewood\"},{\"@type\":\"BreadcrumbList\",\"@id\":\"https:\\\/\\\/somllavors.com\\\/es\\\/producte\\\/gots-apilables-i-joc-per-la-banyera-liewood#breadcrumb\",\"itemListElement\":[{\"@type\":\"ListItem\",\"position\":1,\"name\":\"Inici\",\"item\":\"https:\\\/\\\/somllavors.com\\\/es\"},{\"@type\":\"ListItem\",\"position\":2,\"name\":\"Tienda\",\"item\":\"https:\\\/\\\/somllavors.com\\\/es\\\/botiga-2\"},{\"@type\":\"ListItem\",\"position\":3,\"name\":\"Gots apilables i joc per la banyera &#8211; Liewood\"}]},{\"@type\":\"WebSite\",\"@id\":\"https:\\\/\\\/somllavors.com\\\/es#website\",\"url\":\"https:\\\/\\\/somllavors.com\\\/es\",\"name\":\"Som Llavors\",\"description\":\"Botiga de crian\u00e7a natural\",\"publisher\":{\"@id\":\"https:\\\/\\\/somllavors.com\\\/es#organization\"},\"alternateName\":\"Crian\u00e7a Natural i Sostenible\",\"potentialAction\":[{\"@type\":\"SearchAction\",\"target\":{\"@type\":\"EntryPoint\",\"urlTemplate\":\"https:\\\/\\\/somllavors.com\\\/es?s={search_term_string}\"},\"query-input\":{\"@type\":\"PropertyValueSpecification\",\"valueRequired\":true,\"valueName\":\"search_term_string\"}}],\"inLanguage\":\"es\"},{\"@type\":[\"Organization\",\"Place\",\"Store\"],\"@id\":\"https:\\\/\\\/somllavors.com\\\/es#organization\",\"name\":\"Som Llavors\",\"alternateName\":\"Crian\u00e7a Natural i Sostenible\",\"url\":\"https:\\\/\\\/somllavors.com\\\/es\",\"logo\":{\"@id\":\"https:\\\/\\\/somllavors.com\\\/es\\\/producte\\\/gots-apilables-i-joc-per-la-banyera-liewood#local-main-organization-logo\"},\"image\":{\"@id\":\"https:\\\/\\\/somllavors.com\\\/es\\\/producte\\\/gots-apilables-i-joc-per-la-banyera-liewood#local-main-organization-logo\"},\"sameAs\":[\"https:\\\/\\\/www.facebook.com\\\/somllavorsvng\\\/?locale=ca_ES\",\"https:\\\/\\\/www.instagram.com\\\/somllavors_vng\\\/\",\"https:\\\/\\\/www.youtube.com\\\/@somllavors\"],\"address\":{\"@id\":\"https:\\\/\\\/somllavors.com\\\/es\\\/producte\\\/gots-apilables-i-joc-per-la-banyera-liewood#local-main-place-address\"},\"geo\":{\"@type\":\"GeoCoordinates\",\"latitude\":\"41.2257737\",\"longitude\":\"1.723258859\"},\"telephone\":[\"623152704\"],\"openingHoursSpecification\":[{\"@type\":\"OpeningHoursSpecification\",\"dayOfWeek\":[\"Monday\",\"Sunday\"],\"opens\":\"00:00\",\"closes\":\"00:00\"},{\"@type\":\"OpeningHoursSpecification\",\"dayOfWeek\":[\"Tuesday\",\"Wednesday\",\"Thursday\",\"Friday\"],\"opens\":\"10:00\",\"closes\":\"20:00\"},{\"@type\":\"OpeningHoursSpecification\",\"dayOfWeek\":[\"Saturday\"],\"opens\":\"10:00\",\"closes\":\"13:30\"}],\"email\":\"info@somllavors.com\"},{\"@type\":\"PostalAddress\",\"@id\":\"https:\\\/\\\/somllavors.com\\\/es\\\/producte\\\/gots-apilables-i-joc-per-la-banyera-liewood#local-main-place-address\",\"streetAddress\":\"Carrer de l'aigua, 6\",\"addressLocality\":\"Vilanova i la Geltr\u00fa\",\"postalCode\":\"08800\",\"addressRegion\":\"Barcelona\",\"addressCountry\":\"ES\"},{\"@type\":\"ImageObject\",\"inLanguage\":\"es\",\"@id\":\"https:\\\/\\\/somllavors.com\\\/es\\\/producte\\\/gots-apilables-i-joc-per-la-banyera-liewood#local-main-organization-logo\",\"url\":\"https:\\\/\\\/somllavors.com\\\/wp-content\\\/uploads\\\/Logotip-Som-Llavors.jpg\",\"contentUrl\":\"https:\\\/\\\/somllavors.com\\\/wp-content\\\/uploads\\\/Logotip-Som-Llavors.jpg\",\"width\":1444,\"height\":1323,\"caption\":\"Som Llavors\"}]}<\/script>\n<meta property=\"product:price:amount\" content=\"30.00\" \/>\n<meta property=\"product:price:currency\" content=\"EUR\" \/>\n<meta property=\"og:availability\" content=\"out of stock\" \/>\n<meta property=\"product:availability\" content=\"out of stock\" \/>\n<meta property=\"product:retailer_item_id\" content=\"LW142169504\" \/>\n<meta property=\"product:condition\" content=\"new\" \/>\n<meta name=\"geo.placename\" content=\"Vilanova i la Geltr\u00fa\" \/>\n<meta name=\"geo.position\" content=\"41.2257737;1.723258859\" \/>\n<meta name=\"geo.region\" content=\"Espa\u00f1a\" \/>\n<!-- \/ Yoast SEO Premium plugin. -->","yoast_head_json":{"title":"Gots apilables i joc per la banyera - Liewood &#8212; Som Llavors","description":"Els gots apilables permeten a l'infant provar l'equilibri d'objectes un damunt de l'altre i veure qu\u00e8 encaixa. Els petits forats els fan adequats pel bany.","robots":{"index":"index","follow":"follow","max-snippet":"max-snippet:-1","max-image-preview":"max-image-preview:large","max-video-preview":"max-video-preview:-1"},"canonical":"https:\/\/somllavors.com\/es\/producte\/gots-apilables-i-joc-per-la-banyera-liewood","og_locale":"es_ES","og_type":"article","og_title":"Gots apilables i joc per la banyera - Liewood","og_description":"La teva botiga d\u2019ecocrian\u00e7a i espai d\u2019acompanyament a la maternitat","og_url":"https:\/\/somllavors.com\/es\/producte\/gots-apilables-i-joc-per-la-banyera-liewood","og_site_name":"Som Llavors","article_publisher":"https:\/\/www.facebook.com\/somllavorsvng\/?locale=ca_ES","article_modified_time":"2023-07-06T10:35:58+00:00","og_image":[{"width":1024,"height":1024,"url":"https:\/\/somllavors.com\/wp-content\/uploads\/Som-Llavors-ZUZU-STACKING-CUPS1.jpeg","type":"image\/jpeg"}],"twitter_card":"summary_large_image","twitter_misc":{"Precio":"30,00&euro; Iva incl\u00f2s","Availability":"Out of stock"},"schema":{"@context":"https:\/\/schema.org","@graph":[{"@type":"WebPage","@id":"https:\/\/somllavors.com\/es\/producte\/gots-apilables-i-joc-per-la-banyera-liewood","url":"https:\/\/somllavors.com\/es\/producte\/gots-apilables-i-joc-per-la-banyera-liewood","name":"Gots apilables i joc per la banyera - Liewood &#8212; Som Llavors","isPartOf":{"@id":"https:\/\/somllavors.com\/es#website"},"primaryImageOfPage":{"@id":"https:\/\/somllavors.com\/es\/producte\/gots-apilables-i-joc-per-la-banyera-liewood#primaryimage"},"image":{"@id":"https:\/\/somllavors.com\/es\/producte\/gots-apilables-i-joc-per-la-banyera-liewood#primaryimage"},"thumbnailUrl":"https:\/\/somllavors.com\/wp-content\/uploads\/Som-Llavors-ZUZU-STACKING-CUPS1.jpeg","datePublished":"2022-09-16T13:54:03+00:00","dateModified":"2023-07-06T10:35:58+00:00","description":"Els gots apilables permeten a l'infant provar l'equilibri d'objectes un damunt de l'altre i veure qu\u00e8 encaixa. Els petits forats els fan adequats pel bany.","breadcrumb":{"@id":"https:\/\/somllavors.com\/es\/producte\/gots-apilables-i-joc-per-la-banyera-liewood#breadcrumb"},"inLanguage":"es","potentialAction":[{"@type":"ReadAction","target":["https:\/\/somllavors.com\/es\/producte\/gots-apilables-i-joc-per-la-banyera-liewood"]}]},{"@type":"ImageObject","inLanguage":"es","@id":"https:\/\/somllavors.com\/es\/producte\/gots-apilables-i-joc-per-la-banyera-liewood#primaryimage","url":"https:\/\/somllavors.com\/wp-content\/uploads\/Som-Llavors-ZUZU-STACKING-CUPS1.jpeg","contentUrl":"https:\/\/somllavors.com\/wp-content\/uploads\/Som-Llavors-ZUZU-STACKING-CUPS1.jpeg","width":1024,"height":1024,"caption":"apilable Liewood"},{"@type":"BreadcrumbList","@id":"https:\/\/somllavors.com\/es\/producte\/gots-apilables-i-joc-per-la-banyera-liewood#breadcrumb","itemListElement":[{"@type":"ListItem","position":1,"name":"Inici","item":"https:\/\/somllavors.com\/es"},{"@type":"ListItem","position":2,"name":"Tienda","item":"https:\/\/somllavors.com\/es\/botiga-2"},{"@type":"ListItem","position":3,"name":"Gots apilables i joc per la banyera &#8211; Liewood"}]},{"@type":"WebSite","@id":"https:\/\/somllavors.com\/es#website","url":"https:\/\/somllavors.com\/es","name":"Som Llavors","description":"Botiga de crian\u00e7a natural","publisher":{"@id":"https:\/\/somllavors.com\/es#organization"},"alternateName":"Crian\u00e7a Natural i Sostenible","potentialAction":[{"@type":"SearchAction","target":{"@type":"EntryPoint","urlTemplate":"https:\/\/somllavors.com\/es?s={search_term_string}"},"query-input":{"@type":"PropertyValueSpecification","valueRequired":true,"valueName":"search_term_string"}}],"inLanguage":"es"},{"@type":["Organization","Place","Store"],"@id":"https:\/\/somllavors.com\/es#organization","name":"Som Llavors","alternateName":"Crian\u00e7a Natural i Sostenible","url":"https:\/\/somllavors.com\/es","logo":{"@id":"https:\/\/somllavors.com\/es\/producte\/gots-apilables-i-joc-per-la-banyera-liewood#local-main-organization-logo"},"image":{"@id":"https:\/\/somllavors.com\/es\/producte\/gots-apilables-i-joc-per-la-banyera-liewood#local-main-organization-logo"},"sameAs":["https:\/\/www.facebook.com\/somllavorsvng\/?locale=ca_ES","https:\/\/www.instagram.com\/somllavors_vng\/","https:\/\/www.youtube.com\/@somllavors"],"address":{"@id":"https:\/\/somllavors.com\/es\/producte\/gots-apilables-i-joc-per-la-banyera-liewood#local-main-place-address"},"geo":{"@type":"GeoCoordinates","latitude":"41.2257737","longitude":"1.723258859"},"telephone":["623152704","623152704"],"openingHoursSpecification":[{"@type":"OpeningHoursSpecification","dayOfWeek":["Monday","Sunday"],"opens":"00:00","closes":"00:00"},{"@type":"OpeningHoursSpecification","dayOfWeek":["Tuesday","Wednesday","Thursday","Friday"],"opens":"10:00","closes":"20:00"},{"@type":"OpeningHoursSpecification","dayOfWeek":["Saturday"],"opens":"10:00","closes":"13:30"}],"email":"info@somllavors.com"},{"@type":"PostalAddress","@id":"https:\/\/somllavors.com\/es\/producte\/gots-apilables-i-joc-per-la-banyera-liewood#local-main-place-address","streetAddress":"Carrer de l'aigua, 6","addressLocality":"Vilanova i la Geltr\u00fa","postalCode":"08800","addressRegion":"Barcelona","addressCountry":"ES"},{"@type":"ImageObject","inLanguage":"es","@id":"https:\/\/somllavors.com\/es\/producte\/gots-apilables-i-joc-per-la-banyera-liewood#local-main-organization-logo","url":"https:\/\/somllavors.com\/wp-content\/uploads\/Logotip-Som-Llavors.jpg","contentUrl":"https:\/\/somllavors.com\/wp-content\/uploads\/Logotip-Som-Llavors.jpg","width":1444,"height":1323,"caption":"Som Llavors"}]},"product_price_amount":"30.00","product_price_currency":"EUR","og_availability":"out of stock","product_availability":"out of stock","product_retailer_item_id":"LW142169504","product_condition":"new","geo.placename":"Vilanova i la Geltr\u00fa","geo.position":{"lat":"41.2257737","long":"1.723258859"},"geo.region":"Espa\u00f1a"},"brands":[{"id":4103,"name":"Liewood","slug":"liewood"}],"_links":{"self":[{"href":"https:\/\/somllavors.com\/es\/wp-json\/wp\/v2\/product\/28461","targetHints":{"allow":["GET"]}}],"collection":[{"href":"https:\/\/somllavors.com\/es\/wp-json\/wp\/v2\/product"}],"about":[{"href":"https:\/\/somllavors.com\/es\/wp-json\/wp\/v2\/types\/product"}],"wp:featuredmedia":[{"embeddable":true,"href":"https:\/\/somllavors.com\/es\/wp-json\/wp\/v2\/media\/28469"}],"wp:attachment":[{"href":"https:\/\/somllavors.com\/es\/wp-json\/wp\/v2\/media?parent=28461"}],"wp:term":[{"taxonomy":"pwb-brand","embeddable":true,"href":"https:\/\/somllavors.com\/es\/wp-json\/wp\/v2\/pwb-brand?post=28461"},{"taxonomy":"product_brand","embeddable":true,"href":"https:\/\/somllavors.com\/es\/wp-json\/wp\/v2\/product_brand?post=28461"},{"taxonomy":"product_cat","embeddable":true,"href":"https:\/\/somllavors.com\/es\/wp-json\/wp\/v2\/product_cat?post=28461"},{"taxonomy":"product_tag","embeddable":true,"href":"https:\/\/somllavors.com\/es\/wp-json\/wp\/v2\/product_tag?post=28461"}],"curies":[{"name":"wp","href":"https:\/\/api.w.org\/{rel}","templated":true}]}}