{"id":29494,"date":"2022-10-18T00:01:34","date_gmt":"2022-10-17T22:01:34","guid":{"rendered":"https:\/\/somllavors.com\/?post_type=product&#038;p=29494"},"modified":"2025-09-02T18:54:44","modified_gmt":"2025-09-02T16:54:44","slug":"teatro-con-iman-el-lobo-y-los-3-cerditos-lilliputiens","status":"publish","type":"product","link":"https:\/\/somllavors.com\/es\/producte\/teatro-con-iman-el-lobo-y-los-3-cerditos-lilliputiens","title":{"rendered":"Teatre amb imans Els tres porquets i el llop &#8211; Lilliputiens"},"content":{"rendered":"<div class=\"product-tabs-container\">\n<div class=\"tab-content pr-tab-content\">\n<section id=\"descriptionTab\" class=\"page-product-box tab-pane fade in active\">\n<div class=\"rte\">\n<ul>\n<li>Les decoracions de cartr\u00f3 del teatre de doble cara permeten seguir el desenvolupament de la hist\u00f2ria tant al bosc com a cadascuna de les cases.<\/li>\n<li>Tots quatre personatges cobren vida sota les teves mans i gaudir\u00e0s transmetent aquesta magn\u00edfica hist\u00f2ria intergeneracional.<\/li>\n<li>Aquest teatre magn\u00e8tic est\u00e0 fabricat amb fusta i cartr\u00f3 FSC.<\/li>\n<li>Mesura 32 x 24 x 4 cm i<\/li>\n<li>Est\u00e0 pensat per a infants a partir de 3 anys.<\/li>\n<\/ul>\n<\/div>\n<\/section>\n<\/div>\n<\/div>\n","protected":false},"excerpt":{"rendered":"<div class=\"product-tabs-container\">\n<div class=\"tab-content pr-tab-content\">\n<section id=\"descriptionTab\" class=\"page-product-box tab-pane fade in active\">\n<div class=\"rte\">\n<p>Aquest atractiu teatret permetr\u00e0 explicar la hist\u00f2ria dels tres porquets a la vostra manera. Una casa de palla, una altra de fusta i l&#8217;\u00faltima de maons. Els infants podran reinventar aquest conte fins a l&#8217;infinit gr\u00e0cies a la m\u00e0gia d&#8217;aquest teatre que posar\u00e0 en escena. Aquest teatre magn\u00e8tic sobre el tema dels tres porquets us permetr\u00e0, amb dos pals magn\u00e8tics de fusta, moure els personatges del conte com si estiguessin actuant en un escenari de teatre.<\/p>\n<\/div>\n<\/section>\n<\/div>\n<\/div>\n","protected":false},"featured_media":29523,"template":"","meta":{"_acf_changed":false,"site-sidebar-layout":"default","site-content-layout":"default","ast-site-content-layout":"default","site-content-style":"default","site-sidebar-style":"default","ast-global-header-display":"","ast-banner-title-visibility":"","ast-main-header-display":"","ast-hfb-above-header-display":"","ast-hfb-below-header-display":"","ast-hfb-mobile-header-display":"","site-post-title":"","ast-breadcrumbs-content":"","ast-featured-img":"","footer-sml-layout":"","ast-disable-related-posts":"","theme-transparent-header-meta":"default","adv-header-id-meta":"","stick-header-meta":"","header-above-stick-meta":"","header-main-stick-meta":"","header-below-stick-meta":"","astra-migrate-meta-layouts":"default","ast-page-background-enabled":"default","ast-page-background-meta":{"desktop":{"background-color":"","background-image":"","background-repeat":"repeat","background-position":"center center","background-size":"auto","background-attachment":"scroll","background-type":"","background-media":"","overlay-type":"","overlay-color":"","overlay-opacity":"","overlay-gradient":""},"tablet":{"background-color":"","background-image":"","background-repeat":"repeat","background-position":"center center","background-size":"auto","background-attachment":"scroll","background-type":"","background-media":"","overlay-type":"","overlay-color":"","overlay-opacity":"","overlay-gradient":""},"mobile":{"background-color":"","background-image":"","background-repeat":"repeat","background-position":"center center","background-size":"auto","background-attachment":"scroll","background-type":"","background-media":"","overlay-type":"","overlay-color":"","overlay-opacity":"","overlay-gradient":""}},"ast-content-background-meta":{"desktop":{"background-color":"var(--ast-global-color-5)","background-image":"","background-repeat":"repeat","background-position":"center center","background-size":"auto","background-attachment":"scroll","background-type":"","background-media":"","overlay-type":"","overlay-color":"","overlay-opacity":"","overlay-gradient":""},"tablet":{"background-color":"var(--ast-global-color-5)","background-image":"","background-repeat":"repeat","background-position":"center center","background-size":"auto","background-attachment":"scroll","background-type":"","background-media":"","overlay-type":"","overlay-color":"","overlay-opacity":"","overlay-gradient":""},"mobile":{"background-color":"var(--ast-global-color-5)","background-image":"","background-repeat":"repeat","background-position":"center center","background-size":"auto","background-attachment":"scroll","background-type":"","background-media":"","overlay-type":"","overlay-color":"","overlay-opacity":"","overlay-gradient":""}}},"pwb-brand":[4100],"product_brand":[],"product_cat":[3363,3364,3365,3352,623,893,860],"product_tag":[288,3174,3175],"class_list":{"0":"post-29494","1":"product","2":"type-product","3":"status-publish","4":"has-post-thumbnail","6":"pwb-brand-lilliputiens","7":"product_cat-3-anys","8":"product_cat-4-anys","9":"product_cat-6-anys","10":"product_cat-imans","11":"product_cat-joc-simbolic","12":"product_cat-jocs-de-fusta","13":"product_cat-jocs-tradicionals","14":"product_tag-lilliputiens","15":"product_tag-teatro","16":"product_tag-tres-cerditos","17":"desktop-align-left","18":"tablet-align-left","19":"mobile-align-left","21":"first","22":"outofstock","23":"taxable","24":"shipping-taxable","25":"purchasable","26":"product-type-simple"},"acf":[],"yoast_head":"<!-- This site is optimized with the Yoast SEO Premium plugin v18.3 (Yoast SEO v27.4) - https:\/\/yoast.com\/product\/yoast-seo-premium-wordpress\/ -->\n<title>Teatre amb imans Els tres porquets i el llop - Lilliputiens &#8212; Som Llavors<\/title>\n<meta name=\"description\" content=\"Aquest atractiu teatret permetr\u00e0 explicar la hist\u00f2ria dels tres porquets a la vostra manera. Una casa de palla, una altra de fusta i l&#039;\u00faltima de maons. Els infants podran reinventar aquest conte fins a l&#039;infinit gr\u00e0cies a la m\u00e0gia d&#039;aquest teatre que posar\u00e0 en escena. Aquest teatre magn\u00e8tic sobre el tema dels tres porquets us permetr\u00e0, amb dos pals magn\u00e8tics de fusta, moure els personatges del conte com si estiguessin actuant en un escenari de teatre.\" \/>\n<meta name=\"robots\" content=\"index, follow, max-snippet:-1, max-image-preview:large, max-video-preview:-1\" \/>\n<link rel=\"canonical\" href=\"https:\/\/somllavors.com\/es\/producte\/teatro-con-iman-el-lobo-y-los-3-cerditos-lilliputiens\" \/>\n<meta property=\"og:locale\" content=\"es_ES\" \/>\n<meta property=\"og:type\" content=\"article\" \/>\n<meta property=\"og:title\" content=\"Teatre amb imans Els tres porquets i el llop - Lilliputiens\" \/>\n<meta property=\"og:description\" content=\"La teva botiga d\u2019ecocrian\u00e7a i espai d\u2019acompanyament a la maternitat\" \/>\n<meta property=\"og:url\" content=\"https:\/\/somllavors.com\/es\/producte\/teatro-con-iman-el-lobo-y-los-3-cerditos-lilliputiens\" \/>\n<meta property=\"og:site_name\" content=\"Som Llavors\" \/>\n<meta property=\"article:publisher\" content=\"https:\/\/www.facebook.com\/somllavorsvng\/?locale=ca_ES\" \/>\n<meta property=\"article:modified_time\" content=\"2025-09-02T16:54:44+00:00\" \/>\n<meta property=\"og:image\" content=\"https:\/\/somllavors.com\/wp-content\/uploads\/Som-Llavors-Teatro-con-ima\u0301n-El-Lobo-y-los-3-Cerditos-.jpeg\" \/>\n\t<meta property=\"og:image:width\" content=\"900\" \/>\n\t<meta property=\"og:image:height\" content=\"900\" \/>\n\t<meta property=\"og:image:type\" content=\"image\/jpeg\" \/>\n<meta name=\"twitter:card\" content=\"summary_large_image\" \/>\n<meta name=\"twitter:label1\" content=\"Precio\" \/>\n\t<meta name=\"twitter:data1\" content=\"39,99&euro; Iva incl\u00f2s\" \/>\n\t<meta name=\"twitter:label2\" content=\"Availability\" \/>\n\t<meta name=\"twitter:data2\" content=\"Out of stock\" \/>\n<script type=\"application\/ld+json\" class=\"yoast-schema-graph\">{\"@context\":\"https:\\\/\\\/schema.org\",\"@graph\":[{\"@type\":\"WebPage\",\"@id\":\"https:\\\/\\\/somllavors.com\\\/es\\\/producte\\\/teatro-con-iman-el-lobo-y-los-3-cerditos-lilliputiens\",\"url\":\"https:\\\/\\\/somllavors.com\\\/es\\\/producte\\\/teatro-con-iman-el-lobo-y-los-3-cerditos-lilliputiens\",\"name\":\"Teatre amb imans Els tres porquets i el llop - Lilliputiens &#8212; Som Llavors\",\"isPartOf\":{\"@id\":\"https:\\\/\\\/somllavors.com\\\/es#website\"},\"primaryImageOfPage\":{\"@id\":\"https:\\\/\\\/somllavors.com\\\/es\\\/producte\\\/teatro-con-iman-el-lobo-y-los-3-cerditos-lilliputiens#primaryimage\"},\"image\":{\"@id\":\"https:\\\/\\\/somllavors.com\\\/es\\\/producte\\\/teatro-con-iman-el-lobo-y-los-3-cerditos-lilliputiens#primaryimage\"},\"thumbnailUrl\":\"https:\\\/\\\/somllavors.com\\\/wp-content\\\/uploads\\\/Som-Llavors-Teatro-con-ima\u0301n-El-Lobo-y-los-3-Cerditos-.jpeg\",\"datePublished\":\"2022-10-17T22:01:34+00:00\",\"dateModified\":\"2025-09-02T16:54:44+00:00\",\"description\":\"Aquest atractiu teatret permetr\u00e0 explicar la hist\u00f2ria dels tres porquets a la vostra manera. Una casa de palla, una altra de fusta i l'\u00faltima de maons. Els infants podran reinventar aquest conte fins a l'infinit gr\u00e0cies a la m\u00e0gia d'aquest teatre que posar\u00e0 en escena. Aquest teatre magn\u00e8tic sobre el tema dels tres porquets us permetr\u00e0, amb dos pals magn\u00e8tics de fusta, moure els personatges del conte com si estiguessin actuant en un escenari de teatre.\",\"breadcrumb\":{\"@id\":\"https:\\\/\\\/somllavors.com\\\/es\\\/producte\\\/teatro-con-iman-el-lobo-y-los-3-cerditos-lilliputiens#breadcrumb\"},\"inLanguage\":\"es\",\"potentialAction\":[{\"@type\":\"ReadAction\",\"target\":[\"https:\\\/\\\/somllavors.com\\\/es\\\/producte\\\/teatro-con-iman-el-lobo-y-los-3-cerditos-lilliputiens\"]}]},{\"@type\":\"ImageObject\",\"inLanguage\":\"es\",\"@id\":\"https:\\\/\\\/somllavors.com\\\/es\\\/producte\\\/teatro-con-iman-el-lobo-y-los-3-cerditos-lilliputiens#primaryimage\",\"url\":\"https:\\\/\\\/somllavors.com\\\/wp-content\\\/uploads\\\/Som-Llavors-Teatro-con-ima\u0301n-El-Lobo-y-los-3-Cerditos-.jpeg\",\"contentUrl\":\"https:\\\/\\\/somllavors.com\\\/wp-content\\\/uploads\\\/Som-Llavors-Teatro-con-ima\u0301n-El-Lobo-y-los-3-Cerditos-.jpeg\",\"width\":900,\"height\":900},{\"@type\":\"BreadcrumbList\",\"@id\":\"https:\\\/\\\/somllavors.com\\\/es\\\/producte\\\/teatro-con-iman-el-lobo-y-los-3-cerditos-lilliputiens#breadcrumb\",\"itemListElement\":[{\"@type\":\"ListItem\",\"position\":1,\"name\":\"Inici\",\"item\":\"https:\\\/\\\/somllavors.com\\\/es\"},{\"@type\":\"ListItem\",\"position\":2,\"name\":\"Tienda\",\"item\":\"https:\\\/\\\/somllavors.com\\\/es\\\/botiga-2\"},{\"@type\":\"ListItem\",\"position\":3,\"name\":\"Teatre amb imans Els tres porquets i el llop &#8211; Lilliputiens\"}]},{\"@type\":\"WebSite\",\"@id\":\"https:\\\/\\\/somllavors.com\\\/es#website\",\"url\":\"https:\\\/\\\/somllavors.com\\\/es\",\"name\":\"Som Llavors\",\"description\":\"Botiga de crian\u00e7a natural\",\"publisher\":{\"@id\":\"https:\\\/\\\/somllavors.com\\\/es#organization\"},\"alternateName\":\"Crian\u00e7a Natural i Sostenible\",\"potentialAction\":[{\"@type\":\"SearchAction\",\"target\":{\"@type\":\"EntryPoint\",\"urlTemplate\":\"https:\\\/\\\/somllavors.com\\\/es?s={search_term_string}\"},\"query-input\":{\"@type\":\"PropertyValueSpecification\",\"valueRequired\":true,\"valueName\":\"search_term_string\"}}],\"inLanguage\":\"es\"},{\"@type\":[\"Organization\",\"Place\",\"Store\"],\"@id\":\"https:\\\/\\\/somllavors.com\\\/es#organization\",\"name\":\"Som Llavors\",\"alternateName\":\"Crian\u00e7a Natural i Sostenible\",\"url\":\"https:\\\/\\\/somllavors.com\\\/es\",\"logo\":{\"@id\":\"https:\\\/\\\/somllavors.com\\\/es\\\/producte\\\/teatro-con-iman-el-lobo-y-los-3-cerditos-lilliputiens#local-main-organization-logo\"},\"image\":{\"@id\":\"https:\\\/\\\/somllavors.com\\\/es\\\/producte\\\/teatro-con-iman-el-lobo-y-los-3-cerditos-lilliputiens#local-main-organization-logo\"},\"sameAs\":[\"https:\\\/\\\/www.facebook.com\\\/somllavorsvng\\\/?locale=ca_ES\",\"https:\\\/\\\/www.instagram.com\\\/somllavors_vng\\\/\",\"https:\\\/\\\/www.youtube.com\\\/@somllavors\"],\"address\":{\"@id\":\"https:\\\/\\\/somllavors.com\\\/es\\\/producte\\\/teatro-con-iman-el-lobo-y-los-3-cerditos-lilliputiens#local-main-place-address\"},\"geo\":{\"@type\":\"GeoCoordinates\",\"latitude\":\"41.2257737\",\"longitude\":\"1.723258859\"},\"telephone\":[\"623152704\"],\"openingHoursSpecification\":[{\"@type\":\"OpeningHoursSpecification\",\"dayOfWeek\":[\"Monday\",\"Sunday\"],\"opens\":\"00:00\",\"closes\":\"00:00\"},{\"@type\":\"OpeningHoursSpecification\",\"dayOfWeek\":[\"Tuesday\",\"Wednesday\",\"Thursday\",\"Friday\"],\"opens\":\"10:00\",\"closes\":\"20:00\"},{\"@type\":\"OpeningHoursSpecification\",\"dayOfWeek\":[\"Saturday\"],\"opens\":\"10:00\",\"closes\":\"13:30\"}],\"email\":\"info@somllavors.com\"},{\"@type\":\"PostalAddress\",\"@id\":\"https:\\\/\\\/somllavors.com\\\/es\\\/producte\\\/teatro-con-iman-el-lobo-y-los-3-cerditos-lilliputiens#local-main-place-address\",\"streetAddress\":\"Carrer de l'aigua, 6\",\"addressLocality\":\"Vilanova i la Geltr\u00fa\",\"postalCode\":\"08800\",\"addressRegion\":\"Barcelona\",\"addressCountry\":\"ES\"},{\"@type\":\"ImageObject\",\"inLanguage\":\"es\",\"@id\":\"https:\\\/\\\/somllavors.com\\\/es\\\/producte\\\/teatro-con-iman-el-lobo-y-los-3-cerditos-lilliputiens#local-main-organization-logo\",\"url\":\"https:\\\/\\\/somllavors.com\\\/wp-content\\\/uploads\\\/Logotip-Som-Llavors.jpg\",\"contentUrl\":\"https:\\\/\\\/somllavors.com\\\/wp-content\\\/uploads\\\/Logotip-Som-Llavors.jpg\",\"width\":1444,\"height\":1323,\"caption\":\"Som Llavors\"}]}<\/script>\n<meta property=\"product:price:amount\" content=\"39.99\" \/>\n<meta property=\"product:price:currency\" content=\"EUR\" \/>\n<meta property=\"og:availability\" content=\"out of stock\" \/>\n<meta property=\"product:availability\" content=\"out of stock\" \/>\n<meta property=\"product:retailer_item_id\" content=\"83407\" \/>\n<meta property=\"product:condition\" content=\"new\" \/>\n<meta name=\"geo.placename\" content=\"Vilanova i la Geltr\u00fa\" \/>\n<meta name=\"geo.position\" content=\"41.2257737;1.723258859\" \/>\n<meta name=\"geo.region\" content=\"Espa\u00f1a\" \/>\n<!-- \/ Yoast SEO Premium plugin. -->","yoast_head_json":{"title":"Teatre amb imans Els tres porquets i el llop - Lilliputiens &#8212; Som Llavors","description":"Aquest atractiu teatret permetr\u00e0 explicar la hist\u00f2ria dels tres porquets a la vostra manera. Una casa de palla, una altra de fusta i l'\u00faltima de maons. Els infants podran reinventar aquest conte fins a l'infinit gr\u00e0cies a la m\u00e0gia d'aquest teatre que posar\u00e0 en escena. Aquest teatre magn\u00e8tic sobre el tema dels tres porquets us permetr\u00e0, amb dos pals magn\u00e8tics de fusta, moure els personatges del conte com si estiguessin actuant en un escenari de teatre.","robots":{"index":"index","follow":"follow","max-snippet":"max-snippet:-1","max-image-preview":"max-image-preview:large","max-video-preview":"max-video-preview:-1"},"canonical":"https:\/\/somllavors.com\/es\/producte\/teatro-con-iman-el-lobo-y-los-3-cerditos-lilliputiens","og_locale":"es_ES","og_type":"article","og_title":"Teatre amb imans Els tres porquets i el llop - Lilliputiens","og_description":"La teva botiga d\u2019ecocrian\u00e7a i espai d\u2019acompanyament a la maternitat","og_url":"https:\/\/somllavors.com\/es\/producte\/teatro-con-iman-el-lobo-y-los-3-cerditos-lilliputiens","og_site_name":"Som Llavors","article_publisher":"https:\/\/www.facebook.com\/somllavorsvng\/?locale=ca_ES","article_modified_time":"2025-09-02T16:54:44+00:00","og_image":[{"width":900,"height":900,"url":"https:\/\/somllavors.com\/wp-content\/uploads\/Som-Llavors-Teatro-con-ima\u0301n-El-Lobo-y-los-3-Cerditos-.jpeg","type":"image\/jpeg"}],"twitter_card":"summary_large_image","twitter_misc":{"Precio":"39,99&euro; Iva incl\u00f2s","Availability":"Out of stock"},"schema":{"@context":"https:\/\/schema.org","@graph":[{"@type":"WebPage","@id":"https:\/\/somllavors.com\/es\/producte\/teatro-con-iman-el-lobo-y-los-3-cerditos-lilliputiens","url":"https:\/\/somllavors.com\/es\/producte\/teatro-con-iman-el-lobo-y-los-3-cerditos-lilliputiens","name":"Teatre amb imans Els tres porquets i el llop - Lilliputiens &#8212; Som Llavors","isPartOf":{"@id":"https:\/\/somllavors.com\/es#website"},"primaryImageOfPage":{"@id":"https:\/\/somllavors.com\/es\/producte\/teatro-con-iman-el-lobo-y-los-3-cerditos-lilliputiens#primaryimage"},"image":{"@id":"https:\/\/somllavors.com\/es\/producte\/teatro-con-iman-el-lobo-y-los-3-cerditos-lilliputiens#primaryimage"},"thumbnailUrl":"https:\/\/somllavors.com\/wp-content\/uploads\/Som-Llavors-Teatro-con-ima\u0301n-El-Lobo-y-los-3-Cerditos-.jpeg","datePublished":"2022-10-17T22:01:34+00:00","dateModified":"2025-09-02T16:54:44+00:00","description":"Aquest atractiu teatret permetr\u00e0 explicar la hist\u00f2ria dels tres porquets a la vostra manera. Una casa de palla, una altra de fusta i l'\u00faltima de maons. Els infants podran reinventar aquest conte fins a l'infinit gr\u00e0cies a la m\u00e0gia d'aquest teatre que posar\u00e0 en escena. Aquest teatre magn\u00e8tic sobre el tema dels tres porquets us permetr\u00e0, amb dos pals magn\u00e8tics de fusta, moure els personatges del conte com si estiguessin actuant en un escenari de teatre.","breadcrumb":{"@id":"https:\/\/somllavors.com\/es\/producte\/teatro-con-iman-el-lobo-y-los-3-cerditos-lilliputiens#breadcrumb"},"inLanguage":"es","potentialAction":[{"@type":"ReadAction","target":["https:\/\/somllavors.com\/es\/producte\/teatro-con-iman-el-lobo-y-los-3-cerditos-lilliputiens"]}]},{"@type":"ImageObject","inLanguage":"es","@id":"https:\/\/somllavors.com\/es\/producte\/teatro-con-iman-el-lobo-y-los-3-cerditos-lilliputiens#primaryimage","url":"https:\/\/somllavors.com\/wp-content\/uploads\/Som-Llavors-Teatro-con-ima\u0301n-El-Lobo-y-los-3-Cerditos-.jpeg","contentUrl":"https:\/\/somllavors.com\/wp-content\/uploads\/Som-Llavors-Teatro-con-ima\u0301n-El-Lobo-y-los-3-Cerditos-.jpeg","width":900,"height":900},{"@type":"BreadcrumbList","@id":"https:\/\/somllavors.com\/es\/producte\/teatro-con-iman-el-lobo-y-los-3-cerditos-lilliputiens#breadcrumb","itemListElement":[{"@type":"ListItem","position":1,"name":"Inici","item":"https:\/\/somllavors.com\/es"},{"@type":"ListItem","position":2,"name":"Tienda","item":"https:\/\/somllavors.com\/es\/botiga-2"},{"@type":"ListItem","position":3,"name":"Teatre amb imans Els tres porquets i el llop &#8211; Lilliputiens"}]},{"@type":"WebSite","@id":"https:\/\/somllavors.com\/es#website","url":"https:\/\/somllavors.com\/es","name":"Som Llavors","description":"Botiga de crian\u00e7a natural","publisher":{"@id":"https:\/\/somllavors.com\/es#organization"},"alternateName":"Crian\u00e7a Natural i Sostenible","potentialAction":[{"@type":"SearchAction","target":{"@type":"EntryPoint","urlTemplate":"https:\/\/somllavors.com\/es?s={search_term_string}"},"query-input":{"@type":"PropertyValueSpecification","valueRequired":true,"valueName":"search_term_string"}}],"inLanguage":"es"},{"@type":["Organization","Place","Store"],"@id":"https:\/\/somllavors.com\/es#organization","name":"Som Llavors","alternateName":"Crian\u00e7a Natural i Sostenible","url":"https:\/\/somllavors.com\/es","logo":{"@id":"https:\/\/somllavors.com\/es\/producte\/teatro-con-iman-el-lobo-y-los-3-cerditos-lilliputiens#local-main-organization-logo"},"image":{"@id":"https:\/\/somllavors.com\/es\/producte\/teatro-con-iman-el-lobo-y-los-3-cerditos-lilliputiens#local-main-organization-logo"},"sameAs":["https:\/\/www.facebook.com\/somllavorsvng\/?locale=ca_ES","https:\/\/www.instagram.com\/somllavors_vng\/","https:\/\/www.youtube.com\/@somllavors"],"address":{"@id":"https:\/\/somllavors.com\/es\/producte\/teatro-con-iman-el-lobo-y-los-3-cerditos-lilliputiens#local-main-place-address"},"geo":{"@type":"GeoCoordinates","latitude":"41.2257737","longitude":"1.723258859"},"telephone":["623152704","623152704"],"openingHoursSpecification":[{"@type":"OpeningHoursSpecification","dayOfWeek":["Monday","Sunday"],"opens":"00:00","closes":"00:00"},{"@type":"OpeningHoursSpecification","dayOfWeek":["Tuesday","Wednesday","Thursday","Friday"],"opens":"10:00","closes":"20:00"},{"@type":"OpeningHoursSpecification","dayOfWeek":["Saturday"],"opens":"10:00","closes":"13:30"}],"email":"info@somllavors.com"},{"@type":"PostalAddress","@id":"https:\/\/somllavors.com\/es\/producte\/teatro-con-iman-el-lobo-y-los-3-cerditos-lilliputiens#local-main-place-address","streetAddress":"Carrer de l'aigua, 6","addressLocality":"Vilanova i la Geltr\u00fa","postalCode":"08800","addressRegion":"Barcelona","addressCountry":"ES"},{"@type":"ImageObject","inLanguage":"es","@id":"https:\/\/somllavors.com\/es\/producte\/teatro-con-iman-el-lobo-y-los-3-cerditos-lilliputiens#local-main-organization-logo","url":"https:\/\/somllavors.com\/wp-content\/uploads\/Logotip-Som-Llavors.jpg","contentUrl":"https:\/\/somllavors.com\/wp-content\/uploads\/Logotip-Som-Llavors.jpg","width":1444,"height":1323,"caption":"Som Llavors"}]},"product_price_amount":"39.99","product_price_currency":"EUR","og_availability":"out of stock","product_availability":"out of stock","product_retailer_item_id":"83407","product_condition":"new","geo.placename":"Vilanova i la Geltr\u00fa","geo.position":{"lat":"41.2257737","long":"1.723258859"},"geo.region":"Espa\u00f1a"},"brands":[{"id":4100,"name":"Lilliputiens","slug":"lilliputiens"}],"_links":{"self":[{"href":"https:\/\/somllavors.com\/es\/wp-json\/wp\/v2\/product\/29494","targetHints":{"allow":["GET"]}}],"collection":[{"href":"https:\/\/somllavors.com\/es\/wp-json\/wp\/v2\/product"}],"about":[{"href":"https:\/\/somllavors.com\/es\/wp-json\/wp\/v2\/types\/product"}],"wp:featuredmedia":[{"embeddable":true,"href":"https:\/\/somllavors.com\/es\/wp-json\/wp\/v2\/media\/29523"}],"wp:attachment":[{"href":"https:\/\/somllavors.com\/es\/wp-json\/wp\/v2\/media?parent=29494"}],"wp:term":[{"taxonomy":"pwb-brand","embeddable":true,"href":"https:\/\/somllavors.com\/es\/wp-json\/wp\/v2\/pwb-brand?post=29494"},{"taxonomy":"product_brand","embeddable":true,"href":"https:\/\/somllavors.com\/es\/wp-json\/wp\/v2\/product_brand?post=29494"},{"taxonomy":"product_cat","embeddable":true,"href":"https:\/\/somllavors.com\/es\/wp-json\/wp\/v2\/product_cat?post=29494"},{"taxonomy":"product_tag","embeddable":true,"href":"https:\/\/somllavors.com\/es\/wp-json\/wp\/v2\/product_tag?post=29494"}],"curies":[{"name":"wp","href":"https:\/\/api.w.org\/{rel}","templated":true}]}}