{"id":29996,"date":"2022-10-25T16:09:21","date_gmt":"2022-10-25T14:09:21","guid":{"rendered":"https:\/\/somllavors.com\/?post_type=product&#038;p=29996"},"modified":"2023-06-16T16:41:25","modified_gmt":"2023-06-16T14:41:25","slug":"sac-de-dormir-0-6-mesos-nude-nobodinoz","status":"publish","type":"product","link":"https:\/\/somllavors.com\/es\/producte\/sac-de-dormir-0-6-mesos-nude-nobodinoz","title":{"rendered":"Sac de dormir 0-6 mesos Nude &#8211; Nobodinoz"},"content":{"rendered":"<ul>\n<li>El disseny de niu d&#8217;abella \u00e9s exclusiu, dissenyat en col\u00b7laboraci\u00f3 amb les teixidores de Barcelona.<\/li>\n<li>Mides: 46 x 65 cm)<\/li>\n<li>TOG: 2<\/li>\n<li>Teixit certificat \u0152ko-Tex classe 1: ideal per a la pell del nad\u00f3 i pel planeta<\/li>\n<li>Fet a Barcelona<\/li>\n<\/ul>\n","protected":false},"excerpt":{"rendered":"<p>El sac de dormir de niu d&#8217;abella de cot\u00f3 org\u00e0nic Cocoon garanteix al teu nad\u00f3 un son confortable durant les nits d&#8217;hivern o de mig temps, depenent del lloc on es visqui i de la temperatura de l&#8217;habitaci\u00f3. El seu folre de jersei extrasuau ofereix tot el confort que el nad\u00f3 necessita durant la nit. Fins i tot pots canviar el nad\u00f3 mentre dorm gr\u00e0cies a la bonica cremallera diagonal.<\/p>\n","protected":false},"featured_media":30017,"template":"","meta":{"_acf_changed":false,"site-sidebar-layout":"default","site-content-layout":"default","ast-site-content-layout":"default","site-content-style":"default","site-sidebar-style":"default","ast-global-header-display":"","ast-banner-title-visibility":"","ast-main-header-display":"","ast-hfb-above-header-display":"","ast-hfb-below-header-display":"","ast-hfb-mobile-header-display":"","site-post-title":"","ast-breadcrumbs-content":"","ast-featured-img":"","footer-sml-layout":"","theme-transparent-header-meta":"default","adv-header-id-meta":"","stick-header-meta":"","header-above-stick-meta":"","header-main-stick-meta":"","header-below-stick-meta":"","astra-migrate-meta-layouts":"default","ast-page-background-enabled":"default","ast-page-background-meta":{"desktop":{"background-color":"","background-image":"","background-repeat":"repeat","background-position":"center center","background-size":"auto","background-attachment":"scroll","background-type":"","background-media":"","overlay-type":"","overlay-color":"","overlay-opacity":"","overlay-gradient":""},"tablet":{"background-color":"","background-image":"","background-repeat":"repeat","background-position":"center center","background-size":"auto","background-attachment":"scroll","background-type":"","background-media":"","overlay-type":"","overlay-color":"","overlay-opacity":"","overlay-gradient":""},"mobile":{"background-color":"","background-image":"","background-repeat":"repeat","background-position":"center center","background-size":"auto","background-attachment":"scroll","background-type":"","background-media":"","overlay-type":"","overlay-color":"","overlay-opacity":"","overlay-gradient":""}},"ast-content-background-meta":{"desktop":{"background-color":"var(--ast-global-color-5)","background-image":"","background-repeat":"repeat","background-position":"center center","background-size":"auto","background-attachment":"scroll","background-type":"","background-media":"","overlay-type":"","overlay-color":"","overlay-opacity":"","overlay-gradient":""},"tablet":{"background-color":"var(--ast-global-color-5)","background-image":"","background-repeat":"repeat","background-position":"center center","background-size":"auto","background-attachment":"scroll","background-type":"","background-media":"","overlay-type":"","overlay-color":"","overlay-opacity":"","overlay-gradient":""},"mobile":{"background-color":"var(--ast-global-color-5)","background-image":"","background-repeat":"repeat","background-position":"center center","background-size":"auto","background-attachment":"scroll","background-type":"","background-media":"","overlay-type":"","overlay-color":"","overlay-opacity":"","overlay-gradient":""}}},"pwb-brand":[4106],"product_brand":[],"product_cat":[1478],"product_tag":[3219,1432,1460],"class_list":{"0":"post-29996","1":"product","2":"type-product","3":"status-publish","4":"has-post-thumbnail","6":"pwb-brand-nobodinoz","7":"product_cat-sacs-de-dormir","8":"product_tag-nido-de-abeja","9":"product_tag-nobodinoz","10":"product_tag-saco-de-dormir","11":"desktop-align-left","12":"tablet-align-left","13":"mobile-align-left","15":"first","16":"outofstock","17":"taxable","18":"shipping-taxable","19":"purchasable","20":"product-type-simple"},"acf":[],"yoast_head":"<!-- This site is optimized with the Yoast SEO Premium plugin v18.3 (Yoast SEO v26.2) - https:\/\/yoast.com\/wordpress\/plugins\/seo\/ -->\n<title>Sac de dormir 0-6 mesos Nude - Nobodinoz &#8212; Som Llavors<\/title>\n<meta name=\"description\" content=\"El sac de dormir de niu d&#039;abella de cot\u00f3 org\u00e0nic Cocoon garanteix al teu nad\u00f3 un son confortable durant les nits d&#039;hivern o de mig temps, depenent del lloc on es visqui i de la temperatura de l&#039;habitaci\u00f3. El seu folre de jersei extrasuau ofereix tot el confort que el nad\u00f3 necessita durant la nit. Fins i tot pots canviar el nad\u00f3 mentre dorm gr\u00e0cies a la bonica cremallera diagonal.\" \/>\n<meta name=\"robots\" content=\"index, follow, max-snippet:-1, max-image-preview:large, max-video-preview:-1\" \/>\n<link rel=\"canonical\" href=\"https:\/\/somllavors.com\/es\/producte\/sac-de-dormir-0-6-mesos-nude-nobodinoz\" \/>\n<meta property=\"og:locale\" content=\"es_ES\" \/>\n<meta property=\"og:type\" content=\"article\" \/>\n<meta property=\"og:title\" content=\"Sac de dormir 0-6 mesos Nude - Nobodinoz\" \/>\n<meta property=\"og:description\" content=\"La teva botiga d\u2019ecocrian\u00e7a i espai d\u2019acompanyament a la maternitat\" \/>\n<meta property=\"og:url\" content=\"https:\/\/somllavors.com\/es\/producte\/sac-de-dormir-0-6-mesos-nude-nobodinoz\" \/>\n<meta property=\"og:site_name\" content=\"Som Llavors\" \/>\n<meta property=\"article:publisher\" content=\"https:\/\/www.facebook.com\/somllavorsvng\/?locale=ca_ES\" \/>\n<meta property=\"article:modified_time\" content=\"2023-06-16T14:41:25+00:00\" \/>\n<meta property=\"og:image\" content=\"https:\/\/somllavors.com\/wp-content\/uploads\/YELLOW-1.jpg\" \/>\n\t<meta property=\"og:image:width\" content=\"400\" \/>\n\t<meta property=\"og:image:height\" content=\"400\" \/>\n\t<meta property=\"og:image:type\" content=\"image\/jpeg\" \/>\n<meta name=\"twitter:card\" content=\"summary_large_image\" \/>\n<meta name=\"twitter:label1\" content=\"Precio\" \/>\n\t<meta name=\"twitter:data1\" content=\"59,95&euro; Iva incl\u00f2s\" \/>\n\t<meta name=\"twitter:label2\" content=\"Availability\" \/>\n\t<meta name=\"twitter:data2\" content=\"Out of stock\" \/>\n<script type=\"application\/ld+json\" class=\"yoast-schema-graph\">{\"@context\":\"https:\/\/schema.org\",\"@graph\":[{\"@type\":\"WebPage\",\"@id\":\"https:\/\/somllavors.com\/es\/producte\/sac-de-dormir-0-6-mesos-nude-nobodinoz\",\"url\":\"https:\/\/somllavors.com\/es\/producte\/sac-de-dormir-0-6-mesos-nude-nobodinoz\",\"name\":\"Sac de dormir 0-6 mesos Nude - Nobodinoz &#8212; Som Llavors\",\"isPartOf\":{\"@id\":\"https:\/\/somllavors.com\/es#website\"},\"primaryImageOfPage\":{\"@id\":\"https:\/\/somllavors.com\/es\/producte\/sac-de-dormir-0-6-mesos-nude-nobodinoz#primaryimage\"},\"image\":{\"@id\":\"https:\/\/somllavors.com\/es\/producte\/sac-de-dormir-0-6-mesos-nude-nobodinoz#primaryimage\"},\"thumbnailUrl\":\"https:\/\/somllavors.com\/wp-content\/uploads\/YELLOW-1.jpg\",\"datePublished\":\"2022-10-25T14:09:21+00:00\",\"dateModified\":\"2023-06-16T14:41:25+00:00\",\"description\":\"El sac de dormir de niu d'abella de cot\u00f3 org\u00e0nic Cocoon garanteix al teu nad\u00f3 un son confortable durant les nits d'hivern o de mig temps, depenent del lloc on es visqui i de la temperatura de l'habitaci\u00f3. El seu folre de jersei extrasuau ofereix tot el confort que el nad\u00f3 necessita durant la nit. Fins i tot pots canviar el nad\u00f3 mentre dorm gr\u00e0cies a la bonica cremallera diagonal.\",\"breadcrumb\":{\"@id\":\"https:\/\/somllavors.com\/es\/producte\/sac-de-dormir-0-6-mesos-nude-nobodinoz#breadcrumb\"},\"inLanguage\":\"es\",\"potentialAction\":[{\"@type\":\"ReadAction\",\"target\":[\"https:\/\/somllavors.com\/es\/producte\/sac-de-dormir-0-6-mesos-nude-nobodinoz\"]}]},{\"@type\":\"ImageObject\",\"inLanguage\":\"es\",\"@id\":\"https:\/\/somllavors.com\/es\/producte\/sac-de-dormir-0-6-mesos-nude-nobodinoz#primaryimage\",\"url\":\"https:\/\/somllavors.com\/wp-content\/uploads\/YELLOW-1.jpg\",\"contentUrl\":\"https:\/\/somllavors.com\/wp-content\/uploads\/YELLOW-1.jpg\",\"width\":400,\"height\":400,\"caption\":\"saco dormir nobodinoz\"},{\"@type\":\"BreadcrumbList\",\"@id\":\"https:\/\/somllavors.com\/es\/producte\/sac-de-dormir-0-6-mesos-nude-nobodinoz#breadcrumb\",\"itemListElement\":[{\"@type\":\"ListItem\",\"position\":1,\"name\":\"Inici\",\"item\":\"https:\/\/somllavors.com\/es\"},{\"@type\":\"ListItem\",\"position\":2,\"name\":\"Tienda\",\"item\":\"https:\/\/somllavors.com\/es\/botiga-2\"},{\"@type\":\"ListItem\",\"position\":3,\"name\":\"Sac de dormir 0-6 mesos Nude &#8211; Nobodinoz\"}]},{\"@type\":\"WebSite\",\"@id\":\"https:\/\/somllavors.com\/es#website\",\"url\":\"https:\/\/somllavors.com\/es\",\"name\":\"Som Llavors\",\"description\":\"Botiga de crian\u00e7a natural\",\"publisher\":{\"@id\":\"https:\/\/somllavors.com\/es#organization\"},\"alternateName\":\"Crian\u00e7a Natural i Sostenible\",\"potentialAction\":[{\"@type\":\"SearchAction\",\"target\":{\"@type\":\"EntryPoint\",\"urlTemplate\":\"https:\/\/somllavors.com\/es?s={search_term_string}\"},\"query-input\":{\"@type\":\"PropertyValueSpecification\",\"valueRequired\":true,\"valueName\":\"search_term_string\"}}],\"inLanguage\":\"es\"},{\"@type\":[\"Organization\",\"Place\",\"Store\"],\"@id\":\"https:\/\/somllavors.com\/es#organization\",\"name\":\"Som Llavors\",\"alternateName\":\"Crian\u00e7a Natural i Sostenible\",\"url\":\"https:\/\/somllavors.com\/es\",\"logo\":{\"@id\":\"https:\/\/somllavors.com\/es\/producte\/sac-de-dormir-0-6-mesos-nude-nobodinoz#local-main-organization-logo\"},\"image\":{\"@id\":\"https:\/\/somllavors.com\/es\/producte\/sac-de-dormir-0-6-mesos-nude-nobodinoz#local-main-organization-logo\"},\"sameAs\":[\"https:\/\/www.facebook.com\/somllavorsvng\/?locale=ca_ES\",\"https:\/\/www.instagram.com\/somllavors_vng\/\",\"https:\/\/www.youtube.com\/@somllavors\"],\"address\":{\"@id\":\"https:\/\/somllavors.com\/es\/producte\/sac-de-dormir-0-6-mesos-nude-nobodinoz#local-main-place-address\"},\"geo\":{\"@type\":\"GeoCoordinates\",\"latitude\":\"41.2257737\",\"longitude\":\"1.723258859\"},\"telephone\":[\"623152704\"],\"openingHoursSpecification\":[{\"@type\":\"OpeningHoursSpecification\",\"dayOfWeek\":[\"Monday\",\"Sunday\"],\"opens\":\"00:00\",\"closes\":\"00:00\"},{\"@type\":\"OpeningHoursSpecification\",\"dayOfWeek\":[\"Tuesday\",\"Wednesday\",\"Thursday\",\"Friday\"],\"opens\":\"10:00\",\"closes\":\"20:00\"},{\"@type\":\"OpeningHoursSpecification\",\"dayOfWeek\":[\"Saturday\"],\"opens\":\"10:00\",\"closes\":\"13:30\"}],\"email\":\"info@somllavors.com\"},{\"@type\":\"PostalAddress\",\"@id\":\"https:\/\/somllavors.com\/es\/producte\/sac-de-dormir-0-6-mesos-nude-nobodinoz#local-main-place-address\",\"streetAddress\":\"Carrer de l'aigua, 6\",\"addressLocality\":\"Vilanova i la Geltr\u00fa\",\"postalCode\":\"08800\",\"addressRegion\":\"Barcelona\",\"addressCountry\":\"ES\"},{\"@type\":\"ImageObject\",\"inLanguage\":\"es\",\"@id\":\"https:\/\/somllavors.com\/es\/producte\/sac-de-dormir-0-6-mesos-nude-nobodinoz#local-main-organization-logo\",\"url\":\"https:\/\/somllavors.com\/wp-content\/uploads\/Logotip-Som-Llavors.jpg\",\"contentUrl\":\"https:\/\/somllavors.com\/wp-content\/uploads\/Logotip-Som-Llavors.jpg\",\"width\":1444,\"height\":1323,\"caption\":\"Som Llavors\"}]}<\/script>\n<meta property=\"product:price:amount\" content=\"59.95\" \/>\n<meta property=\"product:price:currency\" content=\"EUR\" \/>\n<meta property=\"og:availability\" content=\"out of stock\" \/>\n<meta property=\"product:availability\" content=\"out of stock\" \/>\n<meta property=\"product:retailer_item_id\" content=\"8435574925480\" \/>\n<meta property=\"product:condition\" content=\"new\" \/>\n<meta name=\"geo.placename\" content=\"Vilanova i la Geltr\u00fa\" \/>\n<meta name=\"geo.position\" content=\"41.2257737;1.723258859\" \/>\n<meta name=\"geo.region\" content=\"Espa\u00f1a\" \/>\n<!-- \/ Yoast SEO Premium plugin. -->","yoast_head_json":{"title":"Sac de dormir 0-6 mesos Nude - Nobodinoz &#8212; Som Llavors","description":"El sac de dormir de niu d'abella de cot\u00f3 org\u00e0nic Cocoon garanteix al teu nad\u00f3 un son confortable durant les nits d'hivern o de mig temps, depenent del lloc on es visqui i de la temperatura de l'habitaci\u00f3. El seu folre de jersei extrasuau ofereix tot el confort que el nad\u00f3 necessita durant la nit. Fins i tot pots canviar el nad\u00f3 mentre dorm gr\u00e0cies a la bonica cremallera diagonal.","robots":{"index":"index","follow":"follow","max-snippet":"max-snippet:-1","max-image-preview":"max-image-preview:large","max-video-preview":"max-video-preview:-1"},"canonical":"https:\/\/somllavors.com\/es\/producte\/sac-de-dormir-0-6-mesos-nude-nobodinoz","og_locale":"es_ES","og_type":"article","og_title":"Sac de dormir 0-6 mesos Nude - Nobodinoz","og_description":"La teva botiga d\u2019ecocrian\u00e7a i espai d\u2019acompanyament a la maternitat","og_url":"https:\/\/somllavors.com\/es\/producte\/sac-de-dormir-0-6-mesos-nude-nobodinoz","og_site_name":"Som Llavors","article_publisher":"https:\/\/www.facebook.com\/somllavorsvng\/?locale=ca_ES","article_modified_time":"2023-06-16T14:41:25+00:00","og_image":[{"width":400,"height":400,"url":"https:\/\/somllavors.com\/wp-content\/uploads\/YELLOW-1.jpg","type":"image\/jpeg"}],"twitter_card":"summary_large_image","twitter_misc":{"Precio":"59,95&euro; Iva incl\u00f2s","Availability":"Out of stock"},"schema":{"@context":"https:\/\/schema.org","@graph":[{"@type":"WebPage","@id":"https:\/\/somllavors.com\/es\/producte\/sac-de-dormir-0-6-mesos-nude-nobodinoz","url":"https:\/\/somllavors.com\/es\/producte\/sac-de-dormir-0-6-mesos-nude-nobodinoz","name":"Sac de dormir 0-6 mesos Nude - Nobodinoz &#8212; Som Llavors","isPartOf":{"@id":"https:\/\/somllavors.com\/es#website"},"primaryImageOfPage":{"@id":"https:\/\/somllavors.com\/es\/producte\/sac-de-dormir-0-6-mesos-nude-nobodinoz#primaryimage"},"image":{"@id":"https:\/\/somllavors.com\/es\/producte\/sac-de-dormir-0-6-mesos-nude-nobodinoz#primaryimage"},"thumbnailUrl":"https:\/\/somllavors.com\/wp-content\/uploads\/YELLOW-1.jpg","datePublished":"2022-10-25T14:09:21+00:00","dateModified":"2023-06-16T14:41:25+00:00","description":"El sac de dormir de niu d'abella de cot\u00f3 org\u00e0nic Cocoon garanteix al teu nad\u00f3 un son confortable durant les nits d'hivern o de mig temps, depenent del lloc on es visqui i de la temperatura de l'habitaci\u00f3. El seu folre de jersei extrasuau ofereix tot el confort que el nad\u00f3 necessita durant la nit. Fins i tot pots canviar el nad\u00f3 mentre dorm gr\u00e0cies a la bonica cremallera diagonal.","breadcrumb":{"@id":"https:\/\/somllavors.com\/es\/producte\/sac-de-dormir-0-6-mesos-nude-nobodinoz#breadcrumb"},"inLanguage":"es","potentialAction":[{"@type":"ReadAction","target":["https:\/\/somllavors.com\/es\/producte\/sac-de-dormir-0-6-mesos-nude-nobodinoz"]}]},{"@type":"ImageObject","inLanguage":"es","@id":"https:\/\/somllavors.com\/es\/producte\/sac-de-dormir-0-6-mesos-nude-nobodinoz#primaryimage","url":"https:\/\/somllavors.com\/wp-content\/uploads\/YELLOW-1.jpg","contentUrl":"https:\/\/somllavors.com\/wp-content\/uploads\/YELLOW-1.jpg","width":400,"height":400,"caption":"saco dormir nobodinoz"},{"@type":"BreadcrumbList","@id":"https:\/\/somllavors.com\/es\/producte\/sac-de-dormir-0-6-mesos-nude-nobodinoz#breadcrumb","itemListElement":[{"@type":"ListItem","position":1,"name":"Inici","item":"https:\/\/somllavors.com\/es"},{"@type":"ListItem","position":2,"name":"Tienda","item":"https:\/\/somllavors.com\/es\/botiga-2"},{"@type":"ListItem","position":3,"name":"Sac de dormir 0-6 mesos Nude &#8211; Nobodinoz"}]},{"@type":"WebSite","@id":"https:\/\/somllavors.com\/es#website","url":"https:\/\/somllavors.com\/es","name":"Som Llavors","description":"Botiga de crian\u00e7a natural","publisher":{"@id":"https:\/\/somllavors.com\/es#organization"},"alternateName":"Crian\u00e7a Natural i Sostenible","potentialAction":[{"@type":"SearchAction","target":{"@type":"EntryPoint","urlTemplate":"https:\/\/somllavors.com\/es?s={search_term_string}"},"query-input":{"@type":"PropertyValueSpecification","valueRequired":true,"valueName":"search_term_string"}}],"inLanguage":"es"},{"@type":["Organization","Place","Store"],"@id":"https:\/\/somllavors.com\/es#organization","name":"Som Llavors","alternateName":"Crian\u00e7a Natural i Sostenible","url":"https:\/\/somllavors.com\/es","logo":{"@id":"https:\/\/somllavors.com\/es\/producte\/sac-de-dormir-0-6-mesos-nude-nobodinoz#local-main-organization-logo"},"image":{"@id":"https:\/\/somllavors.com\/es\/producte\/sac-de-dormir-0-6-mesos-nude-nobodinoz#local-main-organization-logo"},"sameAs":["https:\/\/www.facebook.com\/somllavorsvng\/?locale=ca_ES","https:\/\/www.instagram.com\/somllavors_vng\/","https:\/\/www.youtube.com\/@somllavors"],"address":{"@id":"https:\/\/somllavors.com\/es\/producte\/sac-de-dormir-0-6-mesos-nude-nobodinoz#local-main-place-address"},"geo":{"@type":"GeoCoordinates","latitude":"41.2257737","longitude":"1.723258859"},"telephone":["623152704","623152704"],"openingHoursSpecification":[{"@type":"OpeningHoursSpecification","dayOfWeek":["Monday","Sunday"],"opens":"00:00","closes":"00:00"},{"@type":"OpeningHoursSpecification","dayOfWeek":["Tuesday","Wednesday","Thursday","Friday"],"opens":"10:00","closes":"20:00"},{"@type":"OpeningHoursSpecification","dayOfWeek":["Saturday"],"opens":"10:00","closes":"13:30"}],"email":"info@somllavors.com"},{"@type":"PostalAddress","@id":"https:\/\/somllavors.com\/es\/producte\/sac-de-dormir-0-6-mesos-nude-nobodinoz#local-main-place-address","streetAddress":"Carrer de l'aigua, 6","addressLocality":"Vilanova i la Geltr\u00fa","postalCode":"08800","addressRegion":"Barcelona","addressCountry":"ES"},{"@type":"ImageObject","inLanguage":"es","@id":"https:\/\/somllavors.com\/es\/producte\/sac-de-dormir-0-6-mesos-nude-nobodinoz#local-main-organization-logo","url":"https:\/\/somllavors.com\/wp-content\/uploads\/Logotip-Som-Llavors.jpg","contentUrl":"https:\/\/somllavors.com\/wp-content\/uploads\/Logotip-Som-Llavors.jpg","width":1444,"height":1323,"caption":"Som Llavors"}]},"product_price_amount":"59.95","product_price_currency":"EUR","og_availability":"out of stock","product_availability":"out of stock","product_retailer_item_id":"8435574925480","product_condition":"new","geo.placename":"Vilanova i la Geltr\u00fa","geo.position":{"lat":"41.2257737","long":"1.723258859"},"geo.region":"Espa\u00f1a"},"brands":[{"id":4106,"name":"Nobodinoz","slug":"nobodinoz"}],"_links":{"self":[{"href":"https:\/\/somllavors.com\/es\/wp-json\/wp\/v2\/product\/29996","targetHints":{"allow":["GET"]}}],"collection":[{"href":"https:\/\/somllavors.com\/es\/wp-json\/wp\/v2\/product"}],"about":[{"href":"https:\/\/somllavors.com\/es\/wp-json\/wp\/v2\/types\/product"}],"wp:featuredmedia":[{"embeddable":true,"href":"https:\/\/somllavors.com\/es\/wp-json\/wp\/v2\/media\/30017"}],"wp:attachment":[{"href":"https:\/\/somllavors.com\/es\/wp-json\/wp\/v2\/media?parent=29996"}],"wp:term":[{"taxonomy":"pwb-brand","embeddable":true,"href":"https:\/\/somllavors.com\/es\/wp-json\/wp\/v2\/pwb-brand?post=29996"},{"taxonomy":"product_brand","embeddable":true,"href":"https:\/\/somllavors.com\/es\/wp-json\/wp\/v2\/product_brand?post=29996"},{"taxonomy":"product_cat","embeddable":true,"href":"https:\/\/somllavors.com\/es\/wp-json\/wp\/v2\/product_cat?post=29996"},{"taxonomy":"product_tag","embeddable":true,"href":"https:\/\/somllavors.com\/es\/wp-json\/wp\/v2\/product_tag?post=29996"}],"curies":[{"name":"wp","href":"https:\/\/api.w.org\/{rel}","templated":true}]}}