{"id":30414,"date":"2022-11-17T14:32:17","date_gmt":"2022-11-17T13:32:17","guid":{"rendered":"https:\/\/somllavors.com\/?post_type=product&#038;p=30414"},"modified":"2022-11-24T13:03:17","modified_gmt":"2022-11-24T12:03:17","slug":"la-carta-del-abuelo","status":"publish","type":"product","link":"https:\/\/somllavors.com\/es\/producte\/la-carta-del-abuelo","title":{"rendered":"La carta del abuelo"},"content":{"rendered":"<p>Su carta es una s\u00faplica esperanzadora para Mia (y para todos nosotros) para que sigamos cuidando y protegiendo nuestro precioso mundo.<\/p>\n<p>Michael Morpurgo enmarca un necesario mensaje sobre la protecci\u00f3n del medio ambiente en esta hermosa historia personal. Una historia vital que se combina con las emotivas ilustraciones de Jim Field en este magn\u00edfico libro infantil ilustrado.<\/p>\n<ul>\n<li>Un \u00e1lbum ilustrado con un mensaje necesario para cuidar y proteger nuestro mundo.<\/li>\n<li>Un libro de dos autores internacionales de gran \u00e9xito: Michael Morpurgo y Jim<br \/>\nField.<\/li>\n<li>Un regalo perfecto para Navidad para compartir en familia.<\/li>\n<\/ul>\n","protected":false},"excerpt":{"rendered":"<p>El conocido autor internacional de libros infantiles Michael Morpurgo se une al ilustrador Jim Field en este impresionante libro que nos invita a cuidar de este maravilloso mundo.<\/p>\n<p>Cada Navidad, Mia y su familia leen una carta que le escribe su abuelo. Esta carta es un deseo c\u00e1lido, apasionado y sincero de un mundo mejor. El abuelo recuerda con cari\u00f1o los momentos que pasaron en su jard\u00edn buscando ranas y gusanos y plantando semillas.<\/p>\n<p>Pero al abuelo le preocupa que todas las cosas que tanto ama est\u00e9n en peligro&#8230;<\/p>\n","protected":false},"featured_media":30470,"template":"","meta":{"_acf_changed":false,"site-sidebar-layout":"default","site-content-layout":"default","ast-site-content-layout":"default","site-content-style":"default","site-sidebar-style":"default","ast-global-header-display":"","ast-banner-title-visibility":"","ast-main-header-display":"","ast-hfb-above-header-display":"","ast-hfb-below-header-display":"","ast-hfb-mobile-header-display":"","site-post-title":"","ast-breadcrumbs-content":"","ast-featured-img":"","footer-sml-layout":"","theme-transparent-header-meta":"default","adv-header-id-meta":"","stick-header-meta":"","header-above-stick-meta":"","header-main-stick-meta":"","header-below-stick-meta":"","astra-migrate-meta-layouts":"default","ast-page-background-enabled":"default","ast-page-background-meta":{"desktop":{"background-color":"","background-image":"","background-repeat":"repeat","background-position":"center center","background-size":"auto","background-attachment":"scroll","background-type":"","background-media":"","overlay-type":"","overlay-color":"","overlay-opacity":"","overlay-gradient":""},"tablet":{"background-color":"","background-image":"","background-repeat":"repeat","background-position":"center center","background-size":"auto","background-attachment":"scroll","background-type":"","background-media":"","overlay-type":"","overlay-color":"","overlay-opacity":"","overlay-gradient":""},"mobile":{"background-color":"","background-image":"","background-repeat":"repeat","background-position":"center center","background-size":"auto","background-attachment":"scroll","background-type":"","background-media":"","overlay-type":"","overlay-color":"","overlay-opacity":"","overlay-gradient":""}},"ast-content-background-meta":{"desktop":{"background-color":"var(--ast-global-color-5)","background-image":"","background-repeat":"repeat","background-position":"center center","background-size":"auto","background-attachment":"scroll","background-type":"","background-media":"","overlay-type":"","overlay-color":"","overlay-opacity":"","overlay-gradient":""},"tablet":{"background-color":"var(--ast-global-color-5)","background-image":"","background-repeat":"repeat","background-position":"center center","background-size":"auto","background-attachment":"scroll","background-type":"","background-media":"","overlay-type":"","overlay-color":"","overlay-opacity":"","overlay-gradient":""},"mobile":{"background-color":"var(--ast-global-color-5)","background-image":"","background-repeat":"repeat","background-position":"center center","background-size":"auto","background-attachment":"scroll","background-type":"","background-media":"","overlay-type":"","overlay-color":"","overlay-opacity":"","overlay-gradient":""}}},"pwb-brand":[],"product_brand":[],"product_cat":[567],"product_tag":[1144],"class_list":{"0":"post-30414","1":"product","2":"type-product","3":"status-publish","4":"has-post-thumbnail","6":"product_cat-infantils","7":"product_tag-andana","8":"desktop-align-left","9":"tablet-align-left","10":"mobile-align-left","12":"first","13":"instock","14":"taxable","15":"shipping-taxable","16":"purchasable","17":"product-type-simple"},"acf":[],"yoast_head":"<!-- This site is optimized with the Yoast SEO Premium plugin v18.3 (Yoast SEO v26.2) - https:\/\/yoast.com\/wordpress\/plugins\/seo\/ -->\n<title>La carta del abuelo &#8212; Som Llavors<\/title>\n<meta name=\"description\" content=\"El conocido autor internacional de libros infantiles Michael Morpurgo se une al ilustrador Jim Field en este impresionante libro que nos invita a cuidar de este maravilloso mundo.  Cada Navidad, Mia y su familia leen una carta que le escribe su abuelo. Esta carta es un deseo c\u00e1lido, apasionado y sincero de un mundo mejor. El abuelo recuerda con cari\u00f1o los momentos que pasaron en su jard\u00edn buscando ranas y gusanos y plantando semillas.  Pero al abuelo le preocupa que todas las cosas que tanto ama est\u00e9n en peligro...\" \/>\n<meta name=\"robots\" content=\"index, follow, max-snippet:-1, max-image-preview:large, max-video-preview:-1\" \/>\n<link rel=\"canonical\" href=\"https:\/\/somllavors.com\/es\/producte\/la-carta-del-abuelo\" \/>\n<meta property=\"og:locale\" content=\"es_ES\" \/>\n<meta property=\"og:type\" content=\"article\" \/>\n<meta property=\"og:title\" content=\"La carta del abuelo\" \/>\n<meta property=\"og:description\" content=\"La teva botiga d\u2019ecocrian\u00e7a i espai d\u2019acompanyament a la maternitat\" \/>\n<meta property=\"og:url\" content=\"https:\/\/somllavors.com\/es\/producte\/la-carta-del-abuelo\" \/>\n<meta property=\"og:site_name\" content=\"Som Llavors\" \/>\n<meta property=\"article:publisher\" content=\"https:\/\/www.facebook.com\/somllavorsvng\/?locale=ca_ES\" \/>\n<meta property=\"article:modified_time\" content=\"2022-11-24T12:03:17+00:00\" \/>\n<meta property=\"og:image\" content=\"https:\/\/somllavors.com\/wp-content\/uploads\/Som-Llavors-LA-CARTA-DEL-ABUELO-.jpeg\" \/>\n\t<meta property=\"og:image:width\" content=\"552\" \/>\n\t<meta property=\"og:image:height\" content=\"555\" \/>\n\t<meta property=\"og:image:type\" content=\"image\/jpeg\" \/>\n<meta name=\"twitter:card\" content=\"summary_large_image\" \/>\n<meta name=\"twitter:label1\" content=\"Precio\" \/>\n\t<meta name=\"twitter:data1\" content=\"15,90&euro; Iva incl\u00f2s\" \/>\n\t<meta name=\"twitter:label2\" content=\"Availability\" \/>\n\t<meta name=\"twitter:data2\" content=\"Hay existencias\" \/>\n<script type=\"application\/ld+json\" class=\"yoast-schema-graph\">{\"@context\":\"https:\/\/schema.org\",\"@graph\":[{\"@type\":\"WebPage\",\"@id\":\"https:\/\/somllavors.com\/es\/producte\/la-carta-del-abuelo\",\"url\":\"https:\/\/somllavors.com\/es\/producte\/la-carta-del-abuelo\",\"name\":\"La carta del abuelo &#8212; Som Llavors\",\"isPartOf\":{\"@id\":\"https:\/\/somllavors.com\/es#website\"},\"primaryImageOfPage\":{\"@id\":\"https:\/\/somllavors.com\/es\/producte\/la-carta-del-abuelo#primaryimage\"},\"image\":{\"@id\":\"https:\/\/somllavors.com\/es\/producte\/la-carta-del-abuelo#primaryimage\"},\"thumbnailUrl\":\"https:\/\/somllavors.com\/wp-content\/uploads\/Som-Llavors-LA-CARTA-DEL-ABUELO-.jpeg\",\"datePublished\":\"2022-11-17T13:32:17+00:00\",\"dateModified\":\"2022-11-24T12:03:17+00:00\",\"description\":\"El conocido autor internacional de libros infantiles Michael Morpurgo se une al ilustrador Jim Field en este impresionante libro que nos invita a cuidar de este maravilloso mundo. Cada Navidad, Mia y su familia leen una carta que le escribe su abuelo. Esta carta es un deseo c\u00e1lido, apasionado y sincero de un mundo mejor. El abuelo recuerda con cari\u00f1o los momentos que pasaron en su jard\u00edn buscando ranas y gusanos y plantando semillas. Pero al abuelo le preocupa que todas las cosas que tanto ama est\u00e9n en peligro...\",\"breadcrumb\":{\"@id\":\"https:\/\/somllavors.com\/es\/producte\/la-carta-del-abuelo#breadcrumb\"},\"inLanguage\":\"es\",\"potentialAction\":[{\"@type\":\"ReadAction\",\"target\":[\"https:\/\/somllavors.com\/es\/producte\/la-carta-del-abuelo\"]}]},{\"@type\":\"ImageObject\",\"inLanguage\":\"es\",\"@id\":\"https:\/\/somllavors.com\/es\/producte\/la-carta-del-abuelo#primaryimage\",\"url\":\"https:\/\/somllavors.com\/wp-content\/uploads\/Som-Llavors-LA-CARTA-DEL-ABUELO-.jpeg\",\"contentUrl\":\"https:\/\/somllavors.com\/wp-content\/uploads\/Som-Llavors-LA-CARTA-DEL-ABUELO-.jpeg\",\"width\":552,\"height\":555,\"caption\":\"Cada Navidad, Mia y su familia leen una carta que le escribe su abuelo. Esta carta es un deseo c\u00e1lido, apasionado y sincero de un mundo mejor. El abuelo recuerda con cari\u00f1o los momentos que pasaron en su jard\u00edn buscando ranas y gusanos y plantando semillas.\"},{\"@type\":\"BreadcrumbList\",\"@id\":\"https:\/\/somllavors.com\/es\/producte\/la-carta-del-abuelo#breadcrumb\",\"itemListElement\":[{\"@type\":\"ListItem\",\"position\":1,\"name\":\"Inici\",\"item\":\"https:\/\/somllavors.com\/es\"},{\"@type\":\"ListItem\",\"position\":2,\"name\":\"Tienda\",\"item\":\"https:\/\/somllavors.com\/es\/botiga-2\"},{\"@type\":\"ListItem\",\"position\":3,\"name\":\"La carta del abuelo\"}]},{\"@type\":\"WebSite\",\"@id\":\"https:\/\/somllavors.com\/es#website\",\"url\":\"https:\/\/somllavors.com\/es\",\"name\":\"Som Llavors\",\"description\":\"Botiga de crian\u00e7a natural\",\"publisher\":{\"@id\":\"https:\/\/somllavors.com\/es#organization\"},\"alternateName\":\"Crian\u00e7a Natural i Sostenible\",\"potentialAction\":[{\"@type\":\"SearchAction\",\"target\":{\"@type\":\"EntryPoint\",\"urlTemplate\":\"https:\/\/somllavors.com\/es?s={search_term_string}\"},\"query-input\":{\"@type\":\"PropertyValueSpecification\",\"valueRequired\":true,\"valueName\":\"search_term_string\"}}],\"inLanguage\":\"es\"},{\"@type\":[\"Organization\",\"Place\",\"Store\"],\"@id\":\"https:\/\/somllavors.com\/es#organization\",\"name\":\"Som Llavors\",\"alternateName\":\"Crian\u00e7a Natural i Sostenible\",\"url\":\"https:\/\/somllavors.com\/es\",\"logo\":{\"@id\":\"https:\/\/somllavors.com\/es\/producte\/la-carta-del-abuelo#local-main-organization-logo\"},\"image\":{\"@id\":\"https:\/\/somllavors.com\/es\/producte\/la-carta-del-abuelo#local-main-organization-logo\"},\"sameAs\":[\"https:\/\/www.facebook.com\/somllavorsvng\/?locale=ca_ES\",\"https:\/\/www.instagram.com\/somllavors_vng\/\",\"https:\/\/www.youtube.com\/@somllavors\"],\"address\":{\"@id\":\"https:\/\/somllavors.com\/es\/producte\/la-carta-del-abuelo#local-main-place-address\"},\"geo\":{\"@type\":\"GeoCoordinates\",\"latitude\":\"41.2257737\",\"longitude\":\"1.723258859\"},\"telephone\":[\"623152704\"],\"openingHoursSpecification\":[{\"@type\":\"OpeningHoursSpecification\",\"dayOfWeek\":[\"Monday\",\"Sunday\"],\"opens\":\"00:00\",\"closes\":\"00:00\"},{\"@type\":\"OpeningHoursSpecification\",\"dayOfWeek\":[\"Tuesday\",\"Wednesday\",\"Thursday\",\"Friday\"],\"opens\":\"10:00\",\"closes\":\"20:00\"},{\"@type\":\"OpeningHoursSpecification\",\"dayOfWeek\":[\"Saturday\"],\"opens\":\"10:00\",\"closes\":\"13:30\"}],\"email\":\"info@somllavors.com\"},{\"@type\":\"PostalAddress\",\"@id\":\"https:\/\/somllavors.com\/es\/producte\/la-carta-del-abuelo#local-main-place-address\",\"streetAddress\":\"Carrer de l'aigua, 6\",\"addressLocality\":\"Vilanova i la Geltr\u00fa\",\"postalCode\":\"08800\",\"addressRegion\":\"Barcelona\",\"addressCountry\":\"ES\"},{\"@type\":\"ImageObject\",\"inLanguage\":\"es\",\"@id\":\"https:\/\/somllavors.com\/es\/producte\/la-carta-del-abuelo#local-main-organization-logo\",\"url\":\"https:\/\/somllavors.com\/wp-content\/uploads\/Logotip-Som-Llavors.jpg\",\"contentUrl\":\"https:\/\/somllavors.com\/wp-content\/uploads\/Logotip-Som-Llavors.jpg\",\"width\":1444,\"height\":1323,\"caption\":\"Som Llavors\"}]}<\/script>\n<meta property=\"product:price:amount\" content=\"15.90\" \/>\n<meta property=\"product:price:currency\" content=\"EUR\" \/>\n<meta property=\"og:availability\" content=\"instock\" \/>\n<meta property=\"product:availability\" content=\"instock\" \/>\n<meta property=\"product:retailer_item_id\" content=\"9788418762352\" \/>\n<meta property=\"product:condition\" content=\"new\" \/>\n<meta name=\"geo.placename\" content=\"Vilanova i la Geltr\u00fa\" \/>\n<meta name=\"geo.position\" content=\"41.2257737;1.723258859\" \/>\n<meta name=\"geo.region\" content=\"Espa\u00f1a\" \/>\n<!-- \/ Yoast SEO Premium plugin. -->","yoast_head_json":{"title":"La carta del abuelo &#8212; Som Llavors","description":"El conocido autor internacional de libros infantiles Michael Morpurgo se une al ilustrador Jim Field en este impresionante libro que nos invita a cuidar de este maravilloso mundo.  Cada Navidad, Mia y su familia leen una carta que le escribe su abuelo. Esta carta es un deseo c\u00e1lido, apasionado y sincero de un mundo mejor. El abuelo recuerda con cari\u00f1o los momentos que pasaron en su jard\u00edn buscando ranas y gusanos y plantando semillas.  Pero al abuelo le preocupa que todas las cosas que tanto ama est\u00e9n en peligro...","robots":{"index":"index","follow":"follow","max-snippet":"max-snippet:-1","max-image-preview":"max-image-preview:large","max-video-preview":"max-video-preview:-1"},"canonical":"https:\/\/somllavors.com\/es\/producte\/la-carta-del-abuelo","og_locale":"es_ES","og_type":"article","og_title":"La carta del abuelo","og_description":"La teva botiga d\u2019ecocrian\u00e7a i espai d\u2019acompanyament a la maternitat","og_url":"https:\/\/somllavors.com\/es\/producte\/la-carta-del-abuelo","og_site_name":"Som Llavors","article_publisher":"https:\/\/www.facebook.com\/somllavorsvng\/?locale=ca_ES","article_modified_time":"2022-11-24T12:03:17+00:00","og_image":[{"width":552,"height":555,"url":"https:\/\/somllavors.com\/wp-content\/uploads\/Som-Llavors-LA-CARTA-DEL-ABUELO-.jpeg","type":"image\/jpeg"}],"twitter_card":"summary_large_image","twitter_misc":{"Precio":"15,90&euro; Iva incl\u00f2s","Availability":"Hay existencias"},"schema":{"@context":"https:\/\/schema.org","@graph":[{"@type":"WebPage","@id":"https:\/\/somllavors.com\/es\/producte\/la-carta-del-abuelo","url":"https:\/\/somllavors.com\/es\/producte\/la-carta-del-abuelo","name":"La carta del abuelo &#8212; Som Llavors","isPartOf":{"@id":"https:\/\/somllavors.com\/es#website"},"primaryImageOfPage":{"@id":"https:\/\/somllavors.com\/es\/producte\/la-carta-del-abuelo#primaryimage"},"image":{"@id":"https:\/\/somllavors.com\/es\/producte\/la-carta-del-abuelo#primaryimage"},"thumbnailUrl":"https:\/\/somllavors.com\/wp-content\/uploads\/Som-Llavors-LA-CARTA-DEL-ABUELO-.jpeg","datePublished":"2022-11-17T13:32:17+00:00","dateModified":"2022-11-24T12:03:17+00:00","description":"El conocido autor internacional de libros infantiles Michael Morpurgo se une al ilustrador Jim Field en este impresionante libro que nos invita a cuidar de este maravilloso mundo. Cada Navidad, Mia y su familia leen una carta que le escribe su abuelo. Esta carta es un deseo c\u00e1lido, apasionado y sincero de un mundo mejor. El abuelo recuerda con cari\u00f1o los momentos que pasaron en su jard\u00edn buscando ranas y gusanos y plantando semillas. Pero al abuelo le preocupa que todas las cosas que tanto ama est\u00e9n en peligro...","breadcrumb":{"@id":"https:\/\/somllavors.com\/es\/producte\/la-carta-del-abuelo#breadcrumb"},"inLanguage":"es","potentialAction":[{"@type":"ReadAction","target":["https:\/\/somllavors.com\/es\/producte\/la-carta-del-abuelo"]}]},{"@type":"ImageObject","inLanguage":"es","@id":"https:\/\/somllavors.com\/es\/producte\/la-carta-del-abuelo#primaryimage","url":"https:\/\/somllavors.com\/wp-content\/uploads\/Som-Llavors-LA-CARTA-DEL-ABUELO-.jpeg","contentUrl":"https:\/\/somllavors.com\/wp-content\/uploads\/Som-Llavors-LA-CARTA-DEL-ABUELO-.jpeg","width":552,"height":555,"caption":"Cada Navidad, Mia y su familia leen una carta que le escribe su abuelo. Esta carta es un deseo c\u00e1lido, apasionado y sincero de un mundo mejor. El abuelo recuerda con cari\u00f1o los momentos que pasaron en su jard\u00edn buscando ranas y gusanos y plantando semillas."},{"@type":"BreadcrumbList","@id":"https:\/\/somllavors.com\/es\/producte\/la-carta-del-abuelo#breadcrumb","itemListElement":[{"@type":"ListItem","position":1,"name":"Inici","item":"https:\/\/somllavors.com\/es"},{"@type":"ListItem","position":2,"name":"Tienda","item":"https:\/\/somllavors.com\/es\/botiga-2"},{"@type":"ListItem","position":3,"name":"La carta del abuelo"}]},{"@type":"WebSite","@id":"https:\/\/somllavors.com\/es#website","url":"https:\/\/somllavors.com\/es","name":"Som Llavors","description":"Botiga de crian\u00e7a natural","publisher":{"@id":"https:\/\/somllavors.com\/es#organization"},"alternateName":"Crian\u00e7a Natural i Sostenible","potentialAction":[{"@type":"SearchAction","target":{"@type":"EntryPoint","urlTemplate":"https:\/\/somllavors.com\/es?s={search_term_string}"},"query-input":{"@type":"PropertyValueSpecification","valueRequired":true,"valueName":"search_term_string"}}],"inLanguage":"es"},{"@type":["Organization","Place","Store"],"@id":"https:\/\/somllavors.com\/es#organization","name":"Som Llavors","alternateName":"Crian\u00e7a Natural i Sostenible","url":"https:\/\/somllavors.com\/es","logo":{"@id":"https:\/\/somllavors.com\/es\/producte\/la-carta-del-abuelo#local-main-organization-logo"},"image":{"@id":"https:\/\/somllavors.com\/es\/producte\/la-carta-del-abuelo#local-main-organization-logo"},"sameAs":["https:\/\/www.facebook.com\/somllavorsvng\/?locale=ca_ES","https:\/\/www.instagram.com\/somllavors_vng\/","https:\/\/www.youtube.com\/@somllavors"],"address":{"@id":"https:\/\/somllavors.com\/es\/producte\/la-carta-del-abuelo#local-main-place-address"},"geo":{"@type":"GeoCoordinates","latitude":"41.2257737","longitude":"1.723258859"},"telephone":["623152704","623152704"],"openingHoursSpecification":[{"@type":"OpeningHoursSpecification","dayOfWeek":["Monday","Sunday"],"opens":"00:00","closes":"00:00"},{"@type":"OpeningHoursSpecification","dayOfWeek":["Tuesday","Wednesday","Thursday","Friday"],"opens":"10:00","closes":"20:00"},{"@type":"OpeningHoursSpecification","dayOfWeek":["Saturday"],"opens":"10:00","closes":"13:30"}],"email":"info@somllavors.com"},{"@type":"PostalAddress","@id":"https:\/\/somllavors.com\/es\/producte\/la-carta-del-abuelo#local-main-place-address","streetAddress":"Carrer de l'aigua, 6","addressLocality":"Vilanova i la Geltr\u00fa","postalCode":"08800","addressRegion":"Barcelona","addressCountry":"ES"},{"@type":"ImageObject","inLanguage":"es","@id":"https:\/\/somllavors.com\/es\/producte\/la-carta-del-abuelo#local-main-organization-logo","url":"https:\/\/somllavors.com\/wp-content\/uploads\/Logotip-Som-Llavors.jpg","contentUrl":"https:\/\/somllavors.com\/wp-content\/uploads\/Logotip-Som-Llavors.jpg","width":1444,"height":1323,"caption":"Som Llavors"}]},"product_price_amount":"15.90","product_price_currency":"EUR","og_availability":"instock","product_availability":"instock","product_retailer_item_id":"9788418762352","product_condition":"new","geo.placename":"Vilanova i la Geltr\u00fa","geo.position":{"lat":"41.2257737","long":"1.723258859"},"geo.region":"Espa\u00f1a"},"brands":[],"_links":{"self":[{"href":"https:\/\/somllavors.com\/es\/wp-json\/wp\/v2\/product\/30414","targetHints":{"allow":["GET"]}}],"collection":[{"href":"https:\/\/somllavors.com\/es\/wp-json\/wp\/v2\/product"}],"about":[{"href":"https:\/\/somllavors.com\/es\/wp-json\/wp\/v2\/types\/product"}],"wp:featuredmedia":[{"embeddable":true,"href":"https:\/\/somllavors.com\/es\/wp-json\/wp\/v2\/media\/30470"}],"wp:attachment":[{"href":"https:\/\/somllavors.com\/es\/wp-json\/wp\/v2\/media?parent=30414"}],"wp:term":[{"taxonomy":"pwb-brand","embeddable":true,"href":"https:\/\/somllavors.com\/es\/wp-json\/wp\/v2\/pwb-brand?post=30414"},{"taxonomy":"product_brand","embeddable":true,"href":"https:\/\/somllavors.com\/es\/wp-json\/wp\/v2\/product_brand?post=30414"},{"taxonomy":"product_cat","embeddable":true,"href":"https:\/\/somllavors.com\/es\/wp-json\/wp\/v2\/product_cat?post=30414"},{"taxonomy":"product_tag","embeddable":true,"href":"https:\/\/somllavors.com\/es\/wp-json\/wp\/v2\/product_tag?post=30414"}],"curies":[{"name":"wp","href":"https:\/\/api.w.org\/{rel}","templated":true}]}}