{"id":30422,"date":"2022-11-17T14:50:37","date_gmt":"2022-11-17T13:50:37","guid":{"rendered":"https:\/\/somllavors.com\/?post_type=product&#038;p=30422"},"modified":"2022-11-17T23:32:53","modified_gmt":"2022-11-17T22:32:53","slug":"que-necesito-cuando-me-enfado","status":"publish","type":"product","link":"https:\/\/somllavors.com\/es\/producte\/que-necesito-cuando-me-enfado","title":{"rendered":"\u00bfQue necesito cuando me enfado?"},"content":{"rendered":"","protected":false},"excerpt":{"rendered":"<p><b>El primer \u00e1lbum ilustrado de Tania Garc\u00eda, autora de\u00a0<\/b><em><b>Educar sin perder los nervios<\/b><\/em><b>.<\/b><\/p>\n<p>Cuando Dami se enfada grita, llora, se tira al suelo, da patadas, se estira del pelo&#8230; pero NO se est\u00e1 portando mal, solo est\u00e1 expresando sus <b>EMOCIONES<\/b>.<\/p>\n<p>A trav\u00e9s de la historia de Dami,\u00a0<b>Tania Garc\u00eda<\/b>, creadora de la Educaci\u00f3n Real\u00ae, nos explica qu\u00e9 necesitan los ni\u00f1os y ni\u00f1as cuando se enfadan, y, por tanto, qu\u00e9 deben hacer los adultos en ese momento para comprenderlos y acompa\u00f1arlos, ayud\u00e1ndolos as\u00ed en la creaci\u00f3n de su personalidad y su autoestima.<\/p>\n","protected":false},"featured_media":30478,"template":"","meta":{"_acf_changed":false,"site-sidebar-layout":"default","site-content-layout":"default","ast-site-content-layout":"default","site-content-style":"default","site-sidebar-style":"default","ast-global-header-display":"","ast-banner-title-visibility":"","ast-main-header-display":"","ast-hfb-above-header-display":"","ast-hfb-below-header-display":"","ast-hfb-mobile-header-display":"","site-post-title":"","ast-breadcrumbs-content":"","ast-featured-img":"","footer-sml-layout":"","ast-disable-related-posts":"","theme-transparent-header-meta":"default","adv-header-id-meta":"","stick-header-meta":"","header-above-stick-meta":"","header-main-stick-meta":"","header-below-stick-meta":"","astra-migrate-meta-layouts":"default","ast-page-background-enabled":"default","ast-page-background-meta":{"desktop":{"background-color":"","background-image":"","background-repeat":"repeat","background-position":"center center","background-size":"auto","background-attachment":"scroll","background-type":"","background-media":"","overlay-type":"","overlay-color":"","overlay-opacity":"","overlay-gradient":""},"tablet":{"background-color":"","background-image":"","background-repeat":"repeat","background-position":"center center","background-size":"auto","background-attachment":"scroll","background-type":"","background-media":"","overlay-type":"","overlay-color":"","overlay-opacity":"","overlay-gradient":""},"mobile":{"background-color":"","background-image":"","background-repeat":"repeat","background-position":"center center","background-size":"auto","background-attachment":"scroll","background-type":"","background-media":"","overlay-type":"","overlay-color":"","overlay-opacity":"","overlay-gradient":""}},"ast-content-background-meta":{"desktop":{"background-color":"var(--ast-global-color-5)","background-image":"","background-repeat":"repeat","background-position":"center center","background-size":"auto","background-attachment":"scroll","background-type":"","background-media":"","overlay-type":"","overlay-color":"","overlay-opacity":"","overlay-gradient":""},"tablet":{"background-color":"var(--ast-global-color-5)","background-image":"","background-repeat":"repeat","background-position":"center center","background-size":"auto","background-attachment":"scroll","background-type":"","background-media":"","overlay-type":"","overlay-color":"","overlay-opacity":"","overlay-gradient":""},"mobile":{"background-color":"var(--ast-global-color-5)","background-image":"","background-repeat":"repeat","background-position":"center center","background-size":"auto","background-attachment":"scroll","background-type":"","background-media":"","overlay-type":"","overlay-color":"","overlay-opacity":"","overlay-gradient":""}}},"pwb-brand":[],"product_brand":[],"product_cat":[567],"product_tag":[1145],"class_list":{"0":"post-30422","1":"product","2":"type-product","3":"status-publish","4":"has-post-thumbnail","6":"product_cat-infantils","7":"product_tag-beascoa","8":"desktop-align-left","9":"tablet-align-left","10":"mobile-align-left","12":"first","13":"instock","14":"taxable","15":"shipping-taxable","16":"purchasable","17":"product-type-simple"},"acf":[],"yoast_head":"<!-- This site is optimized with the Yoast SEO Premium plugin v18.3 (Yoast SEO v27.4) - https:\/\/yoast.com\/product\/yoast-seo-premium-wordpress\/ -->\n<title>\u00bfQue necesito cuando me enfado? &#8212; Som Llavors<\/title>\n<meta name=\"description\" content=\"El primer \u00e1lbum ilustrado de Tania Garc\u00eda, autora de\u00a0Educar sin perder los nervios.  Cuando Dami se enfada grita, llora, se tira al suelo, da patadas, se estira del pelo... pero NO se est\u00e1 portando mal, solo est\u00e1 expresando sus EMOCIONES.  A trav\u00e9s de la historia de Dami,\u00a0Tania Garc\u00eda, creadora de la Educaci\u00f3n Real\u00ae, nos explica qu\u00e9 necesitan los ni\u00f1os y ni\u00f1as cuando se enfadan, y, por tanto, qu\u00e9 deben hacer los adultos en ese momento para comprenderlos y acompa\u00f1arlos, ayud\u00e1ndolos as\u00ed en la creaci\u00f3n de su personalidad y su autoestima.\" \/>\n<meta name=\"robots\" content=\"index, follow, max-snippet:-1, max-image-preview:large, max-video-preview:-1\" \/>\n<link rel=\"canonical\" href=\"https:\/\/somllavors.com\/es\/producte\/que-necesito-cuando-me-enfado\" \/>\n<meta property=\"og:locale\" content=\"es_ES\" \/>\n<meta property=\"og:type\" content=\"article\" \/>\n<meta property=\"og:title\" content=\"\u00bfQue necesito cuando me enfado?\" \/>\n<meta property=\"og:description\" content=\"La teva botiga d\u2019ecocrian\u00e7a i espai d\u2019acompanyament a la maternitat\" \/>\n<meta property=\"og:url\" content=\"https:\/\/somllavors.com\/es\/producte\/que-necesito-cuando-me-enfado\" \/>\n<meta property=\"og:site_name\" content=\"Som Llavors\" \/>\n<meta property=\"article:publisher\" content=\"https:\/\/www.facebook.com\/somllavorsvng\/?locale=ca_ES\" \/>\n<meta property=\"article:modified_time\" content=\"2022-11-17T22:32:53+00:00\" \/>\n<meta property=\"og:image\" content=\"https:\/\/somllavors.com\/wp-content\/uploads\/Som-Llavors-\u00bfQUE-NECESITO-CUANDO-ME-ENFADO-.jpeg\" \/>\n\t<meta property=\"og:image:width\" content=\"552\" \/>\n\t<meta property=\"og:image:height\" content=\"723\" \/>\n\t<meta property=\"og:image:type\" content=\"image\/jpeg\" \/>\n<meta name=\"twitter:card\" content=\"summary_large_image\" \/>\n<meta name=\"twitter:label1\" content=\"Precio\" \/>\n\t<meta name=\"twitter:data1\" content=\"15,95&euro; Iva incl\u00f2s\" \/>\n\t<meta name=\"twitter:label2\" content=\"Availability\" \/>\n\t<meta name=\"twitter:data2\" content=\"Hay existencias\" \/>\n<script type=\"application\/ld+json\" class=\"yoast-schema-graph\">{\"@context\":\"https:\\\/\\\/schema.org\",\"@graph\":[{\"@type\":\"WebPage\",\"@id\":\"https:\\\/\\\/somllavors.com\\\/es\\\/producte\\\/que-necesito-cuando-me-enfado\",\"url\":\"https:\\\/\\\/somllavors.com\\\/es\\\/producte\\\/que-necesito-cuando-me-enfado\",\"name\":\"\u00bfQue necesito cuando me enfado? &#8212; Som Llavors\",\"isPartOf\":{\"@id\":\"https:\\\/\\\/somllavors.com\\\/es#website\"},\"primaryImageOfPage\":{\"@id\":\"https:\\\/\\\/somllavors.com\\\/es\\\/producte\\\/que-necesito-cuando-me-enfado#primaryimage\"},\"image\":{\"@id\":\"https:\\\/\\\/somllavors.com\\\/es\\\/producte\\\/que-necesito-cuando-me-enfado#primaryimage\"},\"thumbnailUrl\":\"https:\\\/\\\/somllavors.com\\\/wp-content\\\/uploads\\\/Som-Llavors-\u00bfQUE-NECESITO-CUANDO-ME-ENFADO-.jpeg\",\"datePublished\":\"2022-11-17T13:50:37+00:00\",\"dateModified\":\"2022-11-17T22:32:53+00:00\",\"description\":\"El primer \u00e1lbum ilustrado de Tania Garc\u00eda, autora de\u00a0Educar sin perder los nervios. Cuando Dami se enfada grita, llora, se tira al suelo, da patadas, se estira del pelo... pero NO se est\u00e1 portando mal, solo est\u00e1 expresando sus EMOCIONES. A trav\u00e9s de la historia de Dami,\u00a0Tania Garc\u00eda, creadora de la Educaci\u00f3n Real\u00ae, nos explica qu\u00e9 necesitan los ni\u00f1os y ni\u00f1as cuando se enfadan, y, por tanto, qu\u00e9 deben hacer los adultos en ese momento para comprenderlos y acompa\u00f1arlos, ayud\u00e1ndolos as\u00ed en la creaci\u00f3n de su personalidad y su autoestima.\",\"breadcrumb\":{\"@id\":\"https:\\\/\\\/somllavors.com\\\/es\\\/producte\\\/que-necesito-cuando-me-enfado#breadcrumb\"},\"inLanguage\":\"es\",\"potentialAction\":[{\"@type\":\"ReadAction\",\"target\":[\"https:\\\/\\\/somllavors.com\\\/es\\\/producte\\\/que-necesito-cuando-me-enfado\"]}]},{\"@type\":\"ImageObject\",\"inLanguage\":\"es\",\"@id\":\"https:\\\/\\\/somllavors.com\\\/es\\\/producte\\\/que-necesito-cuando-me-enfado#primaryimage\",\"url\":\"https:\\\/\\\/somllavors.com\\\/wp-content\\\/uploads\\\/Som-Llavors-\u00bfQUE-NECESITO-CUANDO-ME-ENFADO-.jpeg\",\"contentUrl\":\"https:\\\/\\\/somllavors.com\\\/wp-content\\\/uploads\\\/Som-Llavors-\u00bfQUE-NECESITO-CUANDO-ME-ENFADO-.jpeg\",\"width\":552,\"height\":723,\"caption\":\"Cuando Dami se enfada grita, llora, se tira al suelo, da patadas, se estira del pelo... pero NO se est\u00e1 portando mal, solo est\u00e1 expresando sus EMOCIONES.\"},{\"@type\":\"BreadcrumbList\",\"@id\":\"https:\\\/\\\/somllavors.com\\\/es\\\/producte\\\/que-necesito-cuando-me-enfado#breadcrumb\",\"itemListElement\":[{\"@type\":\"ListItem\",\"position\":1,\"name\":\"Inici\",\"item\":\"https:\\\/\\\/somllavors.com\\\/es\"},{\"@type\":\"ListItem\",\"position\":2,\"name\":\"Tienda\",\"item\":\"https:\\\/\\\/somllavors.com\\\/es\\\/botiga-2\"},{\"@type\":\"ListItem\",\"position\":3,\"name\":\"\u00bfQue necesito cuando me enfado?\"}]},{\"@type\":\"WebSite\",\"@id\":\"https:\\\/\\\/somllavors.com\\\/es#website\",\"url\":\"https:\\\/\\\/somllavors.com\\\/es\",\"name\":\"Som Llavors\",\"description\":\"Botiga de crian\u00e7a natural\",\"publisher\":{\"@id\":\"https:\\\/\\\/somllavors.com\\\/es#organization\"},\"alternateName\":\"Crian\u00e7a Natural i Sostenible\",\"potentialAction\":[{\"@type\":\"SearchAction\",\"target\":{\"@type\":\"EntryPoint\",\"urlTemplate\":\"https:\\\/\\\/somllavors.com\\\/es?s={search_term_string}\"},\"query-input\":{\"@type\":\"PropertyValueSpecification\",\"valueRequired\":true,\"valueName\":\"search_term_string\"}}],\"inLanguage\":\"es\"},{\"@type\":[\"Organization\",\"Place\",\"Store\"],\"@id\":\"https:\\\/\\\/somllavors.com\\\/es#organization\",\"name\":\"Som Llavors\",\"alternateName\":\"Crian\u00e7a Natural i Sostenible\",\"url\":\"https:\\\/\\\/somllavors.com\\\/es\",\"logo\":{\"@id\":\"https:\\\/\\\/somllavors.com\\\/es\\\/producte\\\/que-necesito-cuando-me-enfado#local-main-organization-logo\"},\"image\":{\"@id\":\"https:\\\/\\\/somllavors.com\\\/es\\\/producte\\\/que-necesito-cuando-me-enfado#local-main-organization-logo\"},\"sameAs\":[\"https:\\\/\\\/www.facebook.com\\\/somllavorsvng\\\/?locale=ca_ES\",\"https:\\\/\\\/www.instagram.com\\\/somllavors_vng\\\/\",\"https:\\\/\\\/www.youtube.com\\\/@somllavors\"],\"address\":{\"@id\":\"https:\\\/\\\/somllavors.com\\\/es\\\/producte\\\/que-necesito-cuando-me-enfado#local-main-place-address\"},\"geo\":{\"@type\":\"GeoCoordinates\",\"latitude\":\"41.2257737\",\"longitude\":\"1.723258859\"},\"telephone\":[\"623152704\"],\"openingHoursSpecification\":[{\"@type\":\"OpeningHoursSpecification\",\"dayOfWeek\":[\"Monday\",\"Sunday\"],\"opens\":\"00:00\",\"closes\":\"00:00\"},{\"@type\":\"OpeningHoursSpecification\",\"dayOfWeek\":[\"Tuesday\",\"Wednesday\",\"Thursday\",\"Friday\"],\"opens\":\"10:00\",\"closes\":\"20:00\"},{\"@type\":\"OpeningHoursSpecification\",\"dayOfWeek\":[\"Saturday\"],\"opens\":\"10:00\",\"closes\":\"13:30\"}],\"email\":\"info@somllavors.com\"},{\"@type\":\"PostalAddress\",\"@id\":\"https:\\\/\\\/somllavors.com\\\/es\\\/producte\\\/que-necesito-cuando-me-enfado#local-main-place-address\",\"streetAddress\":\"Carrer de l'aigua, 6\",\"addressLocality\":\"Vilanova i la Geltr\u00fa\",\"postalCode\":\"08800\",\"addressRegion\":\"Barcelona\",\"addressCountry\":\"ES\"},{\"@type\":\"ImageObject\",\"inLanguage\":\"es\",\"@id\":\"https:\\\/\\\/somllavors.com\\\/es\\\/producte\\\/que-necesito-cuando-me-enfado#local-main-organization-logo\",\"url\":\"https:\\\/\\\/somllavors.com\\\/wp-content\\\/uploads\\\/Logotip-Som-Llavors.jpg\",\"contentUrl\":\"https:\\\/\\\/somllavors.com\\\/wp-content\\\/uploads\\\/Logotip-Som-Llavors.jpg\",\"width\":1444,\"height\":1323,\"caption\":\"Som Llavors\"}]}<\/script>\n<meta property=\"product:price:amount\" content=\"15.95\" \/>\n<meta property=\"product:price:currency\" content=\"EUR\" \/>\n<meta property=\"og:availability\" content=\"instock\" \/>\n<meta property=\"product:availability\" content=\"instock\" \/>\n<meta property=\"product:retailer_item_id\" content=\"9788448855451\" \/>\n<meta property=\"product:condition\" content=\"new\" \/>\n<meta name=\"geo.placename\" content=\"Vilanova i la Geltr\u00fa\" \/>\n<meta name=\"geo.position\" content=\"41.2257737;1.723258859\" \/>\n<meta name=\"geo.region\" content=\"Espa\u00f1a\" \/>\n<!-- \/ Yoast SEO Premium plugin. -->","yoast_head_json":{"title":"\u00bfQue necesito cuando me enfado? &#8212; Som Llavors","description":"El primer \u00e1lbum ilustrado de Tania Garc\u00eda, autora de\u00a0Educar sin perder los nervios.  Cuando Dami se enfada grita, llora, se tira al suelo, da patadas, se estira del pelo... pero NO se est\u00e1 portando mal, solo est\u00e1 expresando sus EMOCIONES.  A trav\u00e9s de la historia de Dami,\u00a0Tania Garc\u00eda, creadora de la Educaci\u00f3n Real\u00ae, nos explica qu\u00e9 necesitan los ni\u00f1os y ni\u00f1as cuando se enfadan, y, por tanto, qu\u00e9 deben hacer los adultos en ese momento para comprenderlos y acompa\u00f1arlos, ayud\u00e1ndolos as\u00ed en la creaci\u00f3n de su personalidad y su autoestima.","robots":{"index":"index","follow":"follow","max-snippet":"max-snippet:-1","max-image-preview":"max-image-preview:large","max-video-preview":"max-video-preview:-1"},"canonical":"https:\/\/somllavors.com\/es\/producte\/que-necesito-cuando-me-enfado","og_locale":"es_ES","og_type":"article","og_title":"\u00bfQue necesito cuando me enfado?","og_description":"La teva botiga d\u2019ecocrian\u00e7a i espai d\u2019acompanyament a la maternitat","og_url":"https:\/\/somllavors.com\/es\/producte\/que-necesito-cuando-me-enfado","og_site_name":"Som Llavors","article_publisher":"https:\/\/www.facebook.com\/somllavorsvng\/?locale=ca_ES","article_modified_time":"2022-11-17T22:32:53+00:00","og_image":[{"width":552,"height":723,"url":"https:\/\/somllavors.com\/wp-content\/uploads\/Som-Llavors-\u00bfQUE-NECESITO-CUANDO-ME-ENFADO-.jpeg","type":"image\/jpeg"}],"twitter_card":"summary_large_image","twitter_misc":{"Precio":"15,95&euro; Iva incl\u00f2s","Availability":"Hay existencias"},"schema":{"@context":"https:\/\/schema.org","@graph":[{"@type":"WebPage","@id":"https:\/\/somllavors.com\/es\/producte\/que-necesito-cuando-me-enfado","url":"https:\/\/somllavors.com\/es\/producte\/que-necesito-cuando-me-enfado","name":"\u00bfQue necesito cuando me enfado? &#8212; Som Llavors","isPartOf":{"@id":"https:\/\/somllavors.com\/es#website"},"primaryImageOfPage":{"@id":"https:\/\/somllavors.com\/es\/producte\/que-necesito-cuando-me-enfado#primaryimage"},"image":{"@id":"https:\/\/somllavors.com\/es\/producte\/que-necesito-cuando-me-enfado#primaryimage"},"thumbnailUrl":"https:\/\/somllavors.com\/wp-content\/uploads\/Som-Llavors-\u00bfQUE-NECESITO-CUANDO-ME-ENFADO-.jpeg","datePublished":"2022-11-17T13:50:37+00:00","dateModified":"2022-11-17T22:32:53+00:00","description":"El primer \u00e1lbum ilustrado de Tania Garc\u00eda, autora de\u00a0Educar sin perder los nervios. Cuando Dami se enfada grita, llora, se tira al suelo, da patadas, se estira del pelo... pero NO se est\u00e1 portando mal, solo est\u00e1 expresando sus EMOCIONES. A trav\u00e9s de la historia de Dami,\u00a0Tania Garc\u00eda, creadora de la Educaci\u00f3n Real\u00ae, nos explica qu\u00e9 necesitan los ni\u00f1os y ni\u00f1as cuando se enfadan, y, por tanto, qu\u00e9 deben hacer los adultos en ese momento para comprenderlos y acompa\u00f1arlos, ayud\u00e1ndolos as\u00ed en la creaci\u00f3n de su personalidad y su autoestima.","breadcrumb":{"@id":"https:\/\/somllavors.com\/es\/producte\/que-necesito-cuando-me-enfado#breadcrumb"},"inLanguage":"es","potentialAction":[{"@type":"ReadAction","target":["https:\/\/somllavors.com\/es\/producte\/que-necesito-cuando-me-enfado"]}]},{"@type":"ImageObject","inLanguage":"es","@id":"https:\/\/somllavors.com\/es\/producte\/que-necesito-cuando-me-enfado#primaryimage","url":"https:\/\/somllavors.com\/wp-content\/uploads\/Som-Llavors-\u00bfQUE-NECESITO-CUANDO-ME-ENFADO-.jpeg","contentUrl":"https:\/\/somllavors.com\/wp-content\/uploads\/Som-Llavors-\u00bfQUE-NECESITO-CUANDO-ME-ENFADO-.jpeg","width":552,"height":723,"caption":"Cuando Dami se enfada grita, llora, se tira al suelo, da patadas, se estira del pelo... pero NO se est\u00e1 portando mal, solo est\u00e1 expresando sus EMOCIONES."},{"@type":"BreadcrumbList","@id":"https:\/\/somllavors.com\/es\/producte\/que-necesito-cuando-me-enfado#breadcrumb","itemListElement":[{"@type":"ListItem","position":1,"name":"Inici","item":"https:\/\/somllavors.com\/es"},{"@type":"ListItem","position":2,"name":"Tienda","item":"https:\/\/somllavors.com\/es\/botiga-2"},{"@type":"ListItem","position":3,"name":"\u00bfQue necesito cuando me enfado?"}]},{"@type":"WebSite","@id":"https:\/\/somllavors.com\/es#website","url":"https:\/\/somllavors.com\/es","name":"Som Llavors","description":"Botiga de crian\u00e7a natural","publisher":{"@id":"https:\/\/somllavors.com\/es#organization"},"alternateName":"Crian\u00e7a Natural i Sostenible","potentialAction":[{"@type":"SearchAction","target":{"@type":"EntryPoint","urlTemplate":"https:\/\/somllavors.com\/es?s={search_term_string}"},"query-input":{"@type":"PropertyValueSpecification","valueRequired":true,"valueName":"search_term_string"}}],"inLanguage":"es"},{"@type":["Organization","Place","Store"],"@id":"https:\/\/somllavors.com\/es#organization","name":"Som Llavors","alternateName":"Crian\u00e7a Natural i Sostenible","url":"https:\/\/somllavors.com\/es","logo":{"@id":"https:\/\/somllavors.com\/es\/producte\/que-necesito-cuando-me-enfado#local-main-organization-logo"},"image":{"@id":"https:\/\/somllavors.com\/es\/producte\/que-necesito-cuando-me-enfado#local-main-organization-logo"},"sameAs":["https:\/\/www.facebook.com\/somllavorsvng\/?locale=ca_ES","https:\/\/www.instagram.com\/somllavors_vng\/","https:\/\/www.youtube.com\/@somllavors"],"address":{"@id":"https:\/\/somllavors.com\/es\/producte\/que-necesito-cuando-me-enfado#local-main-place-address"},"geo":{"@type":"GeoCoordinates","latitude":"41.2257737","longitude":"1.723258859"},"telephone":["623152704","623152704"],"openingHoursSpecification":[{"@type":"OpeningHoursSpecification","dayOfWeek":["Monday","Sunday"],"opens":"00:00","closes":"00:00"},{"@type":"OpeningHoursSpecification","dayOfWeek":["Tuesday","Wednesday","Thursday","Friday"],"opens":"10:00","closes":"20:00"},{"@type":"OpeningHoursSpecification","dayOfWeek":["Saturday"],"opens":"10:00","closes":"13:30"}],"email":"info@somllavors.com"},{"@type":"PostalAddress","@id":"https:\/\/somllavors.com\/es\/producte\/que-necesito-cuando-me-enfado#local-main-place-address","streetAddress":"Carrer de l'aigua, 6","addressLocality":"Vilanova i la Geltr\u00fa","postalCode":"08800","addressRegion":"Barcelona","addressCountry":"ES"},{"@type":"ImageObject","inLanguage":"es","@id":"https:\/\/somllavors.com\/es\/producte\/que-necesito-cuando-me-enfado#local-main-organization-logo","url":"https:\/\/somllavors.com\/wp-content\/uploads\/Logotip-Som-Llavors.jpg","contentUrl":"https:\/\/somllavors.com\/wp-content\/uploads\/Logotip-Som-Llavors.jpg","width":1444,"height":1323,"caption":"Som Llavors"}]},"product_price_amount":"15.95","product_price_currency":"EUR","og_availability":"instock","product_availability":"instock","product_retailer_item_id":"9788448855451","product_condition":"new","geo.placename":"Vilanova i la Geltr\u00fa","geo.position":{"lat":"41.2257737","long":"1.723258859"},"geo.region":"Espa\u00f1a"},"brands":[],"_links":{"self":[{"href":"https:\/\/somllavors.com\/es\/wp-json\/wp\/v2\/product\/30422","targetHints":{"allow":["GET"]}}],"collection":[{"href":"https:\/\/somllavors.com\/es\/wp-json\/wp\/v2\/product"}],"about":[{"href":"https:\/\/somllavors.com\/es\/wp-json\/wp\/v2\/types\/product"}],"wp:featuredmedia":[{"embeddable":true,"href":"https:\/\/somllavors.com\/es\/wp-json\/wp\/v2\/media\/30478"}],"wp:attachment":[{"href":"https:\/\/somllavors.com\/es\/wp-json\/wp\/v2\/media?parent=30422"}],"wp:term":[{"taxonomy":"pwb-brand","embeddable":true,"href":"https:\/\/somllavors.com\/es\/wp-json\/wp\/v2\/pwb-brand?post=30422"},{"taxonomy":"product_brand","embeddable":true,"href":"https:\/\/somllavors.com\/es\/wp-json\/wp\/v2\/product_brand?post=30422"},{"taxonomy":"product_cat","embeddable":true,"href":"https:\/\/somllavors.com\/es\/wp-json\/wp\/v2\/product_cat?post=30422"},{"taxonomy":"product_tag","embeddable":true,"href":"https:\/\/somllavors.com\/es\/wp-json\/wp\/v2\/product_tag?post=30422"}],"curies":[{"name":"wp","href":"https:\/\/api.w.org\/{rel}","templated":true}]}}