{"id":30578,"date":"2022-11-22T22:34:56","date_gmt":"2022-11-22T21:34:56","guid":{"rendered":"https:\/\/somllavors.com\/?post_type=product&#038;p=30578"},"modified":"2023-03-21T22:41:26","modified_gmt":"2023-03-21T21:41:26","slug":"com-cuidar-el-tio-i-evitar-que-cagui-abans-dhora","status":"publish","type":"product","link":"https:\/\/somllavors.com\/es\/producte\/com-cuidar-el-tio-i-evitar-que-cagui-abans-dhora","title":{"rendered":"Com cuidar el Ti\u00f3 i evitar que cagui abans d&#8217;hora"},"content":{"rendered":"","protected":false},"excerpt":{"rendered":"<p>Nens i nenes: Els tions s\u00f3n els \u00fanics essers m\u00e0gics que caguen regals. Els cops de bast\u00f3 nomes funcionen amb els tions.<\/p>\n<ul>\n<li>No proveu de donar cops de bast\u00f3 al Pare Noel ni als Reis Mags. El resultat no seria el mateix.<\/li>\n<li>Nens i nenes, mares i pares, avis i \u00e0vies, tiets i tietes, mestres i p\u00fablic en general&#8230; en aquest llibre trobareu, per fi: 10 INSTRUCCIONS B\u00c0SIQUES (I DIVERTIDES) PER CUIDAR EL TI\u00d3.<\/li>\n<\/ul>\n","protected":false},"featured_media":35911,"template":"","meta":{"_acf_changed":false,"site-sidebar-layout":"default","site-content-layout":"default","ast-site-content-layout":"default","site-content-style":"default","site-sidebar-style":"default","ast-global-header-display":"","ast-banner-title-visibility":"","ast-main-header-display":"","ast-hfb-above-header-display":"","ast-hfb-below-header-display":"","ast-hfb-mobile-header-display":"","site-post-title":"","ast-breadcrumbs-content":"","ast-featured-img":"","footer-sml-layout":"","ast-disable-related-posts":"","theme-transparent-header-meta":"default","adv-header-id-meta":"","stick-header-meta":"","header-above-stick-meta":"","header-main-stick-meta":"","header-below-stick-meta":"","astra-migrate-meta-layouts":"default","ast-page-background-enabled":"default","ast-page-background-meta":{"desktop":{"background-color":"","background-image":"","background-repeat":"repeat","background-position":"center center","background-size":"auto","background-attachment":"scroll","background-type":"","background-media":"","overlay-type":"","overlay-color":"","overlay-opacity":"","overlay-gradient":""},"tablet":{"background-color":"","background-image":"","background-repeat":"repeat","background-position":"center center","background-size":"auto","background-attachment":"scroll","background-type":"","background-media":"","overlay-type":"","overlay-color":"","overlay-opacity":"","overlay-gradient":""},"mobile":{"background-color":"","background-image":"","background-repeat":"repeat","background-position":"center center","background-size":"auto","background-attachment":"scroll","background-type":"","background-media":"","overlay-type":"","overlay-color":"","overlay-opacity":"","overlay-gradient":""}},"ast-content-background-meta":{"desktop":{"background-color":"var(--ast-global-color-5)","background-image":"","background-repeat":"repeat","background-position":"center center","background-size":"auto","background-attachment":"scroll","background-type":"","background-media":"","overlay-type":"","overlay-color":"","overlay-opacity":"","overlay-gradient":""},"tablet":{"background-color":"var(--ast-global-color-5)","background-image":"","background-repeat":"repeat","background-position":"center center","background-size":"auto","background-attachment":"scroll","background-type":"","background-media":"","overlay-type":"","overlay-color":"","overlay-opacity":"","overlay-gradient":""},"mobile":{"background-color":"var(--ast-global-color-5)","background-image":"","background-repeat":"repeat","background-position":"center center","background-size":"auto","background-attachment":"scroll","background-type":"","background-media":"","overlay-type":"","overlay-color":"","overlay-opacity":"","overlay-gradient":""}}},"pwb-brand":[],"product_brand":[],"product_cat":[567],"product_tag":[1134],"class_list":{"0":"post-30578","1":"product","2":"type-product","3":"status-publish","4":"has-post-thumbnail","6":"product_cat-infantils","7":"product_tag-baula","8":"desktop-align-left","9":"tablet-align-left","10":"mobile-align-left","12":"first","13":"outofstock","14":"taxable","15":"shipping-taxable","16":"purchasable","17":"product-type-simple"},"acf":[],"yoast_head":"<!-- This site is optimized with the Yoast SEO Premium plugin v18.3 (Yoast SEO v27.4) - https:\/\/yoast.com\/product\/yoast-seo-premium-wordpress\/ -->\n<title>Com cuidar el Ti\u00f3 i evitar que cagui abans d&#039;hora &#8212; Som Llavors<\/title>\n<meta name=\"description\" content=\"Nens i nenes: Els tions s\u00f3n els \u00fanics essers m\u00e0gics que caguen regals. Els cops de bast\u00f3 nomes funcionen amb els tions.   No proveu de donar cops de bast\u00f3 al Pare Noel ni als Reis Mags. El resultat no seria el mateix.  Nens i nenes, mares i pares, avis i \u00e0vies, tiets i tietes, mestres i p\u00fablic en general... en aquest llibre trobareu, per fi: 10 INSTRUCCIONS B\u00c0SIQUES (I DIVERTIDES) PER CUIDAR EL TI\u00d3.\" \/>\n<meta name=\"robots\" content=\"index, follow, max-snippet:-1, max-image-preview:large, max-video-preview:-1\" \/>\n<link rel=\"canonical\" href=\"https:\/\/somllavors.com\/es\/producte\/com-cuidar-el-tio-i-evitar-que-cagui-abans-dhora\" \/>\n<meta property=\"og:locale\" content=\"es_ES\" \/>\n<meta property=\"og:type\" content=\"article\" \/>\n<meta property=\"og:title\" content=\"Com cuidar el Ti\u00f3 i evitar que cagui abans d&#039;hora\" \/>\n<meta property=\"og:description\" content=\"La teva botiga d\u2019ecocrian\u00e7a i espai d\u2019acompanyament a la maternitat\" \/>\n<meta property=\"og:url\" content=\"https:\/\/somllavors.com\/es\/producte\/com-cuidar-el-tio-i-evitar-que-cagui-abans-dhora\" \/>\n<meta property=\"og:site_name\" content=\"Som Llavors\" \/>\n<meta property=\"article:publisher\" content=\"https:\/\/www.facebook.com\/somllavorsvng\/?locale=ca_ES\" \/>\n<meta property=\"article:modified_time\" content=\"2023-03-21T21:41:26+00:00\" \/>\n<meta property=\"og:image\" content=\"https:\/\/somllavors.com\/wp-content\/uploads\/2022\/11\/Som-Llavors-COM-CUIDAR-EL-TIO-I-EVITAR-QUE-CAGUI-ABANS-D-HORA-edicion-en-catalan-9788447949045.jpeg\" \/>\n\t<meta property=\"og:image:width\" content=\"552\" \/>\n\t<meta property=\"og:image:height\" content=\"609\" \/>\n\t<meta property=\"og:image:type\" content=\"image\/jpeg\" \/>\n<meta name=\"twitter:card\" content=\"summary_large_image\" \/>\n<meta name=\"twitter:label1\" content=\"Precio\" \/>\n\t<meta name=\"twitter:data1\" content=\"12,95&euro; Iva incl\u00f2s\" \/>\n\t<meta name=\"twitter:label2\" content=\"Availability\" \/>\n\t<meta name=\"twitter:data2\" content=\"Out of stock\" \/>\n<script type=\"application\/ld+json\" class=\"yoast-schema-graph\">{\"@context\":\"https:\\\/\\\/schema.org\",\"@graph\":[{\"@type\":\"WebPage\",\"@id\":\"https:\\\/\\\/somllavors.com\\\/es\\\/producte\\\/com-cuidar-el-tio-i-evitar-que-cagui-abans-dhora\",\"url\":\"https:\\\/\\\/somllavors.com\\\/es\\\/producte\\\/com-cuidar-el-tio-i-evitar-que-cagui-abans-dhora\",\"name\":\"Com cuidar el Ti\u00f3 i evitar que cagui abans d'hora &#8212; Som Llavors\",\"isPartOf\":{\"@id\":\"https:\\\/\\\/somllavors.com\\\/es#website\"},\"primaryImageOfPage\":{\"@id\":\"https:\\\/\\\/somllavors.com\\\/es\\\/producte\\\/com-cuidar-el-tio-i-evitar-que-cagui-abans-dhora#primaryimage\"},\"image\":{\"@id\":\"https:\\\/\\\/somllavors.com\\\/es\\\/producte\\\/com-cuidar-el-tio-i-evitar-que-cagui-abans-dhora#primaryimage\"},\"thumbnailUrl\":\"https:\\\/\\\/somllavors.com\\\/wp-content\\\/uploads\\\/2022\\\/11\\\/Som-Llavors-COM-CUIDAR-EL-TIO-I-EVITAR-QUE-CAGUI-ABANS-D-HORA-edicion-en-catalan-9788447949045.jpeg\",\"datePublished\":\"2022-11-22T21:34:56+00:00\",\"dateModified\":\"2023-03-21T21:41:26+00:00\",\"description\":\"Nens i nenes: Els tions s\u00f3n els \u00fanics essers m\u00e0gics que caguen regals. Els cops de bast\u00f3 nomes funcionen amb els tions. No proveu de donar cops de bast\u00f3 al Pare Noel ni als Reis Mags. El resultat no seria el mateix. Nens i nenes, mares i pares, avis i \u00e0vies, tiets i tietes, mestres i p\u00fablic en general... en aquest llibre trobareu, per fi: 10 INSTRUCCIONS B\u00c0SIQUES (I DIVERTIDES) PER CUIDAR EL TI\u00d3.\",\"breadcrumb\":{\"@id\":\"https:\\\/\\\/somllavors.com\\\/es\\\/producte\\\/com-cuidar-el-tio-i-evitar-que-cagui-abans-dhora#breadcrumb\"},\"inLanguage\":\"es\",\"potentialAction\":[{\"@type\":\"ReadAction\",\"target\":[\"https:\\\/\\\/somllavors.com\\\/es\\\/producte\\\/com-cuidar-el-tio-i-evitar-que-cagui-abans-dhora\"]}]},{\"@type\":\"ImageObject\",\"inLanguage\":\"es\",\"@id\":\"https:\\\/\\\/somllavors.com\\\/es\\\/producte\\\/com-cuidar-el-tio-i-evitar-que-cagui-abans-dhora#primaryimage\",\"url\":\"https:\\\/\\\/somllavors.com\\\/wp-content\\\/uploads\\\/2022\\\/11\\\/Som-Llavors-COM-CUIDAR-EL-TIO-I-EVITAR-QUE-CAGUI-ABANS-D-HORA-edicion-en-catalan-9788447949045.jpeg\",\"contentUrl\":\"https:\\\/\\\/somllavors.com\\\/wp-content\\\/uploads\\\/2022\\\/11\\\/Som-Llavors-COM-CUIDAR-EL-TIO-I-EVITAR-QUE-CAGUI-ABANS-D-HORA-edicion-en-catalan-9788447949045.jpeg\",\"width\":552,\"height\":609,\"caption\":\"contes educatius en catal\u00e0\"},{\"@type\":\"BreadcrumbList\",\"@id\":\"https:\\\/\\\/somllavors.com\\\/es\\\/producte\\\/com-cuidar-el-tio-i-evitar-que-cagui-abans-dhora#breadcrumb\",\"itemListElement\":[{\"@type\":\"ListItem\",\"position\":1,\"name\":\"Inici\",\"item\":\"https:\\\/\\\/somllavors.com\\\/es\"},{\"@type\":\"ListItem\",\"position\":2,\"name\":\"Tienda\",\"item\":\"https:\\\/\\\/somllavors.com\\\/es\\\/botiga-2\"},{\"@type\":\"ListItem\",\"position\":3,\"name\":\"Com cuidar el Ti\u00f3 i evitar que cagui abans d&#8217;hora\"}]},{\"@type\":\"WebSite\",\"@id\":\"https:\\\/\\\/somllavors.com\\\/es#website\",\"url\":\"https:\\\/\\\/somllavors.com\\\/es\",\"name\":\"Som Llavors\",\"description\":\"Botiga de crian\u00e7a natural\",\"publisher\":{\"@id\":\"https:\\\/\\\/somllavors.com\\\/es#organization\"},\"alternateName\":\"Crian\u00e7a Natural i Sostenible\",\"potentialAction\":[{\"@type\":\"SearchAction\",\"target\":{\"@type\":\"EntryPoint\",\"urlTemplate\":\"https:\\\/\\\/somllavors.com\\\/es?s={search_term_string}\"},\"query-input\":{\"@type\":\"PropertyValueSpecification\",\"valueRequired\":true,\"valueName\":\"search_term_string\"}}],\"inLanguage\":\"es\"},{\"@type\":[\"Organization\",\"Place\",\"Store\"],\"@id\":\"https:\\\/\\\/somllavors.com\\\/es#organization\",\"name\":\"Som Llavors\",\"alternateName\":\"Crian\u00e7a Natural i Sostenible\",\"url\":\"https:\\\/\\\/somllavors.com\\\/es\",\"logo\":{\"@id\":\"https:\\\/\\\/somllavors.com\\\/es\\\/producte\\\/com-cuidar-el-tio-i-evitar-que-cagui-abans-dhora#local-main-organization-logo\"},\"image\":{\"@id\":\"https:\\\/\\\/somllavors.com\\\/es\\\/producte\\\/com-cuidar-el-tio-i-evitar-que-cagui-abans-dhora#local-main-organization-logo\"},\"sameAs\":[\"https:\\\/\\\/www.facebook.com\\\/somllavorsvng\\\/?locale=ca_ES\",\"https:\\\/\\\/www.instagram.com\\\/somllavors_vng\\\/\",\"https:\\\/\\\/www.youtube.com\\\/@somllavors\"],\"address\":{\"@id\":\"https:\\\/\\\/somllavors.com\\\/es\\\/producte\\\/com-cuidar-el-tio-i-evitar-que-cagui-abans-dhora#local-main-place-address\"},\"geo\":{\"@type\":\"GeoCoordinates\",\"latitude\":\"41.2257737\",\"longitude\":\"1.723258859\"},\"telephone\":[\"623152704\"],\"openingHoursSpecification\":[{\"@type\":\"OpeningHoursSpecification\",\"dayOfWeek\":[\"Monday\",\"Sunday\"],\"opens\":\"00:00\",\"closes\":\"00:00\"},{\"@type\":\"OpeningHoursSpecification\",\"dayOfWeek\":[\"Tuesday\",\"Wednesday\",\"Thursday\",\"Friday\"],\"opens\":\"10:00\",\"closes\":\"20:00\"},{\"@type\":\"OpeningHoursSpecification\",\"dayOfWeek\":[\"Saturday\"],\"opens\":\"10:00\",\"closes\":\"13:30\"}],\"email\":\"info@somllavors.com\"},{\"@type\":\"PostalAddress\",\"@id\":\"https:\\\/\\\/somllavors.com\\\/es\\\/producte\\\/com-cuidar-el-tio-i-evitar-que-cagui-abans-dhora#local-main-place-address\",\"streetAddress\":\"Carrer de l'aigua, 6\",\"addressLocality\":\"Vilanova i la Geltr\u00fa\",\"postalCode\":\"08800\",\"addressRegion\":\"Barcelona\",\"addressCountry\":\"ES\"},{\"@type\":\"ImageObject\",\"inLanguage\":\"es\",\"@id\":\"https:\\\/\\\/somllavors.com\\\/es\\\/producte\\\/com-cuidar-el-tio-i-evitar-que-cagui-abans-dhora#local-main-organization-logo\",\"url\":\"https:\\\/\\\/somllavors.com\\\/wp-content\\\/uploads\\\/Logotip-Som-Llavors.jpg\",\"contentUrl\":\"https:\\\/\\\/somllavors.com\\\/wp-content\\\/uploads\\\/Logotip-Som-Llavors.jpg\",\"width\":1444,\"height\":1323,\"caption\":\"Som Llavors\"}]}<\/script>\n<meta property=\"product:price:amount\" content=\"12.95\" \/>\n<meta property=\"product:price:currency\" content=\"EUR\" \/>\n<meta property=\"og:availability\" content=\"out of stock\" \/>\n<meta property=\"product:availability\" content=\"out of stock\" \/>\n<meta property=\"product:retailer_item_id\" content=\"9788447949045\" \/>\n<meta property=\"product:condition\" content=\"new\" \/>\n<meta name=\"geo.placename\" content=\"Vilanova i la Geltr\u00fa\" \/>\n<meta name=\"geo.position\" content=\"41.2257737;1.723258859\" \/>\n<meta name=\"geo.region\" content=\"Espa\u00f1a\" \/>\n<!-- \/ Yoast SEO Premium plugin. -->","yoast_head_json":{"title":"Com cuidar el Ti\u00f3 i evitar que cagui abans d'hora &#8212; Som Llavors","description":"Nens i nenes: Els tions s\u00f3n els \u00fanics essers m\u00e0gics que caguen regals. Els cops de bast\u00f3 nomes funcionen amb els tions.   No proveu de donar cops de bast\u00f3 al Pare Noel ni als Reis Mags. El resultat no seria el mateix.  Nens i nenes, mares i pares, avis i \u00e0vies, tiets i tietes, mestres i p\u00fablic en general... en aquest llibre trobareu, per fi: 10 INSTRUCCIONS B\u00c0SIQUES (I DIVERTIDES) PER CUIDAR EL TI\u00d3.","robots":{"index":"index","follow":"follow","max-snippet":"max-snippet:-1","max-image-preview":"max-image-preview:large","max-video-preview":"max-video-preview:-1"},"canonical":"https:\/\/somllavors.com\/es\/producte\/com-cuidar-el-tio-i-evitar-que-cagui-abans-dhora","og_locale":"es_ES","og_type":"article","og_title":"Com cuidar el Ti\u00f3 i evitar que cagui abans d'hora","og_description":"La teva botiga d\u2019ecocrian\u00e7a i espai d\u2019acompanyament a la maternitat","og_url":"https:\/\/somllavors.com\/es\/producte\/com-cuidar-el-tio-i-evitar-que-cagui-abans-dhora","og_site_name":"Som Llavors","article_publisher":"https:\/\/www.facebook.com\/somllavorsvng\/?locale=ca_ES","article_modified_time":"2023-03-21T21:41:26+00:00","og_image":[{"width":552,"height":609,"url":"https:\/\/somllavors.com\/wp-content\/uploads\/2022\/11\/Som-Llavors-COM-CUIDAR-EL-TIO-I-EVITAR-QUE-CAGUI-ABANS-D-HORA-edicion-en-catalan-9788447949045.jpeg","type":"image\/jpeg"}],"twitter_card":"summary_large_image","twitter_misc":{"Precio":"12,95&euro; Iva incl\u00f2s","Availability":"Out of stock"},"schema":{"@context":"https:\/\/schema.org","@graph":[{"@type":"WebPage","@id":"https:\/\/somllavors.com\/es\/producte\/com-cuidar-el-tio-i-evitar-que-cagui-abans-dhora","url":"https:\/\/somllavors.com\/es\/producte\/com-cuidar-el-tio-i-evitar-que-cagui-abans-dhora","name":"Com cuidar el Ti\u00f3 i evitar que cagui abans d'hora &#8212; Som Llavors","isPartOf":{"@id":"https:\/\/somllavors.com\/es#website"},"primaryImageOfPage":{"@id":"https:\/\/somllavors.com\/es\/producte\/com-cuidar-el-tio-i-evitar-que-cagui-abans-dhora#primaryimage"},"image":{"@id":"https:\/\/somllavors.com\/es\/producte\/com-cuidar-el-tio-i-evitar-que-cagui-abans-dhora#primaryimage"},"thumbnailUrl":"https:\/\/somllavors.com\/wp-content\/uploads\/2022\/11\/Som-Llavors-COM-CUIDAR-EL-TIO-I-EVITAR-QUE-CAGUI-ABANS-D-HORA-edicion-en-catalan-9788447949045.jpeg","datePublished":"2022-11-22T21:34:56+00:00","dateModified":"2023-03-21T21:41:26+00:00","description":"Nens i nenes: Els tions s\u00f3n els \u00fanics essers m\u00e0gics que caguen regals. Els cops de bast\u00f3 nomes funcionen amb els tions. No proveu de donar cops de bast\u00f3 al Pare Noel ni als Reis Mags. El resultat no seria el mateix. Nens i nenes, mares i pares, avis i \u00e0vies, tiets i tietes, mestres i p\u00fablic en general... en aquest llibre trobareu, per fi: 10 INSTRUCCIONS B\u00c0SIQUES (I DIVERTIDES) PER CUIDAR EL TI\u00d3.","breadcrumb":{"@id":"https:\/\/somllavors.com\/es\/producte\/com-cuidar-el-tio-i-evitar-que-cagui-abans-dhora#breadcrumb"},"inLanguage":"es","potentialAction":[{"@type":"ReadAction","target":["https:\/\/somllavors.com\/es\/producte\/com-cuidar-el-tio-i-evitar-que-cagui-abans-dhora"]}]},{"@type":"ImageObject","inLanguage":"es","@id":"https:\/\/somllavors.com\/es\/producte\/com-cuidar-el-tio-i-evitar-que-cagui-abans-dhora#primaryimage","url":"https:\/\/somllavors.com\/wp-content\/uploads\/2022\/11\/Som-Llavors-COM-CUIDAR-EL-TIO-I-EVITAR-QUE-CAGUI-ABANS-D-HORA-edicion-en-catalan-9788447949045.jpeg","contentUrl":"https:\/\/somllavors.com\/wp-content\/uploads\/2022\/11\/Som-Llavors-COM-CUIDAR-EL-TIO-I-EVITAR-QUE-CAGUI-ABANS-D-HORA-edicion-en-catalan-9788447949045.jpeg","width":552,"height":609,"caption":"contes educatius en catal\u00e0"},{"@type":"BreadcrumbList","@id":"https:\/\/somllavors.com\/es\/producte\/com-cuidar-el-tio-i-evitar-que-cagui-abans-dhora#breadcrumb","itemListElement":[{"@type":"ListItem","position":1,"name":"Inici","item":"https:\/\/somllavors.com\/es"},{"@type":"ListItem","position":2,"name":"Tienda","item":"https:\/\/somllavors.com\/es\/botiga-2"},{"@type":"ListItem","position":3,"name":"Com cuidar el Ti\u00f3 i evitar que cagui abans d&#8217;hora"}]},{"@type":"WebSite","@id":"https:\/\/somllavors.com\/es#website","url":"https:\/\/somllavors.com\/es","name":"Som Llavors","description":"Botiga de crian\u00e7a natural","publisher":{"@id":"https:\/\/somllavors.com\/es#organization"},"alternateName":"Crian\u00e7a Natural i Sostenible","potentialAction":[{"@type":"SearchAction","target":{"@type":"EntryPoint","urlTemplate":"https:\/\/somllavors.com\/es?s={search_term_string}"},"query-input":{"@type":"PropertyValueSpecification","valueRequired":true,"valueName":"search_term_string"}}],"inLanguage":"es"},{"@type":["Organization","Place","Store"],"@id":"https:\/\/somllavors.com\/es#organization","name":"Som Llavors","alternateName":"Crian\u00e7a Natural i Sostenible","url":"https:\/\/somllavors.com\/es","logo":{"@id":"https:\/\/somllavors.com\/es\/producte\/com-cuidar-el-tio-i-evitar-que-cagui-abans-dhora#local-main-organization-logo"},"image":{"@id":"https:\/\/somllavors.com\/es\/producte\/com-cuidar-el-tio-i-evitar-que-cagui-abans-dhora#local-main-organization-logo"},"sameAs":["https:\/\/www.facebook.com\/somllavorsvng\/?locale=ca_ES","https:\/\/www.instagram.com\/somllavors_vng\/","https:\/\/www.youtube.com\/@somllavors"],"address":{"@id":"https:\/\/somllavors.com\/es\/producte\/com-cuidar-el-tio-i-evitar-que-cagui-abans-dhora#local-main-place-address"},"geo":{"@type":"GeoCoordinates","latitude":"41.2257737","longitude":"1.723258859"},"telephone":["623152704","623152704"],"openingHoursSpecification":[{"@type":"OpeningHoursSpecification","dayOfWeek":["Monday","Sunday"],"opens":"00:00","closes":"00:00"},{"@type":"OpeningHoursSpecification","dayOfWeek":["Tuesday","Wednesday","Thursday","Friday"],"opens":"10:00","closes":"20:00"},{"@type":"OpeningHoursSpecification","dayOfWeek":["Saturday"],"opens":"10:00","closes":"13:30"}],"email":"info@somllavors.com"},{"@type":"PostalAddress","@id":"https:\/\/somllavors.com\/es\/producte\/com-cuidar-el-tio-i-evitar-que-cagui-abans-dhora#local-main-place-address","streetAddress":"Carrer de l'aigua, 6","addressLocality":"Vilanova i la Geltr\u00fa","postalCode":"08800","addressRegion":"Barcelona","addressCountry":"ES"},{"@type":"ImageObject","inLanguage":"es","@id":"https:\/\/somllavors.com\/es\/producte\/com-cuidar-el-tio-i-evitar-que-cagui-abans-dhora#local-main-organization-logo","url":"https:\/\/somllavors.com\/wp-content\/uploads\/Logotip-Som-Llavors.jpg","contentUrl":"https:\/\/somllavors.com\/wp-content\/uploads\/Logotip-Som-Llavors.jpg","width":1444,"height":1323,"caption":"Som Llavors"}]},"product_price_amount":"12.95","product_price_currency":"EUR","og_availability":"out of stock","product_availability":"out of stock","product_retailer_item_id":"9788447949045","product_condition":"new","geo.placename":"Vilanova i la Geltr\u00fa","geo.position":{"lat":"41.2257737","long":"1.723258859"},"geo.region":"Espa\u00f1a"},"brands":[],"_links":{"self":[{"href":"https:\/\/somllavors.com\/es\/wp-json\/wp\/v2\/product\/30578","targetHints":{"allow":["GET"]}}],"collection":[{"href":"https:\/\/somllavors.com\/es\/wp-json\/wp\/v2\/product"}],"about":[{"href":"https:\/\/somllavors.com\/es\/wp-json\/wp\/v2\/types\/product"}],"wp:featuredmedia":[{"embeddable":true,"href":"https:\/\/somllavors.com\/es\/wp-json\/wp\/v2\/media\/35911"}],"wp:attachment":[{"href":"https:\/\/somllavors.com\/es\/wp-json\/wp\/v2\/media?parent=30578"}],"wp:term":[{"taxonomy":"pwb-brand","embeddable":true,"href":"https:\/\/somllavors.com\/es\/wp-json\/wp\/v2\/pwb-brand?post=30578"},{"taxonomy":"product_brand","embeddable":true,"href":"https:\/\/somllavors.com\/es\/wp-json\/wp\/v2\/product_brand?post=30578"},{"taxonomy":"product_cat","embeddable":true,"href":"https:\/\/somllavors.com\/es\/wp-json\/wp\/v2\/product_cat?post=30578"},{"taxonomy":"product_tag","embeddable":true,"href":"https:\/\/somllavors.com\/es\/wp-json\/wp\/v2\/product_tag?post=30578"}],"curies":[{"name":"wp","href":"https:\/\/api.w.org\/{rel}","templated":true}]}}