{"id":30591,"date":"2022-11-22T22:50:12","date_gmt":"2022-11-22T21:50:12","guid":{"rendered":"https:\/\/somllavors.com\/?post_type=product&#038;p=30591"},"modified":"2023-04-22T10:49:01","modified_gmt":"2023-04-22T08:49:01","slug":"la-dina-esta-molt-enfadada","status":"publish","type":"product","link":"https:\/\/somllavors.com\/es\/producte\/la-dina-esta-molt-enfadada","title":{"rendered":"La Dina est\u00e0 molt enfadada"},"content":{"rendered":"","protected":false},"excerpt":{"rendered":"<p><b>Un conte de dinosaures divertit sobre l&#8217;enuig, l&#8217;amistat, la diversitat i la import\u00e0ncia d&#8217;aprendre a demanar ajuda sempre que ho necessitem.<\/b><\/p>\n<p>Dina es una tiranosaure rex, la dinosaure m\u00e9s temuda de la selva. Els altres dinosaures saben que la Dina sempre est\u00e0 de molt mal humor, pero no acaben de saber per qu\u00e8. Un dia, en descobreixen el motiu: la Dina t\u00e9 els bra\u00e7os tan curts que no pot ni gratar-se el nas quan li pica. I aix\u00f2 \u00e9s molt i molt molest!<\/p>\n<p>&nbsp;<\/p>\n","protected":false},"featured_media":35923,"template":"","meta":{"_acf_changed":false,"site-sidebar-layout":"default","site-content-layout":"default","ast-site-content-layout":"default","site-content-style":"default","site-sidebar-style":"default","ast-global-header-display":"","ast-banner-title-visibility":"","ast-main-header-display":"","ast-hfb-above-header-display":"","ast-hfb-below-header-display":"","ast-hfb-mobile-header-display":"","site-post-title":"","ast-breadcrumbs-content":"","ast-featured-img":"","footer-sml-layout":"","ast-disable-related-posts":"","theme-transparent-header-meta":"default","adv-header-id-meta":"","stick-header-meta":"","header-above-stick-meta":"","header-main-stick-meta":"","header-below-stick-meta":"","astra-migrate-meta-layouts":"default","ast-page-background-enabled":"default","ast-page-background-meta":{"desktop":{"background-color":"","background-image":"","background-repeat":"repeat","background-position":"center center","background-size":"auto","background-attachment":"scroll","background-type":"","background-media":"","overlay-type":"","overlay-color":"","overlay-opacity":"","overlay-gradient":""},"tablet":{"background-color":"","background-image":"","background-repeat":"repeat","background-position":"center center","background-size":"auto","background-attachment":"scroll","background-type":"","background-media":"","overlay-type":"","overlay-color":"","overlay-opacity":"","overlay-gradient":""},"mobile":{"background-color":"","background-image":"","background-repeat":"repeat","background-position":"center center","background-size":"auto","background-attachment":"scroll","background-type":"","background-media":"","overlay-type":"","overlay-color":"","overlay-opacity":"","overlay-gradient":""}},"ast-content-background-meta":{"desktop":{"background-color":"var(--ast-global-color-5)","background-image":"","background-repeat":"repeat","background-position":"center center","background-size":"auto","background-attachment":"scroll","background-type":"","background-media":"","overlay-type":"","overlay-color":"","overlay-opacity":"","overlay-gradient":""},"tablet":{"background-color":"var(--ast-global-color-5)","background-image":"","background-repeat":"repeat","background-position":"center center","background-size":"auto","background-attachment":"scroll","background-type":"","background-media":"","overlay-type":"","overlay-color":"","overlay-opacity":"","overlay-gradient":""},"mobile":{"background-color":"var(--ast-global-color-5)","background-image":"","background-repeat":"repeat","background-position":"center center","background-size":"auto","background-attachment":"scroll","background-type":"","background-media":"","overlay-type":"","overlay-color":"","overlay-opacity":"","overlay-gradient":""}}},"pwb-brand":[],"product_brand":[],"product_cat":[3764,567],"product_tag":[1145],"class_list":{"0":"post-30591","1":"product","2":"type-product","3":"status-publish","4":"has-post-thumbnail","6":"product_cat-amb-lletra-majuscula","7":"product_cat-infantils","8":"product_tag-beascoa","9":"desktop-align-left","10":"tablet-align-left","11":"mobile-align-left","13":"first","14":"outofstock","15":"taxable","16":"shipping-taxable","17":"purchasable","18":"product-type-simple"},"acf":[],"yoast_head":"<!-- This site is optimized with the Yoast SEO Premium plugin v18.3 (Yoast SEO v27.4) - https:\/\/yoast.com\/product\/yoast-seo-premium-wordpress\/ -->\n<title>La Dina est\u00e0 molt enfadada &#8212; Som Llavors<\/title>\n<meta name=\"description\" content=\"Un conte de dinosaures divertit sobre l&#039;enuig, l&#039;amistat, la diversitat i la import\u00e0ncia d&#039;aprendre a demanar ajuda sempre que ho necessitem.  Dina es una tiranosaure rex, la dinosaure m\u00e9s temuda de la selva. Els altres dinosaures saben que la Dina sempre est\u00e0 de molt mal humor, pero no acaben de saber per qu\u00e8. Un dia, en descobreixen el motiu: la Dina t\u00e9 els bra\u00e7os tan curts que no pot ni gratar-se el nas quan li pica. I aix\u00f2 \u00e9s molt i molt molest!  &nbsp;\" \/>\n<meta name=\"robots\" content=\"index, follow, max-snippet:-1, max-image-preview:large, max-video-preview:-1\" \/>\n<link rel=\"canonical\" href=\"https:\/\/somllavors.com\/es\/producte\/la-dina-esta-molt-enfadada\" \/>\n<meta property=\"og:locale\" content=\"es_ES\" \/>\n<meta property=\"og:type\" content=\"article\" \/>\n<meta property=\"og:title\" content=\"La Dina est\u00e0 molt enfadada\" \/>\n<meta property=\"og:description\" content=\"La teva botiga d\u2019ecocrian\u00e7a i espai d\u2019acompanyament a la maternitat\" \/>\n<meta property=\"og:url\" content=\"https:\/\/somllavors.com\/es\/producte\/la-dina-esta-molt-enfadada\" \/>\n<meta property=\"og:site_name\" content=\"Som Llavors\" \/>\n<meta property=\"article:publisher\" content=\"https:\/\/www.facebook.com\/somllavorsvng\/?locale=ca_ES\" \/>\n<meta property=\"article:modified_time\" content=\"2023-04-22T08:49:01+00:00\" \/>\n<meta property=\"og:image\" content=\"https:\/\/somllavors.com\/wp-content\/uploads\/2022\/11\/Som-Llavors-.-LA-DINA-ESTA-MOLT-ENFADADA-edicion-en-catalan-9788448859831.jpeg\" \/>\n\t<meta property=\"og:image:width\" content=\"552\" \/>\n\t<meta property=\"og:image:height\" content=\"480\" \/>\n\t<meta property=\"og:image:type\" content=\"image\/jpeg\" \/>\n<meta name=\"twitter:card\" content=\"summary_large_image\" \/>\n<meta name=\"twitter:label1\" content=\"Precio\" \/>\n\t<meta name=\"twitter:data1\" content=\"13,95&euro; Iva incl\u00f2s\" \/>\n\t<meta name=\"twitter:label2\" content=\"Availability\" \/>\n\t<meta name=\"twitter:data2\" content=\"Out of stock\" \/>\n<script type=\"application\/ld+json\" class=\"yoast-schema-graph\">{\"@context\":\"https:\\\/\\\/schema.org\",\"@graph\":[{\"@type\":\"WebPage\",\"@id\":\"https:\\\/\\\/somllavors.com\\\/es\\\/producte\\\/la-dina-esta-molt-enfadada\",\"url\":\"https:\\\/\\\/somllavors.com\\\/es\\\/producte\\\/la-dina-esta-molt-enfadada\",\"name\":\"La Dina est\u00e0 molt enfadada &#8212; Som Llavors\",\"isPartOf\":{\"@id\":\"https:\\\/\\\/somllavors.com\\\/es#website\"},\"primaryImageOfPage\":{\"@id\":\"https:\\\/\\\/somllavors.com\\\/es\\\/producte\\\/la-dina-esta-molt-enfadada#primaryimage\"},\"image\":{\"@id\":\"https:\\\/\\\/somllavors.com\\\/es\\\/producte\\\/la-dina-esta-molt-enfadada#primaryimage\"},\"thumbnailUrl\":\"https:\\\/\\\/somllavors.com\\\/wp-content\\\/uploads\\\/2022\\\/11\\\/Som-Llavors-.-LA-DINA-ESTA-MOLT-ENFADADA-edicion-en-catalan-9788448859831.jpeg\",\"datePublished\":\"2022-11-22T21:50:12+00:00\",\"dateModified\":\"2023-04-22T08:49:01+00:00\",\"description\":\"Un conte de dinosaures divertit sobre l'enuig, l'amistat, la diversitat i la import\u00e0ncia d'aprendre a demanar ajuda sempre que ho necessitem. Dina es una tiranosaure rex, la dinosaure m\u00e9s temuda de la selva. Els altres dinosaures saben que la Dina sempre est\u00e0 de molt mal humor, pero no acaben de saber per qu\u00e8. Un dia, en descobreixen el motiu: la Dina t\u00e9 els bra\u00e7os tan curts que no pot ni gratar-se el nas quan li pica. I aix\u00f2 \u00e9s molt i molt molest! &nbsp;\",\"breadcrumb\":{\"@id\":\"https:\\\/\\\/somllavors.com\\\/es\\\/producte\\\/la-dina-esta-molt-enfadada#breadcrumb\"},\"inLanguage\":\"es\",\"potentialAction\":[{\"@type\":\"ReadAction\",\"target\":[\"https:\\\/\\\/somllavors.com\\\/es\\\/producte\\\/la-dina-esta-molt-enfadada\"]}]},{\"@type\":\"ImageObject\",\"inLanguage\":\"es\",\"@id\":\"https:\\\/\\\/somllavors.com\\\/es\\\/producte\\\/la-dina-esta-molt-enfadada#primaryimage\",\"url\":\"https:\\\/\\\/somllavors.com\\\/wp-content\\\/uploads\\\/2022\\\/11\\\/Som-Llavors-.-LA-DINA-ESTA-MOLT-ENFADADA-edicion-en-catalan-9788448859831.jpeg\",\"contentUrl\":\"https:\\\/\\\/somllavors.com\\\/wp-content\\\/uploads\\\/2022\\\/11\\\/Som-Llavors-.-LA-DINA-ESTA-MOLT-ENFADADA-edicion-en-catalan-9788448859831.jpeg\",\"width\":552,\"height\":480,\"caption\":\"contes educatius en catal\u00e0\"},{\"@type\":\"BreadcrumbList\",\"@id\":\"https:\\\/\\\/somllavors.com\\\/es\\\/producte\\\/la-dina-esta-molt-enfadada#breadcrumb\",\"itemListElement\":[{\"@type\":\"ListItem\",\"position\":1,\"name\":\"Inici\",\"item\":\"https:\\\/\\\/somllavors.com\\\/es\"},{\"@type\":\"ListItem\",\"position\":2,\"name\":\"Tienda\",\"item\":\"https:\\\/\\\/somllavors.com\\\/es\\\/botiga-2\"},{\"@type\":\"ListItem\",\"position\":3,\"name\":\"La Dina est\u00e0 molt enfadada\"}]},{\"@type\":\"WebSite\",\"@id\":\"https:\\\/\\\/somllavors.com\\\/es#website\",\"url\":\"https:\\\/\\\/somllavors.com\\\/es\",\"name\":\"Som Llavors\",\"description\":\"Botiga de crian\u00e7a natural\",\"publisher\":{\"@id\":\"https:\\\/\\\/somllavors.com\\\/es#organization\"},\"alternateName\":\"Crian\u00e7a Natural i Sostenible\",\"potentialAction\":[{\"@type\":\"SearchAction\",\"target\":{\"@type\":\"EntryPoint\",\"urlTemplate\":\"https:\\\/\\\/somllavors.com\\\/es?s={search_term_string}\"},\"query-input\":{\"@type\":\"PropertyValueSpecification\",\"valueRequired\":true,\"valueName\":\"search_term_string\"}}],\"inLanguage\":\"es\"},{\"@type\":[\"Organization\",\"Place\",\"Store\"],\"@id\":\"https:\\\/\\\/somllavors.com\\\/es#organization\",\"name\":\"Som Llavors\",\"alternateName\":\"Crian\u00e7a Natural i Sostenible\",\"url\":\"https:\\\/\\\/somllavors.com\\\/es\",\"logo\":{\"@id\":\"https:\\\/\\\/somllavors.com\\\/es\\\/producte\\\/la-dina-esta-molt-enfadada#local-main-organization-logo\"},\"image\":{\"@id\":\"https:\\\/\\\/somllavors.com\\\/es\\\/producte\\\/la-dina-esta-molt-enfadada#local-main-organization-logo\"},\"sameAs\":[\"https:\\\/\\\/www.facebook.com\\\/somllavorsvng\\\/?locale=ca_ES\",\"https:\\\/\\\/www.instagram.com\\\/somllavors_vng\\\/\",\"https:\\\/\\\/www.youtube.com\\\/@somllavors\"],\"address\":{\"@id\":\"https:\\\/\\\/somllavors.com\\\/es\\\/producte\\\/la-dina-esta-molt-enfadada#local-main-place-address\"},\"geo\":{\"@type\":\"GeoCoordinates\",\"latitude\":\"41.2257737\",\"longitude\":\"1.723258859\"},\"telephone\":[\"623152704\"],\"openingHoursSpecification\":[{\"@type\":\"OpeningHoursSpecification\",\"dayOfWeek\":[\"Monday\",\"Sunday\"],\"opens\":\"00:00\",\"closes\":\"00:00\"},{\"@type\":\"OpeningHoursSpecification\",\"dayOfWeek\":[\"Tuesday\",\"Wednesday\",\"Thursday\",\"Friday\"],\"opens\":\"10:00\",\"closes\":\"20:00\"},{\"@type\":\"OpeningHoursSpecification\",\"dayOfWeek\":[\"Saturday\"],\"opens\":\"10:00\",\"closes\":\"13:30\"}],\"email\":\"info@somllavors.com\"},{\"@type\":\"PostalAddress\",\"@id\":\"https:\\\/\\\/somllavors.com\\\/es\\\/producte\\\/la-dina-esta-molt-enfadada#local-main-place-address\",\"streetAddress\":\"Carrer de l'aigua, 6\",\"addressLocality\":\"Vilanova i la Geltr\u00fa\",\"postalCode\":\"08800\",\"addressRegion\":\"Barcelona\",\"addressCountry\":\"ES\"},{\"@type\":\"ImageObject\",\"inLanguage\":\"es\",\"@id\":\"https:\\\/\\\/somllavors.com\\\/es\\\/producte\\\/la-dina-esta-molt-enfadada#local-main-organization-logo\",\"url\":\"https:\\\/\\\/somllavors.com\\\/wp-content\\\/uploads\\\/Logotip-Som-Llavors.jpg\",\"contentUrl\":\"https:\\\/\\\/somllavors.com\\\/wp-content\\\/uploads\\\/Logotip-Som-Llavors.jpg\",\"width\":1444,\"height\":1323,\"caption\":\"Som Llavors\"}]}<\/script>\n<meta property=\"product:price:amount\" content=\"13.95\" \/>\n<meta property=\"product:price:currency\" content=\"EUR\" \/>\n<meta property=\"og:availability\" content=\"out of stock\" \/>\n<meta property=\"product:availability\" content=\"out of stock\" \/>\n<meta property=\"product:retailer_item_id\" content=\"9788448859831\" \/>\n<meta property=\"product:condition\" content=\"new\" \/>\n<meta name=\"geo.placename\" content=\"Vilanova i la Geltr\u00fa\" \/>\n<meta name=\"geo.position\" content=\"41.2257737;1.723258859\" \/>\n<meta name=\"geo.region\" content=\"Espa\u00f1a\" \/>\n<!-- \/ Yoast SEO Premium plugin. -->","yoast_head_json":{"title":"La Dina est\u00e0 molt enfadada &#8212; Som Llavors","description":"Un conte de dinosaures divertit sobre l'enuig, l'amistat, la diversitat i la import\u00e0ncia d'aprendre a demanar ajuda sempre que ho necessitem.  Dina es una tiranosaure rex, la dinosaure m\u00e9s temuda de la selva. Els altres dinosaures saben que la Dina sempre est\u00e0 de molt mal humor, pero no acaben de saber per qu\u00e8. Un dia, en descobreixen el motiu: la Dina t\u00e9 els bra\u00e7os tan curts que no pot ni gratar-se el nas quan li pica. I aix\u00f2 \u00e9s molt i molt molest!  &nbsp;","robots":{"index":"index","follow":"follow","max-snippet":"max-snippet:-1","max-image-preview":"max-image-preview:large","max-video-preview":"max-video-preview:-1"},"canonical":"https:\/\/somllavors.com\/es\/producte\/la-dina-esta-molt-enfadada","og_locale":"es_ES","og_type":"article","og_title":"La Dina est\u00e0 molt enfadada","og_description":"La teva botiga d\u2019ecocrian\u00e7a i espai d\u2019acompanyament a la maternitat","og_url":"https:\/\/somllavors.com\/es\/producte\/la-dina-esta-molt-enfadada","og_site_name":"Som Llavors","article_publisher":"https:\/\/www.facebook.com\/somllavorsvng\/?locale=ca_ES","article_modified_time":"2023-04-22T08:49:01+00:00","og_image":[{"width":552,"height":480,"url":"https:\/\/somllavors.com\/wp-content\/uploads\/2022\/11\/Som-Llavors-.-LA-DINA-ESTA-MOLT-ENFADADA-edicion-en-catalan-9788448859831.jpeg","type":"image\/jpeg"}],"twitter_card":"summary_large_image","twitter_misc":{"Precio":"13,95&euro; Iva incl\u00f2s","Availability":"Out of stock"},"schema":{"@context":"https:\/\/schema.org","@graph":[{"@type":"WebPage","@id":"https:\/\/somllavors.com\/es\/producte\/la-dina-esta-molt-enfadada","url":"https:\/\/somllavors.com\/es\/producte\/la-dina-esta-molt-enfadada","name":"La Dina est\u00e0 molt enfadada &#8212; Som Llavors","isPartOf":{"@id":"https:\/\/somllavors.com\/es#website"},"primaryImageOfPage":{"@id":"https:\/\/somllavors.com\/es\/producte\/la-dina-esta-molt-enfadada#primaryimage"},"image":{"@id":"https:\/\/somllavors.com\/es\/producte\/la-dina-esta-molt-enfadada#primaryimage"},"thumbnailUrl":"https:\/\/somllavors.com\/wp-content\/uploads\/2022\/11\/Som-Llavors-.-LA-DINA-ESTA-MOLT-ENFADADA-edicion-en-catalan-9788448859831.jpeg","datePublished":"2022-11-22T21:50:12+00:00","dateModified":"2023-04-22T08:49:01+00:00","description":"Un conte de dinosaures divertit sobre l'enuig, l'amistat, la diversitat i la import\u00e0ncia d'aprendre a demanar ajuda sempre que ho necessitem. Dina es una tiranosaure rex, la dinosaure m\u00e9s temuda de la selva. Els altres dinosaures saben que la Dina sempre est\u00e0 de molt mal humor, pero no acaben de saber per qu\u00e8. Un dia, en descobreixen el motiu: la Dina t\u00e9 els bra\u00e7os tan curts que no pot ni gratar-se el nas quan li pica. I aix\u00f2 \u00e9s molt i molt molest! &nbsp;","breadcrumb":{"@id":"https:\/\/somllavors.com\/es\/producte\/la-dina-esta-molt-enfadada#breadcrumb"},"inLanguage":"es","potentialAction":[{"@type":"ReadAction","target":["https:\/\/somllavors.com\/es\/producte\/la-dina-esta-molt-enfadada"]}]},{"@type":"ImageObject","inLanguage":"es","@id":"https:\/\/somllavors.com\/es\/producte\/la-dina-esta-molt-enfadada#primaryimage","url":"https:\/\/somllavors.com\/wp-content\/uploads\/2022\/11\/Som-Llavors-.-LA-DINA-ESTA-MOLT-ENFADADA-edicion-en-catalan-9788448859831.jpeg","contentUrl":"https:\/\/somllavors.com\/wp-content\/uploads\/2022\/11\/Som-Llavors-.-LA-DINA-ESTA-MOLT-ENFADADA-edicion-en-catalan-9788448859831.jpeg","width":552,"height":480,"caption":"contes educatius en catal\u00e0"},{"@type":"BreadcrumbList","@id":"https:\/\/somllavors.com\/es\/producte\/la-dina-esta-molt-enfadada#breadcrumb","itemListElement":[{"@type":"ListItem","position":1,"name":"Inici","item":"https:\/\/somllavors.com\/es"},{"@type":"ListItem","position":2,"name":"Tienda","item":"https:\/\/somllavors.com\/es\/botiga-2"},{"@type":"ListItem","position":3,"name":"La Dina est\u00e0 molt enfadada"}]},{"@type":"WebSite","@id":"https:\/\/somllavors.com\/es#website","url":"https:\/\/somllavors.com\/es","name":"Som Llavors","description":"Botiga de crian\u00e7a natural","publisher":{"@id":"https:\/\/somllavors.com\/es#organization"},"alternateName":"Crian\u00e7a Natural i Sostenible","potentialAction":[{"@type":"SearchAction","target":{"@type":"EntryPoint","urlTemplate":"https:\/\/somllavors.com\/es?s={search_term_string}"},"query-input":{"@type":"PropertyValueSpecification","valueRequired":true,"valueName":"search_term_string"}}],"inLanguage":"es"},{"@type":["Organization","Place","Store"],"@id":"https:\/\/somllavors.com\/es#organization","name":"Som Llavors","alternateName":"Crian\u00e7a Natural i Sostenible","url":"https:\/\/somllavors.com\/es","logo":{"@id":"https:\/\/somllavors.com\/es\/producte\/la-dina-esta-molt-enfadada#local-main-organization-logo"},"image":{"@id":"https:\/\/somllavors.com\/es\/producte\/la-dina-esta-molt-enfadada#local-main-organization-logo"},"sameAs":["https:\/\/www.facebook.com\/somllavorsvng\/?locale=ca_ES","https:\/\/www.instagram.com\/somllavors_vng\/","https:\/\/www.youtube.com\/@somllavors"],"address":{"@id":"https:\/\/somllavors.com\/es\/producte\/la-dina-esta-molt-enfadada#local-main-place-address"},"geo":{"@type":"GeoCoordinates","latitude":"41.2257737","longitude":"1.723258859"},"telephone":["623152704","623152704"],"openingHoursSpecification":[{"@type":"OpeningHoursSpecification","dayOfWeek":["Monday","Sunday"],"opens":"00:00","closes":"00:00"},{"@type":"OpeningHoursSpecification","dayOfWeek":["Tuesday","Wednesday","Thursday","Friday"],"opens":"10:00","closes":"20:00"},{"@type":"OpeningHoursSpecification","dayOfWeek":["Saturday"],"opens":"10:00","closes":"13:30"}],"email":"info@somllavors.com"},{"@type":"PostalAddress","@id":"https:\/\/somllavors.com\/es\/producte\/la-dina-esta-molt-enfadada#local-main-place-address","streetAddress":"Carrer de l'aigua, 6","addressLocality":"Vilanova i la Geltr\u00fa","postalCode":"08800","addressRegion":"Barcelona","addressCountry":"ES"},{"@type":"ImageObject","inLanguage":"es","@id":"https:\/\/somllavors.com\/es\/producte\/la-dina-esta-molt-enfadada#local-main-organization-logo","url":"https:\/\/somllavors.com\/wp-content\/uploads\/Logotip-Som-Llavors.jpg","contentUrl":"https:\/\/somllavors.com\/wp-content\/uploads\/Logotip-Som-Llavors.jpg","width":1444,"height":1323,"caption":"Som Llavors"}]},"product_price_amount":"13.95","product_price_currency":"EUR","og_availability":"out of stock","product_availability":"out of stock","product_retailer_item_id":"9788448859831","product_condition":"new","geo.placename":"Vilanova i la Geltr\u00fa","geo.position":{"lat":"41.2257737","long":"1.723258859"},"geo.region":"Espa\u00f1a"},"brands":[],"_links":{"self":[{"href":"https:\/\/somllavors.com\/es\/wp-json\/wp\/v2\/product\/30591","targetHints":{"allow":["GET"]}}],"collection":[{"href":"https:\/\/somllavors.com\/es\/wp-json\/wp\/v2\/product"}],"about":[{"href":"https:\/\/somllavors.com\/es\/wp-json\/wp\/v2\/types\/product"}],"wp:featuredmedia":[{"embeddable":true,"href":"https:\/\/somllavors.com\/es\/wp-json\/wp\/v2\/media\/35923"}],"wp:attachment":[{"href":"https:\/\/somllavors.com\/es\/wp-json\/wp\/v2\/media?parent=30591"}],"wp:term":[{"taxonomy":"pwb-brand","embeddable":true,"href":"https:\/\/somllavors.com\/es\/wp-json\/wp\/v2\/pwb-brand?post=30591"},{"taxonomy":"product_brand","embeddable":true,"href":"https:\/\/somllavors.com\/es\/wp-json\/wp\/v2\/product_brand?post=30591"},{"taxonomy":"product_cat","embeddable":true,"href":"https:\/\/somllavors.com\/es\/wp-json\/wp\/v2\/product_cat?post=30591"},{"taxonomy":"product_tag","embeddable":true,"href":"https:\/\/somllavors.com\/es\/wp-json\/wp\/v2\/product_tag?post=30591"}],"curies":[{"name":"wp","href":"https:\/\/api.w.org\/{rel}","templated":true}]}}