{"id":30763,"date":"2022-11-28T11:09:35","date_gmt":"2022-11-28T10:09:35","guid":{"rendered":"https:\/\/somllavors.com\/?post_type=product&#038;p=30763"},"modified":"2022-12-28T21:45:37","modified_gmt":"2022-12-28T20:45:37","slug":"60-actividades-montessori-para-tu-bebe-timun-mas-editorial-s-a","status":"publish","type":"product","link":"https:\/\/somllavors.com\/es\/producte\/60-actividades-montessori-para-tu-bebe-timun-mas-editorial-s-a","title":{"rendered":"60 actividades Montessori para tu beb\u00e9"},"content":{"rendered":"","protected":false},"excerpt":{"rendered":"<p>60 actividades para estimular al beb\u00e9 desde su nacimiento con la pedagog\u00eda Montessori.<\/p>\n<p>Cuando un beb\u00e9 llega al mundo lo protegemos y lo cuidamos. Tambi\u00e9n podemos alimentar las ganas de descubrir, fomentar su atenci\u00f3n y ayudarle a desarrollar su concentraci\u00f3n en un ambiente de calma y serenidad. Esta obra, dedicada a la pedagog\u00eda Montessori para los m\u00e1s peque\u00f1os, desde el nacimiento hasta los 15 meses, propone ideas y actividades para: preparar el universo de los beb\u00e9s, crear y preparar el material sensorial adaptado a cada etapa de su evoluci\u00f3n, acompa\u00f1arlo en el desarrollo de sus competencias, fomentar su autonom\u00eda y\u201cayudarle a hacer las cosas solo\u201d.<\/p>\n","protected":false},"featured_media":30768,"template":"","meta":{"_acf_changed":false,"site-sidebar-layout":"default","site-content-layout":"default","ast-site-content-layout":"default","site-content-style":"default","site-sidebar-style":"default","ast-global-header-display":"","ast-banner-title-visibility":"","ast-main-header-display":"","ast-hfb-above-header-display":"","ast-hfb-below-header-display":"","ast-hfb-mobile-header-display":"","site-post-title":"","ast-breadcrumbs-content":"","ast-featured-img":"","footer-sml-layout":"","ast-disable-related-posts":"","theme-transparent-header-meta":"default","adv-header-id-meta":"","stick-header-meta":"","header-above-stick-meta":"","header-main-stick-meta":"","header-below-stick-meta":"","astra-migrate-meta-layouts":"default","ast-page-background-enabled":"default","ast-page-background-meta":{"desktop":{"background-color":"","background-image":"","background-repeat":"repeat","background-position":"center center","background-size":"auto","background-attachment":"scroll","background-type":"","background-media":"","overlay-type":"","overlay-color":"","overlay-opacity":"","overlay-gradient":""},"tablet":{"background-color":"","background-image":"","background-repeat":"repeat","background-position":"center center","background-size":"auto","background-attachment":"scroll","background-type":"","background-media":"","overlay-type":"","overlay-color":"","overlay-opacity":"","overlay-gradient":""},"mobile":{"background-color":"","background-image":"","background-repeat":"repeat","background-position":"center center","background-size":"auto","background-attachment":"scroll","background-type":"","background-media":"","overlay-type":"","overlay-color":"","overlay-opacity":"","overlay-gradient":""}},"ast-content-background-meta":{"desktop":{"background-color":"var(--ast-global-color-5)","background-image":"","background-repeat":"repeat","background-position":"center center","background-size":"auto","background-attachment":"scroll","background-type":"","background-media":"","overlay-type":"","overlay-color":"","overlay-opacity":"","overlay-gradient":""},"tablet":{"background-color":"var(--ast-global-color-5)","background-image":"","background-repeat":"repeat","background-position":"center center","background-size":"auto","background-attachment":"scroll","background-type":"","background-media":"","overlay-type":"","overlay-color":"","overlay-opacity":"","overlay-gradient":""},"mobile":{"background-color":"var(--ast-global-color-5)","background-image":"","background-repeat":"repeat","background-position":"center center","background-size":"auto","background-attachment":"scroll","background-type":"","background-media":"","overlay-type":"","overlay-color":"","overlay-opacity":"","overlay-gradient":""}}},"pwb-brand":[],"product_brand":[],"product_cat":[567],"product_tag":[851,3276,1899],"class_list":{"0":"post-30763","1":"product","2":"type-product","3":"status-publish","4":"has-post-thumbnail","6":"product_cat-infantils","7":"product_tag-libro","8":"product_tag-pedagogia-montessori","9":"product_tag-timun-mas","10":"desktop-align-left","11":"tablet-align-left","12":"mobile-align-left","14":"first","15":"instock","16":"taxable","17":"shipping-taxable","18":"purchasable","19":"product-type-simple"},"acf":[],"yoast_head":"<!-- This site is optimized with the Yoast SEO Premium plugin v18.3 (Yoast SEO v27.4) - https:\/\/yoast.com\/product\/yoast-seo-premium-wordpress\/ -->\n<title>60 actividades Montessori para tu beb\u00e9 &#8212; Som Llavors<\/title>\n<meta name=\"description\" content=\"60 actividades para estimular al beb\u00e9 desde su nacimiento con la pedagog\u00eda Montessori.  Cuando un beb\u00e9 llega al mundo lo protegemos y lo cuidamos. Tambi\u00e9n podemos alimentar las ganas de descubrir, fomentar su atenci\u00f3n y ayudarle a desarrollar su concentraci\u00f3n en un ambiente de calma y serenidad. Esta obra, dedicada a la pedagog\u00eda Montessori para los m\u00e1s peque\u00f1os, desde el nacimiento hasta los 15 meses, propone ideas y actividades para: preparar el universo de los beb\u00e9s, crear y preparar el material sensorial adaptado a cada etapa de su evoluci\u00f3n, acompa\u00f1arlo en el desarrollo de sus competencias, fomentar su autonom\u00eda y\u201cayudarle a hacer las cosas solo\u201d.\" \/>\n<meta name=\"robots\" content=\"index, follow, max-snippet:-1, max-image-preview:large, max-video-preview:-1\" \/>\n<link rel=\"canonical\" href=\"https:\/\/somllavors.com\/es\/producte\/60-actividades-montessori-para-tu-bebe-timun-mas-editorial-s-a\" \/>\n<meta property=\"og:locale\" content=\"es_ES\" \/>\n<meta property=\"og:type\" content=\"article\" \/>\n<meta property=\"og:title\" content=\"60 actividades Montessori para tu beb\u00e9\" \/>\n<meta property=\"og:description\" content=\"La teva botiga d\u2019ecocrian\u00e7a i espai d\u2019acompanyament a la maternitat\" \/>\n<meta property=\"og:url\" content=\"https:\/\/somllavors.com\/es\/producte\/60-actividades-montessori-para-tu-bebe-timun-mas-editorial-s-a\" \/>\n<meta property=\"og:site_name\" content=\"Som Llavors\" \/>\n<meta property=\"article:publisher\" content=\"https:\/\/www.facebook.com\/somllavorsvng\/?locale=ca_ES\" \/>\n<meta property=\"article:modified_time\" content=\"2022-12-28T20:45:37+00:00\" \/>\n<meta property=\"og:image\" content=\"https:\/\/somllavors.com\/wp-content\/uploads\/Som-Llavors-60-ACTIVIDADES-MONTESSORI-PARA-TU-BEBE-.jpeg\" \/>\n\t<meta property=\"og:image:width\" content=\"552\" \/>\n\t<meta property=\"og:image:height\" content=\"753\" \/>\n\t<meta property=\"og:image:type\" content=\"image\/jpeg\" \/>\n<meta name=\"twitter:card\" content=\"summary_large_image\" \/>\n<meta name=\"twitter:label1\" content=\"Precio\" \/>\n\t<meta name=\"twitter:data1\" content=\"12,95&euro; Iva incl\u00f2s\" \/>\n\t<meta name=\"twitter:label2\" content=\"Availability\" \/>\n\t<meta name=\"twitter:data2\" content=\"Hay existencias\" \/>\n<script type=\"application\/ld+json\" class=\"yoast-schema-graph\">{\"@context\":\"https:\\\/\\\/schema.org\",\"@graph\":[{\"@type\":\"WebPage\",\"@id\":\"https:\\\/\\\/somllavors.com\\\/es\\\/producte\\\/60-actividades-montessori-para-tu-bebe-timun-mas-editorial-s-a\",\"url\":\"https:\\\/\\\/somllavors.com\\\/es\\\/producte\\\/60-actividades-montessori-para-tu-bebe-timun-mas-editorial-s-a\",\"name\":\"60 actividades Montessori para tu beb\u00e9 &#8212; Som Llavors\",\"isPartOf\":{\"@id\":\"https:\\\/\\\/somllavors.com\\\/es#website\"},\"primaryImageOfPage\":{\"@id\":\"https:\\\/\\\/somllavors.com\\\/es\\\/producte\\\/60-actividades-montessori-para-tu-bebe-timun-mas-editorial-s-a#primaryimage\"},\"image\":{\"@id\":\"https:\\\/\\\/somllavors.com\\\/es\\\/producte\\\/60-actividades-montessori-para-tu-bebe-timun-mas-editorial-s-a#primaryimage\"},\"thumbnailUrl\":\"https:\\\/\\\/somllavors.com\\\/wp-content\\\/uploads\\\/Som-Llavors-60-ACTIVIDADES-MONTESSORI-PARA-TU-BEBE-.jpeg\",\"datePublished\":\"2022-11-28T10:09:35+00:00\",\"dateModified\":\"2022-12-28T20:45:37+00:00\",\"description\":\"60 actividades para estimular al beb\u00e9 desde su nacimiento con la pedagog\u00eda Montessori. Cuando un beb\u00e9 llega al mundo lo protegemos y lo cuidamos. Tambi\u00e9n podemos alimentar las ganas de descubrir, fomentar su atenci\u00f3n y ayudarle a desarrollar su concentraci\u00f3n en un ambiente de calma y serenidad. Esta obra, dedicada a la pedagog\u00eda Montessori para los m\u00e1s peque\u00f1os, desde el nacimiento hasta los 15 meses, propone ideas y actividades para: preparar el universo de los beb\u00e9s, crear y preparar el material sensorial adaptado a cada etapa de su evoluci\u00f3n, acompa\u00f1arlo en el desarrollo de sus competencias, fomentar su autonom\u00eda y\u201cayudarle a hacer las cosas solo\u201d.\",\"breadcrumb\":{\"@id\":\"https:\\\/\\\/somllavors.com\\\/es\\\/producte\\\/60-actividades-montessori-para-tu-bebe-timun-mas-editorial-s-a#breadcrumb\"},\"inLanguage\":\"es\",\"potentialAction\":[{\"@type\":\"ReadAction\",\"target\":[\"https:\\\/\\\/somllavors.com\\\/es\\\/producte\\\/60-actividades-montessori-para-tu-bebe-timun-mas-editorial-s-a\"]}]},{\"@type\":\"ImageObject\",\"inLanguage\":\"es\",\"@id\":\"https:\\\/\\\/somllavors.com\\\/es\\\/producte\\\/60-actividades-montessori-para-tu-bebe-timun-mas-editorial-s-a#primaryimage\",\"url\":\"https:\\\/\\\/somllavors.com\\\/wp-content\\\/uploads\\\/Som-Llavors-60-ACTIVIDADES-MONTESSORI-PARA-TU-BEBE-.jpeg\",\"contentUrl\":\"https:\\\/\\\/somllavors.com\\\/wp-content\\\/uploads\\\/Som-Llavors-60-ACTIVIDADES-MONTESSORI-PARA-TU-BEBE-.jpeg\",\"width\":552,\"height\":753,\"caption\":\"60 actividades para estimular al beb\u00e9 desde su nacimiento con la pedagog\u00eda Montessori.\"},{\"@type\":\"BreadcrumbList\",\"@id\":\"https:\\\/\\\/somllavors.com\\\/es\\\/producte\\\/60-actividades-montessori-para-tu-bebe-timun-mas-editorial-s-a#breadcrumb\",\"itemListElement\":[{\"@type\":\"ListItem\",\"position\":1,\"name\":\"Inici\",\"item\":\"https:\\\/\\\/somllavors.com\\\/es\"},{\"@type\":\"ListItem\",\"position\":2,\"name\":\"Tienda\",\"item\":\"https:\\\/\\\/somllavors.com\\\/es\\\/botiga-2\"},{\"@type\":\"ListItem\",\"position\":3,\"name\":\"60 actividades Montessori para tu beb\u00e9\"}]},{\"@type\":\"WebSite\",\"@id\":\"https:\\\/\\\/somllavors.com\\\/es#website\",\"url\":\"https:\\\/\\\/somllavors.com\\\/es\",\"name\":\"Som Llavors\",\"description\":\"Botiga de crian\u00e7a natural\",\"publisher\":{\"@id\":\"https:\\\/\\\/somllavors.com\\\/es#organization\"},\"alternateName\":\"Crian\u00e7a Natural i Sostenible\",\"potentialAction\":[{\"@type\":\"SearchAction\",\"target\":{\"@type\":\"EntryPoint\",\"urlTemplate\":\"https:\\\/\\\/somllavors.com\\\/es?s={search_term_string}\"},\"query-input\":{\"@type\":\"PropertyValueSpecification\",\"valueRequired\":true,\"valueName\":\"search_term_string\"}}],\"inLanguage\":\"es\"},{\"@type\":[\"Organization\",\"Place\",\"Store\"],\"@id\":\"https:\\\/\\\/somllavors.com\\\/es#organization\",\"name\":\"Som Llavors\",\"alternateName\":\"Crian\u00e7a Natural i Sostenible\",\"url\":\"https:\\\/\\\/somllavors.com\\\/es\",\"logo\":{\"@id\":\"https:\\\/\\\/somllavors.com\\\/es\\\/producte\\\/60-actividades-montessori-para-tu-bebe-timun-mas-editorial-s-a#local-main-organization-logo\"},\"image\":{\"@id\":\"https:\\\/\\\/somllavors.com\\\/es\\\/producte\\\/60-actividades-montessori-para-tu-bebe-timun-mas-editorial-s-a#local-main-organization-logo\"},\"sameAs\":[\"https:\\\/\\\/www.facebook.com\\\/somllavorsvng\\\/?locale=ca_ES\",\"https:\\\/\\\/www.instagram.com\\\/somllavors_vng\\\/\",\"https:\\\/\\\/www.youtube.com\\\/@somllavors\"],\"address\":{\"@id\":\"https:\\\/\\\/somllavors.com\\\/es\\\/producte\\\/60-actividades-montessori-para-tu-bebe-timun-mas-editorial-s-a#local-main-place-address\"},\"geo\":{\"@type\":\"GeoCoordinates\",\"latitude\":\"41.2257737\",\"longitude\":\"1.723258859\"},\"telephone\":[\"623152704\"],\"openingHoursSpecification\":[{\"@type\":\"OpeningHoursSpecification\",\"dayOfWeek\":[\"Monday\",\"Sunday\"],\"opens\":\"00:00\",\"closes\":\"00:00\"},{\"@type\":\"OpeningHoursSpecification\",\"dayOfWeek\":[\"Tuesday\",\"Wednesday\",\"Thursday\",\"Friday\"],\"opens\":\"10:00\",\"closes\":\"20:00\"},{\"@type\":\"OpeningHoursSpecification\",\"dayOfWeek\":[\"Saturday\"],\"opens\":\"10:00\",\"closes\":\"13:30\"}],\"email\":\"info@somllavors.com\"},{\"@type\":\"PostalAddress\",\"@id\":\"https:\\\/\\\/somllavors.com\\\/es\\\/producte\\\/60-actividades-montessori-para-tu-bebe-timun-mas-editorial-s-a#local-main-place-address\",\"streetAddress\":\"Carrer de l'aigua, 6\",\"addressLocality\":\"Vilanova i la Geltr\u00fa\",\"postalCode\":\"08800\",\"addressRegion\":\"Barcelona\",\"addressCountry\":\"ES\"},{\"@type\":\"ImageObject\",\"inLanguage\":\"es\",\"@id\":\"https:\\\/\\\/somllavors.com\\\/es\\\/producte\\\/60-actividades-montessori-para-tu-bebe-timun-mas-editorial-s-a#local-main-organization-logo\",\"url\":\"https:\\\/\\\/somllavors.com\\\/wp-content\\\/uploads\\\/Logotip-Som-Llavors.jpg\",\"contentUrl\":\"https:\\\/\\\/somllavors.com\\\/wp-content\\\/uploads\\\/Logotip-Som-Llavors.jpg\",\"width\":1444,\"height\":1323,\"caption\":\"Som Llavors\"}]}<\/script>\n<meta property=\"product:price:amount\" content=\"12.95\" \/>\n<meta property=\"product:price:currency\" content=\"EUR\" \/>\n<meta property=\"og:availability\" content=\"instock\" \/>\n<meta property=\"product:availability\" content=\"instock\" \/>\n<meta property=\"product:retailer_item_id\" content=\"9788408182160\" \/>\n<meta property=\"product:condition\" content=\"new\" \/>\n<meta name=\"geo.placename\" content=\"Vilanova i la Geltr\u00fa\" \/>\n<meta name=\"geo.position\" content=\"41.2257737;1.723258859\" \/>\n<meta name=\"geo.region\" content=\"Espa\u00f1a\" \/>\n<!-- \/ Yoast SEO Premium plugin. -->","yoast_head_json":{"title":"60 actividades Montessori para tu beb\u00e9 &#8212; Som Llavors","description":"60 actividades para estimular al beb\u00e9 desde su nacimiento con la pedagog\u00eda Montessori.  Cuando un beb\u00e9 llega al mundo lo protegemos y lo cuidamos. Tambi\u00e9n podemos alimentar las ganas de descubrir, fomentar su atenci\u00f3n y ayudarle a desarrollar su concentraci\u00f3n en un ambiente de calma y serenidad. Esta obra, dedicada a la pedagog\u00eda Montessori para los m\u00e1s peque\u00f1os, desde el nacimiento hasta los 15 meses, propone ideas y actividades para: preparar el universo de los beb\u00e9s, crear y preparar el material sensorial adaptado a cada etapa de su evoluci\u00f3n, acompa\u00f1arlo en el desarrollo de sus competencias, fomentar su autonom\u00eda y\u201cayudarle a hacer las cosas solo\u201d.","robots":{"index":"index","follow":"follow","max-snippet":"max-snippet:-1","max-image-preview":"max-image-preview:large","max-video-preview":"max-video-preview:-1"},"canonical":"https:\/\/somllavors.com\/es\/producte\/60-actividades-montessori-para-tu-bebe-timun-mas-editorial-s-a","og_locale":"es_ES","og_type":"article","og_title":"60 actividades Montessori para tu beb\u00e9","og_description":"La teva botiga d\u2019ecocrian\u00e7a i espai d\u2019acompanyament a la maternitat","og_url":"https:\/\/somllavors.com\/es\/producte\/60-actividades-montessori-para-tu-bebe-timun-mas-editorial-s-a","og_site_name":"Som Llavors","article_publisher":"https:\/\/www.facebook.com\/somllavorsvng\/?locale=ca_ES","article_modified_time":"2022-12-28T20:45:37+00:00","og_image":[{"width":552,"height":753,"url":"https:\/\/somllavors.com\/wp-content\/uploads\/Som-Llavors-60-ACTIVIDADES-MONTESSORI-PARA-TU-BEBE-.jpeg","type":"image\/jpeg"}],"twitter_card":"summary_large_image","twitter_misc":{"Precio":"12,95&euro; Iva incl\u00f2s","Availability":"Hay existencias"},"schema":{"@context":"https:\/\/schema.org","@graph":[{"@type":"WebPage","@id":"https:\/\/somllavors.com\/es\/producte\/60-actividades-montessori-para-tu-bebe-timun-mas-editorial-s-a","url":"https:\/\/somllavors.com\/es\/producte\/60-actividades-montessori-para-tu-bebe-timun-mas-editorial-s-a","name":"60 actividades Montessori para tu beb\u00e9 &#8212; Som Llavors","isPartOf":{"@id":"https:\/\/somllavors.com\/es#website"},"primaryImageOfPage":{"@id":"https:\/\/somllavors.com\/es\/producte\/60-actividades-montessori-para-tu-bebe-timun-mas-editorial-s-a#primaryimage"},"image":{"@id":"https:\/\/somllavors.com\/es\/producte\/60-actividades-montessori-para-tu-bebe-timun-mas-editorial-s-a#primaryimage"},"thumbnailUrl":"https:\/\/somllavors.com\/wp-content\/uploads\/Som-Llavors-60-ACTIVIDADES-MONTESSORI-PARA-TU-BEBE-.jpeg","datePublished":"2022-11-28T10:09:35+00:00","dateModified":"2022-12-28T20:45:37+00:00","description":"60 actividades para estimular al beb\u00e9 desde su nacimiento con la pedagog\u00eda Montessori. Cuando un beb\u00e9 llega al mundo lo protegemos y lo cuidamos. Tambi\u00e9n podemos alimentar las ganas de descubrir, fomentar su atenci\u00f3n y ayudarle a desarrollar su concentraci\u00f3n en un ambiente de calma y serenidad. Esta obra, dedicada a la pedagog\u00eda Montessori para los m\u00e1s peque\u00f1os, desde el nacimiento hasta los 15 meses, propone ideas y actividades para: preparar el universo de los beb\u00e9s, crear y preparar el material sensorial adaptado a cada etapa de su evoluci\u00f3n, acompa\u00f1arlo en el desarrollo de sus competencias, fomentar su autonom\u00eda y\u201cayudarle a hacer las cosas solo\u201d.","breadcrumb":{"@id":"https:\/\/somllavors.com\/es\/producte\/60-actividades-montessori-para-tu-bebe-timun-mas-editorial-s-a#breadcrumb"},"inLanguage":"es","potentialAction":[{"@type":"ReadAction","target":["https:\/\/somllavors.com\/es\/producte\/60-actividades-montessori-para-tu-bebe-timun-mas-editorial-s-a"]}]},{"@type":"ImageObject","inLanguage":"es","@id":"https:\/\/somllavors.com\/es\/producte\/60-actividades-montessori-para-tu-bebe-timun-mas-editorial-s-a#primaryimage","url":"https:\/\/somllavors.com\/wp-content\/uploads\/Som-Llavors-60-ACTIVIDADES-MONTESSORI-PARA-TU-BEBE-.jpeg","contentUrl":"https:\/\/somllavors.com\/wp-content\/uploads\/Som-Llavors-60-ACTIVIDADES-MONTESSORI-PARA-TU-BEBE-.jpeg","width":552,"height":753,"caption":"60 actividades para estimular al beb\u00e9 desde su nacimiento con la pedagog\u00eda Montessori."},{"@type":"BreadcrumbList","@id":"https:\/\/somllavors.com\/es\/producte\/60-actividades-montessori-para-tu-bebe-timun-mas-editorial-s-a#breadcrumb","itemListElement":[{"@type":"ListItem","position":1,"name":"Inici","item":"https:\/\/somllavors.com\/es"},{"@type":"ListItem","position":2,"name":"Tienda","item":"https:\/\/somllavors.com\/es\/botiga-2"},{"@type":"ListItem","position":3,"name":"60 actividades Montessori para tu beb\u00e9"}]},{"@type":"WebSite","@id":"https:\/\/somllavors.com\/es#website","url":"https:\/\/somllavors.com\/es","name":"Som Llavors","description":"Botiga de crian\u00e7a natural","publisher":{"@id":"https:\/\/somllavors.com\/es#organization"},"alternateName":"Crian\u00e7a Natural i Sostenible","potentialAction":[{"@type":"SearchAction","target":{"@type":"EntryPoint","urlTemplate":"https:\/\/somllavors.com\/es?s={search_term_string}"},"query-input":{"@type":"PropertyValueSpecification","valueRequired":true,"valueName":"search_term_string"}}],"inLanguage":"es"},{"@type":["Organization","Place","Store"],"@id":"https:\/\/somllavors.com\/es#organization","name":"Som Llavors","alternateName":"Crian\u00e7a Natural i Sostenible","url":"https:\/\/somllavors.com\/es","logo":{"@id":"https:\/\/somllavors.com\/es\/producte\/60-actividades-montessori-para-tu-bebe-timun-mas-editorial-s-a#local-main-organization-logo"},"image":{"@id":"https:\/\/somllavors.com\/es\/producte\/60-actividades-montessori-para-tu-bebe-timun-mas-editorial-s-a#local-main-organization-logo"},"sameAs":["https:\/\/www.facebook.com\/somllavorsvng\/?locale=ca_ES","https:\/\/www.instagram.com\/somllavors_vng\/","https:\/\/www.youtube.com\/@somllavors"],"address":{"@id":"https:\/\/somllavors.com\/es\/producte\/60-actividades-montessori-para-tu-bebe-timun-mas-editorial-s-a#local-main-place-address"},"geo":{"@type":"GeoCoordinates","latitude":"41.2257737","longitude":"1.723258859"},"telephone":["623152704","623152704"],"openingHoursSpecification":[{"@type":"OpeningHoursSpecification","dayOfWeek":["Monday","Sunday"],"opens":"00:00","closes":"00:00"},{"@type":"OpeningHoursSpecification","dayOfWeek":["Tuesday","Wednesday","Thursday","Friday"],"opens":"10:00","closes":"20:00"},{"@type":"OpeningHoursSpecification","dayOfWeek":["Saturday"],"opens":"10:00","closes":"13:30"}],"email":"info@somllavors.com"},{"@type":"PostalAddress","@id":"https:\/\/somllavors.com\/es\/producte\/60-actividades-montessori-para-tu-bebe-timun-mas-editorial-s-a#local-main-place-address","streetAddress":"Carrer de l'aigua, 6","addressLocality":"Vilanova i la Geltr\u00fa","postalCode":"08800","addressRegion":"Barcelona","addressCountry":"ES"},{"@type":"ImageObject","inLanguage":"es","@id":"https:\/\/somllavors.com\/es\/producte\/60-actividades-montessori-para-tu-bebe-timun-mas-editorial-s-a#local-main-organization-logo","url":"https:\/\/somllavors.com\/wp-content\/uploads\/Logotip-Som-Llavors.jpg","contentUrl":"https:\/\/somllavors.com\/wp-content\/uploads\/Logotip-Som-Llavors.jpg","width":1444,"height":1323,"caption":"Som Llavors"}]},"product_price_amount":"12.95","product_price_currency":"EUR","og_availability":"instock","product_availability":"instock","product_retailer_item_id":"9788408182160","product_condition":"new","geo.placename":"Vilanova i la Geltr\u00fa","geo.position":{"lat":"41.2257737","long":"1.723258859"},"geo.region":"Espa\u00f1a"},"brands":[],"_links":{"self":[{"href":"https:\/\/somllavors.com\/es\/wp-json\/wp\/v2\/product\/30763","targetHints":{"allow":["GET"]}}],"collection":[{"href":"https:\/\/somllavors.com\/es\/wp-json\/wp\/v2\/product"}],"about":[{"href":"https:\/\/somllavors.com\/es\/wp-json\/wp\/v2\/types\/product"}],"wp:featuredmedia":[{"embeddable":true,"href":"https:\/\/somllavors.com\/es\/wp-json\/wp\/v2\/media\/30768"}],"wp:attachment":[{"href":"https:\/\/somllavors.com\/es\/wp-json\/wp\/v2\/media?parent=30763"}],"wp:term":[{"taxonomy":"pwb-brand","embeddable":true,"href":"https:\/\/somllavors.com\/es\/wp-json\/wp\/v2\/pwb-brand?post=30763"},{"taxonomy":"product_brand","embeddable":true,"href":"https:\/\/somllavors.com\/es\/wp-json\/wp\/v2\/product_brand?post=30763"},{"taxonomy":"product_cat","embeddable":true,"href":"https:\/\/somllavors.com\/es\/wp-json\/wp\/v2\/product_cat?post=30763"},{"taxonomy":"product_tag","embeddable":true,"href":"https:\/\/somllavors.com\/es\/wp-json\/wp\/v2\/product_tag?post=30763"}],"curies":[{"name":"wp","href":"https:\/\/api.w.org\/{rel}","templated":true}]}}