{"id":30778,"date":"2022-11-28T11:30:46","date_gmt":"2022-11-28T10:30:46","guid":{"rendered":"https:\/\/somllavors.com\/?post_type=product&#038;p=30778"},"modified":"2022-11-28T11:55:32","modified_gmt":"2022-11-28T10:55:32","slug":"60-activitats-montessori-per-la-teu-nado","status":"publish","type":"product","link":"https:\/\/somllavors.com\/es\/producte\/60-activitats-montessori-per-la-teu-nado","title":{"rendered":"60 activitats Montessori per la teu nad\u00f3"},"content":{"rendered":"","protected":false},"excerpt":{"rendered":"<p>Un llibre pr\u00e0ctic per preparar l\u2019univers dels nadons, educar-los i ajudar-los a ser aut\u00f2noms.<\/p>\n<p>Quan un nad\u00f3 arriba al m\u00f3n, l\u2019acollim, el protegim i el cuidem. Tamb\u00e9 podem alimentar les ganes de descobrir, fomentar la seva atenci\u00f3 i ajudar-lo a desenvolupar la seva concentraci\u00f3 en un ambient de calma i serenitat.<br \/>\nAquesta obra, dedicada a la pedagogia de Maria Montessori per als infants m\u00e9s petits, des del naixement fins als quinze mesos, us proposa idees i activitats per:<\/p>\n<ul>\n<li>Preparar l\u2019univers dels nadons.<\/li>\n<li>Crear i preparar el material sensorial adaptat a cada etapa de la seva evoluci\u00f3.<\/li>\n<li>Acompanyar-lo en el desenvolupament de les seves compet\u00e8ncies.<\/li>\n<li>Fomentar la seva autonomia.<\/li>\n<li>Afavorir a casa un ambient ser\u00e8 i positiu.<\/li>\n<\/ul>\n","protected":false},"featured_media":30786,"template":"","meta":{"_acf_changed":false,"site-sidebar-layout":"default","site-content-layout":"default","ast-site-content-layout":"default","site-content-style":"default","site-sidebar-style":"default","ast-global-header-display":"","ast-banner-title-visibility":"","ast-main-header-display":"","ast-hfb-above-header-display":"","ast-hfb-below-header-display":"","ast-hfb-mobile-header-display":"","site-post-title":"","ast-breadcrumbs-content":"","ast-featured-img":"","footer-sml-layout":"","ast-disable-related-posts":"","theme-transparent-header-meta":"default","adv-header-id-meta":"","stick-header-meta":"","header-above-stick-meta":"","header-main-stick-meta":"","header-below-stick-meta":"","astra-migrate-meta-layouts":"default","ast-page-background-enabled":"default","ast-page-background-meta":{"desktop":{"background-color":"","background-image":"","background-repeat":"repeat","background-position":"center center","background-size":"auto","background-attachment":"scroll","background-type":"","background-media":"","overlay-type":"","overlay-color":"","overlay-opacity":"","overlay-gradient":""},"tablet":{"background-color":"","background-image":"","background-repeat":"repeat","background-position":"center center","background-size":"auto","background-attachment":"scroll","background-type":"","background-media":"","overlay-type":"","overlay-color":"","overlay-opacity":"","overlay-gradient":""},"mobile":{"background-color":"","background-image":"","background-repeat":"repeat","background-position":"center center","background-size":"auto","background-attachment":"scroll","background-type":"","background-media":"","overlay-type":"","overlay-color":"","overlay-opacity":"","overlay-gradient":""}},"ast-content-background-meta":{"desktop":{"background-color":"var(--ast-global-color-5)","background-image":"","background-repeat":"repeat","background-position":"center center","background-size":"auto","background-attachment":"scroll","background-type":"","background-media":"","overlay-type":"","overlay-color":"","overlay-opacity":"","overlay-gradient":""},"tablet":{"background-color":"var(--ast-global-color-5)","background-image":"","background-repeat":"repeat","background-position":"center center","background-size":"auto","background-attachment":"scroll","background-type":"","background-media":"","overlay-type":"","overlay-color":"","overlay-opacity":"","overlay-gradient":""},"mobile":{"background-color":"var(--ast-global-color-5)","background-image":"","background-repeat":"repeat","background-position":"center center","background-size":"auto","background-attachment":"scroll","background-type":"","background-media":"","overlay-type":"","overlay-color":"","overlay-opacity":"","overlay-gradient":""}}},"pwb-brand":[],"product_brand":[],"product_cat":[567],"product_tag":[960],"class_list":{"0":"post-30778","1":"product","2":"type-product","3":"status-publish","4":"has-post-thumbnail","6":"product_cat-infantils","7":"product_tag-estrella-polar","8":"desktop-align-left","9":"tablet-align-left","10":"mobile-align-left","12":"first","13":"instock","14":"taxable","15":"shipping-taxable","16":"purchasable","17":"product-type-simple"},"acf":[],"yoast_head":"<!-- This site is optimized with the Yoast SEO Premium plugin v18.3 (Yoast SEO v27.4) - https:\/\/yoast.com\/product\/yoast-seo-premium-wordpress\/ -->\n<title>60 activitats Montessori per la teu nad\u00f3 &#8212; Som Llavors<\/title>\n<meta name=\"description\" content=\"Un llibre pr\u00e0ctic per preparar l\u2019univers dels nadons, educar-los i ajudar-los a ser aut\u00f2noms.  Quan un nad\u00f3 arriba al m\u00f3n, l\u2019acollim, el protegim i el cuidem. Tamb\u00e9 podem alimentar les ganes de descobrir, fomentar la seva atenci\u00f3 i ajudar-lo a desenvolupar la seva concentraci\u00f3 en un ambient de calma i serenitat. Aquesta obra, dedicada a la pedagogia de Maria Montessori per als infants m\u00e9s petits, des del naixement fins als quinze mesos, us proposa idees i activitats per:   Preparar l\u2019univers dels nadons.  Crear i preparar el material sensorial adaptat a cada etapa de la seva evoluci\u00f3.  Acompanyar-lo en el desenvolupament de les seves compet\u00e8ncies.  Fomentar la seva autonomia.  Afavorir a casa un ambient ser\u00e8 i positiu.\" \/>\n<meta name=\"robots\" content=\"index, follow, max-snippet:-1, max-image-preview:large, max-video-preview:-1\" \/>\n<link rel=\"canonical\" href=\"https:\/\/somllavors.com\/es\/producte\/60-activitats-montessori-per-la-teu-nado\" \/>\n<meta property=\"og:locale\" content=\"es_ES\" \/>\n<meta property=\"og:type\" content=\"article\" \/>\n<meta property=\"og:title\" content=\"60 activitats Montessori per la teu nad\u00f3\" \/>\n<meta property=\"og:description\" content=\"La teva botiga d\u2019ecocrian\u00e7a i espai d\u2019acompanyament a la maternitat\" \/>\n<meta property=\"og:url\" content=\"https:\/\/somllavors.com\/es\/producte\/60-activitats-montessori-per-la-teu-nado\" \/>\n<meta property=\"og:site_name\" content=\"Som Llavors\" \/>\n<meta property=\"article:publisher\" content=\"https:\/\/www.facebook.com\/somllavorsvng\/?locale=ca_ES\" \/>\n<meta property=\"article:modified_time\" content=\"2022-11-28T10:55:32+00:00\" \/>\n<meta property=\"og:image\" content=\"https:\/\/somllavors.com\/wp-content\/uploads\/Som-Llavors-60-ACTIVITATS-MONTESSORI-PER-AL-TEU-NADO-.jpeg\" \/>\n\t<meta property=\"og:image:width\" content=\"552\" \/>\n\t<meta property=\"og:image:height\" content=\"752\" \/>\n\t<meta property=\"og:image:type\" content=\"image\/jpeg\" \/>\n<meta name=\"twitter:card\" content=\"summary_large_image\" \/>\n<meta name=\"twitter:label1\" content=\"Precio\" \/>\n\t<meta name=\"twitter:data1\" content=\"12,95&euro; Iva incl\u00f2s\" \/>\n\t<meta name=\"twitter:label2\" content=\"Availability\" \/>\n\t<meta name=\"twitter:data2\" content=\"Hay existencias\" \/>\n<script type=\"application\/ld+json\" class=\"yoast-schema-graph\">{\"@context\":\"https:\\\/\\\/schema.org\",\"@graph\":[{\"@type\":\"WebPage\",\"@id\":\"https:\\\/\\\/somllavors.com\\\/es\\\/producte\\\/60-activitats-montessori-per-la-teu-nado\",\"url\":\"https:\\\/\\\/somllavors.com\\\/es\\\/producte\\\/60-activitats-montessori-per-la-teu-nado\",\"name\":\"60 activitats Montessori per la teu nad\u00f3 &#8212; Som Llavors\",\"isPartOf\":{\"@id\":\"https:\\\/\\\/somllavors.com\\\/es#website\"},\"primaryImageOfPage\":{\"@id\":\"https:\\\/\\\/somllavors.com\\\/es\\\/producte\\\/60-activitats-montessori-per-la-teu-nado#primaryimage\"},\"image\":{\"@id\":\"https:\\\/\\\/somllavors.com\\\/es\\\/producte\\\/60-activitats-montessori-per-la-teu-nado#primaryimage\"},\"thumbnailUrl\":\"https:\\\/\\\/somllavors.com\\\/wp-content\\\/uploads\\\/Som-Llavors-60-ACTIVITATS-MONTESSORI-PER-AL-TEU-NADO-.jpeg\",\"datePublished\":\"2022-11-28T10:30:46+00:00\",\"dateModified\":\"2022-11-28T10:55:32+00:00\",\"description\":\"Un llibre pr\u00e0ctic per preparar l\u2019univers dels nadons, educar-los i ajudar-los a ser aut\u00f2noms. Quan un nad\u00f3 arriba al m\u00f3n, l\u2019acollim, el protegim i el cuidem. Tamb\u00e9 podem alimentar les ganes de descobrir, fomentar la seva atenci\u00f3 i ajudar-lo a desenvolupar la seva concentraci\u00f3 en un ambient de calma i serenitat. Aquesta obra, dedicada a la pedagogia de Maria Montessori per als infants m\u00e9s petits, des del naixement fins als quinze mesos, us proposa idees i activitats per: Preparar l\u2019univers dels nadons. Crear i preparar el material sensorial adaptat a cada etapa de la seva evoluci\u00f3. Acompanyar-lo en el desenvolupament de les seves compet\u00e8ncies. Fomentar la seva autonomia. Afavorir a casa un ambient ser\u00e8 i positiu.\",\"breadcrumb\":{\"@id\":\"https:\\\/\\\/somllavors.com\\\/es\\\/producte\\\/60-activitats-montessori-per-la-teu-nado#breadcrumb\"},\"inLanguage\":\"es\",\"potentialAction\":[{\"@type\":\"ReadAction\",\"target\":[\"https:\\\/\\\/somllavors.com\\\/es\\\/producte\\\/60-activitats-montessori-per-la-teu-nado\"]}]},{\"@type\":\"ImageObject\",\"inLanguage\":\"es\",\"@id\":\"https:\\\/\\\/somllavors.com\\\/es\\\/producte\\\/60-activitats-montessori-per-la-teu-nado#primaryimage\",\"url\":\"https:\\\/\\\/somllavors.com\\\/wp-content\\\/uploads\\\/Som-Llavors-60-ACTIVITATS-MONTESSORI-PER-AL-TEU-NADO-.jpeg\",\"contentUrl\":\"https:\\\/\\\/somllavors.com\\\/wp-content\\\/uploads\\\/Som-Llavors-60-ACTIVITATS-MONTESSORI-PER-AL-TEU-NADO-.jpeg\",\"width\":552,\"height\":752,\"caption\":\"Un llibre pr\u00e0ctic per preparar l\u2019univers dels nadons, educar-los i ajudar-los a ser aut\u00f2noms.\"},{\"@type\":\"BreadcrumbList\",\"@id\":\"https:\\\/\\\/somllavors.com\\\/es\\\/producte\\\/60-activitats-montessori-per-la-teu-nado#breadcrumb\",\"itemListElement\":[{\"@type\":\"ListItem\",\"position\":1,\"name\":\"Inici\",\"item\":\"https:\\\/\\\/somllavors.com\\\/es\"},{\"@type\":\"ListItem\",\"position\":2,\"name\":\"Tienda\",\"item\":\"https:\\\/\\\/somllavors.com\\\/es\\\/botiga-2\"},{\"@type\":\"ListItem\",\"position\":3,\"name\":\"60 activitats Montessori per la teu nad\u00f3\"}]},{\"@type\":\"WebSite\",\"@id\":\"https:\\\/\\\/somllavors.com\\\/es#website\",\"url\":\"https:\\\/\\\/somllavors.com\\\/es\",\"name\":\"Som Llavors\",\"description\":\"Botiga de crian\u00e7a natural\",\"publisher\":{\"@id\":\"https:\\\/\\\/somllavors.com\\\/es#organization\"},\"alternateName\":\"Crian\u00e7a Natural i Sostenible\",\"potentialAction\":[{\"@type\":\"SearchAction\",\"target\":{\"@type\":\"EntryPoint\",\"urlTemplate\":\"https:\\\/\\\/somllavors.com\\\/es?s={search_term_string}\"},\"query-input\":{\"@type\":\"PropertyValueSpecification\",\"valueRequired\":true,\"valueName\":\"search_term_string\"}}],\"inLanguage\":\"es\"},{\"@type\":[\"Organization\",\"Place\",\"Store\"],\"@id\":\"https:\\\/\\\/somllavors.com\\\/es#organization\",\"name\":\"Som Llavors\",\"alternateName\":\"Crian\u00e7a Natural i Sostenible\",\"url\":\"https:\\\/\\\/somllavors.com\\\/es\",\"logo\":{\"@id\":\"https:\\\/\\\/somllavors.com\\\/es\\\/producte\\\/60-activitats-montessori-per-la-teu-nado#local-main-organization-logo\"},\"image\":{\"@id\":\"https:\\\/\\\/somllavors.com\\\/es\\\/producte\\\/60-activitats-montessori-per-la-teu-nado#local-main-organization-logo\"},\"sameAs\":[\"https:\\\/\\\/www.facebook.com\\\/somllavorsvng\\\/?locale=ca_ES\",\"https:\\\/\\\/www.instagram.com\\\/somllavors_vng\\\/\",\"https:\\\/\\\/www.youtube.com\\\/@somllavors\"],\"address\":{\"@id\":\"https:\\\/\\\/somllavors.com\\\/es\\\/producte\\\/60-activitats-montessori-per-la-teu-nado#local-main-place-address\"},\"geo\":{\"@type\":\"GeoCoordinates\",\"latitude\":\"41.2257737\",\"longitude\":\"1.723258859\"},\"telephone\":[\"623152704\"],\"openingHoursSpecification\":[{\"@type\":\"OpeningHoursSpecification\",\"dayOfWeek\":[\"Monday\",\"Sunday\"],\"opens\":\"00:00\",\"closes\":\"00:00\"},{\"@type\":\"OpeningHoursSpecification\",\"dayOfWeek\":[\"Tuesday\",\"Wednesday\",\"Thursday\",\"Friday\"],\"opens\":\"10:00\",\"closes\":\"20:00\"},{\"@type\":\"OpeningHoursSpecification\",\"dayOfWeek\":[\"Saturday\"],\"opens\":\"10:00\",\"closes\":\"13:30\"}],\"email\":\"info@somllavors.com\"},{\"@type\":\"PostalAddress\",\"@id\":\"https:\\\/\\\/somllavors.com\\\/es\\\/producte\\\/60-activitats-montessori-per-la-teu-nado#local-main-place-address\",\"streetAddress\":\"Carrer de l'aigua, 6\",\"addressLocality\":\"Vilanova i la Geltr\u00fa\",\"postalCode\":\"08800\",\"addressRegion\":\"Barcelona\",\"addressCountry\":\"ES\"},{\"@type\":\"ImageObject\",\"inLanguage\":\"es\",\"@id\":\"https:\\\/\\\/somllavors.com\\\/es\\\/producte\\\/60-activitats-montessori-per-la-teu-nado#local-main-organization-logo\",\"url\":\"https:\\\/\\\/somllavors.com\\\/wp-content\\\/uploads\\\/Logotip-Som-Llavors.jpg\",\"contentUrl\":\"https:\\\/\\\/somllavors.com\\\/wp-content\\\/uploads\\\/Logotip-Som-Llavors.jpg\",\"width\":1444,\"height\":1323,\"caption\":\"Som Llavors\"}]}<\/script>\n<meta property=\"product:price:amount\" content=\"12.95\" \/>\n<meta property=\"product:price:currency\" content=\"EUR\" \/>\n<meta property=\"og:availability\" content=\"instock\" \/>\n<meta property=\"product:availability\" content=\"instock\" \/>\n<meta property=\"product:retailer_item_id\" content=\"9788491374770\" \/>\n<meta property=\"product:condition\" content=\"new\" \/>\n<meta name=\"geo.placename\" content=\"Vilanova i la Geltr\u00fa\" \/>\n<meta name=\"geo.position\" content=\"41.2257737;1.723258859\" \/>\n<meta name=\"geo.region\" content=\"Espa\u00f1a\" \/>\n<!-- \/ Yoast SEO Premium plugin. -->","yoast_head_json":{"title":"60 activitats Montessori per la teu nad\u00f3 &#8212; Som Llavors","description":"Un llibre pr\u00e0ctic per preparar l\u2019univers dels nadons, educar-los i ajudar-los a ser aut\u00f2noms.  Quan un nad\u00f3 arriba al m\u00f3n, l\u2019acollim, el protegim i el cuidem. Tamb\u00e9 podem alimentar les ganes de descobrir, fomentar la seva atenci\u00f3 i ajudar-lo a desenvolupar la seva concentraci\u00f3 en un ambient de calma i serenitat. Aquesta obra, dedicada a la pedagogia de Maria Montessori per als infants m\u00e9s petits, des del naixement fins als quinze mesos, us proposa idees i activitats per:   Preparar l\u2019univers dels nadons.  Crear i preparar el material sensorial adaptat a cada etapa de la seva evoluci\u00f3.  Acompanyar-lo en el desenvolupament de les seves compet\u00e8ncies.  Fomentar la seva autonomia.  Afavorir a casa un ambient ser\u00e8 i positiu.","robots":{"index":"index","follow":"follow","max-snippet":"max-snippet:-1","max-image-preview":"max-image-preview:large","max-video-preview":"max-video-preview:-1"},"canonical":"https:\/\/somllavors.com\/es\/producte\/60-activitats-montessori-per-la-teu-nado","og_locale":"es_ES","og_type":"article","og_title":"60 activitats Montessori per la teu nad\u00f3","og_description":"La teva botiga d\u2019ecocrian\u00e7a i espai d\u2019acompanyament a la maternitat","og_url":"https:\/\/somllavors.com\/es\/producte\/60-activitats-montessori-per-la-teu-nado","og_site_name":"Som Llavors","article_publisher":"https:\/\/www.facebook.com\/somllavorsvng\/?locale=ca_ES","article_modified_time":"2022-11-28T10:55:32+00:00","og_image":[{"width":552,"height":752,"url":"https:\/\/somllavors.com\/wp-content\/uploads\/Som-Llavors-60-ACTIVITATS-MONTESSORI-PER-AL-TEU-NADO-.jpeg","type":"image\/jpeg"}],"twitter_card":"summary_large_image","twitter_misc":{"Precio":"12,95&euro; Iva incl\u00f2s","Availability":"Hay existencias"},"schema":{"@context":"https:\/\/schema.org","@graph":[{"@type":"WebPage","@id":"https:\/\/somllavors.com\/es\/producte\/60-activitats-montessori-per-la-teu-nado","url":"https:\/\/somllavors.com\/es\/producte\/60-activitats-montessori-per-la-teu-nado","name":"60 activitats Montessori per la teu nad\u00f3 &#8212; Som Llavors","isPartOf":{"@id":"https:\/\/somllavors.com\/es#website"},"primaryImageOfPage":{"@id":"https:\/\/somllavors.com\/es\/producte\/60-activitats-montessori-per-la-teu-nado#primaryimage"},"image":{"@id":"https:\/\/somllavors.com\/es\/producte\/60-activitats-montessori-per-la-teu-nado#primaryimage"},"thumbnailUrl":"https:\/\/somllavors.com\/wp-content\/uploads\/Som-Llavors-60-ACTIVITATS-MONTESSORI-PER-AL-TEU-NADO-.jpeg","datePublished":"2022-11-28T10:30:46+00:00","dateModified":"2022-11-28T10:55:32+00:00","description":"Un llibre pr\u00e0ctic per preparar l\u2019univers dels nadons, educar-los i ajudar-los a ser aut\u00f2noms. Quan un nad\u00f3 arriba al m\u00f3n, l\u2019acollim, el protegim i el cuidem. Tamb\u00e9 podem alimentar les ganes de descobrir, fomentar la seva atenci\u00f3 i ajudar-lo a desenvolupar la seva concentraci\u00f3 en un ambient de calma i serenitat. Aquesta obra, dedicada a la pedagogia de Maria Montessori per als infants m\u00e9s petits, des del naixement fins als quinze mesos, us proposa idees i activitats per: Preparar l\u2019univers dels nadons. Crear i preparar el material sensorial adaptat a cada etapa de la seva evoluci\u00f3. Acompanyar-lo en el desenvolupament de les seves compet\u00e8ncies. Fomentar la seva autonomia. Afavorir a casa un ambient ser\u00e8 i positiu.","breadcrumb":{"@id":"https:\/\/somllavors.com\/es\/producte\/60-activitats-montessori-per-la-teu-nado#breadcrumb"},"inLanguage":"es","potentialAction":[{"@type":"ReadAction","target":["https:\/\/somllavors.com\/es\/producte\/60-activitats-montessori-per-la-teu-nado"]}]},{"@type":"ImageObject","inLanguage":"es","@id":"https:\/\/somllavors.com\/es\/producte\/60-activitats-montessori-per-la-teu-nado#primaryimage","url":"https:\/\/somllavors.com\/wp-content\/uploads\/Som-Llavors-60-ACTIVITATS-MONTESSORI-PER-AL-TEU-NADO-.jpeg","contentUrl":"https:\/\/somllavors.com\/wp-content\/uploads\/Som-Llavors-60-ACTIVITATS-MONTESSORI-PER-AL-TEU-NADO-.jpeg","width":552,"height":752,"caption":"Un llibre pr\u00e0ctic per preparar l\u2019univers dels nadons, educar-los i ajudar-los a ser aut\u00f2noms."},{"@type":"BreadcrumbList","@id":"https:\/\/somllavors.com\/es\/producte\/60-activitats-montessori-per-la-teu-nado#breadcrumb","itemListElement":[{"@type":"ListItem","position":1,"name":"Inici","item":"https:\/\/somllavors.com\/es"},{"@type":"ListItem","position":2,"name":"Tienda","item":"https:\/\/somllavors.com\/es\/botiga-2"},{"@type":"ListItem","position":3,"name":"60 activitats Montessori per la teu nad\u00f3"}]},{"@type":"WebSite","@id":"https:\/\/somllavors.com\/es#website","url":"https:\/\/somllavors.com\/es","name":"Som Llavors","description":"Botiga de crian\u00e7a natural","publisher":{"@id":"https:\/\/somllavors.com\/es#organization"},"alternateName":"Crian\u00e7a Natural i Sostenible","potentialAction":[{"@type":"SearchAction","target":{"@type":"EntryPoint","urlTemplate":"https:\/\/somllavors.com\/es?s={search_term_string}"},"query-input":{"@type":"PropertyValueSpecification","valueRequired":true,"valueName":"search_term_string"}}],"inLanguage":"es"},{"@type":["Organization","Place","Store"],"@id":"https:\/\/somllavors.com\/es#organization","name":"Som Llavors","alternateName":"Crian\u00e7a Natural i Sostenible","url":"https:\/\/somllavors.com\/es","logo":{"@id":"https:\/\/somllavors.com\/es\/producte\/60-activitats-montessori-per-la-teu-nado#local-main-organization-logo"},"image":{"@id":"https:\/\/somllavors.com\/es\/producte\/60-activitats-montessori-per-la-teu-nado#local-main-organization-logo"},"sameAs":["https:\/\/www.facebook.com\/somllavorsvng\/?locale=ca_ES","https:\/\/www.instagram.com\/somllavors_vng\/","https:\/\/www.youtube.com\/@somllavors"],"address":{"@id":"https:\/\/somllavors.com\/es\/producte\/60-activitats-montessori-per-la-teu-nado#local-main-place-address"},"geo":{"@type":"GeoCoordinates","latitude":"41.2257737","longitude":"1.723258859"},"telephone":["623152704","623152704"],"openingHoursSpecification":[{"@type":"OpeningHoursSpecification","dayOfWeek":["Monday","Sunday"],"opens":"00:00","closes":"00:00"},{"@type":"OpeningHoursSpecification","dayOfWeek":["Tuesday","Wednesday","Thursday","Friday"],"opens":"10:00","closes":"20:00"},{"@type":"OpeningHoursSpecification","dayOfWeek":["Saturday"],"opens":"10:00","closes":"13:30"}],"email":"info@somllavors.com"},{"@type":"PostalAddress","@id":"https:\/\/somllavors.com\/es\/producte\/60-activitats-montessori-per-la-teu-nado#local-main-place-address","streetAddress":"Carrer de l'aigua, 6","addressLocality":"Vilanova i la Geltr\u00fa","postalCode":"08800","addressRegion":"Barcelona","addressCountry":"ES"},{"@type":"ImageObject","inLanguage":"es","@id":"https:\/\/somllavors.com\/es\/producte\/60-activitats-montessori-per-la-teu-nado#local-main-organization-logo","url":"https:\/\/somllavors.com\/wp-content\/uploads\/Logotip-Som-Llavors.jpg","contentUrl":"https:\/\/somllavors.com\/wp-content\/uploads\/Logotip-Som-Llavors.jpg","width":1444,"height":1323,"caption":"Som Llavors"}]},"product_price_amount":"12.95","product_price_currency":"EUR","og_availability":"instock","product_availability":"instock","product_retailer_item_id":"9788491374770","product_condition":"new","geo.placename":"Vilanova i la Geltr\u00fa","geo.position":{"lat":"41.2257737","long":"1.723258859"},"geo.region":"Espa\u00f1a"},"brands":[],"_links":{"self":[{"href":"https:\/\/somllavors.com\/es\/wp-json\/wp\/v2\/product\/30778","targetHints":{"allow":["GET"]}}],"collection":[{"href":"https:\/\/somllavors.com\/es\/wp-json\/wp\/v2\/product"}],"about":[{"href":"https:\/\/somllavors.com\/es\/wp-json\/wp\/v2\/types\/product"}],"wp:featuredmedia":[{"embeddable":true,"href":"https:\/\/somllavors.com\/es\/wp-json\/wp\/v2\/media\/30786"}],"wp:attachment":[{"href":"https:\/\/somllavors.com\/es\/wp-json\/wp\/v2\/media?parent=30778"}],"wp:term":[{"taxonomy":"pwb-brand","embeddable":true,"href":"https:\/\/somllavors.com\/es\/wp-json\/wp\/v2\/pwb-brand?post=30778"},{"taxonomy":"product_brand","embeddable":true,"href":"https:\/\/somllavors.com\/es\/wp-json\/wp\/v2\/product_brand?post=30778"},{"taxonomy":"product_cat","embeddable":true,"href":"https:\/\/somllavors.com\/es\/wp-json\/wp\/v2\/product_cat?post=30778"},{"taxonomy":"product_tag","embeddable":true,"href":"https:\/\/somllavors.com\/es\/wp-json\/wp\/v2\/product_tag?post=30778"}],"curies":[{"name":"wp","href":"https:\/\/api.w.org\/{rel}","templated":true}]}}