{"id":31398,"date":"2022-12-16T15:18:17","date_gmt":"2022-12-16T14:18:17","guid":{"rendered":"https:\/\/somllavors.com\/?post_type=product&#038;p=31398"},"modified":"2026-02-23T21:15:13","modified_gmt":"2026-02-23T20:15:13","slug":"coberts-dacer-inoxidable-amb-caixa-de-fusta-nic-toys","status":"publish","type":"product","link":"https:\/\/somllavors.com\/es\/producte\/coberts-dacer-inoxidable-amb-caixa-de-fusta-nic-toys","title":{"rendered":"Coberts d&#8217;acer inoxidable amb caixa de fusta &#8211; Nic Toys"},"content":{"rendered":"<ul>\n<li>Aptes per a rentaplats.<\/li>\n<li>Fet per a les mans dels infants amb una longitud d&#8217;aproximadament 10 cm cadascun.<\/li>\n<li>Les 12 peces es lliuren en una caixa de fusta, que \u00e9s el lloc d&#8217;emmagatzematge perfecte.<\/li>\n<li>Dimensions: 13 x 10 x 2 cm (llarg x ample x alt).<\/li>\n<li><span style=\"font-size: 16px; -webkit-text-size-adjust: 100%;\">Nic Toys \u00e9s una marca de joguines situada a la petita ciutat de Laupgeim (Alemanya). <\/span><\/li>\n<li><span style=\"font-size: 16px; -webkit-text-size-adjust: 100%;\">Cadascuna de les seves joguines prov\u00e9 de fusta d&#8217;aur\u00f3 i faig sostenible, a m\u00e9s d&#8217;haver estat dissenyada amb colors ecol\u00f2gics i certificats perqu\u00e8 el producte respecti el medi ambient i nosaltres ens enamorem\u2026 encara m\u00e9s! Made in Alemanya.<\/span><\/li>\n<\/ul>\n<p>&nbsp;<\/p>\n<p>&nbsp;<\/p>\n","protected":false},"excerpt":{"rendered":"<p>El sopar est\u00e0 a taula! Ja sigui a la taula de nines o per menjar de veritat. Els coberts d&#8217;acer inoxidable d&#8217;alta qualitat s\u00f3n ideals per jugar-hi, per\u00f2 tamb\u00e9 per menjar.<\/p>\n","protected":false},"featured_media":31400,"template":"","meta":{"_acf_changed":false,"site-sidebar-layout":"default","site-content-layout":"default","ast-site-content-layout":"default","site-content-style":"default","site-sidebar-style":"default","ast-global-header-display":"","ast-banner-title-visibility":"","ast-main-header-display":"","ast-hfb-above-header-display":"","ast-hfb-below-header-display":"","ast-hfb-mobile-header-display":"","site-post-title":"","ast-breadcrumbs-content":"","ast-featured-img":"","footer-sml-layout":"","theme-transparent-header-meta":"default","adv-header-id-meta":"","stick-header-meta":"","header-above-stick-meta":"","header-main-stick-meta":"","header-below-stick-meta":"","astra-migrate-meta-layouts":"default","ast-page-background-enabled":"default","ast-page-background-meta":{"desktop":{"background-color":"","background-image":"","background-repeat":"repeat","background-position":"center center","background-size":"auto","background-attachment":"scroll","background-type":"","background-media":"","overlay-type":"","overlay-color":"","overlay-opacity":"","overlay-gradient":""},"tablet":{"background-color":"","background-image":"","background-repeat":"repeat","background-position":"center center","background-size":"auto","background-attachment":"scroll","background-type":"","background-media":"","overlay-type":"","overlay-color":"","overlay-opacity":"","overlay-gradient":""},"mobile":{"background-color":"","background-image":"","background-repeat":"repeat","background-position":"center center","background-size":"auto","background-attachment":"scroll","background-type":"","background-media":"","overlay-type":"","overlay-color":"","overlay-opacity":"","overlay-gradient":""}},"ast-content-background-meta":{"desktop":{"background-color":"var(--ast-global-color-5)","background-image":"","background-repeat":"repeat","background-position":"center center","background-size":"auto","background-attachment":"scroll","background-type":"","background-media":"","overlay-type":"","overlay-color":"","overlay-opacity":"","overlay-gradient":""},"tablet":{"background-color":"var(--ast-global-color-5)","background-image":"","background-repeat":"repeat","background-position":"center center","background-size":"auto","background-attachment":"scroll","background-type":"","background-media":"","overlay-type":"","overlay-color":"","overlay-opacity":"","overlay-gradient":""},"mobile":{"background-color":"var(--ast-global-color-5)","background-image":"","background-repeat":"repeat","background-position":"center center","background-size":"auto","background-attachment":"scroll","background-type":"","background-media":"","overlay-type":"","overlay-color":"","overlay-opacity":"","overlay-gradient":""}}},"pwb-brand":[4099],"product_brand":[],"product_cat":[3363,3364,3365,386,623],"product_tag":[1828,1387,1067],"class_list":{"0":"post-31398","1":"product","2":"type-product","3":"status-publish","4":"has-post-thumbnail","6":"pwb-brand-nic","7":"product_cat-3-anys","8":"product_cat-4-anys","9":"product_cat-6-anys","10":"product_cat-coberts-accessoris","11":"product_cat-joc-simbolic","12":"product_tag-acero-inoxidable","13":"product_tag-cubiertos","14":"product_tag-nic-toys","15":"desktop-align-left","16":"tablet-align-left","17":"mobile-align-left","19":"first","20":"instock","21":"taxable","22":"shipping-taxable","23":"purchasable","24":"product-type-simple"},"acf":[],"yoast_head":"<!-- This site is optimized with the Yoast SEO Premium plugin v18.3 (Yoast SEO v27.4) - https:\/\/yoast.com\/product\/yoast-seo-premium-wordpress\/ -->\n<title>Coberts d&#039;acer inoxidable amb caixa de fusta - Nic Toys &#8212; Som Llavors<\/title>\n<meta name=\"description\" content=\"El sopar est\u00e0 a taula! Ja sigui a la taula de nines o per menjar de veritat. Els coberts d&#039;acer inoxidable d&#039;alta qualitat s\u00f3n ideals per jugar-hi, per\u00f2 tamb\u00e9 per menjar.\" \/>\n<meta name=\"robots\" content=\"index, follow, max-snippet:-1, max-image-preview:large, max-video-preview:-1\" \/>\n<link rel=\"canonical\" href=\"https:\/\/somllavors.com\/es\/producte\/coberts-dacer-inoxidable-amb-caixa-de-fusta-nic-toys\" \/>\n<meta property=\"og:locale\" content=\"es_ES\" \/>\n<meta property=\"og:type\" content=\"article\" \/>\n<meta property=\"og:title\" content=\"Coberts d&#039;acer inoxidable amb caixa de fusta - Nic Toys\" \/>\n<meta property=\"og:description\" content=\"La teva botiga d\u2019ecocrian\u00e7a i espai d\u2019acompanyament a la maternitat\" \/>\n<meta property=\"og:url\" content=\"https:\/\/somllavors.com\/es\/producte\/coberts-dacer-inoxidable-amb-caixa-de-fusta-nic-toys\" \/>\n<meta property=\"og:site_name\" content=\"Som Llavors\" \/>\n<meta property=\"article:publisher\" content=\"https:\/\/www.facebook.com\/somllavorsvng\/?locale=ca_ES\" \/>\n<meta property=\"article:modified_time\" content=\"2026-02-23T20:15:13+00:00\" \/>\n<meta property=\"og:image\" content=\"https:\/\/somllavors.com\/wp-content\/uploads\/Som-Llavors-Cubiertos-acero-inoxidable-12-uds.-en-la-caja-de-madera-.jpeg\" \/>\n\t<meta property=\"og:image:width\" content=\"800\" \/>\n\t<meta property=\"og:image:height\" content=\"800\" \/>\n\t<meta property=\"og:image:type\" content=\"image\/jpeg\" \/>\n<meta name=\"twitter:card\" content=\"summary_large_image\" \/>\n<meta name=\"twitter:label1\" content=\"Precio\" \/>\n\t<meta name=\"twitter:data1\" content=\"29,90&euro; Iva incl\u00f2s\" \/>\n\t<meta name=\"twitter:label2\" content=\"Availability\" \/>\n\t<meta name=\"twitter:data2\" content=\"Hay existencias\" \/>\n<script type=\"application\/ld+json\" class=\"yoast-schema-graph\">{\"@context\":\"https:\\\/\\\/schema.org\",\"@graph\":[{\"@type\":\"WebPage\",\"@id\":\"https:\\\/\\\/somllavors.com\\\/es\\\/producte\\\/coberts-dacer-inoxidable-amb-caixa-de-fusta-nic-toys\",\"url\":\"https:\\\/\\\/somllavors.com\\\/es\\\/producte\\\/coberts-dacer-inoxidable-amb-caixa-de-fusta-nic-toys\",\"name\":\"Coberts d'acer inoxidable amb caixa de fusta - Nic Toys &#8212; Som Llavors\",\"isPartOf\":{\"@id\":\"https:\\\/\\\/somllavors.com\\\/es#website\"},\"primaryImageOfPage\":{\"@id\":\"https:\\\/\\\/somllavors.com\\\/es\\\/producte\\\/coberts-dacer-inoxidable-amb-caixa-de-fusta-nic-toys#primaryimage\"},\"image\":{\"@id\":\"https:\\\/\\\/somllavors.com\\\/es\\\/producte\\\/coberts-dacer-inoxidable-amb-caixa-de-fusta-nic-toys#primaryimage\"},\"thumbnailUrl\":\"https:\\\/\\\/somllavors.com\\\/wp-content\\\/uploads\\\/Som-Llavors-Cubiertos-acero-inoxidable-12-uds.-en-la-caja-de-madera-.jpeg\",\"datePublished\":\"2022-12-16T14:18:17+00:00\",\"dateModified\":\"2026-02-23T20:15:13+00:00\",\"description\":\"El sopar est\u00e0 a taula! Ja sigui a la taula de nines o per menjar de veritat. Els coberts d'acer inoxidable d'alta qualitat s\u00f3n ideals per jugar-hi, per\u00f2 tamb\u00e9 per menjar.\",\"breadcrumb\":{\"@id\":\"https:\\\/\\\/somllavors.com\\\/es\\\/producte\\\/coberts-dacer-inoxidable-amb-caixa-de-fusta-nic-toys#breadcrumb\"},\"inLanguage\":\"es\",\"potentialAction\":[{\"@type\":\"ReadAction\",\"target\":[\"https:\\\/\\\/somllavors.com\\\/es\\\/producte\\\/coberts-dacer-inoxidable-amb-caixa-de-fusta-nic-toys\"]}]},{\"@type\":\"ImageObject\",\"inLanguage\":\"es\",\"@id\":\"https:\\\/\\\/somllavors.com\\\/es\\\/producte\\\/coberts-dacer-inoxidable-amb-caixa-de-fusta-nic-toys#primaryimage\",\"url\":\"https:\\\/\\\/somllavors.com\\\/wp-content\\\/uploads\\\/Som-Llavors-Cubiertos-acero-inoxidable-12-uds.-en-la-caja-de-madera-.jpeg\",\"contentUrl\":\"https:\\\/\\\/somllavors.com\\\/wp-content\\\/uploads\\\/Som-Llavors-Cubiertos-acero-inoxidable-12-uds.-en-la-caja-de-madera-.jpeg\",\"width\":800,\"height\":800,\"caption\":\"cubiertos de acero inoxidable\"},{\"@type\":\"BreadcrumbList\",\"@id\":\"https:\\\/\\\/somllavors.com\\\/es\\\/producte\\\/coberts-dacer-inoxidable-amb-caixa-de-fusta-nic-toys#breadcrumb\",\"itemListElement\":[{\"@type\":\"ListItem\",\"position\":1,\"name\":\"Inici\",\"item\":\"https:\\\/\\\/somllavors.com\\\/es\"},{\"@type\":\"ListItem\",\"position\":2,\"name\":\"Tienda\",\"item\":\"https:\\\/\\\/somllavors.com\\\/es\\\/botiga-2\"},{\"@type\":\"ListItem\",\"position\":3,\"name\":\"Coberts d&#8217;acer inoxidable amb caixa de fusta &#8211; Nic Toys\"}]},{\"@type\":\"WebSite\",\"@id\":\"https:\\\/\\\/somllavors.com\\\/es#website\",\"url\":\"https:\\\/\\\/somllavors.com\\\/es\",\"name\":\"Som Llavors\",\"description\":\"Botiga de crian\u00e7a natural\",\"publisher\":{\"@id\":\"https:\\\/\\\/somllavors.com\\\/es#organization\"},\"alternateName\":\"Crian\u00e7a Natural i Sostenible\",\"potentialAction\":[{\"@type\":\"SearchAction\",\"target\":{\"@type\":\"EntryPoint\",\"urlTemplate\":\"https:\\\/\\\/somllavors.com\\\/es?s={search_term_string}\"},\"query-input\":{\"@type\":\"PropertyValueSpecification\",\"valueRequired\":true,\"valueName\":\"search_term_string\"}}],\"inLanguage\":\"es\"},{\"@type\":[\"Organization\",\"Place\",\"Store\"],\"@id\":\"https:\\\/\\\/somllavors.com\\\/es#organization\",\"name\":\"Som Llavors\",\"alternateName\":\"Crian\u00e7a Natural i Sostenible\",\"url\":\"https:\\\/\\\/somllavors.com\\\/es\",\"logo\":{\"@id\":\"https:\\\/\\\/somllavors.com\\\/es\\\/producte\\\/coberts-dacer-inoxidable-amb-caixa-de-fusta-nic-toys#local-main-organization-logo\"},\"image\":{\"@id\":\"https:\\\/\\\/somllavors.com\\\/es\\\/producte\\\/coberts-dacer-inoxidable-amb-caixa-de-fusta-nic-toys#local-main-organization-logo\"},\"sameAs\":[\"https:\\\/\\\/www.facebook.com\\\/somllavorsvng\\\/?locale=ca_ES\",\"https:\\\/\\\/www.instagram.com\\\/somllavors_vng\\\/\",\"https:\\\/\\\/www.youtube.com\\\/@somllavors\"],\"address\":{\"@id\":\"https:\\\/\\\/somllavors.com\\\/es\\\/producte\\\/coberts-dacer-inoxidable-amb-caixa-de-fusta-nic-toys#local-main-place-address\"},\"geo\":{\"@type\":\"GeoCoordinates\",\"latitude\":\"41.2257737\",\"longitude\":\"1.723258859\"},\"telephone\":[\"623152704\"],\"openingHoursSpecification\":[{\"@type\":\"OpeningHoursSpecification\",\"dayOfWeek\":[\"Monday\",\"Sunday\"],\"opens\":\"00:00\",\"closes\":\"00:00\"},{\"@type\":\"OpeningHoursSpecification\",\"dayOfWeek\":[\"Tuesday\",\"Wednesday\",\"Thursday\",\"Friday\"],\"opens\":\"10:00\",\"closes\":\"20:00\"},{\"@type\":\"OpeningHoursSpecification\",\"dayOfWeek\":[\"Saturday\"],\"opens\":\"10:00\",\"closes\":\"13:30\"}],\"email\":\"info@somllavors.com\"},{\"@type\":\"PostalAddress\",\"@id\":\"https:\\\/\\\/somllavors.com\\\/es\\\/producte\\\/coberts-dacer-inoxidable-amb-caixa-de-fusta-nic-toys#local-main-place-address\",\"streetAddress\":\"Carrer de l'aigua, 6\",\"addressLocality\":\"Vilanova i la Geltr\u00fa\",\"postalCode\":\"08800\",\"addressRegion\":\"Barcelona\",\"addressCountry\":\"ES\"},{\"@type\":\"ImageObject\",\"inLanguage\":\"es\",\"@id\":\"https:\\\/\\\/somllavors.com\\\/es\\\/producte\\\/coberts-dacer-inoxidable-amb-caixa-de-fusta-nic-toys#local-main-organization-logo\",\"url\":\"https:\\\/\\\/somllavors.com\\\/wp-content\\\/uploads\\\/Logotip-Som-Llavors.jpg\",\"contentUrl\":\"https:\\\/\\\/somllavors.com\\\/wp-content\\\/uploads\\\/Logotip-Som-Llavors.jpg\",\"width\":1444,\"height\":1323,\"caption\":\"Som Llavors\"}]}<\/script>\n<meta property=\"product:price:amount\" content=\"29.90\" \/>\n<meta property=\"product:price:currency\" content=\"EUR\" \/>\n<meta property=\"og:availability\" content=\"instock\" \/>\n<meta property=\"product:availability\" content=\"instock\" \/>\n<meta property=\"product:retailer_item_id\" content=\"522042\" \/>\n<meta property=\"product:condition\" content=\"new\" \/>\n<meta name=\"geo.placename\" content=\"Vilanova i la Geltr\u00fa\" \/>\n<meta name=\"geo.position\" content=\"41.2257737;1.723258859\" \/>\n<meta name=\"geo.region\" content=\"Espa\u00f1a\" \/>\n<!-- \/ Yoast SEO Premium plugin. -->","yoast_head_json":{"title":"Coberts d'acer inoxidable amb caixa de fusta - Nic Toys &#8212; Som Llavors","description":"El sopar est\u00e0 a taula! Ja sigui a la taula de nines o per menjar de veritat. Els coberts d'acer inoxidable d'alta qualitat s\u00f3n ideals per jugar-hi, per\u00f2 tamb\u00e9 per menjar.","robots":{"index":"index","follow":"follow","max-snippet":"max-snippet:-1","max-image-preview":"max-image-preview:large","max-video-preview":"max-video-preview:-1"},"canonical":"https:\/\/somllavors.com\/es\/producte\/coberts-dacer-inoxidable-amb-caixa-de-fusta-nic-toys","og_locale":"es_ES","og_type":"article","og_title":"Coberts d'acer inoxidable amb caixa de fusta - Nic Toys","og_description":"La teva botiga d\u2019ecocrian\u00e7a i espai d\u2019acompanyament a la maternitat","og_url":"https:\/\/somllavors.com\/es\/producte\/coberts-dacer-inoxidable-amb-caixa-de-fusta-nic-toys","og_site_name":"Som Llavors","article_publisher":"https:\/\/www.facebook.com\/somllavorsvng\/?locale=ca_ES","article_modified_time":"2026-02-23T20:15:13+00:00","og_image":[{"width":800,"height":800,"url":"https:\/\/somllavors.com\/wp-content\/uploads\/Som-Llavors-Cubiertos-acero-inoxidable-12-uds.-en-la-caja-de-madera-.jpeg","type":"image\/jpeg"}],"twitter_card":"summary_large_image","twitter_misc":{"Precio":"29,90&euro; Iva incl\u00f2s","Availability":"Hay existencias"},"schema":{"@context":"https:\/\/schema.org","@graph":[{"@type":"WebPage","@id":"https:\/\/somllavors.com\/es\/producte\/coberts-dacer-inoxidable-amb-caixa-de-fusta-nic-toys","url":"https:\/\/somllavors.com\/es\/producte\/coberts-dacer-inoxidable-amb-caixa-de-fusta-nic-toys","name":"Coberts d'acer inoxidable amb caixa de fusta - Nic Toys &#8212; Som Llavors","isPartOf":{"@id":"https:\/\/somllavors.com\/es#website"},"primaryImageOfPage":{"@id":"https:\/\/somllavors.com\/es\/producte\/coberts-dacer-inoxidable-amb-caixa-de-fusta-nic-toys#primaryimage"},"image":{"@id":"https:\/\/somllavors.com\/es\/producte\/coberts-dacer-inoxidable-amb-caixa-de-fusta-nic-toys#primaryimage"},"thumbnailUrl":"https:\/\/somllavors.com\/wp-content\/uploads\/Som-Llavors-Cubiertos-acero-inoxidable-12-uds.-en-la-caja-de-madera-.jpeg","datePublished":"2022-12-16T14:18:17+00:00","dateModified":"2026-02-23T20:15:13+00:00","description":"El sopar est\u00e0 a taula! Ja sigui a la taula de nines o per menjar de veritat. Els coberts d'acer inoxidable d'alta qualitat s\u00f3n ideals per jugar-hi, per\u00f2 tamb\u00e9 per menjar.","breadcrumb":{"@id":"https:\/\/somllavors.com\/es\/producte\/coberts-dacer-inoxidable-amb-caixa-de-fusta-nic-toys#breadcrumb"},"inLanguage":"es","potentialAction":[{"@type":"ReadAction","target":["https:\/\/somllavors.com\/es\/producte\/coberts-dacer-inoxidable-amb-caixa-de-fusta-nic-toys"]}]},{"@type":"ImageObject","inLanguage":"es","@id":"https:\/\/somllavors.com\/es\/producte\/coberts-dacer-inoxidable-amb-caixa-de-fusta-nic-toys#primaryimage","url":"https:\/\/somllavors.com\/wp-content\/uploads\/Som-Llavors-Cubiertos-acero-inoxidable-12-uds.-en-la-caja-de-madera-.jpeg","contentUrl":"https:\/\/somllavors.com\/wp-content\/uploads\/Som-Llavors-Cubiertos-acero-inoxidable-12-uds.-en-la-caja-de-madera-.jpeg","width":800,"height":800,"caption":"cubiertos de acero inoxidable"},{"@type":"BreadcrumbList","@id":"https:\/\/somllavors.com\/es\/producte\/coberts-dacer-inoxidable-amb-caixa-de-fusta-nic-toys#breadcrumb","itemListElement":[{"@type":"ListItem","position":1,"name":"Inici","item":"https:\/\/somllavors.com\/es"},{"@type":"ListItem","position":2,"name":"Tienda","item":"https:\/\/somllavors.com\/es\/botiga-2"},{"@type":"ListItem","position":3,"name":"Coberts d&#8217;acer inoxidable amb caixa de fusta &#8211; Nic Toys"}]},{"@type":"WebSite","@id":"https:\/\/somllavors.com\/es#website","url":"https:\/\/somllavors.com\/es","name":"Som Llavors","description":"Botiga de crian\u00e7a natural","publisher":{"@id":"https:\/\/somllavors.com\/es#organization"},"alternateName":"Crian\u00e7a Natural i Sostenible","potentialAction":[{"@type":"SearchAction","target":{"@type":"EntryPoint","urlTemplate":"https:\/\/somllavors.com\/es?s={search_term_string}"},"query-input":{"@type":"PropertyValueSpecification","valueRequired":true,"valueName":"search_term_string"}}],"inLanguage":"es"},{"@type":["Organization","Place","Store"],"@id":"https:\/\/somllavors.com\/es#organization","name":"Som Llavors","alternateName":"Crian\u00e7a Natural i Sostenible","url":"https:\/\/somllavors.com\/es","logo":{"@id":"https:\/\/somllavors.com\/es\/producte\/coberts-dacer-inoxidable-amb-caixa-de-fusta-nic-toys#local-main-organization-logo"},"image":{"@id":"https:\/\/somllavors.com\/es\/producte\/coberts-dacer-inoxidable-amb-caixa-de-fusta-nic-toys#local-main-organization-logo"},"sameAs":["https:\/\/www.facebook.com\/somllavorsvng\/?locale=ca_ES","https:\/\/www.instagram.com\/somllavors_vng\/","https:\/\/www.youtube.com\/@somllavors"],"address":{"@id":"https:\/\/somllavors.com\/es\/producte\/coberts-dacer-inoxidable-amb-caixa-de-fusta-nic-toys#local-main-place-address"},"geo":{"@type":"GeoCoordinates","latitude":"41.2257737","longitude":"1.723258859"},"telephone":["623152704","623152704"],"openingHoursSpecification":[{"@type":"OpeningHoursSpecification","dayOfWeek":["Monday","Sunday"],"opens":"00:00","closes":"00:00"},{"@type":"OpeningHoursSpecification","dayOfWeek":["Tuesday","Wednesday","Thursday","Friday"],"opens":"10:00","closes":"20:00"},{"@type":"OpeningHoursSpecification","dayOfWeek":["Saturday"],"opens":"10:00","closes":"13:30"}],"email":"info@somllavors.com"},{"@type":"PostalAddress","@id":"https:\/\/somllavors.com\/es\/producte\/coberts-dacer-inoxidable-amb-caixa-de-fusta-nic-toys#local-main-place-address","streetAddress":"Carrer de l'aigua, 6","addressLocality":"Vilanova i la Geltr\u00fa","postalCode":"08800","addressRegion":"Barcelona","addressCountry":"ES"},{"@type":"ImageObject","inLanguage":"es","@id":"https:\/\/somllavors.com\/es\/producte\/coberts-dacer-inoxidable-amb-caixa-de-fusta-nic-toys#local-main-organization-logo","url":"https:\/\/somllavors.com\/wp-content\/uploads\/Logotip-Som-Llavors.jpg","contentUrl":"https:\/\/somllavors.com\/wp-content\/uploads\/Logotip-Som-Llavors.jpg","width":1444,"height":1323,"caption":"Som Llavors"}]},"product_price_amount":"29.90","product_price_currency":"EUR","og_availability":"instock","product_availability":"instock","product_retailer_item_id":"522042","product_condition":"new","geo.placename":"Vilanova i la Geltr\u00fa","geo.position":{"lat":"41.2257737","long":"1.723258859"},"geo.region":"Espa\u00f1a"},"brands":[{"id":4099,"name":"Nic","slug":"nic"}],"_links":{"self":[{"href":"https:\/\/somllavors.com\/es\/wp-json\/wp\/v2\/product\/31398","targetHints":{"allow":["GET"]}}],"collection":[{"href":"https:\/\/somllavors.com\/es\/wp-json\/wp\/v2\/product"}],"about":[{"href":"https:\/\/somllavors.com\/es\/wp-json\/wp\/v2\/types\/product"}],"wp:featuredmedia":[{"embeddable":true,"href":"https:\/\/somllavors.com\/es\/wp-json\/wp\/v2\/media\/31400"}],"wp:attachment":[{"href":"https:\/\/somllavors.com\/es\/wp-json\/wp\/v2\/media?parent=31398"}],"wp:term":[{"taxonomy":"pwb-brand","embeddable":true,"href":"https:\/\/somllavors.com\/es\/wp-json\/wp\/v2\/pwb-brand?post=31398"},{"taxonomy":"product_brand","embeddable":true,"href":"https:\/\/somllavors.com\/es\/wp-json\/wp\/v2\/product_brand?post=31398"},{"taxonomy":"product_cat","embeddable":true,"href":"https:\/\/somllavors.com\/es\/wp-json\/wp\/v2\/product_cat?post=31398"},{"taxonomy":"product_tag","embeddable":true,"href":"https:\/\/somllavors.com\/es\/wp-json\/wp\/v2\/product_tag?post=31398"}],"curies":[{"name":"wp","href":"https:\/\/api.w.org\/{rel}","templated":true}]}}